{"id":1742,"date":"2024-11-05T18:39:15","date_gmt":"2024-11-05T18:39:15","guid":{"rendered":"https:\/\/caliweedeurope.com\/?post_type=product&#038;p=1742"},"modified":"2024-11-05T18:39:18","modified_gmt":"2024-11-05T18:39:18","slug":"buy-cali-bud-gobstoppers-strain-online","status":"publish","type":"product","link":"https:\/\/caliweedeurope.com\/pl\/product\/buy-cali-bud-gobstoppers-strain-online\/","title":{"rendered":"Buy Cali Bud Gobstoppers strain Online"},"content":{"rendered":"<h1 style=\"text-align: center\"><strong>\u00a0<\/strong><strong>GOBSTOPPERS <\/strong><strong>CALI BUD OR NO BUD\u00a0|<\/strong><strong>\u00a0CALI BUD OR NO BUD\u00a0<\/strong><strong>GOBSTOPPERS <\/strong><strong>|<\/strong><strong>\u00a0CALI PLUG CALI BUD OR NO BUD<\/strong><\/h1>\n<p><strong>Cali bud albo brak bud Gobstoppers<\/strong><\/p>\n<p>Ta odmiana to oryginalny produkt Cali z konopi uprawianych wewn\u0119trznie, dost\u0119pny dla kwalifikowanych u\u017cytkownik\u00f3w medycznych i rekreacyjnych. Cali Hardball Cookies to jedne z najbardziej po\u017c\u0105danych kwiat\u00f3w konopi z najwy\u017cszej p\u00f3\u0142ki w USA. Cali Gobstoppers to odmiana Indica. Je\u015bli szukasz bardzo owocowego smaku cukierk\u00f3w, to jest to odpowiedni wyb\u00f3r. To idealna mieszanka Candy Diesel i bardzo mocnej odmiany Vortex.<\/p>\n<p><b>Gobbstopper<\/b>\u00a0to odmiana Indica o smaku jag\u00f3d i drugi wpis w serii Wonka firmy Alphakronik Genes. Powsta\u0142a przez skrzy\u017cowanie\u00a0<a href=\"https:\/\/www.leafly.com\/strains\/purple-urkle\" target=\"_blank\" rel=\"noopener\">Purple Urkle<\/a>\u00a0i\u00a0<a href=\"https:\/\/www.leafly.com\/strains\/sin-city-kush\" target=\"_blank\" rel=\"noopener\">Sin City Kush<\/a>, D\u0142ugotrwa\u0142y, owocowy smak Gobbstopper otwiera si\u0119 w nosie s\u0142odkimi, kwaskowymi owocami i pikantn\u0105 ziemisto\u015bci\u0105. Aromat tej odmiany waha si\u0119 od Pez winogronowych z nutami tapioki po maliny Mt. Hood i drzewo sanda\u0142owe. Struktura p\u0105k\u00f3w odzwierciedla jej genetyk\u0119 Kush, oferuj\u0105c g\u0142\u0119bokie kolory i zdrow\u0105 pokryw\u0119 trichom\u00f3w. Cali Bud czy brak Bud Gobstoppers.<\/p>\n<h2 style=\"text-align: center\"><strong>\u00a0BUY\u00a0<\/strong><strong>GOBSTOPPERS\u00a0<\/strong><strong>CALI BUD OR NO BUD\u00a0 ONLINE | BUY CALI BUD OR NO BUD\u00a0<\/strong><strong>GOBSTOPPERS\u00a0<\/strong><strong>ONLINE | BUY CALI BUD OR NO BUD ONLINE<\/strong><\/h2>\n<p><strong style=\"color: #555555;font-size: 14.4px\">Medyczne zastosowania szczepu Cali Bud Gobstoppers<\/strong><\/p>\n<p>Ten Cali plug bud jest bardzo polecany dla pacjent\u00f3w cierpi\u0105cych na powa\u017cne przewlek\u0142e b\u00f3le, problemy stawowe i og\u00f3lne os\u0142abienie. Z zawarto\u015bci\u0105 THC oko\u0142o 29%. Cali bud lub brak bud Gobstoppers.<\/p>\n<div class=\"variety-percentage-wrap\">\n<h4 class=\"variety\"><a href=\"https:\/\/www.allbud.com\/marijuana-strains\/variety\/hybrid\" target=\"_blank\" rel=\"noopener\">\u00a0Hybryda\u00a0<\/a><span class=\"hidden-xs\">\u2013\u00a0<\/span><span class=\"strain-percentages\">50% Sativa \/50% Indica<\/span><\/h4>\n<h4 class=\"percentage\"><span class=\"heading\">THC:\u00a0<\/span>14% \u2013 16%,\u00a0<span class=\"heading\">CBD:\u00a0<\/span><em>1<\/em>%<\/h4>\n<\/p><\/div>\n<p>Gobbstopper to r\u00f3wnowa\u017cona odmiana hybrydowa, stworzona poprzez skrzy\u017cowanie pysznego Candy Diesel z pot\u0119\u017cnym Vortexem. Szukasz pysznego smaku cukierka? No c\u00f3\u017c, znalaz\u0142e\u015b go! Gobbstopper to wszystko, o czym marzy\u0142e\u015b i wi\u0119cej, \u0142\u0105cz\u0105c s\u0142odkie jagody i kwa\u015bne cytrusy, tworz\u0105c owocowy smak cukierka, kt\u00f3ry zata\u0144czy na twoim j\u0119zyku.<\/p>\n<p>Gobbstopper mo\u017ce mie\u0107 r\u00f3wnie\u017c kilka korzy\u015bci dla pacjent\u00f3w stosuj\u0105cych medyczn\u0105 marihuan\u0119. Jego spokojna natura mo\u017ce tymczasowo z\u0142agodzi\u0107 objawy stresu i depresji. Z fizjologicznego punktu widzenia mo\u017ce r\u00f3wnie\u017c z\u0142agodzi\u0107 g\u0142\u0119boko zakorzenione b\u00f3le i dolegliwo\u015bci, zar\u00f3wno tymczasowe, jak i przewlek\u0142e. Dzia\u0142anie przeciwzapalne mo\u017ce zaj\u0105\u0107 si\u0119 mniejszymi dolegliwo\u015bciami, takimi jak b\u00f3le g\u0142owy czy nudno\u015bci.<\/p>\n<h3 style=\"text-align: center\"><strong>GOBSTOPPERS\u00a0<\/strong><strong>CALI BUD OR NO BUD FOR SALE | CALI BUD OR NO BUD\u00a0\u00a0<\/strong><strong>GOBSTOPPERS\u00a0<\/strong><strong>FOR SALE | CALI BUD OR NO BUD\u00a0 FOR SALE<\/strong><\/h3>\n<p><strong>Uprawa odmiany Cali Gabstoppers<\/strong><br \/> Cali Gobstoppers rosn\u0105 do\u015b\u0107 nisko i dobrze radz\u0105 sobie wewn\u0105trz, na zewn\u0105trz oraz w szk\u00f3\u0142kach. Sk\u0142adniki od\u017cywcze nale\u017cy dostarcza\u0107 co najmniej raz w miesi\u0105cu, a najlepiej co 5 tygodni, aby zako\u0144czy\u0107 wegetacj\u0119. Ta odmiana kwitnie dos\u0142ownie przez 9 tygodni i daje 2 gramy na wat w warunkach wewn\u0119trznych. Na zewn\u0105trz hodowcy mog\u0105 zebra\u0107 nawet 2 funty na ro\u015blin\u0119. Gabstoppers odmiana<\/p>\n<p>Atrakcyjno\u015b\u0107 wizualna kwiat\u00f3w Gobstopper jest widoczna od razu. Wyr\u00f3\u017cniaj\u0105 si\u0119 nieregularnym kszta\u0142tem i du\u017cymi, masywnymi p\u0105kami, kt\u00f3re przylegaj\u0105 do g\u0119stej struktury typowej dla indyk\u00f3w. Gabstoppers odmiana<\/p>\n<h3 style=\"text-align: center\"><strong>CALI BUD OR NO BUD \u00a0<\/strong><strong>GOBSTOPPERS\u00a0<\/strong><strong>\u00a0NEAR ME |\u00a0<\/strong><strong>GOBSTOPPERS\u00a0<\/strong><strong>CALI BUD OR NO BUD\u00a0\u00a0 NEAR ME | CALI BUD OR NO BUD \u00a0NEAR ME<\/strong><\/h3>\n<p><strong>Ostrze\u017cenie: Odmiana Cali Gabstoppers<\/strong><br \/> Te najwy\u017cszej jako\u015bci p\u0105ki Cali zawieraj\u0105 konopie. Substancj\u0119 t\u0119 nale\u017cy trzyma\u0107 z dala od dzieci i zwierz\u0105t.<\/p>\n<p>Haj po Gobstopperze pojawia si\u0119 szybko, wywo\u0142uj\u0105c uczucie nacisku wok\u00f3\u0142 oczu i czo\u0142a. Nast\u0119pne efekty mo\u017cna opisa\u0107 jako rozszerzaj\u0105ce umys\u0142 \u2013 palacze mog\u0105 czu\u0107 si\u0119 bardziej kreatywni lub bardziej otwarci na sugestie innych lub bod\u017ace zewn\u0119trzne. Niekt\u00f3rzy mog\u0105 r\u00f3wnie\u017c zauwa\u017cy\u0107 zmienion\u0105 percepcj\u0119, a zniekszta\u0142cenia wizualne i s\u0142uchowe s\u0105 cz\u0119sto zg\u0142aszane. Jednak zamiast dezorientacji, haj po Gobstopperze zbli\u017ca si\u0119 do euforii; sami Extreme Boutique Genetics por\u00f3wnali jego podnosz\u0105ce na duchu efekty do rado\u015bci, jak\u0105 dziecko odczuwa w Bo\u017ce Narodzenie rano.<\/p>\n<p>Podobnie jak jego wielowarstwowy profil smakowy, Gobstopper oferuje r\u00f3wnie\u017c wieloaspektowe dzia\u0142anie. Chocia\u017c jest ma\u0142o prawdopodobne, \u017ce spowoduje efekt \"couchlock\", mentalna mg\u0142a pojawiaj\u0105ca si\u0119 w ko\u0144cowej fazie dzia\u0142ania Gobstoppera prawdopodobnie uniemo\u017cliwi wi\u0119kszo\u015bci palaczy wykonywanie skomplikowanych zada\u0144.<\/p>\n<h5 style=\"text-align: center\"><strong>GOBSTOPPERS\u00a0<\/strong><strong>\u00a0STRAIN | \u00a0<\/strong><strong>GOBSTOPPERS\u00a0<\/strong><strong>WEED STRAIN | CALI\u00a0<\/strong><strong>GOBSTOPPERS\u00a0<\/strong><strong>| CALI\u00a0<\/strong><strong>GOBSTOPPERS\u00a0<\/strong><strong>\u00a0STRAIN<\/strong><\/h5>\n<p><strong>Efekty odmiany Cali Gabstoppers<\/strong><br \/> Podsumowuj\u0105c, palenie mo\u017ce wywo\u0142a\u0107 eufori\u0119, kreatywno\u015b\u0107, uczucie ciep\u0142a i spokoju, dr\u0119twienie, wzrost apetytu i ulg\u0119 w b\u00f3lu. Efekt tych p\u0105k\u00f3w mo\u017ce utrzymywa\u0107 si\u0119 u pacjent\u00f3w nawet do 4 godzin. Nale\u017cy zachowa\u0107 ostro\u017cno\u015b\u0107 przy stosowaniu tego produktu w czasie ci\u0105\u017cy.<\/p>\n<p>Porozmawiaj z agentem Cali Plug przed u\u017cyciem produktu. Zachowaj szczeg\u00f3ln\u0105 ostro\u017cno\u015b\u0107 podczas prowadzenia pojazdu lub obs\u0142ugi maszyn. Odmiana Gabstoppers.<\/p>\n<p>Kup odmian\u0119 Cali Reptar online od najbardziej zaufanej kalifornijskiej apteki konopnej. Cali Plug to Tw\u00f3j legalny dostawca najlepszych paczek Cali Plug, znanych r\u00f3wnie\u017c jako Cali Bags.<\/p>\n<p>Aromat Gobstoppera r\u00f3wnie\u017c ma skomplikowan\u0105 struktur\u0119. G\u0142\u00f3wne aromaty tych kwiat\u00f3w to cytrusy, szczeg\u00f3lnie grejpfrut. Przy bli\u017cszym przyjrzeniu si\u0119 mo\u017cna wyczu\u0107 nuty jagodowe oraz bardzo s\u0142odk\u0105 wat\u0119 cukrow\u0105. Pomimo swojego s\u0142odkiego charakteru, podczas palenia ten kwiat mo\u017ce wydziela\u0107 ostry, piek\u0105cy dym. Dym smakuje jak diesel przy wydychaniu, z utrzymuj\u0105cym si\u0119 cytrusowym, kwa\u015bnym akcentem. Warto zauwa\u017cy\u0107, \u017ce mimo swojej fioletowej barwy, winogrono to smak, kt\u00f3rego Gobstopper nie ma; wynika to z faktu, \u017ce pigmenty powoduj\u0105ce jego okazjonalne fioletowe odcienie nie maj\u0105 odpowiedniego wp\u0142ywu na smak tej odmiany.<\/p>\n<div data-testid=\"product-description\">\n<div class=\"truncate-lines__Wrapper-sc-1lknwty-0 YxHAC\">\n<div data-testid=\"truncated-description\">\n<div>\n<div class=\"text__Text-sc-fif1uk-0 kdmKRD\">\n<div class=\"src__Box-sc-1sbtrzs-0 src__Flex-sc-1sbtrzs-1 kWPFqZ hzdsvF\">\n<div>PRZYK\u0141ADOWE KATEGORIE PRODUKT\u00d3W<\/div>\n<\/p><\/div>\n<\/p><\/div>\n<\/p><\/div>\n<\/p><\/div>\n<\/p><\/div>\n<\/p><\/div>\n<div class=\"text__Text-sc-fif1uk-0 htoJfX\"><a href=\"https:\/\/jeetersofficial.com\/product-category\/buy-cali-buds\/\" target=\"_blank\" rel=\"noopener\">CALI BUDS<\/a><\/div>\n<div data-testid=\"product-description\">\n<div class=\"truncate-lines__Wrapper-sc-1lknwty-0 YxHAC\">\n<div data-testid=\"truncated-description\">\n<div class=\"text__Text-sc-fif1uk-0 kdmKRD\"><a href=\"https:\/\/jeetersofficial.com\/product-category\/backpack-boyz\/\" target=\"_blank\" rel=\"noopener\">Backpack\u00a0 Boyz<\/a><\/div>\n<div><a href=\"https:\/\/jeetersofficial.com\/product-category\/snow-balls-weed\/\" target=\"_blank\" rel=\"noopener\">SNOWBALLS WEED<\/a><\/div>\n<div><a href=\"https:\/\/jeetersofficial.com\/product-category\/persy-snowcaps\/\" target=\"_blank\" rel=\"noopener\">Persy Snowcaps<\/a><\/div>\n<div><a href=\"https:\/\/jeetersofficial.com\/product-category\/drip-snowcaps\/\" target=\"_blank\" rel=\"noopener\">Drip Snowcaps<\/a><\/div>\n<div><a href=\"https:\/\/jeetersofficial.com\/product-category\/concentrates\/\" target=\"_blank\" rel=\"noopener\">CALI CONCENTRATES<\/a><\/div>\n<div><a href=\"https:\/\/jeetersofficial.com\/product-category\/doja-exclusive\/\" target=\"_blank\" rel=\"noopener\">CALI DOJA PACKS EXCLUSIVE<\/a><\/div>\n<div><a href=\"https:\/\/jeetersofficial.com\/product-category\/marijuana-flowers\/\" target=\"_blank\" rel=\"noopener\">CALI MARIJUANA FLOWERS<\/a><\/div>\n<\/p><\/div>\n<\/p><\/div>\n<\/p><\/div>\n<div><a href=\"https:\/\/jeetersofficial.com\/product-category\/sativa-strain\/\" target=\"_blank\" rel=\"noopener\">CALI SATIVA STRAINS<\/a><\/div>\n<div><a href=\"https:\/\/jeetersofficial.com\/product-category\/indica\/\" target=\"_blank\" rel=\"noopener\">CALI INDICA STRAINS<\/a><\/div>\n<div><a href=\"https:\/\/jeetersofficial.com\/product-category\/hybrid-weed\/\" target=\"_blank\" rel=\"noopener\">CALI HYBRID WEED<\/a><\/div>","protected":false},"excerpt":{"rendered":"<p><strong>Cali Bud Gobstoppers strain<\/strong><\/p>\n<p>Ta odmiana to oryginalny produkt Cali cannabis do uprawy wewn\u0119trznej, dost\u0119pny dla kwalifikowanych u\u017cytkownik\u00f3w medycznych i rekreacyjnych. Cali Hardball Cookies to jedne z najbardziej po\u017c\u0105danych kwiat\u00f3w cannabis klasy premium w USA. Cali Gobstoppers to odmiana Indica. Je\u015bli szukasz bardzo owocowego smaku cukierk\u00f3w, to znalaz\u0142e\u015b odpowiedni\u0105. To idealna mieszanka Candy Diesel i bardzo silnej odmiany Vortex.<\/p>","protected":false},"featured_media":1667,"comment_status":"closed","ping_status":"closed","template":"","meta":{"_uag_custom_page_level_css":"","site-sidebar-layout":"default","site-content-layout":"","ast-site-content-layout":"","site-content-style":"default","site-sidebar-style":"default","ast-global-header-display":"","ast-banner-title-visibility":"","ast-main-header-display":"","ast-hfb-above-header-display":"","ast-hfb-below-header-display":"","ast-hfb-mobile-header-display":"","site-post-title":"","ast-breadcrumbs-content":"","ast-featured-img":"","footer-sml-layout":"","theme-transparent-header-meta":"","adv-header-id-meta":"","stick-header-meta":"","header-above-stick-meta":"","header-main-stick-meta":"","header-below-stick-meta":"","astra-migrate-meta-layouts":"default","ast-page-background-enabled":"default","ast-page-background-meta":{"desktop":{"background-color":"var(--ast-global-color-4)","background-image":"","background-repeat":"repeat","background-position":"center center","background-size":"auto","background-attachment":"scroll","background-type":"","background-media":"","overlay-type":"","overlay-color":"","overlay-opacity":"","overlay-gradient":""},"tablet":{"background-color":"","background-image":"","background-repeat":"repeat","background-position":"center center","background-size":"auto","background-attachment":"scroll","background-type":"","background-media":"","overlay-type":"","overlay-color":"","overlay-opacity":"","overlay-gradient":""},"mobile":{"background-color":"","background-image":"","background-repeat":"repeat","background-position":"center center","background-size":"auto","background-attachment":"scroll","background-type":"","background-media":"","overlay-type":"","overlay-color":"","overlay-opacity":"","overlay-gradient":""}},"ast-content-background-meta":{"desktop":{"background-color":"var(--ast-global-color-5)","background-image":"","background-repeat":"repeat","background-position":"center center","background-size":"auto","background-attachment":"scroll","background-type":"","background-media":"","overlay-type":"","overlay-color":"","overlay-opacity":"","overlay-gradient":""},"tablet":{"background-color":"var(--ast-global-color-5)","background-image":"","background-repeat":"repeat","background-position":"center center","background-size":"auto","background-attachment":"scroll","background-type":"","background-media":"","overlay-type":"","overlay-color":"","overlay-opacity":"","overlay-gradient":""},"mobile":{"background-color":"var(--ast-global-color-5)","background-image":"","background-repeat":"repeat","background-position":"center center","background-size":"auto","background-attachment":"scroll","background-type":"","background-media":"","overlay-type":"","overlay-color":"","overlay-opacity":"","overlay-gradient":""}}},"product_brand":[],"product_cat":[675],"product_tag":[472,473,474,475,461,462,463,464,465,466,476,477,478,479],"class_list":{"0":"post-1742","1":"product","2":"type-product","3":"status-publish","4":"has-post-thumbnail","6":"product_cat-buy-cali-buds","7":"product_tag-cali-bud-or-no-bud-near-me","8":"product_tag-cali-buds","9":"product_tag-cali-gobstoppers","10":"product_tag-cali-gobstoppers-strain","11":"product_tag-cali-packs","12":"product_tag-cali-plug-cali-bud-or-no-bud","13":"product_tag-cali-straina","14":"product_tag-cali-weed-bags","15":"product_tag-cali-weed-flavors","16":"product_tag-cannabis","17":"product_tag-gobstoppers-cali-bud-or-no-bud","18":"product_tag-gobstoppers-cali-bud-or-no-bud-for-sale","19":"product_tag-gobstoppers-cali-bud-or-no-bud-near-me","20":"product_tag-no-bud-gobstoppers-near-me","21":"desktop-align-center","22":"tablet-align-left","23":"mobile-align-left","25":"first","26":"instock","27":"shipping-taxable","28":"purchasable","29":"product-type-variable"},"uagb_featured_image_src":{"full":["https:\/\/caliweedeurope.com\/wp-content\/uploads\/2024\/11\/gobstoppers.jpg",514,686,false],"thumbnail":["https:\/\/caliweedeurope.com\/wp-content\/uploads\/2024\/11\/gobstoppers-150x150.jpg",150,150,true],"medium":["https:\/\/caliweedeurope.com\/wp-content\/uploads\/2024\/11\/gobstoppers-225x300.jpg",225,300,true],"medium_large":["https:\/\/caliweedeurope.com\/wp-content\/uploads\/2024\/11\/gobstoppers.jpg",514,686,false],"large":["https:\/\/caliweedeurope.com\/wp-content\/uploads\/2024\/11\/gobstoppers.jpg",514,686,false],"1536x1536":["https:\/\/caliweedeurope.com\/wp-content\/uploads\/2024\/11\/gobstoppers.jpg",514,686,false],"2048x2048":["https:\/\/caliweedeurope.com\/wp-content\/uploads\/2024\/11\/gobstoppers.jpg",514,686,false],"trp-custom-language-flag":["https:\/\/caliweedeurope.com\/wp-content\/uploads\/2024\/11\/gobstoppers.jpg",9,12,false],"woocommerce_thumbnail":["https:\/\/caliweedeurope.com\/wp-content\/uploads\/2024\/11\/gobstoppers-300x300.jpg",300,300,true],"woocommerce_single":["https:\/\/caliweedeurope.com\/wp-content\/uploads\/2024\/11\/gobstoppers.jpg",514,686,false],"woocommerce_gallery_thumbnail":["https:\/\/caliweedeurope.com\/wp-content\/uploads\/2024\/11\/gobstoppers-100x100.jpg",100,100,true]},"uagb_author_info":{"display_name":"jetskiforsaleuk@gmail.com","author_link":"https:\/\/caliweedeurope.com\/pl\/author\/"},"uagb_comment_info":0,"uagb_excerpt":"Cali Bud Gobstoppers strain This strain is an indoor original Cali cannabis product, available for qualified\u00a0medical\u00a0and recreational users. Cali hardball cookies are one of the most wanted top-shelf cannabis flowers in the USA. Cali Gobstoppers is an Indica\u00a0strain. If you are looking for a very fruity candy flavor, then you got the right one. This&hellip;","_links":{"self":[{"href":"https:\/\/caliweedeurope.com\/pl\/wp-json\/wp\/v2\/product\/1742"}],"collection":[{"href":"https:\/\/caliweedeurope.com\/pl\/wp-json\/wp\/v2\/product"}],"about":[{"href":"https:\/\/caliweedeurope.com\/pl\/wp-json\/wp\/v2\/types\/product"}],"replies":[{"embeddable":true,"href":"https:\/\/caliweedeurope.com\/pl\/wp-json\/wp\/v2\/comments?post=1742"}],"wp:featuredmedia":[{"embeddable":true,"href":"https:\/\/caliweedeurope.com\/pl\/wp-json\/wp\/v2\/media\/1667"}],"wp:attachment":[{"href":"https:\/\/caliweedeurope.com\/pl\/wp-json\/wp\/v2\/media?parent=1742"}],"wp:term":[{"taxonomy":"product_brand","embeddable":true,"href":"https:\/\/caliweedeurope.com\/pl\/wp-json\/wp\/v2\/product_brand?post=1742"},{"taxonomy":"product_cat","embeddable":true,"href":"https:\/\/caliweedeurope.com\/pl\/wp-json\/wp\/v2\/product_cat?post=1742"},{"taxonomy":"product_tag","embeddable":true,"href":"https:\/\/caliweedeurope.com\/pl\/wp-json\/wp\/v2\/product_tag?post=1742"}],"curies":[{"name":"wp","href":"https:\/\/api.w.org\/{rel}","templated":true}]}}