{"id":1748,"date":"2024-11-05T18:39:15","date_gmt":"2024-11-05T18:39:15","guid":{"rendered":"https:\/\/caliweedeurope.com\/?post_type=product&#038;p=1748"},"modified":"2024-11-05T18:39:18","modified_gmt":"2024-11-05T18:39:18","slug":"buy-cali-bud-life-savers-online","status":"publish","type":"product","link":"https:\/\/caliweedeurope.com\/pl\/product\/buy-cali-bud-life-savers-online\/","title":{"rendered":"Kup Cali Bud Life Savers online"},"content":{"rendered":"<h1 style=\"text-align: center\"><strong>\u00a0 \u00a0 \u00a0<\/strong><strong>LIFE SAVERS <\/strong><strong>CALI BUD OR NO BUD\u00a0|<\/strong><strong>\u00a0CALI BUD OR NO BUD\u00a0<\/strong><strong>LIFE SAVERS <\/strong><strong>|<\/strong><strong>\u00a0CALI PLUG CALI BUD OR NO BUD<\/strong><\/h1>\n<p><strong>Cali Bud Life Savers<\/strong><br \/> Cali Bud Life Savers to jedna z najlepszych odmian Cali Bud lub No Bud pod wzgl\u0119dem smaku. Je\u015bli chodzi o smaki przypominaj\u0105ce cukierki i zdolno\u015b\u0107 do eliminowania przewlek\u0142ego i nawracaj\u0105cego b\u00f3lu\u2026, Life Savers z pewno\u015bci\u0105 spe\u0142nia swoj\u0105 nazw\u0119. Life Savers to hybryda dominuj\u0105ca Indica z 78%. Z zapachem winogron i gumy do \u017cucia, ta odmiana zas\u0142uguje na wypr\u00f3bowanie przez tych, kt\u00f3rzy szukaj\u0105 silniejszego, uspokajaj\u0105cego efektu.<\/p>\n<p class=\"about-title\"><strong>O Life Saver<\/strong><\/p>\n<div class=\"effect-wrapper ng-star-inserted\">\n<div>\n<p>Lifesaver (lub Life Saver) to hybryda z dominacj\u0105 Indica, kt\u00f3ra spe\u0142nia swoje imi\u0119 na wi\u0119cej ni\u017c jeden spos\u00f3b. Ten p\u0105k oferuje kwa\u015bny, cukierkowy smak owoc\u00f3w oraz niezast\u0105pion\u0105 moc terapeutyczn\u0105. Lifesaver zosta\u0142 stworzony przez tw\u00f3rczych hodowc\u00f3w BOG Seeds jako krzy\u017c\u00f3wka ich w\u0142asnego BOG Bubble i JCB (kt\u00f3ry sam jest krzy\u017c\u00f3wk\u0105\u00a0<a href=\"https:\/\/www.wikileaf.com\/strain\/jacks-cleaner\/\" target=\"_blank\" rel=\"noopener\">Jack\u2019s Cleaner<\/a>\u00a0i\u00a0<a href=\"https:\/\/www.wikileaf.com\/strain\/blueberry\/\" target=\"_blank\" rel=\"noopener\">Blueberry<\/a>). Efektem jest kwiat o dynamicznym smaku z trwa\u0142\u0105 i zr\u00f3wnowa\u017con\u0105 moc\u0105. Zawarto\u015b\u0107 THC w Lifesaverze zosta\u0142a zmierzona na poziomie od 12% do 21%.<\/p>\n<\/p><\/div>\n<\/p><\/div>\n<h2 style=\"text-align: center\"><strong>\u00a0BUY <\/strong><strong>LIFE SAVERS\u00a0<\/strong><strong>CALI BUD OR NO BUD\u00a0 ONLINE | BUY CALI BUD OR NO BUD\u00a0<\/strong><strong>LIFE SAVERS\u00a0<\/strong><strong>ONLINE | BUY CALI BUD OR NO BUD ONLINE<\/strong><\/h2>\n<p><strong style=\"color: #555555;font-size: 14.4px\">Efekty Cali Bud Life Savers<\/strong><\/p>\n<p>Podstawowy efekt b\u0119dzie polega\u0142 na podniesieniu, wzmocnieniu i relaksacji.<br \/> <strong>Szcz\u0119\u015bliwy<\/strong><br \/> 47% os\u00f3b twierdzi, \u017ce czuje si\u0119 szcz\u0119\u015bliwych<br \/> <strong>Zrelaksowany<\/strong><br \/> 46% os\u00f3b twierdzi, \u017ce czuje si\u0119 zrelaksowanych<br \/> <strong>Pobudzony<\/strong><br \/> 16% os\u00f3b twierdzi, \u017ce czuje si\u0119 pobudzonych<\/p>\n<p><strong>Negatywy<\/strong><br \/> <strong>Sucho\u015b\u0107 w ustach<\/strong><br \/> 15% os\u00f3b twierdzi, \u017ce odczuwa sucho\u015b\u0107 w ustach<br \/> <strong>Suche oczy<\/strong><br \/> 17% os\u00f3b twierdzi, \u017ce odczuwa sucho\u015b\u0107 oczu<br \/> <strong>Zawroty g\u0142owy<\/strong><br \/> 8% os\u00f3b twierdzi, \u017ce odczuwa zawroty g\u0142owy<\/p>\n<div class=\"effect-wrapper ng-star-inserted\">\n<div>\n<p>Lifesaver natychmiast pokazuje swoj\u0105 atrakcyjno\u015b\u0107 solidnymi, prawie kulistymi kwiatami. Te p\u0105ki maj\u0105 \u015bredni\u0105 lub du\u017c\u0105 wielko\u015b\u0107 i zlepiaj\u0105 si\u0119 razem w g\u0119st\u0105, grub\u0105 struktur\u0119 p\u0105ka, kt\u00f3ra jest charakterystyczna dla odmian Indica. \u015aci\u015ble zwini\u0119te li\u015bcie maj\u0105 mossow\u0105 ziele\u0144 i s\u0105 przetykane jaskrawymi pomara\u0144czowymi i \u017c\u00f3\u0142tymi pr\u0119cikami. Czasami fenotypy tej odmiany zawieraj\u0105 tak\u017ce przeb\u0142yski fioletu, od jasnej lawendy po g\u0142\u0119boki kolor winogron; te odcienie s\u0105 wynikiem pigment\u00f3w antocyjaninowych, kt\u00f3re aktywuj\u0105 si\u0119 w zimnym klimacie, w procesie podobnym do zmiany li\u015bci jesieni\u0105 z powodu wyczerpanych poziom\u00f3w chlorofilu. Wreszcie, warstwa przezroczystych bia\u0142ych trichom\u00f3w pokrywa te ju\u017c kolorowe kwiaty i odpowiada za ich wysok\u0105 psychoaktywno\u015b\u0107.<\/p>\n<\/p><\/div>\n<\/p><\/div>\n<h3 style=\"text-align: center\"><strong>LIFE SAVERS\u00a0<\/strong><strong>CALI BUD OR NO BUD FOR SALE | CALI BUD OR NO BUD\u00a0\u00a0<\/strong><strong>LIFE SAVERS\u00a0<\/strong><strong>FOR SALE | CALI BUD OR NO BUD\u00a0 FOR SALE<\/strong><\/h3>\n<p><strong>\u041c\u0435\u0434\u0438\u0447\u043d\u0435 \u0432\u0438\u043a\u043e\u0440\u0438\u0441\u0442\u0430\u043d\u043d\u044f Cali Life Savers<\/strong><br \/> Odmiana Cali Life Savers gwarantuje natychmiastow\u0105 ulg\u0119 w b\u00f3lu. Lekkie, rzeczywiste efekty Cali Jet Lato mog\u0105 z\u0142agodzi\u0107 niekt\u00f3re b\u00f3le i nudno\u015bci. Odmiana ta mo\u017ce r\u00f3wnie\u017c pom\u00f3c w walce z objawami PTSD.<\/p>\n<div class=\"variety-percentage-wrap\">\n<h4 class=\"variety translation-block\"><a href=\"https:\/\/www.allbud.com\/marijuana-strains\/variety\/indica-dominant-hybrid\" target=\"_blank\" rel=\"noopener\">Hybryda Dominuj\u0105ca Indica<\/a> <span class=\"hidden-xs\">\u2013 <\/span><span class=\"strain-percentages\">70% Indica \/ 30% Sativa<\/span><\/h4>\n<h4 class=\"percentage\"><span class=\"heading\">THC:\u00a0<\/span>15% \u2013 19%<\/h4>\n<\/p><\/div>\n<p class=\"translation-block\">Lifesaver, znany r\u00f3wnie\u017c jako \u201eLife Saver,\u201d to hybrydowa odmiana z przewag\u0105 indici, powsta\u0142a poprzez skrzy\u017cowanie pysznych odmian BOG Bubble X <a href=\"https:\/\/www.allbud.com\/marijuana-strains\/sativa-dominant-hybrid\/batgirl\" target=\"_blank\" rel=\"noopener\">Subcool J<\/a>C<a href=\"https:\/\/www.allbud.com\/marijuana-strains\/sativa-dominant-hybrid\/batgirl\" target=\"_blank\" rel=\"noopener\">B<\/a>. Ta odmiana zawdzi\u0119cza swoj\u0105 nazw\u0119 silnym \u201eratuj\u0105cym \u017cycie\u201d w\u0142a\u015bciwo\u015bciom, kt\u00f3re usuwaj\u0105 b\u00f3l i b\u00f3le mi\u0119\u015bni jedynie jednym smacznym zaci\u0105gni\u0119ciem si\u0119. Poziomy THC w Lifesaver s\u0105 stosunkowo \u0142agodne, mieszcz\u0105c si\u0119 w przedziale od 15 do 13%, co czyni j\u0105 odpowiedni\u0105 dla wszystkich u\u017cytkownik\u00f3w. Haj zaczyna si\u0119 szcz\u0119\u015bliwym uniesieniem, kt\u00f3re wype\u0142nia ci\u0119 energi\u0105 i motywacj\u0105 bez wywo\u0142ywania l\u0119ku. life savers weed<\/p>\n<h4 style=\"text-align: center\"><strong>CALI BUD OR NO BUD \u00a0<\/strong><strong>LIFE SAVERS\u00a0<\/strong><strong>\u00a0NEAR ME |\u00a0<\/strong><strong>LIFE SAVERS\u00a0<\/strong><strong>CALI BUD OR NO BUD\u00a0\u00a0 NEAR ME | CALI BUD OR NO BUD \u00a0NEAR ME<\/strong><\/h4>\n<p><strong>Uprawa Cali Life Savers<\/strong><br \/> Odmiana Cali Life Savers ro\u015bnie nisko i dobrze radzi sobie w pomieszczeniach, na zewn\u0105trz, a nawet w szklarni. Ro\u015bliny powinny mie\u0107 co najmniej miesi\u0105c, je\u015bli nie pi\u0119\u0107, na faz\u0119 wegetatywn\u0105. Odmiana kwitnie przez osiem do dziewi\u0119ciu tygodni i w uprawie wewn\u0119trznej produkuje gram na wat.<\/p>\n<p>Poczujesz si\u0119 klarowny umys\u0142owo i zrelaksowany, ca\u0142kowicie skupiony na wykonywanym zadaniu. Gdy umys\u0142 si\u0119 uwolni, cia\u0142o pod\u0105\u017cy za nim, pozostawiaj\u0105c b\u00f3le i dolegliwo\u015bci za sob\u0105 dzi\u0119ki mrowi\u0105cemu uczuciu w ciele, kt\u00f3re nie jest uspokajaj\u0105ce ani usypiaj\u0105ce. Te \u0142agodne efekty \u0142agodz\u0105 takie dolegliwo\u015bci jak skurcze mi\u0119\u015bni, b\u00f3le g\u0142owy lub migreny, depresj\u0119 i przewlek\u0142y b\u00f3l. P\u0105ki Lifesaver maj\u0105 grudkowate, g\u0119ste, mi\u0119towo-zielone kwiaty z bogatymi fioletowymi odcieniami, jasnopomara\u0144czowymi w\u0142oskami i grub\u0105 warstw\u0105 bia\u0142ych, mro\u017anych trichom\u00f3w. Maj\u0105 s\u0142odki smak cukierk\u00f3w i gumy balonowej, prawie jak winogronowa guma balonowa, oraz aromat miodu, jag\u00f3d i ziemi.<\/p>\n<h5 style=\"text-align: center\"><strong>LIFE SAVERS\u00a0<\/strong><strong>\u00a0STRAIN | \u00a0<\/strong><strong>LIFE SAVERS\u00a0<\/strong><strong>WEED STRAIN | CALI\u00a0<\/strong><strong>LIFE SAVERS\u00a0<\/strong><strong>| CALI\u00a0<\/strong><strong>LIFE SAVERS\u00a0<\/strong><strong>\u00a0STRAIN<\/strong><\/h5>\n<p>Podsumowuj\u0105c, Lifesaver w pe\u0142ni zas\u0142uguje na swoj\u0105 nazw\u0119 dzi\u0119ki cukierkowemu smakowi i zdolno\u015bci do \u0142agodzenia przewlek\u0142ego b\u00f3lu. Ta hybryda z przewag\u0105 indiki, powsta\u0142a z po\u0142\u0105czenia szczep\u00f3w hodowlanych BOG Bubble i Subcool JCB, zosta\u0142a stworzona z my\u015bl\u0105 o szczeg\u00f3lnych potrzebach os\u00f3b cierpi\u0105cych na b\u00f3l. Relaksuj\u0105cy aromat winogron i gumy balonowej sprawia, \u017ce warto spr\u00f3bowa\u0107 tego szczepu, je\u015bli szukasz silniejszego, medycznego efektu. Lifesaver kwitnie szybko, zazwyczaj w ci\u0105gu 8 tygodni.<\/p>\n<p class=\"translation-block\">Gdy jest odpowiednio wysuszony, Lifesaver emituje owocowy zapach z nutami jag\u00f3d. Przy bli\u017cszym zbadaniu pojawiaj\u0105 si\u0119 r\u00f3wnie\u017c subtelne akcenty cytryny i winogron. Podczas mielenia lub rozdzierania tych kwiat\u00f3w pojawiaj\u0105 si\u0119 lekkie zio\u0142owe nuty, wskazuj\u0105ce na podstaw\u0119 <a target=\"_blank\" rel=\"noopener\">Jack Herer<\/a> tej odmiany. Po spaleniu Lifesaver wydziela g\u0142adki i \u0142agodny dym, kt\u00f3ry smakuje wyj\u0105tkowo s\u0142odko i kwa\u015bno przy wydychaniu. Osoby, kt\u00f3re chc\u0105 zachowa\u0107 dyskrecj\u0119 podczas konsumpcji, powinny podj\u0105\u0107 odpowiednie \u015brodki ostro\u017cno\u015bci, poniewa\u017c ta odmiana mo\u017ce wytwarza\u0107 bardzo intensywny dym.<\/p>","protected":false},"excerpt":{"rendered":"<p><strong>Cali Bud Life Savers<\/strong><br \/> Cali Bud Life Savers to jedna z najlepszych odmian Cali Bud lub No Bud pod wzgl\u0119dem smaku. Je\u015bli chodzi o smaki przypominaj\u0105ce cukierki i zdolno\u015b\u0107 do eliminowania przewlek\u0142ego i nawracaj\u0105cego b\u00f3lu\u2026, Life Savers z pewno\u015bci\u0105 spe\u0142nia swoj\u0105 nazw\u0119. Life Savers to hybryda dominuj\u0105ca Indica z 78%. Z zapachem winogron i gumy do \u017cucia, ta odmiana zas\u0142uguje na wypr\u00f3bowanie przez tych, kt\u00f3rzy szukaj\u0105 silniejszego, uspokajaj\u0105cego efektu.<\/p>\n<div data-testid=\"product-description\">\n<div class=\"truncate-lines__Wrapper-sc-1lknwty-0 YxHAC\">\n<div data-testid=\"truncated-description\">\n<div>\n<div class=\"text__Text-sc-fif1uk-0 kdmKRD\">\n<div class=\"src__Box-sc-1sbtrzs-0 src__Flex-sc-1sbtrzs-1 kWPFqZ hzdsvF\">\n<div>PRZYK\u0141ADOWE KATEGORIE PRODUKT\u00d3W<\/div>\n<\/p><\/div>\n<\/p><\/div>\n<\/p><\/div>\n<\/p><\/div>\n<\/p><\/div>\n<\/p><\/div>\n<div class=\"text__Text-sc-fif1uk-0 htoJfX\"><a href=\"https:\/\/jeetersofficial.com\/product-category\/buy-cali-buds\/\">CALI BUDS<\/a><\/div>\n<div data-testid=\"product-description\">\n<div class=\"truncate-lines__Wrapper-sc-1lknwty-0 YxHAC\">\n<div data-testid=\"truncated-description\">\n<div class=\"text__Text-sc-fif1uk-0 kdmKRD\"><a href=\"https:\/\/jeetersofficial.com\/product-category\/backpack-boyz\/\">Backpack\u00a0 Boyz<\/a><\/div>\n<div><a href=\"https:\/\/jeetersofficial.com\/product-category\/snow-balls-weed\/\">SNOWBALLS WEED<\/a><\/div>\n<div><a href=\"https:\/\/jeetersofficial.com\/product-category\/persy-snowcaps\/\">Persy Snowcaps<\/a><\/div>\n<div><a href=\"https:\/\/jeetersofficial.com\/product-category\/drip-snowcaps\/\">Drip Snowcaps<\/a><\/div>\n<div><a href=\"https:\/\/jeetersofficial.com\/product-category\/concentrates\/\">CALI CONCENTRATES<\/a><\/div>\n<div><a href=\"https:\/\/jeetersofficial.com\/product-category\/doja-exclusive\/\">CALI DOJA PACKS EXCLUSIVE<\/a><\/div>\n<div><a href=\"https:\/\/jeetersofficial.com\/product-category\/marijuana-flowers\/\">CALI MARIJUANA FLOWERS<\/a><\/div>\n<\/p><\/div>\n<\/p><\/div>\n<\/p><\/div>\n<div><a href=\"https:\/\/jeetersofficial.com\/product-category\/sativa-strain\/\">CALI SATIVA STRAINS<\/a><\/div>\n<div><a href=\"https:\/\/jeetersofficial.com\/product-category\/indica\/\">CALI INDICA STRAINS<\/a><\/div>\n<div><a href=\"https:\/\/jeetersofficial.com\/product-category\/hybrid-weed\/\">CALI HYBRID WEED<\/a><\/div>","protected":false},"featured_media":1668,"comment_status":"closed","ping_status":"closed","template":"","meta":{"_uag_custom_page_level_css":"","site-sidebar-layout":"default","site-content-layout":"","ast-site-content-layout":"","site-content-style":"default","site-sidebar-style":"default","ast-global-header-display":"","ast-banner-title-visibility":"","ast-main-header-display":"","ast-hfb-above-header-display":"","ast-hfb-below-header-display":"","ast-hfb-mobile-header-display":"","site-post-title":"","ast-breadcrumbs-content":"","ast-featured-img":"","footer-sml-layout":"","theme-transparent-header-meta":"","adv-header-id-meta":"","stick-header-meta":"","header-above-stick-meta":"","header-main-stick-meta":"","header-below-stick-meta":"","astra-migrate-meta-layouts":"default","ast-page-background-enabled":"default","ast-page-background-meta":{"desktop":{"background-color":"var(--ast-global-color-4)","background-image":"","background-repeat":"repeat","background-position":"center center","background-size":"auto","background-attachment":"scroll","background-type":"","background-media":"","overlay-type":"","overlay-color":"","overlay-opacity":"","overlay-gradient":""},"tablet":{"background-color":"","background-image":"","background-repeat":"repeat","background-position":"center center","background-size":"auto","background-attachment":"scroll","background-type":"","background-media":"","overlay-type":"","overlay-color":"","overlay-opacity":"","overlay-gradient":""},"mobile":{"background-color":"","background-image":"","background-repeat":"repeat","background-position":"center center","background-size":"auto","background-attachment":"scroll","background-type":"","background-media":"","overlay-type":"","overlay-color":"","overlay-opacity":"","overlay-gradient":""}},"ast-content-background-meta":{"desktop":{"background-color":"var(--ast-global-color-5)","background-image":"","background-repeat":"repeat","background-position":"center center","background-size":"auto","background-attachment":"scroll","background-type":"","background-media":"","overlay-type":"","overlay-color":"","overlay-opacity":"","overlay-gradient":""},"tablet":{"background-color":"var(--ast-global-color-5)","background-image":"","background-repeat":"repeat","background-position":"center center","background-size":"auto","background-attachment":"scroll","background-type":"","background-media":"","overlay-type":"","overlay-color":"","overlay-opacity":"","overlay-gradient":""},"mobile":{"background-color":"var(--ast-global-color-5)","background-image":"","background-repeat":"repeat","background-position":"center center","background-size":"auto","background-attachment":"scroll","background-type":"","background-media":"","overlay-type":"","overlay-color":"","overlay-opacity":"","overlay-gradient":""}}},"product_brand":[],"product_cat":[675],"product_tag":[480,481,482,483,484,472,485,486,462,487,488],"class_list":{"0":"post-1748","1":"product","2":"type-product","3":"status-publish","4":"has-post-thumbnail","6":"product_cat-buy-cali-buds","7":"product_tag-buy-life-savers-cali-bud-or-no-bud-online","8":"product_tag-cali-bud-or-no-bud-for-sale","9":"product_tag-cali-bud-or-no-bud-life-savers","10":"product_tag-cali-bud-or-no-bud-life-savers-for-sale","11":"product_tag-cali-bud-or-no-bud-life-savers-near-me","12":"product_tag-cali-bud-or-no-bud-near-me","13":"product_tag-cali-life-savers","14":"product_tag-cali-life-savers-strain","15":"product_tag-cali-plug-cali-bud-or-no-bud","16":"product_tag-life-savers-cali-bud-or-no-bud","17":"product_tag-life-savers-cali-bud-or-no-bud-for-sale","18":"desktop-align-center","19":"tablet-align-left","20":"mobile-align-left","22":"first","23":"instock","24":"shipping-taxable","25":"purchasable","26":"product-type-variable"},"uagb_featured_image_src":{"full":["https:\/\/caliweedeurope.com\/wp-content\/uploads\/2024\/11\/IMG-0234.jpg",956,1276,false],"thumbnail":["https:\/\/caliweedeurope.com\/wp-content\/uploads\/2024\/11\/IMG-0234-150x150.jpg",150,150,true],"medium":["https:\/\/caliweedeurope.com\/wp-content\/uploads\/2024\/11\/IMG-0234-225x300.jpg",225,300,true],"medium_large":["https:\/\/caliweedeurope.com\/wp-content\/uploads\/2024\/11\/IMG-0234-768x1025.jpg",768,1025,true],"large":["https:\/\/caliweedeurope.com\/wp-content\/uploads\/2024\/11\/IMG-0234-767x1024.jpg",767,1024,true],"1536x1536":["https:\/\/caliweedeurope.com\/wp-content\/uploads\/2024\/11\/IMG-0234.jpg",956,1276,false],"2048x2048":["https:\/\/caliweedeurope.com\/wp-content\/uploads\/2024\/11\/IMG-0234.jpg",956,1276,false],"trp-custom-language-flag":["https:\/\/caliweedeurope.com\/wp-content\/uploads\/2024\/11\/IMG-0234.jpg",9,12,false],"woocommerce_thumbnail":["https:\/\/caliweedeurope.com\/wp-content\/uploads\/2024\/11\/IMG-0234-300x300.jpg",300,300,true],"woocommerce_single":["https:\/\/caliweedeurope.com\/wp-content\/uploads\/2024\/11\/IMG-0234-600x801.jpg",600,801,true],"woocommerce_gallery_thumbnail":["https:\/\/caliweedeurope.com\/wp-content\/uploads\/2024\/11\/IMG-0234-100x100.jpg",100,100,true]},"uagb_author_info":{"display_name":"jetskiforsaleuk@gmail.com","author_link":"https:\/\/caliweedeurope.com\/pl\/author\/"},"uagb_comment_info":0,"uagb_excerpt":"Cali bud Life Savers Cali bud Life Savers\u00a0cannabis strain\u00a0is one of the best\u00a0Cali bud or no bud flavors. When it comes to candy-like tastes and the capacity to eradicate chronic and repeated pain\u2026., Life Savers certainly satisfies its name. The Life Savers is an Indica-predominant hybrid strain with 78%. Unwinding with a grape and air&hellip;","_links":{"self":[{"href":"https:\/\/caliweedeurope.com\/pl\/wp-json\/wp\/v2\/product\/1748"}],"collection":[{"href":"https:\/\/caliweedeurope.com\/pl\/wp-json\/wp\/v2\/product"}],"about":[{"href":"https:\/\/caliweedeurope.com\/pl\/wp-json\/wp\/v2\/types\/product"}],"replies":[{"embeddable":true,"href":"https:\/\/caliweedeurope.com\/pl\/wp-json\/wp\/v2\/comments?post=1748"}],"wp:featuredmedia":[{"embeddable":true,"href":"https:\/\/caliweedeurope.com\/pl\/wp-json\/wp\/v2\/media\/1668"}],"wp:attachment":[{"href":"https:\/\/caliweedeurope.com\/pl\/wp-json\/wp\/v2\/media?parent=1748"}],"wp:term":[{"taxonomy":"product_brand","embeddable":true,"href":"https:\/\/caliweedeurope.com\/pl\/wp-json\/wp\/v2\/product_brand?post=1748"},{"taxonomy":"product_cat","embeddable":true,"href":"https:\/\/caliweedeurope.com\/pl\/wp-json\/wp\/v2\/product_cat?post=1748"},{"taxonomy":"product_tag","embeddable":true,"href":"https:\/\/caliweedeurope.com\/pl\/wp-json\/wp\/v2\/product_tag?post=1748"}],"curies":[{"name":"wp","href":"https:\/\/api.w.org\/{rel}","templated":true}]}}