{"id":1754,"date":"2024-11-05T18:39:15","date_gmt":"2024-11-05T18:39:15","guid":{"rendered":"https:\/\/caliweedeurope.com\/?post_type=product&#038;p=1754"},"modified":"2024-11-05T18:39:18","modified_gmt":"2024-11-05T18:39:18","slug":"buy-cali-bud-marshmallow-strain-online","status":"publish","type":"product","link":"https:\/\/caliweedeurope.com\/pl\/product\/buy-cali-bud-marshmallow-strain-online\/","title":{"rendered":"Buy Cali Bud Marshmallow Strain Online"},"content":{"rendered":"<h1 style=\"text-align: center\"><strong>\u00a0 \u00a0 \u00a0<\/strong><strong>MARSHMALLOW <\/strong><strong>CALI BUD OR NO BUD\u00a0|<\/strong><strong>\u00a0CALI BUD OR NO BUD\u00a0<\/strong><strong>MARSHMALLOW <\/strong><strong>|<\/strong><strong>\u00a0CALI PLUG CALI BUD OR NO BUD<\/strong><\/h1>\n<p><strong>Cali Bud lub No Bud Marshmallow Strain<\/strong><\/p>\n<p>Marshmallow Kush to fenotyp Girl Scout Cookies. Nazwa pochodzi od jej chmurkowatych bia\u0142ych trichom\u00f3w i lepkich p\u0105k\u00f3w. Ta odmiana pachnie s\u0142odkimi, mi\u0119towymi terpenami z uroczym, chropowatym akcentem. Marshmallow wprowadza konsument\u00f3w w szcz\u0119\u015bliwy, relaksuj\u0105cy stan. Przyjemna euforia tej odmiany mo\u017ce pom\u00f3c poprawi\u0107 nastr\u00f3j, pobudzi\u0107 apetyt i pom\u00f3c w uspokojeniu niepokoju.<\/p>\n<h2 style=\"text-align: center\"><strong>BUY\u00a0<\/strong><strong>MARSHMALLOW\u00a0<\/strong><strong>CALI BUD OR NO BUD\u00a0 ONLINE | BUY CALI BUD OR NO BUD\u00a0<\/strong><strong>MARSHMALLOW\u00a0<\/strong><strong>ONLINE | BUY CALI BUD OR NO BUD ONLINE<\/strong><\/h2>\n<p><strong>Cali Bud Marshmallow Strain<\/strong><\/p>\n<p>Po pierwsze, jeste\u015bmy tutaj, aby zaoferowa\u0107 Ci najlepsze us\u0142ugi zam\u00f3wienia cannabis 420. Po zbadaniu stresu, jaki wi\u0105\u017ce si\u0119 z jazd\u0105 do apteki po Twoje medyczne marihuan\u0119 na b\u00f3l i ulg\u0119, postanowili\u015bmy pom\u00f3c spo\u0142eczno\u015bci 420, oferuj\u0105c dostaw\u0119 recept i konopi bezpo\u015brednio do Twoich drzwi, bez \u017cadnych niedogodno\u015bci. Dostarczamy do wszystkich 50 stan\u00f3w USA, Kanady i Europy. Aby uzyska\u0107 wi\u0119cej informacji, skontaktuj si\u0119 z nami, jeste\u015bmy zawsze online i do Twojej dyspozycji, aby pom\u00f3c Ci uzyska\u0107 najlepsze.<\/p>\n<h3 style=\"text-align: center\"><strong>MARSHMALLOW\u00a0<\/strong><strong>CALI BUD OR NO BUD FOR SALE | CALI BUD OR NO BUD\u00a0\u00a0<\/strong><strong>MARSHMALLOW\u00a0<\/strong><strong>FOR SALE | CALI BUD OR NO BUD\u00a0 FOR SALE<\/strong><\/h3>\n<p><strong>Kup ostrze\u017cenie dotycz\u0105ce odmiany Marshmallow<\/strong><\/p>\n<p>Po drugie, ten produkt zawiera kannabis, substancj\u0119 kontrolowan\u0105. Przechowywa\u0107 w miejscu niedost\u0119pnym dla dzieci i zwierz\u0105t. Produkty zawieraj\u0105ce kannabis mog\u0105 by\u0107 posiadane lub konsumowane tylko przez osoby powy\u017cej 25. roku \u017cycia, chyba \u017ce osoba jest kwalifikowanym pacjentem. Efekty odurzaj\u0105ce produkt\u00f3w zawieraj\u0105cych kannabis mog\u0105 utrzymywa\u0107 si\u0119 przez dwie godziny. U\u017cywanie kannabisu w czasie ci\u0105\u017cy lub karmienia piersi\u0105 mo\u017ce by\u0107 szkodliwe. Spo\u017cywanie tych produkt\u00f3w upo\u015bledza zdolno\u015b\u0107 prowadzenia pojazd\u00f3w lub obs\u0142ugiwania maszyn. Prosz\u0119 zachowa\u0107 szczeg\u00f3ln\u0105 ostro\u017cno\u015b\u0107 przed zakupem i spo\u017cyciem odmiany kannabisu Marshmallow online. Kup Cali Bud lub No Bud.<\/p>\n<p data-renderer-start-pos=\"764\"><strong data-renderer-mark=\"true\">Efekty odmiany Marshmallow OG<\/strong><\/p>\n<p data-renderer-start-pos=\"796\" class=\"translation-block\">Marshmallow OG znajduje idealne miejsce dla zr\u00f3wnowa\u017conego hybrydowego high, z efektami dominuj\u0105cymi Indica, kt\u00f3re s\u0105 dope\u0142nione przyjemnym cerebralnym high. Zaczyna si\u0119 od podnosz\u0105cej na duchu euforii w czole i za oczami, zostawiaj\u0105c ci\u0119 radosnym, ale zamglonym i troch\u0119 zamieszanym. W miar\u0119 jak high wzrasta, rozprzestrzenia si\u0119 na reszt\u0119 cia\u0142a w ciep\u0142ych falach, pozostawiaj\u0105c uczucie mrowienia, kt\u00f3re znieczula wszelkie b\u00f3le i dyskomforty od g\u0142owy do st\u00f3p. To wprowadzi ci\u0119 w g\u0142\u0119boki stan relaksacji. Marshmallow weed<\/p>\n<p data-renderer-start-pos=\"1289\"><strong data-renderer-mark=\"true\">Smaki odmiany Marshmallow OG<\/strong><\/p>\n<p data-renderer-start-pos=\"1321\">Przy ka\u017cdym wydechu Marshmallow OG zachwyca cukrowo-s\u0142odkim smakiem i nutami miodu oraz sosny.<\/p>\n<p data-renderer-start-pos=\"1416\"><strong data-renderer-mark=\"true\">Zapach odmiany Marshmallow OG<\/strong><\/p>\n<p data-renderer-start-pos=\"1446\">Nie ma w tym nic dziwnego, \u017ce ten kwiat pachnie jak torba pianek marshmallow z ostrym zio\u0142owym akcentem.<\/p>\n<p data-renderer-start-pos=\"300\"><strong data-renderer-mark=\"true\">Informacje o uprawie odmiany Marshmallow OG<\/strong><\/p>\n<p data-renderer-start-pos=\"337\">Marshmallow OG ro\u015bnie bardzo dobrze w warunkach wewn\u0119trznych. Kwiatowanie trwa od 9 do 9,5 tygodnia, w zale\u017cno\u015bci od warunk\u00f3w. Marshmallow OG zawiera puszyste, ale g\u0119ste oliwkowozielone p\u0105ki z bogatymi fioletowymi odcieniami i w\u0142oskami, a tak\u017ce mro\u017an\u0105 bia\u0142\u0105 pow\u0142ok\u0119 mlecznych kryszta\u0142owych trichom\u00f3w.<\/p>\n<h4 style=\"text-align: center\"><strong>CALI BUD OR NO BUD \u00a0<\/strong><strong>MARSHMALLOW\u00a0<\/strong><strong>\u00a0NEAR ME |\u00a0<\/strong><strong>MARSHMALLOW\u00a0<\/strong><strong>CALI BUD OR NO BUD\u00a0\u00a0 NEAR ME | CALI BUD OR NO BUD \u00a0NEAR ME<\/strong><\/h4>\n<p class=\"translation-block\"><b>Marshmallow OG<\/b> to <a href=\"https:\/\/www.leafly.com\/strains\/lists\/category\/hybrid\" target=\"_blank\" rel=\"noopener\">hybrydowa odmiana marihuany<\/a>. Wci\u0105\u017c uczymy si\u0119 o smakach i efektach Marshmallow OG \u2013 je\u015bli pali\u0142e\u015b, dabowa\u0142e\u015b lub konsumowa\u0142e\u015b t\u0119 odmian\u0119, podziel si\u0119 swoj\u0105 opini\u0105, zostawiaj\u0105c recenzj\u0119.<\/p>\n<p data-renderer-start-pos=\"50\"><strong data-renderer-mark=\"true\">Jaki to szczep Marshmallow OG?<\/strong><\/p>\n<p data-renderer-start-pos=\"83\">Marshmallow OG to krzy\u017c\u00f3wka odmian Chem D, Triangle Kush i Jet Fuel Gelato.<\/p>\n<p data-renderer-start-pos=\"172\"><strong data-renderer-mark=\"true\">Marshmallow OG to Indica czy Sativa?<\/strong><\/p>\n<p data-renderer-start-pos=\"214\">Marshmallow OG to hybryda, kt\u00f3ra jest nieco bli\u017cej strony Indica.<\/p>\n<p data-renderer-start-pos=\"620\"><strong data-renderer-mark=\"true\">Poziom THC w Marshmallow OG<\/strong><\/p>\n<p data-renderer-start-pos=\"647\">Nie daj si\u0119 zwie\u015b\u0107 uroczemu imieniu, ten kwiat ma zawarto\u015b\u0107 THC na poziomie 27,9%, kt\u00f3ra \u0142atwo chwyci twoje cia\u0142o i umys\u0142.<\/p>\n<h5 style=\"text-align: center\"><strong>MARSHMALLOW\u00a0<\/strong><strong>\u00a0STRAIN | \u00a0<\/strong><strong>MARSHMALLOW\u00a0<\/strong><strong>WEED STRAIN | CALI\u00a0<\/strong><strong>MARSHMALLOW\u00a0<\/strong><strong>| CALI\u00a0<\/strong><strong>MARSHMALLOW\u00a0<\/strong><strong>\u00a0STRAIN<\/strong><\/h5>\n<div class=\"variety-percentage-wrap\">\n<h4 class=\"variety translation-block\"><a href=\"https:\/\/www.allbud.com\/marijuana-strains\/variety\/indica-dominant-hybrid\" target=\"_blank\" rel=\"noopener\">Hybryda Dominuj\u0105ca Indica<\/a> <span class=\"hidden-xs\">\u2013 <\/span><span class=\"strain-percentages\">70% Indica \/ 30% Sativa<\/span><\/h4>\n<h4 class=\"percentage\"><span class=\"heading\">THC:\u00a0<\/span>14%<\/h4>\n<\/p><\/div>\n<p class=\"translation-block\">Podsumowuj\u0105c, Marshmallow to hybrydowa odmiana z dominuj\u0105c\u0105 indic\u0105, stworzona poprzez skrzy\u017cowanie klasycznego OG Kush X z nieznan\u0105 odmian\u0105. Chocia\u017c drugi rodzic jest nieznany z powodu tajemnicy hodowcy, uwa\u017ca si\u0119, \u017ce Marshmallow jest potomkiem rodziny <a href=\"https:\/\/www.allbud.com\/marijuana-strains\/hybrid\/bubble-gum\" target=\"_blank\" rel=\"noopener\">Bubble Gum<\/a> ze wzgl\u0119du na sw\u00f3j niezwykle s\u0142odki, cukrowy smak i \u0142agodne efekty indica. Jak sugeruje nazwa, Marshmallow ma super s\u0142odki smak cukierk\u00f3w, z akcentem orzechowego miodu i odrobin\u0105 owocowo\u015bci.<\/p>\n<div data-testid=\"product-description\">\n<div class=\"truncate-lines__Wrapper-sc-1lknwty-0 YxHAC\">\n<div data-testid=\"truncated-description\">\n<div>\n<div class=\"text__Text-sc-fif1uk-0 kdmKRD\">\n<div class=\"src__Box-sc-1sbtrzs-0 src__Flex-sc-1sbtrzs-1 kWPFqZ hzdsvF\"><\/div>\n<\/p><\/div>\n<\/p><\/div>\n<\/p><\/div>\n<\/p><\/div>\n<\/p><\/div>","protected":false},"excerpt":{"rendered":"<p>Marshmallow Kush to fenotyp Girl Scout Cookies. Nazwa pochodzi od jej chmurkowatych bia\u0142ych trichom\u00f3w i lepkich p\u0105k\u00f3w. Ta odmiana pachnie s\u0142odkimi, mi\u0119towymi terpenami z uroczym, chropowatym akcentem. Marshmallow wprowadza konsument\u00f3w w szcz\u0119\u015bliwy, relaksuj\u0105cy stan. Przyjemna euforia tej odmiany mo\u017ce pom\u00f3c poprawi\u0107 nastr\u00f3j, pobudzi\u0107 apetyt i pom\u00f3c w uspokojeniu niepokoju.<\/p>\n<div data-testid=\"product-description\">\n<div class=\"truncate-lines__Wrapper-sc-1lknwty-0 YxHAC\">\n<div data-testid=\"truncated-description\">\n<div>\n<div class=\"text__Text-sc-fif1uk-0 kdmKRD\">\n<div class=\"src__Box-sc-1sbtrzs-0 src__Flex-sc-1sbtrzs-1 kWPFqZ hzdsvF\">\n<div>PRZYK\u0141ADOWE KATEGORIE PRODUKT\u00d3W<\/div>\n<\/p><\/div>\n<\/p><\/div>\n<\/p><\/div>\n<\/p><\/div>\n<\/p><\/div>\n<\/p><\/div>\n<div class=\"text__Text-sc-fif1uk-0 htoJfX\"><a href=\"https:\/\/jeetersofficial.com\/product-category\/buy-cali-buds\/\">CALI BUDS<\/a><\/div>\n<div data-testid=\"product-description\">\n<div class=\"truncate-lines__Wrapper-sc-1lknwty-0 YxHAC\">\n<div data-testid=\"truncated-description\">\n<div class=\"text__Text-sc-fif1uk-0 kdmKRD\"><a href=\"https:\/\/jeetersofficial.com\/product-category\/backpack-boyz\/\">Backpack\u00a0 Boyz<\/a><\/div>\n<div><a href=\"https:\/\/jeetersofficial.com\/product-category\/snow-balls-weed\/\">SNOWBALLS WEED<\/a><\/div>\n<div><a href=\"https:\/\/jeetersofficial.com\/product-category\/persy-snowcaps\/\">Persy Snowcaps<\/a><\/div>\n<div><a href=\"https:\/\/jeetersofficial.com\/product-category\/drip-snowcaps\/\">Drip Snowcaps<\/a><\/div>\n<div><a href=\"https:\/\/jeetersofficial.com\/product-category\/concentrates\/\">CALI CONCENTRATES<\/a><\/div>\n<div><a href=\"https:\/\/jeetersofficial.com\/product-category\/doja-exclusive\/\">CALI DOJA PACKS EXCLUSIVE<\/a><\/div>\n<div><a href=\"https:\/\/jeetersofficial.com\/product-category\/marijuana-flowers\/\">CALI MARIJUANA FLOWERS<\/a><\/div>\n<\/p><\/div>\n<\/p><\/div>\n<\/p><\/div>\n<div><a href=\"https:\/\/jeetersofficial.com\/product-category\/sativa-strain\/\">CALI SATIVA STRAINS<\/a><\/div>\n<div><a href=\"https:\/\/jeetersofficial.com\/product-category\/indica\/\">CALI INDICA STRAINS<\/a><\/div>\n<div><a href=\"https:\/\/jeetersofficial.com\/product-category\/hybrid-weed\/\">CALI HYBRID WEED<\/a><\/div>","protected":false},"featured_media":1669,"comment_status":"closed","ping_status":"closed","template":"","meta":{"_uag_custom_page_level_css":"","site-sidebar-layout":"default","site-content-layout":"","ast-site-content-layout":"default","site-content-style":"default","site-sidebar-style":"default","ast-global-header-display":"","ast-banner-title-visibility":"","ast-main-header-display":"","ast-hfb-above-header-display":"","ast-hfb-below-header-display":"","ast-hfb-mobile-header-display":"","site-post-title":"","ast-breadcrumbs-content":"","ast-featured-img":"","footer-sml-layout":"","ast-disable-related-posts":"","theme-transparent-header-meta":"","adv-header-id-meta":"","stick-header-meta":"","header-above-stick-meta":"","header-main-stick-meta":"","header-below-stick-meta":"","astra-migrate-meta-layouts":"default","ast-page-background-enabled":"default","ast-page-background-meta":{"desktop":{"background-color":"var(--ast-global-color-5)","background-image":"","background-repeat":"repeat","background-position":"center center","background-size":"auto","background-attachment":"scroll","background-type":"","background-media":"","overlay-type":"","overlay-color":"","overlay-opacity":"","overlay-gradient":""},"tablet":{"background-color":"","background-image":"","background-repeat":"repeat","background-position":"center center","background-size":"auto","background-attachment":"scroll","background-type":"","background-media":"","overlay-type":"","overlay-color":"","overlay-opacity":"","overlay-gradient":""},"mobile":{"background-color":"","background-image":"","background-repeat":"repeat","background-position":"center center","background-size":"auto","background-attachment":"scroll","background-type":"","background-media":"","overlay-type":"","overlay-color":"","overlay-opacity":"","overlay-gradient":""}},"ast-content-background-meta":{"desktop":{"background-color":"var(--ast-global-color-4)","background-image":"","background-repeat":"repeat","background-position":"center center","background-size":"auto","background-attachment":"scroll","background-type":"","background-media":"","overlay-type":"","overlay-color":"","overlay-opacity":"","overlay-gradient":""},"tablet":{"background-color":"var(--ast-global-color-4)","background-image":"","background-repeat":"repeat","background-position":"center center","background-size":"auto","background-attachment":"scroll","background-type":"","background-media":"","overlay-type":"","overlay-color":"","overlay-opacity":"","overlay-gradient":""},"mobile":{"background-color":"var(--ast-global-color-4)","background-image":"","background-repeat":"repeat","background-position":"center center","background-size":"auto","background-attachment":"scroll","background-type":"","background-media":"","overlay-type":"","overlay-color":"","overlay-opacity":"","overlay-gradient":""}}},"product_brand":[],"product_cat":[675],"product_tag":[489,490,491,492,481,493,494,495,472,473,496,497,498,499,500,501,502,503,504],"class_list":{"0":"post-1754","1":"product","2":"type-product","3":"status-publish","4":"has-post-thumbnail","6":"product_cat-buy-cali-buds","7":"product_tag-best-cali-packs","8":"product_tag-buy-cali-bud-or-no-bud-marshmallow-online","9":"product_tag-buy-cali-bud-or-no-bud-online","10":"product_tag-cali-bud-or-no-bud","11":"product_tag-cali-bud-or-no-bud-for-sale","12":"product_tag-cali-bud-or-no-bud-marshmallow","13":"product_tag-cali-bud-or-no-bud-marshmallow-for-sale","14":"product_tag-cali-bud-or-no-bud-marshmallow-near-me","15":"product_tag-cali-bud-or-no-bud-near-me","16":"product_tag-cali-buds","17":"product_tag-cali-marshmallow","18":"product_tag-cannabis-strains","19":"product_tag-marshmallow-cali-bud-or-no-bud","20":"product_tag-marshmallow-cali-bud-or-no-bud-for-sale","21":"product_tag-marshmallow-cali-bud-or-no-bud-near-me","22":"product_tag-marshmallow-strain","23":"product_tag-marshmallow-weed-strain","24":"product_tag-top-cali-bud-packs","25":"product_tag-topo-cali-bags","26":"desktop-align-center","27":"tablet-align-left","28":"mobile-align-left","30":"first","31":"instock","32":"shipping-taxable","33":"purchasable","34":"product-type-variable"},"uagb_featured_image_src":{"full":["https:\/\/caliweedeurope.com\/wp-content\/uploads\/2024\/11\/fullsizeoutput-e1579244645542.jpeg",570,850,false],"thumbnail":["https:\/\/caliweedeurope.com\/wp-content\/uploads\/2024\/11\/fullsizeoutput-e1579244645542-150x150.jpeg",150,150,true],"medium":["https:\/\/caliweedeurope.com\/wp-content\/uploads\/2024\/11\/fullsizeoutput-e1579244645542-201x300.jpeg",201,300,true],"medium_large":["https:\/\/caliweedeurope.com\/wp-content\/uploads\/2024\/11\/fullsizeoutput-e1579244645542.jpeg",570,850,false],"large":["https:\/\/caliweedeurope.com\/wp-content\/uploads\/2024\/11\/fullsizeoutput-e1579244645542.jpeg",570,850,false],"1536x1536":["https:\/\/caliweedeurope.com\/wp-content\/uploads\/2024\/11\/fullsizeoutput-e1579244645542.jpeg",570,850,false],"2048x2048":["https:\/\/caliweedeurope.com\/wp-content\/uploads\/2024\/11\/fullsizeoutput-e1579244645542.jpeg",570,850,false],"trp-custom-language-flag":["https:\/\/caliweedeurope.com\/wp-content\/uploads\/2024\/11\/fullsizeoutput-e1579244645542.jpeg",8,12,false],"woocommerce_thumbnail":["https:\/\/caliweedeurope.com\/wp-content\/uploads\/2024\/11\/fullsizeoutput-e1579244645542-300x300.jpeg",300,300,true],"woocommerce_single":["https:\/\/caliweedeurope.com\/wp-content\/uploads\/2024\/11\/fullsizeoutput-e1579244645542.jpeg",570,850,false],"woocommerce_gallery_thumbnail":["https:\/\/caliweedeurope.com\/wp-content\/uploads\/2024\/11\/fullsizeoutput-e1579244645542-100x100.jpeg",100,100,true]},"uagb_author_info":{"display_name":"jetskiforsaleuk@gmail.com","author_link":"https:\/\/caliweedeurope.com\/pl\/author\/"},"uagb_comment_info":0,"uagb_excerpt":"Marshmallow kush is a Girl Scout Cookies phenotype. Named for its cloudy white trichomes and sticky buds, this strain smells of sweet, minty terpenes with a charming gritty hint. Marshmallow imbues consumers with a happy, relaxing buzz. The strain\u2019s pleasant euphoria can help improve mood, stimulate appetite, and assist with restlessness. SAMPLE PRODUCT CATEGORIES CALI&hellip;","_links":{"self":[{"href":"https:\/\/caliweedeurope.com\/pl\/wp-json\/wp\/v2\/product\/1754"}],"collection":[{"href":"https:\/\/caliweedeurope.com\/pl\/wp-json\/wp\/v2\/product"}],"about":[{"href":"https:\/\/caliweedeurope.com\/pl\/wp-json\/wp\/v2\/types\/product"}],"replies":[{"embeddable":true,"href":"https:\/\/caliweedeurope.com\/pl\/wp-json\/wp\/v2\/comments?post=1754"}],"wp:featuredmedia":[{"embeddable":true,"href":"https:\/\/caliweedeurope.com\/pl\/wp-json\/wp\/v2\/media\/1669"}],"wp:attachment":[{"href":"https:\/\/caliweedeurope.com\/pl\/wp-json\/wp\/v2\/media?parent=1754"}],"wp:term":[{"taxonomy":"product_brand","embeddable":true,"href":"https:\/\/caliweedeurope.com\/pl\/wp-json\/wp\/v2\/product_brand?post=1754"},{"taxonomy":"product_cat","embeddable":true,"href":"https:\/\/caliweedeurope.com\/pl\/wp-json\/wp\/v2\/product_cat?post=1754"},{"taxonomy":"product_tag","embeddable":true,"href":"https:\/\/caliweedeurope.com\/pl\/wp-json\/wp\/v2\/product_tag?post=1754"}],"curies":[{"name":"wp","href":"https:\/\/api.w.org\/{rel}","templated":true}]}}