{"id":1760,"date":"2024-11-05T18:39:16","date_gmt":"2024-11-05T18:39:16","guid":{"rendered":"https:\/\/caliweedeurope.com\/?post_type=product&#038;p=1760"},"modified":"2024-11-05T18:39:18","modified_gmt":"2024-11-05T18:39:18","slug":"buy-cali-bud-pinkberry-strain-online","status":"publish","type":"product","link":"https:\/\/caliweedeurope.com\/pl\/product\/buy-cali-bud-pinkberry-strain-online\/","title":{"rendered":"Buy Cali Bud Pinkberry Strain Online"},"content":{"rendered":"<h1 style=\"text-align: center\"><strong>\u00a0\u00a0 \u00a0<\/strong><strong>PINKBERRY <\/strong><strong>CALI BUD OR NO BUD\u00a0|<\/strong><strong>\u00a0CALI BUD OR NO BUD\u00a0<\/strong><strong>PINKBERRY <\/strong><strong>|<\/strong><strong>\u00a0CALI PLUG CALI BUD OR NO BUD<\/strong><\/h1>\n<p><strong>Cali Bud Pinkberry Strain<\/strong><\/p>\n<p>Cali Pinkberry to bardzo wp\u0142ywowa hybryda konopi, powsta\u0142a z krzy\u017c\u00f3wki truskawki i Grape Ape. Ta niesamowita odmiana jest najlepsza dla pacjent\u00f3w cierpi\u0105cych na l\u0119ki i przewlek\u0142e b\u00f3le. Pinkberry Weed<\/p>\n<p class=\"translation-block\"><b>Pink Berry<\/b> od Apothecary Genetics to pyszny, indica-dominuj\u0105cy szczep, kt\u00f3ry oferuje relaks na \u017cyczenie. Jest to mocne po\u0142\u0105czenie <a href=\"https:\/\/www.leafly.com\/strains\/pink-champagne\" target=\"_blank\" rel=\"noopener\">Pink Champagne<\/a> i <a href=\"https:\/\/www.leafly.com\/strains\/blackberry\" target=\"_blank\" rel=\"noopener\">Blackberry<\/a>, kt\u00f3re oferuje s\u0142odkie, owocowe nuty, pozostaj\u0105c jednocze\u015bnie g\u0142\u0119boko zakorzenionym w genetyce OG. Pink Berry wype\u0142nia umys\u0142 podnosz\u0105c\u0105 na duchu, euforyczn\u0105 energi\u0105, podczas gdy jednocze\u015bnie obci\u0105\u017ca ko\u0144czyny g\u0142\u0119bokim relaksem, co czyni go idealnym wyborem dla konsument\u00f3w szukaj\u0105cych ulgi w przypadku niepokoju, przewlek\u0142ych b\u00f3l\u00f3w fizycznych i z\u0142ych nastroj\u00f3w. pink berry strain<\/p>\n<h2 style=\"text-align: center\"><strong>\u00a0BUY\u00a0<\/strong><strong>PINKBERRY <\/strong><strong>CALI BUD OR NO BUD\u00a0 ONLINE | BUY CALI BUD OR NO BUD\u00a0<\/strong><strong>PINKBERRY <\/strong><strong>ONLINE | BUY CALI BUD OR NO BUD ONLINE<\/strong><\/h2>\n<p><strong>Zastosowania medyczne Pinkberry<\/strong><\/p>\n<p>Ta odmiana gwarantuje natychmiastow\u0105 ulg\u0119 w b\u00f3lu. Jej lekkie efekty mog\u0105 z\u0142agodzi\u0107 pulsuj\u0105ce b\u00f3le oraz nudno\u015bci. Odr\u00f3\u017cniaj\u0105ca si\u0119 odmiana mo\u017ce r\u00f3wnie\u017c pom\u00f3c w walce z objawami PTSD. Cali Plug zapewnia bezpieczny dost\u0119p do wysokiej jako\u015bci medycznych odmian konopi, promuj\u0105c zdrowie, a wi\u0119c i bogactwo. Pinkberry Weed<\/p>\n<div class=\"variety-percentage-wrap\">\n<h4 class=\"variety translation-block\"><a href=\"https:\/\/www.allbud.com\/marijuana-strains\/variety\/indica-dominant-hybrid\" target=\"_blank\" rel=\"noopener\">Hybryda Dominuj\u0105ca Indica<\/a> <span class=\"hidden-xs\">\u2013 <\/span><span class=\"strain-percentages\">70% Indica \/ 30% Sativa<\/span><\/h4>\n<h4 class=\"percentage\"><span class=\"heading\">THC:\u00a0<\/span>14% \u2013 16%,\u00a0<span class=\"heading\">CBD:\u00a0<\/span><em>6<\/em>%<\/h4>\n<\/p><\/div>\n<p>Pink Berry to rzadka hybryda dominuj\u0105ca w indice, stworzona przez skrzy\u017cowanie niesamowicie pysznych odmian Pink Champagne i Blackberry. Smak Pink Berry jest wyj\u0105tkowy, z s\u0142odkimi i owocowymi, cukrowymi, ma\u015blanymi smakami, kt\u00f3re przypominaj\u0105 prawie jedzenie \u015bwie\u017cej fili\u017canki mro\u017conego jogurtu o smaku jagodowym. Zapach przybiera kremow\u0105 nut\u0119 kush, \u0142\u0105cz\u0105c bogate kwiatowe aromaty z owocowo-s\u0142odkimi jagodami, tworz\u0105c uzale\u017cniaj\u0105cy zapach, kt\u00f3ry sprawia, \u017ce b\u0119dziesz pragn\u0105\u0107 wi\u0119cej. Efekt jest r\u00f3wnie s\u0142odki, idealny do relaksu pod koniec d\u0142ugiego dnia lub kiedy potrzebujesz dodatkowej pomocy, aby zasn\u0105\u0107 w nocy.<\/p>\n<h3 style=\"text-align: center\"><strong>PINKBERRY <\/strong><strong>CALI BUD OR NO BUD FOR SALE | CALI BUD OR NO BUD\u00a0\u00a0<\/strong><strong>PINKBERRY <\/strong><strong>FOR SALE | CALI BUD OR NO BUD\u00a0 FOR SALE<\/strong><\/h3>\n<p><strong>Uprawa odmiany Cali Bud Pinkberry<\/strong><\/p>\n<p>Ta odmiana ro\u015bnie nisko i mo\u017ce dobrze rosn\u0105\u0107 zar\u00f3wno w pomieszczeniu, na zewn\u0105trz, jak i w szklarni. Powinna by\u0107 uprawiana przez co najmniej miesi\u0105c, je\u015bli nie pi\u0119\u0107, aby zako\u0144czy\u0107 wegetacj\u0119. Odr\u016fda kwitnie przez osiem do dziewi\u0119ciu tygodni i wyprodukuje gram na watt w pomieszczeniu. Uprawiaj\u0105cy na zewn\u0105trz mog\u0105 zebra\u0107 nawet do funta na ro\u015blin\u0119.<\/p>\n<p>Efekt jest bardzo podnosz\u0105cy na duchu i radosny, nie zwi\u0119kszaj\u0105c przy tym energii. Poczujesz mrowienie w ciele, kt\u00f3re prowadzi ci\u0119 do g\u0142\u0119bokiego relaksu, podczas gdy tw\u00f3j umys\u0142 b\u0142\u0105dzi przez euforyczn\u0105 introspekcj\u0119. Ten umiarkowany efekt cia\u0142a mo\u017ce czasami sprawi\u0107, \u017ce poczujesz si\u0119 \u015bpi\u0105cy, wprawiaj\u0105c ci\u0119 w szcz\u0119\u015bliwy stan sedatywny. Dzi\u0119ki tym efektom oraz wysokiemu poziomowi THC 14-16% i CBD 5-6%, Pink Berry jest doskona\u0142ym wyborem medycznym do leczenia b\u00f3lu przewlek\u0142ego, depresji, stan\u00f3w zapalnych i przewlek\u0142ego zm\u0119czenia. P\u0105ki Pink Berry maj\u0105 okr\u0105g\u0142e, jasne mi\u0119towe zielone p\u0105ki z r\u00f3\u017cowymi odcieniami i pokryte s\u0105 przezroczystymi w\u0142oskami i trichomami.<\/p>\n<h4 style=\"text-align: center\"><strong>CALI BUD OR NO BUD \u00a0<\/strong><strong>PINKBERRY <\/strong><strong>\u00a0NEAR ME | <\/strong><strong>PINKBERRY <\/strong><strong>CALI BUD OR NO BUD\u00a0\u00a0 NEAR ME | CALI BUD OR NO BUD \u00a0NEAR ME<\/strong><\/h4>\n<p><strong>Efekty Cali Bud Pinkberry Strain<\/strong><\/p>\n<p>Rzeczy wok\u00f3\u0142 ciebie, ale nie naprawd\u0119 w stanie prowadzi\u0107 rozm\u00f3w z kimkolwiek wok\u00f3\u0142 ciebie lub robi\u0107 czegokolwiek fizycznego.<br \/> Uczucia<\/p>\n<p><strong>Szcz\u0119\u015bliwy<\/strong><br \/> 49% os\u00f3b twierdzi, \u017ce czuje si\u0119 szcz\u0119\u015bliwych<br \/> <strong>Zrelaksowany<\/strong><br \/> 44% os\u00f3b twierdzi, \u017ce czuje si\u0119 zrelaksowanych<br \/> <strong>Pobudzony<\/strong><br \/> 16% os\u00f3b twierdzi, \u017ce czuje si\u0119 pobudzonych<br \/> <strong>Negatywy<\/strong><br \/> <strong>Sucho\u015b\u0107 w ustach<\/strong><br \/> 17% os\u00f3b twierdzi, \u017ce odczuwa sucho\u015b\u0107 w ustach<br \/> <strong>Suche oczy<\/strong><br \/> 11% os\u00f3b twierdzi, \u017ce odczuwa sucho\u015b\u0107 oczu<br \/> <strong>Zawroty g\u0142owy<\/strong><br \/> 5% os\u00f3b twierdzi, \u017ce odczuwa zawroty g\u0142owy<\/p>\n<p class=\"about-title\"><strong>O Pink Berry<\/strong><\/p>\n<div class=\"effect-wrapper ng-star-inserted\">\n<div>\n<p>Nie nale\u017cy myli\u0107 z sieci\u0105 jogurt\u00f3w mro\u017conych o tej samej nazwie, Pink Berry to smakowita hybryda dominuj\u0105ca w indica. Ta odmiana \u0142\u0105czy genotypy Pink Champagne i Blackberry, zachowuj\u0105c ca\u0142\u0105 moc i smak swoich rodzicielskich odmian. Ten relaksuj\u0105cy kwiat ma zawarto\u015b\u0107 THC w zakresie od 14% do 21%.<\/p>\n<\/p><\/div>\n<\/p><\/div>\n<h5 style=\"text-align: center\"><strong>PINKBERRY <\/strong><strong>\u00a0STRAIN | <\/strong><strong>PINKBERRY <\/strong><strong>WEED STRAIN | CALI <\/strong><strong>PINKBERRY <\/strong><strong>| CALI <\/strong><strong>PINKBERRY <\/strong><strong>\u00a0STRAIN<\/strong><\/h5>\n<p><strong>Ostrze\u017cenie przy u\u017cyciu Cali Bud Pinkberry.<\/strong><\/p>\n<p>Produkt ten zawiera cannabis, substancj\u0119 obj\u0119t\u0105 kontrol\u0105. Przechowywa\u0107 w miejscu niedost\u0119pnym dla dzieci i zwierz\u0105t. Produkty zawieraj\u0105ce cannabis mog\u0105 by\u0107 posiadane lub konsumowane tylko przez osoby powy\u017cej 21. roku \u017cycia, chyba \u017ce osoba jest kwalifikowanym pacjentem. Efekty odurzaj\u0105ce produkt\u00f3w cannabis mog\u0105 utrzymywa\u0107 si\u0119 do dw\u00f3ch godzin. U\u017cywanie cannabis w czasie ci\u0105\u017cy lub karmienia piersi\u0105 mo\u017ce by\u0107 szkodliwe. Spo\u017cycie tych produkt\u00f3w os\u0142abia zdolno\u015b\u0107 do prowadzenia pojazd\u00f3w lub obs\u0142ugi maszyn. Prosz\u0119 zachowa\u0107 szczeg\u00f3ln\u0105 ostro\u017cno\u015b\u0107.<\/p>\n<p>Pink Berry robi wra\u017cenie du\u017cymi kwiatami, kt\u00f3re zachowuj\u0105 solidny i niemal kulisty kszta\u0142t. P\u0105ki wykazuj\u0105 wp\u0142yw indiki z g\u0119st\u0105 struktur\u0105 wewn\u0119trzn\u0105; li\u015bcie zwijaj\u0105 si\u0119 ciasno w stron\u0119 centralnych \u0142odyg. Same li\u015bcie to mozaika z mchu zielonego z okazjonalnymi b\u0142yskami niebieskiego i fioletowego; te ostatnie odcienie powstaj\u0105, gdy pigmenty antocyjanowe w genetyce tej odmiany zostan\u0105 aktywowane przez zimn\u0105 pogod\u0119 w trakcie procesu wzrostu. Na koniec, \u017cywe pomara\u0144czowe pr\u0119ciki i przezroczyste bia\u0142e trichomy sprawiaj\u0105, \u017ce te przyci\u0105gaj\u0105ce wzrok kwiaty s\u0105 jeszcze bardziej kolorowe.<\/p>\n<div data-testid=\"product-description\">\n<div class=\"truncate-lines__Wrapper-sc-1lknwty-0 YxHAC\">\n<div data-testid=\"truncated-description\">\n<div>\n<div class=\"text__Text-sc-fif1uk-0 kdmKRD\">\n<div class=\"src__Box-sc-1sbtrzs-0 src__Flex-sc-1sbtrzs-1 kWPFqZ hzdsvF\">\n<div>PRZYK\u0141ADOWE KATEGORIE PRODUKT\u00d3W<\/div>\n<\/p><\/div>\n<\/p><\/div>\n<\/p><\/div>\n<\/p><\/div>\n<\/p><\/div>\n<\/p><\/div>\n<div class=\"text__Text-sc-fif1uk-0 htoJfX\"><a href=\"https:\/\/jeetersofficial.com\/product-category\/buy-cali-buds\/\" target=\"_blank\" rel=\"noopener\">CALI BUDS<\/a><\/div>\n<div data-testid=\"product-description\">\n<div class=\"truncate-lines__Wrapper-sc-1lknwty-0 YxHAC\">\n<div data-testid=\"truncated-description\">\n<div class=\"text__Text-sc-fif1uk-0 kdmKRD\"><a href=\"https:\/\/jeetersofficial.com\/product-category\/backpack-boyz\/\" target=\"_blank\" rel=\"noopener\">Backpack\u00a0 Boyz<\/a><\/div>\n<div><a href=\"https:\/\/jeetersofficial.com\/product-category\/snow-balls-weed\/\" target=\"_blank\" rel=\"noopener\">SNOWBALLS WEED<\/a><\/div>\n<div><a href=\"https:\/\/jeetersofficial.com\/product-category\/persy-snowcaps\/\" target=\"_blank\" rel=\"noopener\">Persy Snowcaps<\/a><\/div>\n<div><a href=\"https:\/\/jeetersofficial.com\/product-category\/drip-snowcaps\/\" target=\"_blank\" rel=\"noopener\">Drip Snowcaps<\/a><\/div>\n<div><a href=\"https:\/\/jeetersofficial.com\/product-category\/concentrates\/\" target=\"_blank\" rel=\"noopener\">CALI CONCENTRATES<\/a><\/div>\n<div><a href=\"https:\/\/jeetersofficial.com\/product-category\/doja-exclusive\/\" target=\"_blank\" rel=\"noopener\">CALI DOJA PACKS EXCLUSIVE<\/a><\/div>\n<div><a href=\"https:\/\/jeetersofficial.com\/product-category\/marijuana-flowers\/\" target=\"_blank\" rel=\"noopener\">CALI MARIJUANA FLOWERS<\/a><\/div>\n<\/p><\/div>\n<\/p><\/div>\n<\/p><\/div>\n<div><a href=\"https:\/\/jeetersofficial.com\/product-category\/sativa-strain\/\" target=\"_blank\" rel=\"noopener\">CALI SATIVA STRAINS<\/a><\/div>\n<div><a href=\"https:\/\/jeetersofficial.com\/product-category\/indica\/\" target=\"_blank\" rel=\"noopener\">CALI INDICA STRAINS<\/a><\/div>\n<div><a href=\"https:\/\/jeetersofficial.com\/product-category\/hybrid-weed\/\" target=\"_blank\" rel=\"noopener\">CALI HYBRID WEED<\/a><\/div>","protected":false},"excerpt":{"rendered":"<p><strong>Cali Bud Pinkberry Strain<\/strong><\/p>\n<p>Cali Pinkberry to bardzo wp\u0142ywowa hybryda konopi, powsta\u0142a z krzy\u017c\u00f3wki truskawki i Grape Ape. Ta niesamowita odmiana jest najlepsza dla pacjent\u00f3w cierpi\u0105cych na l\u0119ki i przewlek\u0142e b\u00f3le.<\/p>","protected":false},"featured_media":1670,"comment_status":"closed","ping_status":"closed","template":"","meta":{"_uag_custom_page_level_css":"","site-sidebar-layout":"default","site-content-layout":"","ast-site-content-layout":"default","site-content-style":"default","site-sidebar-style":"default","ast-global-header-display":"","ast-banner-title-visibility":"","ast-main-header-display":"","ast-hfb-above-header-display":"","ast-hfb-below-header-display":"","ast-hfb-mobile-header-display":"","site-post-title":"","ast-breadcrumbs-content":"","ast-featured-img":"","footer-sml-layout":"","ast-disable-related-posts":"","theme-transparent-header-meta":"","adv-header-id-meta":"","stick-header-meta":"","header-above-stick-meta":"","header-main-stick-meta":"","header-below-stick-meta":"","astra-migrate-meta-layouts":"default","ast-page-background-enabled":"default","ast-page-background-meta":{"desktop":{"background-color":"var(--ast-global-color-5)","background-image":"","background-repeat":"repeat","background-position":"center center","background-size":"auto","background-attachment":"scroll","background-type":"","background-media":"","overlay-type":"","overlay-color":"","overlay-opacity":"","overlay-gradient":""},"tablet":{"background-color":"","background-image":"","background-repeat":"repeat","background-position":"center center","background-size":"auto","background-attachment":"scroll","background-type":"","background-media":"","overlay-type":"","overlay-color":"","overlay-opacity":"","overlay-gradient":""},"mobile":{"background-color":"","background-image":"","background-repeat":"repeat","background-position":"center center","background-size":"auto","background-attachment":"scroll","background-type":"","background-media":"","overlay-type":"","overlay-color":"","overlay-opacity":"","overlay-gradient":""}},"ast-content-background-meta":{"desktop":{"background-color":"var(--ast-global-color-4)","background-image":"","background-repeat":"repeat","background-position":"center center","background-size":"auto","background-attachment":"scroll","background-type":"","background-media":"","overlay-type":"","overlay-color":"","overlay-opacity":"","overlay-gradient":""},"tablet":{"background-color":"var(--ast-global-color-4)","background-image":"","background-repeat":"repeat","background-position":"center center","background-size":"auto","background-attachment":"scroll","background-type":"","background-media":"","overlay-type":"","overlay-color":"","overlay-opacity":"","overlay-gradient":""},"mobile":{"background-color":"var(--ast-global-color-4)","background-image":"","background-repeat":"repeat","background-position":"center center","background-size":"auto","background-attachment":"scroll","background-type":"","background-media":"","overlay-type":"","overlay-color":"","overlay-opacity":"","overlay-gradient":""}}},"product_brand":[],"product_cat":[675],"product_tag":[489,491,505,506,507,508,509,510,492,481,472,511,512,513,514,473,515,516,517,518,461,519,520,521,522,462,523,524,525,526,527,528],"class_list":{"0":"post-1760","1":"product","2":"type-product","3":"status-publish","4":"has-post-thumbnail","6":"product_cat-buy-cali-buds","7":"product_tag-best-cali-packs","8":"product_tag-buy-cali-bud-or-no-bud-online","9":"product_tag-buy-cali-bud-or-no-bud-pinkberry-online","10":"product_tag-buy-cali-buds","11":"product_tag-buy-pinkberry-cali-bud-or-no-bud-online","12":"product_tag-buy-weed-online","13":"product_tag-by-the-best-cali-buds","14":"product_tag-cali-bags","15":"product_tag-cali-bud-or-no-bud","16":"product_tag-cali-bud-or-no-bud-for-sale","17":"product_tag-cali-bud-or-no-bud-near-me","18":"product_tag-cali-bud-or-no-bud-pinkberry","19":"product_tag-cali-bud-or-no-bud-pinkberry-for-sale","20":"product_tag-cali-bud-or-no-bud-pinkberry-near-me","21":"product_tag-cali-bud-packs","22":"product_tag-cali-buds","23":"product_tag-cali-buds-online","24":"product_tag-cali-flavors","25":"product_tag-cali-flavours","26":"product_tag-cali-gush-lato","27":"product_tag-cali-packs","28":"product_tag-cali-pinkberry","29":"product_tag-cali-pinkberry-strain","30":"product_tag-cali-plug","31":"product_tag-cali-plug-bags","32":"product_tag-cali-plug-cali-bud-or-no-bud","33":"product_tag-order-weed-online","34":"product_tag-pinkberry-cali-bud-or-no-bud","35":"product_tag-pinkberry-cali-bud-or-no-bud-for-sale","36":"product_tag-pinkberry-cali-bud-or-no-bud-near-me","37":"product_tag-pinkberry-strain","38":"product_tag-pinkberry-weed-strain","39":"desktop-align-center","40":"tablet-align-left","41":"mobile-align-left","43":"first","44":"instock","45":"shipping-taxable","46":"purchasable","47":"product-type-variable"},"uagb_featured_image_src":{"full":["https:\/\/caliweedeurope.com\/wp-content\/uploads\/2024\/11\/pinkberry-1.jpg",504,690,false],"thumbnail":["https:\/\/caliweedeurope.com\/wp-content\/uploads\/2024\/11\/pinkberry-1-150x150.jpg",150,150,true],"medium":["https:\/\/caliweedeurope.com\/wp-content\/uploads\/2024\/11\/pinkberry-1-219x300.jpg",219,300,true],"medium_large":["https:\/\/caliweedeurope.com\/wp-content\/uploads\/2024\/11\/pinkberry-1.jpg",504,690,false],"large":["https:\/\/caliweedeurope.com\/wp-content\/uploads\/2024\/11\/pinkberry-1.jpg",504,690,false],"1536x1536":["https:\/\/caliweedeurope.com\/wp-content\/uploads\/2024\/11\/pinkberry-1.jpg",504,690,false],"2048x2048":["https:\/\/caliweedeurope.com\/wp-content\/uploads\/2024\/11\/pinkberry-1.jpg",504,690,false],"trp-custom-language-flag":["https:\/\/caliweedeurope.com\/wp-content\/uploads\/2024\/11\/pinkberry-1.jpg",9,12,false],"woocommerce_thumbnail":["https:\/\/caliweedeurope.com\/wp-content\/uploads\/2024\/11\/pinkberry-1-300x300.jpg",300,300,true],"woocommerce_single":["https:\/\/caliweedeurope.com\/wp-content\/uploads\/2024\/11\/pinkberry-1.jpg",504,690,false],"woocommerce_gallery_thumbnail":["https:\/\/caliweedeurope.com\/wp-content\/uploads\/2024\/11\/pinkberry-1-100x100.jpg",100,100,true]},"uagb_author_info":{"display_name":"jetskiforsaleuk@gmail.com","author_link":"https:\/\/caliweedeurope.com\/pl\/author\/"},"uagb_comment_info":0,"uagb_excerpt":"Cali Bud Pinkberry Strain Cali Pinkberry is a very influential cannabis hybrid strain cross with strawberry and grape ape to get this amazing strain. is best for patients suffering from anxiety and chronic pain.","_links":{"self":[{"href":"https:\/\/caliweedeurope.com\/pl\/wp-json\/wp\/v2\/product\/1760"}],"collection":[{"href":"https:\/\/caliweedeurope.com\/pl\/wp-json\/wp\/v2\/product"}],"about":[{"href":"https:\/\/caliweedeurope.com\/pl\/wp-json\/wp\/v2\/types\/product"}],"replies":[{"embeddable":true,"href":"https:\/\/caliweedeurope.com\/pl\/wp-json\/wp\/v2\/comments?post=1760"}],"wp:featuredmedia":[{"embeddable":true,"href":"https:\/\/caliweedeurope.com\/pl\/wp-json\/wp\/v2\/media\/1670"}],"wp:attachment":[{"href":"https:\/\/caliweedeurope.com\/pl\/wp-json\/wp\/v2\/media?parent=1760"}],"wp:term":[{"taxonomy":"product_brand","embeddable":true,"href":"https:\/\/caliweedeurope.com\/pl\/wp-json\/wp\/v2\/product_brand?post=1760"},{"taxonomy":"product_cat","embeddable":true,"href":"https:\/\/caliweedeurope.com\/pl\/wp-json\/wp\/v2\/product_cat?post=1760"},{"taxonomy":"product_tag","embeddable":true,"href":"https:\/\/caliweedeurope.com\/pl\/wp-json\/wp\/v2\/product_tag?post=1760"}],"curies":[{"name":"wp","href":"https:\/\/api.w.org\/{rel}","templated":true}]}}