{"id":1766,"date":"2024-11-05T18:39:16","date_gmt":"2024-11-05T18:39:16","guid":{"rendered":"https:\/\/caliweedeurope.com\/?post_type=product&#038;p=1766"},"modified":"2024-11-05T18:39:18","modified_gmt":"2024-11-05T18:39:18","slug":"buy-cali-bud-sfv-strain-online","status":"publish","type":"product","link":"https:\/\/caliweedeurope.com\/pl\/product\/buy-cali-bud-sfv-strain-online\/","title":{"rendered":"Buy Cali Bud SFV Strain Online"},"content":{"rendered":"<h1 style=\"text-align: center\"><strong>\u00a0 \u00a0 \u00a0 \u00a0 \u00a0<\/strong><strong>SFV <\/strong><strong>CALI BUD OR NO BUD\u00a0|<\/strong><strong>\u00a0CALI BUD OR NO BUD\u00a0<\/strong><strong>SFV <\/strong><strong>|<\/strong><strong>\u00a0CALI PLUG CALI BUD OR NO BUD<\/strong><\/h1>\n<p><strong>Cali Bud SFV Strain<\/strong><br \/> Cali SFV to niew\u0105tpliwie wp\u0142ywowa hybrydowa kwiatowa odmiana konopi z Cali, doskona\u0142e po\u0142\u0105czenie z truskawk\u0105 i Grape Ape, tworz\u0105ce t\u0119 niesamowit\u0105 odmian\u0119.<\/p>\n<p class=\"translation-block\"><b>Po pierwsze, SFV OG<\/b>, znany r\u00f3wnie\u017c jako \u201eSan Fernando Valley OG\u201d, \u201eSan Fernando Valley Kush\u201d i \u201eSan Fernando Valley\u201d, to <a href=\"https:\/\/www.leafly.com\/strains\/lists\/category\/sativa\" target=\"_blank\" rel=\"noopener\">sativa<\/a>-dominuj\u0105ca hybryda marihuany od Cali Connection, doskona\u0142a dla pacjent\u00f3w potrzebuj\u0105cych silnego u\u015bmierzenia b\u00f3lu, ale niechc\u0105cych by\u0107 przykuci do kanapy. Jak wskazuje nazwa, ten krewny <a href=\"https:\/\/www.leafly.com\/strains\/og-kush\" target=\"_blank\" rel=\"noopener\">OG Kush<\/a> pochodzi z kalifornijskiej doliny San Fernando. Chocia\u017c ich nazwy s\u0105 prawie nie do odr\u00f3\u017cnienia, <a href=\"https:\/\/www.leafly.com\/strains\/sfv-og-kush\" target=\"_blank\" rel=\"noopener\">SFV OG Kush<\/a> jest w rzeczywisto\u015bci dzieckiem krzy\u017c\u00f3wki z <a href=\"https:\/\/www.leafly.com\/strains\/afghani\" target=\"_blank\" rel=\"noopener\">Afghani<\/a> SFV OG. Z aromatycznymi nutami ziemistej sosny i cytryny efekty fizyczne pojawiaj\u0105 si\u0119 troch\u0119 p\u00f3\u017aniej ni\u017c pocz\u0105tkowe odurzenie umys\u0142owe. sfv weed<\/p>\n<h2 style=\"text-align: center\"><strong>BUY\u00a0<\/strong><strong>SFV\u00a0<\/strong><strong>CALI BUD OR NO BUD\u00a0 ONLINE | BUY CALI BUD OR NO BUD\u00a0<\/strong><strong>SFV\u00a0<\/strong><strong>ONLINE | BUY CALI BUD OR NO BUD ONLINE<\/strong><\/h2>\n<p><strong>Zastosowanie medyczne odmiany Cali Bud SFV<\/strong><br \/> Odmiana Cali SFV jest najlepsza dla pacjent\u00f3w cierpi\u0105cych na l\u0119k, stres i b\u00f3l. Ta odmiana gwarantuje natychmiastow\u0105 i ca\u0142kowit\u0105 ulg\u0119 w b\u00f3lu i l\u0119ku. Ta wspania\u0142a i wyj\u0105tkowa odmiana pomaga r\u00f3wnie\u017c w walce z objawami choroby Parkinsona. sfv weed<\/p>\n<h3 style=\"text-align: center\"><strong>SFV\u00a0<\/strong><strong>CALI BUD OR NO BUD FOR SALE | CALI BUD OR NO BUD\u00a0\u00a0<\/strong><strong>SFV\u00a0<\/strong><strong>FOR SALE | CALI BUD OR NO BUD\u00a0 FOR SALE<\/strong><\/h3>\n<p><strong>Efekty odmiany Cali Bud SFV<\/strong><br \/> <strong>Szcz\u0119\u015bliwy<\/strong><br \/> 46% os\u00f3b twierdzi, \u017ce czuje si\u0119 szcz\u0119\u015bliwych<br \/> <strong>Zrelaksowany<\/strong><br \/> 41% os\u00f3b twierdzi, \u017ce czuje si\u0119 zrelaksowanych<br \/> <strong>Pobudzony<\/strong><br \/> 19% os\u00f3b twierdzi, \u017ce czuje si\u0119 pobudzonych<br \/> <strong>Negatywy<\/strong><br \/> <strong>Sucho\u015b\u0107 w ustach<\/strong><br \/> 14% os\u00f3b twierdzi, \u017ce odczuwa sucho\u015b\u0107 w ustach<br \/> <strong>Suche oczy<\/strong><br \/> 10% os\u00f3b twierdzi, \u017ce odczuwa sucho\u015b\u0107 oczu<br \/> <strong>Zawroty g\u0142owy<\/strong><br \/> 9% os\u00f3b twierdzi, \u017ce odczuwa zawroty g\u0142owy<\/p>\n<div class=\"variety-percentage-wrap\">\n<h4 class=\"variety translation-block\"><a href=\"https:\/\/www.allbud.com\/marijuana-strains\/variety\/indica-dominant-hybrid\" target=\"_blank\" rel=\"noopener\">Hybryda Dominuj\u0105ca Indica<\/a> <span class=\"hidden-xs\">\u2013 <\/span><span class=\"strain-percentages\">70% Indica \/ 30% Sativa<\/span><\/h4>\n<h4 class=\"percentage\"><span class=\"heading\">THC:\u00a0<\/span>17% \u2013 22%,\u00a0<span class=\"heading\">CBD:\u00a0<\/span><em>1<\/em>%,\u00a0<span class=\"heading\">CBN:\u00a0<\/span><em>1<\/em>%<\/h4>\n<\/p><\/div>\n<p>SFV OG, znany r\u00f3wnie\u017c jako \u201eSan Fernando Valley OG\u201d w spo\u0142eczno\u015bci konopnej, to pot\u0119\u017cny fenotyp odmiany OG Kush o dominacji indiki (70% indica\/30% sativa), stworzony przez hodowc\u00f3w z legendarnych Cali Connection Farms w Dolinie San Fernando. Ta mocna odmiana ma \u015bredni poziom THC w zakresie od 17% do 22% i charakteryzuje si\u0119 g\u0142\u00f3wnie efektami indiki. U\u017cytkownicy opisuj\u0105 haj SFV OG jako niemal natychmiastowy pocz\u0105tek relaksuj\u0105cych i uspokajaj\u0105cych efekt\u00f3w, kt\u00f3re powoduj\u0105 umiarkowane przywi\u0105zanie do kanapy z lekkim naciskiem w g\u0142owie i ciele, co przynosi ulg\u0119 w b\u00f3lu. Tym efektom towarzyszy poczucie uniesienia i euforii, zr\u00f3wnowa\u017cone g\u0142\u0119bokimi efektami indiki.<\/p>\n<h4 style=\"text-align: center\"><strong>CALI BUD OR NO BUD \u00a0<\/strong><strong>SFV\u00a0<\/strong><strong>\u00a0NEAR ME |\u00a0<\/strong><strong>SFV\u00a0<\/strong><strong>CALI BUD OR NO BUD\u00a0\u00a0 NEAR ME | CALI BUD OR NO BUD \u00a0NEAR ME<\/strong><\/h4>\n<p><strong>Uprawa odmiany Cali Bud SFV<\/strong><br \/> Ta odmiana ro\u015bnie stosunkowo nisko i dobrze sprawdza si\u0119 zar\u00f3wno w uprawie wewn\u0119trznej, jak i zewn\u0119trznej. Nie zawiedzie Ci\u0119 nawet w szklarni. Hodowcy powinni da\u0107 jej co najmniej miesi\u0105c, a najlepiej pi\u0119\u0107, na zako\u0144czenie fazy wegetatywnej. Odmiana kwitnie osiem do dziewi\u0119ciu tygodni i daje gram na wat w uprawie wewn\u0119trznej. Na zewn\u0105trz hodowcy mog\u0105 zebra\u0107 nawet funt na ro\u015blin\u0119.<\/p>\n<p>Ponadto, ze wzgl\u0119du na swoje silne dzia\u0142anie, SFV OG jest idealn\u0105 odmian\u0105 do leczenia pacjent\u00f3w cierpi\u0105cych na \u0142agodne do umiarkowanych przypadki depresji, przewlek\u0142y b\u00f3l spowodowany urazem lub chorob\u0105, skurcze mi\u0119\u015bni i stres. SFV OG ma aromat mandarynek z delikatn\u0105 nut\u0105 diesla oraz smak cytrusowej sosny z s\u0142odkim, dieslowym posmakiem podczas wydechu. P\u0105ki SFV OG maj\u0105 ma\u0142e, ciemnozielone kwiaty z oliwkowymi li\u015b\u0107mi, czerwonobr\u0105zowymi w\u0142oskami i cienk\u0105 warstw\u0105 bia\u0142ych trichom\u00f3w i \u017cywicy.<\/p>\n<p>Od momentu pojawienia si\u0119 oryginalnej OG Kush, pojawi\u0142o si\u0119 wiele r\u00f3\u017cnych fenotyp\u00f3w tej odmiany o po\u017c\u0105danych cechach. Ci\u0119cie, kt\u00f3re by\u0142o przekazywane w San Fernando Valley i sta\u0142o si\u0119 znane jako SFV OG, pochodzi od Swerve z The Cali Connection. Poniewa\u017c oryginalne ci\u0119cie by\u0142o dost\u0119pne tylko jako klon, Swerve kontynuowa\u0142 upraw\u0119 odmiany, ostatecznie mieszaj\u0105c j\u0105 z Afghan #1. Afghan #1 to krzy\u017c\u00f3wka dw\u00f3ch rdzennych odmian Indica z Afganistanu.<\/p>\n<h5 style=\"text-align: center\"><strong style=\"text-align: center;color: #333333;font-size: 14.4px\">SFV <\/strong><strong style=\"text-align: center;color: #333333;font-size: 14.4px\">\u00a0STRAIN | \u00a0<\/strong><strong style=\"text-align: center;color: #333333;font-size: 14.4px\">SFV\u00a0<\/strong><strong style=\"text-align: center;color: #333333;font-size: 14.4px\">WEED STRAIN | CALI\u00a0<\/strong><strong style=\"text-align: center;color: #333333;font-size: 14.4px\">SFV\u00a0<\/strong><strong style=\"text-align: center;color: #333333;font-size: 14.4px\">| CALI\u00a0<\/strong><strong style=\"text-align: center;color: #333333;font-size: 14.4px\">SFV\u00a0<\/strong><strong style=\"text-align: center;color: #333333;font-size: 14.4px\">\u00a0STRAIN<\/strong><\/h5>\n<p><strong>Wysy\u0142ka Cali SFV Strain<\/strong><br \/> Wysy\u0142ka jest 100% dyskretna, a my oferujemy gwarancj\u0119 bezpiecznej dostawy lub pe\u0142ny zwrot pieni\u0119dzy, je\u015bli klient anuluje zam\u00f3wienie. Oferujemy dyskretn\u0105 wysy\u0142k\u0119 na ca\u0142ym \u015bwiecie tych wysokiej jako\u015bci torebek Cali Bud.<\/p>\n<p>Dostawa Cali SFV Strain<br \/> Oczywi\u015bcie, realizujemy dyskretn\u0105 dostaw\u0119 tych najwy\u017cszej jako\u015bci Cali plug buds na ca\u0142ym \u015bwiecie. Czas dostawy zale\u017cy w du\u017cej mierze od miejsca, w kt\u00f3rym znajduje si\u0119 klient w momencie sk\u0142adania zam\u00f3wienia. Z\u0142\u00f3\u017c zam\u00f3wienie teraz i otrzymaj Cali buds dostarczone dyskretnie pod sw\u00f3j adres bez \u017cadnych problem\u00f3w.<\/p>\n<p>Ostrze\u017cenie dotycz\u0105ce odmiany Cali SFV.<br \/> Na koniec, ten produkt zawiera kanabis, substancj\u0119 kontrolowan\u0105. Trzyma\u0107 z dala od dzieci i zwierz\u0105t. Produkty zawieraj\u0105ce kanabis mog\u0105 by\u0107 posiadane lub konsumowane tylko przez osoby powy\u017cej 21. roku \u017cycia, chyba \u017ce osoba jest kwalifikowanym pacjentem. Efekty odurzaj\u0105ce produkt\u00f3w kanabisowych mog\u0105 utrzymywa\u0107 si\u0119 do dw\u00f3ch godzin. Spo\u017cycie kanabisu w czasie ci\u0105\u017cy lub karmienia piersi\u0105 mo\u017ce by\u0107 szkodliwe. Spo\u017cycie tych produkt\u00f3w os\u0142abia zdolno\u015b\u0107 do prowadzenia pojazd\u00f3w i obs\u0142ugi maszyn. Prosz\u0119 zachowa\u0107 szczeg\u00f3ln\u0105 ostro\u017cno\u015b\u0107.<\/p>\n<div data-testid=\"product-description\">\n<div class=\"truncate-lines__Wrapper-sc-1lknwty-0 YxHAC\">\n<div data-testid=\"truncated-description\">\n<div>\n<div class=\"text__Text-sc-fif1uk-0 kdmKRD\">\n<div class=\"src__Box-sc-1sbtrzs-0 src__Flex-sc-1sbtrzs-1 kWPFqZ hzdsvF\">\n<div>PRZYK\u0141ADOWE KATEGORIE PRODUKT\u00d3W<\/div>\n<\/p><\/div>\n<\/p><\/div>\n<\/p><\/div>\n<\/p><\/div>\n<\/p><\/div>\n<\/p><\/div>\n<div class=\"text__Text-sc-fif1uk-0 htoJfX\"><a href=\"https:\/\/jeetersofficial.com\/product-category\/buy-cali-buds\/\" target=\"_blank\" rel=\"noopener\">CALI BUDS<\/a><\/div>\n<div data-testid=\"product-description\">\n<div class=\"truncate-lines__Wrapper-sc-1lknwty-0 YxHAC\">\n<div data-testid=\"truncated-description\">\n<div class=\"text__Text-sc-fif1uk-0 kdmKRD\"><a href=\"https:\/\/jeetersofficial.com\/product-category\/backpack-boyz\/\" target=\"_blank\" rel=\"noopener\">Backpack\u00a0 Boyz<\/a><\/div>\n<div><a href=\"https:\/\/jeetersofficial.com\/product-category\/snow-balls-weed\/\" target=\"_blank\" rel=\"noopener\">SNOWBALLS WEED<\/a><\/div>\n<div><a href=\"https:\/\/jeetersofficial.com\/product-category\/persy-snowcaps\/\" target=\"_blank\" rel=\"noopener\">Persy Snowcaps<\/a><\/div>\n<div><a href=\"https:\/\/jeetersofficial.com\/product-category\/drip-snowcaps\/\" target=\"_blank\" rel=\"noopener\">Drip Snowcaps<\/a><\/div>\n<div><a href=\"https:\/\/jeetersofficial.com\/product-category\/concentrates\/\" target=\"_blank\" rel=\"noopener\">CALI CONCENTRATES<\/a><\/div>\n<div><a href=\"https:\/\/jeetersofficial.com\/product-category\/doja-exclusive\/\" target=\"_blank\" rel=\"noopener\">CALI DOJA PACKS EXCLUSIVE<\/a><\/div>\n<div><a href=\"https:\/\/jeetersofficial.com\/product-category\/marijuana-flowers\/\" target=\"_blank\" rel=\"noopener\">CALI MARIJUANA FLOWERS<\/a><\/div>\n<\/p><\/div>\n<\/p><\/div>\n<\/p><\/div>\n<div><a href=\"https:\/\/jeetersofficial.com\/product-category\/sativa-strain\/\" target=\"_blank\" rel=\"noopener\">CALI SATIVA STRAINS<\/a><\/div>\n<div><a href=\"https:\/\/jeetersofficial.com\/product-category\/indica\/\" target=\"_blank\" rel=\"noopener\">CALI INDICA STRAINS<\/a><\/div>\n<div><a href=\"https:\/\/jeetersofficial.com\/product-category\/hybrid-weed\/\" target=\"_blank\" rel=\"noopener\">CALI HYBRID WEED<\/a><\/div>","protected":false},"excerpt":{"rendered":"<p><strong>Cali Bud SFV Strain<\/strong><br \/> Cali SFV to niew\u0105tpliwie wp\u0142ywowa hybrydowa kwiatowa odmiana konopi z Cali, doskona\u0142e po\u0142\u0105czenie z truskawk\u0105 i Grape Ape, tworz\u0105ce t\u0119 niesamowit\u0105 odmian\u0119.<\/p>\n<p><strong>Zastosowanie medyczne odmiany Cali Bud SFV<\/strong><br \/> Odmiana Cali SFV jest najlepsza dla pacjent\u00f3w cierpi\u0105cych na l\u0119k, stres i b\u00f3l. Ta odmiana gwarantuje natychmiastow\u0105 i ca\u0142kowit\u0105 ulg\u0119 w b\u00f3lu i l\u0119ku. Ta wspania\u0142a i wyj\u0105tkowa odmiana pomaga r\u00f3wnie\u017c w walce z objawami choroby Parkinsona.<\/p>","protected":false},"featured_media":1701,"comment_status":"closed","ping_status":"closed","template":"","meta":{"_uag_custom_page_level_css":"","site-sidebar-layout":"default","site-content-layout":"","ast-site-content-layout":"default","site-content-style":"default","site-sidebar-style":"default","ast-global-header-display":"","ast-banner-title-visibility":"","ast-main-header-display":"","ast-hfb-above-header-display":"","ast-hfb-below-header-display":"","ast-hfb-mobile-header-display":"","site-post-title":"","ast-breadcrumbs-content":"","ast-featured-img":"","footer-sml-layout":"","ast-disable-related-posts":"","theme-transparent-header-meta":"","adv-header-id-meta":"","stick-header-meta":"","header-above-stick-meta":"","header-main-stick-meta":"","header-below-stick-meta":"","astra-migrate-meta-layouts":"default","ast-page-background-enabled":"default","ast-page-background-meta":{"desktop":{"background-color":"var(--ast-global-color-5)","background-image":"","background-repeat":"repeat","background-position":"center center","background-size":"auto","background-attachment":"scroll","background-type":"","background-media":"","overlay-type":"","overlay-color":"","overlay-opacity":"","overlay-gradient":""},"tablet":{"background-color":"","background-image":"","background-repeat":"repeat","background-position":"center center","background-size":"auto","background-attachment":"scroll","background-type":"","background-media":"","overlay-type":"","overlay-color":"","overlay-opacity":"","overlay-gradient":""},"mobile":{"background-color":"","background-image":"","background-repeat":"repeat","background-position":"center center","background-size":"auto","background-attachment":"scroll","background-type":"","background-media":"","overlay-type":"","overlay-color":"","overlay-opacity":"","overlay-gradient":""}},"ast-content-background-meta":{"desktop":{"background-color":"var(--ast-global-color-4)","background-image":"","background-repeat":"repeat","background-position":"center center","background-size":"auto","background-attachment":"scroll","background-type":"","background-media":"","overlay-type":"","overlay-color":"","overlay-opacity":"","overlay-gradient":""},"tablet":{"background-color":"var(--ast-global-color-4)","background-image":"","background-repeat":"repeat","background-position":"center center","background-size":"auto","background-attachment":"scroll","background-type":"","background-media":"","overlay-type":"","overlay-color":"","overlay-opacity":"","overlay-gradient":""},"mobile":{"background-color":"var(--ast-global-color-4)","background-image":"","background-repeat":"repeat","background-position":"center center","background-size":"auto","background-attachment":"scroll","background-type":"","background-media":"","overlay-type":"","overlay-color":"","overlay-opacity":"","overlay-gradient":""}}},"product_brand":[],"product_cat":[675],"product_tag":[489,491,529,506,530,508,509,510,531,492,481,472,532,533,534,514,473,515,516,517,518,461,521,522,535,536,462,537,538,539,463,540,541,542,543,544,545],"class_list":{"0":"post-1766","1":"product","2":"type-product","3":"status-publish","4":"has-post-thumbnail","6":"product_cat-buy-cali-buds","7":"product_tag-best-cali-packs","8":"product_tag-buy-cali-bud-or-no-bud-online","9":"product_tag-buy-cali-bud-or-no-bud-sfv-online","10":"product_tag-buy-cali-buds","11":"product_tag-buy-sfv-cali-bud-or-no-bud-online","12":"product_tag-buy-weed-online","13":"product_tag-by-the-best-cali-buds","14":"product_tag-cali-bags","15":"product_tag-cali-bud","16":"product_tag-cali-bud-or-no-bud","17":"product_tag-cali-bud-or-no-bud-for-sale","18":"product_tag-cali-bud-or-no-bud-near-me","19":"product_tag-cali-bud-or-no-bud-sfv","20":"product_tag-cali-bud-or-no-bud-sfv-for-sale","21":"product_tag-cali-bud-or-no-bud-sfv-near-me","22":"product_tag-cali-bud-packs","23":"product_tag-cali-buds","24":"product_tag-cali-buds-online","25":"product_tag-cali-flavors","26":"product_tag-cali-flavours","27":"product_tag-cali-gush-lato","28":"product_tag-cali-packs","29":"product_tag-cali-plug","30":"product_tag-cali-plug-bags","31":"product_tag-cali-plug-bud","32":"product_tag-cali-plug-buds","33":"product_tag-cali-plug-cali-bud-or-no-bud","34":"product_tag-cali-plug-strains","35":"product_tag-cali-sfv","36":"product_tag-cali-sfv-strain","37":"product_tag-cali-straina","38":"product_tag-calibud","39":"product_tag-sfv-cali-bud-or-no-bud","40":"product_tag-sfv-cali-bud-or-no-bud-for-sale","41":"product_tag-sfv-cali-bud-or-no-bud-near-me","42":"product_tag-sfv-strain","43":"product_tag-sfv-weed-strain","44":"desktop-align-center","45":"tablet-align-left","46":"mobile-align-left","48":"first","49":"instock","50":"shipping-taxable","51":"purchasable","52":"product-type-variable"},"uagb_featured_image_src":{"full":["https:\/\/caliweedeurope.com\/wp-content\/uploads\/2024\/11\/sfv.jpg",458,673,false],"thumbnail":["https:\/\/caliweedeurope.com\/wp-content\/uploads\/2024\/11\/sfv-150x150.jpg",150,150,true],"medium":["https:\/\/caliweedeurope.com\/wp-content\/uploads\/2024\/11\/sfv-204x300.jpg",204,300,true],"medium_large":["https:\/\/caliweedeurope.com\/wp-content\/uploads\/2024\/11\/sfv.jpg",458,673,false],"large":["https:\/\/caliweedeurope.com\/wp-content\/uploads\/2024\/11\/sfv.jpg",458,673,false],"1536x1536":["https:\/\/caliweedeurope.com\/wp-content\/uploads\/2024\/11\/sfv.jpg",458,673,false],"2048x2048":["https:\/\/caliweedeurope.com\/wp-content\/uploads\/2024\/11\/sfv.jpg",458,673,false],"trp-custom-language-flag":["https:\/\/caliweedeurope.com\/wp-content\/uploads\/2024\/11\/sfv.jpg",8,12,false],"woocommerce_thumbnail":["https:\/\/caliweedeurope.com\/wp-content\/uploads\/2024\/11\/sfv-300x300.jpg",300,300,true],"woocommerce_single":["https:\/\/caliweedeurope.com\/wp-content\/uploads\/2024\/11\/sfv.jpg",458,673,false],"woocommerce_gallery_thumbnail":["https:\/\/caliweedeurope.com\/wp-content\/uploads\/2024\/11\/sfv-100x100.jpg",100,100,true]},"uagb_author_info":{"display_name":"jetskiforsaleuk@gmail.com","author_link":"https:\/\/caliweedeurope.com\/pl\/author\/"},"uagb_comment_info":0,"uagb_excerpt":"Cali Bud SFV Strain Cali SFV is an undoubtedly influential cannabis hybrid Cali flower, a perfect cross with strawberry and grape ape to get this amazing strain. Medical Uses Of Cali Bud SFV Strain Cali SFV Strain is best for patients suffering from anxiety, stress, and pain. This strain fully guarantees immediate and total relief&hellip;","_links":{"self":[{"href":"https:\/\/caliweedeurope.com\/pl\/wp-json\/wp\/v2\/product\/1766"}],"collection":[{"href":"https:\/\/caliweedeurope.com\/pl\/wp-json\/wp\/v2\/product"}],"about":[{"href":"https:\/\/caliweedeurope.com\/pl\/wp-json\/wp\/v2\/types\/product"}],"replies":[{"embeddable":true,"href":"https:\/\/caliweedeurope.com\/pl\/wp-json\/wp\/v2\/comments?post=1766"}],"wp:featuredmedia":[{"embeddable":true,"href":"https:\/\/caliweedeurope.com\/pl\/wp-json\/wp\/v2\/media\/1701"}],"wp:attachment":[{"href":"https:\/\/caliweedeurope.com\/pl\/wp-json\/wp\/v2\/media?parent=1766"}],"wp:term":[{"taxonomy":"product_brand","embeddable":true,"href":"https:\/\/caliweedeurope.com\/pl\/wp-json\/wp\/v2\/product_brand?post=1766"},{"taxonomy":"product_cat","embeddable":true,"href":"https:\/\/caliweedeurope.com\/pl\/wp-json\/wp\/v2\/product_cat?post=1766"},{"taxonomy":"product_tag","embeddable":true,"href":"https:\/\/caliweedeurope.com\/pl\/wp-json\/wp\/v2\/product_tag?post=1766"}],"curies":[{"name":"wp","href":"https:\/\/api.w.org\/{rel}","templated":true}]}}