{"id":1772,"date":"2024-11-05T18:39:19","date_gmt":"2024-11-05T18:39:19","guid":{"rendered":"https:\/\/caliweedeurope.com\/?post_type=product&#038;p=1772"},"modified":"2024-11-05T18:39:26","modified_gmt":"2024-11-05T18:39:26","slug":"buy-cali-bud-sundae-driver-online","status":"publish","type":"product","link":"https:\/\/caliweedeurope.com\/pl\/product\/buy-cali-bud-sundae-driver-online\/","title":{"rendered":"Buy Cali Bud Sundae Driver Online"},"content":{"rendered":"<h1 style=\"text-align: center\"><strong>\u00a0 \u00a0 \u00a0 \u00a0 \u00a0<\/strong><strong>SUNDAE DRIVER <\/strong><strong>CALI BUD OR NO BUD\u00a0|<\/strong><strong>\u00a0CALI BUD OR NO BUD\u00a0<\/strong><strong>SUNDAE DRIVER <\/strong><strong>|<\/strong><strong>\u00a0CALI PLUG CALI BUD OR NO BUD<\/strong><\/h1>\n<p><strong>Cali Bud albo brak Bud Sundae Driver<\/strong><br \/> Kup smak konopi Cali Bud Sundae Driver online. Gor\u0105ce i modne najwy\u017cszej jako\u015bci indoor Cali Buds w sprzeda\u017cy w sklepie internetowym Cali Plug w atrakcyjnych cenach. Cali Sundae Driver to wp\u0142ywowa hybryda z dominacj\u0105 Sativy, powsta\u0142a z krzy\u017c\u00f3wki Strawberry i Grape Ape, aby stworzy\u0107 t\u0119 niesamowit\u0105 odmian\u0119.<\/p>\n<p class=\"translation-block\"><b>Sundae Driver<\/b>, znany r\u00f3wnie\u017c jako \u201eSunday Driver\u201d, to\u00a0<a href=\"https:\/\/www.leafly.com\/strains\/lists\/category\/hybrid\" target=\"_blank\" rel=\"noopener\">hybrydowa odmiana marihuany<\/a>, powsta\u0142a poprzez skrzy\u017cowanie FPOG z\u00a0<a href=\"https:\/\/www.leafly.com\/strains\/grape-pie\" target=\"_blank\" rel=\"noopener\">Grape Pie<\/a>. Efekty tej odmiany sprawi\u0105, \u017ce poczujesz si\u0119 zr\u00f3wnowa\u017cony, spokojny i\u00a0<a href=\"https:\/\/www.leafly.com\/strains\/lists\/effect\/happy\" target=\"_blank\" rel=\"noopener\">szcz<\/a>\u0119\u015bliwy<a href=\"https:\/\/www.leafly.com\/strains\/lists\/effect\/happy\" target=\"_blank\" rel=\"noopener\">.<\/a> Sundae Driver ma s\u0142odki, \u0142agodny i kremowy smak. sundae driver weed<\/p>\n<p>Sundae Driver to jedna z tych odmian, kt\u00f3re s\u0105 idealne dla prawie ka\u017cdego \u2013 nowi u\u017cytkownicy mog\u0105 zacz\u0105\u0107 powoli i zaplanowa\u0107 swoje odurzenie na p\u00f3\u017aniejsz\u0105 cz\u0119\u015b\u0107 dnia, podczas gdy do\u015bwiadczeni u\u017cytkownicy mog\u0105 cieszy\u0107 si\u0119 t\u0105 odmian\u0105 bez ogranicze\u0144. Jej mieszanka wspania\u0142ych smak\u00f3w i zr\u00f3wnowa\u017conych efekt\u00f3w zazwyczaj spe\u0142nia wszystkie oczekiwania, niezale\u017cnie od plan\u00f3w na dzie\u0144.<\/p>\n<h2 style=\"text-align: center\"><strong style=\"font-size: 23.04px;text-align: center;color: #333333\">\u00a0BUY <\/strong><strong style=\"font-size: 23.04px;text-align: center;color: #333333\">SUNDAE DRIVER\u00a0<\/strong><strong style=\"font-size: 23.04px;text-align: center;color: #333333\">CALI BUD OR NO BUD\u00a0 ONLINE | BUY CALI BUD OR NO BUD\u00a0<\/strong><strong style=\"font-size: 23.04px;text-align: center;color: #333333\">SUNDAE DRIVER\u00a0<\/strong><strong style=\"font-size: 23.04px;text-align: center;color: #333333\">ONLINE | BUY CALI BUD OR NO BUD ONLINE<\/strong><\/h2>\n<p><strong>Medyczne zastosowania odmiany konopi Cali Bud Sundae Driver<\/strong><br \/> Odmiana Cali Sundae Driver jest najlepsza dla pacjent\u00f3w cierpi\u0105cych na stres i skurcze mi\u0119\u015bni. Ta odmiana gwarantuje natychmiastow\u0105 ulg\u0119 w b\u00f3lu i l\u0119ku. Mo\u017ce r\u00f3wnie\u017c s\u0142u\u017cy\u0107 jako lekarstwo na pulsuj\u0105ce b\u00f3le oraz nudno\u015bci. Odmiana ta mo\u017ce tak\u017ce pom\u00f3c w walce z objawami PTSD. Kup najwy\u017cszej jako\u015bci odmiany Cali od Cali Weed Plug dla prawdziwych p\u0105k\u00f3w i bezpiecznej dostawy.<\/p>\n<p>Sundae Driver to niemal r\u00f3wnomierny szczep marihuany hybrydowej (50% Sativa\/50% Indica), stworzony przez skrzy\u017cowanie szczep\u00f3w Grape Pie i Fruity Pebbles OG. Poziomy THC tego szczepu s\u0105 stosunkowo umiarkowane i nie przekraczaj\u0105 16%, co czyni go \u0142agodnym szczepem, kt\u00f3ry mo\u017ce cieszy\u0107 ka\u017cdego u\u017cytkownika. Poziomy CBD wynosz\u0105 mniej ni\u017c 1%.<br \/> P\u0105ki Sundae Driver s\u0105 pi\u0119knie oliwkowozielone z winogronowymi odcieniami, uzupe\u0142nione obfito\u015bci\u0105 jasnopomara\u0144czowych s\u0142upk\u00f3w i puszystych mlecznobia\u0142ych trichom\u00f3w.<br \/> Aromat tej odmiany jest g\u0142\u00f3wnie ziemisty, z wyra\u017anymi owocowymi i czekoladowymi nutami. Smak przypomina deser, dekadencki z s\u0142odk\u0105 czekolad\u0105 i cukrowymi owocami przy wydychaniu.<\/p>\n<h3 style=\"text-align: center\"><strong>SUNDAE DRIVER <\/strong><strong>CALI BUD OR NO BUD FOR SALE | CALI BUD OR NO BUD\u00a0\u00a0<\/strong><strong>SUNDAE DRIVER\u00a0<\/strong><strong>FOR SALE | CALI BUD OR NO BUD\u00a0 FOR SALE<\/strong><\/h3>\n<p><strong>Uprawa odmiany konopi Sundae Driver<\/strong><br \/> Ta odmiana rozwija si\u0119 kr\u00f3tka i mo\u017ce dobrze rosn\u0105\u0107 zar\u00f3wno w pomieszczeniach, na zewn\u0105trz, jak i w szklarni. Kwiat kwitnie przez osiem do dziewi\u0119ciu tygodni i daje gram na wat w pomieszczeniach. Uprawiaj\u0105cy na zewn\u0105trz mog\u0105 zebra\u0107 nawet funt z jednej ro\u015bliny.<\/p>\n<p class=\"translation-block\">High z Sundae Driver zaczyna si\u0119 powoli, delikatnie oczyszczaj\u0105c tw\u00f3j umys\u0142 z niepo\u017c\u0105danych my\u015bli, usuwaj\u0105c zmartwienia, stres i l\u0119ki. Powoli podnosi ducha, przenosz\u0105c u\u017cytkownika w stan spokoju i euforii, promuj\u0105c spok\u00f3j, szcz\u0119\u015bcie i czyst\u0105 rado\u015b\u0107. Po ustabilizowaniu si\u0119 efekt\u00f3w m\u00f3zgowych, high powoli zaczyna schodzi\u0107 z g\u0142owy w d\u00f3\u0142, stopniowo rozlu\u017aniaj\u0105c cia\u0142o, a\u017c staje si\u0119 lekkie jak pi\u00f3rko. Je\u015bli spo\u017cycie jest umiarkowane, high utrzymuje si\u0119 troch\u0119 d\u0142u\u017cej w mi\u0119\u015bniach i stawach, zapewniaj\u0105c u\u017cytkownikowi naprawd\u0119 zr\u00f3wnowa\u017cone do\u015bwiadczenie. W tym momencie by\u0107 mo\u017ce zechcesz wzi\u0105\u0107 kolejny buch i powoli zanurzy\u0107 si\u0119 w zadawalaj\u0105c\u0105 drzemk\u0119, lub nie, i pozwoli\u0107, by grawitacja ludzkiego do\u015bwiadczenia stopniowo przej\u0119\u0142a kontrol\u0119 nad twoim cia\u0142em i umys\u0142em, przywracaj\u0105c ci\u0119 do rzeczywisto\u015bci. Tak czy inaczej, do\u015bwiadczenie z Sundae Driver jest bez w\u0105tpienia <a href=\"https:\/\/caliplugcarts.com\/product-category\/cali-bud\/\" target=\"_blank\" rel=\"noopener\">przyjemne<\/a> w ka\u017cdym przypadku<\/p>\n<h4 style=\"text-align: center\"><strong>CALI BUD OR NO BUD \u00a0<\/strong><strong>SUNDAE DRIVER\u00a0<\/strong><strong>\u00a0NEAR ME |\u00a0<\/strong><strong>SUNDAE DRIVER\u00a0<\/strong><strong>CALI BUD OR NO BUD\u00a0\u00a0 NEAR ME | CALI BUD OR NO BUD \u00a0NEAR ME<\/strong><\/h4>\n<p><strong>\u00a0Efekty Sundae Driver<\/strong><br \/> <strong>Efekt fizyczny<\/strong>, Euforia, Relaks, Senny, Podnosz\u0105cy na duchu<\/p>\n<p><strong>Mo\u017ce przynie\u015b\u0107 ulg\u0119<\/strong><br \/> L\u0119k, Przewlek\u0142y b\u00f3l, Depresja, Bezsenno\u015b\u0107, PTSD, Stres<br \/> <strong>Smaki<\/strong><br \/> Cukierek, Czekolada, Kremowy, Owocowy, Cukrowy, S\u0142odki<br \/> <strong>Aromaty<\/strong><br \/> Czekolada, Ziemisty, Owocowy, Zio\u0142owy, S\u0142odki<\/p>\n<p>Terpeny<br \/> Linalool<br \/> Limonen<br \/> Kariofilen<\/p>\n<p class=\"translation-block\">Pozytywne efekty:<br> Szcz\u0119\u015bcie<br> Euforia<br> Relaksacja<br> Ulga w stresie<br> Poprawa nastroju<\/p>\n<p class=\"translation-block\">Efekty uboczne:<br> Suche oczy<br> Suche usta<br> Zawroty g\u0142owy<\/p>\n<h5 style=\"text-align: center\"><strong>SUNDAE DRIVER\u00a0<\/strong><strong>\u00a0STRAIN | \u00a0<\/strong><strong>SUNDAE DRIVER\u00a0<\/strong><strong>WEED STRAIN | CALI\u00a0<\/strong><strong>SUNDAE DRIVER\u00a0<\/strong><strong>| CALI\u00a0<\/strong><strong>SUNDAE DRIVER\u00a0<\/strong><strong>\u00a0STRAIN<\/strong><\/h5>\n<p><strong>\u00a0Ostrze\u017cenie.<\/strong><br \/> Produkt ten zawiera konopie, substancj\u0119 kontrolowan\u0105. Przechowywa\u0107 w miejscu niedost\u0119pnym dla dzieci i zwierz\u0105t. <a href=\"https:\/\/caliplugcarts.com\/product-category\/cali-carts\/\" target=\"_blank\" rel=\"noopener\">Cannabis<\/a> produkty mog\u0105 by\u0107 posiadane lub konsumowane tylko przez osoby powy\u017cej 21. roku \u017cycia, chyba \u017ce osoba jest wykwalifikowanym pacjentem. Efekty odurzaj\u0105ce produkt\u00f3w z konopi mog\u0105 utrzymywa\u0107 si\u0119 do dw\u00f3ch godzin. U\u017cywanie konopi w czasie ci\u0105\u017cy lub karmienia piersi\u0105 mo\u017ce by\u0107 szkodliwe. Konsumpcja tych produkt\u00f3w upo\u015bledza zdolno\u015b\u0107 prowadzenia pojazd\u00f3w lub obs\u0142ugiwania maszyn. Prosz\u0119 zachowa\u0107 szczeg\u00f3ln\u0105 ostro\u017cno\u015b\u0107.<\/p>\n<p>Je\u015bli kiedykolwiek pragn\u0105\u0142e\u015b idealnej odmiany na niedzieln\u0105 przeja\u017cd\u017ck\u0119, oczywi\u015bcie jako pasa\u017cer, rozwa\u017c Sundae Driver, produkt Cannarado Genetics. Krzy\u017cuj\u0105c Fruity Pebbles OG i Grape Pie, ten tajemniczy zesp\u00f3\u0142 stworzy\u0142 r\u00f3wnowa\u017cony hybrydowy szczep, kt\u00f3ry jest \u015bwietnym towarzyszem podr\u00f3\u017cy lub r\u00f3wnie dobrze sprawdza si\u0119 w domu.<\/p>\n<p>Wystarczaj\u0105co \u0142agodny dla wi\u0119kszo\u015bci u\u017cytkownik\u00f3w, aby go cieszy\u0107, zawarto\u015b\u0107 THC w Sundae Driver wynosi od 14% do 16%.<\/p>\n<p>Ze wzgl\u0119du na swoje weso\u0142e i beztroskie podej\u015bcie, Sundae Driver jest cz\u0119sto wykorzystywana przez pacjent\u00f3w medycznych w leczeniu problem\u00f3w psychicznych, takich jak depresja, l\u0119ki, PTSD i inne. M\u00f3wi si\u0119 jednak, \u017ce jest r\u00f3wnie\u017c pomocna w przypadku dolegliwo\u015bci fizycznych, wi\u0119c nast\u0119pnym razem, gdy b\u0119dziesz mia\u0142 migren\u0119 lub problem zdrowotny zwi\u0105zany z kobietami, spr\u00f3buj wzi\u0105\u0107 kilka buch\u00f3w. Ponownie, je\u015bli masz nisk\u0105 tolerancj\u0119 i si\u0119gniesz po wi\u0119cej, Sundae Driver mo\u017ce r\u00f3wnie\u017c pom\u00f3c w walce z bezsenno\u015bci\u0105.<\/p>\n<div data-testid=\"product-description\">\n<div class=\"truncate-lines__Wrapper-sc-1lknwty-0 YxHAC\">\n<div data-testid=\"truncated-description\">\n<div>\n<div class=\"text__Text-sc-fif1uk-0 kdmKRD\">\n<div class=\"src__Box-sc-1sbtrzs-0 src__Flex-sc-1sbtrzs-1 kWPFqZ hzdsvF\">\n<div>PRZYK\u0141ADOWE KATEGORIE PRODUKT\u00d3W<\/div>\n<\/p><\/div>\n<\/p><\/div>\n<\/p><\/div>\n<\/p><\/div>\n<\/p><\/div>\n<\/p><\/div>\n<div class=\"text__Text-sc-fif1uk-0 htoJfX\"><a href=\"https:\/\/jeetersofficial.com\/product-category\/buy-cali-buds\/\" target=\"_blank\" rel=\"noopener\">CALI BUDS<\/a><\/div>\n<div data-testid=\"product-description\">\n<div class=\"truncate-lines__Wrapper-sc-1lknwty-0 YxHAC\">\n<div data-testid=\"truncated-description\">\n<div class=\"text__Text-sc-fif1uk-0 kdmKRD\"><a href=\"https:\/\/jeetersofficial.com\/product-category\/backpack-boyz\/\" target=\"_blank\" rel=\"noopener\">Backpack\u00a0 Boyz<\/a><\/div>\n<div><a href=\"https:\/\/jeetersofficial.com\/product-category\/snow-balls-weed\/\" target=\"_blank\" rel=\"noopener\">SNOWBALLS WEED<\/a><\/div>\n<div><a href=\"https:\/\/jeetersofficial.com\/product-category\/persy-snowcaps\/\" target=\"_blank\" rel=\"noopener\">Persy Snowcaps<\/a><\/div>\n<div><a href=\"https:\/\/jeetersofficial.com\/product-category\/drip-snowcaps\/\" target=\"_blank\" rel=\"noopener\">Drip Snowcaps<\/a><\/div>\n<div><a href=\"https:\/\/jeetersofficial.com\/product-category\/concentrates\/\" target=\"_blank\" rel=\"noopener\">CALI CONCENTRATES<\/a><\/div>\n<div><a href=\"https:\/\/jeetersofficial.com\/product-category\/doja-exclusive\/\" target=\"_blank\" rel=\"noopener\">CALI DOJA PACKS EXCLUSIVE<\/a><\/div>\n<div><a href=\"https:\/\/jeetersofficial.com\/product-category\/marijuana-flowers\/\" target=\"_blank\" rel=\"noopener\">CALI MARIJUANA FLOWERS<\/a><\/div>\n<\/p><\/div>\n<\/p><\/div>\n<\/p><\/div>\n<div><a href=\"https:\/\/jeetersofficial.com\/product-category\/sativa-strain\/\" target=\"_blank\" rel=\"noopener\">CALI SATIVA STRAINS<\/a><\/div>\n<div><a href=\"https:\/\/jeetersofficial.com\/product-category\/indica\/\" target=\"_blank\" rel=\"noopener\">CALI INDICA STRAINS<\/a><\/div>\n<div><a href=\"https:\/\/jeetersofficial.com\/product-category\/hybrid-weed\/\" target=\"_blank\" rel=\"noopener\">CALI HYBRID WEED<\/a><\/div>","protected":false},"excerpt":{"rendered":"<p><strong>Cali bud Sundae Driver<\/strong><br \/> Kup smak konopi Cali Bud Sundae Driver online. Gor\u0105ce i modne najwy\u017cszej jako\u015bci indoor Cali Buds w sprzeda\u017cy na\u00a0<a href=\"http:\/\/caliweedplug.com\/\">Cali Plug<\/a>\u00a0Sklep internetowy w atrakcyjnych cenach. Cali Sundae Driver to wp\u0142ywowa hybryda z dominacj\u0105 Sativy, powsta\u0142a z krzy\u017c\u00f3wki Strawberry i Grape Ape, aby stworzy\u0107 t\u0119 niesamowit\u0105 odmian\u0119.<\/p>","protected":false},"featured_media":1802,"comment_status":"closed","ping_status":"closed","template":"","meta":{"_uag_custom_page_level_css":"","site-sidebar-layout":"default","site-content-layout":"","ast-site-content-layout":"","site-content-style":"default","site-sidebar-style":"default","ast-global-header-display":"","ast-banner-title-visibility":"","ast-main-header-display":"","ast-hfb-above-header-display":"","ast-hfb-below-header-display":"","ast-hfb-mobile-header-display":"","site-post-title":"","ast-breadcrumbs-content":"","ast-featured-img":"","footer-sml-layout":"","theme-transparent-header-meta":"","adv-header-id-meta":"","stick-header-meta":"","header-above-stick-meta":"","header-main-stick-meta":"","header-below-stick-meta":"","astra-migrate-meta-layouts":"default","ast-page-background-enabled":"default","ast-page-background-meta":{"desktop":{"background-color":"var(--ast-global-color-4)","background-image":"","background-repeat":"repeat","background-position":"center center","background-size":"auto","background-attachment":"scroll","background-type":"","background-media":"","overlay-type":"","overlay-color":"","overlay-opacity":"","overlay-gradient":""},"tablet":{"background-color":"","background-image":"","background-repeat":"repeat","background-position":"center center","background-size":"auto","background-attachment":"scroll","background-type":"","background-media":"","overlay-type":"","overlay-color":"","overlay-opacity":"","overlay-gradient":""},"mobile":{"background-color":"","background-image":"","background-repeat":"repeat","background-position":"center center","background-size":"auto","background-attachment":"scroll","background-type":"","background-media":"","overlay-type":"","overlay-color":"","overlay-opacity":"","overlay-gradient":""}},"ast-content-background-meta":{"desktop":{"background-color":"var(--ast-global-color-5)","background-image":"","background-repeat":"repeat","background-position":"center center","background-size":"auto","background-attachment":"scroll","background-type":"","background-media":"","overlay-type":"","overlay-color":"","overlay-opacity":"","overlay-gradient":""},"tablet":{"background-color":"var(--ast-global-color-5)","background-image":"","background-repeat":"repeat","background-position":"center center","background-size":"auto","background-attachment":"scroll","background-type":"","background-media":"","overlay-type":"","overlay-color":"","overlay-opacity":"","overlay-gradient":""},"mobile":{"background-color":"var(--ast-global-color-5)","background-image":"","background-repeat":"repeat","background-position":"center center","background-size":"auto","background-attachment":"scroll","background-type":"","background-media":"","overlay-type":"","overlay-color":"","overlay-opacity":"","overlay-gradient":""}}},"product_brand":[],"product_cat":[675],"product_tag":[489,491,676,506,677,508,509,510,531,492,481,472,678,679,680,514,515,517,518,461,522,536,462,681,682,540,467,683,684,685,686,687],"class_list":{"0":"post-1772","1":"product","2":"type-product","3":"status-publish","4":"has-post-thumbnail","6":"product_cat-buy-cali-buds","7":"product_tag-best-cali-packs","8":"product_tag-buy-cali-bud-or-no-bud-online","9":"product_tag-buy-cali-bud-or-no-bud-sundae-driver-online","10":"product_tag-buy-cali-buds","11":"product_tag-buy-sundae-driver-cali-bud-or-no-bud-online","12":"product_tag-buy-weed-online","13":"product_tag-by-the-best-cali-buds","14":"product_tag-cali-bags","15":"product_tag-cali-bud","16":"product_tag-cali-bud-or-no-bud","17":"product_tag-cali-bud-or-no-bud-for-sale","18":"product_tag-cali-bud-or-no-bud-near-me","19":"product_tag-cali-bud-or-no-bud-sundae-driver","20":"product_tag-cali-bud-or-no-bud-sundae-driver-for-sale","21":"product_tag-cali-bud-or-no-bud-sundae-driver-near-me","22":"product_tag-cali-bud-packs","23":"product_tag-cali-buds-online","24":"product_tag-cali-flavours","25":"product_tag-cali-gush-lato","26":"product_tag-cali-packs","27":"product_tag-cali-plug-bags","28":"product_tag-cali-plug-buds","29":"product_tag-cali-plug-cali-bud-or-no-bud","30":"product_tag-cali-sundae-driver","31":"product_tag-cali-sundae-driver-strain","32":"product_tag-calibud","33":"product_tag-hardball-cookies","34":"product_tag-sundae-driver-cali-bud-or-no-bud","35":"product_tag-sundae-driver-cali-bud-or-no-bud-for-sale","36":"product_tag-sundae-driver-cali-bud-or-no-bud-near-me","37":"product_tag-sundae-driver-strain","38":"product_tag-sundae-driver-weed-strain","39":"desktop-align-center","40":"tablet-align-left","41":"mobile-align-left","43":"first","44":"instock","45":"shipping-taxable","46":"purchasable","47":"product-type-variable"},"uagb_featured_image_src":{"full":["https:\/\/caliweedeurope.com\/wp-content\/uploads\/2024\/11\/IMG-0224.jpg",956,1276,false],"thumbnail":["https:\/\/caliweedeurope.com\/wp-content\/uploads\/2024\/11\/IMG-0224-150x150.jpg",150,150,true],"medium":["https:\/\/caliweedeurope.com\/wp-content\/uploads\/2024\/11\/IMG-0224-225x300.jpg",225,300,true],"medium_large":["https:\/\/caliweedeurope.com\/wp-content\/uploads\/2024\/11\/IMG-0224-768x1025.jpg",768,1025,true],"large":["https:\/\/caliweedeurope.com\/wp-content\/uploads\/2024\/11\/IMG-0224-767x1024.jpg",767,1024,true],"1536x1536":["https:\/\/caliweedeurope.com\/wp-content\/uploads\/2024\/11\/IMG-0224.jpg",956,1276,false],"2048x2048":["https:\/\/caliweedeurope.com\/wp-content\/uploads\/2024\/11\/IMG-0224.jpg",956,1276,false],"trp-custom-language-flag":["https:\/\/caliweedeurope.com\/wp-content\/uploads\/2024\/11\/IMG-0224.jpg",9,12,false],"woocommerce_thumbnail":["https:\/\/caliweedeurope.com\/wp-content\/uploads\/2024\/11\/IMG-0224-300x300.jpg",300,300,true],"woocommerce_single":["https:\/\/caliweedeurope.com\/wp-content\/uploads\/2024\/11\/IMG-0224-600x801.jpg",600,801,true],"woocommerce_gallery_thumbnail":["https:\/\/caliweedeurope.com\/wp-content\/uploads\/2024\/11\/IMG-0224-100x100.jpg",100,100,true]},"uagb_author_info":{"display_name":"jetskiforsaleuk@gmail.com","author_link":"https:\/\/caliweedeurope.com\/pl\/author\/"},"uagb_comment_info":0,"uagb_excerpt":"Cali Bud Sundae Driver Buy Cali bud Sundae Driver cannabis flavor online. Hot and trending top-shelf indoor Cali buds for sale at the\u00a0Cali Plug\u00a0Online shop at cool prices, Cali Sundae Driver is an influential cannabis Sativa dominant hybrid strain cross with strawberry and grape ape to get this amazing strain.","_links":{"self":[{"href":"https:\/\/caliweedeurope.com\/pl\/wp-json\/wp\/v2\/product\/1772"}],"collection":[{"href":"https:\/\/caliweedeurope.com\/pl\/wp-json\/wp\/v2\/product"}],"about":[{"href":"https:\/\/caliweedeurope.com\/pl\/wp-json\/wp\/v2\/types\/product"}],"replies":[{"embeddable":true,"href":"https:\/\/caliweedeurope.com\/pl\/wp-json\/wp\/v2\/comments?post=1772"}],"wp:featuredmedia":[{"embeddable":true,"href":"https:\/\/caliweedeurope.com\/pl\/wp-json\/wp\/v2\/media\/1802"}],"wp:attachment":[{"href":"https:\/\/caliweedeurope.com\/pl\/wp-json\/wp\/v2\/media?parent=1772"}],"wp:term":[{"taxonomy":"product_brand","embeddable":true,"href":"https:\/\/caliweedeurope.com\/pl\/wp-json\/wp\/v2\/product_brand?post=1772"},{"taxonomy":"product_cat","embeddable":true,"href":"https:\/\/caliweedeurope.com\/pl\/wp-json\/wp\/v2\/product_cat?post=1772"},{"taxonomy":"product_tag","embeddable":true,"href":"https:\/\/caliweedeurope.com\/pl\/wp-json\/wp\/v2\/product_tag?post=1772"}],"curies":[{"name":"wp","href":"https:\/\/api.w.org\/{rel}","templated":true}]}}