{"id":1778,"date":"2024-11-05T18:39:20","date_gmt":"2024-11-05T18:39:20","guid":{"rendered":"https:\/\/caliweedeurope.com\/?post_type=product&#038;p=1778"},"modified":"2024-11-05T18:39:26","modified_gmt":"2024-11-05T18:39:26","slug":"buy-cali-bud-super-glue-online","status":"publish","type":"product","link":"https:\/\/caliweedeurope.com\/pl\/product\/buy-cali-bud-super-glue-online\/","title":{"rendered":"Buy Cali Bud Super Glue Online"},"content":{"rendered":"<h1 style=\"text-align: center\"><strong>\u00a0 \u00a0 \u00a0 \u00a0 \u00a0<\/strong><strong>SUPER GLUE <\/strong><strong>CALI BUD OR NO BUD\u00a0|<\/strong><strong>\u00a0CALI BUD OR NO BUD\u00a0<\/strong><strong>SUPER GLUE <\/strong><strong>|<\/strong><strong>\u00a0CALI PLUG CALI BUD OR NO BUD<\/strong><\/h1>\n<p><strong>Cali Bud Super Glue<\/strong><\/p>\n<p>Cali Bud Super Glue, wp\u0142ywowa hybryda konopi, skrzy\u017cowana z truskawk\u0105 i Grape Ape, aby uzyska\u0107 te niesamowite odmiany, jest najlepsza dla pacjent\u00f3w cierpi\u0105cych na l\u0119ki i przewlek\u0142y b\u00f3l. Ta odmiana gwarantuje natychmiastow\u0105 ulg\u0119 w b\u00f3lu. Jej \u0142agodne efekty mog\u0105 pom\u00f3c w z\u0142agodzeniu t\u0119pego b\u00f3lu i md\u0142o\u015bci. Odmiana ta mo\u017ce r\u00f3wnie\u017c pom\u00f3c w walce z objawami PTSD. Ta odmiana ro\u015bnie kr\u00f3tka i mo\u017ce dobrze rosn\u0105\u0107 wewn\u0105trz, na zewn\u0105trz lub nawet w ogrodzie. Geekom nale\u017cy da\u0107 przynajmniej miesi\u0105c, je\u015bli nie pi\u0119\u0107, na zako\u0144czenie wegetacji. Odmiana Superglue kwitnie przez osiem do dziewi\u0119ciu tygodni i wyprodukuje gram na wat w \u015brodku. Uprawiaj\u0105cy na zewn\u0105trz mog\u0105 zebra\u0107 a\u017c funt na ro\u015blin\u0119.<\/p>\n<h2 style=\"text-align: center\"><strong>BUY\u00a0<\/strong><strong>SUPER GLUE\u00a0<\/strong><strong>CALI BUD OR NO BUD\u00a0 ONLINE | BUY CALI BUD OR NO BUD\u00a0<\/strong><strong>SUPER GLUE\u00a0<\/strong><strong>ONLINE | BUY CALI BUD OR NO BUD ONLINE<\/strong><\/h2>\n<p>Ostrze\u017cenie.<\/p>\n<p>Cali Bud Super Glue zawiera konopie, substancj\u0119 z listy. Przechowywa\u0107 w miejscu niedost\u0119pnym dla dzieci i zwierz\u0105t. Produkty konopne mog\u0105 by\u0107 posiadane lub konsumowane tylko przez osoby w wieku 21 lat lub starsze, chyba \u017ce osoba jest kwalifikowanym pacjentem. Efekty odurzaj\u0105ce produkt\u00f3w konopnych mog\u0105 utrzymywa\u0107 si\u0119 do dw\u00f3ch godzin. U\u017cywanie konopi w czasie ci\u0105\u017cy lub karmienia piersi\u0105 mo\u017ce by\u0107 szkodliwe. Spo\u017cywanie produkt\u00f3w Cali Bud lub No Bud upo\u015bledza zdolno\u015b\u0107 prowadzenia pojazd\u00f3w lub obs\u0142ugiwania maszyn. Prosz\u0119 u\u017cywa\u0107 z najwy\u017csz\u0105 ostro\u017cno\u015bci\u0105.<\/p>\n<p class=\"translation-block\"><b>Superglue<\/b>, znane r\u00f3wnie\u017c jako \u201eTacky Glue\u201d, to hybrydowa odmiana z przewag\u0105 indica, kt\u00f3ra wytwarza funkcjonalny i relaksuj\u0105cy high dla cia\u0142a i umys\u0142u. Pachn\u0105ca sosn\u0105 i s\u0142odkim aromatem karmelu, ta odmiana jest hodowana przez Seedism Seeds. Superglue powstaje przez skrzy\u017cowanie <a href=\"https:\/\/www.leafly.com\/strains\/afghani\" target=\"_blank\" rel=\"noopener\">Afghani<\/a> i Northern Light. Osoby, kt\u00f3re ciesz\u0105 si\u0119 z Superglue, twierdz\u0105, \u017ce relaksuje, pozostawiaj\u0105c ci\u0119 funkcjonalnym i wystarczaj\u0105co energicznym do aktywno\u015bci spo\u0142ecznych lub nawet produktywnego popo\u0142udnia.<\/p>\n<h3 style=\"text-align: center\"><strong>SUPER GLUE\u00a0<\/strong><strong>CALI BUD OR NO BUD FOR SALE | CALI BUD OR NO BUD\u00a0\u00a0<\/strong><strong>SUPER GLUE\u00a0<\/strong><strong>FOR SALE | CALI BUD OR NO BUD\u00a0 FOR SALE<\/strong><\/h3>\n<div class=\"variety-percentage-wrap\">\n<h4 class=\"variety translation-block\"><a href=\"https:\/\/www.allbud.com\/marijuana-strains\/variety\/indica-dominant-hybrid\" target=\"_blank\" rel=\"noopener\">Hybryda Dominuj\u0105ca Indica<\/a> <span class=\"hidden-xs\">\u2013 <\/span><span class=\"strain-percentages\">70% Indica \/ 30% Sativa<\/span><\/h4>\n<h4 class=\"percentage\"><span class=\"heading\">THC:\u00a0<\/span>23%,\u00a0<span class=\"heading\">CBD:\u00a0<\/span><em>1<\/em>%<\/h4>\n<\/p><\/div>\n<p>Superglue OG, znane po prostu jako Superglue, to hybryda dominuj\u0105ca w indica, b\u0119d\u0105ca po\u0142\u0105czeniem Skunk #1 i Northern Lights. Mo\u017cna je znale\u017a\u0107 w kilku aptekach medycznej marihuany w Kalifornii i stanie Waszyngton, ale nie w wielu innych miejscach. Je\u015bli pojawi si\u0119 na czarnym rynku, traktuj to jako rzadkie znalezisko. Zamro\u017cone bia\u0142e p\u0105ki tej ro\u015bliny zawieraj\u0105 ogromny poziom THC, w niekt\u00f3rych testach przekraczaj\u0105cy 23%. Poziomy CBD s\u0105 r\u00f3wnie\u017c wy\u017csze ni\u017c \u015brednia, dochodz\u0105c do 1,4% w testach.<\/p>\n<h4 style=\"text-align: center\"><strong>CALI BUD OR NO BUD \u00a0<\/strong><strong>SUPER GLUE\u00a0<\/strong><strong>\u00a0NEAR ME |\u00a0<\/strong><strong>SUPER GLUE\u00a0<\/strong><strong>CALI BUD OR NO BUD\u00a0\u00a0 NEAR ME | CALI BUD OR NO BUD \u00a0NEAR ME<\/strong><\/h4>\n<p>To sprawia, \u017ce ta odmiana jest szczeg\u00f3lnie przydatna w medycynie, idealna do leczenia depresji, b\u00f3lu i l\u0119ku; mo\u017ce r\u00f3wnie\u017c pom\u00f3c w przypadku napad\u00f3w i skurcz\u00f3w mi\u0119\u015bni. Te geny powoduj\u0105 silne, relaksuj\u0105ce efekty fizyczne z pewnymi ograniczonymi efektami umys\u0142owymi. Jest to silny wyb\u00f3r w przypadku dolegliwo\u015bci fizycznych i stresu. Nie ma wielu publicznych informacji na temat smaku lub aromatu tej rzadkiej odmiany, ale jak jej popularni rodzice, prawdopodobnie ma ziemisty smak z nutami sosny i cytrus\u00f3w. Pacjenci mog\u0105 j\u0105 znale\u017a\u0107 w wybranych aptekach na zachodnim wybrze\u017cu, ale jest rzadko dost\u0119pna poza rynkiem medycznym.<\/p>\n<h5 style=\"text-align: center\"><strong>SUPER GLUE\u00a0<\/strong><strong>\u00a0STRAIN | \u00a0<\/strong><strong>SUPER GLUE\u00a0<\/strong><strong>WEED STRAIN | CALI\u00a0<\/strong><strong>SUPER GLUE\u00a0<\/strong><strong>| CALI\u00a0<\/strong><strong>SUPER GLUE\u00a0<\/strong><strong>\u00a0STRAIN<\/strong><\/h5>\n<p class=\"translation-block\">Superglue to hybryda o dominacji Indica, kt\u00f3ra ma pot\u0119\u017cn\u0105 kombinacj\u0119 genetyczn\u0105 Afghani landrace i <a href=\"https:\/\/www.wikileaf.com\/strain\/northern-lights\/\" target=\"_blank\" rel=\"noopener\">Northern Lights<\/a>. Wierny swojej nazwie, Super Glue zapewnia g\u0142\u0119bokie fizyczne odpr\u0119\u017cenie, kt\u00f3re mo\u017ce \u0142atwo uwi\u0119zi\u0107 ci\u0119 na kanapie w odpowiednich warunkach. Ma r\u00f3wnie\u017c powa\u017cn\u0105 atrakcyjno\u015b\u0107, z bogatym, pi\u017cmowym zapachem i grubymi, kawa\u0142kowatymi kwiatami. Zawarto\u015b\u0107 THC tej odmiany zosta\u0142a zmierzona na poziomie od 18% do 28%.<\/p>\n<p>Superglue robi wra\u017cenie du\u017cymi kwiatami, kt\u00f3re utrzymuj\u0105 wyra\u017an\u0105 form\u0119 przypominaj\u0105c\u0105 \u0142opatk\u0119, zw\u0119\u017caj\u0105c\u0105 si\u0119 od szerokiej podstawy ku ostrej ko\u0144c\u00f3wce. P\u0105ki maj\u0105 charakterystyczn\u0105 struktur\u0119 Indica, z ma\u0142ymi li\u015b\u0107mi ciasno zwijaj\u0105cymi si\u0119 do \u015brodka w g\u0119sty, solidny skupisko.<\/p>\n<p>Pierwszy zapach kwiat\u00f3w Superglue wyczuwa kwa\u015bno-s\u0142odki, skunkowy zapach. Pod tym ukrywaj\u0105 si\u0119 ostre, sosnowe akcenty. Tymczasem mielenie lub \u0142amanie tych g\u0119stych kwiat\u00f3w uwalnia zapach sanda\u0142owca i przypraw, charakterystyczny dla odmiany rodzicielskiej Afghani. Podczas spalania Superglue wytwarza ostry i gryz\u0105cy dym. Ten dym smakuje drzewnie i ziemi\u015bcie przy wydechu. Osoby szukaj\u0105ce dyskretnego palenia powinny zachowa\u0107 ostro\u017cno\u015b\u0107, poniewa\u017c ta intensywna p\u0105czek mo\u017ce wydziela\u0107 silny zapach na du\u017c\u0105 odleg\u0142o\u015b\u0107.<\/p>\n<div data-testid=\"product-description\">\n<div class=\"truncate-lines__Wrapper-sc-1lknwty-0 YxHAC\">\n<div data-testid=\"truncated-description\">\n<div>\n<div class=\"text__Text-sc-fif1uk-0 kdmKRD\">\n<div class=\"src__Box-sc-1sbtrzs-0 src__Flex-sc-1sbtrzs-1 kWPFqZ hzdsvF\">\n<div>PRZYK\u0141ADOWE KATEGORIE PRODUKT\u00d3W<\/div>\n<\/p><\/div>\n<\/p><\/div>\n<\/p><\/div>\n<\/p><\/div>\n<\/p><\/div>\n<\/p><\/div>\n<div class=\"text__Text-sc-fif1uk-0 htoJfX\"><a href=\"https:\/\/jeetersofficial.com\/product-category\/buy-cali-buds\/\" target=\"_blank\" rel=\"noopener\">CALI BUDS<\/a><\/div>\n<div data-testid=\"product-description\">\n<div class=\"truncate-lines__Wrapper-sc-1lknwty-0 YxHAC\">\n<div data-testid=\"truncated-description\">\n<div class=\"text__Text-sc-fif1uk-0 kdmKRD\"><a href=\"https:\/\/jeetersofficial.com\/product-category\/backpack-boyz\/\" target=\"_blank\" rel=\"noopener\">Backpack\u00a0 Boyz<\/a><\/div>\n<div><a href=\"https:\/\/jeetersofficial.com\/product-category\/snow-balls-weed\/\" target=\"_blank\" rel=\"noopener\">SNOWBALLS WEED<\/a><\/div>\n<div><a href=\"https:\/\/jeetersofficial.com\/product-category\/persy-snowcaps\/\" target=\"_blank\" rel=\"noopener\">Persy Snowcaps<\/a><\/div>\n<div><a href=\"https:\/\/jeetersofficial.com\/product-category\/drip-snowcaps\/\" target=\"_blank\" rel=\"noopener\">Drip Snowcaps<\/a><\/div>\n<div><a href=\"https:\/\/jeetersofficial.com\/product-category\/concentrates\/\" target=\"_blank\" rel=\"noopener\">CALI CONCENTRATES<\/a><\/div>\n<div><a href=\"https:\/\/jeetersofficial.com\/product-category\/doja-exclusive\/\" target=\"_blank\" rel=\"noopener\">CALI DOJA PACKS EXCLUSIVE<\/a><\/div>\n<div><a href=\"https:\/\/jeetersofficial.com\/product-category\/marijuana-flowers\/\" target=\"_blank\" rel=\"noopener\">CALI MARIJUANA FLOWERS<\/a><\/div>\n<\/p><\/div>\n<\/p><\/div>\n<\/p><\/div>\n<div><a href=\"https:\/\/jeetersofficial.com\/product-category\/sativa-strain\/\" target=\"_blank\" rel=\"noopener\">CALI SATIVA STRAINS<\/a><\/div>\n<div><a href=\"https:\/\/jeetersofficial.com\/product-category\/indica\/\" target=\"_blank\" rel=\"noopener\">CALI INDICA STRAINS<\/a><\/div>\n<div><a href=\"https:\/\/jeetersofficial.com\/product-category\/hybrid-weed\/\" target=\"_blank\" rel=\"noopener\">CALI HYBRID WEED<\/a><\/div>","protected":false},"excerpt":{"rendered":"<p>Cali Bud Super Glue<\/p>\n<p>Cali Bud Super Glue, wp\u0142ywowa hybryda konopi, skrzy\u017cowana z truskawk\u0105 i Grape Ape, aby uzyska\u0107 te niesamowite odmiany, jest najlepsza dla pacjent\u00f3w cierpi\u0105cych na l\u0119ki i przewlek\u0142y b\u00f3l. Ta odmiana gwarantuje natychmiastow\u0105 ulg\u0119 w b\u00f3lu. Jej \u0142agodne efekty mog\u0105 pom\u00f3c w z\u0142agodzeniu t\u0119pego b\u00f3lu i md\u0142o\u015bci. Odmiana ta mo\u017ce r\u00f3wnie\u017c pom\u00f3c w walce z objawami PTSD. Ta odmiana ro\u015bnie kr\u00f3tka i mo\u017ce dobrze rosn\u0105\u0107 wewn\u0105trz, na zewn\u0105trz lub nawet w ogrodzie. Geekom nale\u017cy da\u0107 przynajmniej miesi\u0105c, je\u015bli nie pi\u0119\u0107, na zako\u0144czenie wegetacji. Odmiana Superglue kwitnie przez osiem do dziewi\u0119ciu tygodni i wyprodukuje gram na wat w \u015brodku. Uprawiaj\u0105cy na zewn\u0105trz mog\u0105 zebra\u0107 a\u017c funt na ro\u015blin\u0119.<\/p>","protected":false},"featured_media":1702,"comment_status":"closed","ping_status":"closed","template":"","meta":{"_uag_custom_page_level_css":"","site-sidebar-layout":"default","site-content-layout":"","ast-site-content-layout":"default","site-content-style":"default","site-sidebar-style":"default","ast-global-header-display":"","ast-banner-title-visibility":"","ast-main-header-display":"","ast-hfb-above-header-display":"","ast-hfb-below-header-display":"","ast-hfb-mobile-header-display":"","site-post-title":"","ast-breadcrumbs-content":"","ast-featured-img":"","footer-sml-layout":"","ast-disable-related-posts":"","theme-transparent-header-meta":"","adv-header-id-meta":"","stick-header-meta":"","header-above-stick-meta":"","header-main-stick-meta":"","header-below-stick-meta":"","astra-migrate-meta-layouts":"default","ast-page-background-enabled":"default","ast-page-background-meta":{"desktop":{"background-color":"var(--ast-global-color-5)","background-image":"","background-repeat":"repeat","background-position":"center center","background-size":"auto","background-attachment":"scroll","background-type":"","background-media":"","overlay-type":"","overlay-color":"","overlay-opacity":"","overlay-gradient":""},"tablet":{"background-color":"","background-image":"","background-repeat":"repeat","background-position":"center center","background-size":"auto","background-attachment":"scroll","background-type":"","background-media":"","overlay-type":"","overlay-color":"","overlay-opacity":"","overlay-gradient":""},"mobile":{"background-color":"","background-image":"","background-repeat":"repeat","background-position":"center center","background-size":"auto","background-attachment":"scroll","background-type":"","background-media":"","overlay-type":"","overlay-color":"","overlay-opacity":"","overlay-gradient":""}},"ast-content-background-meta":{"desktop":{"background-color":"var(--ast-global-color-4)","background-image":"","background-repeat":"repeat","background-position":"center center","background-size":"auto","background-attachment":"scroll","background-type":"","background-media":"","overlay-type":"","overlay-color":"","overlay-opacity":"","overlay-gradient":""},"tablet":{"background-color":"var(--ast-global-color-4)","background-image":"","background-repeat":"repeat","background-position":"center center","background-size":"auto","background-attachment":"scroll","background-type":"","background-media":"","overlay-type":"","overlay-color":"","overlay-opacity":"","overlay-gradient":""},"mobile":{"background-color":"var(--ast-global-color-4)","background-image":"","background-repeat":"repeat","background-position":"center center","background-size":"auto","background-attachment":"scroll","background-type":"","background-media":"","overlay-type":"","overlay-color":"","overlay-opacity":"","overlay-gradient":""}}},"product_brand":[],"product_cat":[675],"product_tag":[491,546,547,481,472,548,549,550,462,551,552,553,554,555,556,557],"class_list":{"0":"post-1778","1":"product","2":"type-product","3":"status-publish","4":"has-post-thumbnail","6":"product_cat-buy-cali-buds","7":"product_tag-buy-cali-bud-or-no-bud-online","8":"product_tag-buy-cali-bud-or-no-bud-super-glue-online","9":"product_tag-buy-super-glue-cali-bud-or-no-bud-online","10":"product_tag-cali-bud-or-no-bud-for-sale","11":"product_tag-cali-bud-or-no-bud-near-me","12":"product_tag-cali-bud-or-no-bud-super-glue","13":"product_tag-cali-bud-or-no-bud-super-glue-for-sale","14":"product_tag-cali-bud-or-no-bud-super-glue-near-me","15":"product_tag-cali-plug-cali-bud-or-no-bud","16":"product_tag-cali-super-glue","17":"product_tag-cali-super-glue-strain","18":"product_tag-super-glue-cali-bud-or-no-bud","19":"product_tag-super-glue-cali-bud-or-no-bud-for-sale","20":"product_tag-super-glue-cali-bud-or-no-bud-near-me","21":"product_tag-super-glue-strain","22":"product_tag-super-glue-weed-strain","23":"desktop-align-center","24":"tablet-align-left","25":"mobile-align-left","27":"first","28":"instock","29":"shipping-taxable","30":"purchasable","31":"product-type-variable"},"uagb_featured_image_src":{"full":["https:\/\/caliweedeurope.com\/wp-content\/uploads\/2024\/11\/super-glue.jpg",512,687,false],"thumbnail":["https:\/\/caliweedeurope.com\/wp-content\/uploads\/2024\/11\/super-glue-150x150.jpg",150,150,true],"medium":["https:\/\/caliweedeurope.com\/wp-content\/uploads\/2024\/11\/super-glue-224x300.jpg",224,300,true],"medium_large":["https:\/\/caliweedeurope.com\/wp-content\/uploads\/2024\/11\/super-glue.jpg",512,687,false],"large":["https:\/\/caliweedeurope.com\/wp-content\/uploads\/2024\/11\/super-glue.jpg",512,687,false],"1536x1536":["https:\/\/caliweedeurope.com\/wp-content\/uploads\/2024\/11\/super-glue.jpg",512,687,false],"2048x2048":["https:\/\/caliweedeurope.com\/wp-content\/uploads\/2024\/11\/super-glue.jpg",512,687,false],"trp-custom-language-flag":["https:\/\/caliweedeurope.com\/wp-content\/uploads\/2024\/11\/super-glue.jpg",9,12,false],"woocommerce_thumbnail":["https:\/\/caliweedeurope.com\/wp-content\/uploads\/2024\/11\/super-glue-300x300.jpg",300,300,true],"woocommerce_single":["https:\/\/caliweedeurope.com\/wp-content\/uploads\/2024\/11\/super-glue.jpg",512,687,false],"woocommerce_gallery_thumbnail":["https:\/\/caliweedeurope.com\/wp-content\/uploads\/2024\/11\/super-glue-100x100.jpg",100,100,true]},"uagb_author_info":{"display_name":"jetskiforsaleuk@gmail.com","author_link":"https:\/\/caliweedeurope.com\/pl\/author\/"},"uagb_comment_info":0,"uagb_excerpt":"Cali Bud Super Glue Cali Super Glue being an influential\u00a0cannabis hybrid strain\u00a0cross with strawberry and grape ape to get these amazing strains is best for patients suffering from anxiety and chronic pain. This strain guarantees immediate relief from pain for the relieve. It\u2019s light real impacts may facilitate a few a throbbing painfulness just as&hellip;","_links":{"self":[{"href":"https:\/\/caliweedeurope.com\/pl\/wp-json\/wp\/v2\/product\/1778"}],"collection":[{"href":"https:\/\/caliweedeurope.com\/pl\/wp-json\/wp\/v2\/product"}],"about":[{"href":"https:\/\/caliweedeurope.com\/pl\/wp-json\/wp\/v2\/types\/product"}],"replies":[{"embeddable":true,"href":"https:\/\/caliweedeurope.com\/pl\/wp-json\/wp\/v2\/comments?post=1778"}],"wp:featuredmedia":[{"embeddable":true,"href":"https:\/\/caliweedeurope.com\/pl\/wp-json\/wp\/v2\/media\/1702"}],"wp:attachment":[{"href":"https:\/\/caliweedeurope.com\/pl\/wp-json\/wp\/v2\/media?parent=1778"}],"wp:term":[{"taxonomy":"product_brand","embeddable":true,"href":"https:\/\/caliweedeurope.com\/pl\/wp-json\/wp\/v2\/product_brand?post=1778"},{"taxonomy":"product_cat","embeddable":true,"href":"https:\/\/caliweedeurope.com\/pl\/wp-json\/wp\/v2\/product_cat?post=1778"},{"taxonomy":"product_tag","embeddable":true,"href":"https:\/\/caliweedeurope.com\/pl\/wp-json\/wp\/v2\/product_tag?post=1778"}],"curies":[{"name":"wp","href":"https:\/\/api.w.org\/{rel}","templated":true}]}}