{"id":1784,"date":"2024-11-05T18:39:20","date_gmt":"2024-11-05T18:39:20","guid":{"rendered":"https:\/\/caliweedeurope.com\/?post_type=product&#038;p=1784"},"modified":"2024-11-05T18:39:26","modified_gmt":"2024-11-05T18:39:26","slug":"kup-cali-bud-sweet-and-sour-online","status":"publish","type":"product","link":"https:\/\/caliweedeurope.com\/pl\/product\/kup-cali-bud-sweet-and-sour-online\/","title":{"rendered":"Kup Cali Bud Sweet and Sour Online"},"content":{"rendered":"<h1 style=\"text-align: center\"><strong>\u00a0 \u00a0 \u00a0 \u00a0 \u00a0<\/strong><strong>SWEET AND SOUR <\/strong><strong>CALI BUD OR NO BUD\u00a0|<\/strong><strong>\u00a0CALI BUD OR NO BUD\u00a0<\/strong><strong>SWEET AND SOUR <\/strong><strong>|<\/strong><strong>\u00a0CALI PLUG CALI BUD OR NO BUD<\/strong><\/h1>\n<p><strong>Cali Bud Sweet and Sour Odmiana<\/strong><br \/> W \u015bwietle jej przyzwoitego profilu kannabinoidowego, psychoaktywne efekty Sweet and Sour Widow s\u0105 \u0142agodne. Ta odmiana jest odpowiednia dla pocz\u0105tkuj\u0105cych i pacjent\u00f3w, kt\u00f3rzy chc\u0105 si\u0119 leczy\u0107 bez uczucia zamglonej g\u0142owy. Prepared Widow pochodzi z genetyki White Widow i anonimowej hybrydy Sativa, kt\u00f3ra uzupe\u0142nia jej profil CBD.<\/p>\n<p>Cali Bud zawsze by\u0142 oczywistym wyborem, je\u015bli chodzi o nazw\u0119 tej odmiany, bior\u0105c pod uwag\u0119 popularno\u015b\u0107 odmian Kush w Z\u0142otym Stanie. Sk\u0142ania to Cali Plug do wi\u0119kszej pracy nad ich odmianami konopi uprawianych wewn\u0105trz oraz do przeprowadzania dodatkowych bada\u0144.<\/p>\n<div class=\"variety-percentage-wrap\">\n<h4 class=\"variety\"><a href=\"https:\/\/www.allbud.com\/marijuana-strains\/variety\/sativa-dominant-hybrid\" target=\"_blank\" rel=\"noopener\">Sativa Dominant Hybrid\u00a0<\/a><span class=\"hidden-xs\">\u2013\u00a0<\/span><span class=\"strain-percentages\">80% Sativa \/ 20% Indica<\/span><\/h4>\n<h4 class=\"percentage\"><span class=\"heading\">THC:\u00a0<\/span>8%,\u00a0<span class=\"heading\">CBD:\u00a0<\/span><em>12<\/em>%<\/h4>\n<\/p><\/div>\n<p class=\"translation-block\">Sweet and Sour, znany r\u00f3wnie\u017c jako \u201eSweet 'N Sour\u201d lub \u201eSweet 'N Sour Diesel\u201d w spo\u0142eczno\u015bci konopnej, to sativa-dominuj\u0105ca hybryda (80% sativa\/20% indica), b\u0119d\u0105ca krzy\u017c\u00f3wk\u0105 Mexican Haze X <a href=\"https:\/\/www.allbud.com\/marijuana-strains\/indica\/purple-princess\" target=\"_blank\" rel=\"noopener\">Princess<\/a> X Skunk #1 X <a href=\"https:\/\/www.allbud.com\/marijuana-strains\/sativa\/hawaiian-sativa\" target=\"_blank\" rel=\"noopener\">Hawaiian Sativa<\/a>. Ta wysokiej jako\u015bci odmiana ma \u015bredni poziom THC wynosz\u0105cy 8% i oferuje po\u0142\u0105czenie efekt\u00f3w indiki i sativy. U\u017cytkownicy opisuj\u0105 Sweet and Sour jako natychmiastowy haj umys\u0142owy z pobudzaj\u0105c\u0105 energi\u0105, kreatywn\u0105 inspiracj\u0105 i skupieniem.<\/p>\n<p>Ten haj umys\u0142owy towarzyszy \u0142agodny efekt \"przyklejenia do kanapy\" oraz znaczna ulga dla cia\u0142a. To idealny wyb\u00f3r na leniwy dzie\u0144, kiedy chcesz zosta\u0107 w domu, poczyta\u0107 ksi\u0105\u017ck\u0119 lub pogra\u0107 w gry wideo. Dzi\u0119ki swoim silnym efektom Sweet and Sour jest idealn\u0105 odmian\u0105 do leczenia pacjent\u00f3w cierpi\u0105cych na takie schorzenia jak jaskra, choroba Alzheimera, przewlek\u0142y stres i zm\u0119czenie.<\/p>\n<h2 style=\"text-align: center\"><strong>\u00a0BUY\u00a0<\/strong><strong>SWEET AND SOUR\u00a0<\/strong><strong>CALI BUD OR NO BUD\u00a0 ONLINE | BUY CALI BUD OR NO BUD\u00a0<\/strong><strong>SWEET AND SOUR\u00a0<\/strong><strong>ONLINE | BUY CALI BUD OR NO BUD ONLINE<\/strong><\/h2>\n<p><strong>Odmiana Sweet and Sour.<\/strong><\/p>\n<p>Poczujesz si\u0119 ca\u0142kowicie euforycznie, z wszechogarniaj\u0105cym poczuciem introspekcji, kt\u00f3re sprawi, \u017ce skupisz si\u0119 laserowo na rzeczach wok\u00f3\u0142 siebie, ale nie b\u0119dziesz w stanie prowadzi\u0107 rozm\u00f3w z innymi ani robi\u0107 nic fizycznego.<br \/> <b>S\u0142odka i Kwa\u015bna Wdowa<\/b>\u00a0jest to odmiana konopi o dominacji indica 70\/30 z proporcj\u0105 CBD-THC 1:1 i subtelnym aromatem s\u0142odkiej cebuli. Dzi\u0119ki zr\u00f3wnowa\u017conemu profilowi kannabinoid\u00f3w, psychoaktywne efekty Sweet and Sour Widow s\u0105 \u0142agodne, co czyni t\u0119 odmian\u0119 odpowiedni\u0105 dla pocz\u0105tkuj\u0105cych i pacjent\u00f3w potrzebuj\u0105cych leczenia bez uczucia zamglonego umys\u0142u. Sweet and Sour Widow pochodzi z genetyki White Widow i nienazwanego hybrydowego sativa, aby wzmocni\u0107 sw\u00f3j profil CBD.<\/p>\n<h3 style=\"text-align: center\"><strong>SWEET AND SOUR\u00a0<\/strong><strong>CALI BUD OR NO BUD FOR SALE | CALI BUD OR NO BUD\u00a0\u00a0<\/strong><strong>SWEET AND SOUR\u00a0<\/strong><strong>FOR SALE | CALI BUD OR NO BUD\u00a0 FOR SALE<\/strong><\/h3>\n<p><strong>Szcz\u0119\u015bliwy<\/strong><br \/> 49% os\u00f3b twierdzi, \u017ce czuje si\u0119 szcz\u0119\u015bliwych<br \/> <strong>Zrelaksowany<\/strong><br \/> 44% os\u00f3b twierdzi, \u017ce czuje si\u0119 zrelaksowanych<br \/> <strong>Pobudzony<\/strong><br \/> 16% os\u00f3b twierdzi, \u017ce czuje si\u0119 pobudzonych<br \/> <strong>Negatywy<\/strong><br \/> <strong>Sucho\u015b\u0107 w ustach<\/strong><br \/> 17% os\u00f3b twierdzi, \u017ce odczuwa sucho\u015b\u0107 w ustach<br \/> <strong>Suche oczy<\/strong><br \/> 11% os\u00f3b twierdzi, \u017ce odczuwa sucho\u015b\u0107 oczu<br \/> <strong>Zawroty g\u0142owy<\/strong><br \/> 5% os\u00f3b twierdzi, \u017ce odczuwa zawroty g\u0142owy<\/p>\n<h4><strong>CALI BUD OR NO BUD \u00a0<\/strong><strong>SWEET AND SOUR\u00a0<\/strong><strong>\u00a0NEAR ME |\u00a0<\/strong><strong>SWEET AND SOUR\u00a0<\/strong><strong>CALI BUD OR NO BUD\u00a0\u00a0 NEAR ME | CALI BUD OR NO BUD \u00a0NEAR ME<\/strong><\/h4>\n<p class=\"translation-block\"><strong>Cali Bud Sweet and Sour Ostrze\u017cenie<\/strong><br> Podsumowuj\u0105c, ten produkt zawiera Cannabis, substancj\u0119 regulowan\u0105, kt\u00f3r\u0105 nale\u017cy trzyma\u0107 poza zasi\u0119giem dzieci i zwierz\u0105t. Produkty z konopi mog\u0105 by\u0107 spo\u017cywane tylko przez osoby powy\u017cej 21. roku \u017cycia, chyba \u017ce osoba jest kwalifikowanym pacjentem. Efekty odurzaj\u0105ce produkt\u00f3w z konopi mog\u0105 utrzymywa\u0107 si\u0119 do dw\u00f3ch godzin. <a href=\"https:\/\/caliplugcarts.com\/product\/cali-delta-8-thc-flower-wholesale\/\" target=\"_blank\" rel=\"noopener\">Spo\u017cywanie konopi<\/a> w czasie ci\u0105\u017cy lub karmienia piersi\u0105 mo\u017ce by\u0107 szkodliwe. Spo\u017cycie tych produkt\u00f3w upo\u015bledza zdolno\u015b\u0107 prowadzenia pojazd\u00f3w i obs\u0142ugi maszyn. Prosz\u0119 zachowa\u0107 szczeg\u00f3ln\u0105 ostro\u017cno\u015b\u0107.<\/p>\n<h5 style=\"text-align: center\"><strong>SWEET AND SOUR\u00a0<\/strong><strong>\u00a0STRAIN | \u00a0<\/strong><strong>SWEET AND SOUR\u00a0<\/strong><strong>WEED STRAIN | CALI\u00a0<\/strong><strong>SWEET AND SOUR\u00a0<\/strong><strong>| CALI\u00a0<\/strong><strong>SWEET AND SOUR\u00a0<\/strong><strong>\u00a0STRAIN<\/strong><\/h5>\n<p>Na pocz\u0105tek, odmiana Cali Sweet and Sour, wyhodowana przez CBD Crew, to odmiana konopi dominuj\u0105ca indica 70\/30 z proporcj\u0105 CBD-THC 1:1 i subtelnym zapachem s\u0142odkiej cebuli.<\/p>\n<p><strong>Efekty odmiany Cali Sweet and Sour<\/strong><\/p>\n<p>W \u015bwietle jej przyzwoitego profilu kannabinoidowego, psychoaktywne efekty Sweet and Sour Widow s\u0105 \u0142agodne. Ta odmiana jest odpowiednia dla pocz\u0105tkuj\u0105cych i pacjent\u00f3w, kt\u00f3rzy chc\u0105 si\u0119 leczy\u0107 bez uczucia zamglonej g\u0142owy. Prepared Widow pochodzi z genetyki White Widow i anonimowej hybrydy Sativa, kt\u00f3ra uzupe\u0142nia jej profil CBD.<\/p>\n<p>Cali Bud zawsze by\u0142 oczywistym wyborem, je\u015bli chodzi\u0142o o nadanie tej odmianie nazwy, bior\u0105c pod uwag\u0119 popularno\u015b\u0107 odmian Kush w Z\u0142otym stanie. Cali Plug jest zach\u0119cany do pracy nad swoimi odmianami konopi uprawianymi wewn\u0105trz. Wk\u0142ada si\u0119 wi\u0119cej wysi\u0142ku, aby kontynuowa\u0107 prac\u0119.<\/p>\n<p><b>Ostrze\u017cenie<\/b><\/p>\n<p>Na zako\u0144czenie, produkt ten zawiera konopie, substancj\u0119 sklasyfikowan\u0105. Trzyma\u0107 poza zasi\u0119giem dzieci i zwierz\u0105t. Produkty konopne mog\u0105 by\u0107 spo\u017cywane tylko przez osoby powy\u017cej 21. roku \u017cycia, chyba \u017ce osoba jest kwalifikowanym pacjentem. Efekty odurzaj\u0105ce produkt\u00f3w konopnych mog\u0105 utrzymywa\u0107 si\u0119 do dw\u00f3ch godzin. U\u017cywanie konopi podczas ci\u0105\u017cy lub karmienia piersi\u0105 mo\u017ce by\u0107 szkodliwe. Spo\u017cywanie tych produkt\u00f3w upo\u015bledza zdolno\u015b\u0107 prowadzenia pojazd\u00f3w i obs\u0142ugi maszyn. Prosz\u0119 zachowa\u0107 szczeg\u00f3ln\u0105 ostro\u017cno\u015b\u0107.<\/p>\n<p>&nbsp;<\/p>","protected":false},"excerpt":{"rendered":"<p><strong>Cali Bud Sweet and Sour Odmiana<\/strong><br \/> W \u015bwietle jej przyzwoitego profilu kannabinoidowego, psychoaktywne efekty Sweet and Sour Widow s\u0105 \u0142agodne. Ta odmiana jest odpowiednia dla pocz\u0105tkuj\u0105cych i pacjent\u00f3w, kt\u00f3rzy chc\u0105 si\u0119 leczy\u0107 bez uczucia zamglonej g\u0142owy. Prepared Widow pochodzi z genetyki White Widow i anonimowej hybrydy Sativa, kt\u00f3ra uzupe\u0142nia jej profil CBD.<\/p>","protected":false},"featured_media":1703,"comment_status":"closed","ping_status":"closed","template":"","meta":{"_uag_custom_page_level_css":"","site-sidebar-layout":"default","site-content-layout":"","ast-site-content-layout":"","site-content-style":"default","site-sidebar-style":"default","ast-global-header-display":"","ast-banner-title-visibility":"","ast-main-header-display":"","ast-hfb-above-header-display":"","ast-hfb-below-header-display":"","ast-hfb-mobile-header-display":"","site-post-title":"","ast-breadcrumbs-content":"","ast-featured-img":"","footer-sml-layout":"","theme-transparent-header-meta":"","adv-header-id-meta":"","stick-header-meta":"","header-above-stick-meta":"","header-main-stick-meta":"","header-below-stick-meta":"","astra-migrate-meta-layouts":"default","ast-page-background-enabled":"default","ast-page-background-meta":{"desktop":{"background-color":"var(--ast-global-color-4)","background-image":"","background-repeat":"repeat","background-position":"center center","background-size":"auto","background-attachment":"scroll","background-type":"","background-media":"","overlay-type":"","overlay-color":"","overlay-opacity":"","overlay-gradient":""},"tablet":{"background-color":"","background-image":"","background-repeat":"repeat","background-position":"center center","background-size":"auto","background-attachment":"scroll","background-type":"","background-media":"","overlay-type":"","overlay-color":"","overlay-opacity":"","overlay-gradient":""},"mobile":{"background-color":"","background-image":"","background-repeat":"repeat","background-position":"center center","background-size":"auto","background-attachment":"scroll","background-type":"","background-media":"","overlay-type":"","overlay-color":"","overlay-opacity":"","overlay-gradient":""}},"ast-content-background-meta":{"desktop":{"background-color":"var(--ast-global-color-5)","background-image":"","background-repeat":"repeat","background-position":"center center","background-size":"auto","background-attachment":"scroll","background-type":"","background-media":"","overlay-type":"","overlay-color":"","overlay-opacity":"","overlay-gradient":""},"tablet":{"background-color":"var(--ast-global-color-5)","background-image":"","background-repeat":"repeat","background-position":"center center","background-size":"auto","background-attachment":"scroll","background-type":"","background-media":"","overlay-type":"","overlay-color":"","overlay-opacity":"","overlay-gradient":""},"mobile":{"background-color":"var(--ast-global-color-5)","background-image":"","background-repeat":"repeat","background-position":"center center","background-size":"auto","background-attachment":"scroll","background-type":"","background-media":"","overlay-type":"","overlay-color":"","overlay-opacity":"","overlay-gradient":""}}},"product_brand":[],"product_cat":[675],"product_tag":[489,491,558,506,559,508,509,510,531,481,472,560,561,562,514,515,516,517,518,535,536,462,537,563,564,467,501,523,565,566,567,568,569,503],"class_list":{"0":"post-1784","1":"product","2":"type-product","3":"status-publish","4":"has-post-thumbnail","6":"product_cat-buy-cali-buds","7":"product_tag-best-cali-packs","8":"product_tag-buy-cali-bud-or-no-bud-online","9":"product_tag-buy-cali-bud-or-no-bud-sweet-and-sour-online","10":"product_tag-buy-cali-buds","11":"product_tag-buy-sweet-and-sour-cali-bud-or-no-bud-online","12":"product_tag-buy-weed-online","13":"product_tag-by-the-best-cali-buds","14":"product_tag-cali-bags","15":"product_tag-cali-bud","16":"product_tag-cali-bud-or-no-bud-for-sale","17":"product_tag-cali-bud-or-no-bud-near-me","18":"product_tag-cali-bud-or-no-bud-sweet-and-sour","19":"product_tag-cali-bud-or-no-bud-sweet-and-sour-for-sale","20":"product_tag-cali-bud-or-no-bud-sweet-and-sour-near-me","21":"product_tag-cali-bud-packs","22":"product_tag-cali-buds-online","23":"product_tag-cali-flavors","24":"product_tag-cali-flavours","25":"product_tag-cali-gush-lato","26":"product_tag-cali-plug-bud","27":"product_tag-cali-plug-buds","28":"product_tag-cali-plug-cali-bud-or-no-bud","29":"product_tag-cali-plug-strains","30":"product_tag-cali-sweet-and-sour","31":"product_tag-cali-sweet-and-sour-strain","32":"product_tag-hardball-cookies","33":"product_tag-marshmallow-strain","34":"product_tag-order-weed-online","35":"product_tag-sweet-and-sour-cali-bud-or-no-bud","36":"product_tag-sweet-and-sour-cali-bud-or-no-bud-for-sale","37":"product_tag-sweet-and-sour-cali-bud-or-no-bud-near-me","38":"product_tag-sweet-and-sour-strain","39":"product_tag-sweet-and-sour-weed-strain","40":"product_tag-top-cali-bud-packs","41":"desktop-align-center","42":"tablet-align-left","43":"mobile-align-left","45":"first","46":"instock","47":"shipping-taxable","48":"purchasable","49":"product-type-variable"},"uagb_featured_image_src":{"full":["https:\/\/caliweedeurope.com\/wp-content\/uploads\/2024\/11\/1-e1579244057102.jpeg",900,1200,false],"thumbnail":["https:\/\/caliweedeurope.com\/wp-content\/uploads\/2024\/11\/1-e1579244057102-150x150.jpeg",150,150,true],"medium":["https:\/\/caliweedeurope.com\/wp-content\/uploads\/2024\/11\/1-e1579244057102-225x300.jpeg",225,300,true],"medium_large":["https:\/\/caliweedeurope.com\/wp-content\/uploads\/2024\/11\/1-e1579244057102-768x1024.jpeg",768,1024,true],"large":["https:\/\/caliweedeurope.com\/wp-content\/uploads\/2024\/11\/1-e1579244057102-768x1024.jpeg",768,1024,true],"1536x1536":["https:\/\/caliweedeurope.com\/wp-content\/uploads\/2024\/11\/1-e1579244057102.jpeg",900,1200,false],"2048x2048":["https:\/\/caliweedeurope.com\/wp-content\/uploads\/2024\/11\/1-e1579244057102.jpeg",900,1200,false],"trp-custom-language-flag":["https:\/\/caliweedeurope.com\/wp-content\/uploads\/2024\/11\/1-e1579244057102.jpeg",9,12,false],"woocommerce_thumbnail":["https:\/\/caliweedeurope.com\/wp-content\/uploads\/2024\/11\/1-e1579244057102-300x300.jpeg",300,300,true],"woocommerce_single":["https:\/\/caliweedeurope.com\/wp-content\/uploads\/2024\/11\/1-e1579244057102-600x800.jpeg",600,800,true],"woocommerce_gallery_thumbnail":["https:\/\/caliweedeurope.com\/wp-content\/uploads\/2024\/11\/1-e1579244057102-100x100.jpeg",100,100,true]},"uagb_author_info":{"display_name":"jetskiforsaleuk@gmail.com","author_link":"https:\/\/caliweedeurope.com\/pl\/author\/"},"uagb_comment_info":0,"uagb_excerpt":"Cali bud Sweet and Sour Strain. In view of its decent cannabinoid profile. Sweet and Sour Widow\u2019s psychoactive impacts are mellow. Making this strain appropriate for beginner purchasers and patients expecting to sedate without a foggy head. Prepared Widow is gotten from White Widow hereditary qualities and an anonymous Sativa-half complement to its CBD profile.","_links":{"self":[{"href":"https:\/\/caliweedeurope.com\/pl\/wp-json\/wp\/v2\/product\/1784"}],"collection":[{"href":"https:\/\/caliweedeurope.com\/pl\/wp-json\/wp\/v2\/product"}],"about":[{"href":"https:\/\/caliweedeurope.com\/pl\/wp-json\/wp\/v2\/types\/product"}],"replies":[{"embeddable":true,"href":"https:\/\/caliweedeurope.com\/pl\/wp-json\/wp\/v2\/comments?post=1784"}],"wp:featuredmedia":[{"embeddable":true,"href":"https:\/\/caliweedeurope.com\/pl\/wp-json\/wp\/v2\/media\/1703"}],"wp:attachment":[{"href":"https:\/\/caliweedeurope.com\/pl\/wp-json\/wp\/v2\/media?parent=1784"}],"wp:term":[{"taxonomy":"product_brand","embeddable":true,"href":"https:\/\/caliweedeurope.com\/pl\/wp-json\/wp\/v2\/product_brand?post=1784"},{"taxonomy":"product_cat","embeddable":true,"href":"https:\/\/caliweedeurope.com\/pl\/wp-json\/wp\/v2\/product_cat?post=1784"},{"taxonomy":"product_tag","embeddable":true,"href":"https:\/\/caliweedeurope.com\/pl\/wp-json\/wp\/v2\/product_tag?post=1784"}],"curies":[{"name":"wp","href":"https:\/\/api.w.org\/{rel}","templated":true}]}}