{"id":1790,"date":"2024-11-05T18:39:20","date_gmt":"2024-11-05T18:39:20","guid":{"rendered":"https:\/\/caliweedeurope.com\/?post_type=product&#038;p=1790"},"modified":"2024-11-05T18:39:26","modified_gmt":"2024-11-05T18:39:26","slug":"buy-cali-bud-zkittles-strain-online","status":"publish","type":"product","link":"https:\/\/caliweedeurope.com\/pl\/product\/buy-cali-bud-zkittles-strain-online\/","title":{"rendered":"Buy Cali Bud Zkittles Strain Online"},"content":{"rendered":"<h1 style=\"text-align: center\"><strong>ZKITTLES <\/strong><strong>CALI BUD OR NO BUD\u00a0|<\/strong><strong>\u00a0CALI BUD OR NO BUD\u00a0<\/strong><strong>ZKITTLES <\/strong><strong>|<\/strong><strong>\u00a0CALI PLUG CALI BUD OR NO BUD<\/strong><\/h1>\n<p><strong>Cali Bud Zkittles Strain<\/strong><\/p>\n<p>Zkittlez, znany r\u00f3wnie\u017c jako \u201eSkittles\u201d, \u201eSkittlz\u201d i \u201eIsland Skittles\u201d, to odmiana marihuany Indica, stworzona z po\u0142\u0105czenia Grape Ape i Grapefruit, skrzy\u017cowana z inn\u0105, nieujawnion\u0105 odmian\u0105. Ta s\u0142odka odmiana zosta\u0142a wyhodowana przez 3rd Gen Family i Terp Hogz.<\/p>\n<p class=\"translation-block\"><b>Zkittlez<\/b>, znany r\u00f3wnie\u017c jako \u201eSkittles\u201d, \u201eSkittlz\u201d i \u201eIsland Skittles\u201d, jest <a href=\"https:\/\/www.leafly.com\/strains\/lists\/category\/indica\" target=\"_blank\" rel=\"noopener\">indica<\/a> odmian\u0105 marihuany, wyhodowan\u0105 z mieszanki Grape Ape i Grapefruit, skrzy\u017cowan\u0105 z inn\u0105 nieujawnion\u0105 odmian\u0105. Ta s\u0142odka odmiana zosta\u0142a stworzona przez 3rd Gen Family i Terp Hogz. Zkittlez zdoby\u0142 pierwsze miejsce w Emerald Cup 2016 i zaj\u0105\u0142 wysokie miejsca w kilku Cannabis Cups w San Francisco i Michigan. Odmiana ta posiada masywne kolasy, kt\u00f3re eksploduj\u0105 w spektrum jasnozielonych odcieni i emituj\u0105 s\u0142odk\u0105, tropikaln\u0105 mieszank\u0119 owocowych smak\u00f3w. Efekty Zkittlez s\u0105 uspokajaj\u0105ce, pozostawiaj\u0105c konsument\u00f3w skoncentrowanych, czujnych i szcz\u0119\u015bliwych, jednocze\u015bnie relaksuj\u0105c cia\u0142o, aby pom\u00f3c si\u0119 odpr\u0119\u017cy\u0107 o ka\u017cdej porze dnia.<\/p>\n<p>Zkittlez to coraz bardziej popularna odmiana, kt\u00f3r\u0105 warto zdoby\u0107, gdy tylko pojawi si\u0119 na p\u00f3\u0142kach aptek. Jest przyjemna zar\u00f3wno jako samodzielna przyjemno\u015b\u0107, jak i do dzielenia si\u0119 z przyjaci\u00f3\u0142mi o podobnych zainteresowaniach.<\/p>\n<p>Zkittlez mo\u017ce mie\u0107 tak\u017ce r\u00f3\u017cne zastosowania dla pacjent\u00f3w medycznych stosuj\u0105cych marihuan\u0119. Pocz\u0105tkowe w\u0142a\u015bciwo\u015bci mentalne tej odmiany mog\u0105 pom\u00f3c w koncentracji osobom z zaburzeniami uwagi. Kiedy cia\u0142o zaczyna odczuwa\u0107 wysok\u0105 moc, mo\u017ce tymczasowo z\u0142agodzi\u0107 objawy stresu, depresji i l\u0119ku. Korzy\u015bci fizyczne obejmuj\u0105 ulg\u0119 w przewlek\u0142ym b\u00f3lu oraz drobnych, codziennych podra\u017cnieniach. Zkittlez mo\u017ce r\u00f3wnie\u017c powodowa\u0107 wzrost apetytu, co pomaga osobom, kt\u00f3re straci\u0142y apetyt.<\/p>\n<h2 style=\"text-align: center\"><strong>\u00a0BUY\u00a0<\/strong><strong>ZKITTLES\u00a0<\/strong><strong>\u00a0CALI BUD OR NO BUD\u00a0 ONLINE | BUY CALI BUD OR NO BUD\u00a0<\/strong><strong>ZKITTLES\u00a0<\/strong><strong>ONLINE | BUY CALI BUD OR NO BUD ONLINE<\/strong><\/h2>\n<p><strong>Nagrody odmiany Cali Bud Zkittles<\/strong><\/p>\n<p>Zkittlez zdoby\u0142 1. miejsce na Emerald Cup 2016 i zaj\u0105\u0142 wysokie miejsca w kilku Cannabis Cups w San Francisco i Michigan. Ta odmiana charakteryzuje si\u0119 masywnymi kolami, kt\u00f3re eksploduj\u0105 w spektrum jasnych zielonych odcieni i wydzielaj\u0105 s\u0142odk\u0105, tropikaln\u0105 mieszank\u0119 smak\u00f3w owocowych.<\/p>\n<p>Indica Dominant Hybrid <span class=\"hidden-xs\" style=\"color: #333333;font-size: 14.4px\">\u2013\u00a0<\/span><span class=\"strain-percentages\" style=\"color: #333333;font-size: 14.4px\">70% Indica \/ 30% Sativa<\/span><\/p>\n<div class=\"variety-percentage-wrap\">\n<h4 class=\"percentage\"><span class=\"heading\">THC:\u00a0<\/span>13% \u2013 15%<\/h4>\n<\/p><\/div>\n<p>Zkittlez zdoby\u0142 1. miejsce na Emerald Cup 2016 i zaj\u0105\u0142 wysokie miejsca w kilku Cannabis Cups w San Francisco i Michigan. Ta odmiana charakteryzuje si\u0119 masywnymi kolami, kt\u00f3re eksploduj\u0105 w spektrum jasnych zielonych odcieni i wydzielaj\u0105 s\u0142odk\u0105, tropikaln\u0105 mieszank\u0119 smak\u00f3w owocowych.<\/p>\n<h3 style=\"text-align: center\"><strong>ZKITTLES\u00a0<\/strong><strong>CALI BUD OR NO BUD FOR SALE | CALI BUD OR NO BUD <\/strong><strong>ZKITTLES\u00a0<\/strong><strong>FOR SALE | CALI BUD OR NO BUD\u00a0 FOR SALE<\/strong><\/h3>\n<p><strong>Kup odmian\u0119 Cali Bud Zkittles online<\/strong><\/p>\n<p>Zkittlez jest r\u00f3wnie kusz\u0105cy jak jego smak, chocia\u017c jest stosunkowo \u0142agodny z natury. Zaczyna si\u0119 od podnosz\u0105cego na duchu \"buzz\" w g\u0142owie, kt\u00f3ry sprawia, \u017ce czujesz si\u0119 euforycznie i kreatywnie zainspirowany, ale nie l\u0119kowy ani przyt\u0142oczony. Towarzyszy temu relaksuj\u0105cy \"buzz\" w ciele, kt\u00f3ry powoli rozprzestrzenia si\u0119 po ca\u0142ym ciele i a\u017c do palc\u00f3w, pozostawiaj\u0105c ci\u0119 ca\u0142kowicie spokojnym i bez b\u00f3lu, nie ograniczaj\u0105c twoich ruch\u00f3w. \u0141agodny efekt senno\u015bci pojawi si\u0119 przy opadaniu, chocia\u017c nie za\u015bpi ci\u0119.<\/p>\n<p class=\"translation-block\">Chocia\u017c Zkittlez dzia\u0142a stosunkowo szybko, jego efekty skoncentrowane na g\u0142owie s\u0105 zazwyczaj subtelne. Na pocz\u0105tku mo\u017ce wyst\u0105pi\u0107 lekkie ci\u015bnienie wok\u00f3\u0142 oczu i skroni. Jednak po przyzwyczajeniu si\u0119 do tego uczucia, palacze mog\u0105 doceni\u0107 dzia\u0142anie odmiany na ich percepcj\u0119 zmys\u0142ow\u0105. Cz\u0119sto zg\u0142aszane s\u0105 dziwne do\u015bwiadczenia, takie jak wizualne i s\u0142uchowe zniekszta\u0142cenia, a tak\u017ce dziwne uczucie, \u017ce czas p\u0142ynie wolniej. Takie efekty psychodeliczne mog\u0105 by\u0107 wzmocnione przez atmosferyczne ulepszenia, zw\u0142aszcza przez nastrojow\u0105 muzyk\u0119 lub wizualnie anga\u017cuj\u0105cy program telewizyjny.<\/p>\n<h4 style=\"text-align: center\"><strong>CALI BUD OR NO BUD \u00a0<\/strong><strong>ZKITTLES <\/strong><strong>NEAR ME |\u00a0<\/strong><strong>ZKITTLES<\/strong><strong> CALI BUD OR NO BUD NEAR ME | CALI BUD OR NO BUD \u00a0NEAR ME<\/strong><\/h4>\n<h5><strong style=\"color: #555555;font-size: 14.4px\">Uczucia<\/strong><\/h5>\n<p><strong>Szcz\u0119\u015bliwy<\/strong><br \/> 49% os\u00f3b twierdzi, \u017ce czuje si\u0119 szcz\u0119\u015bliwych<br \/> <strong>Zrelaksowany<\/strong><br \/> 44% os\u00f3b twierdzi, \u017ce czuje si\u0119 zrelaksowanych<br \/> <strong>Pobudzony<\/strong><br \/> 16% os\u00f3b twierdzi, \u017ce czuje si\u0119 pobudzonych<br \/> <strong>Negatywy<\/strong><br \/> <strong>Sucho\u015b\u0107 w ustach<\/strong><br \/> 12% of people report feeling dry mouth<br \/> <strong>Suche oczy<\/strong><br \/> 10% os\u00f3b twierdzi, \u017ce odczuwa sucho\u015b\u0107 oczu<br \/> <strong>Zawroty g\u0142owy<\/strong><br \/> 5% os\u00f3b twierdzi, \u017ce odczuwa zawroty g\u0142owy<\/p>\n<p>Kupuj paczki Cali weed online i otrzymaj darmow\u0105 wysy\u0142k\u0119 dla zam\u00f3wie\u0144 powy\u017cej 500. The Cali Plug to tw\u00f3j numer jeden dostawca tych wysokiej jako\u015bci smak\u00f3w Cali bud.<\/p>\n<p>Zkittlez, czasami pisane r\u00f3wnie\u017c jako Skittlez lub po prostu Skittles, to hybryda z dominuj\u0105c\u0105 indyk\u0105, kt\u00f3ra wybucha owocowym smakiem. Stworzona przez kolektyw Dying Breed Seeds z P\u00f3\u0142nocnej Kalifornii, ta odmiana pochodzi z owocowej indiki Grape Ape oraz kwaskowatej sativy Grapefruit. Skittles \u0142\u0105czy mentalne i fizyczne efekty obu odmian rodzicielskich, oferuj\u0105c g\u0142adki, wieloaspektowy haj. Zawarto\u015b\u0107 THC w Zkittlez wynosi od 15% do 23%.<\/p>\n<h5 style=\"text-align: center\"><strong>ZKITTLES\u00a0<\/strong><strong> STRAIN | <\/strong><strong>ZKITTLES <\/strong><strong>WEED STRAIN | CALI\u00a0<\/strong><strong>ZKITTLES <\/strong><strong>| CALI\u00a0<\/strong><strong>ZKITTLES<\/strong><strong>\u00a0STRAIN<\/strong><\/h5>\n<p><strong>Ostrze\u017cenie Cali Bud Zkittles<\/strong><\/p>\n<p>Produkt ten zawiera konopie, substancj\u0119 obj\u0119t\u0105 regulacjami. Trzyma\u0107 z dala od dzieci i zwierz\u0105t. Produkty konopne mog\u0105 by\u0107 posiadane lub konsumowane tylko przez osoby powy\u017cej 21. roku \u017cycia, chyba \u017ce osoba jest kwalifikowanym pacjentem. Dzia\u0142ania odurzaj\u0105ce produkt\u00f3w konopnych mog\u0105 utrzymywa\u0107 si\u0119 do dw\u00f3ch godzin. Spo\u017cywanie konopi w czasie ci\u0105\u017cy lub karmienia piersi\u0105 mo\u017ce by\u0107 szkodliwe. Spo\u017cywanie tego produktu upo\u015bledza zdolno\u015b\u0107 do prowadzenia pojazd\u00f3w i obs\u0142ugi maszyn. Prosz\u0119 u\u017cywa\u0107 z najwy\u017csz\u0105 ostro\u017cno\u015bci\u0105.<\/p>\n<p>Podobnie jak jego imiennik, ta odmiana daje ci mo\u017cliwo\u015b\u0107 skosztowania t\u0119czy \u2013 ale jak si\u0119 okazuje, Zkittlez pozwala ci r\u00f3wnie\u017c zobaczy\u0107 t\u0119cz\u0119. W zale\u017cno\u015bci od fenotypu, grube i masywne kwiaty ro\u015bliny pojawiaj\u0105 si\u0119 w r\u00f3\u017cnych odcieniach zieleni i fioletu, z \u017cywymi pomara\u0144czowymi w\u0142oskami (lub s\u0142upkami) rozsianymi po ca\u0142ej ro\u015blinie. Uderzaj\u0105ce fioletowe odcienie s\u0105 wynikiem wysokich st\u0119\u017ce\u0144 pigment\u00f3w antocyjaninowych. Przyci\u0119te p\u0105ki maj\u0105 typow\u0105 struktur\u0119 indica, ciasno i g\u0119sto zapakowane, z ma\u0142ymi li\u015b\u0107mi. Na koniec warstwa mlecznych, bia\u0142ych trichom\u00f3w zapewnia zar\u00f3wno lepko\u015b\u0107, jak i psychoaktywno\u015b\u0107.<\/p>\n<div data-testid=\"product-description\">\n<div class=\"truncate-lines__Wrapper-sc-1lknwty-0 YxHAC\">\n<div data-testid=\"truncated-description\">\n<div>\n<div class=\"text__Text-sc-fif1uk-0 kdmKRD\">\n<div class=\"src__Box-sc-1sbtrzs-0 src__Flex-sc-1sbtrzs-1 kWPFqZ hzdsvF\">\n<div>PRZYK\u0141ADOWE KATEGORIE PRODUKT\u00d3W<\/div>\n<\/p><\/div>\n<\/p><\/div>\n<\/p><\/div>\n<\/p><\/div>\n<\/p><\/div>\n<\/p><\/div>\n<div class=\"text__Text-sc-fif1uk-0 htoJfX\"><a href=\"https:\/\/jeetersofficial.com\/product-category\/buy-cali-buds\/\" target=\"_blank\" rel=\"noopener\">CALI BUDS<\/a><\/div>\n<div data-testid=\"product-description\">\n<div class=\"truncate-lines__Wrapper-sc-1lknwty-0 YxHAC\">\n<div data-testid=\"truncated-description\">\n<div class=\"text__Text-sc-fif1uk-0 kdmKRD\"><a href=\"https:\/\/jeetersofficial.com\/product-category\/backpack-boyz\/\" target=\"_blank\" rel=\"noopener\">Backpack\u00a0 Boyz<\/a><\/div>\n<div><a href=\"https:\/\/jeetersofficial.com\/product-category\/snow-balls-weed\/\" target=\"_blank\" rel=\"noopener\">SNOWBALLS WEED<\/a><\/div>\n<div><a href=\"https:\/\/jeetersofficial.com\/product-category\/persy-snowcaps\/\" target=\"_blank\" rel=\"noopener\">Persy Snowcaps<\/a><\/div>\n<div><a href=\"https:\/\/jeetersofficial.com\/product-category\/drip-snowcaps\/\" target=\"_blank\" rel=\"noopener\">Drip Snowcaps<\/a><\/div>\n<div><a href=\"https:\/\/jeetersofficial.com\/product-category\/concentrates\/\" target=\"_blank\" rel=\"noopener\">CALI CONCENTRATES<\/a><\/div>\n<div><a href=\"https:\/\/jeetersofficial.com\/product-category\/doja-exclusive\/\" target=\"_blank\" rel=\"noopener\">CALI DOJA PACKS EXCLUSIVE<\/a><\/div>\n<div><a href=\"https:\/\/jeetersofficial.com\/product-category\/marijuana-flowers\/\" target=\"_blank\" rel=\"noopener\">CALI MARIJUANA FLOWERS<\/a><\/div>\n<\/p><\/div>\n<\/p><\/div>\n<\/p><\/div>\n<div><a href=\"https:\/\/jeetersofficial.com\/product-category\/sativa-strain\/\" target=\"_blank\" rel=\"noopener\">CALI SATIVA STRAINS<\/a><\/div>\n<div><a href=\"https:\/\/jeetersofficial.com\/product-category\/indica\/\" target=\"_blank\" rel=\"noopener\">CALI INDICA STRAINS<\/a><\/div>\n<div><a href=\"https:\/\/jeetersofficial.com\/product-category\/hybrid-weed\/\" target=\"_blank\" rel=\"noopener\">CALI HYBRID WEED<\/a><\/div>","protected":false},"excerpt":{"rendered":"<p><strong>Cali Bud Zkittles Strain<\/strong><\/p>\n<p>Zkittlez, znany r\u00f3wnie\u017c jako \u201eSkittles\u201d, \u201eSkittlz\u201d i \u201eIsland Skittles\u201d, to odmiana marihuany Indica, stworzona z po\u0142\u0105czenia Grape Ape i Grapefruit, skrzy\u017cowana z inn\u0105, nieujawnion\u0105 odmian\u0105. Ta s\u0142odka odmiana zosta\u0142a wyhodowana przez 3rd Gen Family i Terp Hogz.<\/p>\n<p><strong>Nagrody odmiany Cali Bud Zkittles<\/strong><\/p>\n<p>Zkittlez zdoby\u0142 1. miejsce na Emerald Cup 2016 i zaj\u0105\u0142 wysokie miejsca w kilku Cannabis Cups w San Francisco i Michigan. Ta odmiana charakteryzuje si\u0119 masywnymi kolami, kt\u00f3re eksploduj\u0105 w spektrum jasnych zielonych odcieni i wydzielaj\u0105 s\u0142odk\u0105, tropikaln\u0105 mieszank\u0119 smak\u00f3w owocowych.<\/p>","protected":false},"featured_media":1803,"comment_status":"closed","ping_status":"closed","template":"","meta":{"_uag_custom_page_level_css":"","site-sidebar-layout":"default","site-content-layout":"","ast-site-content-layout":"","site-content-style":"default","site-sidebar-style":"default","ast-global-header-display":"","ast-banner-title-visibility":"","ast-main-header-display":"","ast-hfb-above-header-display":"","ast-hfb-below-header-display":"","ast-hfb-mobile-header-display":"","site-post-title":"","ast-breadcrumbs-content":"","ast-featured-img":"","footer-sml-layout":"","theme-transparent-header-meta":"","adv-header-id-meta":"","stick-header-meta":"","header-above-stick-meta":"","header-main-stick-meta":"","header-below-stick-meta":"","astra-migrate-meta-layouts":"default","ast-page-background-enabled":"default","ast-page-background-meta":{"desktop":{"background-color":"var(--ast-global-color-4)","background-image":"","background-repeat":"repeat","background-position":"center center","background-size":"auto","background-attachment":"scroll","background-type":"","background-media":"","overlay-type":"","overlay-color":"","overlay-opacity":"","overlay-gradient":""},"tablet":{"background-color":"","background-image":"","background-repeat":"repeat","background-position":"center center","background-size":"auto","background-attachment":"scroll","background-type":"","background-media":"","overlay-type":"","overlay-color":"","overlay-opacity":"","overlay-gradient":""},"mobile":{"background-color":"","background-image":"","background-repeat":"repeat","background-position":"center center","background-size":"auto","background-attachment":"scroll","background-type":"","background-media":"","overlay-type":"","overlay-color":"","overlay-opacity":"","overlay-gradient":""}},"ast-content-background-meta":{"desktop":{"background-color":"var(--ast-global-color-5)","background-image":"","background-repeat":"repeat","background-position":"center center","background-size":"auto","background-attachment":"scroll","background-type":"","background-media":"","overlay-type":"","overlay-color":"","overlay-opacity":"","overlay-gradient":""},"tablet":{"background-color":"var(--ast-global-color-5)","background-image":"","background-repeat":"repeat","background-position":"center center","background-size":"auto","background-attachment":"scroll","background-type":"","background-media":"","overlay-type":"","overlay-color":"","overlay-opacity":"","overlay-gradient":""},"mobile":{"background-color":"var(--ast-global-color-5)","background-image":"","background-repeat":"repeat","background-position":"center center","background-size":"auto","background-attachment":"scroll","background-type":"","background-media":"","overlay-type":"","overlay-color":"","overlay-opacity":"","overlay-gradient":""}}},"product_brand":[],"product_cat":[675],"product_tag":[491,688,689,481,472,690,691,692,693,694,695,696],"class_list":{"0":"post-1790","1":"product","2":"type-product","3":"status-publish","4":"has-post-thumbnail","6":"product_cat-buy-cali-buds","7":"product_tag-buy-cali-bud-or-no-bud-online","8":"product_tag-buy-cali-bud-or-no-bud-zkittles-online","9":"product_tag-buy-zkittles-cali-bud-or-no-bud-online","10":"product_tag-cali-bud-or-no-bud-for-sale","11":"product_tag-cali-bud-or-no-bud-near-me","12":"product_tag-cali-bud-or-no-bud-zkittles","13":"product_tag-cali-bud-or-no-bud-zkittles-for-sale","14":"product_tag-cali-bud-or-no-bud-zkittles-near-me","15":"product_tag-zkittles-cali-bud-or-no-bud-for-sale","16":"product_tag-zkittles-cali-bud-or-no-bud-near-me","17":"product_tag-zkittles-strain","18":"product_tag-zkittles-weed-strain","19":"desktop-align-center","20":"tablet-align-left","21":"mobile-align-left","23":"first","24":"instock","25":"shipping-taxable","26":"purchasable","27":"product-type-variable"},"uagb_featured_image_src":{"full":["https:\/\/caliweedeurope.com\/wp-content\/uploads\/2024\/11\/fullsizeout.jpeg",600,783,false],"thumbnail":["https:\/\/caliweedeurope.com\/wp-content\/uploads\/2024\/11\/fullsizeout-150x150.jpeg",150,150,true],"medium":["https:\/\/caliweedeurope.com\/wp-content\/uploads\/2024\/11\/fullsizeout-230x300.jpeg",230,300,true],"medium_large":["https:\/\/caliweedeurope.com\/wp-content\/uploads\/2024\/11\/fullsizeout.jpeg",600,783,false],"large":["https:\/\/caliweedeurope.com\/wp-content\/uploads\/2024\/11\/fullsizeout.jpeg",600,783,false],"1536x1536":["https:\/\/caliweedeurope.com\/wp-content\/uploads\/2024\/11\/fullsizeout.jpeg",600,783,false],"2048x2048":["https:\/\/caliweedeurope.com\/wp-content\/uploads\/2024\/11\/fullsizeout.jpeg",600,783,false],"trp-custom-language-flag":["https:\/\/caliweedeurope.com\/wp-content\/uploads\/2024\/11\/fullsizeout.jpeg",9,12,false],"woocommerce_thumbnail":["https:\/\/caliweedeurope.com\/wp-content\/uploads\/2024\/11\/fullsizeout-300x300.jpeg",300,300,true],"woocommerce_single":["https:\/\/caliweedeurope.com\/wp-content\/uploads\/2024\/11\/fullsizeout.jpeg",600,783,false],"woocommerce_gallery_thumbnail":["https:\/\/caliweedeurope.com\/wp-content\/uploads\/2024\/11\/fullsizeout-100x100.jpeg",100,100,true]},"uagb_author_info":{"display_name":"jetskiforsaleuk@gmail.com","author_link":"https:\/\/caliweedeurope.com\/pl\/author\/"},"uagb_comment_info":0,"uagb_excerpt":"Cali Bud Zkittles Strain Zkittlez, also known as \u201cSkittles,\u201d \u201cSkittlz,\u201d and \u201cIsland Skittles\u201d is an Indica marijuana strain bred from a mix of Grape Ape and Grapefruit that is crossed with another undisclosed strain. This candy-flavored strain was bred by 3rd Gen Family and Terp Hogz. Cali Bud Zkittles Strain Awards Zkittlez won 1st Place&hellip;","_links":{"self":[{"href":"https:\/\/caliweedeurope.com\/pl\/wp-json\/wp\/v2\/product\/1790"}],"collection":[{"href":"https:\/\/caliweedeurope.com\/pl\/wp-json\/wp\/v2\/product"}],"about":[{"href":"https:\/\/caliweedeurope.com\/pl\/wp-json\/wp\/v2\/types\/product"}],"replies":[{"embeddable":true,"href":"https:\/\/caliweedeurope.com\/pl\/wp-json\/wp\/v2\/comments?post=1790"}],"wp:featuredmedia":[{"embeddable":true,"href":"https:\/\/caliweedeurope.com\/pl\/wp-json\/wp\/v2\/media\/1803"}],"wp:attachment":[{"href":"https:\/\/caliweedeurope.com\/pl\/wp-json\/wp\/v2\/media?parent=1790"}],"wp:term":[{"taxonomy":"product_brand","embeddable":true,"href":"https:\/\/caliweedeurope.com\/pl\/wp-json\/wp\/v2\/product_brand?post=1790"},{"taxonomy":"product_cat","embeddable":true,"href":"https:\/\/caliweedeurope.com\/pl\/wp-json\/wp\/v2\/product_cat?post=1790"},{"taxonomy":"product_tag","embeddable":true,"href":"https:\/\/caliweedeurope.com\/pl\/wp-json\/wp\/v2\/product_tag?post=1790"}],"curies":[{"name":"wp","href":"https:\/\/api.w.org\/{rel}","templated":true}]}}