{"id":1796,"date":"2024-11-05T18:39:20","date_gmt":"2024-11-05T18:39:20","guid":{"rendered":"https:\/\/caliweedeurope.com\/?post_type=product&#038;p=1796"},"modified":"2024-11-05T18:39:26","modified_gmt":"2024-11-05T18:39:26","slug":"buy-cali-bud-gas-strain-online","status":"publish","type":"product","link":"https:\/\/caliweedeurope.com\/pl\/product\/buy-cali-bud-gas-strain-online\/","title":{"rendered":"Kup Cali Bud Gas Strain online"},"content":{"rendered":"<h1 style=\"text-align: center\"><strong>\u00a0 \u00a0 \u00a0<\/strong><strong>GAS <\/strong><strong>CALI BUD OR NO BUD\u00a0|<\/strong><strong>\u00a0CALI BUD OR NO BUD\u00a0<\/strong><strong>GAS <\/strong><strong>|<\/strong><strong>\u00a0CALI PLUG CALI BUD OR NO BUD<\/strong><\/h1>\n<p><strong>Kup Cali Gas Strain<\/strong><br \/> Kup Cali Gas cannabis bud strain online. Najlepsze odmiany konopi uprawiane w pomieszczeniu.<\/p>\n<p><b>All Gas OG<\/b>znany r\u00f3wnie\u017c jako 'Gas' lub 'Asphalt Plant', jest\u00a0<a href=\"https:\/\/www.leafly.com\/strains\/lists\/category\/indica\" target=\"_blank\" rel=\"noopener\">indica weed strain<\/a>\u00a0stworzony przez krzy\u017cowanie\u00a0<a href=\"https:\/\/www.leafly.com\/strains\/venom-og\" target=\"_blank\" rel=\"noopener\">Venom OG<\/a>\u00a0z Humboldt OG. Efekty All Gas OG s\u0105 bardziej uspokajaj\u0105ce ni\u017c energetyzuj\u0105ce. Konsumenci, kt\u00f3rzy palili t\u0119 odmian\u0119, m\u00f3wi\u0105, \u017ce czuj\u0105 si\u0119\u00a0<a href=\"https:\/\/www.leafly.com\/strains\/lists\/effect\/hungry\" target=\"_blank\" rel=\"noopener\">g\u0142odny<\/a>, zrelaksowany i \u015bpi\u0105cy.<\/p>\n<p>Ponadto, pod wzgl\u0119dem smaku, mo\u017cesz spodziewa\u0107 si\u0119 g\u0142o\u015bnych i intensywnych nut<a href=\"https:\/\/www.leafly.com\/strains\/lists\/effect\/diesel\" target=\"_blank\" rel=\"noopener\">diesel<\/a>\u00a0i chemikalia. All Gas OG ma 21% THC, co sprawia, \u017ce jest to idealny wyb\u00f3r dla do\u015bwiadczonych konsument\u00f3w konopi. Wed\u0142ug hodowc\u00f3w ta odmiana ma \u015bredni czas kwitnienia wynosz\u0105cy 55 dni i najlepiej ro\u015bnie w pomieszczeniach. Pierwotnym hodowc\u0105 All Gas OG jest Humboldt Seed Company. Dominuj\u0105cy terpen tej odmiany jest nieznany. Podobne do Gas OG odmiany konopi to m.in. Huckleberry.\u00a0<a href=\"https:\/\/www.leafly.com\/strains\/animal-face\" target=\"_blank\" rel=\"noopener\">zwierz\u0119<\/a>Face, Monkey Tape i Bubba Doja.<\/p>\n<h2 style=\"text-align: center\"><strong>\u00a0BUY\u00a0<\/strong><strong>GAS\u00a0<\/strong><strong>CALI BUD OR NO BUD\u00a0 ONLINE | BUY CALI BUD OR NO BUD\u00a0<\/strong><strong>GAS\u00a0<\/strong><strong>ONLINE | BUY CALI BUD OR NO BUD ONLINE<\/strong><\/h2>\n<p><strong>Genetyka Cali Gas<\/strong><\/p>\n<p>Cali Gas to wp\u0142ywowa hybrydowa odmiana konopi z przewag\u0105 Sativy, skrzy\u017cowana z Grape Ape i Kandy Kush, aby uzyska\u0107 te niesamowite <a href=\"https:\/\/caliplugcarts.com\/product\/buy-cali-plug-carts-online\/\" target=\"_blank\" rel=\"noopener\">strains<\/a><\/p>\n<p>Gas to rzadka odmiana o tajemniczej genetyce, chocia\u017c niekt\u00f3rzy uwa\u017caj\u0105, \u017ce jest to fenotyp OG Kush. M\u00f3wi si\u0119, \u017ce stworzy\u0142o j\u0105 nieistniej\u0105ce ju\u017c kolektyw Platinum Clouds. Cali Gas marihuana.<\/p>\n<p>G\u0142\u00f3wne zapachy Gas to ziemia, cytrusy i diesel. M\u00f3wi si\u0119, \u017ce smakuje jak sosna, przyprawy i cytryny.<\/p>\n<div class=\"variety-percentage-wrap\">\n<h4 class=\"variety\">\u00a0Indica<\/h4>\n<h4 class=\"percentage\"><span class=\"heading\">THC:\u00a0<\/span>16% \u2013 19%<\/h4>\n<\/p><\/div>\n<p>Gas to w 100% czysta odmiana indica stworzona przez s\u0142ynnego hodowc\u0119 Loomp\u0119 na owianych z\u0142\u0105 s\u0142aw\u0105 farmach Platinum Clouds w San Jose, Kalifornia. Ta mocna odmiana ma nieznan\u0105 genetyk\u0119 ze wzgl\u0119du na tajemnic\u0119 hodowcy, cho\u0107 powszechnie uwa\u017ca si\u0119, \u017ce prawdopodobnie jest\u00a0<a href=\"https:\/\/www.allbud.com\/marijuana-strains\/sativa-dominant-hybrid\/og-kush\" target=\"_blank\" rel=\"noopener\">OG Kush<\/a> phenotype.<\/p>\n<p>To fizyczne high pozostawia ci\u0119 ca\u0142kowicie zrelaksowanym, bez b\u00f3lu i ca\u0142kowicie uspokojonym. Podczas schodzenia zapadasz w g\u0142\u0119boki i spokojny, bezbolesny sen, kt\u00f3ry trwa godzinami. Cali Gas marihuana.<\/p>\n<h3 style=\"text-align: center\"><strong style=\"font-size: 20.16px;text-align: center;color: #333333\">GAS <\/strong><strong style=\"font-size: 20.16px;text-align: center;color: #333333\">CALI BUD OR NO BUD FOR SALE | CALI BUD OR NO BUD\u00a0\u00a0<\/strong><strong style=\"font-size: 20.16px;text-align: center;color: #333333\">GAS\u00a0<\/strong><strong style=\"font-size: 20.16px;text-align: center;color: #333333\">FOR SALE | CALI BUD OR NO BUD\u00a0 FOR SALE<\/strong><\/h3>\n<h4><strong style=\"color: #555555\">Zastosowania medyczne Cali Gas Exotic Buds<\/strong><\/h4>\n<p>Ponadto, jest to idealna odmiana dla pacjent\u00f3w cierpi\u0105cych na l\u0119ki i przewlek\u0142y b\u00f3l. Ta odmiana gwarantuje natychmiastow\u0105 ulg\u0119 w b\u00f3lu. Jej \u0142agodne dzia\u0142anie mo\u017ce z\u0142agodzi\u0107 b\u00f3l oraz nudno\u015bci. Mo\u017ce r\u00f3wnie\u017c pom\u00f3c w walce z objawami PTSD.<\/p>\n<p class=\"about-title\"><strong>O Gas<\/strong><\/p>\n<div class=\"effect-wrapper ng-star-inserted\">\n<div>\n<p>Gas mo\u017ce by\u0107 nieformalnym terminem u\u017cywanym do opisania wysokiej jako\u015bci marihuany \u2013 podobnie jak \u201eloud\u201d \u2013 jednak Gas to r\u00f3wnie\u017c nazwa co najmniej jednej prawdziwej odmiany. Hodowca Loompa z operacji uprawy Platinum Clouds w San Jose stworzy\u0142 odmian\u0119 o nazwie Gas, kt\u00f3ra uwa\u017cana jest za wyra\u017any fenotyp\u00a0<a href=\"https:\/\/www.wikileaf.com\/strain\/og-kush\/\" target=\"_blank\" rel=\"noopener\">OG Kush<\/a>. Nazwana na cze\u015b\u0107 swojego aromatu przypominaj\u0105cego benzyn\u0119, ten kwiat ma poziom THC w zakresie od 16% do 21%.<\/p>\n<\/p><\/div>\n<\/p><\/div>\n<h4 style=\"text-align: center\"><strong>CALI BUD OR NO BUD \u00a0<\/strong><strong>GAS\u00a0<\/strong><strong>\u00a0NEAR ME |\u00a0<\/strong><strong>GAS\u00a0<\/strong><strong>CALI BUD OR NO BUD\u00a0\u00a0 NEAR ME | CALI BUD OR NO BUD \u00a0NEAR ME<\/strong><\/h4>\n<h5><strong style=\"color: #555555;font-size: 14.4px\">Uprawa<\/strong><span style=\"color: #555555;font-size: 14.4px\">\u00a0<\/span><strong style=\"color: #555555;font-size: 14.4px\">Cali Gas Bud<\/strong><\/h5>\n<p>Ta odmiana ro\u015bnie kr\u00f3tko i dobrze rozwija si\u0119 zar\u00f3wno w pomieszczeniach, na zewn\u0105trz, jak i w szklarni. Ro\u015bliny powinny by\u0107 wegetowane przez co najmniej miesi\u0105c, a najlepiej pi\u0119\u0107. Odmiana kwitnie od o\u015bmiu do dziewi\u0119ciu tygodni i wytwarza jeden gram na wat w pomieszczeniu. Hodowcy na \u015bwie\u017cym powietrzu mog\u0105 zebra\u0107 nawet funt na ro\u015blin\u0119. Kup Cali Exotic Bud.<\/p>\n<p>Gas charakteryzuje si\u0119 ma\u0142ymi kwiatami, kt\u00f3re zachowuj\u0105 kszta\u0142t przypominaj\u0105cy szyszk\u0119, zw\u0119\u017caj\u0105c si\u0119 od szerokiej podstawy do ostrej ko\u0144c\u00f3wki. Kwiaty te maj\u0105 zwart\u0105 i g\u0119st\u0105 struktur\u0119, z li\u015b\u0107mi, kt\u00f3re mocno zwijaj\u0105 si\u0119 do wewn\u0105trz w stron\u0119 centralnych \u0142odyg. Li\u015bcie same w sobie s\u0105 mchy zielone i przeplatane \u017cywymi pomara\u0144czowymi w\u0142oskami (kt\u00f3re s\u0105 w rzeczywisto\u015bci strukturami reprodukcyjnymi zwanymi s\u0142upkami, kt\u00f3re maj\u0105 na celu z\u0142apanie py\u0142ku z ro\u015blin m\u0119skich). Na koniec, kwiaty Gasu s\u0105 ukoronowane du\u017c\u0105 ilo\u015bci\u0105 szklistych, bia\u0142ych trichom\u00f3w, kt\u00f3re nadaj\u0105 tym p\u0105kom lepk\u0105 tekstur\u0119, utrudniaj\u0105c ich rozdrobnienie bez u\u017cycia wysokiej jako\u015bci m\u0142ynka.<\/p>\n<h5 style=\"text-align: center\"><strong>GAS\u00a0<\/strong><strong>\u00a0STRAIN | \u00a0<\/strong><strong>GAS\u00a0<\/strong><strong>WEED STRAIN | CALI\u00a0<\/strong><strong>GAS\u00a0<\/strong><strong>| CALI\u00a0<\/strong><strong>GAS\u00a0<\/strong><strong>\u00a0STRAIN<\/strong><\/h5>\n<p><strong>Kup Cali Gas Bud Ostrze\u017cenie<\/strong><br \/> Podsumowuj\u0105c: Ten produkt zawiera konopie, substancj\u0119 kontrolowan\u0105. Przechowywa\u0107 w miejscu niedost\u0119pnym dla dzieci i zwierz\u0105t. Intoksykuj\u0105ce efekty produkt\u00f3w konopnych mog\u0105 utrzymywa\u0107 si\u0119 do dw\u00f3ch godzin. U\u017cywanie konopi w czasie ci\u0105\u017cy lub karmienia piersi\u0105 mo\u017ce by\u0107 szkodliwe. Spo\u017cycie tych produkt\u00f3w obni\u017ca zdolno\u015b\u0107 prowadzenia pojazd\u00f3w i obs\u0142ugi maszyn. Prosimy o zachowanie szczeg\u00f3lnej ostro\u017cno\u015bci. Kup CBONB.<\/p>\n<p>Prawid\u0142owo wysuszony Gas wydziela bogaty, ziemisty aromat, przypominaj\u0105cy wilgotn\u0105 gleb\u0119. Pod spodem wyczuwa si\u0119 r\u00f3wnie\u017c jasn\u0105, cytrusow\u0105 kwasowo\u015b\u0107. Mielenie kwiat\u00f3w potwierdza nazw\u0119 tej odmiany, uwalniaj\u0105c silne opary diesla i amoniaku. Podczas spalania w fajce lub joincie Gas wydziela gryz\u0105cy dym, kt\u00f3ry mo\u017ce podra\u017cnia\u0107 zatoki i podniebienie. Ten g\u0119sty dym smakuje drzewnie z nutami cytryny przy wydechu.<\/p>\n<div data-testid=\"product-description\">\n<div class=\"truncate-lines__Wrapper-sc-1lknwty-0 YxHAC\">\n<div data-testid=\"truncated-description\">\n<div>\n<div class=\"text__Text-sc-fif1uk-0 kdmKRD\">\n<div class=\"src__Box-sc-1sbtrzs-0 src__Flex-sc-1sbtrzs-1 kWPFqZ hzdsvF\">\n<div>PRZYK\u0141ADOWE KATEGORIE PRODUKT\u00d3W<\/div>\n<\/p><\/div>\n<\/p><\/div>\n<\/p><\/div>\n<\/p><\/div>\n<\/p><\/div>\n<\/p><\/div>\n<div class=\"text__Text-sc-fif1uk-0 htoJfX\"><a href=\"https:\/\/jeetersofficial.com\/product-category\/buy-cali-buds\/\" target=\"_blank\" rel=\"noopener\">CALI BUDS<\/a><\/div>\n<div data-testid=\"product-description\">\n<div class=\"truncate-lines__Wrapper-sc-1lknwty-0 YxHAC\">\n<div data-testid=\"truncated-description\">\n<div class=\"text__Text-sc-fif1uk-0 kdmKRD\"><a href=\"https:\/\/jeetersofficial.com\/product-category\/backpack-boyz\/\" target=\"_blank\" rel=\"noopener\">Backpack\u00a0 Boyz<\/a><\/div>\n<div><a href=\"https:\/\/jeetersofficial.com\/product-category\/snow-balls-weed\/\" target=\"_blank\" rel=\"noopener\">SNOWBALLS WEED<\/a><\/div>\n<div><a href=\"https:\/\/jeetersofficial.com\/product-category\/persy-snowcaps\/\" target=\"_blank\" rel=\"noopener\">Persy Snowcaps<\/a><\/div>\n<div><a href=\"https:\/\/jeetersofficial.com\/product-category\/drip-snowcaps\/\" target=\"_blank\" rel=\"noopener\">Drip Snowcaps<\/a><\/div>\n<div><a href=\"https:\/\/jeetersofficial.com\/product-category\/concentrates\/\" target=\"_blank\" rel=\"noopener\">CALI CONCENTRATES<\/a><\/div>\n<div><a href=\"https:\/\/jeetersofficial.com\/product-category\/doja-exclusive\/\" target=\"_blank\" rel=\"noopener\">CALI DOJA PACKS EXCLUSIVE<\/a><\/div>\n<div><a href=\"https:\/\/jeetersofficial.com\/product-category\/marijuana-flowers\/\" target=\"_blank\" rel=\"noopener\">CALI MARIJUANA FLOWERS<\/a><\/div>\n<\/p><\/div>\n<\/p><\/div>\n<\/p><\/div>\n<div><a href=\"https:\/\/jeetersofficial.com\/product-category\/sativa-strain\/\" target=\"_blank\" rel=\"noopener\">CALI SATIVA STRAINS<\/a><\/div>\n<div><a href=\"https:\/\/jeetersofficial.com\/product-category\/indica\/\" target=\"_blank\" rel=\"noopener\">CALI INDICA STRAINS<\/a><\/div>\n<div><a href=\"https:\/\/jeetersofficial.com\/product-category\/hybrid-weed\/\" target=\"_blank\" rel=\"noopener\">CALI HYBRID WEED<\/a><\/div>","protected":false},"excerpt":{"rendered":"<p><strong>Kup Cali Gas Bud Ostrze\u017cenie<\/strong><br \/> Ten produkt zawiera konopie, substancj\u0119 regulowan\u0105. Trzyma\u0107 z dala od dzieci i zwierz\u0105t. Produkty konopne mog\u0105 by\u0107 posiadane lub konsumowane tylko przez osoby powy\u017cej 21. roku \u017cycia, chyba \u017ce osoba jest kwalifikowanym pacjentem. Efekty odurzaj\u0105ce produkt\u00f3w konopnych mog\u0105 utrzymywa\u0107 si\u0119 do dw\u00f3ch godzin. Spo\u017cywanie konopi w czasie ci\u0105\u017cy lub karmienia piersi\u0105 mo\u017ce by\u0107 szkodliwe. Spo\u017cycie tych produkt\u00f3w obni\u017ca zdolno\u015b\u0107 do prowadzenia pojazd\u00f3w lub obs\u0142ugi maszyn. Prosz\u0119 zachowa\u0107 szczeg\u00f3ln\u0105 ostro\u017cno\u015b\u0107. Kup CBONB<\/p>","protected":false},"featured_media":1704,"comment_status":"closed","ping_status":"closed","template":"","meta":{"_uag_custom_page_level_css":"","site-sidebar-layout":"default","site-content-layout":"","ast-site-content-layout":"","site-content-style":"default","site-sidebar-style":"default","ast-global-header-display":"","ast-banner-title-visibility":"","ast-main-header-display":"","ast-hfb-above-header-display":"","ast-hfb-below-header-display":"","ast-hfb-mobile-header-display":"","site-post-title":"","ast-breadcrumbs-content":"","ast-featured-img":"","footer-sml-layout":"","theme-transparent-header-meta":"","adv-header-id-meta":"","stick-header-meta":"","header-above-stick-meta":"","header-main-stick-meta":"","header-below-stick-meta":"","astra-migrate-meta-layouts":"default","ast-page-background-enabled":"default","ast-page-background-meta":{"desktop":{"background-color":"var(--ast-global-color-4)","background-image":"","background-repeat":"repeat","background-position":"center center","background-size":"auto","background-attachment":"scroll","background-type":"","background-media":"","overlay-type":"","overlay-color":"","overlay-opacity":"","overlay-gradient":""},"tablet":{"background-color":"","background-image":"","background-repeat":"repeat","background-position":"center center","background-size":"auto","background-attachment":"scroll","background-type":"","background-media":"","overlay-type":"","overlay-color":"","overlay-opacity":"","overlay-gradient":""},"mobile":{"background-color":"","background-image":"","background-repeat":"repeat","background-position":"center center","background-size":"auto","background-attachment":"scroll","background-type":"","background-media":"","overlay-type":"","overlay-color":"","overlay-opacity":"","overlay-gradient":""}},"ast-content-background-meta":{"desktop":{"background-color":"var(--ast-global-color-5)","background-image":"","background-repeat":"repeat","background-position":"center center","background-size":"auto","background-attachment":"scroll","background-type":"","background-media":"","overlay-type":"","overlay-color":"","overlay-opacity":"","overlay-gradient":""},"tablet":{"background-color":"var(--ast-global-color-5)","background-image":"","background-repeat":"repeat","background-position":"center center","background-size":"auto","background-attachment":"scroll","background-type":"","background-media":"","overlay-type":"","overlay-color":"","overlay-opacity":"","overlay-gradient":""},"mobile":{"background-color":"var(--ast-global-color-5)","background-image":"","background-repeat":"repeat","background-position":"center center","background-size":"auto","background-attachment":"scroll","background-type":"","background-media":"","overlay-type":"","overlay-color":"","overlay-opacity":"","overlay-gradient":""}}},"product_brand":[],"product_cat":[675],"product_tag":[489,570,491,506,571,508,509,531,492,481,572,573,574,472,516,517,575,576,461,462,464,465,577,578,579,580,581,501,503],"class_list":{"0":"post-1796","1":"product","2":"type-product","3":"status-publish","4":"has-post-thumbnail","6":"product_cat-buy-cali-buds","7":"product_tag-best-cali-packs","8":"product_tag-buy-cali-bud-or-no-bud-gas-online","9":"product_tag-buy-cali-bud-or-no-bud-online","10":"product_tag-buy-cali-buds","11":"product_tag-buy-gas-cali-bud-or-no-bud-online","12":"product_tag-buy-weed-online","13":"product_tag-by-the-best-cali-buds","14":"product_tag-cali-bud","15":"product_tag-cali-bud-or-no-bud","16":"product_tag-cali-bud-or-no-bud-for-sale","17":"product_tag-cali-bud-or-no-bud-gas","18":"product_tag-cali-bud-or-no-bud-gas-for-sale","19":"product_tag-cali-bud-or-no-bud-gas-near-me","20":"product_tag-cali-bud-or-no-bud-near-me","21":"product_tag-cali-flavors","22":"product_tag-cali-flavours","23":"product_tag-cali-gas","24":"product_tag-cali-gas-strain","25":"product_tag-cali-packs","26":"product_tag-cali-plug-cali-bud-or-no-bud","27":"product_tag-cali-weed-bags","28":"product_tag-cali-weed-flavors","29":"product_tag-gas-cali-bud-or-no-bud","30":"product_tag-gas-cali-bud-or-no-bud-for-sale","31":"product_tag-gas-cali-bud-or-no-bud-near-me","32":"product_tag-gas-strain","33":"product_tag-gas-weed-strain","34":"product_tag-marshmallow-strain","35":"product_tag-top-cali-bud-packs","36":"desktop-align-center","37":"tablet-align-left","38":"mobile-align-left","40":"first","41":"instock","42":"shipping-taxable","43":"purchasable","44":"product-type-variable"},"uagb_featured_image_src":{"full":["https:\/\/caliweedeurope.com\/wp-content\/uploads\/2024\/11\/galas.jpg",516,683,false],"thumbnail":["https:\/\/caliweedeurope.com\/wp-content\/uploads\/2024\/11\/galas-150x150.jpg",150,150,true],"medium":["https:\/\/caliweedeurope.com\/wp-content\/uploads\/2024\/11\/galas-227x300.jpg",227,300,true],"medium_large":["https:\/\/caliweedeurope.com\/wp-content\/uploads\/2024\/11\/galas.jpg",516,683,false],"large":["https:\/\/caliweedeurope.com\/wp-content\/uploads\/2024\/11\/galas.jpg",516,683,false],"1536x1536":["https:\/\/caliweedeurope.com\/wp-content\/uploads\/2024\/11\/galas.jpg",516,683,false],"2048x2048":["https:\/\/caliweedeurope.com\/wp-content\/uploads\/2024\/11\/galas.jpg",516,683,false],"trp-custom-language-flag":["https:\/\/caliweedeurope.com\/wp-content\/uploads\/2024\/11\/galas.jpg",9,12,false],"woocommerce_thumbnail":["https:\/\/caliweedeurope.com\/wp-content\/uploads\/2024\/11\/galas-300x300.jpg",300,300,true],"woocommerce_single":["https:\/\/caliweedeurope.com\/wp-content\/uploads\/2024\/11\/galas.jpg",516,683,false],"woocommerce_gallery_thumbnail":["https:\/\/caliweedeurope.com\/wp-content\/uploads\/2024\/11\/galas-100x100.jpg",100,100,true]},"uagb_author_info":{"display_name":"jetskiforsaleuk@gmail.com","author_link":"https:\/\/caliweedeurope.com\/pl\/author\/"},"uagb_comment_info":0,"uagb_excerpt":"Buy Cali Gas Bud Warning. This product contains Cannabis, a scheduled substance Keep out of the reach of children and animals. Cannabis products can only be possessed or consumed by persons 21+ years of age older unless the person is a qualified patient. The intoxicating effects of cannabis products may stay up to two hours.&hellip;","_links":{"self":[{"href":"https:\/\/caliweedeurope.com\/pl\/wp-json\/wp\/v2\/product\/1796"}],"collection":[{"href":"https:\/\/caliweedeurope.com\/pl\/wp-json\/wp\/v2\/product"}],"about":[{"href":"https:\/\/caliweedeurope.com\/pl\/wp-json\/wp\/v2\/types\/product"}],"replies":[{"embeddable":true,"href":"https:\/\/caliweedeurope.com\/pl\/wp-json\/wp\/v2\/comments?post=1796"}],"wp:featuredmedia":[{"embeddable":true,"href":"https:\/\/caliweedeurope.com\/pl\/wp-json\/wp\/v2\/media\/1704"}],"wp:attachment":[{"href":"https:\/\/caliweedeurope.com\/pl\/wp-json\/wp\/v2\/media?parent=1796"}],"wp:term":[{"taxonomy":"product_brand","embeddable":true,"href":"https:\/\/caliweedeurope.com\/pl\/wp-json\/wp\/v2\/product_brand?post=1796"},{"taxonomy":"product_cat","embeddable":true,"href":"https:\/\/caliweedeurope.com\/pl\/wp-json\/wp\/v2\/product_cat?post=1796"},{"taxonomy":"product_tag","embeddable":true,"href":"https:\/\/caliweedeurope.com\/pl\/wp-json\/wp\/v2\/product_tag?post=1796"}],"curies":[{"name":"wp","href":"https:\/\/api.w.org\/{rel}","templated":true}]}}