{"id":1804,"date":"2024-11-05T18:39:27","date_gmt":"2024-11-05T18:39:27","guid":{"rendered":"https:\/\/caliweedeurope.com\/?post_type=product&#038;p=1804"},"modified":"2024-11-05T18:39:35","modified_gmt":"2024-11-05T18:39:35","slug":"buy-cali-plug-cookie-cake-online","status":"publish","type":"product","link":"https:\/\/caliweedeurope.com\/pl\/product\/buy-cali-plug-cookie-cake-online\/","title":{"rendered":"Buy Cali plug Cookie Cake Online"},"content":{"rendered":"<h1 style=\"text-align: center\"><strong>\u00a0 \u00a0<\/strong><strong style=\"font-size: 25.92px;text-align: center\">COOKIE CAKE <\/strong><strong style=\"font-size: 25.92px;text-align: center\">\u00a0CALI BUD OR NO BUD\u00a0|<\/strong><strong style=\"font-size: 25.92px;text-align: center\">\u00a0CALI BUD OR NO BUD\u00a0<\/strong><strong style=\"font-size: 25.92px;text-align: center\">COOKIE CAKE <\/strong><strong style=\"font-size: 25.92px;text-align: center\">\u00a0|<\/strong><strong style=\"font-size: 25.92px;text-align: center\">\u00a0CALI PLUG CALI BUD OR NO BUD<\/strong><\/h1>\n<p><strong>Cali plug Cookie Cake<\/strong><br \/> Na pocz\u0105tek, Cali Plug Bud Cookies Cake. W tych cennych woreczkach znajdziesz najwy\u017cszej jako\u015bci Cali Bud lub brak Bud Cookies Cake, 14 g opakowa\u0144 ze strun\u0105 dla \u015bwie\u017co\u015bci. Edycja wspieraj\u0105ca \u015bwiadomo\u015b\u0107 raka piersi. Odmiana to krzy\u017c\u00f3wka Cookies &amp; Cream i Cookie Wreck. Zawiera 31% THC, 0,1% CBD, 70% Indica i 30% Sativa. Ca\u0142kowita zawarto\u015b\u0107 kannabinoid\u00f3w wynosi 34%.<\/p>\n<p><strong>Cali ciasto ciasteczkowe<\/strong><\/p>\n<p>Cali Cookie Cake to odmiana z przewag\u0105 indiki, charakteryzuj\u0105ca si\u0119 wysok\u0105 moc\u0105. Ze wzgl\u0119du na wysok\u0105 zawarto\u015b\u0107 THC, Cali Nug na pocz\u0105tku wywo\u0142uje przewa\u017cnie sativowe odczucie w g\u0142owie. To niesamowite mrowienie w umy\u015ble uspokaja si\u0119 i otacza cia\u0142o uczuciem ci\u0119\u017cko\u015bci, kt\u00f3re niekt\u00f3rzy mog\u0105 uzna\u0107 za refleksyjne. Ma lekko kwiatowy zapach z nutami ziemi i przypraw. Ciesz si\u0119 Cali Brain pod koniec dnia, aby wzmocni\u0107 jego relaksuj\u0105ce, uspokajaj\u0105ce efekty. Recenzje Cali Bud.<\/p>\n<h2 style=\"text-align: center\"><strong>\u00a0BUY\u00a0<\/strong><strong>COOKIE CAKE\u00a0<\/strong><strong>\u00a0\u00a0\u00a0CALI BUD OR NO BUD\u00a0 ONLINE | BUY CALI BUD OR NO BUD\u00a0<\/strong><strong>COOKIE CAKE\u00a0<\/strong><strong>ONLINE | BUY CALI BUD OR NO BUD ONLINE<\/strong><\/h2>\n<p><strong>Efekt odmiany Cali Bud Cookie Cake<\/strong><br \/> To niesamowite mrowienie w umy\u015ble uspokaja si\u0119 i otacza cia\u0142o lekk\u0105, przyjemn\u0105 jako\u015bci\u0105. Ma delikatny kwiatowy zapach z nutami ziemistych aromat\u00f3w.<\/p>\n<p><strong style=\"font-size: 14.4px\">Ostrze\u017cenie<\/strong><\/p>\n<p>Podsumowuj\u0105c, ten produkt zawiera konopie indyjskie, substancj\u0119 kontrolowan\u0105. Przechowywa\u0107 w miejscu niedost\u0119pnym dla dzieci i zwierz\u0105t. Odurzaj\u0105ce efekty produkt\u00f3w z konopi mog\u0105 trwa\u0107 do dw\u00f3ch godzin. U\u017cywanie konopi w czasie ci\u0105\u017cy lub karmienia piersi\u0105 mo\u017ce by\u0107 szkodliwe. Spo\u017cycie tego produktu wp\u0142ywa na zdolno\u015b\u0107 prowadzenia pojazd\u00f3w lub obs\u0142ugi maszyn. Prosz\u0119 zachowa\u0107 szczeg\u00f3ln\u0105 ostro\u017cno\u015b\u0107 po spo\u017cyciu tej odmiany. Dlatego zalecamy zawsze zostawia\u0107 recenzje Cali Bud.<\/p>\n<h3 style=\"text-align: center\"><strong>COOKIE CAKE\u00a0<\/strong><strong>CALI BUD OR NO BUD FOR SALE | CALI BUD OR NO BUD\u00a0\u00a0<\/strong><strong>COOKIE CAKE\u00a0<\/strong><strong>FOR SALE | CALI BUD OR NO BUD\u00a0 FOR SALE<\/strong><\/h3>\n<p><strong>Medyczne zastosowania odmiany Cali Bud Cookie Cake<\/strong><br \/> Ta odmiana jest najcz\u0119\u015bciej zalecana do stosowania rano. Ten \u015brodek oczyszczaj\u0105cy umys\u0142 przyci\u0105ga szczeg\u00f3ln\u0105 uwag\u0119 mi\u0142o\u015bnik\u00f3w sztuki, poniewa\u017c zwi\u0119ksza ich kreatywno\u015b\u0107 i pomaga im lepiej dzia\u0142a\u0107, unikaj\u0105c rozpraszania. Dlatego jest r\u00f3wnie\u017c przydatny przed jog\u0105 i medytacj\u0105. Znany jest ze swoich w\u0142a\u015bciwo\u015bci psychodelicznych.<\/p>\n<div class=\"variety-percentage-wrap\">\n<h4 class=\"variety\">Indica Dominant Hybrid\u00a0<span class=\"hidden-xs\">\u2013\u00a0<\/span><span class=\"strain-percentages\">60% Indica \/ 40% Sativa<\/span><\/h4>\n<h4 class=\"percentage\"><span class=\"heading\">THC:\u00a0<\/span>20% \u2013 22%<\/h4>\n<\/p><\/div>\n<p>Cherry Cookie Cake, znany r\u00f3wnie\u017c jako \"Cherry Cookies Cake\", to lekko dominuj\u0105ca odmiana hybrydowa (60% indica \/ 40% sativa), stworzona poprzez skrzy\u017cowanie klasycznych odmian Cherry AK X Cookies F2. Gotowy na kawa\u0142ek tego pysznego deseru o ka\u017cdej porze? Cherry Cookie Cake ma smak dok\u0142adnie taki, jak sugeruje nazwa \u2013 s\u0142odkie orzechowe ciasteczka wi\u015bniowe i ciasto o konsystencji ciasta. Aromat jest bardzo podobny, chocia\u017c z nutami ziemistymi i lekk\u0105 ostr\u0105 nut\u0105. Efekt Cherry Cookie Cake to idealna przyjemno\u015b\u0107 po kolacji, z relaksuj\u0105cymi i pe\u0142nymi efektami, kt\u00f3re pomog\u0105 Ci naprawd\u0119 si\u0119 odpr\u0119\u017cy\u0107, gdy najbardziej tego potrzebujesz. Na pocz\u0105tku dzia\u0142ania poczujesz si\u0119 podniesiony, ale spokojny, z lekk\u0105 mg\u0142\u0105 w g\u0142owie, kt\u00f3ra uniemo\u017cliwi Ci skupienie si\u0119 na negatywnych my\u015blach.<\/p>\n<h4 style=\"text-align: center\"><strong>CALI BUD OR NO BUD \u00a0<\/strong><strong>COOKIE CAKE\u00a0<\/strong><strong>\u00a0\u00a0NEAR ME |\u00a0<\/strong><strong>COOKIE CAKE\u00a0<\/strong><strong> \u00a0\u00a0\u00a0CALI BUD OR NO BUD\u00a0\u00a0 NEAR ME | CALI BUD OR NO BUD \u00a0NEAR ME<\/strong><\/h4>\n<p><strong>Uprawa odmiany Cali Plug Cookie Cake<\/strong><br \/> Odmiana Cali Cookie Cake pochodzi od Exclusive Seeds i mo\u017ce by\u0107 uprawiana zar\u00f3wno w pomieszczeniach (gdzie ro\u015bliny wymagaj\u0105 czasu kwitnienia oko\u0142o 67 dni), jak i na zewn\u0105trz. S\u0105 to starannie wyselekcjonowane nasiona z najlepszych zbior\u00f3w Cali Plug. Cookie Cake to hybrydowa odmiana dominuj\u0105ca w THC. Twoje zbiory b\u0119d\u0105 warte ka\u017cdej wydanej z\u0142ot\u00f3wki i ka\u017cdej godziny po\u015bwi\u0119conej na zakup i upraw\u0119 tych nasion.<\/p>\n<p>Nast\u0119pnie dopadnie ci\u0119 nag\u0142y g\u0142\u00f3d, kt\u00f3ry sprawi, \u017ce b\u0119dziesz si\u0119ga\u0107 po wszystko, co znajdziesz, wi\u0119c miej przek\u0105ski gotowe!<\/p>\n<h5 style=\"text-align: center\"><strong>COOKIE CAKE\u00a0<\/strong><strong>\u00a0\u00a0STRAIN | \u00a0<\/strong><strong>COOKIE CAKE\u00a0<\/strong><strong>\u00a0WEED STRAIN | CALI\u00a0<\/strong><strong>COOKIE CAKE\u00a0<\/strong><strong>\u00a0\u00a0| CALI\u00a0<\/strong><strong>COOKIE CAKE\u00a0<\/strong><strong>\u00a0\u00a0STRAIN<\/strong><\/h5>\n<p><strong>Ostrze\u017cenie Cali Plug Cookie Cake<\/strong><br \/> Podsumowuj\u0105c, Cookies Cake zawiera Cannabis\/THC, substancj\u0119 psychoaktywn\u0105, kt\u00f3r\u0105 nale\u017cy trzyma\u0107 poza zasi\u0119giem dzieci i zwierz\u0105t. <a href=\"https:\/\/caliplugcarts.com\/product\/buy-cali-bud-cheetos-cookies-online\/\" target=\"_blank\" rel=\"noopener\">Cann<\/a>a<a href=\"https:\/\/caliplugcarts.com\/product\/buy-cali-bud-cheetos-cookies-online\/\" target=\"_blank\" rel=\"noopener\">bis<\/a> produkty mog\u0105 by\u0107 posiadane lub konsumowane tylko przez osoby w wieku 21 lat lub starsze, chyba \u017ce osoba jest kwalifikowanym pacjentem. Odurzaj\u0105ce efekty produkt\u00f3w konopnych mog\u0105 utrzymywa\u0107 si\u0119 do dw\u00f3ch godzin. Spo\u017cycie konopi w czasie ci\u0105\u017cy lub karmienia piersi\u0105 mo\u017ce by\u0107 szkodliwe. Konsumpcja tych produkt\u00f3w os\u0142abia zdolno\u015b\u0107 do prowadzenia pojazd\u00f3w lub obs\u0142ugi maszyn. Prosimy o zachowanie szczeg\u00f3lnej ostro\u017cno\u015bci po spo\u017cyciu tego produktu. Dlatego zalecamy pozostawianie recenzji Cali Bud przez ca\u0142y czas.<\/p>\n<p><strong>Wysy\u0142ka Cali Plug Cookies Cake<\/strong><br \/> Wysy\u0142ka jest 100% dyskretna, a my oferujemy gwarancj\u0119 bezpiecznej dostawy lub pe\u0142ny zwrot pieni\u0119dzy, je\u015bli klient anuluje zam\u00f3wienie. Oferujemy dyskretn\u0105 wysy\u0142k\u0119 na ca\u0142ym \u015bwiecie tych wysokiej jako\u015bci torebek Cali Bud.<\/p>\n<p><strong>Dostawa Cali Plug Cookies Cake<\/strong><br \/> Na koniec oferujemy dyskretn\u0105 dostaw\u0119 tych najwy\u017cszej jako\u015bci Cali Plug buds na ca\u0142ym \u015bwiecie. Czas dostawy zale\u017cy w du\u017cej mierze od miejsca, w kt\u00f3rym znajduje si\u0119 klient w momencie sk\u0142adania zam\u00f3wienia. Z\u0142\u00f3\u017c zam\u00f3wienie teraz i otrzymaj Cali buds dostarczone dyskretnie pod Tw\u00f3j adres bez \u017cadnych problem\u00f3w.<\/p>\n<div data-testid=\"product-description\">\n<div class=\"truncate-lines__Wrapper-sc-1lknwty-0 YxHAC\">\n<div data-testid=\"truncated-description\">\n<div>\n<div class=\"text__Text-sc-fif1uk-0 kdmKRD\">\n<div class=\"src__Box-sc-1sbtrzs-0 src__Flex-sc-1sbtrzs-1 kWPFqZ hzdsvF\">\n<div>PRZYK\u0141ADOWE KATEGORIE PRODUKT\u00d3W<\/div>\n<\/p><\/div>\n<\/p><\/div>\n<\/p><\/div>\n<\/p><\/div>\n<\/p><\/div>\n<\/p><\/div>\n<div class=\"text__Text-sc-fif1uk-0 htoJfX\"><a href=\"https:\/\/jeetersofficial.com\/product-category\/buy-cali-buds\/\" target=\"_blank\" rel=\"noopener\">CALI BUDS<\/a><\/div>\n<div data-testid=\"product-description\">\n<div class=\"truncate-lines__Wrapper-sc-1lknwty-0 YxHAC\">\n<div data-testid=\"truncated-description\">\n<div class=\"text__Text-sc-fif1uk-0 kdmKRD\"><a href=\"https:\/\/jeetersofficial.com\/product-category\/backpack-boyz\/\" target=\"_blank\" rel=\"noopener\">Backpack\u00a0 Boyz<\/a><\/div>\n<div><a href=\"https:\/\/jeetersofficial.com\/product-category\/snow-balls-weed\/\" target=\"_blank\" rel=\"noopener\">SNOWBALLS WEED<\/a><\/div>\n<div><a href=\"https:\/\/jeetersofficial.com\/product-category\/persy-snowcaps\/\" target=\"_blank\" rel=\"noopener\">Persy Snowcaps<\/a><\/div>\n<div><a href=\"https:\/\/jeetersofficial.com\/product-category\/drip-snowcaps\/\" target=\"_blank\" rel=\"noopener\">Drip Snowcaps<\/a><\/div>\n<div><a href=\"https:\/\/jeetersofficial.com\/product-category\/concentrates\/\" target=\"_blank\" rel=\"noopener\">CALI CONCENTRATES<\/a><\/div>\n<div><a href=\"https:\/\/jeetersofficial.com\/product-category\/doja-exclusive\/\" target=\"_blank\" rel=\"noopener\">CALI DOJA PACKS EXCLUSIVE<\/a><\/div>\n<div><a href=\"https:\/\/jeetersofficial.com\/product-category\/marijuana-flowers\/\" target=\"_blank\" rel=\"noopener\">CALI MARIJUANA FLOWERS<\/a><\/div>\n<\/p><\/div>\n<\/p><\/div>\n<\/p><\/div>\n<div><a href=\"https:\/\/jeetersofficial.com\/product-category\/sativa-strain\/\" target=\"_blank\" rel=\"noopener\">CALI SATIVA STRAINS<\/a><\/div>\n<div><a href=\"https:\/\/jeetersofficial.com\/product-category\/indica\/\" target=\"_blank\" rel=\"noopener\">CALI INDICA STRAINS<\/a><\/div>\n<div><a href=\"https:\/\/jeetersofficial.com\/product-category\/hybrid-weed\/\" target=\"_blank\" rel=\"noopener\">CALI HYBRID WEED<\/a><\/div>\n<p>&nbsp;<\/p>","protected":false},"excerpt":{"rendered":"<p><strong>Ostrze\u017cenie Cali Plug Cookie Cake<\/strong><br \/> Cookies Cake zawiera konopie\/THC, substancj\u0119 psychoaktywn\u0105. Przechowywa\u0107 w miejscu niedost\u0119pnym dla dzieci i zwierz\u0105t. Produkty z konopi mog\u0105 by\u0107 posiadane lub spo\u017cywane wy\u0142\u0105cznie przez osoby powy\u017cej 21 roku \u017cycia, chyba \u017ce osoba jest kwalifikowanym pacjentem. Efekty odurzaj\u0105ce produkt\u00f3w konopnych mog\u0105 utrzymywa\u0107 si\u0119 do dw\u00f3ch godzin. U\u017cywanie konopi w czasie ci\u0105\u017cy lub karmienia piersi\u0105 mo\u017ce by\u0107 szkodliwe. Spo\u017cycie tych produkt\u00f3w pogarsza zdolno\u015b\u0107 prowadzenia pojazd\u00f3w lub obs\u0142ugi maszyn. Prosimy o zachowanie szczeg\u00f3lnej ostro\u017cno\u015bci po spo\u017cyciu tego produktu. Dlatego zawsze zalecamy zostawianie recenzji Cali Bud.<\/p>","protected":false},"featured_media":1834,"comment_status":"closed","ping_status":"closed","template":"","meta":{"_uag_custom_page_level_css":"","site-sidebar-layout":"default","site-content-layout":"","ast-site-content-layout":"","site-content-style":"default","site-sidebar-style":"default","ast-global-header-display":"","ast-banner-title-visibility":"","ast-main-header-display":"","ast-hfb-above-header-display":"","ast-hfb-below-header-display":"","ast-hfb-mobile-header-display":"","site-post-title":"","ast-breadcrumbs-content":"","ast-featured-img":"","footer-sml-layout":"","theme-transparent-header-meta":"","adv-header-id-meta":"","stick-header-meta":"","header-above-stick-meta":"","header-main-stick-meta":"","header-below-stick-meta":"","astra-migrate-meta-layouts":"default","ast-page-background-enabled":"default","ast-page-background-meta":{"desktop":{"background-color":"var(--ast-global-color-4)","background-image":"","background-repeat":"repeat","background-position":"center center","background-size":"auto","background-attachment":"scroll","background-type":"","background-media":"","overlay-type":"","overlay-color":"","overlay-opacity":"","overlay-gradient":""},"tablet":{"background-color":"","background-image":"","background-repeat":"repeat","background-position":"center center","background-size":"auto","background-attachment":"scroll","background-type":"","background-media":"","overlay-type":"","overlay-color":"","overlay-opacity":"","overlay-gradient":""},"mobile":{"background-color":"","background-image":"","background-repeat":"repeat","background-position":"center center","background-size":"auto","background-attachment":"scroll","background-type":"","background-media":"","overlay-type":"","overlay-color":"","overlay-opacity":"","overlay-gradient":""}},"ast-content-background-meta":{"desktop":{"background-color":"var(--ast-global-color-5)","background-image":"","background-repeat":"repeat","background-position":"center center","background-size":"auto","background-attachment":"scroll","background-type":"","background-media":"","overlay-type":"","overlay-color":"","overlay-opacity":"","overlay-gradient":""},"tablet":{"background-color":"var(--ast-global-color-5)","background-image":"","background-repeat":"repeat","background-position":"center center","background-size":"auto","background-attachment":"scroll","background-type":"","background-media":"","overlay-type":"","overlay-color":"","overlay-opacity":"","overlay-gradient":""},"mobile":{"background-color":"var(--ast-global-color-5)","background-image":"","background-repeat":"repeat","background-position":"center center","background-size":"auto","background-attachment":"scroll","background-type":"","background-media":"","overlay-type":"","overlay-color":"","overlay-opacity":"","overlay-gradient":""}}},"product_brand":[],"product_cat":[675],"product_tag":[489,697,491,506,698,509,531,492,699,700,701,481,472,515,702,703,516,517,461,536,462,613,704,705,706,707,708,503],"class_list":{"0":"post-1804","1":"product","2":"type-product","3":"status-publish","4":"has-post-thumbnail","6":"product_cat-buy-cali-buds","7":"product_tag-best-cali-packs","8":"product_tag-buy-cali-bud-or-no-bud-cookie-cake-online","9":"product_tag-buy-cali-bud-or-no-bud-online","10":"product_tag-buy-cali-buds","11":"product_tag-buy-cookie-cake-cali-bud-or-no-bud-online","12":"product_tag-by-the-best-cali-buds","13":"product_tag-cali-bud","14":"product_tag-cali-bud-or-no-bud","15":"product_tag-cali-bud-or-no-bud-cookie-cake","16":"product_tag-cali-bud-or-no-bud-cookie-cake-for-sale","17":"product_tag-cali-bud-or-no-bud-cookie-cake-near-me","18":"product_tag-cali-bud-or-no-bud-for-sale","19":"product_tag-cali-bud-or-no-bud-near-me","20":"product_tag-cali-buds-online","21":"product_tag-cali-cookie-cake","22":"product_tag-cali-cookie-cake-strain","23":"product_tag-cali-flavors","24":"product_tag-cali-flavours","25":"product_tag-cali-packs","26":"product_tag-cali-plug-buds","27":"product_tag-cali-plug-cali-bud-or-no-bud","28":"product_tag-cali-weed-strains","29":"product_tag-cookie-cake-cali-bud-or-no-bud","30":"product_tag-cookie-cake-cali-bud-or-no-bud-for-sale","31":"product_tag-cookie-cake-cali-bud-or-no-bud-near-me","32":"product_tag-cookie-cake-strain","33":"product_tag-cookie-cake-weed-strain","34":"product_tag-top-cali-bud-packs","35":"desktop-align-center","36":"tablet-align-left","37":"mobile-align-left","39":"first","40":"instock","41":"shipping-taxable","42":"purchasable","43":"product-type-variable"},"uagb_featured_image_src":{"full":["https:\/\/caliweedeurope.com\/wp-content\/uploads\/2024\/11\/cookie-cake.jpg",520,687,false],"thumbnail":["https:\/\/caliweedeurope.com\/wp-content\/uploads\/2024\/11\/cookie-cake-150x150.jpg",150,150,true],"medium":["https:\/\/caliweedeurope.com\/wp-content\/uploads\/2024\/11\/cookie-cake-227x300.jpg",227,300,true],"medium_large":["https:\/\/caliweedeurope.com\/wp-content\/uploads\/2024\/11\/cookie-cake.jpg",520,687,false],"large":["https:\/\/caliweedeurope.com\/wp-content\/uploads\/2024\/11\/cookie-cake.jpg",520,687,false],"1536x1536":["https:\/\/caliweedeurope.com\/wp-content\/uploads\/2024\/11\/cookie-cake.jpg",520,687,false],"2048x2048":["https:\/\/caliweedeurope.com\/wp-content\/uploads\/2024\/11\/cookie-cake.jpg",520,687,false],"trp-custom-language-flag":["https:\/\/caliweedeurope.com\/wp-content\/uploads\/2024\/11\/cookie-cake.jpg",9,12,false],"woocommerce_thumbnail":["https:\/\/caliweedeurope.com\/wp-content\/uploads\/2024\/11\/cookie-cake-300x300.jpg",300,300,true],"woocommerce_single":["https:\/\/caliweedeurope.com\/wp-content\/uploads\/2024\/11\/cookie-cake.jpg",520,687,false],"woocommerce_gallery_thumbnail":["https:\/\/caliweedeurope.com\/wp-content\/uploads\/2024\/11\/cookie-cake-100x100.jpg",100,100,true]},"uagb_author_info":{"display_name":"jetskiforsaleuk@gmail.com","author_link":"https:\/\/caliweedeurope.com\/pl\/author\/"},"uagb_comment_info":0,"uagb_excerpt":"Cali plug Cookie Cake Warning Cookies Cake contains Cannabis\/THC, a psychoactive substance to Keep out of the reach of children and animals. Cannabis products can only be possessed or consumed by persons 21+ years of age older unless the person is a qualified patient. The intoxicating effects of cannabis products may stay up to two&hellip;","_links":{"self":[{"href":"https:\/\/caliweedeurope.com\/pl\/wp-json\/wp\/v2\/product\/1804"}],"collection":[{"href":"https:\/\/caliweedeurope.com\/pl\/wp-json\/wp\/v2\/product"}],"about":[{"href":"https:\/\/caliweedeurope.com\/pl\/wp-json\/wp\/v2\/types\/product"}],"replies":[{"embeddable":true,"href":"https:\/\/caliweedeurope.com\/pl\/wp-json\/wp\/v2\/comments?post=1804"}],"wp:featuredmedia":[{"embeddable":true,"href":"https:\/\/caliweedeurope.com\/pl\/wp-json\/wp\/v2\/media\/1834"}],"wp:attachment":[{"href":"https:\/\/caliweedeurope.com\/pl\/wp-json\/wp\/v2\/media?parent=1804"}],"wp:term":[{"taxonomy":"product_brand","embeddable":true,"href":"https:\/\/caliweedeurope.com\/pl\/wp-json\/wp\/v2\/product_brand?post=1804"},{"taxonomy":"product_cat","embeddable":true,"href":"https:\/\/caliweedeurope.com\/pl\/wp-json\/wp\/v2\/product_cat?post=1804"},{"taxonomy":"product_tag","embeddable":true,"href":"https:\/\/caliweedeurope.com\/pl\/wp-json\/wp\/v2\/product_tag?post=1804"}],"curies":[{"name":"wp","href":"https:\/\/api.w.org\/{rel}","templated":true}]}}