{"id":1810,"date":"2024-11-05T18:39:28","date_gmt":"2024-11-05T18:39:28","guid":{"rendered":"https:\/\/caliweedeurope.com\/?post_type=product&#038;p=1810"},"modified":"2024-11-05T18:39:35","modified_gmt":"2024-11-05T18:39:35","slug":"buy-cali-plug-pure-og-online","status":"publish","type":"product","link":"https:\/\/caliweedeurope.com\/pl\/product\/buy-cali-plug-pure-og-online\/","title":{"rendered":"Buy Cali Plug Pure OG Online"},"content":{"rendered":"<h1 style=\"text-align: center\"><strong>\u00a0\u00a0 \u00a0 \u00a0<\/strong><strong>PURE OG\u00a0 <\/strong><strong>CALI BUD OR NO BUD<\/strong><strong> |<\/strong> <strong>CALI BUD OR NO BUD <\/strong><strong>PURE OG\u00a0 <\/strong><strong>|<\/strong> <strong>CALI PLUG CALI BUD OR NO BUD<\/strong><\/h1>\n<p><strong>Cali Plug Pure OG Strain<\/strong><br \/> Na pocz\u0105tek, Cali Pure OG Strain to fenotyp Girl Scout Cookies. Nazwana na cze\u015b\u0107 swoich m\u0119tnych bia\u0142ych trichom\u00f3w i lepkich p\u0105k\u00f3w, ta odmiana pachnie s\u0142odkimi, mi\u0119towymi terpenami z urocz\u0105, piaskow\u0105 nut\u0105. pure og weed<\/p>\n<p>Pure OG to odmiana konopi Indica, powsta\u0142a z krzy\u017cowania OG Kush i innych odmian. Recenzenci na Leafly twierdz\u0105, \u017ce ta odmiana sprawia, \u017ce czuj\u0105 si\u0119 senni, g\u0142odni i maj\u0105 mrowienie. Pure OG zawiera 19% THC. Dominuj\u0105cym terpenem w tej odmianie jest kariofilen. Je\u015bli pali\u0142e\u015b, dabowa\u0142e\u015b lub w inny spos\u00f3b cieszy\u0142e\u015b si\u0119 t\u0105 odmian\u0105, Pure OG, daj nam zna\u0107! Zostaw recenzj\u0119.<\/p>\n<h2 style=\"text-align: center\">\u00a0<strong>BUY\u00a0<\/strong><strong>PURE OG<\/strong><strong>\u00a0CALI BUD OR NO BUD\u00a0 ONLINE | BUY CALI BUD OR NO BUD\u00a0<\/strong><strong>PURE OG <\/strong><strong>ONLINE | BUY CALI BUD OR NO BUD ONLINE<\/strong><\/h2>\n<h3><strong style=\"color: #555555;font-size: 14.4px\">Medyczne zastosowania odmiany Pure OG<\/strong><\/h3>\n<p>Pure OG nape\u0142nia konsument\u00f3w szcz\u0119\u015bliwym, relaksuj\u0105cym uczuciem. Przyjemna euforia tej odmiany mo\u017ce poprawi\u0107 nastr\u00f3j, pobudzi\u0107 apetyt i pom\u00f3c w walce z niepokojem.<\/p>\n<div class=\"col-xs-12 col-md-9 col-lg-9 strain-info detail-panel\">\n<div class=\"flipblock-wrapper\">\n<div id=\"strain-info\" class=\"panel panel-default\" data-label=\"strain_detail\">\n<div class=\"face front\">\n<div class=\"panel-body well description\">\n<div class=\"variety-percentage-wrap\">\n<h4 class=\"variety\">Indica Dominant Hybrid <span class=\"hidden-xs\">\u2013\u00a0<\/span><span class=\"strain-percentages\">60% Indica \/ 40% Sativa<\/span><\/h4>\n<h4 class=\"percentage\"><span class=\"heading\">THC:\u00a0<\/span>20%,\u00a0<span class=\"heading\">CBD:\u00a0<\/span><em>2<\/em>%,\u00a0<span class=\"heading\">CBN:\u00a0<\/span><em>1<\/em>%<\/h4>\n<\/p><\/div>\n<p>Pure OG, znana r\u00f3wnie\u017c jako \u201ePure Kush\u201d, to lekko dominuj\u0105ca hybryda indica (60% indica \/ 40% sativa), kt\u00f3ra jest inbredem SFV OG Kush. Podobnie jak jej odmiana rodzicielska, Pure OG ma klasyczny aromat ziemistego orzechowego zapachu z s\u0142odkim akcentem kush, kt\u00f3ry staje si\u0119 lekko ostry, gdy p\u0105ki s\u0105 \u0142amane. Smak jest bardzo podobny, z pyszn\u0105 ziemist\u0105 nut\u0105 kush, kt\u00f3ra ma lekko s\u0142odk\u0105, orzechow\u0105 wilgotno\u015b\u0107 przy wydychaniu. Ten kwiat ma \u015bredniej wielko\u015bci p\u0105ki o oliwkowo-zielonym kolorze i kszta\u0142cie winogron, z ciemnopomara\u0144czowymi w\u0142oskami i zaskakuj\u0105co jasnor\u00f3\u017cowymi tonami. Ka\u017cdy p\u0105k jest ca\u0142kowicie pokryty grub\u0105, mro\u017an\u0105 warstw\u0105 drobnych bia\u0142ych trichom\u00f3w.<\/p>\n<\/p><\/div>\n<\/p><\/div>\n<\/p><\/div>\n<\/p><\/div>\n<\/p><\/div>\n<h3 style=\"text-align: center\"><strong>PURE OG <\/strong><strong>CALI BUD OR NO BUD FOR SALE | CALI BUD OR NO BUD\u00a0\u00a0<\/strong><strong>PURE OG\u00a0 \u00a0<\/strong><strong>\u00a0FOR SALE | CALI BUD OR NO BUD\u00a0 FOR SALE<\/strong><\/h3>\n<p><strong>Szcz\u0119\u015bliwy<\/strong><br \/> 49% os\u00f3b twierdzi, \u017ce czuje si\u0119 szcz\u0119\u015bliwych<br \/> <strong>Zrelaksowany<\/strong><br \/> 44% os\u00f3b twierdzi, \u017ce czuje si\u0119 zrelaksowanych<br \/> <strong>Pobudzony<\/strong><br \/> 16% os\u00f3b twierdzi, \u017ce czuje si\u0119 pobudzonych<br \/> <strong>Negatywy<\/strong><br \/> <strong>Sucho\u015b\u0107 w ustach<\/strong><br \/> 17% os\u00f3b twierdzi, \u017ce odczuwa sucho\u015b\u0107 w ustach<br \/> <strong>Suche oczy<\/strong><br \/> 11% os\u00f3b twierdzi, \u017ce odczuwa sucho\u015b\u0107 oczu<br \/> <strong>Zawroty g\u0142owy<\/strong><br \/> 5% os\u00f3b twierdzi, \u017ce odczuwa zawroty g\u0142owy<\/p>\n<div class=\"col-xs-12 col-md-9 col-lg-9 strain-info detail-panel\">\n<div class=\"flipblock-wrapper\">\n<div id=\"strain-info\" class=\"panel panel-default\" data-label=\"strain_detail\">\n<div class=\"face front\">\n<div class=\"panel-body well description translation-block\">Wysokie dzia\u0142anie Pure OG jest bardzo silne i d\u0142ugotrwa\u0142e, wspierane przez poziom <a href=\"https:\/\/caliplugcarts.com\/product\/buy-cali-bud-sweet-and-sour-online\/\" target=\"_blank\" rel=\"noopener\">THC<\/a> do 20% oraz poziom CBD, kt\u00f3ry zazwyczaj wynosi od 1 do 2%. Efekt zaczyna si\u0119 od silnej narkotycznej mg\u0142y, kt\u00f3ra ca\u0142kowicie \u0142agodzi b\u00f3l i przyspieszone my\u015bli. Ten efekt szybko rozprzestrzenia si\u0119 po ca\u0142ym ciele, prowadz\u0105c do silnego \"couch-locka\" i sedacji, kt\u00f3re utrzymuj\u0105 si\u0119 przez wiele godzin. Wielu u\u017cytkownik\u00f3w zasypia zaraz po paleniu Pure OG z powodu tych silnych efekt\u00f3w Indica. Z tego powodu Pure OG jest ulubion\u0105 odmian\u0105 do leczenia przewlek\u0142ego b\u00f3lu, bezsenno\u015bci, lekkiej i umiarkowanej depresji oraz chronicznego stresu lub l\u0119ku.<\/div>\n<\/p><\/div>\n<\/p><\/div>\n<\/p><\/div>\n<\/p><\/div>\n<div class=\"hidden-xs col-md-3 col-lg-3 strain-properties xs-no-left-right-padding\">\n<div class=\"row small-gutter\">\n<div class=\"col-xs-12 col-sm-12 wider\">\n<div class=\"flipblock-wrapper\">\n<section id=\"positive-effects\" class=\"panel panel-default\" data-label=\"positive_effects\">\n<div class=\"face front\">\n<div class=\"panel-heading\">Efekty<\/div>\n<div class=\"panel-body well tags-list\"><a href=\"https:\/\/www.allbud.com\/marijuana-strains\/effect\/happy\" target=\"_blank\" rel=\"noopener\">Szcz\u0119\u015bliwy<\/a>,\u00a0<a href=\"https:\/\/www.allbud.com\/marijuana-strains\/effect\/hungry\" target=\"_blank\" rel=\"noopener\">G\u0142odny<\/a>,\u00a0<a href=\"https:\/\/www.allbud.com\/marijuana-strains\/effect\/sleepy\" target=\"_blank\" rel=\"noopener\">\u015api\u0105cy<\/a><\/div>\n<\/p><\/div>\n<\/section><\/div>\n<\/p><\/div>\n<div class=\"col-xs-12 col-sm-12 wider\">\n<div class=\"flipblock-wrapper\">\n<section id=\"relieved\" class=\"panel panel-default\" data-label=\"relieved_symptoms\">\n<div class=\"face front\">\n<div class=\"panel-heading\">Mo\u017ce przynie\u015b\u0107 ulg\u0119\u00a0<i class=\"fa fa-info-circle\" title=\"Zastrze\u017cenie: Wszystkie informacje o odmianach konopi wy\u015bwietlane na tej stronie opieraj\u0105 si\u0119 na recenzjach u\u017cytkownik\u00f3w. Wy\u015bwietlane dane o odmianach powinny by\u0107 traktowane jako narz\u0119dzie informacyjne, a nie jako zalecenie medyczne. Przed u\u017cyciem konopi w celach medycznych skonsultuj si\u0119 ze swoim lekarzem.\" data-toggle=\"tooltip\" data-placement=\"right\"><\/i><\/div>\n<div class=\"panel-body well tags-list translation-block\"><a href=\"https:\/\/www.allbud.com\/marijuana-strains\/symptom\/anxiety\" target=\"_blank\" rel=\"noopener\">L\u0119k<\/a>, <a href=\"https:\/\/www.allbud.com\/marijuana-strains\/symptom\/arthritis\" target=\"_blank\" rel=\"noopener\">Artretyzm<\/a>, <a href=\"https:\/\/www.allbud.com\/marijuana-strains\/symptom\/chronic-pain\" target=\"_blank\" rel=\"noopener\">B\u00f3l przewlek\u0142y<\/a>, <a href=\"https:\/\/www.allbud.com\/marijuana-strains\/symptom\/depression\" target=\"_blank\" rel=\"noopener\">Depresja<\/a>, <a href=\"https:\/\/www.allbud.com\/marijuana-strains\/symptom\/fibromyalgia\" target=\"_blank\" rel=\"noopener\">Fibromialgia<\/a>, <a href=\"https:\/\/www.allbud.com\/marijuana-strains\/symptom\/headaches\" target=\"_blank\" rel=\"noopener\">B\u00f3le g\u0142owy<\/a>, <a href=\"https:\/\/www.allbud.com\/marijuana-strains\/symptom\/insomnia\" target=\"_blank\" rel=\"noopener\">Bezsenno\u015b\u0107<\/a>, <a href=\"https:\/\/www.allbud.com\/marijuana-strains\/symptom\/nausea\" target=\"_blank\" rel=\"noopener\">Nudno\u015bci<\/a>, <a href=\"https:\/\/www.allbud.com\/marijuana-strains\/symptom\/stress\" target=\"_blank\" rel=\"noopener\">Stres<\/a><\/div>\n<\/p><\/div>\n<\/section><\/div>\n<\/p><\/div>\n<\/p><\/div>\n<div class=\"row small-gutter\">\n<div class=\"col-xs-12 col-sm-12 wider\">\n<div class=\"flipblock-wrapper\">\n<section id=\"flavors\" class=\"panel panel-default\" data-label=\"strain_flavors\">\n<div class=\"face front\">\n<div class=\"panel-heading\">Smaki<\/div>\n<div class=\"panel-body well tags-list translation-block\"><a href=\"https:\/\/www.allbud.com\/marijuana-strains\/taste\/citrus\" target=\"_blank\" rel=\"noopener\">Cytrusowy<\/a>, <a href=\"https:\/\/www.allbud.com\/marijuana-strains\/taste\/nutty\" target=\"_blank\" rel=\"noopener\">Orzechowy<\/a>, <a href=\"https:\/\/www.allbud.com\/marijuana-strains\/taste\/pine\" target=\"_blank\" rel=\"noopener\">Sosnowy<\/a>, <a href=\"https:\/\/www.allbud.com\/marijuana-strains\/taste\/spicy\" target=\"_blank\" rel=\"noopener\">Pikantny<\/a>, <a href=\"https:\/\/www.allbud.com\/marijuana-strains\/taste\/sweet\" target=\"_blank\" rel=\"noopener\">S\u0142odki<\/a>, <a href=\"https:\/\/www.allbud.com\/marijuana-strains\/taste\/woody\" target=\"_blank\" rel=\"noopener\">Drewniany<\/a><\/div>\n<\/p><\/div>\n<\/section><\/div>\n<\/p><\/div>\n<div class=\"col-xs-12 col-sm-12 wider\">\n<div class=\"flipblock-wrapper\">\n<section id=\"aromas\" class=\"panel panel-default\" data-label=\"strain_aromas\">\n<div class=\"face front\">\n<div class=\"panel-heading\">Aromaty<\/div>\n<div class=\"panel-body well tags-list translation-block\"><a href=\"https:\/\/www.allbud.com\/marijuana-strains\/aroma\/dank\" target=\"_blank\" rel=\"noopener\">Dank<\/a>,&nbsp;<a href=\"https:\/\/www.allbud.com\/marijuana-strains\/aroma\/earthy\" target=\"_blank\" rel=\"noopener\">Earthy<\/a>,&nbsp;<a href=\"https:\/\/www.allbud.com\/marijuana-strains\/aroma\/kush\" target=\"_blank\" rel=\"noopener\">Kush<\/a>,&nbsp;<a href=\"https:\/\/www.allbud.com\/marijuana-strains\/aroma\/nutty\" target=\"_blank\" rel=\"noopener\">Nutty<\/a>,&nbsp;<a href=\"https:\/\/www.allbud.com\/marijuana-strains\/aroma\/sweet\" target=\"_blank\" rel=\"noopener\">Sweet<\/a><\/div>\n<\/p><\/div>\n<\/section><\/div>\n<\/p><\/div>\n<\/p><\/div>\n<\/p><\/div>\n<h4 style=\"text-align: center\"><strong>CALI BUD OR NO BUD \u00a0PURE OG\u00a0 \u00a0NEAR ME | PURE OG\u00a0 CALI BUD OR NO BUD\u00a0\u00a0 NEAR ME | CALI BUD OR NO BUD \u00a0NEAR ME<\/strong><\/h4>\n<p><strong>Dostawa odmiany Cali Plug Pure OG<\/strong><br \/> Stajemy na stra\u017cy, aby zapewni\u0107 Ci najlepsze us\u0142ugi zam\u00f3wie\u0144 mailowych 420 na cannabis. Po zbadaniu stresu, jaki wi\u0105\u017ce si\u0119 z dojazdem do apteki, aby uzyska\u0107 swoje medyczne marihuany na b\u00f3l i ulg\u0119, postanowili\u015bmy pom\u00f3c spo\u0142eczno\u015bci 420, oferuj\u0105c recepty i dostaw\u0119 cannabis prosto do Twoich drzwi bez \u017cadnych niedogodno\u015bci. Oferujemy wysy\u0142k\u0119 do wszystkich 50 stan\u00f3w w USA, Kanady i Europy. Po wi\u0119cej informacji skontaktuj si\u0119 z nami, poniewa\u017c jeste\u015bmy zawsze online, aby pom\u00f3c Ci zdoby\u0107 to, co najlepsze. Kup Cali Pure OG Strain.<\/p>\n<p>Pure OG oferuje to, co najlepsze ze wszystkich \u015bwiat\u00f3w, z poziomem THC wynosz\u0105cym stabilne 20%. Ponadto mi\u0119dzy 1% a 2% CBD zapewnia cia\u0142u ulg\u0119, kt\u00f3rej tak bardzo potrzebujesz. Pocz\u0105tkowo pojawia si\u0119 typowy, ziemisty smak, ale podczas wydychania ta odmiana nabiera s\u0142odszego i orzechowego smaku. Zapachy odpowiadaj\u0105 tym smakom i s\u0105 bardzo przyjemne dla wi\u0119kszo\u015bci os\u00f3b. P\u0105ki to prawdziwa uczta dla oczu, z r\u00f3\u017cowymi odcieniami, ciemno-pomara\u0144czowymi w\u0142oskami i grub\u0105 warstw\u0105 trichom\u00f3w, kt\u00f3re przypominaj\u0105 piasek.<\/p>\n<h5 style=\"text-align: center\"><strong>PURE OG\u00a0 STRAIN | \u00a0PURE OG\u00a0 WEED STRAIN | CALI PURE OG\u00a0 | CALI PURE OG\u00a0 \u00a0STRAIN<\/strong><\/h5>\n<p><strong>Ostrze\u017cenie dotycz\u0105ce odmiany Pure OG<\/strong><br \/> Podsumowuj\u0105c, produkt ten zawiera kannabis, substancj\u0119 kontrolowan\u0105. Trzyma\u0107 z dala od dzieci i zwierz\u0105t. Produkty konopne mog\u0105 by\u0107 posiadane lub konsumowane tylko przez osoby powy\u017cej 21. roku \u017cycia, chyba \u017ce osoba jest kwalifikowanym pacjentem. Dzia\u0142anie produkt\u00f3w konopnych mo\u017ce utrzymywa\u0107 si\u0119 do dw\u00f3ch godzin. U\u017cywanie konopi w czasie ci\u0105\u017cy lub karmienia piersi\u0105 mo\u017ce by\u0107 szkodliwe. Spo\u017cycie tych produkt\u00f3w os\u0142abia zdolno\u015b\u0107 do prowadzenia pojazd\u00f3w lub obs\u0142ugi maszyn. Prosimy o du\u017c\u0105 ostro\u017cno\u015b\u0107 przed zakupem Pure OG Strain online i jego spo\u017cyciem.<\/p>\n<p>Pochodz\u0105cy od tajemniczych hodowc\u00f3w, kt\u00f3rzy chcieli stworzy\u0107 mocn\u0105 i niebezpieczn\u0105 odmian\u0119, Pure OG to inbred SFV OG Kush, kt\u00f3ry tworzy 60\/40 dominuj\u0105c\u0105 r\u00f3wnowag\u0119 indica. Odzwierciedla smaki swojego pierwotnego rodzica i zapewnia u\u017cytkownikom g\u0142\u0119boki, relaksuj\u0105cy efekt, kt\u00f3ry uspokaja nawet najbardziej niespokojny umys\u0142 lub bolesne cia\u0142o.<\/p>\n<div data-testid=\"product-description\">\n<div class=\"truncate-lines__Wrapper-sc-1lknwty-0 YxHAC\">\n<div data-testid=\"truncated-description\">\n<div>\n<div class=\"text__Text-sc-fif1uk-0 kdmKRD\">\n<div class=\"src__Box-sc-1sbtrzs-0 src__Flex-sc-1sbtrzs-1 kWPFqZ hzdsvF\">\n<div>PRZYK\u0141ADOWE KATEGORIE PRODUKT\u00d3W<\/div>\n<\/p><\/div>\n<\/p><\/div>\n<\/p><\/div>\n<\/p><\/div>\n<\/p><\/div>\n<\/p><\/div>\n<div class=\"text__Text-sc-fif1uk-0 htoJfX\"><a href=\"https:\/\/jeetersofficial.com\/product-category\/buy-cali-buds\/\" target=\"_blank\" rel=\"noopener\">CALI BUDS<\/a><\/div>\n<div data-testid=\"product-description\">\n<div class=\"truncate-lines__Wrapper-sc-1lknwty-0 YxHAC\">\n<div data-testid=\"truncated-description\">\n<div class=\"text__Text-sc-fif1uk-0 kdmKRD\"><a href=\"https:\/\/jeetersofficial.com\/product-category\/backpack-boyz\/\" target=\"_blank\" rel=\"noopener\">Backpack\u00a0 Boyz<\/a><\/div>\n<div><a href=\"https:\/\/jeetersofficial.com\/product-category\/snow-balls-weed\/\" target=\"_blank\" rel=\"noopener\">SNOWBALLS WEED<\/a><\/div>\n<div><a href=\"https:\/\/jeetersofficial.com\/product-category\/persy-snowcaps\/\" target=\"_blank\" rel=\"noopener\">Persy Snowcaps<\/a><\/div>\n<div><a href=\"https:\/\/jeetersofficial.com\/product-category\/drip-snowcaps\/\" target=\"_blank\" rel=\"noopener\">Drip Snowcaps<\/a><\/div>\n<div><a href=\"https:\/\/jeetersofficial.com\/product-category\/concentrates\/\" target=\"_blank\" rel=\"noopener\">CALI CONCENTRATES<\/a><\/div>\n<div><a href=\"https:\/\/jeetersofficial.com\/product-category\/doja-exclusive\/\" target=\"_blank\" rel=\"noopener\">CALI DOJA PACKS EXCLUSIVE<\/a><\/div>\n<div><a href=\"https:\/\/jeetersofficial.com\/product-category\/marijuana-flowers\/\" target=\"_blank\" rel=\"noopener\">CALI MARIJUANA FLOWERS<\/a><\/div>\n<\/p><\/div>\n<\/p><\/div>\n<\/p><\/div>\n<div><a href=\"https:\/\/jeetersofficial.com\/product-category\/sativa-strain\/\" target=\"_blank\" rel=\"noopener\">CALI SATIVA STRAINS<\/a><\/div>\n<div><a href=\"https:\/\/jeetersofficial.com\/product-category\/indica\/\" target=\"_blank\" rel=\"noopener\">CALI INDICA STRAINS<\/a><\/div>\n<div><a href=\"https:\/\/jeetersofficial.com\/product-category\/hybrid-weed\/\" target=\"_blank\" rel=\"noopener\">CALI HYBRID WEED<\/a><\/div>","protected":false},"excerpt":{"rendered":"<p><strong>Cali Plug Pure OG Strain<\/strong><br \/> Na pocz\u0105tek, Cali Pure OG Strain to fenotyp Girl Scout Cookies. Nazwana na cze\u015b\u0107 swoich m\u0119tnych bia\u0142ych trichom\u00f3w i lepkich p\u0105k\u00f3w, ta odmiana pachnie s\u0142odkimi, mi\u0119towymi terpenami z urocz\u0105, piaskow\u0105 nut\u0105.<\/p>","protected":false},"featured_media":1738,"comment_status":"closed","ping_status":"closed","template":"","meta":{"_uag_custom_page_level_css":"","site-sidebar-layout":"default","site-content-layout":"","ast-site-content-layout":"","site-content-style":"default","site-sidebar-style":"default","ast-global-header-display":"","ast-banner-title-visibility":"","ast-main-header-display":"","ast-hfb-above-header-display":"","ast-hfb-below-header-display":"","ast-hfb-mobile-header-display":"","site-post-title":"","ast-breadcrumbs-content":"","ast-featured-img":"","footer-sml-layout":"","theme-transparent-header-meta":"","adv-header-id-meta":"","stick-header-meta":"","header-above-stick-meta":"","header-main-stick-meta":"","header-below-stick-meta":"","astra-migrate-meta-layouts":"default","ast-page-background-enabled":"default","ast-page-background-meta":{"desktop":{"background-color":"var(--ast-global-color-4)","background-image":"","background-repeat":"repeat","background-position":"center center","background-size":"auto","background-attachment":"scroll","background-type":"","background-media":"","overlay-type":"","overlay-color":"","overlay-opacity":"","overlay-gradient":""},"tablet":{"background-color":"","background-image":"","background-repeat":"repeat","background-position":"center center","background-size":"auto","background-attachment":"scroll","background-type":"","background-media":"","overlay-type":"","overlay-color":"","overlay-opacity":"","overlay-gradient":""},"mobile":{"background-color":"","background-image":"","background-repeat":"repeat","background-position":"center center","background-size":"auto","background-attachment":"scroll","background-type":"","background-media":"","overlay-type":"","overlay-color":"","overlay-opacity":"","overlay-gradient":""}},"ast-content-background-meta":{"desktop":{"background-color":"var(--ast-global-color-5)","background-image":"","background-repeat":"repeat","background-position":"center center","background-size":"auto","background-attachment":"scroll","background-type":"","background-media":"","overlay-type":"","overlay-color":"","overlay-opacity":"","overlay-gradient":""},"tablet":{"background-color":"var(--ast-global-color-5)","background-image":"","background-repeat":"repeat","background-position":"center center","background-size":"auto","background-attachment":"scroll","background-type":"","background-media":"","overlay-type":"","overlay-color":"","overlay-opacity":"","overlay-gradient":""},"mobile":{"background-color":"var(--ast-global-color-5)","background-image":"","background-repeat":"repeat","background-position":"center center","background-size":"auto","background-attachment":"scroll","background-type":"","background-media":"","overlay-type":"","overlay-color":"","overlay-opacity":"","overlay-gradient":""}}},"product_brand":[],"product_cat":[675],"product_tag":[489,491,648,506,649,508,509,510,531,492,481,472,650,651,652,514,473,515,653,654,503],"class_list":{"0":"post-1810","1":"product","2":"type-product","3":"status-publish","4":"has-post-thumbnail","6":"product_cat-buy-cali-buds","7":"product_tag-best-cali-packs","8":"product_tag-buy-cali-bud-or-no-bud-online","9":"product_tag-buy-cali-bud-or-no-bud-pure-og-online","10":"product_tag-buy-cali-buds","11":"product_tag-buy-pure-og-cali-bud-or-no-bud-online","12":"product_tag-buy-weed-online","13":"product_tag-by-the-best-cali-buds","14":"product_tag-cali-bags","15":"product_tag-cali-bud","16":"product_tag-cali-bud-or-no-bud","17":"product_tag-cali-bud-or-no-bud-for-sale","18":"product_tag-cali-bud-or-no-bud-near-me","19":"product_tag-cali-bud-or-no-bud-pure-og","20":"product_tag-cali-bud-or-no-bud-pure-og-for-sale","21":"product_tag-cali-bud-or-no-bud-pure-og-near-me","22":"product_tag-cali-bud-packs","23":"product_tag-cali-buds","24":"product_tag-cali-buds-online","25":"product_tag-cali-pure-og","26":"product_tag-pure-og-weed-strain","27":"product_tag-top-cali-bud-packs","28":"desktop-align-center","29":"tablet-align-left","30":"mobile-align-left","32":"first","33":"instock","34":"shipping-taxable","35":"purchasable","36":"product-type-variable"},"uagb_featured_image_src":{"full":["https:\/\/caliweedeurope.com\/wp-content\/uploads\/2024\/11\/56e3b9f5-aefa-40e3-bae8-4d47822696b6-1.jpg",768,1024,false],"thumbnail":["https:\/\/caliweedeurope.com\/wp-content\/uploads\/2024\/11\/56e3b9f5-aefa-40e3-bae8-4d47822696b6-1-150x150.jpg",150,150,true],"medium":["https:\/\/caliweedeurope.com\/wp-content\/uploads\/2024\/11\/56e3b9f5-aefa-40e3-bae8-4d47822696b6-1-225x300.jpg",225,300,true],"medium_large":["https:\/\/caliweedeurope.com\/wp-content\/uploads\/2024\/11\/56e3b9f5-aefa-40e3-bae8-4d47822696b6-1.jpg",768,1024,false],"large":["https:\/\/caliweedeurope.com\/wp-content\/uploads\/2024\/11\/56e3b9f5-aefa-40e3-bae8-4d47822696b6-1.jpg",768,1024,false],"1536x1536":["https:\/\/caliweedeurope.com\/wp-content\/uploads\/2024\/11\/56e3b9f5-aefa-40e3-bae8-4d47822696b6-1.jpg",768,1024,false],"2048x2048":["https:\/\/caliweedeurope.com\/wp-content\/uploads\/2024\/11\/56e3b9f5-aefa-40e3-bae8-4d47822696b6-1.jpg",768,1024,false],"trp-custom-language-flag":["https:\/\/caliweedeurope.com\/wp-content\/uploads\/2024\/11\/56e3b9f5-aefa-40e3-bae8-4d47822696b6-1.jpg",9,12,false],"woocommerce_thumbnail":["https:\/\/caliweedeurope.com\/wp-content\/uploads\/2024\/11\/56e3b9f5-aefa-40e3-bae8-4d47822696b6-1-300x300.jpg",300,300,true],"woocommerce_single":["https:\/\/caliweedeurope.com\/wp-content\/uploads\/2024\/11\/56e3b9f5-aefa-40e3-bae8-4d47822696b6-1-600x800.jpg",600,800,true],"woocommerce_gallery_thumbnail":["https:\/\/caliweedeurope.com\/wp-content\/uploads\/2024\/11\/56e3b9f5-aefa-40e3-bae8-4d47822696b6-1-100x100.jpg",100,100,true]},"uagb_author_info":{"display_name":"jetskiforsaleuk@gmail.com","author_link":"https:\/\/caliweedeurope.com\/pl\/author\/"},"uagb_comment_info":0,"uagb_excerpt":"Cali Plug Pure OG Strain To begin with buy Cali Pure OG strain is a Girl Scout Cookies phenotype. Named for its cloudy white trichomes and sticky buds, this strain smells of sweet, minty terpenes with a charming gritty hint.","_links":{"self":[{"href":"https:\/\/caliweedeurope.com\/pl\/wp-json\/wp\/v2\/product\/1810"}],"collection":[{"href":"https:\/\/caliweedeurope.com\/pl\/wp-json\/wp\/v2\/product"}],"about":[{"href":"https:\/\/caliweedeurope.com\/pl\/wp-json\/wp\/v2\/types\/product"}],"replies":[{"embeddable":true,"href":"https:\/\/caliweedeurope.com\/pl\/wp-json\/wp\/v2\/comments?post=1810"}],"wp:featuredmedia":[{"embeddable":true,"href":"https:\/\/caliweedeurope.com\/pl\/wp-json\/wp\/v2\/media\/1738"}],"wp:attachment":[{"href":"https:\/\/caliweedeurope.com\/pl\/wp-json\/wp\/v2\/media?parent=1810"}],"wp:term":[{"taxonomy":"product_brand","embeddable":true,"href":"https:\/\/caliweedeurope.com\/pl\/wp-json\/wp\/v2\/product_brand?post=1810"},{"taxonomy":"product_cat","embeddable":true,"href":"https:\/\/caliweedeurope.com\/pl\/wp-json\/wp\/v2\/product_cat?post=1810"},{"taxonomy":"product_tag","embeddable":true,"href":"https:\/\/caliweedeurope.com\/pl\/wp-json\/wp\/v2\/product_tag?post=1810"}],"curies":[{"name":"wp","href":"https:\/\/api.w.org\/{rel}","templated":true}]}}