{"id":1816,"date":"2024-11-05T18:39:28","date_gmt":"2024-11-05T18:39:28","guid":{"rendered":"https:\/\/caliweedeurope.com\/?post_type=product&#038;p=1816"},"modified":"2024-11-05T18:39:35","modified_gmt":"2024-11-05T18:39:35","slug":"buy-cali-plug-smuckers-strain-online","status":"publish","type":"product","link":"https:\/\/caliweedeurope.com\/pl\/product\/buy-cali-plug-smuckers-strain-online\/","title":{"rendered":"Kup Cali Plug Smuckers Strain online"},"content":{"rendered":"<h1 style=\"text-align: center\"><strong>\u00a0 \u00a0 \u00a0 \u00a0 \u00a0<\/strong><strong>SMUCKERS <\/strong><strong>\u00a0<\/strong><strong>CALI BUD OR NO BUD<\/strong><strong> |<\/strong> <strong>CALI BUD OR NO BUD <\/strong><strong>SMUCKERS <\/strong><strong>\u00a0|<\/strong> <strong>CALI PLUG CALI BUD OR NO BUD<\/strong><\/h1>\n<p><strong>Cali Plug Smuckers Strain<\/strong><br \/> Cali Smuckers to wp\u0142ywowa hybryda konopi, skrzy\u017cowana ze Strawberry i Grape Ape, aby stworzy\u0107 t\u0119 niesamowit\u0105 odmian\u0119. Cali Plug z dum\u0105 przedstawia t\u0119 modn\u0105 i topow\u0105 odmian\u0119.<\/p>\n<p><strong>Medyczne zastosowanie odmiany konopi Cali Plug Smuckers<\/strong><br \/> Odmiana Cali Bud Smuckers jest najlepsza dla pacjent\u00f3w cierpi\u0105cych na l\u0119ki i przewlek\u0142y b\u00f3l. Ta odmiana gwarantuje natychmiastow\u0105 ulg\u0119 w b\u00f3lu i l\u0119ku. S\u0142u\u017cy r\u00f3wnie\u017c jako lek na pulsuj\u0105ce b\u00f3le oraz nudno\u015bci. Odmiana mo\u017ce tak\u017ce pom\u00f3c w walce z objawami PTSD. Kup najwy\u017cszej jako\u015bci odmiany Cali od Cali Weed Plug, aby otrzyma\u0107 prawdziwe p\u0105ki i bezpieczn\u0105 dostaw\u0119.<\/p>\n<p>Prawdopodobnie nigdy nie s\u0142ysza\u0142e\u015b o odmianie Smuckers. Smuckers to nowa odmiana, kt\u00f3ra zosta\u0142a wprowadzona na rynek konopi kilka miesi\u0119cy temu. Ta odmiana zyskuje popularno\u015b\u0107 na ca\u0142ym \u015bwiecie, szczeg\u00f3lnie w Stanach Zjednoczonych, a popyt na t\u0119 odmian\u0119 wzr\u00f3s\u0142 na pocz\u0105tku 2021 roku. Jak niesamowita odmiana mamy dzisiaj. Smak jest \u015bwietny, zar\u00f3wno suchy, jak i zapalony... efekty s\u0105 idealne na relaksuj\u0105cy wiecz\u00f3r i dobry sen. U\u017cywam CPAP od 15 lat i wci\u0105\u017c nie \u015bpi\u0119 dobrze. Podr\u00f3\u017c do Pary\u017ca i spa\u0142em lepiej ni\u017c kiedykolwiek. Odmiana Smuckers ma s\u0142odki, ziemisty, owocowy i pikantny aromat z poziomem THC powy\u017cej 22%. P\u0105ki maj\u0105 jasne zielone plamy i \u017cywe pomara\u0144czowe w\u0142osy.<\/p>\n<h2 style=\"text-align: center\">\u00a0<strong>BUY\u00a0<\/strong><strong>SMUCKERS\u00a0<\/strong><strong>\u00a0CALI BUD OR NO BUD\u00a0 ONLINE | BUY CALI BUD OR NO BUD\u00a0<\/strong><strong>SMUCKERS\u00a0<\/strong><strong>\u00a0\u00a0ONLINE | BUY CALI BUD OR NO BUD ONLINE<\/strong><\/h2>\n<p>Hodowcy konopi skoncentrowaliby si\u0119 na tworzeniu nowych odmian, kt\u00f3re rozja\u015bniaj\u0105 Tw\u00f3j dzie\u0144 i sprawiaj\u0105, \u017ce czujesz si\u0119 niesamowicie i zrelaksowany. Brzmi to jak prawdziwe znaczenie dobrego \u017cycia. Odr\u016fda Smuckers uzupe\u0142nia ich grup\u0119 wyj\u0105tkowych ro\u015blin. Odr\u016fda Smuckers daje dobr\u0105 euforyczn\u0105 przyjemno\u015b\u0107. Po pocz\u0105tkowym tw\u00f3rczym zrywie przejmuje uspokajaj\u0105cy efekt na cia\u0142o. Mo\u017ce sta\u0107 si\u0119 odr\u0119twiaj\u0105ca i \u0142agodzi\u0107 wszelkiego rodzaju b\u00f3l. Ostatecznie pojawia si\u0119 g\u0142\u00f3d.<\/p>\n<p><strong>Uprawa odmiany konopi Smuckers<\/strong><br \/> Ta odmiana ro\u015bnie kr\u00f3tka i dobrze rozwija si\u0119 zar\u00f3wno wewn\u0105trz, na zewn\u0105trz, jak i w szklarni. Ro\u015bliny powinny pozosta\u0107 w fazie wegetatywnej przez co najmniej miesi\u0105c, je\u015bli nie pi\u0119\u0107. Odmiana kwitnie przez osiem do dziewi\u0119ciu tygodni i daje jeden gram na wat w pomieszczeniu. Uprawy na zewn\u0105trz mog\u0105 przynie\u015b\u0107 do funta na ro\u015blin\u0119.<\/p>\n<p><strong>Cali Smuckers<\/strong><\/p>\n<p>Cali Smuckers to wp\u0142ywowa hybrydowa odmiana konopi, skrzy\u017cowana z strawberry i grape ape, aby uzyska\u0107 t\u0119 niesamowit\u0105 odmian\u0119. Jest najlepsza dla pacjent\u00f3w cierpi\u0105cych na l\u0119k i b\u00f3l przewlek\u0142y. Ta odmiana gwarantuje natychmiastow\u0105 ulg\u0119 w b\u00f3lu. Jej \u0142agodne efekty mog\u0105 pom\u00f3c w z\u0142agodzeniu b\u00f3lu oraz nudno\u015bci.<\/p>\n<p>&nbsp;<\/p>\n<h3 style=\"text-align: center\"><strong>SMUCKERS\u00a0<\/strong><strong>CALI BUD OR NO BUD FOR SALE | CALI BUD OR NO BUD\u00a0\u00a0<\/strong><strong>SMUCKERS\u00a0<\/strong><strong>\u00a0FOR SALE | CALI BUD OR NO BUD\u00a0 FOR SALE<\/strong><\/h3>\n<div><strong>Gdzie kupi\u0107 odmian\u0119 Smuckers<\/strong><\/div>\n<div>\n<p>Odmiana Smuckers staje si\u0119 ostatnio jedn\u0105 z najlepszych odmian na rynku. Niemniej jednak na rynku jest ograniczona liczba dostawc\u00f3w tej odmiany. W zwi\u0105zku z tym niekt\u00f3rzy dostawcy wykorzystuj\u0105 swoich klient\u00f3w. Dlatego wybieraj\u0105c dostawc\u0119 odmiany Smuckers, nale\u017cy post\u0119powa\u0107 ostro\u017cnie. Zawsze mo\u017cesz odwiedzi\u0107 nasz\u0105 stron\u0119 internetow\u0105, aby spe\u0142ni\u0107 swoje wymagania dotycz\u0105ce tej odmiany. Zawsze staramy si\u0119 jak najlepiej sprosta\u0107 wymaganiom naszych klient\u00f3w. Dlatego zawsze mamy na stanie marihuan\u0119 Smuckers.<\/p>\n<\/p><\/div>\n<p><strong>Efekty odmiany konopi Smuckers<\/strong><br \/> Haj cia\u0142a, Euforia, Relaks, Senny, Podnosz\u0105cy na duchu<br \/> <strong>Mo\u017ce przynie\u015b\u0107 ulg\u0119<\/strong><br \/> L\u0119k, Przewlek\u0142y b\u00f3l, Depresja, Bezsenno\u015b\u0107, PTSD, Stres<br \/> <strong>Smaki<\/strong><br \/> Cukierek, Czekolada, Kremowy, Owocowy, Cukrowy, S\u0142odki<br \/> <strong>Aromaty<\/strong><br \/> Czekolada, Ziemisty, Owocowy, Zio\u0142owy, S\u0142odki<\/p>\n<p>Ta odmiana mo\u017ce r\u00f3wnie\u017c pom\u00f3c w walce z objawami PTSD. Ro\u015blina ro\u015bnie nisko i dobrze sobie radzi w pomieszczeniach, na zewn\u0105trz lub nawet w szklarni. Pasjonaci powinni po\u015bwi\u0119ci\u0107 co najmniej miesi\u0105c, a najlepiej pi\u0119\u0107, na faz\u0119 wegetacji. Odmiana kwitnie przez osiem do dziewi\u0119ciu tygodni i daje gram na wat w uprawie wewn\u0119trznej. Na zewn\u0105trz hodowcy mog\u0105 zebra\u0107 nawet p\u00f3\u0142 kilo z jednej ro\u015bliny.<\/p>\n<h3 style=\"text-align: center\"><strong>CALI BUD OR NO BUD \u00a0SMUCKERS \u00a0\u00a0NEAR ME | SMUCKERS \u00a0\u00a0CALI BUD OR NO BUD\u00a0\u00a0 NEAR ME | CALI BUD OR NO BUD \u00a0NEAR ME<\/strong><\/h3>\n<div><strong>\u00a0<\/strong><\/div>\n<div>Przyjemny ziemisty cytrynowy smak by\u0142 charakterystyczny dla odmiany Smuckers. Zapali\u0142em j\u0105 i by\u0142a pyszna. Haj by\u0142 podnosz\u0105cy na duchu, weso\u0142y, relaksuj\u0105cy i bardzo chill \u2013 idealny do grania lub s\u0142uchania muzyki. Na pewno zapali\u0142bym to jeszcze raz.<\/div>\n<p><strong>Ostrze\u017cenie dotycz\u0105ce odmiany konopi Smuckers<\/strong><br \/> Produkt ten zawiera konopie, substancj\u0119 kontrolowan\u0105. Trzyma\u0107 z dala od dzieci i zwierz\u0105t. Produkty konopne mog\u0105 by\u0107 posiadane lub konsumowane tylko przez osoby powy\u017cej 21. roku \u017cycia, chyba \u017ce osoba jest kwalifikowanym pacjentem. Dzia\u0142anie odurzaj\u0105ce produkt\u00f3w konopnych mo\u017ce utrzymywa\u0107 si\u0119 do dw\u00f3ch godzin. Spo\u017cycie konopi w czasie ci\u0105\u017cy lub karmienia piersi\u0105 mo\u017ce by\u0107 szkodliwe. Spo\u017cycie tych produkt\u00f3w os\u0142abia zdolno\u015b\u0107 do prowadzenia pojazd\u00f3w i obs\u0142ugi maszyn. Prosz\u0119 zachowa\u0107 szczeg\u00f3ln\u0105 ostro\u017cno\u015b\u0107.<\/p>\n<p class=\"p1\"><strong>Ostrze\u017cenie.<\/strong><\/p>\n<p class=\"p1\">Po trzecie, ten produkt zawiera cannabis, substancj\u0119 kontrolowan\u0105. Przechowywa\u0107 w miejscu niedost\u0119pnym dla dzieci i zwierz\u0105t. Produkty z cannabis mog\u0105 by\u0107 posiadane lub spo\u017cywane tylko przez osoby w wieku 21 lat lub starsze, chyba \u017ce osoba jest kwalifikowanym pacjentem. Efekty odurzaj\u0105ce produkt\u00f3w cannabis mog\u0105 utrzymywa\u0107 si\u0119 do dw\u00f3ch godzin. U\u017cywanie cannabis podczas ci\u0105\u017cy lub karmienia piersi\u0105 mo\u017ce by\u0107 szkodliwe. Spo\u017cycie tych produkt\u00f3w os\u0142abia zdolno\u015b\u0107 prowadzenia pojazd\u00f3w lub obs\u0142ugi maszyn. Prosz\u0119 zachowa\u0107 szczeg\u00f3ln\u0105 ostro\u017cno\u015b\u0107.<\/p>\n<h4 class=\"p1\" style=\"text-align: center\"><strong>SMUCKERS STRAIN | SMUCKERS WEED STRAIN<\/strong><\/h4>\n<p><strong>Efekty i korzy\u015bci medyczne odmiany<\/strong><\/p>\n<div class=\"translation-block\">Kannabis zawiera zwi\u0105zki, kt\u00f3re mog\u0105 wp\u0142ywa\u0107 na tw\u00f3j m\u00f3zg i cia\u0142o. Mo\u017ce by\u0107 uzale\u017cniaj\u0105cy i jednocze\u015bnie szkodliwy dla zdrowia niekt\u00f3rych os\u00f3b, a tak\u017ce mo\u017ce wywo\u0142a\u0107 stan odurzenia. Jednak w ostatnich latach kannabis zyska\u0142 akceptacj\u0119 publiczn\u0105, a wi\u0119kszo\u015b\u0107 stan\u00f3w zalegalizowa\u0142a jego u\u017cycie. Ro\u015bliny konopi mog\u0105 by\u0107 stosowane w leczeniu szeregu<a href=\"https:\/\/myweedgroup.com\/product\/buy-smuckers-strain\/\" target=\"_blank\" rel=\"noopener\">problem\u00f3w<\/a> psychicznych i fizycznych. Medycznie, odmiana Smuckers jest znana z pomocy w rozwi\u0105zaniu intensywnych problem\u00f3w ze snem. Odmiana ta jest r\u00f3wnie\u017c znana z tego, \u017ce pomaga w leczeniu depresji. Depresja jest do\u015b\u0107 powszechna, chocia\u017c wi\u0119kszo\u015b\u0107 os\u00f3b nie wie, \u017ce na ni\u0105 cierpi. Tylko specjali\u015bci medyczni mog\u0105 to udowodni\u0107. Ta odmiana pomaga r\u00f3wnie\u017c w leczeniu przewlek\u0142ego b\u00f3lu, stresu lub l\u0119ku, bezsenno\u015bci, utraty apetytu i stan\u00f3w zapalnych.<\/div>\n<div>\n<p><strong>Pakowanie odmiany Smuckers<\/strong><\/p>\n<div>\n<div>Wszystkie egzotyczne i ciasteczkowe odmiany na naszej stronie s\u0105 zapakowane w ich oficjalne torby, jak wida\u0107 na naszej stronie internetowej. Czy to nie niesamowite? Tak, to prawda. Dlatego nie musisz p\u0142aci\u0107 dodatkowo za torby. Czy\u017c nie jeste\u015bmy najlepsi na rynku? Z\u0142\u00f3\u017c zam\u00f3wienie teraz!<\/div>\n<div>\n<div>\n<div>\n<div>Nale\u017cy jednak zauwa\u017cy\u0107, \u017ce odmiana Smuckers zyskuje coraz wi\u0119ksz\u0105 popularno\u015b\u0107 w ostatnich dniach. Dlatego odmiana ta wzmacnia popularno\u015b\u0107 innych odmian. W zwi\u0105zku z tym warto rozwa\u017cy\u0107 dobry follow-up tej odmiany. Smuckers Weed.<\/div>\n<div><\/div>\n<\/p><\/div>\n<\/p><\/div>\n<div>\n<div data-testid=\"product-description\">\n<div class=\"truncate-lines__Wrapper-sc-1lknwty-0 YxHAC\">\n<div data-testid=\"truncated-description\">\n<div>\n<div class=\"text__Text-sc-fif1uk-0 kdmKRD\">\n<div class=\"src__Box-sc-1sbtrzs-0 src__Flex-sc-1sbtrzs-1 kWPFqZ hzdsvF\">\n<div>PRZYK\u0141ADOWE KATEGORIE PRODUKT\u00d3W<\/div>\n<\/p><\/div>\n<\/p><\/div>\n<\/p><\/div>\n<\/p><\/div>\n<\/p><\/div>\n<\/p><\/div>\n<div class=\"text__Text-sc-fif1uk-0 htoJfX\"><a href=\"https:\/\/jeetersofficial.com\/product-category\/buy-cali-buds\/\" target=\"_blank\" rel=\"noopener\">CALI BUDS<\/a><\/div>\n<div data-testid=\"product-description\">\n<div class=\"truncate-lines__Wrapper-sc-1lknwty-0 YxHAC\">\n<div data-testid=\"truncated-description\">\n<div class=\"text__Text-sc-fif1uk-0 kdmKRD\"><a href=\"https:\/\/jeetersofficial.com\/product-category\/backpack-boyz\/\" target=\"_blank\" rel=\"noopener\">Backpack\u00a0 Boyz<\/a><\/div>\n<div><a href=\"https:\/\/jeetersofficial.com\/product-category\/snow-balls-weed\/\" target=\"_blank\" rel=\"noopener\">SNOWBALLS WEED<\/a><\/div>\n<div><a href=\"https:\/\/jeetersofficial.com\/product-category\/persy-snowcaps\/\" target=\"_blank\" rel=\"noopener\">Persy Snowcaps<\/a><\/div>\n<div><a href=\"https:\/\/jeetersofficial.com\/product-category\/drip-snowcaps\/\" target=\"_blank\" rel=\"noopener\">Drip Snowcaps<\/a><\/div>\n<div><a href=\"https:\/\/jeetersofficial.com\/product-category\/concentrates\/\" target=\"_blank\" rel=\"noopener\">CALI CONCENTRATES<\/a><\/div>\n<div><a href=\"https:\/\/jeetersofficial.com\/product-category\/doja-exclusive\/\" target=\"_blank\" rel=\"noopener\">CALI DOJA PACKS EXCLUSIVE<\/a><\/div>\n<div><a href=\"https:\/\/jeetersofficial.com\/product-category\/marijuana-flowers\/\" target=\"_blank\" rel=\"noopener\">CALI MARIJUANA FLOWERS<\/a><\/div>\n<\/p><\/div>\n<\/p><\/div>\n<\/p><\/div>\n<div><a href=\"https:\/\/jeetersofficial.com\/product-category\/sativa-strain\/\" target=\"_blank\" rel=\"noopener\">CALI SATIVA STRAINS<\/a><\/div>\n<div><a href=\"https:\/\/jeetersofficial.com\/product-category\/indica\/\" target=\"_blank\" rel=\"noopener\">CALI INDICA STRAINS<\/a><\/div>\n<div><a href=\"https:\/\/jeetersofficial.com\/product-category\/hybrid-weed\/\" target=\"_blank\" rel=\"noopener\">CALI HYBRID WEED<\/a><\/div>\n<\/p><\/div>\n<\/p><\/div>\n<\/p><\/div>\n<\/p><\/div>","protected":false},"excerpt":{"rendered":"<p><strong>Cali Plug Smuckers Strain<\/strong><br \/> Cali Smuckers to wp\u0142ywowa hybryda konopi, skrzy\u017cowana ze Strawberry i Grape Ape, aby stworzy\u0107 t\u0119 niesamowit\u0105 odmian\u0119. Cali Plug z dum\u0105 przedstawia t\u0119 modn\u0105 i topow\u0105 odmian\u0119.<\/p>","protected":false},"featured_media":1835,"comment_status":"closed","ping_status":"closed","template":"","meta":{"_uag_custom_page_level_css":"","site-sidebar-layout":"default","site-content-layout":"","ast-site-content-layout":"default","site-content-style":"default","site-sidebar-style":"default","ast-global-header-display":"","ast-banner-title-visibility":"","ast-main-header-display":"","ast-hfb-above-header-display":"","ast-hfb-below-header-display":"","ast-hfb-mobile-header-display":"","site-post-title":"","ast-breadcrumbs-content":"","ast-featured-img":"","footer-sml-layout":"","ast-disable-related-posts":"","theme-transparent-header-meta":"","adv-header-id-meta":"","stick-header-meta":"","header-above-stick-meta":"","header-main-stick-meta":"","header-below-stick-meta":"","astra-migrate-meta-layouts":"default","ast-page-background-enabled":"default","ast-page-background-meta":{"desktop":{"background-color":"var(--ast-global-color-5)","background-image":"","background-repeat":"repeat","background-position":"center center","background-size":"auto","background-attachment":"scroll","background-type":"","background-media":"","overlay-type":"","overlay-color":"","overlay-opacity":"","overlay-gradient":""},"tablet":{"background-color":"","background-image":"","background-repeat":"repeat","background-position":"center center","background-size":"auto","background-attachment":"scroll","background-type":"","background-media":"","overlay-type":"","overlay-color":"","overlay-opacity":"","overlay-gradient":""},"mobile":{"background-color":"","background-image":"","background-repeat":"repeat","background-position":"center center","background-size":"auto","background-attachment":"scroll","background-type":"","background-media":"","overlay-type":"","overlay-color":"","overlay-opacity":"","overlay-gradient":""}},"ast-content-background-meta":{"desktop":{"background-color":"var(--ast-global-color-4)","background-image":"","background-repeat":"repeat","background-position":"center center","background-size":"auto","background-attachment":"scroll","background-type":"","background-media":"","overlay-type":"","overlay-color":"","overlay-opacity":"","overlay-gradient":""},"tablet":{"background-color":"var(--ast-global-color-4)","background-image":"","background-repeat":"repeat","background-position":"center center","background-size":"auto","background-attachment":"scroll","background-type":"","background-media":"","overlay-type":"","overlay-color":"","overlay-opacity":"","overlay-gradient":""},"mobile":{"background-color":"var(--ast-global-color-4)","background-image":"","background-repeat":"repeat","background-position":"center center","background-size":"auto","background-attachment":"scroll","background-type":"","background-media":"","overlay-type":"","overlay-color":"","overlay-opacity":"","overlay-gradient":""}}},"product_brand":[],"product_cat":[675],"product_tag":[489,491,709,506,710,508,509,510,492,481,472,711,712,713,515,518,461,462,714,465,715,467,716,717,718,719,720,721,722,723,724,725,726,727,728,729,730,731,732,733,734,735,736],"class_list":{"0":"post-1816","1":"product","2":"type-product","3":"status-publish","4":"has-post-thumbnail","6":"product_cat-buy-cali-buds","7":"product_tag-best-cali-packs","8":"product_tag-buy-cali-bud-or-no-bud-online","9":"product_tag-buy-cali-bud-or-no-bud-smuckers-online","10":"product_tag-buy-cali-buds","11":"product_tag-buy-smuckers-strain","12":"product_tag-buy-weed-online","13":"product_tag-by-the-best-cali-buds","14":"product_tag-cali-bags","15":"product_tag-cali-bud-or-no-bud","16":"product_tag-cali-bud-or-no-bud-for-sale","17":"product_tag-cali-bud-or-no-bud-near-me","18":"product_tag-cali-bud-or-no-bud-smuckers","19":"product_tag-cali-bud-or-no-bud-smuckers-for-sale","20":"product_tag-cali-bud-or-no-bud-smuckers-near-me","21":"product_tag-cali-buds-online","22":"product_tag-cali-gush-lato","23":"product_tag-cali-packs","24":"product_tag-cali-plug-cali-bud-or-no-bud","25":"product_tag-cali-smuckers-strain","26":"product_tag-cali-weed-flavors","27":"product_tag-exotics-bud-packs","28":"product_tag-hardball-cookies","29":"product_tag-smuckers-cali-bud-or-no-bud","30":"product_tag-smuckers-cali-bud-or-no-bud-near-me","31":"product_tag-smuckers-cali-strain","32":"product_tag-smuckers-marijuana","33":"product_tag-smuckers-strain","34":"product_tag-smuckers-strain-allbud","35":"product_tag-smuckers-strain-buy","36":"product_tag-smuckers-strain-buy-smuckers-cali-bud-or-no-bud-online","37":"product_tag-smuckers-strain-for-sale","38":"product_tag-smuckers-strain-germany","39":"product_tag-smuckers-strain-ireland","40":"product_tag-smuckers-strain-italy","41":"product_tag-smuckers-strain-online","42":"product_tag-smuckers-strain-review","43":"product_tag-smuckers-strain-reviewssmuckers-strain","44":"product_tag-smuckers-strain-uk","45":"product_tag-smuckers-strain-usa","46":"product_tag-smuckers-strain-weedmaps","47":"product_tag-smuckers-weed","48":"product_tag-smuckers-weed-strain","49":"product_tag-smuckers-weed-strain-smuckers-cali-bud-or-no-bud-for-sale","50":"desktop-align-center","51":"tablet-align-left","52":"mobile-align-left","54":"first","55":"instock","56":"shipping-taxable","57":"purchasable","58":"product-type-variable"},"uagb_featured_image_src":{"full":["https:\/\/caliweedeurope.com\/wp-content\/uploads\/2024\/11\/smuckers.jpg",384,511,false],"thumbnail":["https:\/\/caliweedeurope.com\/wp-content\/uploads\/2024\/11\/smuckers-150x150.jpg",150,150,true],"medium":["https:\/\/caliweedeurope.com\/wp-content\/uploads\/2024\/11\/smuckers-225x300.jpg",225,300,true],"medium_large":["https:\/\/caliweedeurope.com\/wp-content\/uploads\/2024\/11\/smuckers.jpg",384,511,false],"large":["https:\/\/caliweedeurope.com\/wp-content\/uploads\/2024\/11\/smuckers.jpg",384,511,false],"1536x1536":["https:\/\/caliweedeurope.com\/wp-content\/uploads\/2024\/11\/smuckers.jpg",384,511,false],"2048x2048":["https:\/\/caliweedeurope.com\/wp-content\/uploads\/2024\/11\/smuckers.jpg",384,511,false],"trp-custom-language-flag":["https:\/\/caliweedeurope.com\/wp-content\/uploads\/2024\/11\/smuckers.jpg",9,12,false],"woocommerce_thumbnail":["https:\/\/caliweedeurope.com\/wp-content\/uploads\/2024\/11\/smuckers-300x300.jpg",300,300,true],"woocommerce_single":["https:\/\/caliweedeurope.com\/wp-content\/uploads\/2024\/11\/smuckers.jpg",384,511,false],"woocommerce_gallery_thumbnail":["https:\/\/caliweedeurope.com\/wp-content\/uploads\/2024\/11\/smuckers-100x100.jpg",100,100,true]},"uagb_author_info":{"display_name":"jetskiforsaleuk@gmail.com","author_link":"https:\/\/caliweedeurope.com\/pl\/author\/"},"uagb_comment_info":0,"uagb_excerpt":"Cali Plug Smuckers Strain Cali Smuckers is an influential cannabis hybrid strain cross with strawberry and grape ape to get this astonishing strain. The Cali Plug is Proud to introduce to you this trending and top-shelf. bud strain.","_links":{"self":[{"href":"https:\/\/caliweedeurope.com\/pl\/wp-json\/wp\/v2\/product\/1816"}],"collection":[{"href":"https:\/\/caliweedeurope.com\/pl\/wp-json\/wp\/v2\/product"}],"about":[{"href":"https:\/\/caliweedeurope.com\/pl\/wp-json\/wp\/v2\/types\/product"}],"replies":[{"embeddable":true,"href":"https:\/\/caliweedeurope.com\/pl\/wp-json\/wp\/v2\/comments?post=1816"}],"wp:featuredmedia":[{"embeddable":true,"href":"https:\/\/caliweedeurope.com\/pl\/wp-json\/wp\/v2\/media\/1835"}],"wp:attachment":[{"href":"https:\/\/caliweedeurope.com\/pl\/wp-json\/wp\/v2\/media?parent=1816"}],"wp:term":[{"taxonomy":"product_brand","embeddable":true,"href":"https:\/\/caliweedeurope.com\/pl\/wp-json\/wp\/v2\/product_brand?post=1816"},{"taxonomy":"product_cat","embeddable":true,"href":"https:\/\/caliweedeurope.com\/pl\/wp-json\/wp\/v2\/product_cat?post=1816"},{"taxonomy":"product_tag","embeddable":true,"href":"https:\/\/caliweedeurope.com\/pl\/wp-json\/wp\/v2\/product_tag?post=1816"}],"curies":[{"name":"wp","href":"https:\/\/api.w.org\/{rel}","templated":true}]}}