{"id":1828,"date":"2024-11-05T18:39:28","date_gmt":"2024-11-05T18:39:28","guid":{"rendered":"https:\/\/caliweedeurope.com\/?post_type=product&#038;p=1828"},"modified":"2024-11-05T18:39:35","modified_gmt":"2024-11-05T18:39:35","slug":"buy-cali-wedding-nerdz-online","status":"publish","type":"product","link":"https:\/\/caliweedeurope.com\/pl\/product\/buy-cali-wedding-nerdz-online\/","title":{"rendered":"Kup Cali Wedding Nerdz online"},"content":{"rendered":"<h1 style=\"text-align: center\"><strong>\u00a0 \u00a0 \u00a0 \u00a0 \u00a0CALI <\/strong><strong>WEDDING NERDZ CALI BUD OR NO BUD <\/strong><strong>\u00a0| CALI PLUG <\/strong><strong>CALI BUD OR NO BUD WEDDING NERDZ <\/strong><strong>\u00a0<\/strong><strong>CALI BUD OR NO BUD <\/strong><strong>\u00a0| CALI PLUG <\/strong><strong>CALI BUD OR NO BUD <\/strong><\/h1>\n<p style=\"text-align: center\"><strong>Cali Bud Wedding Nerdz<\/strong><br \/> Wedding Nerdz to wp\u0142ywowa hybrydowa odmiana konopi, powsta\u0142a z krzy\u017c\u00f3wki Strawberry i Grape Ape, aby uzyska\u0107 t\u0119 niesamowit\u0105 odmian\u0119.<\/p>\n<p style=\"text-align: center\"><strong>Medyczne zastosowania Wedding Nerdz<\/strong><\/p>\n<p style=\"text-align: center\">Jest najlepsza dla pacjent\u00f3w cierpi\u0105cych na l\u0119ki i przewlek\u0142y b\u00f3l. Ta odmiana gwarantuje natychmiastowe z\u0142agodzenie b\u00f3lu. Jej \u0142agodne dzia\u0142anie mo\u017ce z\u0142agodzi\u0107 niekt\u00f3re b\u00f3le oraz nudno\u015bci.<\/p>\n<p style=\"text-align: center\"><strong>Wedding Nerdz<\/strong><\/p>\n<p style=\"text-align: center\">Firstly, Wedding nerdz being and influencial cannabis hybrid strain cross with strawberry and grape ape to get this amazing strains is best for patients suffering from anxiety and chronic pain. This <a href=\"http:\/\/leafly.com\" target=\"_blank\" rel=\"noopener\">strain<\/a> guarantees immidiate relief from pain for the relieve. It\u2019s light real impacts may facilitate a few a throbbing painfulness just as queasiness. The strain may likewise help battle the manifestations of PTSD.This strain develops short and can do well inside, outside or even a nursery. Geeks ought to be given at any rate a month, if not five, to get done with vegetating. The strain blossoms for eight to nine weeks and will deliver a gram for each watt inside. Outside cultivators may have gathers as much as a pound for every <a href=\"https:\/\/www.wikileaf.com\/strain\/nerds\/\" target=\"_blank\" rel=\"noopener\">plant.<\/a><\/p>\n<h2 style=\"text-align: center\"><strong>BUY CALI <\/strong><strong>WEDDING NERDZ <\/strong><strong>\u00a0\u00a0<\/strong><strong>CALI BUD OR NO BUD <\/strong><strong>ONLINE | BUY CALI PLUG <\/strong><strong>CALI BUD OR NO BUD WEDDING NERDZ <\/strong><strong>\u00a0\u00a0<\/strong><strong>CALI BUD OR NO BUD <\/strong><strong>\u00a0ONLINE | BUY CALI PLUG <\/strong><strong>CALI BUD OR NO BUD <\/strong><strong>ONLINE <\/strong><\/h2>\n<p style=\"text-align: center\"><strong>Efekty Cali Wedding Nerdz<\/strong><br \/> Po drugie, ta odmiana mo\u017ce r\u00f3wnie\u017c pom\u00f3c w walce z objawami PTSD. Ta odmiana ro\u015bnie nisko i mo\u017ce dobrze rozwija\u0107 si\u0119 w pomieszczeniach, na zewn\u0105trz lub nawet w szklarni. Ro\u015bliny powinny mie\u0107 co najmniej miesi\u0105c, je\u015bli nie pi\u0119\u0107, na zako\u0144czenie fazy wegetatywnej.<\/p>\n<p style=\"text-align: center\"><strong>Wedding Nerdz<\/strong><\/p>\n<p class=\"p1\" style=\"text-align: center\">Po trzecie, ten produkt zawiera cannabis, substancj\u0119 kontrolowan\u0105. Przechowywa\u0107 w miejscu niedost\u0119pnym dla dzieci i zwierz\u0105t. Produkty z cannabis mog\u0105 by\u0107 posiadane lub spo\u017cywane tylko przez osoby w wieku 21 lat lub starsze, chyba \u017ce osoba jest kwalifikowanym pacjentem. Efekty odurzaj\u0105ce produkt\u00f3w cannabis mog\u0105 utrzymywa\u0107 si\u0119 do dw\u00f3ch godzin. U\u017cywanie cannabis podczas ci\u0105\u017cy lub karmienia piersi\u0105 mo\u017ce by\u0107 szkodliwe. Spo\u017cycie tych produkt\u00f3w os\u0142abia zdolno\u015b\u0107 prowadzenia pojazd\u00f3w lub obs\u0142ugi maszyn. Prosz\u0119 zachowa\u0107 szczeg\u00f3ln\u0105 ostro\u017cno\u015b\u0107.<\/p>\n<h3 style=\"text-align: center\"><strong>CALI <\/strong><strong>WEDDING NERDZ <\/strong><strong>\u00a0\u00a0<\/strong><strong>CALI BUD OR NO BUD <\/strong><strong>FOR SALE | CALI PLUG <\/strong><strong>WEDDING NERDZ <\/strong><strong>\u00a0\u00a0<\/strong><strong>CALI BUD OR NO BUD <\/strong><strong>\u00a0\u00a0FOR SALE | CALI PLUG <\/strong><strong>CALI BUD OR NO BUD <\/strong><strong>FOR SALE<\/strong><\/h3>\n<p style=\"text-align: center\" class=\"translation-block\">G<strong>rowing Cali Wedding Nerds<\/strong><br> Ta odmiana kwitnie przez osiem do dziewi\u0119ciu tygodni i dostarcza gram na wat w pomieszczeniu. Hodowcy na zewn\u0105trz mog\u0105 uzyska\u0107 nawet do funta z ro\u015bliny.<\/p>\n<p style=\"text-align: center\"><strong>Nerds strain<\/strong><\/p>\n<p style=\"text-align: center\">Kup odmian\u0119 Nerds. Ro\u015bnie przez 4-5 tygodni i kwitnie przez 8-9 tygodni. Oczekiwany plon to jeden gram na wat przy uprawie wewn\u0119trznej lub do jednego funta na ro\u015blin\u0119 przy uprawie na zewn\u0105trz.<\/p>\n<p style=\"text-align: center\">NERDS oznacza \u201eNever Ending Research &amp; Development of our nerds strain\u201d, poniewa\u017c odzwierciedla spos\u00f3b, w jaki zawsze podchodzili do nauki o ro\u015blinie konopi; nieustannie badaj\u0105c, stawiaj\u0105c hipotezy i testuj\u0105c r\u00f3\u017cne techniki hodowli i piel\u0119gnacji ro\u015blin.<\/p>\n<p style=\"text-align: center\">Nerds to pi\u0119kna, pobudzaj\u0105ca hybryda z Oregonu. Idealnie zr\u00f3wnowa\u017cona mieszanka Indica i Sativa, jest to odmiana potomna Grape Ape x Strawberry Cough.<\/p>\n<h4 style=\"text-align: center\"><strong>CALI PLUG CALI BUD OR NO BUD WEDDING NERDZ \u00a0\u00a0CALI BUD OR NO BUD \u00a0NEAR ME | CALI PLUG WEDDING NERDZ \u00a0\u00a0CALI BUD OR NO BUD NEAR ME | CALI PLUG CALI BUD OR NO BUD NEAR ME <\/strong><\/h4>\n<p style=\"text-align: center\"><strong>Cali Bud Wedding Nerdz Ostrze\u017cenie.<\/strong><br \/> Podsumowuj\u0105c, Ten produkt zawiera konopie indyjskie, substancj\u0119 kontrolowan\u0105. Przechowywa\u0107 poza zasi\u0119giem dzieci i zwierz\u0105t. Produkty z konopi mog\u0105 by\u0107 posiadane lub spo\u017cywane wy\u0142\u0105cznie przez osoby w wieku 21 lat lub starsze, chyba \u017ce s\u0105 one kwalifikowanymi pacjentami. Odurzaj\u0105ce efekty produkt\u00f3w z konopi mog\u0105 utrzymywa\u0107 si\u0119 do dw\u00f3ch godzin. U\u017cywanie konopi w czasie ci\u0105\u017cy lub karmienia piersi\u0105 mo\u017ce by\u0107 szkodliwe. Spo\u017cywanie tych produkt\u00f3w pogarsza zdolno\u015b\u0107 prowadzenia pojazd\u00f3w i obs\u0142ugi maszyn. Prosz\u0119 zachowa\u0107 szczeg\u00f3ln\u0105 ostro\u017cno\u015b\u0107. Skontaktuj si\u0119, aby zam\u00f3wi\u0107 produkty Cali Plug.<\/p>\n<p style=\"text-align: center\"><strong>Przegl\u0105d odmiany Nerds<\/strong><\/p>\n<p style=\"text-align: center\">Nerds, znany r\u00f3wnie\u017c jako Nerdz, to hybrydowa odmiana stworzona przez Oregon Microgrowers Guild, opracowana przez Adama Jacquesa, g\u0142\u00f3wnego hodowc\u0119 Guild.<\/p>\n<p style=\"text-align: center\">Najcz\u0119\u015bciej zg\u0142aszane aromaty to hasz i zapach winogron. Najcz\u0119\u015bciej zg\u0142aszane smaki to hasz, winogrona i truskawki.<\/p>\n<p style=\"text-align: center\">Z smakiem, kt\u00f3ry wydaje si\u0119 pochodzi\u0107 prosto z fabryki s\u0142odyczy Willy'ego Wonki, Nerds to hybrydowa odmiana zaprojektowana przez hodowc\u00f3w z Oregon Microgrowers Guild. Dok\u0142adniej m\u00f3wi\u0105c, by\u0142 to pomys\u0142 Adama Jacquesa, kt\u00f3ry jest r\u00f3wnie\u017c w\u0142a\u015bcicielem i g\u0142\u00f3wnym hodowc\u0105 guildy.<\/p>\n<div class=\"about-content-excerpt\" style=\"text-align: center\">\n<p>Palacze zg\u0142aszaj\u0105, \u017ce u\u017cywanie tej odmiany powoduje sucho\u015b\u0107 oczu. Inne efekty to wzrost kreatywno\u015bci, poprawa nastroju i relaksacja cia\u0142a.<\/p>\n<\/p><\/div>\n<div class=\"about-content-more\">\n<p style=\"text-align: center\">Poziom THC stanowi 15-19% zawarto\u015bci, co sprawia, \u017ce jest to \u015bredni poziom. Do\u015bwiadczeni palacze mog\u0105 potrzebowa\u0107 kilku dodatkowych poci\u0105gni\u0119\u0107, aby uzyska\u0107 swoj\u0105 porcj\u0119 tw\u00f3rczej energii i poprawy nastroju.<\/p>\n<div data-testid=\"product-description\">\n<div class=\"truncate-lines__Wrapper-sc-1lknwty-0 YxHAC\">\n<div data-testid=\"truncated-description\">\n<div>\n<div class=\"text__Text-sc-fif1uk-0 kdmKRD\">\n<div class=\"src__Box-sc-1sbtrzs-0 src__Flex-sc-1sbtrzs-1 kWPFqZ hzdsvF\">\n<div>PRZYK\u0141ADOWE KATEGORIE PRODUKT\u00d3W<\/div>\n<\/p><\/div>\n<\/p><\/div>\n<\/p><\/div>\n<\/p><\/div>\n<\/p><\/div>\n<\/p><\/div>\n<div class=\"text__Text-sc-fif1uk-0 htoJfX\"><a href=\"https:\/\/jeetersofficial.com\/product-category\/buy-cali-buds\/\" target=\"_blank\" rel=\"noopener\">CALI BUDS<\/a><\/div>\n<div data-testid=\"product-description\">\n<div class=\"truncate-lines__Wrapper-sc-1lknwty-0 YxHAC\">\n<div data-testid=\"truncated-description\">\n<div class=\"text__Text-sc-fif1uk-0 kdmKRD\"><a href=\"https:\/\/jeetersofficial.com\/product-category\/backpack-boyz\/\" target=\"_blank\" rel=\"noopener\">Backpack\u00a0 Boyz<\/a><\/div>\n<div><a href=\"https:\/\/jeetersofficial.com\/product-category\/snow-balls-weed\/\" target=\"_blank\" rel=\"noopener\">SNOWBALLS WEED<\/a><\/div>\n<div><a href=\"https:\/\/jeetersofficial.com\/product-category\/persy-snowcaps\/\" target=\"_blank\" rel=\"noopener\">Persy Snowcaps<\/a><\/div>\n<div><a href=\"https:\/\/jeetersofficial.com\/product-category\/drip-snowcaps\/\" target=\"_blank\" rel=\"noopener\">Drip Snowcaps<\/a><\/div>\n<div><a href=\"https:\/\/jeetersofficial.com\/product-category\/concentrates\/\" target=\"_blank\" rel=\"noopener\">CALI CONCENTRATES<\/a><\/div>\n<div><a href=\"https:\/\/jeetersofficial.com\/product-category\/doja-exclusive\/\" target=\"_blank\" rel=\"noopener\">CALI DOJA PACKS EXCLUSIVE<\/a><\/div>\n<div><a href=\"https:\/\/jeetersofficial.com\/product-category\/marijuana-flowers\/\" target=\"_blank\" rel=\"noopener\">CALI MARIJUANA FLOWERS<\/a><\/div>\n<\/p><\/div>\n<\/p><\/div>\n<\/p><\/div>\n<div><a href=\"https:\/\/jeetersofficial.com\/product-category\/sativa-strain\/\" target=\"_blank\" rel=\"noopener\">CALI SATIVA STRAINS<\/a><\/div>\n<div><a href=\"https:\/\/jeetersofficial.com\/product-category\/indica\/\" target=\"_blank\" rel=\"noopener\">CALI INDICA STRAINS<\/a><\/div>\n<div><a href=\"https:\/\/jeetersofficial.com\/product-category\/hybrid-weed\/\" target=\"_blank\" rel=\"noopener\">CALI HYBRID WEED<\/a><\/div>\n<\/p><\/div>","protected":false},"excerpt":{"rendered":"<p><strong>Cali Bud Wedding Nerdz Ostrze\u017cenie.<\/strong><br \/> Ten produkt zawiera konopie indyjskie, substancj\u0119 kontrolowan\u0105. Przechowywa\u0107 poza zasi\u0119giem dzieci i zwierz\u0105t. Produkty z konopi mog\u0105 by\u0107 posiadane lub spo\u017cywane wy\u0142\u0105cznie przez osoby w wieku 21 lat lub starsze, chyba \u017ce s\u0105 one kwalifikowanymi pacjentami. Odurzaj\u0105ce efekty produkt\u00f3w z konopi mog\u0105 utrzymywa\u0107 si\u0119 do dw\u00f3ch godzin. U\u017cywanie konopi w czasie ci\u0105\u017cy lub karmienia piersi\u0105 mo\u017ce by\u0107 szkodliwe. Spo\u017cywanie tych produkt\u00f3w pogarsza zdolno\u015b\u0107 prowadzenia pojazd\u00f3w i obs\u0142ugi maszyn. Prosz\u0119 zachowa\u0107 szczeg\u00f3ln\u0105 ostro\u017cno\u015b\u0107. Skontaktuj si\u0119, aby zam\u00f3wi\u0107 produkty Cali Plug.<\/p>","protected":false},"featured_media":1836,"comment_status":"closed","ping_status":"closed","template":"","meta":{"_uag_custom_page_level_css":"","site-sidebar-layout":"default","site-content-layout":"","ast-site-content-layout":"default","site-content-style":"default","site-sidebar-style":"default","ast-global-header-display":"","ast-banner-title-visibility":"","ast-main-header-display":"","ast-hfb-above-header-display":"","ast-hfb-below-header-display":"","ast-hfb-mobile-header-display":"","site-post-title":"","ast-breadcrumbs-content":"","ast-featured-img":"","footer-sml-layout":"","ast-disable-related-posts":"","theme-transparent-header-meta":"","adv-header-id-meta":"","stick-header-meta":"","header-above-stick-meta":"","header-main-stick-meta":"","header-below-stick-meta":"","astra-migrate-meta-layouts":"default","ast-page-background-enabled":"default","ast-page-background-meta":{"desktop":{"background-color":"var(--ast-global-color-5)","background-image":"","background-repeat":"repeat","background-position":"center center","background-size":"auto","background-attachment":"scroll","background-type":"","background-media":"","overlay-type":"","overlay-color":"","overlay-opacity":"","overlay-gradient":""},"tablet":{"background-color":"","background-image":"","background-repeat":"repeat","background-position":"center center","background-size":"auto","background-attachment":"scroll","background-type":"","background-media":"","overlay-type":"","overlay-color":"","overlay-opacity":"","overlay-gradient":""},"mobile":{"background-color":"","background-image":"","background-repeat":"repeat","background-position":"center center","background-size":"auto","background-attachment":"scroll","background-type":"","background-media":"","overlay-type":"","overlay-color":"","overlay-opacity":"","overlay-gradient":""}},"ast-content-background-meta":{"desktop":{"background-color":"var(--ast-global-color-4)","background-image":"","background-repeat":"repeat","background-position":"center center","background-size":"auto","background-attachment":"scroll","background-type":"","background-media":"","overlay-type":"","overlay-color":"","overlay-opacity":"","overlay-gradient":""},"tablet":{"background-color":"var(--ast-global-color-4)","background-image":"","background-repeat":"repeat","background-position":"center center","background-size":"auto","background-attachment":"scroll","background-type":"","background-media":"","overlay-type":"","overlay-color":"","overlay-opacity":"","overlay-gradient":""},"mobile":{"background-color":"var(--ast-global-color-4)","background-image":"","background-repeat":"repeat","background-position":"center center","background-size":"auto","background-attachment":"scroll","background-type":"","background-media":"","overlay-type":"","overlay-color":"","overlay-opacity":"","overlay-gradient":""}}},"product_brand":[],"product_cat":[675],"product_tag":[491,737,738,481,472,739,740,741,473,515,516,517,518,461,521,522,535,536,462,537,463,464,465,613,497,742,743,744,745,746,747],"class_list":{"0":"post-1828","1":"product","2":"type-product","3":"status-publish","4":"has-post-thumbnail","6":"product_cat-buy-cali-buds","7":"product_tag-buy-cali-bud-or-no-bud-online","8":"product_tag-buy-cali-bud-or-no-bud-wedding-nerdz-online","9":"product_tag-buy-wedding-nerdz-cali-bud-or-no-bud-online","10":"product_tag-cali-bud-or-no-bud-for-sale","11":"product_tag-cali-bud-or-no-bud-near-me","12":"product_tag-cali-bud-or-no-bud-wedding-nerdz","13":"product_tag-cali-bud-or-no-bud-wedding-nerdz-for-sale","14":"product_tag-cali-bud-or-no-bud-wedding-nerdz-near-me","15":"product_tag-cali-buds","16":"product_tag-cali-buds-online","17":"product_tag-cali-flavors","18":"product_tag-cali-flavours","19":"product_tag-cali-gush-lato","20":"product_tag-cali-packs","21":"product_tag-cali-plug","22":"product_tag-cali-plug-bags","23":"product_tag-cali-plug-bud","24":"product_tag-cali-plug-buds","25":"product_tag-cali-plug-cali-bud-or-no-bud","26":"product_tag-cali-plug-strains","27":"product_tag-cali-straina","28":"product_tag-cali-weed-bags","29":"product_tag-cali-weed-flavors","30":"product_tag-cali-weed-strains","31":"product_tag-cannabis-strains","32":"product_tag-marijuana","33":"product_tag-medical","34":"product_tag-sativa","35":"product_tag-wedding-nerdz-cali-bud-or-no-bud","36":"product_tag-wedding-nerdz-cali-bud-or-no-bud-for-sale","37":"product_tag-wedding-nerdz-cali-bud-or-no-bud-near-me","38":"desktop-align-center","39":"tablet-align-left","40":"mobile-align-left","42":"first","43":"instock","44":"shipping-taxable","45":"purchasable","46":"product-type-variable"},"uagb_featured_image_src":{"full":["https:\/\/caliweedeurope.com\/wp-content\/uploads\/2024\/11\/nerts.jpg",956,1276,false],"thumbnail":["https:\/\/caliweedeurope.com\/wp-content\/uploads\/2024\/11\/nerts-150x150.jpg",150,150,true],"medium":["https:\/\/caliweedeurope.com\/wp-content\/uploads\/2024\/11\/nerts-225x300.jpg",225,300,true],"medium_large":["https:\/\/caliweedeurope.com\/wp-content\/uploads\/2024\/11\/nerts-768x1025.jpg",768,1025,true],"large":["https:\/\/caliweedeurope.com\/wp-content\/uploads\/2024\/11\/nerts-767x1024.jpg",767,1024,true],"1536x1536":["https:\/\/caliweedeurope.com\/wp-content\/uploads\/2024\/11\/nerts.jpg",956,1276,false],"2048x2048":["https:\/\/caliweedeurope.com\/wp-content\/uploads\/2024\/11\/nerts.jpg",956,1276,false],"trp-custom-language-flag":["https:\/\/caliweedeurope.com\/wp-content\/uploads\/2024\/11\/nerts.jpg",9,12,false],"woocommerce_thumbnail":["https:\/\/caliweedeurope.com\/wp-content\/uploads\/2024\/11\/nerts-300x300.jpg",300,300,true],"woocommerce_single":["https:\/\/caliweedeurope.com\/wp-content\/uploads\/2024\/11\/nerts-600x801.jpg",600,801,true],"woocommerce_gallery_thumbnail":["https:\/\/caliweedeurope.com\/wp-content\/uploads\/2024\/11\/nerts-100x100.jpg",100,100,true]},"uagb_author_info":{"display_name":"jetskiforsaleuk@gmail.com","author_link":"https:\/\/caliweedeurope.com\/pl\/author\/"},"uagb_comment_info":0,"uagb_excerpt":"Cali Bud Wedding Nerdz Warning. This product contains Cannabis, a scheduled substance Keep out of the reach of children and animals. Cannabis products can only be possessed or consumed by persons 21+ years of age older unless the person is a qualified patient. The intoxicating effects of cannabis products may stay up to two hours.&hellip;","_links":{"self":[{"href":"https:\/\/caliweedeurope.com\/pl\/wp-json\/wp\/v2\/product\/1828"}],"collection":[{"href":"https:\/\/caliweedeurope.com\/pl\/wp-json\/wp\/v2\/product"}],"about":[{"href":"https:\/\/caliweedeurope.com\/pl\/wp-json\/wp\/v2\/types\/product"}],"replies":[{"embeddable":true,"href":"https:\/\/caliweedeurope.com\/pl\/wp-json\/wp\/v2\/comments?post=1828"}],"wp:featuredmedia":[{"embeddable":true,"href":"https:\/\/caliweedeurope.com\/pl\/wp-json\/wp\/v2\/media\/1836"}],"wp:attachment":[{"href":"https:\/\/caliweedeurope.com\/pl\/wp-json\/wp\/v2\/media?parent=1828"}],"wp:term":[{"taxonomy":"product_brand","embeddable":true,"href":"https:\/\/caliweedeurope.com\/pl\/wp-json\/wp\/v2\/product_brand?post=1828"},{"taxonomy":"product_cat","embeddable":true,"href":"https:\/\/caliweedeurope.com\/pl\/wp-json\/wp\/v2\/product_cat?post=1828"},{"taxonomy":"product_tag","embeddable":true,"href":"https:\/\/caliweedeurope.com\/pl\/wp-json\/wp\/v2\/product_tag?post=1828"}],"curies":[{"name":"wp","href":"https:\/\/api.w.org\/{rel}","templated":true}]}}