{"id":1840,"date":"2024-11-06T02:41:01","date_gmt":"2024-11-06T02:41:01","guid":{"rendered":"https:\/\/caliweedeurope.com\/?post_type=product&#038;p=1840"},"modified":"2024-11-06T02:41:02","modified_gmt":"2024-11-06T02:41:02","slug":"watermelon-moon-rocks-30gramy","status":"publish","type":"product","link":"https:\/\/caliweedeurope.com\/pl\/product\/watermelon-moon-rocks-30gramy\/","title":{"rendered":"Watermelon Moon Rocks 30 gram\u00f3w"},"content":{"rendered":"<section>\n<h2>Watermelon Moon Rocks 30 gram\u00f3w<\/h2>\n<p>Watermelon Moon Rocks wywo\u0142uje efekty relaksacyjne, co sprawia, \u017ce jest przydatny jako \u015brodek nasenny lub stymulant apetytu.<\/p>\n<p>Watermelon Moon Rocks powstaj\u0105, gdy wysokiej jako\u015bci i premium kwiaty konopi s\u0105 infuzowane wyj\u0105tkowym destylatem THC, kt\u00f3ry jest wolny od rozpuszczalnik\u00f3w. Ta infuzja jest zwini\u0119ta w ultra-potentny kief. Ca\u0142a ta infuzja i mieszanie prowadz\u0105 do g\u0119stych p\u0105k\u00f3w, kt\u00f3re oferuj\u0105 bardzo wysoki poziom THC. Ostateczny kszta\u0142t nadawany jest przez przekszta\u0142cenie ich w rolki do palenia i sprzedawane jako Moonrocks Watermelon Pre Rolls.<\/p>\n<p>Watermelon Moon Rocks Pre Rolls smakuj\u0105 niezwykle g\u0142adko, przypominaj\u0105c winogrona z podtonami haszyszu i przynosz\u0105 ci taki spok\u00f3j i cisz\u0119, \u017ce b\u00f3l, dolegliwo\u015bci medyczne i wszystkie zmartwienia znikaj\u0105 z \u0142atwo\u015bci\u0105, jak mas\u0142o.<\/p>\n<p>Te Watermelon Moon Rocks Pre Rolls zosta\u0142y stworzone z my\u015bl\u0105 o palaczach na ka\u017cdym poziomie do\u015bwiadczenia. Potencja Moonrocks zabierze bardzo do\u015bwiadczonego palacza na ksi\u0119\u017cyc, podczas gdy pocz\u0105tkuj\u0105cy b\u0119d\u0105 mogli cieszy\u0107 si\u0119 unikalnym profilem smaku arbuza, pochodz\u0105cym z nieodpartej mieszanki najwy\u017cszej jako\u015bci kwiat\u00f3w, klarownego destylatu, kiefu i pysznych 100% naturalnych terpen\u00f3w.<\/p>\n<p class=\"translation-block\">Kup Watermelon Moonrocks Pre Rolls w Jeetersofficial <a href=\"https:\/\/jeetersofficial.com\/\" target=\"_blank\" rel=\"noopener\">sklepie internetowym z cannabisem<\/a>. Gwarantujemy, \u017ce zabierze ci\u0119 na szczyty ekstazy i rado\u015bci. Przyniesie ci to niezr\u00f3wnan\u0105 satysfakcj\u0119 oraz najwy\u017cszy spok\u00f3j i szcz\u0119\u015bcie.<\/p>\n<p>Mo\u017cesz z\u0142o\u017cy\u0107 zam\u00f3wienie na Moonrocks Watermelon Pre Roll w naszym internetowym sklepie z marihuan\u0105, a zostanie ono bezpiecznie dostarczone w jak najkr\u00f3tszym czasie. K\u0142adziemy du\u017cy nacisk na to, aby\u015b otrzyma\u0142 swoj\u0105 dostaw\u0119 bez \u017cadnych op\u00f3\u017anie\u0144. Wystarczy zam\u00f3wi\u0107 produkt za pomoc\u0105 bardzo przyjaznej dla u\u017cytkownika procedury zamawiania online, a otrzymasz go bardzo szybko. Zaczynamy wysy\u0142a\u0107 zam\u00f3wienia, gdy tylko p\u0142atno\u015bci zostan\u0105 przetworzone, wi\u0119c otrzymasz swoje zam\u00f3wienie w mgnieniu oka. Niezale\u017cnie od okoliczno\u015bci, nasze paczki docieraj\u0105 na miejsce na czas. Mo\u017cesz ca\u0142kowicie zaufa\u0107 nam, poniewa\u017c nigdy nie zawodzimy naszych klient\u00f3w.<\/p>\n<p>Wci\u0105\u017c si\u0119 wahasz? Nie r\u00f3b tego. Zam\u00f3w Moonrocks Watermelon Pre Rolls w naszym internetowym sklepie z konopiami i baw si\u0119 \u015bwietnie.<\/p>\n<\/section>","protected":false},"excerpt":{"rendered":"<p>28 gram\u00f3w Watermelon Moon Rocks z przyjemno\u015bci\u0105 oferuje swoj\u0105 lini\u0119 wysokiej jako\u015bci, sp\u00f3jnych produkt\u00f3w. Ich pysznie smakuj\u0105ce Moonrocks wywo\u0142uj\u0105 nadziemsk\u0105 eufori\u0119. Opracowali p\u0105ki marihuany pokryte koncentratami dla os\u00f3b czuj\u0105cych si\u0119 troch\u0119 lub bardzo poza orbit\u0105. Klienci, kt\u00f3rzy wol\u0105 mieszank\u0119 kiefu, koncentrat\u00f3w i kwiat\u00f3w, aby z\u0142agodzi\u0107 swoje dolegliwo\u015bci, doceni\u0105 g\u0142\u0119bok\u0105 eufori\u0119 i pyszne smaki, kt\u00f3re oferuje Moonrock.<\/p>","protected":false},"featured_media":1845,"comment_status":"closed","ping_status":"closed","template":"","meta":{"_uag_custom_page_level_css":"","site-sidebar-layout":"default","site-content-layout":"","ast-site-content-layout":"","site-content-style":"default","site-sidebar-style":"default","ast-global-header-display":"","ast-banner-title-visibility":"","ast-main-header-display":"","ast-hfb-above-header-display":"","ast-hfb-below-header-display":"","ast-hfb-mobile-header-display":"","site-post-title":"","ast-breadcrumbs-content":"","ast-featured-img":"","footer-sml-layout":"","theme-transparent-header-meta":"","adv-header-id-meta":"","stick-header-meta":"","header-above-stick-meta":"","header-main-stick-meta":"","header-below-stick-meta":"","astra-migrate-meta-layouts":"default","ast-page-background-enabled":"default","ast-page-background-meta":{"desktop":{"background-color":"var(--ast-global-color-4)","background-image":"","background-repeat":"repeat","background-position":"center center","background-size":"auto","background-attachment":"scroll","background-type":"","background-media":"","overlay-type":"","overlay-color":"","overlay-opacity":"","overlay-gradient":""},"tablet":{"background-color":"","background-image":"","background-repeat":"repeat","background-position":"center center","background-size":"auto","background-attachment":"scroll","background-type":"","background-media":"","overlay-type":"","overlay-color":"","overlay-opacity":"","overlay-gradient":""},"mobile":{"background-color":"","background-image":"","background-repeat":"repeat","background-position":"center center","background-size":"auto","background-attachment":"scroll","background-type":"","background-media":"","overlay-type":"","overlay-color":"","overlay-opacity":"","overlay-gradient":""}},"ast-content-background-meta":{"desktop":{"background-color":"var(--ast-global-color-5)","background-image":"","background-repeat":"repeat","background-position":"center center","background-size":"auto","background-attachment":"scroll","background-type":"","background-media":"","overlay-type":"","overlay-color":"","overlay-opacity":"","overlay-gradient":""},"tablet":{"background-color":"var(--ast-global-color-5)","background-image":"","background-repeat":"repeat","background-position":"center center","background-size":"auto","background-attachment":"scroll","background-type":"","background-media":"","overlay-type":"","overlay-color":"","overlay-opacity":"","overlay-gradient":""},"mobile":{"background-color":"var(--ast-global-color-5)","background-image":"","background-repeat":"repeat","background-position":"center center","background-size":"auto","background-attachment":"scroll","background-type":"","background-media":"","overlay-type":"","overlay-color":"","overlay-opacity":"","overlay-gradient":""}}},"product_brand":[],"product_cat":[748],"product_tag":[],"class_list":{"0":"post-1840","1":"product","2":"type-product","3":"status-publish","4":"has-post-thumbnail","6":"product_cat-weed-moonrock","7":"desktop-align-center","8":"tablet-align-left","9":"mobile-align-left","11":"first","12":"instock","13":"sale","14":"shipping-taxable","15":"purchasable","16":"product-type-simple"},"uagb_featured_image_src":{"full":["https:\/\/caliweedeurope.com\/wp-content\/uploads\/2024\/11\/MoonRock-MoonRocks-Watermelon.jpg",600,600,false],"thumbnail":["https:\/\/caliweedeurope.com\/wp-content\/uploads\/2024\/11\/MoonRock-MoonRocks-Watermelon-150x150.jpg",150,150,true],"medium":["https:\/\/caliweedeurope.com\/wp-content\/uploads\/2024\/11\/MoonRock-MoonRocks-Watermelon-300x300.jpg",300,300,true],"medium_large":["https:\/\/caliweedeurope.com\/wp-content\/uploads\/2024\/11\/MoonRock-MoonRocks-Watermelon.jpg",600,600,false],"large":["https:\/\/caliweedeurope.com\/wp-content\/uploads\/2024\/11\/MoonRock-MoonRocks-Watermelon.jpg",600,600,false],"1536x1536":["https:\/\/caliweedeurope.com\/wp-content\/uploads\/2024\/11\/MoonRock-MoonRocks-Watermelon.jpg",600,600,false],"2048x2048":["https:\/\/caliweedeurope.com\/wp-content\/uploads\/2024\/11\/MoonRock-MoonRocks-Watermelon.jpg",600,600,false],"trp-custom-language-flag":["https:\/\/caliweedeurope.com\/wp-content\/uploads\/2024\/11\/MoonRock-MoonRocks-Watermelon.jpg",12,12,false],"woocommerce_thumbnail":["https:\/\/caliweedeurope.com\/wp-content\/uploads\/2024\/11\/MoonRock-MoonRocks-Watermelon-300x300.jpg",300,300,true],"woocommerce_single":["https:\/\/caliweedeurope.com\/wp-content\/uploads\/2024\/11\/MoonRock-MoonRocks-Watermelon.jpg",600,600,false],"woocommerce_gallery_thumbnail":["https:\/\/caliweedeurope.com\/wp-content\/uploads\/2024\/11\/MoonRock-MoonRocks-Watermelon-100x100.jpg",100,100,true]},"uagb_author_info":{"display_name":"jetskiforsaleuk@gmail.com","author_link":"https:\/\/caliweedeurope.com\/pl\/author\/"},"uagb_comment_info":0,"uagb_excerpt":"28 grams Watermelon Moon Rocks is delighted to offer its line of high-quality, consistent products. Their deliciously flavored Moonrocks produce otherworldly euphoria. They have developed concentrate covered marijuana buds for folks feeling a little or a lot out of orbit. Clients who prefer a concoction of keif, concentrates, and flowers to calm their ailments will&hellip;","_links":{"self":[{"href":"https:\/\/caliweedeurope.com\/pl\/wp-json\/wp\/v2\/product\/1840"}],"collection":[{"href":"https:\/\/caliweedeurope.com\/pl\/wp-json\/wp\/v2\/product"}],"about":[{"href":"https:\/\/caliweedeurope.com\/pl\/wp-json\/wp\/v2\/types\/product"}],"replies":[{"embeddable":true,"href":"https:\/\/caliweedeurope.com\/pl\/wp-json\/wp\/v2\/comments?post=1840"}],"wp:featuredmedia":[{"embeddable":true,"href":"https:\/\/caliweedeurope.com\/pl\/wp-json\/wp\/v2\/media\/1845"}],"wp:attachment":[{"href":"https:\/\/caliweedeurope.com\/pl\/wp-json\/wp\/v2\/media?parent=1840"}],"wp:term":[{"taxonomy":"product_brand","embeddable":true,"href":"https:\/\/caliweedeurope.com\/pl\/wp-json\/wp\/v2\/product_brand?post=1840"},{"taxonomy":"product_cat","embeddable":true,"href":"https:\/\/caliweedeurope.com\/pl\/wp-json\/wp\/v2\/product_cat?post=1840"},{"taxonomy":"product_tag","embeddable":true,"href":"https:\/\/caliweedeurope.com\/pl\/wp-json\/wp\/v2\/product_tag?post=1840"}],"curies":[{"name":"wp","href":"https:\/\/api.w.org\/{rel}","templated":true}]}}