{"id":1841,"date":"2024-11-06T02:41:01","date_gmt":"2024-11-06T02:41:01","guid":{"rendered":"https:\/\/caliweedeurope.com\/?post_type=product&#038;p=1841"},"modified":"2024-11-06T02:41:04","modified_gmt":"2024-11-06T02:41:04","slug":"moonrock-banana-split-30-gramy","status":"publish","type":"product","link":"https:\/\/caliweedeurope.com\/pl\/product\/moonrock-banana-split-30-gramy\/","title":{"rendered":"Kup Moonrock Banana Split 30 Gram\u00f3w"},"content":{"rendered":"<section>\n<h2>Przegl\u0105d Moonrock Banana Split<\/h2>\n<table width=\"1278\">\n<tbody>\n<tr>\n<th>ZAWARTO\u015a\u0106 KANABINOID\u00d3W<\/th>\n<td>57.8%<\/td>\n<\/tr>\n<tr>\n<th>WAGA<\/th>\n<td>1,2 g (Kwiat OG Kush, Olej Miodowy &amp; Kief)<\/td>\n<\/tr>\n<tr>\n<th>EFEKTY MEDYCZNE<\/th>\n<td>Stres, L\u0119k, Depresja, B\u00f3l &amp; Bezsenno\u015b\u0107<\/td>\n<\/tr>\n<tr>\n<th>Efekty<\/th>\n<td>Szcz\u0119\u015bliwy, Wzruszony, Euforyczny, Pe\u0142en energii &amp; Zrelaksowany<\/td>\n<\/tr>\n<\/tbody>\n<\/table>\n<\/section>","protected":false},"excerpt":{"rendered":"<p>Czy kiedykolwiek czu\u0142e\u015b si\u0119 tak na\u0107pany, \u017ce m\u00f3g\u0142by\u015b dotkn\u0105\u0107 ksi\u0119\u017cyca? Teraz z Moonrock Banana Split mo\u017cesz zbli\u017cy\u0107 si\u0119 tak blisko, jak to mo\u017cliwe bez potrzeby posiadania sprz\u0119tu astronauty! Moonrock Banana Split to kontrowersyjny produkt konopny, kt\u00f3ry zosta\u0142 zrewolucjonizowany przez popularnego rapera z West Coast, Kurupta. Te ma\u0142e nuggety to pot\u0119\u017cne \u017ar\u00f3d\u0142a THC \u2013 w zasadzie Moonrock Banana Split sk\u0142ada si\u0119 z mocnych p\u0105k\u00f3w konopi, kt\u00f3re s\u0105 zanurzone w warstwach oleju konopnego, takiego jak olej haszyszowy, olej miodowy lub olej haszyszowy butanowy oraz trichom\u00f3w kief, a\u017c s\u0105 ca\u0142kowicie pokryte. Poziom THC dla Moonrock Banana Split mo\u017ce si\u0119 r\u00f3\u017cni\u0107, ale zazwyczaj wynosi od 50 do 60%, <a href=\"https:\/\/www.purecannastore.com\/\">\u015bredni<\/a>w por\u00f3wnaniu do tradycyjnych kwiat\u00f3w, kt\u00f3rych \u015brednia zawarto\u015b\u0107 THC wynosi oko\u0142o 20 %. Te silne p\u0105ki s\u0105 znane z tego, \u017ce s\u0105 wyj\u0105tkowo bogate w terpeny, dzi\u0119ki specyficznym p\u0105kom, olejowi haszyszowemu i kiefowi, kt\u00f3re s\u0105 u\u017cywane.<\/p>","protected":false},"featured_media":1846,"comment_status":"closed","ping_status":"closed","template":"","meta":{"_uag_custom_page_level_css":"","site-sidebar-layout":"default","site-content-layout":"","ast-site-content-layout":"default","site-content-style":"default","site-sidebar-style":"default","ast-global-header-display":"","ast-banner-title-visibility":"","ast-main-header-display":"","ast-hfb-above-header-display":"","ast-hfb-below-header-display":"","ast-hfb-mobile-header-display":"","site-post-title":"","ast-breadcrumbs-content":"","ast-featured-img":"","footer-sml-layout":"","ast-disable-related-posts":"","theme-transparent-header-meta":"","adv-header-id-meta":"","stick-header-meta":"","header-above-stick-meta":"","header-main-stick-meta":"","header-below-stick-meta":"","astra-migrate-meta-layouts":"default","ast-page-background-enabled":"default","ast-page-background-meta":{"desktop":{"background-color":"var(--ast-global-color-5)","background-image":"","background-repeat":"repeat","background-position":"center center","background-size":"auto","background-attachment":"scroll","background-type":"","background-media":"","overlay-type":"","overlay-color":"","overlay-opacity":"","overlay-gradient":""},"tablet":{"background-color":"","background-image":"","background-repeat":"repeat","background-position":"center center","background-size":"auto","background-attachment":"scroll","background-type":"","background-media":"","overlay-type":"","overlay-color":"","overlay-opacity":"","overlay-gradient":""},"mobile":{"background-color":"","background-image":"","background-repeat":"repeat","background-position":"center center","background-size":"auto","background-attachment":"scroll","background-type":"","background-media":"","overlay-type":"","overlay-color":"","overlay-opacity":"","overlay-gradient":""}},"ast-content-background-meta":{"desktop":{"background-color":"var(--ast-global-color-4)","background-image":"","background-repeat":"repeat","background-position":"center center","background-size":"auto","background-attachment":"scroll","background-type":"","background-media":"","overlay-type":"","overlay-color":"","overlay-opacity":"","overlay-gradient":""},"tablet":{"background-color":"var(--ast-global-color-4)","background-image":"","background-repeat":"repeat","background-position":"center center","background-size":"auto","background-attachment":"scroll","background-type":"","background-media":"","overlay-type":"","overlay-color":"","overlay-opacity":"","overlay-gradient":""},"mobile":{"background-color":"var(--ast-global-color-4)","background-image":"","background-repeat":"repeat","background-position":"center center","background-size":"auto","background-attachment":"scroll","background-type":"","background-media":"","overlay-type":"","overlay-color":"","overlay-opacity":"","overlay-gradient":""}}},"product_brand":[],"product_cat":[748],"product_tag":[749],"class_list":{"0":"post-1841","1":"product","2":"type-product","3":"status-publish","4":"has-post-thumbnail","6":"product_cat-weed-moonrock","7":"product_tag-moonrock-banana-split","8":"desktop-align-center","9":"tablet-align-left","10":"mobile-align-left","12":"first","13":"instock","14":"sale","15":"shipping-taxable","16":"purchasable","17":"product-type-simple"},"uagb_featured_image_src":{"full":["https:\/\/caliweedeurope.com\/wp-content\/uploads\/2024\/11\/Moonrock-Banana-Split.jpg",1000,1000,false],"thumbnail":["https:\/\/caliweedeurope.com\/wp-content\/uploads\/2024\/11\/Moonrock-Banana-Split-150x150.jpg",150,150,true],"medium":["https:\/\/caliweedeurope.com\/wp-content\/uploads\/2024\/11\/Moonrock-Banana-Split-300x300.jpg",300,300,true],"medium_large":["https:\/\/caliweedeurope.com\/wp-content\/uploads\/2024\/11\/Moonrock-Banana-Split-768x768.jpg",768,768,true],"large":["https:\/\/caliweedeurope.com\/wp-content\/uploads\/2024\/11\/Moonrock-Banana-Split.jpg",1000,1000,false],"1536x1536":["https:\/\/caliweedeurope.com\/wp-content\/uploads\/2024\/11\/Moonrock-Banana-Split.jpg",1000,1000,false],"2048x2048":["https:\/\/caliweedeurope.com\/wp-content\/uploads\/2024\/11\/Moonrock-Banana-Split.jpg",1000,1000,false],"trp-custom-language-flag":["https:\/\/caliweedeurope.com\/wp-content\/uploads\/2024\/11\/Moonrock-Banana-Split.jpg",12,12,false],"woocommerce_thumbnail":["https:\/\/caliweedeurope.com\/wp-content\/uploads\/2024\/11\/Moonrock-Banana-Split-300x300.jpg",300,300,true],"woocommerce_single":["https:\/\/caliweedeurope.com\/wp-content\/uploads\/2024\/11\/Moonrock-Banana-Split-600x600.jpg",600,600,true],"woocommerce_gallery_thumbnail":["https:\/\/caliweedeurope.com\/wp-content\/uploads\/2024\/11\/Moonrock-Banana-Split-100x100.jpg",100,100,true]},"uagb_author_info":{"display_name":"jetskiforsaleuk@gmail.com","author_link":"https:\/\/caliweedeurope.com\/pl\/author\/"},"uagb_comment_info":0,"uagb_excerpt":"Have you ever felt like you were so high that you could touch the moon? Now with Moonrock Banana Split, you can get as close as humanly possible without requiring any astronaut gear! Moonrock Banana Split are a notorious cannabis product that was revolutionized by popular West Coast rapper Kurupt. These little nuggets are THC&hellip;","_links":{"self":[{"href":"https:\/\/caliweedeurope.com\/pl\/wp-json\/wp\/v2\/product\/1841"}],"collection":[{"href":"https:\/\/caliweedeurope.com\/pl\/wp-json\/wp\/v2\/product"}],"about":[{"href":"https:\/\/caliweedeurope.com\/pl\/wp-json\/wp\/v2\/types\/product"}],"replies":[{"embeddable":true,"href":"https:\/\/caliweedeurope.com\/pl\/wp-json\/wp\/v2\/comments?post=1841"}],"wp:featuredmedia":[{"embeddable":true,"href":"https:\/\/caliweedeurope.com\/pl\/wp-json\/wp\/v2\/media\/1846"}],"wp:attachment":[{"href":"https:\/\/caliweedeurope.com\/pl\/wp-json\/wp\/v2\/media?parent=1841"}],"wp:term":[{"taxonomy":"product_brand","embeddable":true,"href":"https:\/\/caliweedeurope.com\/pl\/wp-json\/wp\/v2\/product_brand?post=1841"},{"taxonomy":"product_cat","embeddable":true,"href":"https:\/\/caliweedeurope.com\/pl\/wp-json\/wp\/v2\/product_cat?post=1841"},{"taxonomy":"product_tag","embeddable":true,"href":"https:\/\/caliweedeurope.com\/pl\/wp-json\/wp\/v2\/product_tag?post=1841"}],"curies":[{"name":"wp","href":"https:\/\/api.w.org\/{rel}","templated":true}]}}