{"id":1843,"date":"2024-11-06T02:41:01","date_gmt":"2024-11-06T02:41:01","guid":{"rendered":"https:\/\/caliweedeurope.com\/?post_type=product&#038;p=1843"},"modified":"2024-11-06T02:41:08","modified_gmt":"2024-11-06T02:41:08","slug":"blueberry-moon-rocks-30-gramy","status":"publish","type":"product","link":"https:\/\/caliweedeurope.com\/pl\/product\/blueberry-moon-rocks-30-gramy\/","title":{"rendered":"Kup Blueberry Moon Rocks 30 Gram\u00f3w"},"content":{"rendered":"<h1>Blueberry Moon Rocks<\/h1>\n<p>Blueberry Moon Rocks to rodzaj koncentratu konopnego, kt\u00f3ry powstaje poprzez po\u0142\u0105czenie jag\u00f3d z olejem haszyszowym lub miodowym. Powsta\u0142y produkt to mocny i smaczny spos\u00f3b na korzystanie z korzy\u015bci konopi. Blueberry Moon Rocks oferuj\u0105 szereg potencjalnych korzy\u015bci, w tym:<\/p>\n<p>\u2022 <strong>Ulga w b\u00f3lu i stanach zapalnych<\/strong>: Blueberry Moon Rocks mog\u0105 by\u0107 skuteczne w leczeniu r\u00f3\u017cnych rodzaj\u00f3w b\u00f3lu, w tym b\u00f3lu przewlek\u0142ego. Dodatkowo przeciwzapalne w\u0142a\u015bciwo\u015bci jag\u00f3d mog\u0105 pom\u00f3c w zmniejszeniu obrz\u0119k\u00f3w i stan\u00f3w zapalnych.<\/p>\n<p>\u2022 <strong>Poprawa nastroju i relaksacja<\/strong>: Zwi\u0105zki zawarte w jagodach wykazuj\u0105 dzia\u0142anie poprawiaj\u0105ce nastr\u00f3j i wspomagaj\u0105ce relaksacj\u0119. Efekt ten mo\u017ce by\u0107 wzmocniony przez dodatek oleju haszyszowego lub miodowego, co czyni Blueberry Moon Rocks idealnym wyborem dla os\u00f3b szukaj\u0105cych ulgi w stresie lub l\u0119ku.<\/p>\n<p>\u2022 <strong>Zwi\u0119kszony apetyt<\/strong>: \u201eGastrofaza\u201d to dobrze znany efekt uboczny u\u017cywania konopi, a Blueberry Moonrocks mog\u0105 ten efekt nasili\u0107. Mo\u017ce to by\u0107 korzystne dla os\u00f3b, kt\u00f3re z powod\u00f3w medycznych musz\u0105 zwi\u0119kszy\u0107 apetyt, lub dla tych, kt\u00f3rzy po prostu chc\u0105 cieszy\u0107 si\u0119 smacznym jedzeniem po spo\u017cyciu moonrocks.<\/p>\n<p>\u2022 <a href=\"https:\/\/jeetersofficial.com\/\" target=\"_blank\" rel=\"noopener\"><strong>Ulepszony smak<\/strong>:<\/a> Blueberry Moon Rocks s\u0105 znane ze swojego s\u0142odkiego i kwaskowatego smaku, kt\u00f3ry staje si\u0119 bardziej intensywny w po\u0142\u0105czeniu z olejem haszyszowym lub miodowym. To sprawia, \u017ce Blueberry Moonrocks s\u0105 pysznym przysmakiem dla mi\u0142o\u015bnik\u00f3w smaku koncentrat\u00f3w konopi.<\/p>","protected":false},"excerpt":{"rendered":"<p>Czy jeste\u015b gotowy, aby wystartowa\u0107 w galaktyk\u0119 pe\u0142n\u0105 smaku i b\u0142ogiego relaksu? Nie szukaj dalej ni\u017c nasz najnowszy produkt: Blueberry Moonrocks! Te przepyszne bry\u0142ki s\u0105 pokryte kiefem i nasycone THC, zapewniaj\u0105c do\u015bwiadczenie nie z tego \u015bwiata. Niezale\u017cnie od tego, czy chcesz si\u0119 zrelaksowa\u0107 po d\u0142ugim dniu, czy wznie\u015b\u0107 si\u0119 w stratosfer\u0119, te ma\u0142e klejnoty s\u0105 dla Ciebie. Czytaj dalej, aby dowiedzie\u0107 si\u0119 wi\u0119cej o tej obowi\u0105zkowej kreacji z konopi! Kup teraz w<\/p>","protected":false},"featured_media":1848,"comment_status":"closed","ping_status":"closed","template":"","meta":{"_uag_custom_page_level_css":"","site-sidebar-layout":"default","site-content-layout":"","ast-site-content-layout":"default","site-content-style":"default","site-sidebar-style":"default","ast-global-header-display":"","ast-banner-title-visibility":"","ast-main-header-display":"","ast-hfb-above-header-display":"","ast-hfb-below-header-display":"","ast-hfb-mobile-header-display":"","site-post-title":"","ast-breadcrumbs-content":"","ast-featured-img":"","footer-sml-layout":"","ast-disable-related-posts":"","theme-transparent-header-meta":"","adv-header-id-meta":"","stick-header-meta":"","header-above-stick-meta":"","header-main-stick-meta":"","header-below-stick-meta":"","astra-migrate-meta-layouts":"default","ast-page-background-enabled":"default","ast-page-background-meta":{"desktop":{"background-color":"var(--ast-global-color-5)","background-image":"","background-repeat":"repeat","background-position":"center center","background-size":"auto","background-attachment":"scroll","background-type":"","background-media":"","overlay-type":"","overlay-color":"","overlay-opacity":"","overlay-gradient":""},"tablet":{"background-color":"","background-image":"","background-repeat":"repeat","background-position":"center center","background-size":"auto","background-attachment":"scroll","background-type":"","background-media":"","overlay-type":"","overlay-color":"","overlay-opacity":"","overlay-gradient":""},"mobile":{"background-color":"","background-image":"","background-repeat":"repeat","background-position":"center center","background-size":"auto","background-attachment":"scroll","background-type":"","background-media":"","overlay-type":"","overlay-color":"","overlay-opacity":"","overlay-gradient":""}},"ast-content-background-meta":{"desktop":{"background-color":"var(--ast-global-color-4)","background-image":"","background-repeat":"repeat","background-position":"center center","background-size":"auto","background-attachment":"scroll","background-type":"","background-media":"","overlay-type":"","overlay-color":"","overlay-opacity":"","overlay-gradient":""},"tablet":{"background-color":"var(--ast-global-color-4)","background-image":"","background-repeat":"repeat","background-position":"center center","background-size":"auto","background-attachment":"scroll","background-type":"","background-media":"","overlay-type":"","overlay-color":"","overlay-opacity":"","overlay-gradient":""},"mobile":{"background-color":"var(--ast-global-color-4)","background-image":"","background-repeat":"repeat","background-position":"center center","background-size":"auto","background-attachment":"scroll","background-type":"","background-media":"","overlay-type":"","overlay-color":"","overlay-opacity":"","overlay-gradient":""}}},"product_brand":[],"product_cat":[748],"product_tag":[763,764,765,766,767,768,769,750,252,253,751,752,753,754,755,756,757,758,759,770,760,761,762],"class_list":{"0":"post-1843","1":"product","2":"type-product","3":"status-publish","4":"has-post-thumbnail","6":"product_cat-weed-moonrock","7":"product_tag-blueberry","8":"product_tag-blueberry-moon-rocks","9":"product_tag-blueberry-moon-rocks-europe","10":"product_tag-blueberry-moon-rocks-for-sale","11":"product_tag-blueberry-moon-rocks-uk","12":"product_tag-blueberry-moonrocks","13":"product_tag-buy-blueberry-moon-rocks-online","14":"product_tag-delta-8-moon-rocks","15":"product_tag-how-to-make-moon-rocks","16":"product_tag-how-to-smoke-moon-rocks","17":"product_tag-is-moon-rock-weed","18":"product_tag-moon-rock","19":"product_tag-moon-rock-weed","20":"product_tag-moon-rocks","21":"product_tag-moon-rocks-for-sale","22":"product_tag-moon-rocks-marijuana","23":"product_tag-moon-rocks-near-me","24":"product_tag-moon-rocks-thc","25":"product_tag-moon-rocks-weed","26":"product_tag-moonrocks","27":"product_tag-purple-moon-rocks","28":"product_tag-weed-moon-rock","29":"product_tag-what-are-moon-rocks","30":"desktop-align-center","31":"tablet-align-left","32":"mobile-align-left","34":"first","35":"instock","36":"sale","37":"shipping-taxable","38":"purchasable","39":"product-type-simple"},"uagb_featured_image_src":{"full":["https:\/\/caliweedeurope.com\/wp-content\/uploads\/2024\/11\/Moon-Rock-Blueberry.webp",800,800,false],"thumbnail":["https:\/\/caliweedeurope.com\/wp-content\/uploads\/2024\/11\/Moon-Rock-Blueberry-150x150.webp",150,150,true],"medium":["https:\/\/caliweedeurope.com\/wp-content\/uploads\/2024\/11\/Moon-Rock-Blueberry-300x300.webp",300,300,true],"medium_large":["https:\/\/caliweedeurope.com\/wp-content\/uploads\/2024\/11\/Moon-Rock-Blueberry-768x768.webp",768,768,true],"large":["https:\/\/caliweedeurope.com\/wp-content\/uploads\/2024\/11\/Moon-Rock-Blueberry.webp",800,800,false],"1536x1536":["https:\/\/caliweedeurope.com\/wp-content\/uploads\/2024\/11\/Moon-Rock-Blueberry.webp",800,800,false],"2048x2048":["https:\/\/caliweedeurope.com\/wp-content\/uploads\/2024\/11\/Moon-Rock-Blueberry.webp",800,800,false],"trp-custom-language-flag":["https:\/\/caliweedeurope.com\/wp-content\/uploads\/2024\/11\/Moon-Rock-Blueberry.webp",12,12,false],"woocommerce_thumbnail":["https:\/\/caliweedeurope.com\/wp-content\/uploads\/2024\/11\/Moon-Rock-Blueberry-300x300.webp",300,300,true],"woocommerce_single":["https:\/\/caliweedeurope.com\/wp-content\/uploads\/2024\/11\/Moon-Rock-Blueberry-600x600.webp",600,600,true],"woocommerce_gallery_thumbnail":["https:\/\/caliweedeurope.com\/wp-content\/uploads\/2024\/11\/Moon-Rock-Blueberry-100x100.webp",100,100,true]},"uagb_author_info":{"display_name":"jetskiforsaleuk@gmail.com","author_link":"https:\/\/caliweedeurope.com\/pl\/author\/"},"uagb_comment_info":0,"uagb_excerpt":"Are you ready to blast off into a galaxy of flavor and blissful relaxation? Look no further than\u00a0our latest product: Blueberry moonrocks! These delectable nuggets are coated in kief and infused with THC for an out-of-this-world experience. Whether you\u2019re looking to chill out after a long day or launch yourself into the stratosphere, these little&hellip;","_links":{"self":[{"href":"https:\/\/caliweedeurope.com\/pl\/wp-json\/wp\/v2\/product\/1843"}],"collection":[{"href":"https:\/\/caliweedeurope.com\/pl\/wp-json\/wp\/v2\/product"}],"about":[{"href":"https:\/\/caliweedeurope.com\/pl\/wp-json\/wp\/v2\/types\/product"}],"replies":[{"embeddable":true,"href":"https:\/\/caliweedeurope.com\/pl\/wp-json\/wp\/v2\/comments?post=1843"}],"wp:featuredmedia":[{"embeddable":true,"href":"https:\/\/caliweedeurope.com\/pl\/wp-json\/wp\/v2\/media\/1848"}],"wp:attachment":[{"href":"https:\/\/caliweedeurope.com\/pl\/wp-json\/wp\/v2\/media?parent=1843"}],"wp:term":[{"taxonomy":"product_brand","embeddable":true,"href":"https:\/\/caliweedeurope.com\/pl\/wp-json\/wp\/v2\/product_brand?post=1843"},{"taxonomy":"product_cat","embeddable":true,"href":"https:\/\/caliweedeurope.com\/pl\/wp-json\/wp\/v2\/product_cat?post=1843"},{"taxonomy":"product_tag","embeddable":true,"href":"https:\/\/caliweedeurope.com\/pl\/wp-json\/wp\/v2\/product_tag?post=1843"}],"curies":[{"name":"wp","href":"https:\/\/api.w.org\/{rel}","templated":true}]}}