{"id":1844,"date":"2024-11-06T02:41:01","date_gmt":"2024-11-06T02:41:01","guid":{"rendered":"https:\/\/caliweedeurope.com\/?post_type=product&#038;p=1844"},"modified":"2024-11-06T02:41:09","modified_gmt":"2024-11-06T02:41:09","slug":"pina-colada-moon-rocks-30-gramow","status":"publish","type":"product","link":"https:\/\/caliweedeurope.com\/pl\/product\/pina-colada-moon-rocks-30-gramow\/","title":{"rendered":"Kup Pina Colada Moon Rocks 30 Gram\u00f3w"},"content":{"rendered":"<h2>Kup Pina Colada Moon Rocks 30 Gram\u00f3w<\/h2>\n<p>Ka\u017cde zam\u00f3wienie zawiera 1,1 grama Premium Pina Colada Moon Rocks \u2013 Sativa<\/p>\n<p>Sk\u0142ada si\u0119 z p\u0105ka Hybrid OG; obtoczonego w oleju Co2 i posypanego z\u0142otym keifem. Ca\u0142o\u015b\u0107: 1,1 GRAMA plus dodatkowy keif.<\/p>\n<p>Dla najlepszego smaku i dymu zaleca si\u0119 u\u017cycie miski do haszyszu lub fajki oraz unikanie rozdrabniania p\u0105ka w m\u0142ynku, poniewa\u017c w tym procesie stracisz wi\u0119kszo\u015b\u0107 keifu.<\/p>\n<p>Jedno z najmocniejszych, najd\u0142u\u017cej pal\u0105cych si\u0119, najbardziej aromatycznych i unikalnych do\u015bwiadcze\u0144 palenia, jakie mo\u017cna znale\u017a\u0107.<\/p>\n<p>Ciesz si\u0119 podr\u00f3\u017c\u0105 na Ksi\u0119\u017cyc i z powrotem!<\/p>\n<p>Nie dodano sztucznych terpen\u00f3w<\/p>","protected":false},"excerpt":{"rendered":"<p>Pina Colada Moon Rocks z rado\u015bci\u0105 oferuje swoj\u0105 lini\u0119 wysokiej jako\u015bci, sp\u00f3jnych produkt\u00f3w. Ich pysznie aromatyzowane Pina Colada Moon Rocks zapewniaj\u0105 niesamowit\u0105 eufori\u0119. Opracowali p\u0105ki marihuany pokryte koncentratem dla os\u00f3b, kt\u00f3re czuj\u0105 si\u0119 troch\u0119 lub ca\u0142kowicie poza orbit\u0105. Klienci, kt\u00f3rzy preferuj\u0105 mieszank\u0119 keifu, koncentrat\u00f3w i kwiat\u00f3w, aby z\u0142agodzi\u0107 swoje dolegliwo\u015bci, doceni\u0105 intensywn\u0105 eufori\u0119 i pyszne smaki oferowane przez Pina Colada Moon Rocks<\/p>","protected":false},"featured_media":1849,"comment_status":"closed","ping_status":"closed","template":"","meta":{"_uag_custom_page_level_css":"","site-sidebar-layout":"default","site-content-layout":"","ast-site-content-layout":"default","site-content-style":"default","site-sidebar-style":"default","ast-global-header-display":"","ast-banner-title-visibility":"","ast-main-header-display":"","ast-hfb-above-header-display":"","ast-hfb-below-header-display":"","ast-hfb-mobile-header-display":"","site-post-title":"","ast-breadcrumbs-content":"","ast-featured-img":"","footer-sml-layout":"","ast-disable-related-posts":"","theme-transparent-header-meta":"","adv-header-id-meta":"","stick-header-meta":"","header-above-stick-meta":"","header-main-stick-meta":"","header-below-stick-meta":"","astra-migrate-meta-layouts":"default","ast-page-background-enabled":"default","ast-page-background-meta":{"desktop":{"background-color":"var(--ast-global-color-5)","background-image":"","background-repeat":"repeat","background-position":"center center","background-size":"auto","background-attachment":"scroll","background-type":"","background-media":"","overlay-type":"","overlay-color":"","overlay-opacity":"","overlay-gradient":""},"tablet":{"background-color":"","background-image":"","background-repeat":"repeat","background-position":"center center","background-size":"auto","background-attachment":"scroll","background-type":"","background-media":"","overlay-type":"","overlay-color":"","overlay-opacity":"","overlay-gradient":""},"mobile":{"background-color":"","background-image":"","background-repeat":"repeat","background-position":"center center","background-size":"auto","background-attachment":"scroll","background-type":"","background-media":"","overlay-type":"","overlay-color":"","overlay-opacity":"","overlay-gradient":""}},"ast-content-background-meta":{"desktop":{"background-color":"var(--ast-global-color-4)","background-image":"","background-repeat":"repeat","background-position":"center center","background-size":"auto","background-attachment":"scroll","background-type":"","background-media":"","overlay-type":"","overlay-color":"","overlay-opacity":"","overlay-gradient":""},"tablet":{"background-color":"var(--ast-global-color-4)","background-image":"","background-repeat":"repeat","background-position":"center center","background-size":"auto","background-attachment":"scroll","background-type":"","background-media":"","overlay-type":"","overlay-color":"","overlay-opacity":"","overlay-gradient":""},"mobile":{"background-color":"var(--ast-global-color-4)","background-image":"","background-repeat":"repeat","background-position":"center center","background-size":"auto","background-attachment":"scroll","background-type":"","background-media":"","overlay-type":"","overlay-color":"","overlay-opacity":"","overlay-gradient":""}}},"product_brand":[],"product_cat":[748],"product_tag":[750,252,253,751,752,753,754,755,756,757,758,759,760,761,762],"class_list":{"0":"post-1844","1":"product","2":"type-product","3":"status-publish","4":"has-post-thumbnail","6":"product_cat-weed-moonrock","7":"product_tag-delta-8-moon-rocks","8":"product_tag-how-to-make-moon-rocks","9":"product_tag-how-to-smoke-moon-rocks","10":"product_tag-is-moon-rock-weed","11":"product_tag-moon-rock","12":"product_tag-moon-rock-weed","13":"product_tag-moon-rocks","14":"product_tag-moon-rocks-for-sale","15":"product_tag-moon-rocks-marijuana","16":"product_tag-moon-rocks-near-me","17":"product_tag-moon-rocks-thc","18":"product_tag-moon-rocks-weed","19":"product_tag-purple-moon-rocks","20":"product_tag-weed-moon-rock","21":"product_tag-what-are-moon-rocks","22":"desktop-align-center","23":"tablet-align-left","24":"mobile-align-left","26":"first","27":"instock","28":"sale","29":"shipping-taxable","30":"purchasable","31":"product-type-simple"},"uagb_featured_image_src":{"full":["https:\/\/caliweedeurope.com\/wp-content\/uploads\/2024\/11\/Moon-Rock-Pina-Colada.jpeg",600,600,false],"thumbnail":["https:\/\/caliweedeurope.com\/wp-content\/uploads\/2024\/11\/Moon-Rock-Pina-Colada-150x150.jpeg",150,150,true],"medium":["https:\/\/caliweedeurope.com\/wp-content\/uploads\/2024\/11\/Moon-Rock-Pina-Colada-300x300.jpeg",300,300,true],"medium_large":["https:\/\/caliweedeurope.com\/wp-content\/uploads\/2024\/11\/Moon-Rock-Pina-Colada.jpeg",600,600,false],"large":["https:\/\/caliweedeurope.com\/wp-content\/uploads\/2024\/11\/Moon-Rock-Pina-Colada.jpeg",600,600,false],"1536x1536":["https:\/\/caliweedeurope.com\/wp-content\/uploads\/2024\/11\/Moon-Rock-Pina-Colada.jpeg",600,600,false],"2048x2048":["https:\/\/caliweedeurope.com\/wp-content\/uploads\/2024\/11\/Moon-Rock-Pina-Colada.jpeg",600,600,false],"trp-custom-language-flag":["https:\/\/caliweedeurope.com\/wp-content\/uploads\/2024\/11\/Moon-Rock-Pina-Colada.jpeg",12,12,false],"woocommerce_thumbnail":["https:\/\/caliweedeurope.com\/wp-content\/uploads\/2024\/11\/Moon-Rock-Pina-Colada-300x300.jpeg",300,300,true],"woocommerce_single":["https:\/\/caliweedeurope.com\/wp-content\/uploads\/2024\/11\/Moon-Rock-Pina-Colada.jpeg",600,600,false],"woocommerce_gallery_thumbnail":["https:\/\/caliweedeurope.com\/wp-content\/uploads\/2024\/11\/Moon-Rock-Pina-Colada-100x100.jpeg",100,100,true]},"uagb_author_info":{"display_name":"jetskiforsaleuk@gmail.com","author_link":"https:\/\/caliweedeurope.com\/pl\/author\/"},"uagb_comment_info":0,"uagb_excerpt":"Pina Colada Moon Rocks is delighted to offer its line of high-quality, consistent products. Their deliciously flavored Pina Colada Moon Rocks produce otherworldly euphoria. They have developed concentrate covered marijuana buds for folks feeling a little or a lot out of orbit. Clients who prefer a concoction of keif, concentrates, and flowers to calm their&hellip;","_links":{"self":[{"href":"https:\/\/caliweedeurope.com\/pl\/wp-json\/wp\/v2\/product\/1844"}],"collection":[{"href":"https:\/\/caliweedeurope.com\/pl\/wp-json\/wp\/v2\/product"}],"about":[{"href":"https:\/\/caliweedeurope.com\/pl\/wp-json\/wp\/v2\/types\/product"}],"replies":[{"embeddable":true,"href":"https:\/\/caliweedeurope.com\/pl\/wp-json\/wp\/v2\/comments?post=1844"}],"wp:featuredmedia":[{"embeddable":true,"href":"https:\/\/caliweedeurope.com\/pl\/wp-json\/wp\/v2\/media\/1849"}],"wp:attachment":[{"href":"https:\/\/caliweedeurope.com\/pl\/wp-json\/wp\/v2\/media?parent=1844"}],"wp:term":[{"taxonomy":"product_brand","embeddable":true,"href":"https:\/\/caliweedeurope.com\/pl\/wp-json\/wp\/v2\/product_brand?post=1844"},{"taxonomy":"product_cat","embeddable":true,"href":"https:\/\/caliweedeurope.com\/pl\/wp-json\/wp\/v2\/product_cat?post=1844"},{"taxonomy":"product_tag","embeddable":true,"href":"https:\/\/caliweedeurope.com\/pl\/wp-json\/wp\/v2\/product_tag?post=1844"}],"curies":[{"name":"wp","href":"https:\/\/api.w.org\/{rel}","templated":true}]}}