{"id":1864,"date":"2024-11-06T04:49:02","date_gmt":"2024-11-06T04:49:02","guid":{"rendered":"https:\/\/caliweedeurope.com\/?post_type=product&#038;p=1864"},"modified":"2024-11-06T04:49:02","modified_gmt":"2024-11-06T04:49:02","slug":"animal-mintz-pound-na-sprzedaz-online-454-gramy","status":"publish","type":"product","link":"https:\/\/caliweedeurope.com\/pl\/product\/animal-mintz-pound-na-sprzedaz-online-454-gramy\/","title":{"rendered":"Animal Mintz funt na sprzeda\u017c online 454 gram\u00f3w"},"content":{"rendered":"<h1><strong>Animal Mintz Smalls Strain Funt Na Sprzeda\u017c Online<\/strong><\/h1>\n<p>W rozleg\u0142ym i kusz\u0105cym krajobrazie odmian konopi, odmiana Animal Mintz Smalls wy\u0142oni\u0142a si\u0119 jako kompaktowa, ale pe\u0142na smaku opcja dla entuzjast\u00f3w szukaj\u0105cych unikalnego i przyjemnego do\u015bwiadczenia. Dzi\u0119ki wygodzie platform internetowych, odkrywanie i nabywanie Animal Mintz Smalls sta\u0142o si\u0119 p\u0142ynny procesem, oferuj\u0105c mi\u0142o\u015bnikom konopi mo\u017cliwo\u015b\u0107 zanurzenia si\u0119 w urok tej odmiany w komfortowych warunkach ich dom\u00f3w.<\/p>\n<h2><strong>Odkrywanie odmiany Animal Mintz Smalls<\/strong><\/h2>\n<p>Zanim zanurzymy si\u0119 w rynku online, odkryjmy cechy, kt\u00f3re sprawiaj\u0105, \u017ce odmiana Animal Mintz Smalls wyr\u00f3\u017cnia si\u0119 na tle innych. Powsta\u0142a z unikalnej mieszanki Animal Cookies i SinMint Cookies, ta hybrydowa odmiana zyska\u0142a popularno\u015b\u0107 dzi\u0119ki swojej aromatycznej atrakcyjno\u015bci, pysznemu profilowi smakowemu oraz dobrze zbalansowanym efektom, wszystko zapakowane w mniejsz\u0105, wygodniejsz\u0105 form\u0119.<\/p>\n<p>Animal Mintz Smalls s\u0105 starannie uprawiane, aby oferowa\u0107 t\u0119 sam\u0105 harmonijn\u0105 kombinacj\u0119 genetyki indica i sativa, co ich wi\u0119ksze odpowiedniki. Ta r\u00f3wnowaga skutkuje po\u0142\u0105czeniem relaksu i euforii, co czyni je wszechstronnym wyborem dla r\u00f3\u017cnych preferencji. Zrozumienie unikalnych cech Animal Mintz Smalls stanowi podstaw\u0119 do \u015bwiadomego odkrywania tej fascynuj\u0105cej odmiany w praktycznym rozmiarze.<\/p>\n<h2><strong>Korzy\u015bci z Animal Mintz Smalls<\/strong><\/h2>\n<p>Opr\u00f3cz kompaktowego rozmiaru, Animal Mintz Smalls oferuj\u0105 szereg korzy\u015bci, kt\u00f3re przyczyniaj\u0105 si\u0119 do ich rosn\u0105cej popularno\u015bci. Dla tych, kt\u00f3rzy szukaj\u0105 \u0142agodnego i podnosz\u0105cego na duchu do\u015bwiadczenia, bez przyt\u0142aczaj\u0105cej sedacji, Animal Mintz Smalls oferuj\u0105 p\u0142ynne i przyjemne prze\u017cycie. Potencja\u0142 tej odmiany do wywo\u0142ania relaksu i inspiracji tw\u00f3rczej sprawia, \u017ce jest to wszechstronny wyb\u00f3r zar\u00f3wno dla u\u017cytkownik\u00f3w rekreacyjnych, jak i terapeutycznych.<\/p>","protected":false},"excerpt":{"rendered":"<p>Animal Mintz Smalls Strain pound For Sale Online In the vast and enticing landscape of cannabis strains, the Animal Mintz Smalls strain has emerged as a compact yet flavorful option for enthusiasts seeking a unique and enjoyable experience. Leveraging the convenience of online platforms, exploring and acquiring Animal Mintz Smalls has become a seamless process, [&hellip;]<\/p>","protected":false},"featured_media":1868,"comment_status":"open","ping_status":"closed","template":"","meta":{"_uag_custom_page_level_css":"","site-sidebar-layout":"default","site-content-layout":"","ast-site-content-layout":"default","site-content-style":"default","site-sidebar-style":"default","ast-global-header-display":"","ast-banner-title-visibility":"","ast-main-header-display":"","ast-hfb-above-header-display":"","ast-hfb-below-header-display":"","ast-hfb-mobile-header-display":"","site-post-title":"","ast-breadcrumbs-content":"","ast-featured-img":"","footer-sml-layout":"","theme-transparent-header-meta":"default","adv-header-id-meta":"","stick-header-meta":"","header-above-stick-meta":"","header-main-stick-meta":"","header-below-stick-meta":"","astra-migrate-meta-layouts":"set","ast-page-background-enabled":"default","ast-page-background-meta":{"desktop":{"background-color":"var(--ast-global-color-4)","background-image":"","background-repeat":"repeat","background-position":"center center","background-size":"auto","background-attachment":"scroll","background-type":"","background-media":"","overlay-type":"","overlay-color":"","overlay-opacity":"","overlay-gradient":""},"tablet":{"background-color":"","background-image":"","background-repeat":"repeat","background-position":"center center","background-size":"auto","background-attachment":"scroll","background-type":"","background-media":"","overlay-type":"","overlay-color":"","overlay-opacity":"","overlay-gradient":""},"mobile":{"background-color":"","background-image":"","background-repeat":"repeat","background-position":"center center","background-size":"auto","background-attachment":"scroll","background-type":"","background-media":"","overlay-type":"","overlay-color":"","overlay-opacity":"","overlay-gradient":""}},"ast-content-background-meta":{"desktop":{"background-color":"var(--ast-global-color-5)","background-image":"","background-repeat":"repeat","background-position":"center center","background-size":"auto","background-attachment":"scroll","background-type":"","background-media":"","overlay-type":"","overlay-color":"","overlay-opacity":"","overlay-gradient":""},"tablet":{"background-color":"var(--ast-global-color-5)","background-image":"","background-repeat":"repeat","background-position":"center center","background-size":"auto","background-attachment":"scroll","background-type":"","background-media":"","overlay-type":"","overlay-color":"","overlay-opacity":"","overlay-gradient":""},"mobile":{"background-color":"var(--ast-global-color-5)","background-image":"","background-repeat":"repeat","background-position":"center center","background-size":"auto","background-attachment":"scroll","background-type":"","background-media":"","overlay-type":"","overlay-color":"","overlay-opacity":"","overlay-gradient":""}}},"product_brand":[],"product_cat":[28],"product_tag":[],"class_list":{"0":"post-1864","1":"product","2":"type-product","3":"status-publish","4":"has-post-thumbnail","6":"product_cat-buy-weed-pounds","7":"desktop-align-center","8":"tablet-align-left","9":"mobile-align-left","11":"first","12":"instock","13":"sale","14":"shipping-taxable","15":"purchasable","16":"product-type-simple"},"uagb_featured_image_src":{"full":["https:\/\/caliweedeurope.com\/wp-content\/uploads\/2024\/11\/pound-Animal-Mintz-Smalls-strain-600x800-1.jpg",600,800,false],"thumbnail":["https:\/\/caliweedeurope.com\/wp-content\/uploads\/2024\/11\/pound-Animal-Mintz-Smalls-strain-600x800-1-150x150.jpg",150,150,true],"medium":["https:\/\/caliweedeurope.com\/wp-content\/uploads\/2024\/11\/pound-Animal-Mintz-Smalls-strain-600x800-1-225x300.jpg",225,300,true],"medium_large":["https:\/\/caliweedeurope.com\/wp-content\/uploads\/2024\/11\/pound-Animal-Mintz-Smalls-strain-600x800-1.jpg",600,800,false],"large":["https:\/\/caliweedeurope.com\/wp-content\/uploads\/2024\/11\/pound-Animal-Mintz-Smalls-strain-600x800-1.jpg",600,800,false],"1536x1536":["https:\/\/caliweedeurope.com\/wp-content\/uploads\/2024\/11\/pound-Animal-Mintz-Smalls-strain-600x800-1.jpg",600,800,false],"2048x2048":["https:\/\/caliweedeurope.com\/wp-content\/uploads\/2024\/11\/pound-Animal-Mintz-Smalls-strain-600x800-1.jpg",600,800,false],"trp-custom-language-flag":["https:\/\/caliweedeurope.com\/wp-content\/uploads\/2024\/11\/pound-Animal-Mintz-Smalls-strain-600x800-1.jpg",9,12,false],"woocommerce_thumbnail":["https:\/\/caliweedeurope.com\/wp-content\/uploads\/2024\/11\/pound-Animal-Mintz-Smalls-strain-600x800-1-300x300.jpg",300,300,true],"woocommerce_single":["https:\/\/caliweedeurope.com\/wp-content\/uploads\/2024\/11\/pound-Animal-Mintz-Smalls-strain-600x800-1.jpg",600,800,false],"woocommerce_gallery_thumbnail":["https:\/\/caliweedeurope.com\/wp-content\/uploads\/2024\/11\/pound-Animal-Mintz-Smalls-strain-600x800-1-100x100.jpg",100,100,true]},"uagb_author_info":{"display_name":"jetskiforsaleuk@gmail.com","author_link":"https:\/\/caliweedeurope.com\/pl\/author\/"},"uagb_comment_info":0,"uagb_excerpt":"Animal Mintz Smalls Strain pound For Sale Online In the vast and enticing landscape of cannabis strains, the Animal Mintz Smalls strain has emerged as a compact yet flavorful option for enthusiasts seeking a unique and enjoyable experience. Leveraging the convenience of online platforms, exploring and acquiring Animal Mintz Smalls has become a seamless process,&hellip;","_links":{"self":[{"href":"https:\/\/caliweedeurope.com\/pl\/wp-json\/wp\/v2\/product\/1864"}],"collection":[{"href":"https:\/\/caliweedeurope.com\/pl\/wp-json\/wp\/v2\/product"}],"about":[{"href":"https:\/\/caliweedeurope.com\/pl\/wp-json\/wp\/v2\/types\/product"}],"replies":[{"embeddable":true,"href":"https:\/\/caliweedeurope.com\/pl\/wp-json\/wp\/v2\/comments?post=1864"}],"wp:featuredmedia":[{"embeddable":true,"href":"https:\/\/caliweedeurope.com\/pl\/wp-json\/wp\/v2\/media\/1868"}],"wp:attachment":[{"href":"https:\/\/caliweedeurope.com\/pl\/wp-json\/wp\/v2\/media?parent=1864"}],"wp:term":[{"taxonomy":"product_brand","embeddable":true,"href":"https:\/\/caliweedeurope.com\/pl\/wp-json\/wp\/v2\/product_brand?post=1864"},{"taxonomy":"product_cat","embeddable":true,"href":"https:\/\/caliweedeurope.com\/pl\/wp-json\/wp\/v2\/product_cat?post=1864"},{"taxonomy":"product_tag","embeddable":true,"href":"https:\/\/caliweedeurope.com\/pl\/wp-json\/wp\/v2\/product_tag?post=1864"}],"curies":[{"name":"wp","href":"https:\/\/api.w.org\/{rel}","templated":true}]}}