{"id":1865,"date":"2024-11-06T04:42:54","date_gmt":"2024-11-06T04:42:54","guid":{"rendered":"https:\/\/caliweedeurope.com\/?post_type=product&#038;p=1865"},"modified":"2024-11-06T04:42:54","modified_gmt":"2024-11-06T04:42:54","slug":"buy-pound-cereal-milk-smalls-strain-454-gramy","status":"publish","type":"product","link":"https:\/\/caliweedeurope.com\/pl\/product\/buy-pound-cereal-milk-smalls-strain-454-gramy\/","title":{"rendered":"Kup funt odmiany Cereal Milk Smalls 454 gramy"},"content":{"rendered":"<p>Odmiana Cereal Milk Smalls oferuje unikaln\u0105 fuzj\u0119 smaku i efekt\u00f3w, co czyni j\u0105 kusz\u0105cym wyborem dla mi\u0142o\u015bnik\u00f3w konopi. Z pysznymi s\u0142odkimi i mlecznymi nutami, ta odmiana zapewnia aromatyczne i smakowite do\u015bwiadczenie. Oferuje wywa\u017con\u0105 kombinacj\u0119 relaksu i mentalnego uniesienia, spe\u0142niaj\u0105c r\u00f3\u017cnorodne preferencje. Cereal Milk Smalls ma tak\u017ce potencjalne korzy\u015bci medyczne, oferuj\u0105c \u0142agodn\u0105 ulg\u0119 od stresu, l\u0119ku i \u0142agodnych b\u00f3l\u00f3w.<\/p>\n<h1><strong>Odkryj smakowite Cereal Milk Smalls: Wygodnie dost\u0119pne online<\/strong><\/h1>\n<p>Rozpocznij przyjemn\u0105 podr\u00f3\u017c z Cereal Milk Smalls, odmian\u0105, kt\u00f3ra obiecuje unikaln\u0105 fuzj\u0119 smaku i efekt\u00f3w. Ten szczeg\u00f3\u0142owy przewodnik to twoja przepustka do odkrywania charakterystycznych cech, efekt\u00f3w i wygody zakupu odmiany Cereal Milk Smalls online. Niezale\u017cnie od tego, czy jeste\u015b do\u015bwiadczonym mi\u0142o\u015bnikiem konopi, czy ciekawym odkrywc\u0105, przygotuj si\u0119 na zanurzenie w smakowitym \u015bwiecie Cereal Milk Smalls.<\/p>\n<h2><strong>Pochodzenie odmiany Cereal Milk Smalls<\/strong><\/h2>\n<p>Odkryj pochodzenie odmiany Cereal Milk Smalls, zg\u0142\u0119biaj\u0105c techniki uprawy, kt\u00f3re przyczyniaj\u0105 si\u0119 do jej unikalnych cech. Uzyskaj wgl\u0105d w proces wzrostu, kt\u00f3ry sprawia, \u017ce Cereal Milk Smalls jest fascynuj\u0105cym wyborem dla tych, kt\u00f3rzy szukaj\u0105 doskona\u0142ej r\u00f3wnowagi mi\u0119dzy relaksem a eufori\u0105 w swoim do\u015bwiadczeniu z konopiami.<\/p>\n<h2><strong>Ekstrawagancja aromat\u00f3w i smak\u00f3w<\/strong><\/h2>\n<p>Zanurz si\u0119 w ekstrawagancji aromat\u00f3w i smak\u00f3w z Cereal Milk Smalls, charakteryzuj\u0105cej si\u0119 pyszn\u0105 mieszank\u0105 s\u0142odkich i mlecznych ton\u00f3w. Odkryj sensoryczn\u0105 podr\u00f3\u017c, kt\u00f3ra sprawia, \u017ce Cereal Milk Smalls to naprawd\u0119 przyjemne do\u015bwiadczenie dla mi\u0142o\u015bnik\u00f3w konopi.<\/p>","protected":false},"excerpt":{"rendered":"<p>Cereal Milk Smalls strain offers a unique fusion of taste and effects, making it an enticing choice for cannabis enthusiasts. With delightful sweet and milky undertones, this strain provides an aromatic and flavorful experience. It delivers a balanced combination of relaxation and mental elevation, catering to a diverse range of preferences. Cereal Milk Smalls also [&hellip;]<\/p>","protected":false},"featured_media":1866,"comment_status":"open","ping_status":"closed","template":"","meta":{"_uag_custom_page_level_css":"","site-sidebar-layout":"default","site-content-layout":"","ast-site-content-layout":"default","site-content-style":"default","site-sidebar-style":"default","ast-global-header-display":"","ast-banner-title-visibility":"","ast-main-header-display":"","ast-hfb-above-header-display":"","ast-hfb-below-header-display":"","ast-hfb-mobile-header-display":"","site-post-title":"","ast-breadcrumbs-content":"","ast-featured-img":"","footer-sml-layout":"","ast-disable-related-posts":"","theme-transparent-header-meta":"default","adv-header-id-meta":"","stick-header-meta":"","header-above-stick-meta":"","header-main-stick-meta":"","header-below-stick-meta":"","astra-migrate-meta-layouts":"set","ast-page-background-enabled":"default","ast-page-background-meta":{"desktop":{"background-color":"var(--ast-global-color-5)","background-image":"","background-repeat":"repeat","background-position":"center center","background-size":"auto","background-attachment":"scroll","background-type":"","background-media":"","overlay-type":"","overlay-color":"","overlay-opacity":"","overlay-gradient":""},"tablet":{"background-color":"","background-image":"","background-repeat":"repeat","background-position":"center center","background-size":"auto","background-attachment":"scroll","background-type":"","background-media":"","overlay-type":"","overlay-color":"","overlay-opacity":"","overlay-gradient":""},"mobile":{"background-color":"","background-image":"","background-repeat":"repeat","background-position":"center center","background-size":"auto","background-attachment":"scroll","background-type":"","background-media":"","overlay-type":"","overlay-color":"","overlay-opacity":"","overlay-gradient":""}},"ast-content-background-meta":{"desktop":{"background-color":"var(--ast-global-color-4)","background-image":"","background-repeat":"repeat","background-position":"center center","background-size":"auto","background-attachment":"scroll","background-type":"","background-media":"","overlay-type":"","overlay-color":"","overlay-opacity":"","overlay-gradient":""},"tablet":{"background-color":"var(--ast-global-color-4)","background-image":"","background-repeat":"repeat","background-position":"center center","background-size":"auto","background-attachment":"scroll","background-type":"","background-media":"","overlay-type":"","overlay-color":"","overlay-opacity":"","overlay-gradient":""},"mobile":{"background-color":"var(--ast-global-color-4)","background-image":"","background-repeat":"repeat","background-position":"center center","background-size":"auto","background-attachment":"scroll","background-type":"","background-media":"","overlay-type":"","overlay-color":"","overlay-opacity":"","overlay-gradient":""}}},"product_brand":[],"product_cat":[28],"product_tag":[],"class_list":{"0":"post-1865","1":"product","2":"type-product","3":"status-publish","4":"has-post-thumbnail","6":"product_cat-buy-weed-pounds","7":"desktop-align-center","8":"tablet-align-left","9":"mobile-align-left","11":"first","12":"instock","13":"sale","14":"shipping-taxable","15":"purchasable","16":"product-type-simple"},"uagb_featured_image_src":{"full":["https:\/\/caliweedeurope.com\/wp-content\/uploads\/2024\/11\/Cereal-Milk-Smalls-strain-600x800-1.jpg",600,800,false],"thumbnail":["https:\/\/caliweedeurope.com\/wp-content\/uploads\/2024\/11\/Cereal-Milk-Smalls-strain-600x800-1-150x150.jpg",150,150,true],"medium":["https:\/\/caliweedeurope.com\/wp-content\/uploads\/2024\/11\/Cereal-Milk-Smalls-strain-600x800-1-225x300.jpg",225,300,true],"medium_large":["https:\/\/caliweedeurope.com\/wp-content\/uploads\/2024\/11\/Cereal-Milk-Smalls-strain-600x800-1.jpg",600,800,false],"large":["https:\/\/caliweedeurope.com\/wp-content\/uploads\/2024\/11\/Cereal-Milk-Smalls-strain-600x800-1.jpg",600,800,false],"1536x1536":["https:\/\/caliweedeurope.com\/wp-content\/uploads\/2024\/11\/Cereal-Milk-Smalls-strain-600x800-1.jpg",600,800,false],"2048x2048":["https:\/\/caliweedeurope.com\/wp-content\/uploads\/2024\/11\/Cereal-Milk-Smalls-strain-600x800-1.jpg",600,800,false],"trp-custom-language-flag":["https:\/\/caliweedeurope.com\/wp-content\/uploads\/2024\/11\/Cereal-Milk-Smalls-strain-600x800-1.jpg",9,12,false],"woocommerce_thumbnail":["https:\/\/caliweedeurope.com\/wp-content\/uploads\/2024\/11\/Cereal-Milk-Smalls-strain-600x800-1-300x300.jpg",300,300,true],"woocommerce_single":["https:\/\/caliweedeurope.com\/wp-content\/uploads\/2024\/11\/Cereal-Milk-Smalls-strain-600x800-1.jpg",600,800,false],"woocommerce_gallery_thumbnail":["https:\/\/caliweedeurope.com\/wp-content\/uploads\/2024\/11\/Cereal-Milk-Smalls-strain-600x800-1-100x100.jpg",100,100,true]},"uagb_author_info":{"display_name":"jetskiforsaleuk@gmail.com","author_link":"https:\/\/caliweedeurope.com\/pl\/author\/"},"uagb_comment_info":0,"uagb_excerpt":"Cereal Milk Smalls strain offers a unique fusion of taste and effects, making it an enticing choice for cannabis enthusiasts. With delightful sweet and milky undertones, this strain provides an aromatic and flavorful experience. It delivers a balanced combination of relaxation and mental elevation, catering to a diverse range of preferences. Cereal Milk Smalls also&hellip;","_links":{"self":[{"href":"https:\/\/caliweedeurope.com\/pl\/wp-json\/wp\/v2\/product\/1865"}],"collection":[{"href":"https:\/\/caliweedeurope.com\/pl\/wp-json\/wp\/v2\/product"}],"about":[{"href":"https:\/\/caliweedeurope.com\/pl\/wp-json\/wp\/v2\/types\/product"}],"replies":[{"embeddable":true,"href":"https:\/\/caliweedeurope.com\/pl\/wp-json\/wp\/v2\/comments?post=1865"}],"wp:featuredmedia":[{"embeddable":true,"href":"https:\/\/caliweedeurope.com\/pl\/wp-json\/wp\/v2\/media\/1866"}],"wp:attachment":[{"href":"https:\/\/caliweedeurope.com\/pl\/wp-json\/wp\/v2\/media?parent=1865"}],"wp:term":[{"taxonomy":"product_brand","embeddable":true,"href":"https:\/\/caliweedeurope.com\/pl\/wp-json\/wp\/v2\/product_brand?post=1865"},{"taxonomy":"product_cat","embeddable":true,"href":"https:\/\/caliweedeurope.com\/pl\/wp-json\/wp\/v2\/product_cat?post=1865"},{"taxonomy":"product_tag","embeddable":true,"href":"https:\/\/caliweedeurope.com\/pl\/wp-json\/wp\/v2\/product_tag?post=1865"}],"curies":[{"name":"wp","href":"https:\/\/api.w.org\/{rel}","templated":true}]}}