{"id":1872,"date":"2024-11-06T04:58:50","date_gmt":"2024-11-06T04:58:50","guid":{"rendered":"https:\/\/caliweedeurope.com\/?post_type=product&#038;p=1872"},"modified":"2024-11-06T04:58:50","modified_gmt":"2024-11-06T04:58:50","slug":"buy-one-pound-apples-banana-smalls-strain-454-gramy","status":"publish","type":"product","link":"https:\/\/caliweedeurope.com\/pl\/product\/buy-one-pound-apples-banana-smalls-strain-454-gramy\/","title":{"rendered":"Kup jeden funt odmiany Apples Banana Smalls 454 gramy"},"content":{"rendered":"<h1><strong>Apples &amp; Banana Smalls Strain Na Sprzeda\u017c Online<\/strong><\/h1>\n<p>W zr\u00f3\u017cnicowanym krajobrazie odmian konopi, odmiana Apples &amp; Banana Smalls sta\u0142a si\u0119 smakowit\u0105 i intryguj\u0105c\u0105 opcj\u0105 dla entuzjast\u00f3w szukaj\u0105cych wyj\u0105tkowego i przyjemnego do\u015bwiadczenia. Dzi\u0119ki wygodzie platform internetowych, odkrywanie i nabywanie Apples &amp; Banana Smalls sta\u0142o si\u0119 p\u0142ynny procesem, oferuj\u0105c koneserom konopi mo\u017cliwo\u015b\u0107 zanurzenia si\u0119 w urok tej wyj\u0105tkowej odmiany z komfortu ich dom\u00f3w.<\/p>\n<h2><strong>Rozwi\u0105zywanie zagadki odmiany Apples &amp; Banana Smalls<\/strong><\/h2>\n<p>Zanim wkroczymy na rynek online, odkryjmy cechy, kt\u00f3re sprawiaj\u0105, \u017ce odmiana Apples &amp; Banana Smalls wyr\u00f3\u017cnia si\u0119 na tle innych. Doceniana za unikalne po\u0142\u0105czenie owocowych i s\u0142odkich nut, ta odmiana zdoby\u0142a popularno\u015b\u0107 dzi\u0119ki swojemu aromatycznemu urokowi i dobrze zr\u00f3wnowa\u017conym efektom.<\/p>\n<p>Apples &amp; Banana Smalls, hybrydowa odmiana, zosta\u0142a stworzona, aby zaoferowa\u0107 harmonijn\u0105 mieszank\u0119 genetyki indica i sativa. Ta r\u00f3wnowaga skutkuje przyjemn\u0105 kombinacj\u0105 relaksu i euforii, co sprawia, \u017ce jest to wszechstronny wyb\u00f3r dla r\u00f3\u017cnych preferencji. Zrozumienie unikalnych cech Apples &amp; Banana Smalls stanowi podstaw\u0119 do \u015bwiadomego zg\u0142\u0119biania tej fascynuj\u0105cej odmiany.<\/p>\n<h2><strong>Korzy\u015bci z Apples &amp; Banana Smalls<\/strong><\/h2>\n<p>Poza wyj\u0105tkowym profilem smakowym, Apples &amp; Banana Smalls oferuje szereg korzy\u015bci, kt\u00f3re przyczyniaj\u0105 si\u0119 do jego rosn\u0105cej popularno\u015bci. Dla os\u00f3b szukaj\u0105cych \u0142agodnego i podnosz\u0105cego na duchu do\u015bwiadczenia bez przyt\u0142aczaj\u0105cej sedacji, Apples &amp; Banana Smalls zapewnia g\u0142adk\u0105 i przyjemn\u0105 podr\u00f3\u017c. Potencja\u0142 tej odmiany do wywo\u0142ywania relaksu i kreatywnej inspiracji sprawia, \u017ce jest to wszechstronny wyb\u00f3r zar\u00f3wno dla u\u017cytkownik\u00f3w rekreacyjnych, jak i terapeutycznych.<\/p>","protected":false},"excerpt":{"rendered":"<p>Apples &amp; Banana Smalls Strain For Sale Online In the diverse landscape of cannabis strains, the Apples &amp; Banana Smalls strain has emerged as a flavorful and intriguing option for enthusiasts seeking a unique and enjoyable experience. With the convenience of online platforms, exploring and acquiring Apples &amp; Banana Smalls has become a seamless process, [&hellip;]<\/p>","protected":false},"featured_media":1870,"comment_status":"open","ping_status":"closed","template":"","meta":{"_uag_custom_page_level_css":"","site-sidebar-layout":"default","site-content-layout":"","ast-site-content-layout":"default","site-content-style":"default","site-sidebar-style":"default","ast-global-header-display":"","ast-banner-title-visibility":"","ast-main-header-display":"","ast-hfb-above-header-display":"","ast-hfb-below-header-display":"","ast-hfb-mobile-header-display":"","site-post-title":"","ast-breadcrumbs-content":"","ast-featured-img":"","footer-sml-layout":"","ast-disable-related-posts":"","theme-transparent-header-meta":"default","adv-header-id-meta":"","stick-header-meta":"","header-above-stick-meta":"","header-main-stick-meta":"","header-below-stick-meta":"","astra-migrate-meta-layouts":"set","ast-page-background-enabled":"default","ast-page-background-meta":{"desktop":{"background-color":"var(--ast-global-color-5)","background-image":"","background-repeat":"repeat","background-position":"center center","background-size":"auto","background-attachment":"scroll","background-type":"","background-media":"","overlay-type":"","overlay-color":"","overlay-opacity":"","overlay-gradient":""},"tablet":{"background-color":"","background-image":"","background-repeat":"repeat","background-position":"center center","background-size":"auto","background-attachment":"scroll","background-type":"","background-media":"","overlay-type":"","overlay-color":"","overlay-opacity":"","overlay-gradient":""},"mobile":{"background-color":"","background-image":"","background-repeat":"repeat","background-position":"center center","background-size":"auto","background-attachment":"scroll","background-type":"","background-media":"","overlay-type":"","overlay-color":"","overlay-opacity":"","overlay-gradient":""}},"ast-content-background-meta":{"desktop":{"background-color":"var(--ast-global-color-4)","background-image":"","background-repeat":"repeat","background-position":"center center","background-size":"auto","background-attachment":"scroll","background-type":"","background-media":"","overlay-type":"","overlay-color":"","overlay-opacity":"","overlay-gradient":""},"tablet":{"background-color":"var(--ast-global-color-4)","background-image":"","background-repeat":"repeat","background-position":"center center","background-size":"auto","background-attachment":"scroll","background-type":"","background-media":"","overlay-type":"","overlay-color":"","overlay-opacity":"","overlay-gradient":""},"mobile":{"background-color":"var(--ast-global-color-4)","background-image":"","background-repeat":"repeat","background-position":"center center","background-size":"auto","background-attachment":"scroll","background-type":"","background-media":"","overlay-type":"","overlay-color":"","overlay-opacity":"","overlay-gradient":""}}},"product_brand":[],"product_cat":[28],"product_tag":[],"class_list":{"0":"post-1872","1":"product","2":"type-product","3":"status-publish","4":"has-post-thumbnail","6":"product_cat-buy-weed-pounds","7":"desktop-align-center","8":"tablet-align-left","9":"mobile-align-left","11":"first","12":"instock","13":"sale","14":"shipping-taxable","15":"purchasable","16":"product-type-simple"},"uagb_featured_image_src":{"full":["https:\/\/caliweedeurope.com\/wp-content\/uploads\/2024\/11\/POUND-Apples-Banana-Smalls-strain-600x800-1.jpg",600,800,false],"thumbnail":["https:\/\/caliweedeurope.com\/wp-content\/uploads\/2024\/11\/POUND-Apples-Banana-Smalls-strain-600x800-1-150x150.jpg",150,150,true],"medium":["https:\/\/caliweedeurope.com\/wp-content\/uploads\/2024\/11\/POUND-Apples-Banana-Smalls-strain-600x800-1-225x300.jpg",225,300,true],"medium_large":["https:\/\/caliweedeurope.com\/wp-content\/uploads\/2024\/11\/POUND-Apples-Banana-Smalls-strain-600x800-1.jpg",600,800,false],"large":["https:\/\/caliweedeurope.com\/wp-content\/uploads\/2024\/11\/POUND-Apples-Banana-Smalls-strain-600x800-1.jpg",600,800,false],"1536x1536":["https:\/\/caliweedeurope.com\/wp-content\/uploads\/2024\/11\/POUND-Apples-Banana-Smalls-strain-600x800-1.jpg",600,800,false],"2048x2048":["https:\/\/caliweedeurope.com\/wp-content\/uploads\/2024\/11\/POUND-Apples-Banana-Smalls-strain-600x800-1.jpg",600,800,false],"trp-custom-language-flag":["https:\/\/caliweedeurope.com\/wp-content\/uploads\/2024\/11\/POUND-Apples-Banana-Smalls-strain-600x800-1.jpg",9,12,false],"woocommerce_thumbnail":["https:\/\/caliweedeurope.com\/wp-content\/uploads\/2024\/11\/POUND-Apples-Banana-Smalls-strain-600x800-1-300x300.jpg",300,300,true],"woocommerce_single":["https:\/\/caliweedeurope.com\/wp-content\/uploads\/2024\/11\/POUND-Apples-Banana-Smalls-strain-600x800-1.jpg",600,800,false],"woocommerce_gallery_thumbnail":["https:\/\/caliweedeurope.com\/wp-content\/uploads\/2024\/11\/POUND-Apples-Banana-Smalls-strain-600x800-1-100x100.jpg",100,100,true]},"uagb_author_info":{"display_name":"jetskiforsaleuk@gmail.com","author_link":"https:\/\/caliweedeurope.com\/pl\/author\/"},"uagb_comment_info":0,"uagb_excerpt":"Apples &amp; Banana Smalls Strain For Sale Online In the diverse landscape of cannabis strains, the Apples &amp; Banana Smalls strain has emerged as a flavorful and intriguing option for enthusiasts seeking a unique and enjoyable experience. With the convenience of online platforms, exploring and acquiring Apples &amp; Banana Smalls has become a seamless process,&hellip;","_links":{"self":[{"href":"https:\/\/caliweedeurope.com\/pl\/wp-json\/wp\/v2\/product\/1872"}],"collection":[{"href":"https:\/\/caliweedeurope.com\/pl\/wp-json\/wp\/v2\/product"}],"about":[{"href":"https:\/\/caliweedeurope.com\/pl\/wp-json\/wp\/v2\/types\/product"}],"replies":[{"embeddable":true,"href":"https:\/\/caliweedeurope.com\/pl\/wp-json\/wp\/v2\/comments?post=1872"}],"wp:featuredmedia":[{"embeddable":true,"href":"https:\/\/caliweedeurope.com\/pl\/wp-json\/wp\/v2\/media\/1870"}],"wp:attachment":[{"href":"https:\/\/caliweedeurope.com\/pl\/wp-json\/wp\/v2\/media?parent=1872"}],"wp:term":[{"taxonomy":"product_brand","embeddable":true,"href":"https:\/\/caliweedeurope.com\/pl\/wp-json\/wp\/v2\/product_brand?post=1872"},{"taxonomy":"product_cat","embeddable":true,"href":"https:\/\/caliweedeurope.com\/pl\/wp-json\/wp\/v2\/product_cat?post=1872"},{"taxonomy":"product_tag","embeddable":true,"href":"https:\/\/caliweedeurope.com\/pl\/wp-json\/wp\/v2\/product_tag?post=1872"}],"curies":[{"name":"wp","href":"https:\/\/api.w.org\/{rel}","templated":true}]}}