{"id":1879,"date":"2024-11-06T05:12:38","date_gmt":"2024-11-06T05:12:38","guid":{"rendered":"https:\/\/caliweedeurope.com\/?post_type=product&#038;p=1879"},"modified":"2024-11-06T05:12:38","modified_gmt":"2024-11-06T05:12:38","slug":"blue-nerdz-pound-of-weed-for-sale-454-grams","status":"publish","type":"product","link":"https:\/\/caliweedeurope.com\/pl\/product\/blue-nerdz-pound-of-weed-for-sale-454-grams\/","title":{"rendered":"Blue Nerdz funt marihuany na sprzeda\u017c 454 gramy"},"content":{"rendered":"<h1><strong>Delektuj si\u0119 subteln\u0105 s\u0142odycz\u0105 odmiany Blue Nerdz Smalls: Dost\u0119pna online<\/strong><\/h1>\n<p>Wyrusz w podr\u00f3\u017c do \u015bwiata odmian konopi z czaruj\u0105c\u0105 odmian\u0105 Blue Nerdz Smalls. Ten przewodnik to twoja brama do odkrywania unikalnych cech, efekt\u00f3w i prostego procesu zakupu Blue Nerdz Smalls online. Niezale\u017cnie od tego, czy jeste\u015b do\u015bwiadczonym mi\u0142o\u015bnikiem konopi, czy ciekawym odkrywc\u0105, przygotuj si\u0119 na zanurzenie w subtelnej s\u0142odyczy Blue Nerdz Smalls.<\/p>\n<h2><strong>Pochodzenie odmiany Blue Nerdz Smalls<\/strong><\/h2>\n<p>Odkryj pochodzenie odmiany Blue Nerdz Smalls, ods\u0142aniaj\u0105c techniki uprawy, kt\u00f3re przyczyniaj\u0105 si\u0119 do jej wyj\u0105tkowych cech. Zg\u0142\u0119biaj proces wzrostu, kt\u00f3ry sprawia, \u017ce Blue Nerdz Smalls jest doskona\u0142ym wyborem dla os\u00f3b szukaj\u0105cych smacznego i \u0142agodnego do\u015bwiadczenia z konopiami.<\/p>\n<h2><strong>Harmonia aromatu i smaku<\/strong><\/h2>\n<p>Zanurz si\u0119 w harmonii aromatu i smaku z Blue Nerdz Smalls, charakteryzuj\u0105cym si\u0119 pyszn\u0105 mieszank\u0105 s\u0142odyczy i subtelnej owocowo\u015bci. Odkryj podr\u00f3\u017c sensoryczn\u0105, kt\u00f3ra sprawia, \u017ce Blue Nerdz Smalls to naprawd\u0119 przyjemne do\u015bwiadczenie dla mi\u0142o\u015bnik\u00f3w konopi.<\/p>\n<h2><strong>Efekty dla relaksuj\u0105cej podr\u00f3\u017cy.<\/strong><\/h2>\n<p>Do\u015bwiadcz efekt\u00f3w, kt\u00f3re zapewniaj\u0105 relaksuj\u0105c\u0105 podr\u00f3\u017c z Blue Nerdz Smalls, oferuj\u0105c wywa\u017con\u0105 kombinacj\u0119 spokoju i euforii. Starannie dobrana zawarto\u015b\u0107 THC zapewnia satysfakcjonuj\u0105ce do\u015bwiadczenie, dostosowane do r\u00f3\u017cnych preferencji, oferuj\u0105c niezapomnian\u0105 i \u0142agodn\u0105 przygod\u0119.<\/p>\n<h2><strong>Rzemios\u0142o uprawy<\/strong><\/h2>\n<p>Zg\u0142\u0119biaj kunszt zwi\u0105zany z upraw\u0105 Blue Nerdz Smalls. Od specyficznych warunk\u00f3w uprawy po starann\u0105 piel\u0119gnacj\u0119, poznaj proces uprawy, kt\u00f3ry pozwala tej unikalnej odmianie w pe\u0142ni rozkwitn\u0105\u0107, zapewniaj\u0105c smakowite doznania, kt\u00f3re urzekaj\u0105 zmys\u0142y.<\/p>\n<h2><strong>Potencja\u0142 leczniczy dla spokoju<\/strong><\/h2>\n<p>Poza rekreacyjnym apelem, m\u00f3wi si\u0119, \u017ce Blue Nerdz Smalls oferuje potencjalne korzy\u015bci medyczne. U\u017cytkownicy mog\u0105 znale\u017a\u0107 spok\u00f3j i ulg\u0119 od stresu, co czyni go wszechstronnym wyborem dla tych, kt\u00f3rzy szukaj\u0105 relaksu za pomoc\u0105 konopi.<\/p>","protected":false},"excerpt":{"rendered":"<p>Delight in the Subtle Sweetness of Blue Nerdz Smalls Strain: Available Online Embark on a journey into the realm of cannabis strains with the enchanting Blue Nerdz Smalls strain. This guide is your gateway to uncovering the unique features, effects, and the seamless process of acquiring Blue Nerdz Smalls strain online. Whether you\u2019re a seasoned [&hellip;]<\/p>","protected":false},"featured_media":1880,"comment_status":"open","ping_status":"closed","template":"","meta":{"_uag_custom_page_level_css":"","site-sidebar-layout":"default","site-content-layout":"","ast-site-content-layout":"default","site-content-style":"default","site-sidebar-style":"default","ast-global-header-display":"","ast-banner-title-visibility":"","ast-main-header-display":"","ast-hfb-above-header-display":"","ast-hfb-below-header-display":"","ast-hfb-mobile-header-display":"","site-post-title":"","ast-breadcrumbs-content":"","ast-featured-img":"","footer-sml-layout":"","theme-transparent-header-meta":"default","adv-header-id-meta":"","stick-header-meta":"","header-above-stick-meta":"","header-main-stick-meta":"","header-below-stick-meta":"","astra-migrate-meta-layouts":"set","ast-page-background-enabled":"default","ast-page-background-meta":{"desktop":{"background-color":"var(--ast-global-color-4)","background-image":"","background-repeat":"repeat","background-position":"center center","background-size":"auto","background-attachment":"scroll","background-type":"","background-media":"","overlay-type":"","overlay-color":"","overlay-opacity":"","overlay-gradient":""},"tablet":{"background-color":"","background-image":"","background-repeat":"repeat","background-position":"center center","background-size":"auto","background-attachment":"scroll","background-type":"","background-media":"","overlay-type":"","overlay-color":"","overlay-opacity":"","overlay-gradient":""},"mobile":{"background-color":"","background-image":"","background-repeat":"repeat","background-position":"center center","background-size":"auto","background-attachment":"scroll","background-type":"","background-media":"","overlay-type":"","overlay-color":"","overlay-opacity":"","overlay-gradient":""}},"ast-content-background-meta":{"desktop":{"background-color":"var(--ast-global-color-5)","background-image":"","background-repeat":"repeat","background-position":"center center","background-size":"auto","background-attachment":"scroll","background-type":"","background-media":"","overlay-type":"","overlay-color":"","overlay-opacity":"","overlay-gradient":""},"tablet":{"background-color":"var(--ast-global-color-5)","background-image":"","background-repeat":"repeat","background-position":"center center","background-size":"auto","background-attachment":"scroll","background-type":"","background-media":"","overlay-type":"","overlay-color":"","overlay-opacity":"","overlay-gradient":""},"mobile":{"background-color":"var(--ast-global-color-5)","background-image":"","background-repeat":"repeat","background-position":"center center","background-size":"auto","background-attachment":"scroll","background-type":"","background-media":"","overlay-type":"","overlay-color":"","overlay-opacity":"","overlay-gradient":""}}},"product_brand":[],"product_cat":[28],"product_tag":[],"class_list":{"0":"post-1879","1":"product","2":"type-product","3":"status-publish","4":"has-post-thumbnail","6":"product_cat-buy-weed-pounds","7":"desktop-align-center","8":"tablet-align-left","9":"mobile-align-left","11":"first","12":"instock","13":"sale","14":"shipping-taxable","15":"purchasable","16":"product-type-simple"},"uagb_featured_image_src":{"full":["https:\/\/caliweedeurope.com\/wp-content\/uploads\/2024\/11\/BUY-POUND-Blue-Nerdz-Smalls-strain-600x800-1.jpg",600,800,false],"thumbnail":["https:\/\/caliweedeurope.com\/wp-content\/uploads\/2024\/11\/BUY-POUND-Blue-Nerdz-Smalls-strain-600x800-1-150x150.jpg",150,150,true],"medium":["https:\/\/caliweedeurope.com\/wp-content\/uploads\/2024\/11\/BUY-POUND-Blue-Nerdz-Smalls-strain-600x800-1-225x300.jpg",225,300,true],"medium_large":["https:\/\/caliweedeurope.com\/wp-content\/uploads\/2024\/11\/BUY-POUND-Blue-Nerdz-Smalls-strain-600x800-1.jpg",600,800,false],"large":["https:\/\/caliweedeurope.com\/wp-content\/uploads\/2024\/11\/BUY-POUND-Blue-Nerdz-Smalls-strain-600x800-1.jpg",600,800,false],"1536x1536":["https:\/\/caliweedeurope.com\/wp-content\/uploads\/2024\/11\/BUY-POUND-Blue-Nerdz-Smalls-strain-600x800-1.jpg",600,800,false],"2048x2048":["https:\/\/caliweedeurope.com\/wp-content\/uploads\/2024\/11\/BUY-POUND-Blue-Nerdz-Smalls-strain-600x800-1.jpg",600,800,false],"trp-custom-language-flag":["https:\/\/caliweedeurope.com\/wp-content\/uploads\/2024\/11\/BUY-POUND-Blue-Nerdz-Smalls-strain-600x800-1.jpg",9,12,false],"woocommerce_thumbnail":["https:\/\/caliweedeurope.com\/wp-content\/uploads\/2024\/11\/BUY-POUND-Blue-Nerdz-Smalls-strain-600x800-1-300x300.jpg",300,300,true],"woocommerce_single":["https:\/\/caliweedeurope.com\/wp-content\/uploads\/2024\/11\/BUY-POUND-Blue-Nerdz-Smalls-strain-600x800-1.jpg",600,800,false],"woocommerce_gallery_thumbnail":["https:\/\/caliweedeurope.com\/wp-content\/uploads\/2024\/11\/BUY-POUND-Blue-Nerdz-Smalls-strain-600x800-1-100x100.jpg",100,100,true]},"uagb_author_info":{"display_name":"jetskiforsaleuk@gmail.com","author_link":"https:\/\/caliweedeurope.com\/pl\/author\/"},"uagb_comment_info":0,"uagb_excerpt":"Delight in the Subtle Sweetness of Blue Nerdz Smalls Strain: Available Online Embark on a journey into the realm of cannabis strains with the enchanting Blue Nerdz Smalls strain. This guide is your gateway to uncovering the unique features, effects, and the seamless process of acquiring Blue Nerdz Smalls strain online. Whether you\u2019re a seasoned&hellip;","_links":{"self":[{"href":"https:\/\/caliweedeurope.com\/pl\/wp-json\/wp\/v2\/product\/1879"}],"collection":[{"href":"https:\/\/caliweedeurope.com\/pl\/wp-json\/wp\/v2\/product"}],"about":[{"href":"https:\/\/caliweedeurope.com\/pl\/wp-json\/wp\/v2\/types\/product"}],"replies":[{"embeddable":true,"href":"https:\/\/caliweedeurope.com\/pl\/wp-json\/wp\/v2\/comments?post=1879"}],"wp:featuredmedia":[{"embeddable":true,"href":"https:\/\/caliweedeurope.com\/pl\/wp-json\/wp\/v2\/media\/1880"}],"wp:attachment":[{"href":"https:\/\/caliweedeurope.com\/pl\/wp-json\/wp\/v2\/media?parent=1879"}],"wp:term":[{"taxonomy":"product_brand","embeddable":true,"href":"https:\/\/caliweedeurope.com\/pl\/wp-json\/wp\/v2\/product_brand?post=1879"},{"taxonomy":"product_cat","embeddable":true,"href":"https:\/\/caliweedeurope.com\/pl\/wp-json\/wp\/v2\/product_cat?post=1879"},{"taxonomy":"product_tag","embeddable":true,"href":"https:\/\/caliweedeurope.com\/pl\/wp-json\/wp\/v2\/product_tag?post=1879"}],"curies":[{"name":"wp","href":"https:\/\/api.w.org\/{rel}","templated":true}]}}