{"id":1191,"date":"2024-11-03T21:31:25","date_gmt":"2024-11-03T21:31:25","guid":{"rendered":"https:\/\/caliweedeurope.com\/?post_type=product&#038;p=1191"},"modified":"2024-11-03T21:31:28","modified_gmt":"2024-11-03T21:31:28","slug":"zaza-weed-strain","status":"publish","type":"product","link":"https:\/\/caliweedeurope.com\/ro\/product\/zaza-weed-strain\/","title":{"rendered":"zaza weed strain"},"content":{"rendered":"<p class=\"translation-block\">ZaZa weed este un soi de marijuana <a href=\"https:\/\/www.leafly.com\/strains\/lists\/category\/hybrid\" target=\"_blank\" rel=\"noopener\">hibrid<\/a>, ob\u021binut prin \u00eencruci\u0219area soiurilor puternice Blue Dream X Rare Dankness. Cunoscut pentru efectul s\u0103u extrem de somnolent \u0219i de lung\u0103 durat\u0103, ZaZa este soiul perfect pentru oricine are nevoie de un mic ajutor suplimentar pentru a adormi noaptea.<\/p>\n<h2 style=\"text-align: center\">Care este semnifica\u021bia ZAZA?<\/h2>\n<p>Zaza este at\u00e2t o varietate hibrid\u0103 de cannabis, c\u00e2t \u0219i o referin\u021b\u0103 urban\u0103 la marijuana exotic\u0103 sau de calitate superioar\u0103. De asemenea, reprezint\u0103 cele mai noi \u0219i populare soiuri de pe pia\u021b\u0103.<\/p>\n<p>\u0218tiai c\u0103 au fost identificate peste 800 de soiuri diferite de cannabis? Marijuana exotic\u0103 se refer\u0103 la soiuri rare sau mai pu\u021bin comune, care au atribute dorite. Un cultivator bun \u0219tie c\u0103 alegerea semin\u021belor \u0219i cuno\u0219tin\u021bele genetice sunt factori importan\u021bi \u00een crearea unui soi exotic. Acesta trebuie s\u0103 fie corect uscat, atr\u0103g\u0103tor vizual \u0219i acoperit cu tricomi str\u0103lucitori. Un alt factor care determin\u0103 caracterul exotic al marijuanei este exclusivitatea sau disponibilitatea limitat\u0103 a acesteia.<\/p>\n<p>California este una dintre cele mai mari pie\u021be de cannabis din lume, a\u0219a c\u0103 cu siguran\u021b\u0103 vei g\u0103si marijuana Zaza care s\u0103 se potriveasc\u0103 gusturilor tale.<\/p>\n<p>ZaZa este o alegere excelent\u0103 pentru cultivatorii de acas\u0103 de toate nivelurile de experien\u021b\u0103, deoarece structura sa este foarte u\u0219or de tuns, iar plantele cresc cu un raport caliciu-frunz\u0103 ridicat. ZaZa produce o recolt\u0103 foarte mare. At\u00e2t \u00een cre\u0219terea interioar\u0103, c\u00e2t \u0219i \u00een cea exterioar\u0103, plantele sunt de dimensiuni foarte mari, iar dup\u0103 8-10 s\u0103pt\u0103m\u00e2ni ve\u021bi fi gata s\u0103 recolta\u021bi frosted ZaZa Nugs. ZaZa are un miros care aminte\u0219te de un combustibil chimic Diesel cu arom\u0103 de l\u0103m\u00e2ie. Florile intense eman\u0103, de asemenea, mirosuri de pin p\u0103m\u00e2ntesc, mosc \u0219i transpira\u021bie. At\u00e2ta timp c\u00e2t florile sunt uscate corespunz\u0103tor, acest soi are un fum fin care are gust de gaz acru la inhalare. La expira\u021bie, fumul ZaZa tr\u0103deaz\u0103 gustul s\u0103u caracteristic de Diesel chimic cu o not\u0103 de amoniac de l\u0103m\u00e2ie care atinge partea superioar\u0103 a palatului. <a href=\"http:\/\/legitweeddispensary.com\/\" target=\"_blank\" rel=\"noopener\">Magazin de cannabis din \u021a\u0103rile de Jos<\/a><\/p>\n<h6>Exotic, sau iarba exotic\u0103, este un termen argotic pentru cannabis cu poten\u021b\u0103 mare, popular \u00een cultura stradal\u0103 \u0219i muzica rap. Este cunoscut \u0219i sub numele de \u201ezaza\u201d.<\/h6>\n<h3>CUMP\u0102R\u0102 STRAINS ZAZA ONLINE | RECENZIE STRAIN ZAZA<\/h3>\n<p>High-ul \u00eencepe cu o acumulare lent\u0103 de efecte, umpl\u00e2ndu-\u021bi mintea cu o stare de fericire care cre\u0219te \u0219i se extinde dup\u0103 ultimul expira. Te vei sim\u021bi relaxat mental \u0219i f\u0103r\u0103 griji. Zaza weed strain.<\/p>\n<p>Acest cap \u00eence\u021bo\u0219at se va r\u0103sp\u00e2ndi rapid \u00een \u00eentregul t\u0103u corp, aduc\u00e2ndu-te \u00eentr-o stare u\u0219or \u201ecouch-locked\u201d, care este, de asemenea, puternic sedativ\u0103.<\/p>\n<h3>CARE ESTE SEMNIFICA\u021aIA SLANGULUI ZAZA?<\/h3>\n<p class=\"translation-block\">Termenul de argou \u201cZa\u201d \u0219i \u201cZaza\u201d (ceva scris Za Za) este un substantiv, folosit \u00een muzica rap \u0219i cultur\u0103 pentru a face referire la marijuana de calitate.<\/p>\n<h2>PRE\u021aURI PENTRU WEED ZAZA<\/h2>\n<p>Marijuana bun\u0103 este foarte rar\u0103 \u0219i scump\u0103, majoritatea rapperilor se bucur\u0103 s\u0103 fumeze aceast\u0103 cea mai bun\u0103 marijuana exotic\u0103 datorit\u0103 terpenelor sale. Consumatorii sunt, de asemenea, informa\u021bi despre cost datorit\u0103 autenticit\u0103\u021bii sale. Pre\u021bul tulpinii Zaza, majoritatea dispensarelor din California ofer\u0103 aceste tulpini foarte puternice la 50 $ pentru 3,5 grame \u0219i mai mult pentru cele mai bune exotice din California.<\/p>\n<h3>VARIETATE ZAZA DE V\u00c2NZARE ONLINE | WEED ZAZA DE V\u00c2NZARE ONLINE<\/h3>\n<p class=\"translation-block\">Bucura\u021bi-v\u0103 de aceste super <a href=\"https:\/\/deligentman.com\/marijuana-flowers-uk-with-worldwide-deliveries\/\" target=\"_blank\" rel=\"noopener\">arome exotice<\/a> de la noi, Zaza weed de v\u00e2nzare online, cump\u0103ra\u021bi droguri Zaza online, comanda\u021bi Zaza real online, recenzie soi Zaza weed, cump\u0103ra\u021bi soiuri de Zaza weed online ieftin, unde s\u0103 cump\u0103ra\u021bi Zaza weed online, unde s\u0103 cump\u0103ra\u021bi Zaza aproape de mine, unde s\u0103 cump\u0103ra\u021bi Zaza online, Zaza weed aproape de mine. <a href=\"http:\/\/hempbudswholesale.com\/\" target=\"_blank\" rel=\"noopener\">V\u00e2nzare angro de flori de c\u00e2nep\u0103<\/a><\/p>\n<h6>Cele Mai Populare Variet\u0103\u021bi de Weed Exotice \u0219i Produse<\/h6>\n<div class=\"LinkSuggestion__LinkSuggestionWrapper-sc-1mdih4x-0 hhaFbj\"><a class=\"LinkSuggestion__Link-sc-1mdih4x-2 jZPuuT\" href=\"https:\/\/deligentman.com\/product\/buy-pink-runtz-pink-runtz-dispensary-order-pink-runtz-online\/\" target=\"_blank\" rel=\"noopener\">Buy Pink Runtz<span class=\"A11yNotice-u1v0gg-0 dWDZbM\">(Opens in a new browser tab)<\/span><\/a><\/div>\n<div class=\"LinkSuggestion__LinkSuggestionWrapper-sc-1mdih4x-0 hhaFbj\"><a class=\"LinkSuggestion__Link-sc-1mdih4x-2 jZPuuT\" href=\"https:\/\/deligentman.com\/product\/banana-runtz-buy-banana-runtz-strain\/\" target=\"_blank\" rel=\"noopener\">Cump\u0103r\u0103 Banana Runtz<span class=\"A11yNotice-u1v0gg-0 dWDZbM\">(Opens in a new browser tab)<\/span><\/a><\/div>\n<div class=\"LinkSuggestion__LinkSuggestionWrapper-sc-1mdih4x-0 hhaFbj\"><a class=\"LinkSuggestion__Link-sc-1mdih4x-2 jZPuuT\" href=\"https:\/\/deligentman.com\/product\/stiiizy-sky-og\/\" target=\"_blank\" rel=\"noopener\">Stiiizy (Sky og)<span class=\"A11yNotice-u1v0gg-0 dWDZbM\">(Opens in a new browser tab)<\/span><\/a><\/div>\n<div class=\"LinkSuggestion__LinkSuggestionWrapper-sc-1mdih4x-0 hhaFbj\"><a class=\"LinkSuggestion__Link-sc-1mdih4x-2 jZPuuT\" href=\"https:\/\/deligentman.com\/product\/strawberry-lemonade-wax\/\" target=\"_blank\" rel=\"noopener\">Strawberry Lemonade Wax<span class=\"A11yNotice-u1v0gg-0 dWDZbM\">(Opens in a new browser tab)<\/span><\/a><\/div>\n<div class=\"LinkSuggestion__LinkSuggestionWrapper-sc-1mdih4x-0 hhaFbj\"><a class=\"LinkSuggestion__Link-sc-1mdih4x-2 jZPuuT\" href=\"https:\/\/deligentman.com\/product\/buy-backpack-boyz-online-where-to-order-backpack-boyz-uk\/\" target=\"_blank\" rel=\"noopener\">backpack boyz<span class=\"A11yNotice-u1v0gg-0 dWDZbM\">(Opens in a new browser tab)<\/span><\/a><\/div>\n<div class=\"LinkSuggestion__LinkSuggestionWrapper-sc-1mdih4x-0 hhaFbj\"><a class=\"LinkSuggestion__Link-sc-1mdih4x-2 jZPuuT\" href=\"https:\/\/deligentman.com\/product\/white-fire-og\/\" target=\"_blank\" rel=\"noopener\">White fire og<span class=\"A11yNotice-u1v0gg-0 dWDZbM\">(Opens in a new browser tab)<\/span><\/a><\/div>\n<div class=\"LinkSuggestion__LinkSuggestionWrapper-sc-1mdih4x-0 hhaFbj\"><a class=\"LinkSuggestion__Link-sc-1mdih4x-2 jZPuuT\" href=\"https:\/\/deligentman.com\/buy-marijuana-online-worldwide\/\" target=\"_blank\" rel=\"noopener\">buy marijuana online with worldwide shipping 2021<span class=\"A11yNotice-u1v0gg-0 dWDZbM\">(Opens in a new browser tab)<\/span><\/a><\/div>\n<div class=\"LinkSuggestion__LinkSuggestionWrapper-sc-1mdih4x-0 hhaFbj\"><a class=\"LinkSuggestion__Link-sc-1mdih4x-2 jZPuuT\" href=\"https:\/\/deligentman.com\/product\/martian-rocks-weed-where-to-buy\/\" target=\"_blank\" rel=\"noopener\">Martian rocks weed where to buy<span class=\"A11yNotice-u1v0gg-0 dWDZbM\">(Opens in a new browser tab)<\/span><\/a><\/div>\n<div class=\"LinkSuggestion__LinkSuggestionWrapper-sc-1mdih4x-0 hhaFbj\"><a class=\"LinkSuggestion__Link-sc-1mdih4x-2 jZPuuT\" href=\"https:\/\/deligentman.com\/mail-order-weed-online-uk\/\" target=\"_blank\" rel=\"noopener\">Mail Order weed online UK<span class=\"A11yNotice-u1v0gg-0 dWDZbM\">(Opens in a new browser tab)<\/span><\/a><\/div>\n<div class=\"LinkSuggestion__LinkSuggestionWrapper-sc-1mdih4x-0 hhaFbj\"><a class=\"LinkSuggestion__Link-sc-1mdih4x-2 jZPuuT\" href=\"https:\/\/deligentman.com\/product\/buy-pounds-of-og-kush-weed-online\/\" target=\"_blank\" rel=\"noopener\">Cump\u0103r\u0103 livre de OG Kush online<\/a><\/div>","protected":false},"excerpt":{"rendered":"<h2 id=\"h-why-is-weed-called-zaza\">De ce i se spune Zaza la iarb\u0103?<\/h2>\n<p>Popularitatea soiurilor exotice de canabis le face sursa perfect\u0103 de inspira\u021bie pentru arti\u0219tii din cultura pop. \u00cen versurile de rap \u0219i pe re\u021belele sociale, exoticul este adesea prescurtat la \u201ezaza.\u201d<\/p>\n<p>Trippie Redd a c\u00e2ntat: 'Fum Zaza, sunt \u00een La La de pe acele arbori' \u00een 'Weeeeee', iar 21 Savage a spus c\u0103 fuma 'Zaza' \u00een 'Runnin'.<\/p>\n<p class=\"translation-block\">Cite\u0219te mai multe despre <a href=\"https:\/\/deligentman.com\/zaza-weed\/\" target=\"_self\">soiul Zaza<\/a> \u0219i recenziile<\/p>","protected":false},"featured_media":1221,"comment_status":"closed","ping_status":"closed","template":"","meta":{"_uag_custom_page_level_css":"","site-sidebar-layout":"default","site-content-layout":"","ast-site-content-layout":"","site-content-style":"default","site-sidebar-style":"default","ast-global-header-display":"","ast-banner-title-visibility":"","ast-main-header-display":"","ast-hfb-above-header-display":"","ast-hfb-below-header-display":"","ast-hfb-mobile-header-display":"","site-post-title":"","ast-breadcrumbs-content":"","ast-featured-img":"","footer-sml-layout":"","theme-transparent-header-meta":"","adv-header-id-meta":"","stick-header-meta":"","header-above-stick-meta":"","header-main-stick-meta":"","header-below-stick-meta":"","astra-migrate-meta-layouts":"default","ast-page-background-enabled":"default","ast-page-background-meta":{"desktop":{"background-color":"var(--ast-global-color-4)","background-image":"","background-repeat":"repeat","background-position":"center center","background-size":"auto","background-attachment":"scroll","background-type":"","background-media":"","overlay-type":"","overlay-color":"","overlay-opacity":"","overlay-gradient":""},"tablet":{"background-color":"","background-image":"","background-repeat":"repeat","background-position":"center center","background-size":"auto","background-attachment":"scroll","background-type":"","background-media":"","overlay-type":"","overlay-color":"","overlay-opacity":"","overlay-gradient":""},"mobile":{"background-color":"","background-image":"","background-repeat":"repeat","background-position":"center center","background-size":"auto","background-attachment":"scroll","background-type":"","background-media":"","overlay-type":"","overlay-color":"","overlay-opacity":"","overlay-gradient":""}},"ast-content-background-meta":{"desktop":{"background-color":"var(--ast-global-color-5)","background-image":"","background-repeat":"repeat","background-position":"center center","background-size":"auto","background-attachment":"scroll","background-type":"","background-media":"","overlay-type":"","overlay-color":"","overlay-opacity":"","overlay-gradient":""},"tablet":{"background-color":"var(--ast-global-color-5)","background-image":"","background-repeat":"repeat","background-position":"center center","background-size":"auto","background-attachment":"scroll","background-type":"","background-media":"","overlay-type":"","overlay-color":"","overlay-opacity":"","overlay-gradient":""},"mobile":{"background-color":"var(--ast-global-color-5)","background-image":"","background-repeat":"repeat","background-position":"center center","background-size":"auto","background-attachment":"scroll","background-type":"","background-media":"","overlay-type":"","overlay-color":"","overlay-opacity":"","overlay-gradient":""}}},"product_brand":[],"product_cat":[22],"product_tag":[23,24,25,26,27],"class_list":{"0":"post-1191","1":"product","2":"type-product","3":"status-publish","4":"has-post-thumbnail","6":"product_cat-hybrid","7":"product_tag-real-zaza-strain","8":"product_tag-what-is-zaza","9":"product_tag-zaza-marijuana","10":"product_tag-zaza-weed","11":"product_tag-zaza-weed-strain","12":"desktop-align-center","13":"tablet-align-left","14":"mobile-align-left","16":"first","17":"instock","18":"sale","19":"shipping-taxable","20":"purchasable","21":"product-type-simple"},"uagb_featured_image_src":{"full":["https:\/\/caliweedeurope.com\/wp-content\/uploads\/2024\/11\/Zaza-weed-strain.jpeg",1125,1478,false],"thumbnail":["https:\/\/caliweedeurope.com\/wp-content\/uploads\/2024\/11\/Zaza-weed-strain-150x150.jpeg",150,150,true],"medium":["https:\/\/caliweedeurope.com\/wp-content\/uploads\/2024\/11\/Zaza-weed-strain-228x300.jpeg",228,300,true],"medium_large":["https:\/\/caliweedeurope.com\/wp-content\/uploads\/2024\/11\/Zaza-weed-strain-768x1009.jpeg",768,1009,true],"large":["https:\/\/caliweedeurope.com\/wp-content\/uploads\/2024\/11\/Zaza-weed-strain-779x1024.jpeg",779,1024,true],"1536x1536":["https:\/\/caliweedeurope.com\/wp-content\/uploads\/2024\/11\/Zaza-weed-strain.jpeg",1125,1478,false],"2048x2048":["https:\/\/caliweedeurope.com\/wp-content\/uploads\/2024\/11\/Zaza-weed-strain.jpeg",1125,1478,false],"trp-custom-language-flag":["https:\/\/caliweedeurope.com\/wp-content\/uploads\/2024\/11\/Zaza-weed-strain.jpeg",9,12,false],"woocommerce_thumbnail":["https:\/\/caliweedeurope.com\/wp-content\/uploads\/2024\/11\/Zaza-weed-strain-300x300.jpeg",300,300,true],"woocommerce_single":["https:\/\/caliweedeurope.com\/wp-content\/uploads\/2024\/11\/Zaza-weed-strain-600x788.jpeg",600,788,true],"woocommerce_gallery_thumbnail":["https:\/\/caliweedeurope.com\/wp-content\/uploads\/2024\/11\/Zaza-weed-strain-100x100.jpeg",100,100,true]},"uagb_author_info":{"display_name":"jetskiforsaleuk@gmail.com","author_link":"https:\/\/caliweedeurope.com\/ro\/author\/"},"uagb_comment_info":0,"uagb_excerpt":"Why is weed called zaza? The popularity of exotic weed strains makes them the perfect inspiration for pop culture artists. In rap lyrics and social media, exotic is often shortened to \u201czaza.\u201d Trippie Redd rapped, \u201cI smoke Zaza I\u2019m in La La off them trees\u201d in \u201cWeeeeee,\u201d and 21 Savage said he was, \u201csmokin on&hellip;","_links":{"self":[{"href":"https:\/\/caliweedeurope.com\/ro\/wp-json\/wp\/v2\/product\/1191"}],"collection":[{"href":"https:\/\/caliweedeurope.com\/ro\/wp-json\/wp\/v2\/product"}],"about":[{"href":"https:\/\/caliweedeurope.com\/ro\/wp-json\/wp\/v2\/types\/product"}],"replies":[{"embeddable":true,"href":"https:\/\/caliweedeurope.com\/ro\/wp-json\/wp\/v2\/comments?post=1191"}],"wp:featuredmedia":[{"embeddable":true,"href":"https:\/\/caliweedeurope.com\/ro\/wp-json\/wp\/v2\/media\/1221"}],"wp:attachment":[{"href":"https:\/\/caliweedeurope.com\/ro\/wp-json\/wp\/v2\/media?parent=1191"}],"wp:term":[{"taxonomy":"product_brand","embeddable":true,"href":"https:\/\/caliweedeurope.com\/ro\/wp-json\/wp\/v2\/product_brand?post=1191"},{"taxonomy":"product_cat","embeddable":true,"href":"https:\/\/caliweedeurope.com\/ro\/wp-json\/wp\/v2\/product_cat?post=1191"},{"taxonomy":"product_tag","embeddable":true,"href":"https:\/\/caliweedeurope.com\/ro\/wp-json\/wp\/v2\/product_tag?post=1191"}],"curies":[{"name":"wp","href":"https:\/\/api.w.org\/{rel}","templated":true}]}}