{"id":1198,"date":"2024-11-03T21:31:25","date_gmt":"2024-11-03T21:31:25","guid":{"rendered":"https:\/\/caliweedeurope.com\/?post_type=product&#038;p=1198"},"modified":"2024-11-06T02:59:58","modified_gmt":"2024-11-06T02:59:58","slug":"moon-rock-ice","status":"publish","type":"product","link":"https:\/\/caliweedeurope.com\/ro\/product\/moon-rock-ice\/","title":{"rendered":"moon rock ice"},"content":{"rendered":"<h2>Ce sunt Moonrocks?<\/h2>\n<p>Moonrocks sunt o form\u0103 unic\u0103 \u0219i puternic\u0103 de cannabis care combin\u0103 flori de \u00eenalt\u0103 calitate, concentrate \u0219i kief. Aceste produse de cannabis sunt cunoscute pentru con\u021binutul lor ridicat de THC, ceea ce le face populare printre entuzia\u0219tii care caut\u0103 o experien\u021b\u0103 puternic\u0103.<\/p>\n<h2>Unde s\u0103 cump\u0103ra\u021bi Moonrocks online<\/h2>\n<p>Dac\u0103 sunte\u021bi \u00een c\u0103utarea unui loc unde s\u0103 cump\u0103ra\u021bi Moonrocks online, sunte\u021bi \u00een locul potrivit. Magazinul nostru de cannabis Moonrock ofer\u0103 o selec\u021bie larg\u0103 de soiuri premium Moonrock care satisfac diverse preferin\u021be. Cu pre\u021buri competitive pentru Moonrocks online, v\u0103 pute\u021bi r\u0103sf\u0103\u021ba f\u0103r\u0103 a d\u0103una bugetului.<\/p>\n<h2>Bucura\u021bi-v\u0103 de un serviciu convenabil de livrare Moonrock<\/h2>\n<p>Comandarea de Moonrock weed nu a fost niciodat\u0103 mai u\u0219oar\u0103. Serviciul nostru eficient de livrare Moonrock garanteaz\u0103 c\u0103 vei primi Moonrocks de \u00eenalt\u0103 calitate rapid. Experimenteaz\u0103 cel mai bun Moonrock weed ast\u0103zi \u0219i ridic\u0103-\u021bi c\u0103l\u0103toria cannabic\u0103 cu op\u021biunile noastre puternice! Comandarea de Moon Rock Ice nu a fost niciodat\u0103 mai simpl\u0103. Serviciul nostru de livrare de \u00eencredere garanteaz\u0103 sosirea la timp a Moon Rock Ice-ului t\u0103u premium. Descoper\u0103 acum experien\u021ba suprem\u0103 Moon Rock \u0219i \u00eembun\u0103t\u0103\u021be\u0219te-\u021bi c\u0103l\u0103toria cannabic\u0103 cu selec\u021bia noastr\u0103 puternic\u0103!<\/p>","protected":false},"excerpt":{"rendered":"<p>Cump\u0103ra\u021bi Ice Moon Rock, Iced Moon Rock de v\u00e2nzare, cump\u0103ra\u021bi Kush online<\/p>\n<p>Moonrock Ice de la Dr. Zodiak (Nou!) 99% THCa (1 gram \u2013 Premium)<br \/>\nCump\u0103ra\u021bi Ice MoonRocks online, Iced Moon Rock de v\u00e2nzare, cump\u0103ra\u021bi Kush online, dispensare care v\u00e2nd Moon Rocks. Dr. Zodiak prezint\u0103 Moonrock ICE \u2013 Cristalin \u2013 Mugur \u2013 Clar \u2013 99% THC-A<\/p>\n<p>Cristalinul THCa a fost dezvoltat ca un mijloc de livrare a dozelor mari \u0219i cuantificabile de THCa \u0219i este cunoscut ca fiind cel mai pur izolat de pe pia\u021b\u0103, testat la 99-100%.<\/p>\n<p>Acest THCa pur se transform\u0103 \u00een THC c\u00e2nd este vaporizat, cre\u00e2nd un efect clar \u0219i extrem de cerebral, sau r\u0103m\u00e2ne non-psihoactiv atunci c\u00e2nd este ingerat. Cump\u0103ra\u021bi Ice MoonRock<\/p>\n<p>Cump\u0103ra\u021bi Ice Moon Rock, Iced Moon Rock de v\u00e2nzare, cump\u0103ra\u021bi Kush online<\/p>","protected":false},"featured_media":1225,"comment_status":"closed","ping_status":"closed","template":"","meta":{"_uag_custom_page_level_css":"","site-sidebar-layout":"default","site-content-layout":"","ast-site-content-layout":"default","site-content-style":"default","site-sidebar-style":"default","ast-global-header-display":"","ast-banner-title-visibility":"","ast-main-header-display":"","ast-hfb-above-header-display":"","ast-hfb-below-header-display":"","ast-hfb-mobile-header-display":"","site-post-title":"","ast-breadcrumbs-content":"","ast-featured-img":"","footer-sml-layout":"","theme-transparent-header-meta":"default","adv-header-id-meta":"","stick-header-meta":"","header-above-stick-meta":"","header-main-stick-meta":"","header-below-stick-meta":"","astra-migrate-meta-layouts":"set","ast-page-background-enabled":"default","ast-page-background-meta":{"desktop":{"background-color":"var(--ast-global-color-4)","background-image":"","background-repeat":"repeat","background-position":"center center","background-size":"auto","background-attachment":"scroll","background-type":"","background-media":"","overlay-type":"","overlay-color":"","overlay-opacity":"","overlay-gradient":""},"tablet":{"background-color":"","background-image":"","background-repeat":"repeat","background-position":"center center","background-size":"auto","background-attachment":"scroll","background-type":"","background-media":"","overlay-type":"","overlay-color":"","overlay-opacity":"","overlay-gradient":""},"mobile":{"background-color":"","background-image":"","background-repeat":"repeat","background-position":"center center","background-size":"auto","background-attachment":"scroll","background-type":"","background-media":"","overlay-type":"","overlay-color":"","overlay-opacity":"","overlay-gradient":""}},"ast-content-background-meta":{"desktop":{"background-color":"var(--ast-global-color-5)","background-image":"","background-repeat":"repeat","background-position":"center center","background-size":"auto","background-attachment":"scroll","background-type":"","background-media":"","overlay-type":"","overlay-color":"","overlay-opacity":"","overlay-gradient":""},"tablet":{"background-color":"var(--ast-global-color-5)","background-image":"","background-repeat":"repeat","background-position":"center center","background-size":"auto","background-attachment":"scroll","background-type":"","background-media":"","overlay-type":"","overlay-color":"","overlay-opacity":"","overlay-gradient":""},"mobile":{"background-color":"var(--ast-global-color-5)","background-image":"","background-repeat":"repeat","background-position":"center center","background-size":"auto","background-attachment":"scroll","background-type":"","background-media":"","overlay-type":"","overlay-color":"","overlay-opacity":"","overlay-gradient":""}}},"product_brand":[],"product_cat":[748],"product_tag":[54,55,56,57,58],"class_list":{"0":"post-1198","1":"product","2":"type-product","3":"status-publish","4":"has-post-thumbnail","6":"product_cat-weed-moonrock","7":"product_tag-dr-zodiak-dispensary-reviews","8":"product_tag-dr-zodiak-moonrock-near-me","9":"product_tag-ice-capz-moon-rocks","10":"product_tag-moonrock-ice-for-sale","11":"product_tag-moonrock-ice-near-me","12":"desktop-align-center","13":"tablet-align-left","14":"mobile-align-left","16":"first","17":"instock","18":"shipping-taxable","19":"purchasable","20":"product-type-variable"},"uagb_featured_image_src":{"full":["https:\/\/caliweedeurope.com\/wp-content\/uploads\/2024\/11\/ice-moonrock.jpg",750,750,false],"thumbnail":["https:\/\/caliweedeurope.com\/wp-content\/uploads\/2024\/11\/ice-moonrock-150x150.jpg",150,150,true],"medium":["https:\/\/caliweedeurope.com\/wp-content\/uploads\/2024\/11\/ice-moonrock-300x300.jpg",300,300,true],"medium_large":["https:\/\/caliweedeurope.com\/wp-content\/uploads\/2024\/11\/ice-moonrock.jpg",750,750,false],"large":["https:\/\/caliweedeurope.com\/wp-content\/uploads\/2024\/11\/ice-moonrock.jpg",750,750,false],"1536x1536":["https:\/\/caliweedeurope.com\/wp-content\/uploads\/2024\/11\/ice-moonrock.jpg",750,750,false],"2048x2048":["https:\/\/caliweedeurope.com\/wp-content\/uploads\/2024\/11\/ice-moonrock.jpg",750,750,false],"trp-custom-language-flag":["https:\/\/caliweedeurope.com\/wp-content\/uploads\/2024\/11\/ice-moonrock.jpg",12,12,false],"woocommerce_thumbnail":["https:\/\/caliweedeurope.com\/wp-content\/uploads\/2024\/11\/ice-moonrock-300x300.jpg",300,300,true],"woocommerce_single":["https:\/\/caliweedeurope.com\/wp-content\/uploads\/2024\/11\/ice-moonrock-600x600.jpg",600,600,true],"woocommerce_gallery_thumbnail":["https:\/\/caliweedeurope.com\/wp-content\/uploads\/2024\/11\/ice-moonrock-100x100.jpg",100,100,true]},"uagb_author_info":{"display_name":"jetskiforsaleuk@gmail.com","author_link":"https:\/\/caliweedeurope.com\/ro\/author\/"},"uagb_comment_info":0,"uagb_excerpt":"buy Ice Moon Rock iced Moon rock for sale Buy Kush online Dr. Zodiak\u2019s Moonrock Ice (New!) 99% THCa (1 Gram \u2013 Premium) buy Ice MoonRocks online iced Moon rock for sale Buy Kush online dispensaries that sell moon rocks Dr. Zodiak Presents Moonrock ICE \u2013 Crystalline -Bud \u2013 Clear \u2013 99% THC-A THCa Crystalline&hellip;","_links":{"self":[{"href":"https:\/\/caliweedeurope.com\/ro\/wp-json\/wp\/v2\/product\/1198"}],"collection":[{"href":"https:\/\/caliweedeurope.com\/ro\/wp-json\/wp\/v2\/product"}],"about":[{"href":"https:\/\/caliweedeurope.com\/ro\/wp-json\/wp\/v2\/types\/product"}],"replies":[{"embeddable":true,"href":"https:\/\/caliweedeurope.com\/ro\/wp-json\/wp\/v2\/comments?post=1198"}],"wp:featuredmedia":[{"embeddable":true,"href":"https:\/\/caliweedeurope.com\/ro\/wp-json\/wp\/v2\/media\/1225"}],"wp:attachment":[{"href":"https:\/\/caliweedeurope.com\/ro\/wp-json\/wp\/v2\/media?parent=1198"}],"wp:term":[{"taxonomy":"product_brand","embeddable":true,"href":"https:\/\/caliweedeurope.com\/ro\/wp-json\/wp\/v2\/product_brand?post=1198"},{"taxonomy":"product_cat","embeddable":true,"href":"https:\/\/caliweedeurope.com\/ro\/wp-json\/wp\/v2\/product_cat?post=1198"},{"taxonomy":"product_tag","embeddable":true,"href":"https:\/\/caliweedeurope.com\/ro\/wp-json\/wp\/v2\/product_tag?post=1198"}],"curies":[{"name":"wp","href":"https:\/\/api.w.org\/{rel}","templated":true}]}}