{"id":1202,"date":"2024-11-03T21:31:25","date_gmt":"2024-11-03T21:31:25","guid":{"rendered":"https:\/\/caliweedeurope.com\/?post_type=product&#038;p=1202"},"modified":"2024-11-06T03:59:16","modified_gmt":"2024-11-06T03:59:16","slug":"backpack-boyz","status":"publish","type":"product","link":"https:\/\/caliweedeurope.com\/ro\/product\/backpack-boyz\/","title":{"rendered":"backpack boyz"},"content":{"rendered":"<h2>Sursa ta de \u00eencredere pentru produsele Backpack Boyz<\/h2>\n<p>\u00cen dispensarul nostru, ne m\u00e2ndrim s\u0103 oferim produse de top de la Backpack Boyz. Cunoscu\u021bi pentru angajamentul lor fa\u021b\u0103 de calitate, ofer\u0103 op\u021biuni excep\u021bionale de cannabis pe care orice pasionat le va aprecia. Indiferent dac\u0103 e\u0219ti nou \u00een lumea cannabisului sau un consumator experimentat, avem o selec\u021bie variat\u0103 care acoper\u0103 toate preferin\u021bele.<\/p>\n<h2>Calitate pe care te po\u021bi baza<\/h2>\n<p>Backpack Boyz s-a impus ca un brand de \u00eencredere \u00een comunitatea cannabisului. Prin achizi\u021bionarea de soiuri premium de marijuana, se asigur\u0103 c\u0103 fiecare produs \u00eendepline\u0219te standarde \u00eenalte. Dispensarul nostru comercializeaz\u0103 exclusiv produse Backpack Boyz, facilit\u00e2nd accesul la cannabis de \u00eencredere.<\/p>\n<h2>Tr\u0103ie\u0219te diferen\u021ba<\/h2>\n<p>Vizitarea dispensarului nostru Backpack Boyz este mai mult dec\u00e2t o simpl\u0103 sesiune de cump\u0103r\u0103turi; este o oportunitate de a experimenta calitatea ca niciodat\u0103 \u00eenainte. Al\u0103tur\u0103-te nou\u0103 pentru a explora cele mai bune op\u021biuni de cannabis Backpack Boyz care se potrivesc stilului t\u0103u de via\u021b\u0103. Ridic\u0103-\u021bi ast\u0103zi experien\u021ba cu cannabis!<\/p>","protected":false},"excerpt":{"rendered":"<h3>Unde s\u0103 cump\u0103ra\u021bi marijuana Backpack Boyz online?<\/h3>\n<p>Pute\u021bi cump\u0103ra marijuana Backpack Boyz online ast\u0103zi ieftin cu livrare rapid\u0103, expediere oriunde. Cel mai bun loc pentru a cump\u0103ra cannabis Backpack Boyz, pungi de iarb\u0103 Backpack Boyz, \u00eembr\u0103c\u0103minte Backpack Boyz, pre\u021b Backpack Boyz, site-ul web Backpack Boyz, cump\u0103ra\u021bi Backpack Boyz \u00een Marea Britanie.<\/p>\n<p>&nbsp;<\/p>","protected":false},"featured_media":1227,"comment_status":"closed","ping_status":"closed","template":"","meta":{"_uag_custom_page_level_css":"","site-sidebar-layout":"default","site-content-layout":"","ast-site-content-layout":"default","site-content-style":"default","site-sidebar-style":"default","ast-global-header-display":"","ast-banner-title-visibility":"","ast-main-header-display":"","ast-hfb-above-header-display":"","ast-hfb-below-header-display":"","ast-hfb-mobile-header-display":"","site-post-title":"","ast-breadcrumbs-content":"","ast-featured-img":"","footer-sml-layout":"","ast-disable-related-posts":"","theme-transparent-header-meta":"default","adv-header-id-meta":"","stick-header-meta":"","header-above-stick-meta":"","header-main-stick-meta":"","header-below-stick-meta":"","astra-migrate-meta-layouts":"set","ast-page-background-enabled":"default","ast-page-background-meta":{"desktop":{"background-color":"var(--ast-global-color-5)","background-image":"","background-repeat":"repeat","background-position":"center center","background-size":"auto","background-attachment":"scroll","background-type":"","background-media":"","overlay-type":"","overlay-color":"","overlay-opacity":"","overlay-gradient":""},"tablet":{"background-color":"","background-image":"","background-repeat":"repeat","background-position":"center center","background-size":"auto","background-attachment":"scroll","background-type":"","background-media":"","overlay-type":"","overlay-color":"","overlay-opacity":"","overlay-gradient":""},"mobile":{"background-color":"","background-image":"","background-repeat":"repeat","background-position":"center center","background-size":"auto","background-attachment":"scroll","background-type":"","background-media":"","overlay-type":"","overlay-color":"","overlay-opacity":"","overlay-gradient":""}},"ast-content-background-meta":{"desktop":{"background-color":"var(--ast-global-color-4)","background-image":"","background-repeat":"repeat","background-position":"center center","background-size":"auto","background-attachment":"scroll","background-type":"","background-media":"","overlay-type":"","overlay-color":"","overlay-opacity":"","overlay-gradient":""},"tablet":{"background-color":"var(--ast-global-color-4)","background-image":"","background-repeat":"repeat","background-position":"center center","background-size":"auto","background-attachment":"scroll","background-type":"","background-media":"","overlay-type":"","overlay-color":"","overlay-opacity":"","overlay-gradient":""},"mobile":{"background-color":"var(--ast-global-color-4)","background-image":"","background-repeat":"repeat","background-position":"center center","background-size":"auto","background-attachment":"scroll","background-type":"","background-media":"","overlay-type":"","overlay-color":"","overlay-opacity":"","overlay-gradient":""}}},"product_brand":[],"product_cat":[60],"product_tag":[61,62,63,64,65,66,67,69,70,71,72,75,76],"class_list":{"0":"post-1202","1":"product","2":"type-product","3":"status-publish","4":"has-post-thumbnail","6":"product_cat-buy-runtz-online","7":"product_tag-backpack-boyz-dispensary","8":"product_tag-backpack-boyz-marijuana","9":"product_tag-backpack-boyz-marijuana-for-sale","10":"product_tag-backpack-boyz-weed","11":"product_tag-backpack-boyz-weed-bags","12":"product_tag-backpack-boyz-weed-for-sale-online","13":"product_tag-backpack-boyz-weed-online","14":"product_tag-backpackboyz-clothing","15":"product_tag-backpackboyz-price","16":"product_tag-backpackboyz-website","17":"product_tag-buy-backpack-boyz-weed","18":"product_tag-order-backpack-boyz-weed","19":"product_tag-where-to-buy-backpack-boyz-weed","20":"desktop-align-center","21":"tablet-align-left","22":"mobile-align-left","24":"first","25":"instock","26":"shipping-taxable","27":"purchasable","28":"product-type-variable"},"uagb_featured_image_src":{"full":["https:\/\/caliweedeurope.com\/wp-content\/uploads\/2024\/11\/PNB.jpeg",828,841,false],"thumbnail":["https:\/\/caliweedeurope.com\/wp-content\/uploads\/2024\/11\/PNB-150x150.jpeg",150,150,true],"medium":["https:\/\/caliweedeurope.com\/wp-content\/uploads\/2024\/11\/PNB-295x300.jpeg",295,300,true],"medium_large":["https:\/\/caliweedeurope.com\/wp-content\/uploads\/2024\/11\/PNB-768x780.jpeg",768,780,true],"large":["https:\/\/caliweedeurope.com\/wp-content\/uploads\/2024\/11\/PNB.jpeg",828,841,false],"1536x1536":["https:\/\/caliweedeurope.com\/wp-content\/uploads\/2024\/11\/PNB.jpeg",828,841,false],"2048x2048":["https:\/\/caliweedeurope.com\/wp-content\/uploads\/2024\/11\/PNB.jpeg",828,841,false],"trp-custom-language-flag":["https:\/\/caliweedeurope.com\/wp-content\/uploads\/2024\/11\/PNB.jpeg",12,12,false],"woocommerce_thumbnail":["https:\/\/caliweedeurope.com\/wp-content\/uploads\/2024\/11\/PNB-300x300.jpeg",300,300,true],"woocommerce_single":["https:\/\/caliweedeurope.com\/wp-content\/uploads\/2024\/11\/PNB-600x609.jpeg",600,609,true],"woocommerce_gallery_thumbnail":["https:\/\/caliweedeurope.com\/wp-content\/uploads\/2024\/11\/PNB-100x100.jpeg",100,100,true]},"uagb_author_info":{"display_name":"jetskiforsaleuk@gmail.com","author_link":"https:\/\/caliweedeurope.com\/ro\/author\/"},"uagb_comment_info":0,"uagb_excerpt":"Where to buy Backpack boyz weed for sale online You can buy backpack boyz weed for sale online today cheap with fast delivery, shipping anywhere. Best place to buy backpack boyz cannabis, backpack boyz weed bags, backpackboyz clothing, backpackboyz price, backpackboyz website, buy backpack buys Uk , &nbsp;","_links":{"self":[{"href":"https:\/\/caliweedeurope.com\/ro\/wp-json\/wp\/v2\/product\/1202"}],"collection":[{"href":"https:\/\/caliweedeurope.com\/ro\/wp-json\/wp\/v2\/product"}],"about":[{"href":"https:\/\/caliweedeurope.com\/ro\/wp-json\/wp\/v2\/types\/product"}],"replies":[{"embeddable":true,"href":"https:\/\/caliweedeurope.com\/ro\/wp-json\/wp\/v2\/comments?post=1202"}],"wp:featuredmedia":[{"embeddable":true,"href":"https:\/\/caliweedeurope.com\/ro\/wp-json\/wp\/v2\/media\/1227"}],"wp:attachment":[{"href":"https:\/\/caliweedeurope.com\/ro\/wp-json\/wp\/v2\/media?parent=1202"}],"wp:term":[{"taxonomy":"product_brand","embeddable":true,"href":"https:\/\/caliweedeurope.com\/ro\/wp-json\/wp\/v2\/product_brand?post=1202"},{"taxonomy":"product_cat","embeddable":true,"href":"https:\/\/caliweedeurope.com\/ro\/wp-json\/wp\/v2\/product_cat?post=1202"},{"taxonomy":"product_tag","embeddable":true,"href":"https:\/\/caliweedeurope.com\/ro\/wp-json\/wp\/v2\/product_tag?post=1202"}],"curies":[{"name":"wp","href":"https:\/\/api.w.org\/{rel}","templated":true}]}}