{"id":1207,"date":"2024-11-03T21:31:25","date_gmt":"2024-11-03T21:31:25","guid":{"rendered":"https:\/\/caliweedeurope.com\/?post_type=product&#038;p=1207"},"modified":"2024-11-03T21:31:44","modified_gmt":"2024-11-03T21:31:44","slug":"moroccan-hash","status":"publish","type":"product","link":"https:\/\/caliweedeurope.com\/ro\/product\/moroccan-hash\/","title":{"rendered":"moroccan hash"},"content":{"rendered":"<p> Po\u021bi cump\u0103ra hash marocan online. Hash-ul marocan este un produs extras din cannabis. Este compus din preparate comprimate sau purificate ale glandelor de r\u0103\u0219in\u0103 ale tulpinilor. Hash-ul marocan Primero este de la maro deschis la maro \u00eenchis, dar uneori po\u021bi vedea o nuan\u021b\u0103 verzuie \u00een interior. Datorit\u0103 sezonului relativ scurt de cre\u0219tere a marijuana, plantele de cannabis p\u0103streaz\u0103 o culoare verde bun\u0103 la momentul recoltei. Hash marocan Slate legal de v\u00e2nzare online. Acesta produce aproximativ 15.000 de tone de hash, care sunt exportate \u00een Europa (\u00een special \u00een Spania, Fran\u021ba, Belgia, Olanda, Germania, Elve\u021bia \u0219i Italia). Culoare: Verde p\u00e2n\u0103 la maro. Cump\u0103r\u0103 hash marocan, cump\u0103r\u0103 hash marocan, cump\u0103r\u0103 hash marocan online USA, cump\u0103r\u0103 hash marocan online UK, hash marocan aproape de mine, unde s\u0103 cump\u0103r hash marocan aproape de mine, comand\u0103 hash online USA sau comand\u0103 hash online UK.<\/p>","protected":false},"excerpt":{"rendered":"<p>Cump\u0103r\u0103 hash marocan online UK, un produs extras compus din preparate comprimate sau purificate din glandele de r\u0103\u0219in\u0103 ale tulpinilor, denumite tricomi, ale plantei de canabis.<br \/> Cu toate acestea, con\u021bine acelea\u0219i ingrediente active ca marijuana, cum ar fi tetrahidrocanabinolul (THC). Con\u021bine \u0219i cannabinoizi, dar adesea \u00een concentra\u021bii mai mari dec\u00e2t mugurii nesifona\u021bi.<br \/> Hasis \u2013 solid sau r\u0103\u0219inos \u00een func\u021bie de preg\u0103tire, de obicei solid pentru hasis presat. \u00cen timp ce hasis-ul purificat cu ap\u0103 \u2013 adesea denumit \u201ebubble melt hash\u201d \u2013 este o substan\u021b\u0103 asem\u0103n\u0103toare pastei cu duritate \u0219i flexibilitate variabile; culoarea sa, de obicei de la maro deschis la maro \u00eenchis, poate varia de la transparent la galben, maro, negru sau ro\u0219u. Totul depinde de proces \u0219i de cantitatea de solvent r\u0103mas. Contacteaz\u0103-ne<\/p>","protected":false},"featured_media":1229,"comment_status":"closed","ping_status":"closed","template":"","meta":{"_uag_custom_page_level_css":"","site-sidebar-layout":"default","site-content-layout":"","ast-site-content-layout":"","site-content-style":"default","site-sidebar-style":"default","ast-global-header-display":"","ast-banner-title-visibility":"","ast-main-header-display":"","ast-hfb-above-header-display":"","ast-hfb-below-header-display":"","ast-hfb-mobile-header-display":"","site-post-title":"","ast-breadcrumbs-content":"","ast-featured-img":"","footer-sml-layout":"","theme-transparent-header-meta":"","adv-header-id-meta":"","stick-header-meta":"","header-above-stick-meta":"","header-main-stick-meta":"","header-below-stick-meta":"","astra-migrate-meta-layouts":"default","ast-page-background-enabled":"default","ast-page-background-meta":{"desktop":{"background-color":"var(--ast-global-color-4)","background-image":"","background-repeat":"repeat","background-position":"center center","background-size":"auto","background-attachment":"scroll","background-type":"","background-media":"","overlay-type":"","overlay-color":"","overlay-opacity":"","overlay-gradient":""},"tablet":{"background-color":"","background-image":"","background-repeat":"repeat","background-position":"center center","background-size":"auto","background-attachment":"scroll","background-type":"","background-media":"","overlay-type":"","overlay-color":"","overlay-opacity":"","overlay-gradient":""},"mobile":{"background-color":"","background-image":"","background-repeat":"repeat","background-position":"center center","background-size":"auto","background-attachment":"scroll","background-type":"","background-media":"","overlay-type":"","overlay-color":"","overlay-opacity":"","overlay-gradient":""}},"ast-content-background-meta":{"desktop":{"background-color":"var(--ast-global-color-5)","background-image":"","background-repeat":"repeat","background-position":"center center","background-size":"auto","background-attachment":"scroll","background-type":"","background-media":"","overlay-type":"","overlay-color":"","overlay-opacity":"","overlay-gradient":""},"tablet":{"background-color":"var(--ast-global-color-5)","background-image":"","background-repeat":"repeat","background-position":"center center","background-size":"auto","background-attachment":"scroll","background-type":"","background-media":"","overlay-type":"","overlay-color":"","overlay-opacity":"","overlay-gradient":""},"mobile":{"background-color":"var(--ast-global-color-5)","background-image":"","background-repeat":"repeat","background-position":"center center","background-size":"auto","background-attachment":"scroll","background-type":"","background-media":"","overlay-type":"","overlay-color":"","overlay-opacity":"","overlay-gradient":""}}},"product_brand":[],"product_cat":[77],"product_tag":[78,79,80,81,82,83],"class_list":{"0":"post-1207","1":"product","2":"type-product","3":"status-publish","4":"has-post-thumbnail","6":"product_cat-buy-hash-online","7":"product_tag-buy-moroccan-hash","8":"product_tag-buy-moroccan-hash-online-usa","9":"product_tag-moroccan-hash-for-sale","10":"product_tag-moroccan-hash-near-me","11":"product_tag-order-hash-online-usa","12":"product_tag-where-to-buy-hash","13":"desktop-align-center","14":"tablet-align-left","15":"mobile-align-left","17":"first","18":"instock","19":"shipping-taxable","20":"purchasable","21":"product-type-variable"},"uagb_featured_image_src":{"full":["https:\/\/caliweedeurope.com\/wp-content\/uploads\/2024\/11\/Diamond-Moroccan-Hash-600x600-1.jpg",600,600,false],"thumbnail":["https:\/\/caliweedeurope.com\/wp-content\/uploads\/2024\/11\/Diamond-Moroccan-Hash-600x600-1-150x150.jpg",150,150,true],"medium":["https:\/\/caliweedeurope.com\/wp-content\/uploads\/2024\/11\/Diamond-Moroccan-Hash-600x600-1-300x300.jpg",300,300,true],"medium_large":["https:\/\/caliweedeurope.com\/wp-content\/uploads\/2024\/11\/Diamond-Moroccan-Hash-600x600-1.jpg",600,600,false],"large":["https:\/\/caliweedeurope.com\/wp-content\/uploads\/2024\/11\/Diamond-Moroccan-Hash-600x600-1.jpg",600,600,false],"1536x1536":["https:\/\/caliweedeurope.com\/wp-content\/uploads\/2024\/11\/Diamond-Moroccan-Hash-600x600-1.jpg",600,600,false],"2048x2048":["https:\/\/caliweedeurope.com\/wp-content\/uploads\/2024\/11\/Diamond-Moroccan-Hash-600x600-1.jpg",600,600,false],"trp-custom-language-flag":["https:\/\/caliweedeurope.com\/wp-content\/uploads\/2024\/11\/Diamond-Moroccan-Hash-600x600-1.jpg",12,12,false],"woocommerce_thumbnail":["https:\/\/caliweedeurope.com\/wp-content\/uploads\/2024\/11\/Diamond-Moroccan-Hash-600x600-1-300x300.jpg",300,300,true],"woocommerce_single":["https:\/\/caliweedeurope.com\/wp-content\/uploads\/2024\/11\/Diamond-Moroccan-Hash-600x600-1.jpg",600,600,false],"woocommerce_gallery_thumbnail":["https:\/\/caliweedeurope.com\/wp-content\/uploads\/2024\/11\/Diamond-Moroccan-Hash-600x600-1-100x100.jpg",100,100,true]},"uagb_author_info":{"display_name":"jetskiforsaleuk@gmail.com","author_link":"https:\/\/caliweedeurope.com\/ro\/author\/"},"uagb_comment_info":0,"uagb_excerpt":"Buy moroccan hash online uk, An extracted product composed of compressed or purified preparations of stalked resin glands, called trichomes, from the cannabis plant. It, however, contains the same active ingredients as marijuana as tetrahydrocannabinol (THC). Also, contains cannabinoids, but often in higher concentrations than the unsifted buds. Hashish \u2013 solid or resinous depending on&hellip;","_links":{"self":[{"href":"https:\/\/caliweedeurope.com\/ro\/wp-json\/wp\/v2\/product\/1207"}],"collection":[{"href":"https:\/\/caliweedeurope.com\/ro\/wp-json\/wp\/v2\/product"}],"about":[{"href":"https:\/\/caliweedeurope.com\/ro\/wp-json\/wp\/v2\/types\/product"}],"replies":[{"embeddable":true,"href":"https:\/\/caliweedeurope.com\/ro\/wp-json\/wp\/v2\/comments?post=1207"}],"wp:featuredmedia":[{"embeddable":true,"href":"https:\/\/caliweedeurope.com\/ro\/wp-json\/wp\/v2\/media\/1229"}],"wp:attachment":[{"href":"https:\/\/caliweedeurope.com\/ro\/wp-json\/wp\/v2\/media?parent=1207"}],"wp:term":[{"taxonomy":"product_brand","embeddable":true,"href":"https:\/\/caliweedeurope.com\/ro\/wp-json\/wp\/v2\/product_brand?post=1207"},{"taxonomy":"product_cat","embeddable":true,"href":"https:\/\/caliweedeurope.com\/ro\/wp-json\/wp\/v2\/product_cat?post=1207"},{"taxonomy":"product_tag","embeddable":true,"href":"https:\/\/caliweedeurope.com\/ro\/wp-json\/wp\/v2\/product_tag?post=1207"}],"curies":[{"name":"wp","href":"https:\/\/api.w.org\/{rel}","templated":true}]}}