{"id":1237,"date":"2024-11-03T21:31:45","date_gmt":"2024-11-03T21:31:45","guid":{"rendered":"https:\/\/caliweedeurope.com\/?post_type=product&#038;p=1237"},"modified":"2024-11-03T21:32:06","modified_gmt":"2024-11-03T21:32:06","slug":"smart-buds-dosi-og","status":"publish","type":"product","link":"https:\/\/caliweedeurope.com\/ro\/product\/smart-buds-dosi-og\/","title":{"rendered":"Smart Buds (Dosi Og)"},"content":{"rendered":"<p>Cutii Smart Buds de v\u00e2nzare. Cannabisul este un drog pe baz\u0103 de plante care se face din planta de cannabis. Con\u021bine substan\u021be chimice numite cannabinoizi. Cannabinoizii afecteaz\u0103 sistemul nervos central, care include creierul \u0219i nervii. Cannabinoizii se g\u0103sesc \u00een cele mai mari concentra\u021bii \u00een frunzele \u0219i florile de cannabis. Acestea sunt p\u0103r\u021bile plantei utilizate pentru a fabrica medicamente. Nu confunda\u021bi cannabisul cu c\u00e2nepa. C\u00e2nepa este o plant\u0103 similar\u0103, dar este cultivat\u0103 pentru p\u0103r\u021bile grosiere ale plantei (fibra) \u0219i pentru semin\u021be. C\u00e2nepa con\u021bine niveluri foarte sc\u0103zute de delta-9-tetrahidrocannabinol (THC), mai pu\u021bin de 0,3%. At\u00e2t c\u00e2nepa, c\u00e2t \u0219i cannabisul con\u021bin \u0219i al\u021bi cannabinoizi care sunt uneori utiliza\u021bi ca medicamente. Consulta\u021bi subiecte specifice pentru informa\u021bii despre cannabidiol (CBD), cannabidivarin (CBDV), cannabigerol (CBG) \u0219i tetrahydrocannabivarin (THCV).<\/p>\n<p>Unii oameni iau extract de cannabis pe cale oral\u0103 sau ca spray aplicat sub limb\u0103 pentru durere \u0219i simptomele sclerozei multiple.<\/p>\n<p>Oamenii inhaleaz\u0103 cannabis pentru grea\u021b\u0103, v\u0103rs\u0103turi, o boal\u0103 ocular\u0103 numit\u0103 glaucom \u0219i multe alte afec\u021biuni, dar nu exist\u0103 dovezi \u0219tiin\u021bifice solide care s\u0103 sus\u021bin\u0103 aceste utiliz\u0103ri.<\/p>\n<p>Unii oameni folosesc \u0219i cannabis pentru a se sim\u021bi bine. \u00cen acest caz, este folosit ca \u201edrog recreativ\u201d \u0219i este luat pe cale oral\u0103 sau fumat (inhalat).<\/p>\n<p>\u00cen Statele Unite, cannabisul este ilegal conform legii federale. Este clasificat ca o substan\u021b\u0103 controlat\u0103 de tipul I. Totu\u0219i, unele state, inclusiv California, Colorado, Washington, Oregon, Arizona \u0219i altele, au legalizat sau decriminalizat utilizarea cannabisului. Unele \u021b\u0103ri, precum Canada, au legalizat \u0219i ele utilizarea cannabisului. Cutii Smart Buds de v\u00e2nzare.<\/p>\n<p class=\"translation-block\">Cum func\u021bioneaz\u0103?<br> Cannabisul con\u021bine substan\u021be chimice care se leag\u0103 de site-uri specifice din creier \u0219i pe nervi.<\/p>","protected":false},"excerpt":{"rendered":"<p>smart buds tins for sale. Cannabis is an herbal drug that is make from the Cannabis plant. It contains chemicals called cannabinoids. Cannabinoids affect the central nervous system, which includes the brain and nerves. Cannabinoids are found in the highest levels in the leaves and flowers of cannabis. These are the parts of the herb [&hellip;]<\/p>","protected":false},"featured_media":1265,"comment_status":"closed","ping_status":"closed","template":"","meta":{"_uag_custom_page_level_css":"","site-sidebar-layout":"default","site-content-layout":"","ast-site-content-layout":"","site-content-style":"default","site-sidebar-style":"default","ast-global-header-display":"","ast-banner-title-visibility":"","ast-main-header-display":"","ast-hfb-above-header-display":"","ast-hfb-below-header-display":"","ast-hfb-mobile-header-display":"","site-post-title":"","ast-breadcrumbs-content":"","ast-featured-img":"","footer-sml-layout":"","theme-transparent-header-meta":"","adv-header-id-meta":"","stick-header-meta":"","header-above-stick-meta":"","header-main-stick-meta":"","header-below-stick-meta":"","astra-migrate-meta-layouts":"default","ast-page-background-enabled":"default","ast-page-background-meta":{"desktop":{"background-color":"var(--ast-global-color-4)","background-image":"","background-repeat":"repeat","background-position":"center center","background-size":"auto","background-attachment":"scroll","background-type":"","background-media":"","overlay-type":"","overlay-color":"","overlay-opacity":"","overlay-gradient":""},"tablet":{"background-color":"","background-image":"","background-repeat":"repeat","background-position":"center center","background-size":"auto","background-attachment":"scroll","background-type":"","background-media":"","overlay-type":"","overlay-color":"","overlay-opacity":"","overlay-gradient":""},"mobile":{"background-color":"","background-image":"","background-repeat":"repeat","background-position":"center center","background-size":"auto","background-attachment":"scroll","background-type":"","background-media":"","overlay-type":"","overlay-color":"","overlay-opacity":"","overlay-gradient":""}},"ast-content-background-meta":{"desktop":{"background-color":"var(--ast-global-color-5)","background-image":"","background-repeat":"repeat","background-position":"center center","background-size":"auto","background-attachment":"scroll","background-type":"","background-media":"","overlay-type":"","overlay-color":"","overlay-opacity":"","overlay-gradient":""},"tablet":{"background-color":"var(--ast-global-color-5)","background-image":"","background-repeat":"repeat","background-position":"center center","background-size":"auto","background-attachment":"scroll","background-type":"","background-media":"","overlay-type":"","overlay-color":"","overlay-opacity":"","overlay-gradient":""},"mobile":{"background-color":"var(--ast-global-color-5)","background-image":"","background-repeat":"repeat","background-position":"center center","background-size":"auto","background-attachment":"scroll","background-type":"","background-media":"","overlay-type":"","overlay-color":"","overlay-opacity":"","overlay-gradient":""}}},"product_brand":[],"product_cat":[59],"product_tag":[94,95,96,97,98],"class_list":{"0":"post-1237","1":"product","2":"type-product","3":"status-publish","4":"has-post-thumbnail","6":"product_cat-cali-tins","7":"product_tag-dosi-driver-strain","8":"product_tag-jungle-mac-seeds","9":"product_tag-jungle-mac-strain","10":"product_tag-mac-truck-driver-strain","11":"product_tag-truck-driver-strain","12":"desktop-align-center","13":"tablet-align-left","14":"mobile-align-left","16":"first","17":"instock","18":"shipping-taxable","19":"purchasable","20":"product-type-variable"},"uagb_featured_image_src":{"full":["https:\/\/caliweedeurope.com\/wp-content\/uploads\/2024\/11\/ef38ace6-56d9-4a22-aac0-0834a8466900.jpg",750,745,false],"thumbnail":["https:\/\/caliweedeurope.com\/wp-content\/uploads\/2024\/11\/ef38ace6-56d9-4a22-aac0-0834a8466900-150x150.jpg",150,150,true],"medium":["https:\/\/caliweedeurope.com\/wp-content\/uploads\/2024\/11\/ef38ace6-56d9-4a22-aac0-0834a8466900-300x298.jpg",300,298,true],"medium_large":["https:\/\/caliweedeurope.com\/wp-content\/uploads\/2024\/11\/ef38ace6-56d9-4a22-aac0-0834a8466900.jpg",750,745,false],"large":["https:\/\/caliweedeurope.com\/wp-content\/uploads\/2024\/11\/ef38ace6-56d9-4a22-aac0-0834a8466900.jpg",750,745,false],"1536x1536":["https:\/\/caliweedeurope.com\/wp-content\/uploads\/2024\/11\/ef38ace6-56d9-4a22-aac0-0834a8466900.jpg",750,745,false],"2048x2048":["https:\/\/caliweedeurope.com\/wp-content\/uploads\/2024\/11\/ef38ace6-56d9-4a22-aac0-0834a8466900.jpg",750,745,false],"trp-custom-language-flag":["https:\/\/caliweedeurope.com\/wp-content\/uploads\/2024\/11\/ef38ace6-56d9-4a22-aac0-0834a8466900.jpg",12,12,false],"woocommerce_thumbnail":["https:\/\/caliweedeurope.com\/wp-content\/uploads\/2024\/11\/ef38ace6-56d9-4a22-aac0-0834a8466900-300x300.jpg",300,300,true],"woocommerce_single":["https:\/\/caliweedeurope.com\/wp-content\/uploads\/2024\/11\/ef38ace6-56d9-4a22-aac0-0834a8466900-600x596.jpg",600,596,true],"woocommerce_gallery_thumbnail":["https:\/\/caliweedeurope.com\/wp-content\/uploads\/2024\/11\/ef38ace6-56d9-4a22-aac0-0834a8466900-100x100.jpg",100,100,true]},"uagb_author_info":{"display_name":"jetskiforsaleuk@gmail.com","author_link":"https:\/\/caliweedeurope.com\/ro\/author\/"},"uagb_comment_info":0,"uagb_excerpt":"smart buds tins for sale. Cannabis is an herbal drug that is make from the Cannabis plant. It contains chemicals called cannabinoids. Cannabinoids affect the central nervous system, which includes the brain and nerves. Cannabinoids are found in the highest levels in the leaves and flowers of cannabis. These are the parts of the herb&hellip;","_links":{"self":[{"href":"https:\/\/caliweedeurope.com\/ro\/wp-json\/wp\/v2\/product\/1237"}],"collection":[{"href":"https:\/\/caliweedeurope.com\/ro\/wp-json\/wp\/v2\/product"}],"about":[{"href":"https:\/\/caliweedeurope.com\/ro\/wp-json\/wp\/v2\/types\/product"}],"replies":[{"embeddable":true,"href":"https:\/\/caliweedeurope.com\/ro\/wp-json\/wp\/v2\/comments?post=1237"}],"wp:featuredmedia":[{"embeddable":true,"href":"https:\/\/caliweedeurope.com\/ro\/wp-json\/wp\/v2\/media\/1265"}],"wp:attachment":[{"href":"https:\/\/caliweedeurope.com\/ro\/wp-json\/wp\/v2\/media?parent=1237"}],"wp:term":[{"taxonomy":"product_brand","embeddable":true,"href":"https:\/\/caliweedeurope.com\/ro\/wp-json\/wp\/v2\/product_brand?post=1237"},{"taxonomy":"product_cat","embeddable":true,"href":"https:\/\/caliweedeurope.com\/ro\/wp-json\/wp\/v2\/product_cat?post=1237"},{"taxonomy":"product_tag","embeddable":true,"href":"https:\/\/caliweedeurope.com\/ro\/wp-json\/wp\/v2\/product_tag?post=1237"}],"curies":[{"name":"wp","href":"https:\/\/api.w.org\/{rel}","templated":true}]}}