{"id":1242,"date":"2024-11-03T21:31:46","date_gmt":"2024-11-03T21:31:46","guid":{"rendered":"https:\/\/caliweedeurope.com\/?post_type=product&#038;p=1242"},"modified":"2024-11-03T21:32:06","modified_gmt":"2024-11-03T21:32:06","slug":"space-monkey-meds","status":"publish","type":"product","link":"https:\/\/caliweedeurope.com\/ro\/product\/space-monkey-meds\/","title":{"rendered":"Space Monkey meds"},"content":{"rendered":"<p>Space Monkey Meds acord\u0103 prioritate detaliilor, \u00een\u021beleg\u00e2nd c\u0103 grija atent\u0103 \u0219i aten\u021bia sunt cele care diferen\u021biaz\u0103 florile lor de restul. Folosind cocos, metode de cultivare \u00een interior \u0219i aten\u021bie manual\u0103 la t\u0103iere, au lucrat aproape un deceniu pentru a g\u0103si fenotipurile ideale ale fiec\u0103rui soi de marijuana.<\/p>\n<p>Dup\u0103 mul\u021bi ani de cultivare, Space Monkey Meds este m\u00e2ndru s\u0103 ofere o selec\u021bie variat\u0103 de flori de cannabis pentru pacien\u021bi \u0219i colective. Cel mai bine v\u00e2ndut soi al lor este Grateful Breath, a c\u0103rui genetic\u0103 provine de la Gage Green Genetics. Mo\u0219tenirea Indica a Grateful Breath provine din cel mai bun fenotip al OGKB \u0219i ofer\u0103 o experien\u021b\u0103 extrem de medicinal\u0103 \u0219i pl\u0103cut\u0103.<\/p>\n<p>Space Monkey Meds cultiv\u0103 flori de o calitate extraordinar\u0103. Cultiv\u00e2ndu-\u0219i soiurile \u00een interior, cu un nivel expert de control al calit\u0103\u021bii \u0219i tehnici de cultivare, Space Monkey Meds acord\u0103 aten\u021bie fiec\u0103rui detaliu pentru a oferi clien\u021bilor cele mai bune flori de cannabis posibile. Echipa lor experimentat\u0103 de cultivatori, cuno\u0219tin\u021bele personale despre ceea ce caut\u0103 pacien\u021bii \u0219i istoria lor \u00een Triunghiul de Smarald din Humboldt propulseaz\u0103 florile Space Monkey Meds \u00een topul pie\u021bei de cannabis.<\/p>\n<p>De\u0219i au \u00eenceput s\u0103 \u00ee\u0219i creeze brandul \u00een 2016, Space Monkey Meds are zeci de ani de experien\u021b\u0103 \u00een cultivare \u0219i au livrat marijuana cultivat\u0103 acas\u0103 pacien\u021bilor din zona Bay din 2012 \u0219i au distribuit florile lor la numeroase dispensare locale. Prin serviciul lor de livrare, echipa fondatoare a cultivat o \u00een\u021belegere profund\u0103 a ceea ce c\u0103utau pacien\u021bii, \u00een timp ce comportamentul lor profesionist \u0219i cannabisul de \u00eenalt\u0103 calitate f\u0103ceau ca dispensarele s\u0103 se \u00eentoarc\u0103 pentru mai mult. Fondatorul Space Monkey Meds a fost printre primii care au oferit produsul \u00eentr-o conserv\u0103, iar ace\u0219tia au construit treptat o reputa\u021bie care se potrivea cu standardele lor \u00eenalte de excelen\u021b\u0103. \u00cen sf\u00e2r\u0219it, preg\u0103ti\u021bi pentru decolarea lor, Space Monkey Meds a lansat brandul \u00een 2016 pentru a asocia un nume cu marijuana adorat\u0103 de pacien\u021bi \u0219i dispensare. De atunci, au ajuns la mai multe colective, au participat la mai multe evenimente \u0219i \u00ee\u0219i r\u0103sp\u00e2ndesc florile pentru a atinge mai multe col\u021buri ale industriei de cannabis.<\/p>\n<p>Space Monkey Meds colaboreaz\u0103 cu m\u00e2ndrie cu SC Labs pentru a testa florile lor de cannabis pentru asigurarea calit\u0103\u021bii. Fiecare lot de flori este testat pentru con\u021binutul de THC \u0219i pesticide.<\/p>\n<p>&nbsp;<\/p>","protected":false},"excerpt":{"rendered":"<p>Space Monkey Meds prioritizes details, understanding that close care and attention are what set their flowers apart from the crowd. Using coco, indoor growing methods and hand-trimmed attention, they\u2019ve tended their genetics for nearly a decade to find the ideal phenotypes of each of their marijuana strains. After their many years of growing, Space Monkey [&hellip;]<\/p>","protected":false},"featured_media":1267,"comment_status":"closed","ping_status":"closed","template":"","meta":{"_uag_custom_page_level_css":"","site-sidebar-layout":"default","site-content-layout":"","ast-site-content-layout":"","site-content-style":"default","site-sidebar-style":"default","ast-global-header-display":"","ast-banner-title-visibility":"","ast-main-header-display":"","ast-hfb-above-header-display":"","ast-hfb-below-header-display":"","ast-hfb-mobile-header-display":"","site-post-title":"","ast-breadcrumbs-content":"","ast-featured-img":"","footer-sml-layout":"","theme-transparent-header-meta":"","adv-header-id-meta":"","stick-header-meta":"","header-above-stick-meta":"","header-main-stick-meta":"","header-below-stick-meta":"","astra-migrate-meta-layouts":"default","ast-page-background-enabled":"default","ast-page-background-meta":{"desktop":{"background-color":"var(--ast-global-color-4)","background-image":"","background-repeat":"repeat","background-position":"center center","background-size":"auto","background-attachment":"scroll","background-type":"","background-media":"","overlay-type":"","overlay-color":"","overlay-opacity":"","overlay-gradient":""},"tablet":{"background-color":"","background-image":"","background-repeat":"repeat","background-position":"center center","background-size":"auto","background-attachment":"scroll","background-type":"","background-media":"","overlay-type":"","overlay-color":"","overlay-opacity":"","overlay-gradient":""},"mobile":{"background-color":"","background-image":"","background-repeat":"repeat","background-position":"center center","background-size":"auto","background-attachment":"scroll","background-type":"","background-media":"","overlay-type":"","overlay-color":"","overlay-opacity":"","overlay-gradient":""}},"ast-content-background-meta":{"desktop":{"background-color":"var(--ast-global-color-5)","background-image":"","background-repeat":"repeat","background-position":"center center","background-size":"auto","background-attachment":"scroll","background-type":"","background-media":"","overlay-type":"","overlay-color":"","overlay-opacity":"","overlay-gradient":""},"tablet":{"background-color":"var(--ast-global-color-5)","background-image":"","background-repeat":"repeat","background-position":"center center","background-size":"auto","background-attachment":"scroll","background-type":"","background-media":"","overlay-type":"","overlay-color":"","overlay-opacity":"","overlay-gradient":""},"mobile":{"background-color":"var(--ast-global-color-5)","background-image":"","background-repeat":"repeat","background-position":"center center","background-size":"auto","background-attachment":"scroll","background-type":"","background-media":"","overlay-type":"","overlay-color":"","overlay-opacity":"","overlay-gradient":""}}},"product_brand":[],"product_cat":[59],"product_tag":[99,100,101,102,103],"class_list":{"0":"post-1242","1":"product","2":"type-product","3":"status-publish","4":"has-post-thumbnail","6":"product_cat-cali-tins","7":"product_tag-space-monkey-edibles","8":"product_tag-space-monkey-meds-australia","9":"product_tag-space-monkey-meds-ireland","10":"product_tag-space-monkey-meds-reddit","11":"product_tag-space-monkey-meds-supply","12":"desktop-align-center","13":"tablet-align-left","14":"mobile-align-left","16":"first","17":"instock","18":"shipping-taxable","19":"purchasable","20":"product-type-variable"},"uagb_featured_image_src":{"full":["https:\/\/caliweedeurope.com\/wp-content\/uploads\/2024\/11\/bb0a65d3-ed3e-4d5b-94ea-ca079b1d77c2.jpg",1080,1080,false],"thumbnail":["https:\/\/caliweedeurope.com\/wp-content\/uploads\/2024\/11\/bb0a65d3-ed3e-4d5b-94ea-ca079b1d77c2-150x150.jpg",150,150,true],"medium":["https:\/\/caliweedeurope.com\/wp-content\/uploads\/2024\/11\/bb0a65d3-ed3e-4d5b-94ea-ca079b1d77c2-300x300.jpg",300,300,true],"medium_large":["https:\/\/caliweedeurope.com\/wp-content\/uploads\/2024\/11\/bb0a65d3-ed3e-4d5b-94ea-ca079b1d77c2-768x768.jpg",768,768,true],"large":["https:\/\/caliweedeurope.com\/wp-content\/uploads\/2024\/11\/bb0a65d3-ed3e-4d5b-94ea-ca079b1d77c2-1024x1024.jpg",1024,1024,true],"1536x1536":["https:\/\/caliweedeurope.com\/wp-content\/uploads\/2024\/11\/bb0a65d3-ed3e-4d5b-94ea-ca079b1d77c2.jpg",1080,1080,false],"2048x2048":["https:\/\/caliweedeurope.com\/wp-content\/uploads\/2024\/11\/bb0a65d3-ed3e-4d5b-94ea-ca079b1d77c2.jpg",1080,1080,false],"trp-custom-language-flag":["https:\/\/caliweedeurope.com\/wp-content\/uploads\/2024\/11\/bb0a65d3-ed3e-4d5b-94ea-ca079b1d77c2.jpg",12,12,false],"woocommerce_thumbnail":["https:\/\/caliweedeurope.com\/wp-content\/uploads\/2024\/11\/bb0a65d3-ed3e-4d5b-94ea-ca079b1d77c2-300x300.jpg",300,300,true],"woocommerce_single":["https:\/\/caliweedeurope.com\/wp-content\/uploads\/2024\/11\/bb0a65d3-ed3e-4d5b-94ea-ca079b1d77c2-600x600.jpg",600,600,true],"woocommerce_gallery_thumbnail":["https:\/\/caliweedeurope.com\/wp-content\/uploads\/2024\/11\/bb0a65d3-ed3e-4d5b-94ea-ca079b1d77c2-100x100.jpg",100,100,true]},"uagb_author_info":{"display_name":"jetskiforsaleuk@gmail.com","author_link":"https:\/\/caliweedeurope.com\/ro\/author\/"},"uagb_comment_info":0,"uagb_excerpt":"Space Monkey Meds prioritizes details, understanding that close care and attention are what set their flowers apart from the crowd. Using coco, indoor growing methods and hand-trimmed attention, they\u2019ve tended their genetics for nearly a decade to find the ideal phenotypes of each of their marijuana strains. After their many years of growing, Space Monkey&hellip;","_links":{"self":[{"href":"https:\/\/caliweedeurope.com\/ro\/wp-json\/wp\/v2\/product\/1242"}],"collection":[{"href":"https:\/\/caliweedeurope.com\/ro\/wp-json\/wp\/v2\/product"}],"about":[{"href":"https:\/\/caliweedeurope.com\/ro\/wp-json\/wp\/v2\/types\/product"}],"replies":[{"embeddable":true,"href":"https:\/\/caliweedeurope.com\/ro\/wp-json\/wp\/v2\/comments?post=1242"}],"wp:featuredmedia":[{"embeddable":true,"href":"https:\/\/caliweedeurope.com\/ro\/wp-json\/wp\/v2\/media\/1267"}],"wp:attachment":[{"href":"https:\/\/caliweedeurope.com\/ro\/wp-json\/wp\/v2\/media?parent=1242"}],"wp:term":[{"taxonomy":"product_brand","embeddable":true,"href":"https:\/\/caliweedeurope.com\/ro\/wp-json\/wp\/v2\/product_brand?post=1242"},{"taxonomy":"product_cat","embeddable":true,"href":"https:\/\/caliweedeurope.com\/ro\/wp-json\/wp\/v2\/product_cat?post=1242"},{"taxonomy":"product_tag","embeddable":true,"href":"https:\/\/caliweedeurope.com\/ro\/wp-json\/wp\/v2\/product_tag?post=1242"}],"curies":[{"name":"wp","href":"https:\/\/api.w.org\/{rel}","templated":true}]}}