{"id":1262,"date":"2024-11-03T21:31:46","date_gmt":"2024-11-03T21:31:46","guid":{"rendered":"https:\/\/caliweedeurope.com\/?post_type=product&#038;p=1262"},"modified":"2024-11-03T21:32:23","modified_gmt":"2024-11-03T21:32:23","slug":"stiiizy-sky-og","status":"publish","type":"product","link":"https:\/\/caliweedeurope.com\/ro\/product\/stiiizy-sky-og\/","title":{"rendered":"Stiiizy (Sky og)"},"content":{"rendered":"<p>Aceast\u0103 varietate este adorat\u0103 pentru gustul s\u0103u minunat. De\u0219i efectul nu este la fel de puternic ca al altor soiuri moderne, gustul este de necontestat din alt\u0103 lume. \u0218i de atunci a fost pierdut. \u00cenainte de 1998, Bubba Kush era disponibil doar sub form\u0103 de clon\u0103, dar de atunci a fost replicat pentru ca semin\u021bele sale s\u0103 poat\u0103 fi ambalate \u0219i v\u00e2ndute. Bubba Kush este o indica clasic\u0103 cu un efect sedativ solid care las\u0103 utilizatorii relaxa\u021bi, dar totu\u0219i func\u021bionali. Are un con\u021binut de THC de obicei ridicat, \u00eentre 15 % \u0219i 22 %.<br \/> Stiiizy are flori de dimensiuni mici \u0219i medii care au structura dens\u0103 specific\u0103 soiurilor Indica. Frunzele sunt de un verde \u00eenchis \u0219i uneori pot prezenta nuan\u021be de violet, rezultat al activ\u0103rii pigmentelor antocianine de temperaturi sc\u0103zute \u00een timpul procesului de cre\u0219tere. Este un soi foarte rezinous - un strat de trihome albe acoper\u0103 frunzele colorate \u0219i este chiar vizibil \u0219i \u00een interior c\u00e2nd mugurii sunt deschi\u0219i. Florile au un miros vag de cafea sau cacao, cu o u\u0219oar\u0103 fructo\u0219enie sub. La ardere, Bubba Kush miroase mai mult a hash \u0219i condimente, a\u0219a cum ar fi de a\u0219teptat de la o Kush, cu un fum destul de aspru care provoac\u0103 tuse.<br \/>                                                               REZULTATE REMARCABILE!<br \/> Este de remarcat c\u0103 aceast\u0103 tulpin\u0103, ale c\u0103rei flori violet nu dau un gust asem\u0103n\u0103tor strugurilor: pigmen\u021bii care determin\u0103 culoarea Bubba Kush nu influen\u021beaz\u0103 gustul. Gustul este \u00een mare parte p\u0103m\u00e2ntiu, cu pu\u021bin\u0103 dulcea\u021b\u0103 \u0219i o not\u0103 piperat\u0103 la expira\u021bie. Aceasta este, de asemenea, o tulpin\u0103 deosebit de puternic mirositoare \u2013 utilizatorii preocupa\u021bi de discre\u021bie ar trebui s\u0103 planifice corespunz\u0103tor.<br \/> Neobi\u0219nuit pentru o tulpin\u0103 at\u00e2t de dominant\u0103 indica, efectul Bubba Kush \u00eencepe cu o senza\u021bie distorsionat\u0103 \u0219i dezorientant\u0103 \u00een cap. Totu\u0219i, aceast\u0103 cea\u021b\u0103 face loc unei relax\u0103ri corporale mai a\u0219teptate, care se intensific\u0103 pe m\u0103sur\u0103 ce efectul continu\u0103. De\u0219i fum\u0103torii nu sunt neap\u0103rat energiza\u021bi, pot men\u021bine concentrarea mental\u0103 \u0219i pot conversa sau \u00eendeplini sarcini dup\u0103 caz. \u00cen cea mai mare parte, utilizatorii vor experimenta o relaxare profund\u0103, o respira\u021bie lent\u0103 \u0219i o senza\u021bie palpabil\u0103 de confort fizic.<br \/> Couchlock este rar, l\u0103s\u00e2nd utilizatorii func\u021bionali \u0219i aler\u021bi. Utiliz\u0103rile medicale ale Bubba Kush sunt at\u00e2t mentale, c\u00e2t \u0219i fizice. Comanda\u021bi Stiiizy Pods Texas.<\/p>","protected":false},"excerpt":{"rendered":"<p>Comanda\u021bi Stiiizy Pods Texas, Bubba Kush de V\u00e2nzare Online, Doar la Dispensarul Dvs. de Marijuana Online Premier \u0219i Fiabil, Magazin Online de Cannabis Medicinal.<br \/> Stiiizy este o varietate indica. A fost ini\u021bial un hibrid \u00eentre OG Kush \u0219i Bubble Gum. Plantele rezultate au fost apoi crescute selectiv pe mai multe genera\u021bii pentru a crea floarea perfect\u0103, cunoscut\u0103 sub numele de Bubba Kush.<\/p>","protected":false},"featured_media":1275,"comment_status":"closed","ping_status":"closed","template":"","meta":{"_uag_custom_page_level_css":"","site-sidebar-layout":"default","site-content-layout":"","ast-site-content-layout":"","site-content-style":"default","site-sidebar-style":"default","ast-global-header-display":"","ast-banner-title-visibility":"","ast-main-header-display":"","ast-hfb-above-header-display":"","ast-hfb-below-header-display":"","ast-hfb-mobile-header-display":"","site-post-title":"","ast-breadcrumbs-content":"","ast-featured-img":"","footer-sml-layout":"","theme-transparent-header-meta":"","adv-header-id-meta":"","stick-header-meta":"","header-above-stick-meta":"","header-main-stick-meta":"","header-below-stick-meta":"","astra-migrate-meta-layouts":"default","ast-page-background-enabled":"default","ast-page-background-meta":{"desktop":{"background-color":"var(--ast-global-color-4)","background-image":"","background-repeat":"repeat","background-position":"center center","background-size":"auto","background-attachment":"scroll","background-type":"","background-media":"","overlay-type":"","overlay-color":"","overlay-opacity":"","overlay-gradient":""},"tablet":{"background-color":"","background-image":"","background-repeat":"repeat","background-position":"center center","background-size":"auto","background-attachment":"scroll","background-type":"","background-media":"","overlay-type":"","overlay-color":"","overlay-opacity":"","overlay-gradient":""},"mobile":{"background-color":"","background-image":"","background-repeat":"repeat","background-position":"center center","background-size":"auto","background-attachment":"scroll","background-type":"","background-media":"","overlay-type":"","overlay-color":"","overlay-opacity":"","overlay-gradient":""}},"ast-content-background-meta":{"desktop":{"background-color":"var(--ast-global-color-5)","background-image":"","background-repeat":"repeat","background-position":"center center","background-size":"auto","background-attachment":"scroll","background-type":"","background-media":"","overlay-type":"","overlay-color":"","overlay-opacity":"","overlay-gradient":""},"tablet":{"background-color":"var(--ast-global-color-5)","background-image":"","background-repeat":"repeat","background-position":"center center","background-size":"auto","background-attachment":"scroll","background-type":"","background-media":"","overlay-type":"","overlay-color":"","overlay-opacity":"","overlay-gradient":""},"mobile":{"background-color":"var(--ast-global-color-5)","background-image":"","background-repeat":"repeat","background-position":"center center","background-size":"auto","background-attachment":"scroll","background-type":"","background-media":"","overlay-type":"","overlay-color":"","overlay-opacity":"","overlay-gradient":""}}},"product_brand":[],"product_cat":[114],"product_tag":[119,120,121,122,123],"class_list":{"0":"post-1262","1":"product","2":"type-product","3":"status-publish","4":"has-post-thumbnail","6":"product_cat-wholesale-vape-cartridges-online","7":"product_tag-skywalker-og-stiiizy","8":"product_tag-stiiizy-biscotti","9":"product_tag-stiiizy-gelato","10":"product_tag-stiiizy-og-kush","11":"product_tag-stiiizy-sfv-og","12":"desktop-align-center","13":"tablet-align-left","14":"mobile-align-left","16":"first","17":"instock","18":"shipping-taxable","19":"purchasable","20":"product-type-variable"},"uagb_featured_image_src":{"full":["https:\/\/caliweedeurope.com\/wp-content\/uploads\/2024\/11\/0fcdd104-9491-4b20-94d1-34a7ff48418f.jpg",864,1080,false],"thumbnail":["https:\/\/caliweedeurope.com\/wp-content\/uploads\/2024\/11\/0fcdd104-9491-4b20-94d1-34a7ff48418f-150x150.jpg",150,150,true],"medium":["https:\/\/caliweedeurope.com\/wp-content\/uploads\/2024\/11\/0fcdd104-9491-4b20-94d1-34a7ff48418f-240x300.jpg",240,300,true],"medium_large":["https:\/\/caliweedeurope.com\/wp-content\/uploads\/2024\/11\/0fcdd104-9491-4b20-94d1-34a7ff48418f-768x960.jpg",768,960,true],"large":["https:\/\/caliweedeurope.com\/wp-content\/uploads\/2024\/11\/0fcdd104-9491-4b20-94d1-34a7ff48418f-819x1024.jpg",819,1024,true],"1536x1536":["https:\/\/caliweedeurope.com\/wp-content\/uploads\/2024\/11\/0fcdd104-9491-4b20-94d1-34a7ff48418f.jpg",864,1080,false],"2048x2048":["https:\/\/caliweedeurope.com\/wp-content\/uploads\/2024\/11\/0fcdd104-9491-4b20-94d1-34a7ff48418f.jpg",864,1080,false],"trp-custom-language-flag":["https:\/\/caliweedeurope.com\/wp-content\/uploads\/2024\/11\/0fcdd104-9491-4b20-94d1-34a7ff48418f.jpg",10,12,false],"woocommerce_thumbnail":["https:\/\/caliweedeurope.com\/wp-content\/uploads\/2024\/11\/0fcdd104-9491-4b20-94d1-34a7ff48418f-300x300.jpg",300,300,true],"woocommerce_single":["https:\/\/caliweedeurope.com\/wp-content\/uploads\/2024\/11\/0fcdd104-9491-4b20-94d1-34a7ff48418f-600x750.jpg",600,750,true],"woocommerce_gallery_thumbnail":["https:\/\/caliweedeurope.com\/wp-content\/uploads\/2024\/11\/0fcdd104-9491-4b20-94d1-34a7ff48418f-100x100.jpg",100,100,true]},"uagb_author_info":{"display_name":"jetskiforsaleuk@gmail.com","author_link":"https:\/\/caliweedeurope.com\/ro\/author\/"},"uagb_comment_info":0,"uagb_excerpt":"Order stiiizy pods texas, Bubba Kush For Sale Online, Only at Your Premier and Reliable Online Marijuana Dispensary, Medical Cannabis Online Store Stiiizy is an indica strain. It was originally a cross of OG Kush and Bubble Gum. The resulting plants were then selectively bred for multiple generations to create the perfect bud, known as&hellip;","_links":{"self":[{"href":"https:\/\/caliweedeurope.com\/ro\/wp-json\/wp\/v2\/product\/1262"}],"collection":[{"href":"https:\/\/caliweedeurope.com\/ro\/wp-json\/wp\/v2\/product"}],"about":[{"href":"https:\/\/caliweedeurope.com\/ro\/wp-json\/wp\/v2\/types\/product"}],"replies":[{"embeddable":true,"href":"https:\/\/caliweedeurope.com\/ro\/wp-json\/wp\/v2\/comments?post=1262"}],"wp:featuredmedia":[{"embeddable":true,"href":"https:\/\/caliweedeurope.com\/ro\/wp-json\/wp\/v2\/media\/1275"}],"wp:attachment":[{"href":"https:\/\/caliweedeurope.com\/ro\/wp-json\/wp\/v2\/media?parent=1262"}],"wp:term":[{"taxonomy":"product_brand","embeddable":true,"href":"https:\/\/caliweedeurope.com\/ro\/wp-json\/wp\/v2\/product_brand?post=1262"},{"taxonomy":"product_cat","embeddable":true,"href":"https:\/\/caliweedeurope.com\/ro\/wp-json\/wp\/v2\/product_cat?post=1262"},{"taxonomy":"product_tag","embeddable":true,"href":"https:\/\/caliweedeurope.com\/ro\/wp-json\/wp\/v2\/product_tag?post=1262"}],"curies":[{"name":"wp","href":"https:\/\/api.w.org\/{rel}","templated":true}]}}