{"id":1428,"date":"2024-11-03T21:32:51","date_gmt":"2024-11-03T21:32:51","guid":{"rendered":"https:\/\/caliweedeurope.com\/?post_type=product&#038;p=1428"},"modified":"2024-11-03T21:33:26","modified_gmt":"2024-11-03T21:33:26","slug":"gelato-weed-strain-for-sale","status":"publish","type":"product","link":"https:\/\/caliweedeurope.com\/ro\/product\/gelato-weed-strain-for-sale\/","title":{"rendered":"Gelato Weed strain For sale"},"content":{"rendered":"<h1><\/h1>\n<h1>\u00a0Cump\u0103r\u0103 Gelato Weed Strain \u2013 Iarb\u0103 exotic\u0103 de top<\/h1>\n<p class=\"translation-block\">O alt\u0103 varietate de clas\u0103 superioar\u0103 de la Deligentman.com! <span style=\"font-size: 14pt\"><strong>Gelato Weed<\/strong><\/span> este rezultatul \u00eencruci\u0219\u0103rii \u00eentre Thin Mint Girl Scout Cookies \u0219i Sunset Sherbet, dou\u0103 variet\u0103\u021bi populare pentru aromele \u0219i gusturile lor incredibil de delicioase. Gelato este descris\u0103 ca av\u00e2nd arome \u0219i gusturi p\u0103m\u00e2ntoase, dulci, mentolate, citrice, de fructe de p\u0103dure, stejar, sorbet, portocal\u0103, lavand\u0103 \u0219i biscui\u021bi. Planta Gelato este scund\u0103 \u0219i compact\u0103. Frunzele sale sunt verde \u00eenchis, cu nuan\u021be violet intens. Mugurii Gelato sunt violet \u00eenchis, str\u0103b\u0103tu\u021bi de pistiluri portocalii str\u0103lucitoare. Mugurii sunt lipicio\u0219i, cu o acoperire medie de cristale de tricomi.<\/p>\n<p>Soiul Gelato de marijuana are niveluri ridicate de THC, care variaz\u0103 \u00eentre 15% \u0219i 25%, f\u0103c\u00e2ndu-l un soi destul de puternic. Efectele hibride THC Design sunt bine echilibrate \u2013 un amestec interesant de revigorare \u0219i relaxare. Dac\u0103 dore\u0219ti un efect corporal tipic de indica, combinat cu claritatea unei sativa care te men\u021bine suficient de activ pentru a te bucura de efectele unui soi, atunci acesta este pentru tine. Efectele sale apar rapid, \u00eencep\u00e2nd cu un val de euforie \u0219i o senza\u021bie mental\u0103 intens\u0103. Euforia mental\u0103 pe care o ofer\u0103 este beatific\u0103 \u0219i \u00een\u0103l\u021b\u0103toare. Un val de relaxare corporal\u0103 se instaleaz\u0103 treptat, p\u00e2n\u0103 c\u00e2nd te sim\u021bi complet relaxat \u0219i calm, dar oferind suficient\u0103 energie \u0219i concentrare pentru a r\u0103m\u00e2ne pozitiv \u0219i sociabil.<\/p>\n<p class=\"translation-block\">Cump\u0103ra\u021bi Gelato 45 UK<b>,\u00a0<\/b>Gelato\u00a0<b>#45 vs 33 de asemenea cump\u0103ra\u021bi <\/b>Gelato 45\u00a0<b>allbud,\u00a0<\/b>Gelato\u00a0<b>41<\/b>-soi,\u00a0Gelato\u00a0<b>#45 randament,\u00a0<\/b>Gelato 45-soi\u00a0<b>Smart Cart,\u00a0<\/b>Gelato 45\u00a0<b>vs 33,\u00a0<\/b>Gelato 45-soi\u00a0<b>Indica sau Sativa,\u00a0<\/b><b>Gelati vs<\/b>\u00a0Gelato-soi,\u00a0Gelato-soi\u00a0<b>45,\u00a0<\/b><b>Shark<\/b>-Gelato-soi,\u00a0Gelato\u00a0<b>41<\/b>-soi,\u00a0<b>Wedding Cake<\/b>-soi,\u00a0<b>Blueberry<\/b>-Gelato-soi,\u00a0<b>Lemon<\/b>-Gelato-soi, cannabis<\/p>\n<h3>Beneficiile medicale ale utiliz\u0103rii soiului hibrid Gelato Weed<\/h3>\n<p>Efectul cerebral u\u0219or al Gelato, \u00eempreun\u0103 cu relaxarea corporal\u0103 simultan\u0103, \u00eel face un favorit pentru tulbur\u0103rile de anxietate \u0219i stresul cronic. Gelato ofer\u0103 un impuls de energie cerebral\u0103 care ajut\u0103 la ameliorarea depresiei cronice. Aceast\u0103 stimulare poate fi, de asemenea, benefic\u0103 pentru pacien\u021bii cu tulbur\u0103ri de aten\u021bie, cum ar fi ADHD \u0219i ADD. Componenta Indica va relaxa corpul pentru a suprima hiperactivitatea, \u00een timp ce Sativa va oferi stimularea necesar\u0103 pentru men\u021binerea concentr\u0103rii. Soiul Gelato ajut\u0103 la grea\u021b\u0103 datorit\u0103 aromei \u0219i mirosului s\u0103u atr\u0103g\u0103tor; \u00een plus, acest soi de cannabis Gelato va stimula \u0219i apetitul pacien\u021bilor care se confrunt\u0103 cu grea\u021b\u0103 din cauza chimioterapiei pentru cancer sau boli autoimune.<\/p>\n<h3>Efectele tulpinii de marijuana Gelato 45<\/h3>\n<ul>\n<li>Fericit<\/li>\n<li>Euforic<\/li>\n<li>Relaxat<\/li>\n<li>Ridicat<\/li>\n<li>Creativ<\/li>\n<\/ul>\n<p>Clasificare: 55% Indica \/ 45% Sativa<\/p>\n<p>P\u0103rinte: Thin Mint Girl Scout Cookies X Sunset Sherbet<\/p>\n<p>Perioada de \u00eenflorire: 8 \u2013 9 s\u0103pt\u0103m\u00e2ni<\/p>\n<p>Condi\u021bii de cre\u0219tere: Interior \/ Exterior<\/p>\n<p>Recolta: Medie p\u00e2n\u0103 la Mare<\/p>\n<p>&nbsp;<\/p>\n<div id=\"extrares\">\n<div id=\"botstuff\">\n<div data-ved=\"2ahUKEwjOnKHOuNLqAhVbHzQIHWV0BAUQCHoECA0QKA\">\n<div id=\"brs\" data-hveid=\"CAwQAA\">\n<div class=\"card-section\">\n<div class=\"brs_col\">\n<p class=\"nVcaUb translation-block\">Cump\u0103ra\u021bi Gelato 45 UK<b>, unde s\u0103 cump\u0103ra\u021bi <\/b>Gelato\u00a0<b>#45 vs 33, <\/b>Gelato 45\u00a0<b>toate gemurile de v\u00e2nzare, <\/b>Gelato\u00a0<b>41<\/b> soi, Gelato\u00a0<b>#45 randament, <\/b>Gelato 45-soi\u00a0<b>Smart Cart, <\/b>Gelato 45\u00a0<b>vs 33, <\/b>Gelato 45-soi\u00a0<b>Indica sau Sativa, <\/b><b>Gelati vs<\/b> soi gelato, soi gelato\u00a0<b>45, de asemenea, pute\u021bi cump\u0103ra <\/b><b>Shark<\/b> gelato soi, Gelato\u00a0<b>41<\/b> soi, <b>Wedding Cake<\/b> soi, <b>Blueberry<\/b> gelato soi, <b>Sherbet<\/b> soi, <b>Lemon<\/b> gelato soi. Pute\u021bi cump\u0103ra Gelato <a href=\"https:\/\/kifpot.com\/\" target=\"_blank\" rel=\"noopener\">CBD flori de c\u00e2nep\u0103<\/a><\/p>\n<p class=\"translation-block\"><a href=\"https:\/\/deligentman.com\/buy-cannabis-online-uk\/\" target=\"_blank\" rel=\"noopener\"><span style=\"font-weight: 400\">Magazinul nostru<\/span><\/a><span style=\"font-weight: 400\"> este unul dintre cele mai bune magazine pentru a cump\u0103ra canabis online \u00een Regatul Unit, Europa, SUA \u0219i UE, cu sau f\u0103r\u0103 card medical. De asemenea, avem soiuri de canabis de calitate superioar\u0103 pentru v\u00e2nzare. Canabis din Irlanda pentru v\u00e2nzare \u00een SUA. Oferim livrare gratuit\u0103 \u00een Regatul Unit, Europa \u0219i SUA. Aquatic Weed Cutter pentru v\u00e2nzare \u00een Regatul Unit. Cum s\u0103 cumperi canabis online, <\/span><span style=\"font-weight: 400\">comand\u0103 canabis online \u00een Regatul Unit, SUA, UE. <\/span>Cump\u0103r\u0103 canabis online, po\u021bi comanda iarb\u0103 \u0219i canabis online \u00een Regatul Unit. Livr\u0103m rapid folosind Next Day Delivery. Ob\u021bine canabis \u0219i iarb\u0103 pentru v\u00e2nzare \u00een Weed Supermarket din Regatul Unit. Cump\u0103r\u0103 canabis online \u00een Regatul Unit \u0219i comand\u0103 iarb\u0103 UK, Cump\u0103r\u0103 iarb\u0103 online UK Cump\u0103r\u0103 marijuana online UK. Livr\u0103m rapid folosind Next Day Delivery. Iarb\u0103 pentru v\u00e2nzare \u00een Regatul Unit. Aquatic Weed Cutter pentru v\u00e2nzare \u00een Regatul Unit. Cum s\u0103 cumperi iarb\u0103 online.<\/p>\n<\/p><\/div>\n<\/p><\/div>\n<\/p><\/div>\n<\/p><\/div>\n<\/p><\/div>\n<\/p><\/div>\n<div>\n<div id=\"foot\" role=\"navigation\">\n<div class=\"brs_col\">\n<p class=\"nVcaUb\"> <\/div>\n<\/p><\/div>\n<\/p><\/div>","protected":false},"excerpt":{"rendered":"<p>Gelato Weed combin\u0103 farmecul delicat \u0219i fructat al Sunset Sherbert cu aroma p\u0103m\u00e2nteasc\u0103 \u0219i erbacee a Thin Mints. Cu o disponibilitate limitat\u0103 \u0219i un aspect \u0219i un gust \u00eendr\u0103zne\u021b, aceast\u0103 tulpin\u0103 se \u00eencadreaz\u0103 \u00eentr-o categorie emergent\u0103 de hibrizi artizanali de pe coasta de vest, concentra\u021bi pe gust. Gelato are multiple tr\u0103s\u0103turi dorite din linia sa genetic\u0103 intens \u00eencruci\u0219at\u0103 \u0219i se remarc\u0103 prin aspectul \u0219i gustul s\u0103u deosebit. Vibra\u021bia sa psihedelic\u0103, dar relaxant\u0103, o face o alegere perfect\u0103 pentru introspec\u021bie solitar\u0103 sau pentru socializare prietenoas\u0103.<a href=\"http:\/\/kifpot.com\">.<\/a><\/p>","protected":false},"featured_media":1440,"comment_status":"closed","ping_status":"closed","template":"","meta":{"_uag_custom_page_level_css":"","site-sidebar-layout":"default","site-content-layout":"","ast-site-content-layout":"","site-content-style":"default","site-sidebar-style":"default","ast-global-header-display":"","ast-banner-title-visibility":"","ast-main-header-display":"","ast-hfb-above-header-display":"","ast-hfb-below-header-display":"","ast-hfb-mobile-header-display":"","site-post-title":"","ast-breadcrumbs-content":"","ast-featured-img":"","footer-sml-layout":"","theme-transparent-header-meta":"","adv-header-id-meta":"","stick-header-meta":"","header-above-stick-meta":"","header-main-stick-meta":"","header-below-stick-meta":"","astra-migrate-meta-layouts":"default","ast-page-background-enabled":"default","ast-page-background-meta":{"desktop":{"background-color":"var(--ast-global-color-4)","background-image":"","background-repeat":"repeat","background-position":"center center","background-size":"auto","background-attachment":"scroll","background-type":"","background-media":"","overlay-type":"","overlay-color":"","overlay-opacity":"","overlay-gradient":""},"tablet":{"background-color":"","background-image":"","background-repeat":"repeat","background-position":"center center","background-size":"auto","background-attachment":"scroll","background-type":"","background-media":"","overlay-type":"","overlay-color":"","overlay-opacity":"","overlay-gradient":""},"mobile":{"background-color":"","background-image":"","background-repeat":"repeat","background-position":"center center","background-size":"auto","background-attachment":"scroll","background-type":"","background-media":"","overlay-type":"","overlay-color":"","overlay-opacity":"","overlay-gradient":""}},"ast-content-background-meta":{"desktop":{"background-color":"var(--ast-global-color-5)","background-image":"","background-repeat":"repeat","background-position":"center center","background-size":"auto","background-attachment":"scroll","background-type":"","background-media":"","overlay-type":"","overlay-color":"","overlay-opacity":"","overlay-gradient":""},"tablet":{"background-color":"var(--ast-global-color-5)","background-image":"","background-repeat":"repeat","background-position":"center center","background-size":"auto","background-attachment":"scroll","background-type":"","background-media":"","overlay-type":"","overlay-color":"","overlay-opacity":"","overlay-gradient":""},"mobile":{"background-color":"var(--ast-global-color-5)","background-image":"","background-repeat":"repeat","background-position":"center center","background-size":"auto","background-attachment":"scroll","background-type":"","background-media":"","overlay-type":"","overlay-color":"","overlay-opacity":"","overlay-gradient":""}}},"product_brand":[],"product_cat":[22,228],"product_tag":[229,230,231,232,233,234,235,236,237,238,239,240,241,242,243,244,245,246,247,248,138,249],"class_list":{"0":"post-1428","1":"product","2":"type-product","3":"status-publish","4":"has-post-thumbnail","6":"product_cat-hybrid","7":"product_cat-indica","8":"product_tag-blueberry-gelato-strain","9":"product_tag-buy-gelato-45-uk","10":"product_tag-buy-gelato-weed","11":"product_tag-buy-weed-online-uk","12":"product_tag-eu-buy-cannabis-online","13":"product_tag-europe","14":"product_tag-gelati-vs-gelato-strain","15":"product_tag-gelato-45-vs-33","16":"product_tag-gelato-45-yield","17":"product_tag-gelato-41-strain","18":"product_tag-gelato-45-allbud","19":"product_tag-gelato-45-strain-indica-or-sativa","20":"product_tag-gelato-45-strain-smart-cart","21":"product_tag-gelato-strain-45","22":"product_tag-how-to-buy-gelato-strain","23":"product_tag-lemon-gelato-strain","24":"product_tag-mail-order-weed-uk","25":"product_tag-order-weed-online-uk","26":"product_tag-shark-gelato-strain","27":"product_tag-usa","28":"product_tag-wedding-cake-strain","29":"product_tag-where-to-buy-gelato-weed","30":"desktop-align-center","31":"tablet-align-left","32":"mobile-align-left","34":"first","35":"instock","36":"sale","37":"shipping-taxable","38":"purchasable","39":"product-type-variable"},"uagb_featured_image_src":{"full":["https:\/\/caliweedeurope.com\/wp-content\/uploads\/2024\/11\/gelato__primary_0dc7.jpg",1040,1024,false],"thumbnail":["https:\/\/caliweedeurope.com\/wp-content\/uploads\/2024\/11\/gelato__primary_0dc7-150x150.jpg",150,150,true],"medium":["https:\/\/caliweedeurope.com\/wp-content\/uploads\/2024\/11\/gelato__primary_0dc7-300x295.jpg",300,295,true],"medium_large":["https:\/\/caliweedeurope.com\/wp-content\/uploads\/2024\/11\/gelato__primary_0dc7-768x756.jpg",768,756,true],"large":["https:\/\/caliweedeurope.com\/wp-content\/uploads\/2024\/11\/gelato__primary_0dc7-1024x1008.jpg",1024,1008,true],"1536x1536":["https:\/\/caliweedeurope.com\/wp-content\/uploads\/2024\/11\/gelato__primary_0dc7.jpg",1040,1024,false],"2048x2048":["https:\/\/caliweedeurope.com\/wp-content\/uploads\/2024\/11\/gelato__primary_0dc7.jpg",1040,1024,false],"trp-custom-language-flag":["https:\/\/caliweedeurope.com\/wp-content\/uploads\/2024\/11\/gelato__primary_0dc7.jpg",12,12,false],"woocommerce_thumbnail":["https:\/\/caliweedeurope.com\/wp-content\/uploads\/2024\/11\/gelato__primary_0dc7-300x300.jpg",300,300,true],"woocommerce_single":["https:\/\/caliweedeurope.com\/wp-content\/uploads\/2024\/11\/gelato__primary_0dc7-600x591.jpg",600,591,true],"woocommerce_gallery_thumbnail":["https:\/\/caliweedeurope.com\/wp-content\/uploads\/2024\/11\/gelato__primary_0dc7-100x100.jpg",100,100,true]},"uagb_author_info":{"display_name":"jetskiforsaleuk@gmail.com","author_link":"https:\/\/caliweedeurope.com\/ro\/author\/"},"uagb_comment_info":0,"uagb_excerpt":"Gelato Weed has all the smooth and fruity appeal of Sunset Sherbert with the earthy, herbal goodness of Thin Mints. With limited availability and a bold look and taste, this strain falls into an emerging category of west coast craft hybrids that are focused on taste. Carrying multiple desirable traits from its heavily crossbred lineage,&hellip;","_links":{"self":[{"href":"https:\/\/caliweedeurope.com\/ro\/wp-json\/wp\/v2\/product\/1428"}],"collection":[{"href":"https:\/\/caliweedeurope.com\/ro\/wp-json\/wp\/v2\/product"}],"about":[{"href":"https:\/\/caliweedeurope.com\/ro\/wp-json\/wp\/v2\/types\/product"}],"replies":[{"embeddable":true,"href":"https:\/\/caliweedeurope.com\/ro\/wp-json\/wp\/v2\/comments?post=1428"}],"wp:featuredmedia":[{"embeddable":true,"href":"https:\/\/caliweedeurope.com\/ro\/wp-json\/wp\/v2\/media\/1440"}],"wp:attachment":[{"href":"https:\/\/caliweedeurope.com\/ro\/wp-json\/wp\/v2\/media?parent=1428"}],"wp:term":[{"taxonomy":"product_brand","embeddable":true,"href":"https:\/\/caliweedeurope.com\/ro\/wp-json\/wp\/v2\/product_brand?post=1428"},{"taxonomy":"product_cat","embeddable":true,"href":"https:\/\/caliweedeurope.com\/ro\/wp-json\/wp\/v2\/product_cat?post=1428"},{"taxonomy":"product_tag","embeddable":true,"href":"https:\/\/caliweedeurope.com\/ro\/wp-json\/wp\/v2\/product_tag?post=1428"}],"curies":[{"name":"wp","href":"https:\/\/api.w.org\/{rel}","templated":true}]}}