{"id":1449,"date":"2024-11-03T21:33:04","date_gmt":"2024-11-03T21:33:04","guid":{"rendered":"https:\/\/caliweedeurope.com\/?post_type=product&#038;p=1449"},"modified":"2024-11-03T21:33:26","modified_gmt":"2024-11-03T21:33:26","slug":"buy-710-kingpen-vape-cartridges","status":"publish","type":"product","link":"https:\/\/caliweedeurope.com\/ro\/product\/buy-710-kingpen-vape-cartridges\/","title":{"rendered":"Cump\u0103r\u0103 cartu\u0219e vape 710 Kingpen"},"content":{"rendered":"<h1><strong>CUMP\u0102R\u0102 710 KINGPEN VAPE-CARTRIDGE UK LIVRARE ONLINE IEFTIN EUROPA<\/strong><\/h1>\n<p>C\u0103uta\u021bi s\u0103 cump\u0103ra\u021bi cartu\u0219e 710 KingPen online sau livrarea unui 710 KingPen vape pen? <a href=\"https:\/\/weedmaps.com\/brands\/710-kingpen\" target=\"_blank\" rel=\"noopener noreferrer\">710 KingPen<\/a>\u00a0este vaporizerul personal de marijuana \/ THC de la LoudPack Extracts, sau \"Vape Pen\". Acest dispozitiv a c\u00e2\u0219tigat popularitate \u00een ultimii ani, deoarece produsele din tutun au adoptat un aspect \u0219i o senza\u021bie similar\u0103 cu versiunea lor de vape pen, numit\u0103 E-Cigs, iar stigma asociat\u0103 cu consumul de marijuana continu\u0103 s\u0103 dispar\u0103.\u00a0<a href=\"https:\/\/www.leafly.com\/brands\/710-kingpen\" target=\"_blank\" rel=\"noopener noreferrer\">710 KingPen<\/a>\u00a0este vaporizerul portabil de nou\u0103 genera\u021bie, proiectat pentru a \u00eenc\u0103lzi produsul la o temperatur\u0103 u\u0219or sub nivelul de combustie, astfel \u00eenc\u00e2t s\u0103 produc\u0103 vapori care sunt inhala\u021bi, \u00een loc de fum. Mul\u021bi pacien\u021bi de marijuana medical\u0103 care nu pot fuma se bazeaz\u0103 pe aceast\u0103 form\u0103 de medica\u021bie. Este un fapt medical bine cunoscut c\u0103 substan\u021bele cancerigene asociate cu fumatul sunt mult mai periculoase dec\u00e2t metoda de vaporizare. \u0218i deoarece 710 KingPen ofer\u0103 o modalitate discret\u0103 de a utiliza cannabisul medicinal \u00een public, acesta este, de asemenea, foarte c\u0103utat pe pie\u021bele recreative. Cump\u0103ra\u021bi 710 Kingpen Vape-Cartridges.<\/p>\n<h2 class=\"css-1jisqi6\">7 Beneficii \u0219i utiliz\u0103ri ale uleiului de CBD (plus efecte secundare)<\/h2>\n<p>Cannabidiolul este un remediu natural popular utilizat pentru multe afec\u021biuni comune. Mai bine cunoscut sub denumirea de CBD, este unul dintre cele peste 100 de compu\u0219i chimici cunoscu\u021bi sub denumirea de canabinoizi, care se g\u0103sesc \u00een planta de cannabis sau marijuana.\u00a0<em>Cannabis sativa<\/em>. Cump\u0103r\u0103 cartu\u0219e vape 710 Kingpen<\/p>\n<p>Tetrahidrocannabinolul (THC) este principalul cannabinoid psihoactiv g\u0103sit \u00een cannabis \u0219i provoac\u0103 senza\u021bia de \u201eridicare\u201d care este adesea asociat\u0103 cu marijuana. Cu toate acestea,\u00a0<a class=\"content-link css-5r4717\" href=\"https:\/\/www.healthline.com\/health\/cbd-vs-thc\" target=\"_blank\" rel=\"noopener noreferrer\">unlike THC<\/a>, CBD nu este psihoactiv.<\/p>\n<p>Aceast\u0103 calitate face ca CBD-ul s\u0103 fie o op\u021biune atr\u0103g\u0103toare pentru cei care caut\u0103 ameliorarea durerii \u0219i a altor simptome f\u0103r\u0103 efectele psihoactive ale marijuanei sau ale unor medicamente farmaceutice. Uleiul de CBD este produs prin extragerea CBD-ului din planta de cannabis \u0219i diluarea acestuia cu un ulei purt\u0103tor, precum uleiul de cocos sau cel de semin\u021be de c\u00e2nep\u0103.<\/p>\n<p>C\u00e2\u0219tig\u0103 popularitate \u00een lumea s\u0103n\u0103t\u0103\u021bii \u0219i a wellness-ului, iar unele studii \u0219tiin\u021bifice confirm\u0103 c\u0103 poate ameliora simptome precum durerea cronic\u0103 \u0219i anxietatea. Iat\u0103 \u0219apte beneficii pentru s\u0103n\u0103tate ale uleiului de CBD sus\u021binute de dovezi \u0219tiin\u021bifice.<\/p>\n<h3>Poate ameliora durerea \u2013 Cump\u0103ra\u021bi cartu\u0219e de vape 710 Kingpen Marea Britanie, SUA, Europa<\/h3>\n<p>Marijuana a fost utilizat\u0103 pentru tratarea durerii \u00eenc\u0103 din anul 2900 \u00ee.Hr. Mai recent, oamenii de \u0219tiin\u021b\u0103 au descoperit c\u0103 anumite componente ale marijuanei, inclusiv CBD, sunt responsabile pentru efectele sale analgezice. Corpul uman con\u021bine un sistem specializat numit\u00a0<a class=\"content-link css-5r4717\" href=\"https:\/\/www.healthline.com\/health\/endocannabinoid-system\" target=\"_blank\" rel=\"noopener noreferrer\">endocannabinoid system (ECS)<\/a>, care este implicat \u00een reglarea unei variet\u0103\u021bi de func\u021bii, inclusiv somnul, apetitul, durerea \u0219i r\u0103spunsul sistemului imunitar.<\/p>\n<p>Corpul produce endocannabinoizi, care sunt neurotransmi\u021b\u0103tori ce se leag\u0103 de receptorii canabinoizi din sistemul nervos. Studiile au ar\u0103tat c\u0103 CBD poate ajuta la reducerea durerii cronice prin influen\u021barea activit\u0103\u021bii receptorilor endocannabinoizi, reducerea inflama\u021biei \u0219i interac\u021biunea cu neurotransmi\u021b\u0103torii.<\/p>\n<p>De exemplu, un studiu pe \u0219obolani a descoperit c\u0103 injec\u021biile cu CBD au redus r\u0103spunsul la durere \u00een cazul inciziilor chirurgicale, \u00een timp ce un alt studiu pe \u0219obolani a ar\u0103tat c\u0103 tratamentul oral cu CBD a redus semnificativ durerea \u0219i inflama\u021bia nervului sciatic. Mai multe studii pe oameni au demonstrat c\u0103 o combina\u021bie de CBD \u0219i THC este eficient\u0103 \u00een tratarea durerilor asociate cu scleroza multipl\u0103 \u0219i artrita. <a href=\"https:\/\/deligentman.com\/\" target=\"_blank\" rel=\"noopener\">mail order weed uk<\/a>.<\/p>\n<p>Un spray oral numit Sativex, o combina\u021bie de THC \u0219i CBD, este aprobat \u00een mai multe \u021b\u0103ri pentru tratarea durerii asociate sclerozei multiple. Un studiu realizat pe 47 de persoane cu scleroz\u0103 multipl\u0103 a examinat efectele administr\u0103rii de Sativex timp de o lun\u0103. Participan\u021bii au raportat \u00eembun\u0103t\u0103\u021biri ale durerii, mersului \u0219i spasmelor musculare. Totu\u0219i, studiul nu a inclus un grup de control, iar efectele placebo nu pot fi excluse. Un alt studiu a constatat c\u0103 Sativex a \u00eembun\u0103t\u0103\u021bit semnificativ durerea \u00een timpul mi\u0219c\u0103rii, durerea \u00een repaus \u0219i calitatea somnului la 58 de persoane cu artrit\u0103 reumatoid\u0103.<\/p>\n<p>kingpen oil, buy online, 710 kingpen vape pen, 710 cartridge, 710 king pen battery kit for sale, best vape pen for kingpen cartridges, buy vape carts, gelato kingpen, Buy Kingpen Vape Cartridges,<\/p>","protected":false},"excerpt":{"rendered":"<p>BUY 710 KINGPEN VAPE-CARTRIDGES UK ONLINE DELIVERY CHEAP EUROPE Looking to Buy 710 kingpen vape cartridges online. or 710 kingpen vape pen delivery?. The 710 KingPen\u00a0is LoudPack Extracts personal marijuana \/ THC vaporizer, or \u201cVape Pen\u201d. This device has gained popularity in recent years, as tobacco products take on a similar look-and-feel with their version [&hellip;]<\/p>","protected":false},"featured_media":1476,"comment_status":"closed","ping_status":"closed","template":"","meta":{"_uag_custom_page_level_css":"","site-sidebar-layout":"default","site-content-layout":"","ast-site-content-layout":"default","site-content-style":"default","site-sidebar-style":"default","ast-global-header-display":"","ast-banner-title-visibility":"","ast-main-header-display":"","ast-hfb-above-header-display":"","ast-hfb-below-header-display":"","ast-hfb-mobile-header-display":"","site-post-title":"","ast-breadcrumbs-content":"","ast-featured-img":"","footer-sml-layout":"","ast-disable-related-posts":"","theme-transparent-header-meta":"","adv-header-id-meta":"","stick-header-meta":"","header-above-stick-meta":"","header-main-stick-meta":"","header-below-stick-meta":"","astra-migrate-meta-layouts":"default","ast-page-background-enabled":"default","ast-page-background-meta":{"desktop":{"background-color":"var(--ast-global-color-5)","background-image":"","background-repeat":"repeat","background-position":"center center","background-size":"auto","background-attachment":"scroll","background-type":"","background-media":"","overlay-type":"","overlay-color":"","overlay-opacity":"","overlay-gradient":""},"tablet":{"background-color":"","background-image":"","background-repeat":"repeat","background-position":"center center","background-size":"auto","background-attachment":"scroll","background-type":"","background-media":"","overlay-type":"","overlay-color":"","overlay-opacity":"","overlay-gradient":""},"mobile":{"background-color":"","background-image":"","background-repeat":"repeat","background-position":"center center","background-size":"auto","background-attachment":"scroll","background-type":"","background-media":"","overlay-type":"","overlay-color":"","overlay-opacity":"","overlay-gradient":""}},"ast-content-background-meta":{"desktop":{"background-color":"var(--ast-global-color-4)","background-image":"","background-repeat":"repeat","background-position":"center center","background-size":"auto","background-attachment":"scroll","background-type":"","background-media":"","overlay-type":"","overlay-color":"","overlay-opacity":"","overlay-gradient":""},"tablet":{"background-color":"var(--ast-global-color-4)","background-image":"","background-repeat":"repeat","background-position":"center center","background-size":"auto","background-attachment":"scroll","background-type":"","background-media":"","overlay-type":"","overlay-color":"","overlay-opacity":"","overlay-gradient":""},"mobile":{"background-color":"var(--ast-global-color-4)","background-image":"","background-repeat":"repeat","background-position":"center center","background-size":"auto","background-attachment":"scroll","background-type":"","background-media":"","overlay-type":"","overlay-color":"","overlay-opacity":"","overlay-gradient":""}}},"product_brand":[],"product_cat":[114],"product_tag":[272,273,274,275,276,277,278,279,280,281,282,283,284,245,285,286,287,288,289],"class_list":{"0":"post-1449","1":"product","2":"type-product","3":"status-publish","4":"has-post-thumbnail","6":"product_cat-wholesale-vape-cartridges-online","7":"product_tag-710-cartridge","8":"product_tag-710-king-pen-battery-kit-for-sale","9":"product_tag-710-kingpen-vape-pen","10":"product_tag-best-vape-pen-for-kingpen-cartridges","11":"product_tag-buy-cannabis-online","12":"product_tag-buy-kingpen-vape-cartridges","13":"product_tag-buy-online","14":"product_tag-buy-vape-cartridges-uk","15":"product_tag-buy-vape-carts","16":"product_tag-cannabis-online-in-the-uk","17":"product_tag-gelato-kingpen","18":"product_tag-get-cannabis","19":"product_tag-kingpen-oil","20":"product_tag-mail-order-weed-uk","21":"product_tag-order-weed-online-ireland","22":"product_tag-we-deliver-fast-using-next-day-delivery","23":"product_tag-weed-for-sale-in-uk","24":"product_tag-weed-supermarket-buy-cannabis-online-uk","25":"product_tag-you-can-order-weed","26":"desktop-align-center","27":"tablet-align-left","28":"mobile-align-left","30":"first","31":"instock","32":"sale","33":"shipping-taxable","34":"purchasable","35":"product-type-variable"},"uagb_featured_image_src":{"full":["https:\/\/caliweedeurope.com\/wp-content\/uploads\/2024\/11\/Buy-710-Kingpen-Vape-Cartridges.jpg",1080,1080,false],"thumbnail":["https:\/\/caliweedeurope.com\/wp-content\/uploads\/2024\/11\/Buy-710-Kingpen-Vape-Cartridges-150x150.jpg",150,150,true],"medium":["https:\/\/caliweedeurope.com\/wp-content\/uploads\/2024\/11\/Buy-710-Kingpen-Vape-Cartridges-300x300.jpg",300,300,true],"medium_large":["https:\/\/caliweedeurope.com\/wp-content\/uploads\/2024\/11\/Buy-710-Kingpen-Vape-Cartridges-768x768.jpg",768,768,true],"large":["https:\/\/caliweedeurope.com\/wp-content\/uploads\/2024\/11\/Buy-710-Kingpen-Vape-Cartridges-1024x1024.jpg",1024,1024,true],"1536x1536":["https:\/\/caliweedeurope.com\/wp-content\/uploads\/2024\/11\/Buy-710-Kingpen-Vape-Cartridges.jpg",1080,1080,false],"2048x2048":["https:\/\/caliweedeurope.com\/wp-content\/uploads\/2024\/11\/Buy-710-Kingpen-Vape-Cartridges.jpg",1080,1080,false],"trp-custom-language-flag":["https:\/\/caliweedeurope.com\/wp-content\/uploads\/2024\/11\/Buy-710-Kingpen-Vape-Cartridges.jpg",12,12,false],"woocommerce_thumbnail":["https:\/\/caliweedeurope.com\/wp-content\/uploads\/2024\/11\/Buy-710-Kingpen-Vape-Cartridges-300x300.jpg",300,300,true],"woocommerce_single":["https:\/\/caliweedeurope.com\/wp-content\/uploads\/2024\/11\/Buy-710-Kingpen-Vape-Cartridges-600x600.jpg",600,600,true],"woocommerce_gallery_thumbnail":["https:\/\/caliweedeurope.com\/wp-content\/uploads\/2024\/11\/Buy-710-Kingpen-Vape-Cartridges-100x100.jpg",100,100,true]},"uagb_author_info":{"display_name":"jetskiforsaleuk@gmail.com","author_link":"https:\/\/caliweedeurope.com\/ro\/author\/"},"uagb_comment_info":0,"uagb_excerpt":"BUY 710 KINGPEN VAPE-CARTRIDGES UK ONLINE DELIVERY CHEAP EUROPE Looking to Buy 710 kingpen vape cartridges online. or 710 kingpen vape pen delivery?. The 710 KingPen\u00a0is LoudPack Extracts personal marijuana \/ THC vaporizer, or \u201cVape Pen\u201d. This device has gained popularity in recent years, as tobacco products take on a similar look-and-feel with their version&hellip;","_links":{"self":[{"href":"https:\/\/caliweedeurope.com\/ro\/wp-json\/wp\/v2\/product\/1449"}],"collection":[{"href":"https:\/\/caliweedeurope.com\/ro\/wp-json\/wp\/v2\/product"}],"about":[{"href":"https:\/\/caliweedeurope.com\/ro\/wp-json\/wp\/v2\/types\/product"}],"replies":[{"embeddable":true,"href":"https:\/\/caliweedeurope.com\/ro\/wp-json\/wp\/v2\/comments?post=1449"}],"wp:featuredmedia":[{"embeddable":true,"href":"https:\/\/caliweedeurope.com\/ro\/wp-json\/wp\/v2\/media\/1476"}],"wp:attachment":[{"href":"https:\/\/caliweedeurope.com\/ro\/wp-json\/wp\/v2\/media?parent=1449"}],"wp:term":[{"taxonomy":"product_brand","embeddable":true,"href":"https:\/\/caliweedeurope.com\/ro\/wp-json\/wp\/v2\/product_brand?post=1449"},{"taxonomy":"product_cat","embeddable":true,"href":"https:\/\/caliweedeurope.com\/ro\/wp-json\/wp\/v2\/product_cat?post=1449"},{"taxonomy":"product_tag","embeddable":true,"href":"https:\/\/caliweedeurope.com\/ro\/wp-json\/wp\/v2\/product_tag?post=1449"}],"curies":[{"name":"wp","href":"https:\/\/api.w.org\/{rel}","templated":true}]}}