{"id":1454,"date":"2024-11-03T21:33:04","date_gmt":"2024-11-03T21:33:04","guid":{"rendered":"https:\/\/caliweedeurope.com\/?post_type=product&#038;p=1454"},"modified":"2024-11-03T21:33:26","modified_gmt":"2024-11-03T21:33:26","slug":"buy-acdc-marijuana-strain","status":"publish","type":"product","link":"https:\/\/caliweedeurope.com\/ro\/product\/buy-acdc-marijuana-strain\/","title":{"rendered":"Cump\u0103r\u0103 soiul de marijuana ACDC"},"content":{"rendered":"<h1>Cump\u0103r\u0103 soiul de marijuana ACDC \u2013 Buy weed Europe<\/h1>\n<p>Cump\u0103r\u0103 ACDC iarb\u0103 \u00een Europa, Marea Britanie, SUA, la fel de reconfortant \u0219i revitalizant ca \u0219i ascultarea unora dintre melodiile tale preferate, <a href=\"https:\/\/www.leafly.com\/strains\/acdc\" target=\"_blank\" rel=\"noopener noreferrer\">ACDC<\/a>\u00a0aceast\u0103 tulpin\u0103 te va revitaliza \u0219i te va preg\u0103ti s\u0103 fii \u00een form\u0103. Are un nivel foarte ridicat de CBD \u0219i a fost aleas\u0103 ca una dintre cele mai bune tulpini cu con\u021binut ridicat de CBD pentru utilizare medicinal\u0103. ACDC poate ajuta la tratarea durerii nervoase, a sclerozei multiple, a epilepsiei \u0219i a PTSD. Toate acestea cu aproape niciun efect psihoactiv. De\u0219i nu produc efecte psihoactive, tulpinile de cannabis cu un con\u021binut ridicat de CBD, precum ACDC, sunt foarte c\u0103utate datorit\u0103 formei lor de terapie non-intoxicant\u0103 \u0219i 100% natural\u0103.<\/p>\n<p>ACDC face parte dintre rasele rare de\u00a0<a href=\"https:\/\/www.bonzaseeds.com\/blog\/different-types-cannabis-plants\/\" target=\"_blank\" rel=\"noopener noreferrer\">cannabis<\/a> ACDC este una dintre soiurile rare care ofer\u0103 utilizatorilor un \"high\" f\u0103r\u0103 efecte psihoactive. Cu aceast\u0103 varietate nu exist\u0103 experien\u021be psihadelice sau senza\u021bii narcotice. Aceasta exceleaz\u0103 \u00een utilizarea medical\u0103. De aceea, unii o consider\u0103 un supliment alimentar. Cump\u0103r\u0103 soiul ACDC sau semin\u021be pentru durere, anxietate, somn \u0219i depresie \u00een vrac \u00een Europa, de la o farmacie online de \u00eencredere cu livrare gratuit\u0103 \u00een noaptea urm\u0103toare. Po\u021bi cump\u0103ra marijuana \u00een Georgia, unde pot cump\u0103ra marijuana \u00een Georgia, cump\u0103r\u0103 marijuana \u00een Irlanda, cump\u0103r\u0103 o pip\u0103 de marijuana \u00een Irlanda, cel mai bun loc pentru a cump\u0103ra marijuana \u00een Irlanda.<\/p>\n<div class=\"css-63oe3q\">\n<div class=\"css-63oe3q\"><\/div>\n<\/p><\/div>\n<h2><strong>Canabis De V\u00e2nzare Online \u2013 Canabis Medicinal De V\u00e2nzare \u2013 Cump\u0103r\u0103 Soiul ACDC<\/strong><\/h2>\n<p>ACDC a primit mai multe premii \u0219i recunoa\u0219teri. \u00centr-o lume \u00een care majoritatea oamenilor consider\u0103 cannabisul \u00een func\u021bie de poten\u021b\u0103, acesta este opusul. Con\u021bine p\u00e2n\u0103 la 24 % CBD, f\u0103c\u00e2ndu-l un tratament eficient pentru convulsii \u0219i epilepsie.<\/p>\n<p>De\u0219i multe soiuri de marijuana sunt concepute pentru a te face s\u0103 te sim\u021bi high,\u00a0<strong>a te distra cu c\u00e2teva r\u00e2sete bune<\/strong>, \u0219i 'ajustezi' chimia creierului t\u0103u p\u00e2n\u0103 \u00een punctul \u00een care nu mai iei via\u021ba at\u00e2t de \u00een serios, exist\u0103 un domeniu al marijuanei medicinale al c\u0103rui singur scop este s\u0103 vindece corpul \u0219i mintea \u2013 f\u0103r\u0103 efecte psihoactive.<\/p>\n<p>Aceste tipuri de cannabis sunt o crea\u021bie relativ nou\u0103, deoarece au \u00eenceput s\u0103 c\u00e2\u0219tige popularitate abia atunci c\u00e2nd oamenii au realizat c\u0103 nivelurile mari de CBD pot produce rezultate terapeutice profunde, f\u0103r\u0103 aproape niciun efect psihoactiv. De fapt, mul\u021bi oameni \u00een ultimii ani au cerut cresc\u0103torilor s\u0103 dezvolte soiuri cu un procentaj mare de CBD, din aceste motive exacte. ACDC a primit o recunoa\u0219tere excelent\u0103 \u00een comunitatea canabisului, c\u00e2\u0219tig\u00e2nd chiar un Cannabis Cup pentru efectele sale terapeutice \u0219i non-intoxicante.<\/p>\n<h2 class=\"translation-block\">ACDC Strain de Marijuana: Informa\u021bii despre cultivare \u2013 Pot<strong> s\u0103 cump\u0103r iarb\u0103 online \u00een Europa?<\/strong><\/h2>\n<p>ACDC este o plant\u0103 de \u00een\u0103l\u021bime medie, care cre\u0219te de obicei p\u00e2n\u0103 la aproximativ patru picioare maxim. Structura plantei este similar\u0103 cu cea a soiurilor tradi\u021bionale \u201eskunk\u201d, cu muguri care se grupeaz\u0103 \u00een buchete mari cunoscute sub numele de colas. Majoritatea ar fi de acord c\u0103 ACDC este destul de greu de cultivat \u0219i necesit\u0103 mult\u0103 \u00eentre\u021binere pentru o recolt\u0103 de succes. Planta are nevoie de un sprijin imens, \u00eencep\u00e2nd cu o platform\u0103 la care se poate ag\u0103\u021ba pentru a dezvolta un trunchi \u0219i ramuri puternice.<\/p>\n<p class=\"translation-block\">ACDC \u00ee\u0219i trage linia de s\u00e2nge din <a href=\"https:\/\/www.bonzaseeds.com\/blog\/cannatonic\/\" target=\"_blank\" rel=\"noopener noreferrer\">CannaTonic<\/a>. Din aceast\u0103 varietate, NorStar Genetics a selectat cu grij\u0103 unul dintre fenotipurile sale. Apoi l-au \u00eencruci\u0219at cu o plant\u0103 de cannabis <a href=\"https:\/\/www.bonzaseeds.com\/blog\/different-types-cannabis-plants\/\" target=\"_blank\" rel=\"noopener noreferrer\">Ruderalis<\/a>. \u00cen esen\u021b\u0103, ceea ce a f\u0103cut cresc\u0103torul a fost s\u0103 creeze o versiune \u00eembun\u0103t\u0103\u021bit\u0103 a plantei originale, care con\u021bine mult mai pu\u021bin THC, dar mai mult CBD.<\/p>\n<p>acdc strain allbud, acdc strain seeds, acdc strain edibles, acdc cbd oil online, cannatonic strain, acdc strain for sale, ac dc cbd oil for sale, ac dc strain information, ac dc greatest hits, ac dc strain marijuana, acdc strain seeds, acdc strain oil, acdc strain near me, acdc cbd oil online, cbd strains, Ac Dc Strain Info, Acdc Flower Strain, Ac Dc Cbd Oil For Sale, Acdc Cookie Strain, All Marijuana Strain List A Z, Cannabis Strains Guide Chart, Ac Dc Cbd Oil, Complete List Of Marijuana Strains, Ac Dc Cbd Hemp Flower, Acdc Flower Strain, Acdc Strain For Sale, Ac Dc Cbd Flower, Acdc Hemp Flowers For Sale, Acdc Weed Strain For Sale, Buy Acdc Flower<\/p>","protected":false},"excerpt":{"rendered":"<p><b>Cump\u0103r\u0103 soiul de marijuana ACDC\u00a0<a href=\"https:\/\/www.wikileaf.com\/strain\/acdc\/\">acdc<\/a>\u00a0Strain de v\u00e2nzare \u00een Europa este utilizat pentru durere, anxietate, somn \u0219i depresie. C\u0103uta\u021bi furnizori de cannabis ACDC en-gros \u00een Europa cu livrare gratuit\u0103 pe timp de noapte?<\/b>\u00a0 Po\u021bi cump\u0103ra iarb\u0103 \u00een Europa. Cea mai bun\u0103 calitate \u0219i servicii excelente de livrare. Satisfac\u021bia clien\u021bilor este prioritatea noastr\u0103 principal\u0103. Avem o echip\u0103 excelent preg\u0103tit\u0103 de ambalare, specializat\u0103 \u00een furnizarea unui ambalaj discret perfect, \u00een care toate mirosurile \u0219i al\u021bi factori sunt bine gestionate. Oferim o garan\u021bie de returnare a banilor \u00een termen de 7 zile pentru toate comenzile, dac\u0103 comanda este pierdut\u0103 sau nu este primit\u0103. Completeaz\u0103 formularul de mai jos dac\u0103 dore\u0219ti s\u0103 plasezi o comand\u0103 mixt\u0103 sau s\u0103 negociezi pre\u021bul pentru comenzile en-gros (peste 5 lire). Viziteaz\u0103 pagina noastr\u0103 FAQ pentru mai multe detalii sau utilizeaz\u0103 chat-ul nostru online dac\u0103 ai nevoie de asisten\u021b\u0103 suplimentar\u0103.<\/p>","protected":false},"featured_media":1478,"comment_status":"closed","ping_status":"closed","template":"","meta":{"_uag_custom_page_level_css":"","site-sidebar-layout":"default","site-content-layout":"","ast-site-content-layout":"","site-content-style":"default","site-sidebar-style":"default","ast-global-header-display":"","ast-banner-title-visibility":"","ast-main-header-display":"","ast-hfb-above-header-display":"","ast-hfb-below-header-display":"","ast-hfb-mobile-header-display":"","site-post-title":"","ast-breadcrumbs-content":"","ast-featured-img":"","footer-sml-layout":"","theme-transparent-header-meta":"","adv-header-id-meta":"","stick-header-meta":"","header-above-stick-meta":"","header-main-stick-meta":"","header-below-stick-meta":"","astra-migrate-meta-layouts":"default","ast-page-background-enabled":"default","ast-page-background-meta":{"desktop":{"background-color":"var(--ast-global-color-4)","background-image":"","background-repeat":"repeat","background-position":"center center","background-size":"auto","background-attachment":"scroll","background-type":"","background-media":"","overlay-type":"","overlay-color":"","overlay-opacity":"","overlay-gradient":""},"tablet":{"background-color":"","background-image":"","background-repeat":"repeat","background-position":"center center","background-size":"auto","background-attachment":"scroll","background-type":"","background-media":"","overlay-type":"","overlay-color":"","overlay-opacity":"","overlay-gradient":""},"mobile":{"background-color":"","background-image":"","background-repeat":"repeat","background-position":"center center","background-size":"auto","background-attachment":"scroll","background-type":"","background-media":"","overlay-type":"","overlay-color":"","overlay-opacity":"","overlay-gradient":""}},"ast-content-background-meta":{"desktop":{"background-color":"var(--ast-global-color-5)","background-image":"","background-repeat":"repeat","background-position":"center center","background-size":"auto","background-attachment":"scroll","background-type":"","background-media":"","overlay-type":"","overlay-color":"","overlay-opacity":"","overlay-gradient":""},"tablet":{"background-color":"var(--ast-global-color-5)","background-image":"","background-repeat":"repeat","background-position":"center center","background-size":"auto","background-attachment":"scroll","background-type":"","background-media":"","overlay-type":"","overlay-color":"","overlay-opacity":"","overlay-gradient":""},"mobile":{"background-color":"var(--ast-global-color-5)","background-image":"","background-repeat":"repeat","background-position":"center center","background-size":"auto","background-attachment":"scroll","background-type":"","background-media":"","overlay-type":"","overlay-color":"","overlay-opacity":"","overlay-gradient":""}}},"product_brand":[],"product_cat":[22,228],"product_tag":[290,291,292,276,293,294,295,296,297,281,283,245,285,286,287,288,298,289],"class_list":{"0":"post-1454","1":"product","2":"type-product","3":"status-publish","4":"has-post-thumbnail","6":"product_cat-hybrid","7":"product_cat-indica","8":"product_tag-an-you-buy-weed-in-ga","9":"product_tag-best-place-to-buy-weed-ireland","10":"product_tag-buy-cannabis","11":"product_tag-buy-cannabis-online","12":"product_tag-buy-weed-france","13":"product_tag-buy-weed-germanay","14":"product_tag-buy-weed-ireland","15":"product_tag-buy-weed-pipe-ireland","16":"product_tag-buy-weed-poland","17":"product_tag-cannabis-online-in-the-uk","18":"product_tag-get-cannabis","19":"product_tag-mail-order-weed-uk","20":"product_tag-order-weed-online-ireland","21":"product_tag-we-deliver-fast-using-next-day-delivery","22":"product_tag-weed-for-sale-in-uk","23":"product_tag-weed-supermarket-buy-cannabis-online-uk","24":"product_tag-where-can-i-buy-weed-in-ga","25":"product_tag-you-can-order-weed","26":"desktop-align-center","27":"tablet-align-left","28":"mobile-align-left","30":"first","31":"instock","32":"sale","33":"shipping-taxable","34":"purchasable","35":"product-type-variable"},"uagb_featured_image_src":{"full":["https:\/\/caliweedeurope.com\/wp-content\/uploads\/2024\/11\/89348954-340894593489.jpeg",937,1171,false],"thumbnail":["https:\/\/caliweedeurope.com\/wp-content\/uploads\/2024\/11\/89348954-340894593489-150x150.jpeg",150,150,true],"medium":["https:\/\/caliweedeurope.com\/wp-content\/uploads\/2024\/11\/89348954-340894593489-240x300.jpeg",240,300,true],"medium_large":["https:\/\/caliweedeurope.com\/wp-content\/uploads\/2024\/11\/89348954-340894593489-768x960.jpeg",768,960,true],"large":["https:\/\/caliweedeurope.com\/wp-content\/uploads\/2024\/11\/89348954-340894593489-819x1024.jpeg",819,1024,true],"1536x1536":["https:\/\/caliweedeurope.com\/wp-content\/uploads\/2024\/11\/89348954-340894593489.jpeg",937,1171,false],"2048x2048":["https:\/\/caliweedeurope.com\/wp-content\/uploads\/2024\/11\/89348954-340894593489.jpeg",937,1171,false],"trp-custom-language-flag":["https:\/\/caliweedeurope.com\/wp-content\/uploads\/2024\/11\/89348954-340894593489.jpeg",10,12,false],"woocommerce_thumbnail":["https:\/\/caliweedeurope.com\/wp-content\/uploads\/2024\/11\/89348954-340894593489-300x300.jpeg",300,300,true],"woocommerce_single":["https:\/\/caliweedeurope.com\/wp-content\/uploads\/2024\/11\/89348954-340894593489-600x750.jpeg",600,750,true],"woocommerce_gallery_thumbnail":["https:\/\/caliweedeurope.com\/wp-content\/uploads\/2024\/11\/89348954-340894593489-100x100.jpeg",100,100,true]},"uagb_author_info":{"display_name":"jetskiforsaleuk@gmail.com","author_link":"https:\/\/caliweedeurope.com\/ro\/author\/"},"uagb_comment_info":0,"uagb_excerpt":"Buy ACDC Marijuana Strain,\u00a0acdc\u00a0strain for sale Europe is use for pain, anxiety, sleep, depression. Are you looking for\u00a0 bulk ACDC cannabis suppliers in Europe with free overnight delivery?.\u00a0 you can Buy Weed in Europe .Best quality &amp; delivery services are excellent. Customer satisfaction is our top priority. We\u2019ve got an excellent trained packaging team that&hellip;","_links":{"self":[{"href":"https:\/\/caliweedeurope.com\/ro\/wp-json\/wp\/v2\/product\/1454"}],"collection":[{"href":"https:\/\/caliweedeurope.com\/ro\/wp-json\/wp\/v2\/product"}],"about":[{"href":"https:\/\/caliweedeurope.com\/ro\/wp-json\/wp\/v2\/types\/product"}],"replies":[{"embeddable":true,"href":"https:\/\/caliweedeurope.com\/ro\/wp-json\/wp\/v2\/comments?post=1454"}],"wp:featuredmedia":[{"embeddable":true,"href":"https:\/\/caliweedeurope.com\/ro\/wp-json\/wp\/v2\/media\/1478"}],"wp:attachment":[{"href":"https:\/\/caliweedeurope.com\/ro\/wp-json\/wp\/v2\/media?parent=1454"}],"wp:term":[{"taxonomy":"product_brand","embeddable":true,"href":"https:\/\/caliweedeurope.com\/ro\/wp-json\/wp\/v2\/product_brand?post=1454"},{"taxonomy":"product_cat","embeddable":true,"href":"https:\/\/caliweedeurope.com\/ro\/wp-json\/wp\/v2\/product_cat?post=1454"},{"taxonomy":"product_tag","embeddable":true,"href":"https:\/\/caliweedeurope.com\/ro\/wp-json\/wp\/v2\/product_tag?post=1454"}],"curies":[{"name":"wp","href":"https:\/\/api.w.org\/{rel}","templated":true}]}}