{"id":1458,"date":"2024-11-03T21:33:04","date_gmt":"2024-11-03T21:33:04","guid":{"rendered":"https:\/\/caliweedeurope.com\/?post_type=product&#038;p=1458"},"modified":"2024-11-06T03:07:55","modified_gmt":"2024-11-06T03:07:55","slug":"moonrocks-for-sale","status":"publish","type":"product","link":"https:\/\/caliweedeurope.com\/ro\/product\/moonrocks-for-sale\/","title":{"rendered":"moonrocks weed for sale"},"content":{"rendered":"<h2>Ce sunt Moon Rocks?<\/h2>\n<p>Moon Rocks sunt un produs unic de cannabis, creat prin imersarea bobocilor de calitate \u00een ulei de cannabis \u0219i rostogolirea acestora \u00een kief. Aceast\u0103 combina\u021bie puternic\u0103 ofer\u0103 o experien\u021b\u0103 extravagant\u0103 pentru utilizatorii experimenta\u021bi.<\/p>\n<h2>De ce s\u0103 alegi Moon Rocks?<\/h2>\n<p>Dac\u0103 cau\u021bi ceva special pentru a-\u021bi \u00eembun\u0103t\u0103\u021bi experien\u021ba cu cannabis, moon rocks ar putea fi ceea ce ai nevoie. Ofer\u0103 o concentra\u021bie mare de THC \u0219i un efect mai de lung\u0103 durat\u0103 \u00een compara\u021bie cu florile tradi\u021bionale.<\/p>\n<h2>Cum s\u0103 te bucuri de Moon Rocks<\/h2>\n<p>Pentru a te bucura de Moon Rocks, rupe un mic col\u021b \u0219i folose\u0219te un vaporizator sau un blunt. Evit\u0103 s\u0103 folose\u0219ti un bol standard, deoarece pot arde inegal. Aceste bijuterii puternice de cannabis ofer\u0103 o modalitate unic\u0103 \u0219i pl\u0103cut\u0103 de a-\u021bi r\u0103sf\u0103\u021ba sim\u021burile.<\/p>","protected":false},"excerpt":{"rendered":"<p>What Are Moon Rocks? Moon rocks are a unique cannabis product, created by taking quality buds, dunking them in cannabis oil, and rolling them in kief. This potent combination offers an extravagant experience for seasoned users. Why Choose Moon Rocks? If you&#8217;re looking for something special to elevate your cannabis experience, moon rocks might be [&hellip;]<\/p>","protected":false},"featured_media":1480,"comment_status":"closed","ping_status":"closed","template":"","meta":{"_uag_custom_page_level_css":"","site-sidebar-layout":"default","site-content-layout":"","ast-site-content-layout":"default","site-content-style":"default","site-sidebar-style":"default","ast-global-header-display":"","ast-banner-title-visibility":"","ast-main-header-display":"","ast-hfb-above-header-display":"","ast-hfb-below-header-display":"","ast-hfb-mobile-header-display":"","site-post-title":"","ast-breadcrumbs-content":"","ast-featured-img":"","footer-sml-layout":"","ast-disable-related-posts":"","theme-transparent-header-meta":"default","adv-header-id-meta":"","stick-header-meta":"","header-above-stick-meta":"","header-main-stick-meta":"","header-below-stick-meta":"","astra-migrate-meta-layouts":"set","ast-page-background-enabled":"default","ast-page-background-meta":{"desktop":{"background-color":"var(--ast-global-color-5)","background-image":"","background-repeat":"repeat","background-position":"center center","background-size":"auto","background-attachment":"scroll","background-type":"","background-media":"","overlay-type":"","overlay-color":"","overlay-opacity":"","overlay-gradient":""},"tablet":{"background-color":"","background-image":"","background-repeat":"repeat","background-position":"center center","background-size":"auto","background-attachment":"scroll","background-type":"","background-media":"","overlay-type":"","overlay-color":"","overlay-opacity":"","overlay-gradient":""},"mobile":{"background-color":"","background-image":"","background-repeat":"repeat","background-position":"center center","background-size":"auto","background-attachment":"scroll","background-type":"","background-media":"","overlay-type":"","overlay-color":"","overlay-opacity":"","overlay-gradient":""}},"ast-content-background-meta":{"desktop":{"background-color":"var(--ast-global-color-4)","background-image":"","background-repeat":"repeat","background-position":"center center","background-size":"auto","background-attachment":"scroll","background-type":"","background-media":"","overlay-type":"","overlay-color":"","overlay-opacity":"","overlay-gradient":""},"tablet":{"background-color":"var(--ast-global-color-4)","background-image":"","background-repeat":"repeat","background-position":"center center","background-size":"auto","background-attachment":"scroll","background-type":"","background-media":"","overlay-type":"","overlay-color":"","overlay-opacity":"","overlay-gradient":""},"mobile":{"background-color":"var(--ast-global-color-4)","background-image":"","background-repeat":"repeat","background-position":"center center","background-size":"auto","background-attachment":"scroll","background-type":"","background-media":"","overlay-type":"","overlay-color":"","overlay-opacity":"","overlay-gradient":""}}},"product_brand":[],"product_cat":[748],"product_tag":[299,300,276,301,302,303,304,305,306,307,308,309,310,311,312,313,314,315,316,317,318,319,320,321,322,323,324,325,326,327],"class_list":{"0":"post-1458","1":"product","2":"type-product","3":"status-publish","4":"has-post-thumbnail","6":"product_cat-weed-moonrock","7":"product_tag-are-moon-rocks-worth-it","8":"product_tag-bassrocks-moon-rocks-review","9":"product_tag-buy-cannabis-online","10":"product_tag-buy-cannabis-tincture-uk","11":"product_tag-buy-cannabis-vaporizer-uk","12":"product_tag-buy-feminized-cannabis-seeds-uk","13":"product_tag-buy-moonrocks-online","14":"product_tag-buy-moonrocks-online-australia","15":"product_tag-buy-moonrocks-online-uk","16":"product_tag-buy-moonrocks-online-usa","17":"product_tag-buy-online-cannabis","18":"product_tag-buy-real-cannabis-online","19":"product_tag-buying-cannabis-online","20":"product_tag-can-i-buy-cannabis-online","21":"product_tag-can-you-buy-cannabis-oil-online","22":"product_tag-cannabis-to-buy-online","23":"product_tag-how-can-i-buy-cannabis-online","24":"product_tag-how-to-buy-cannabis-online","25":"product_tag-martian-rocks-bud","26":"product_tag-martian-rocks-strain","27":"product_tag-martian-rocks-weed","28":"product_tag-martian-rocks-weed-for-sale","29":"product_tag-martian-rocks-weed-price","30":"product_tag-martian-rocks-weed-price-per-gram","31":"product_tag-martian-rocks-weed-where-to-buy","32":"product_tag-order-martian-rocks-weed","33":"product_tag-where-can-i-buy-cannabis-online","34":"product_tag-where-can-i-buy-martian-rocks-weed","35":"product_tag-where-to-buy-cannabis-online","36":"product_tag-where-to-buy-martian-rocks-weed","37":"desktop-align-center","38":"tablet-align-left","39":"mobile-align-left","41":"first","42":"instock","43":"sale","44":"shipping-taxable","45":"purchasable","46":"product-type-variable"},"uagb_featured_image_src":{"full":["https:\/\/caliweedeurope.com\/wp-content\/uploads\/2024\/11\/WhatsApp-Image-2020-07-15-at-22.16.36.jpeg",1242,1209,false],"thumbnail":["https:\/\/caliweedeurope.com\/wp-content\/uploads\/2024\/11\/WhatsApp-Image-2020-07-15-at-22.16.36-150x150.jpeg",150,150,true],"medium":["https:\/\/caliweedeurope.com\/wp-content\/uploads\/2024\/11\/WhatsApp-Image-2020-07-15-at-22.16.36-300x292.jpeg",300,292,true],"medium_large":["https:\/\/caliweedeurope.com\/wp-content\/uploads\/2024\/11\/WhatsApp-Image-2020-07-15-at-22.16.36-768x748.jpeg",768,748,true],"large":["https:\/\/caliweedeurope.com\/wp-content\/uploads\/2024\/11\/WhatsApp-Image-2020-07-15-at-22.16.36-1024x997.jpeg",1024,997,true],"1536x1536":["https:\/\/caliweedeurope.com\/wp-content\/uploads\/2024\/11\/WhatsApp-Image-2020-07-15-at-22.16.36.jpeg",1242,1209,false],"2048x2048":["https:\/\/caliweedeurope.com\/wp-content\/uploads\/2024\/11\/WhatsApp-Image-2020-07-15-at-22.16.36.jpeg",1242,1209,false],"trp-custom-language-flag":["https:\/\/caliweedeurope.com\/wp-content\/uploads\/2024\/11\/WhatsApp-Image-2020-07-15-at-22.16.36.jpeg",12,12,false],"woocommerce_thumbnail":["https:\/\/caliweedeurope.com\/wp-content\/uploads\/2024\/11\/WhatsApp-Image-2020-07-15-at-22.16.36-300x300.jpeg",300,300,true],"woocommerce_single":["https:\/\/caliweedeurope.com\/wp-content\/uploads\/2024\/11\/WhatsApp-Image-2020-07-15-at-22.16.36-600x584.jpeg",600,584,true],"woocommerce_gallery_thumbnail":["https:\/\/caliweedeurope.com\/wp-content\/uploads\/2024\/11\/WhatsApp-Image-2020-07-15-at-22.16.36-100x100.jpeg",100,100,true]},"uagb_author_info":{"display_name":"jetskiforsaleuk@gmail.com","author_link":"https:\/\/caliweedeurope.com\/ro\/author\/"},"uagb_comment_info":0,"uagb_excerpt":"What Are Moon Rocks? Moon rocks are a unique cannabis product, created by taking quality buds, dunking them in cannabis oil, and rolling them in kief. This potent combination offers an extravagant experience for seasoned users. Why Choose Moon Rocks? If you&#8217;re looking for something special to elevate your cannabis experience, moon rocks might be&hellip;","_links":{"self":[{"href":"https:\/\/caliweedeurope.com\/ro\/wp-json\/wp\/v2\/product\/1458"}],"collection":[{"href":"https:\/\/caliweedeurope.com\/ro\/wp-json\/wp\/v2\/product"}],"about":[{"href":"https:\/\/caliweedeurope.com\/ro\/wp-json\/wp\/v2\/types\/product"}],"replies":[{"embeddable":true,"href":"https:\/\/caliweedeurope.com\/ro\/wp-json\/wp\/v2\/comments?post=1458"}],"wp:featuredmedia":[{"embeddable":true,"href":"https:\/\/caliweedeurope.com\/ro\/wp-json\/wp\/v2\/media\/1480"}],"wp:attachment":[{"href":"https:\/\/caliweedeurope.com\/ro\/wp-json\/wp\/v2\/media?parent=1458"}],"wp:term":[{"taxonomy":"product_brand","embeddable":true,"href":"https:\/\/caliweedeurope.com\/ro\/wp-json\/wp\/v2\/product_brand?post=1458"},{"taxonomy":"product_cat","embeddable":true,"href":"https:\/\/caliweedeurope.com\/ro\/wp-json\/wp\/v2\/product_cat?post=1458"},{"taxonomy":"product_tag","embeddable":true,"href":"https:\/\/caliweedeurope.com\/ro\/wp-json\/wp\/v2\/product_tag?post=1458"}],"curies":[{"name":"wp","href":"https:\/\/api.w.org\/{rel}","templated":true}]}}