{"id":1466,"date":"2024-11-03T21:33:05","date_gmt":"2024-11-03T21:33:05","guid":{"rendered":"https:\/\/caliweedeurope.com\/?post_type=product&#038;p=1466"},"modified":"2024-11-03T21:33:51","modified_gmt":"2024-11-03T21:33:51","slug":"biscotti","status":"publish","type":"product","link":"https:\/\/caliweedeurope.com\/ro\/product\/biscotti\/","title":{"rendered":"Biscotti"},"content":{"rendered":"<h2>Cump\u0103r\u0103 genetica tulpinii Biscotti online<\/h2>\n<p><span class=\"pirate_article\">Cump\u0103r\u0103 genetica tulpinii Biscotti online. Aceast\u0103 tulpin\u0103 a fost creat\u0103 de Cookies Fam. Ei sus\u021bin c\u0103 sunt pionierii multor dintre aceste tulpini excep\u021bional de puternice \u0219i este greu s\u0103 nu fii de acord cu ei. Biscotti este un hibrid \u00eentre:<br \/> <\/span><\/p>\n<ul>\n<li>Gelato #25<\/li>\n<li>Girl Scout Cookies<\/li>\n<li>Gorilla Glue #4<br \/> De\u0219i este greu de spus dac\u0103 acest lucru este complet corect, deoarece unii spun c\u0103 este Gelato x South Florida OG, este cu siguran\u021b\u0103 una dintre aceste combina\u021bii. Gelato este \u00een sine o tulpin\u0103 'dankenstein', iar Gorilla Glue #4 \u0219i Girl Scout Cookies sunt dou\u0103 dintre cele mai cunoscute tulpini din lume. Biscotti este o tulpin\u0103 ultimativ\u0103 cu probabil unul dintre cele mai bune profile de gust din domeniu.<\/li>\n<\/ul>\n<p><span class=\"pirate_article\">Acesta este cu adev\u0103rat punctul forte. Din p\u0103cate, deoarece semin\u021bele nu sunt disponibile online \u0219i, \u00een general, tulpina este extrem de rar\u0103, pre\u021bul este foarte ridicat. \u00cen Amsterdam, probabil vei pl\u0103ti cel pu\u021bin 40 $ pe gram. \u00cen America de Nord, va fi pu\u021bin mai ieftin, dar tot nu este ieftin. Un gram va costa cel pu\u021bin 25 $ \u00eentr-un dispensar din California. Totu\u0219i, din cauza puterii sale, probabil merit\u0103.<\/span><\/p>\n<p>TIPUL DE GUST AL TULPINII DE CANNABIS BISCOTTI<\/p>\n<ol>\n<li>Fructat<\/li>\n<li>Cu gust de nuc\u0103<\/li>\n<li>Picant<\/li>\n<li>Zaharat<\/li>\n<li>Dulce<\/li>\n<\/ol>\n<p><span class=\"pirate_article\">Biscotti este cu siguran\u021b\u0103 un tip de cannabis pe care vrei s\u0103-l experimentezi \u00eentr-un vaporizator pentru flori. De\u0219i este \u0219i una dintre acele tulpini care au un gust bun indiferent de cum o fumezi, merit\u0103 cu siguran\u021b\u0103 s\u0103 folose\u0219ti vaporizatorul t\u0103u de flori pentru aceasta. Este pur \u0219i simplu una dintre cele mai bune tulpini ca gust disponibile pe pia\u021b\u0103 acum, iar arderea acesteia altereaz\u0103 pu\u021bin gustul. Folosind un vaporizator, nu exist\u0103 ardere, p\u0103str\u00e2nd intact profilul elegant al gustului Biscotti. Mai mult, dac\u0103 m\u0103run\u021be\u0219ti iarba \u00eenainte, va avea un gust \u0219i mai bun \u00een vaporizatorul t\u0103u.<\/span><\/p>\n<h5><strong>WAX, SHATTER, COMESTIBILE, ETC.\u00a0<\/strong><\/h5>\n<p><span class=\"pirate_article\">Orice tulpin\u0103 poate fi transformat\u0103 \u00een cear\u0103 sau ulei. Nu este un proces u\u0219or, dar din punct de vedere tehnic po\u021bi face Butane Hash Oil din orice tulpin\u0103 acas\u0103. Este considerat periculos, a\u0219a c\u0103 te rug\u0103m s\u0103 fii extrem de precaut atunci c\u00e2nd \u00eencerci acest lucru. Dac\u0103 reu\u0219e\u0219ti s\u0103 g\u0103se\u0219ti suficient din aceast\u0103 tulpin\u0103 pentru a o transforma \u00eentr-un concentrat, vei \u00een\u021belege de ce oamenii aleg astfel de tulpini. Practic, tulpinile sunt alese \u00een func\u021bie de gust \u0219i poten\u021b\u0103. Biscotti, a\u0219a cum am v\u0103zut deja, are am\u00e2ndou\u0103. Acest lucru o face o alegere excelent\u0103 pentru a fi transformat\u0103 \u00een concentrat.<\/span><\/p>\n<h3>Detalii despre cannabisul Biscotti<\/h3>\n<p>Genetica Cookies \u00ee\u0219i are r\u0103d\u0103cinile \u00een multe dintre cele mai bune soiuri de pe rafturi. Multe soiuri au genetica lor \u0219i poate c\u0103 nici nu \u0219tii asta. A\u0219adar, re\u021bine c\u0103 soiul Biscotti este un clasic \u00eencruci\u0219at Cookies dintr-un soi OG din sud: Gelato #25 \u00eencruci\u0219at cu South Florida OG.<\/p>\n<p>La Klarie Canna Care Dispensary oferim cele mai bune soiuri de marijuana \u0219i alte produse conexe, cum ar fi uleiuri de cannabis, Moonrocks, cartu\u0219e pentru vaporizator, Edibles, concentraturi, hasis, Harley Twin, Strawberry Lemonade, Sour Jack, Grease Monkey, Orange Kush, Pineapple Kush, Skywalker Indica, White Widow, Tom Ford, Diablo OG Kush, Biscotti Cookies, Nice Cream Weed. Vino s\u0103 ne vizitezi <a href=\"https:\/\/deligentman.com\/\" target=\"_blank\" rel=\"noopener\">deligentman.com<\/a><\/p>\n<p>Cump\u0103r\u0103 iarb\u0103 online \u00een Statele Unite, cump\u0103r\u0103 iarb\u0103 online \u00een Marea Britanie, cump\u0103r\u0103 iarb\u0103 online \u00een Irlanda, cump\u0103r\u0103 iarb\u0103 online \u00een Elve\u021bia, cump\u0103r\u0103 iarb\u0103 online \u00een Australia, cump\u0103r\u0103 iarb\u0103 online \u00een Italia, cump\u0103r\u0103 iarb\u0103 online \u00een Danemarca, cump\u0103r\u0103 iarb\u0103 online \u00een Uniunea European\u0103, cump\u0103r\u0103 iarb\u0103 online \u00een Fran\u021ba, cump\u0103r\u0103 iarb\u0103 online \u00een Germania, cump\u0103r\u0103 iarb\u0103 online \u00een Belgia, cump\u0103r\u0103 iarb\u0103 online \u00een Polonia, cump\u0103r\u0103 iarb\u0103 online \u00een Letonia, cump\u0103r\u0103 iarb\u0103 online \u00een Israel, cump\u0103r\u0103 iarb\u0103 online \u00een Turcia, cump\u0103r\u0103 iarb\u0103 online \u00een Jersey, cump\u0103r\u0103 iarb\u0103 online \u00een China, cump\u0103r\u0103 iarb\u0103 online \u00een Ucraina, cump\u0103r\u0103 iarb\u0103 online \u00een Ungaria, cump\u0103r\u0103 iarb\u0103 online \u00een Suedia, cump\u0103r\u0103 iarb\u0103 online \u00een Japonia, cump\u0103r\u0103 iarb\u0103 online \u00een Spania, cump\u0103r\u0103 iarb\u0103 online \u00een Rusia, cump\u0103r\u0103 iarb\u0103 online \u00een Croa\u021bia, cump\u0103r\u0103 iarb\u0103 online \u00een Guam, cump\u0103r\u0103 iarb\u0103 online \u00een Guernsey.<\/p>","protected":false},"excerpt":{"rendered":"<p>The\u00a0<b>Strain-ul Biscotti<\/b>\u00a0este un clasic Cookies, combinat cu o tulpin\u0103 OG din sud\u00a0<b>Varietate<\/b>: Gelato #25 \u00eencruci\u0219at\u0103 cu South Florida OG. ... Geneticile familiei Cookies sunt cunoscute ca fiind hibrizi Indica puternici care au arome dulci \u0219i exotice. Girl Scout Cookies este cookie-ul original <b>Varietate<\/b>.<\/p>","protected":false},"featured_media":1502,"comment_status":"closed","ping_status":"closed","template":"","meta":{"_uag_custom_page_level_css":"","site-sidebar-layout":"default","site-content-layout":"","ast-site-content-layout":"","site-content-style":"default","site-sidebar-style":"default","ast-global-header-display":"","ast-banner-title-visibility":"","ast-main-header-display":"","ast-hfb-above-header-display":"","ast-hfb-below-header-display":"","ast-hfb-mobile-header-display":"","site-post-title":"","ast-breadcrumbs-content":"","ast-featured-img":"","footer-sml-layout":"","theme-transparent-header-meta":"","adv-header-id-meta":"","stick-header-meta":"","header-above-stick-meta":"","header-main-stick-meta":"","header-below-stick-meta":"","astra-migrate-meta-layouts":"default","ast-page-background-enabled":"default","ast-page-background-meta":{"desktop":{"background-color":"var(--ast-global-color-4)","background-image":"","background-repeat":"repeat","background-position":"center center","background-size":"auto","background-attachment":"scroll","background-type":"","background-media":"","overlay-type":"","overlay-color":"","overlay-opacity":"","overlay-gradient":""},"tablet":{"background-color":"","background-image":"","background-repeat":"repeat","background-position":"center center","background-size":"auto","background-attachment":"scroll","background-type":"","background-media":"","overlay-type":"","overlay-color":"","overlay-opacity":"","overlay-gradient":""},"mobile":{"background-color":"","background-image":"","background-repeat":"repeat","background-position":"center center","background-size":"auto","background-attachment":"scroll","background-type":"","background-media":"","overlay-type":"","overlay-color":"","overlay-opacity":"","overlay-gradient":""}},"ast-content-background-meta":{"desktop":{"background-color":"var(--ast-global-color-5)","background-image":"","background-repeat":"repeat","background-position":"center center","background-size":"auto","background-attachment":"scroll","background-type":"","background-media":"","overlay-type":"","overlay-color":"","overlay-opacity":"","overlay-gradient":""},"tablet":{"background-color":"var(--ast-global-color-5)","background-image":"","background-repeat":"repeat","background-position":"center center","background-size":"auto","background-attachment":"scroll","background-type":"","background-media":"","overlay-type":"","overlay-color":"","overlay-opacity":"","overlay-gradient":""},"mobile":{"background-color":"var(--ast-global-color-5)","background-image":"","background-repeat":"repeat","background-position":"center center","background-size":"auto","background-attachment":"scroll","background-type":"","background-media":"","overlay-type":"","overlay-color":"","overlay-opacity":"","overlay-gradient":""}}},"product_brand":[],"product_cat":[228],"product_tag":[201,202,203,204,205,206,207,208,209,210,211,212,213,214,215,216,217,218,219,220,221,222,223,224,225,226],"class_list":{"0":"post-1466","1":"product","2":"type-product","3":"status-publish","4":"has-post-thumbnail","6":"product_cat-indica","7":"product_tag-buy-weed-online-in-australia","8":"product_tag-buy-weed-online-in-belgium","9":"product_tag-buy-weed-online-in-britain","10":"product_tag-buy-weed-online-in-china","11":"product_tag-buy-weed-online-in-croatia","12":"product_tag-buy-weed-online-in-denmark","13":"product_tag-buy-weed-online-in-european-union","14":"product_tag-buy-weed-online-in-france","15":"product_tag-buy-weed-online-in-germany","16":"product_tag-buy-weed-online-in-guam","17":"product_tag-buy-weed-online-in-guernsey","18":"product_tag-buy-weed-online-in-hungary","19":"product_tag-buy-weed-online-in-ireland","20":"product_tag-buy-weed-online-in-israel","21":"product_tag-buy-weed-online-in-italy","22":"product_tag-buy-weed-online-in-japan","23":"product_tag-buy-weed-online-in-jersey","24":"product_tag-buy-weed-online-in-latvia","25":"product_tag-buy-weed-online-in-poland","26":"product_tag-buy-weed-online-in-russia","27":"product_tag-buy-weed-online-in-spain","28":"product_tag-buy-weed-online-in-sweeden","29":"product_tag-buy-weed-online-in-switzerland","30":"product_tag-buy-weed-online-in-turkey","31":"product_tag-buy-weed-online-in-ukraine","32":"product_tag-buy-weed-online-united-states","33":"desktop-align-center","34":"tablet-align-left","35":"mobile-align-left","37":"first","38":"instock","39":"shipping-taxable","40":"purchasable","41":"product-type-variable"},"uagb_featured_image_src":{"full":["https:\/\/caliweedeurope.com\/wp-content\/uploads\/2024\/11\/treegod415_53405499_427674184643905_7221474027484783232_n.jpg",1080,1350,false],"thumbnail":["https:\/\/caliweedeurope.com\/wp-content\/uploads\/2024\/11\/treegod415_53405499_427674184643905_7221474027484783232_n-150x150.jpg",150,150,true],"medium":["https:\/\/caliweedeurope.com\/wp-content\/uploads\/2024\/11\/treegod415_53405499_427674184643905_7221474027484783232_n-240x300.jpg",240,300,true],"medium_large":["https:\/\/caliweedeurope.com\/wp-content\/uploads\/2024\/11\/treegod415_53405499_427674184643905_7221474027484783232_n-768x960.jpg",768,960,true],"large":["https:\/\/caliweedeurope.com\/wp-content\/uploads\/2024\/11\/treegod415_53405499_427674184643905_7221474027484783232_n-819x1024.jpg",819,1024,true],"1536x1536":["https:\/\/caliweedeurope.com\/wp-content\/uploads\/2024\/11\/treegod415_53405499_427674184643905_7221474027484783232_n.jpg",1080,1350,false],"2048x2048":["https:\/\/caliweedeurope.com\/wp-content\/uploads\/2024\/11\/treegod415_53405499_427674184643905_7221474027484783232_n.jpg",1080,1350,false],"trp-custom-language-flag":["https:\/\/caliweedeurope.com\/wp-content\/uploads\/2024\/11\/treegod415_53405499_427674184643905_7221474027484783232_n.jpg",10,12,false],"woocommerce_thumbnail":["https:\/\/caliweedeurope.com\/wp-content\/uploads\/2024\/11\/treegod415_53405499_427674184643905_7221474027484783232_n-300x300.jpg",300,300,true],"woocommerce_single":["https:\/\/caliweedeurope.com\/wp-content\/uploads\/2024\/11\/treegod415_53405499_427674184643905_7221474027484783232_n-600x750.jpg",600,750,true],"woocommerce_gallery_thumbnail":["https:\/\/caliweedeurope.com\/wp-content\/uploads\/2024\/11\/treegod415_53405499_427674184643905_7221474027484783232_n-100x100.jpg",100,100,true]},"uagb_author_info":{"display_name":"jetskiforsaleuk@gmail.com","author_link":"https:\/\/caliweedeurope.com\/ro\/author\/"},"uagb_comment_info":0,"uagb_excerpt":"The\u00a0Biscotti strain\u00a0is a Cookies classic crossed a southern OG\u00a0strain: Gelato #25 crossed with South Florida OG. \u2026 Cookies Family genetics are known to be potent Indica-hybrids that have sweet and exotic aromatics. Girl Scout Cookies is the original cookies strain.","_links":{"self":[{"href":"https:\/\/caliweedeurope.com\/ro\/wp-json\/wp\/v2\/product\/1466"}],"collection":[{"href":"https:\/\/caliweedeurope.com\/ro\/wp-json\/wp\/v2\/product"}],"about":[{"href":"https:\/\/caliweedeurope.com\/ro\/wp-json\/wp\/v2\/types\/product"}],"replies":[{"embeddable":true,"href":"https:\/\/caliweedeurope.com\/ro\/wp-json\/wp\/v2\/comments?post=1466"}],"wp:featuredmedia":[{"embeddable":true,"href":"https:\/\/caliweedeurope.com\/ro\/wp-json\/wp\/v2\/media\/1502"}],"wp:attachment":[{"href":"https:\/\/caliweedeurope.com\/ro\/wp-json\/wp\/v2\/media?parent=1466"}],"wp:term":[{"taxonomy":"product_brand","embeddable":true,"href":"https:\/\/caliweedeurope.com\/ro\/wp-json\/wp\/v2\/product_brand?post=1466"},{"taxonomy":"product_cat","embeddable":true,"href":"https:\/\/caliweedeurope.com\/ro\/wp-json\/wp\/v2\/product_cat?post=1466"},{"taxonomy":"product_tag","embeddable":true,"href":"https:\/\/caliweedeurope.com\/ro\/wp-json\/wp\/v2\/product_tag?post=1466"}],"curies":[{"name":"wp","href":"https:\/\/api.w.org\/{rel}","templated":true}]}}