{"id":1484,"date":"2024-11-03T21:33:28","date_gmt":"2024-11-03T21:33:28","guid":{"rendered":"https:\/\/caliweedeurope.com\/?post_type=product&#038;p=1484"},"modified":"2024-11-03T21:33:51","modified_gmt":"2024-11-03T21:33:51","slug":"grand-daddy-purple-for-sale","status":"publish","type":"product","link":"https:\/\/caliweedeurope.com\/ro\/product\/grand-daddy-purple-for-sale\/","title":{"rendered":"Grand Daddy Purple de v\u00e2nzare"},"content":{"rendered":"<h1>Grand Daddy Purple de v\u00e2nzare<\/h1>\n<p class=\"translation-block\">\u00cen sf\u00e2r\u0219it o Indica de revizuit! \u00cenainte ca Cookies s\u0103 fie soiul \u201evedet\u0103\u201d, exista <strong>Grand Daddy Purple de v\u00e2nzare (GDP)<\/strong>, care a dominat comunitatea cannabisului timp de mai mult de 5 ani. Este un adev\u0103rat record! Indiscutabil cea mai faimoas\u0103 dintre toate soiurile <em>violete<\/em>. U\u0219or de g\u0103sit \u0219i u\u0219or de cultivat, acest pilon al scenei de cannabis te va face s\u0103 te \u00eentorci pentru mai mult. grand daddy purple strain de v\u00e2nzare.<\/p>\n<p><strong>Apari\u021bie \u0219i miros<\/strong><\/p>\n<p class=\"translation-block\"><strong>Grand Daddy Purple de v\u00e2nzare<\/strong> mugurii sunt incredibil de densi, verzi, care cap\u0103t\u0103 nuan\u021be profunde de violet ce se \u00eentind complet prin muguri (nu doar pe exterior) pe m\u0103sur\u0103 ce planta ajunge la maturitate. Firele portocalii str\u0103lucitoare sunt din abunden\u021b\u0103 \u0219i ofer\u0103 un contrast pl\u0103cut cu celelalte culori care \u00eempodobesc mugurii acoperi\u021bi cu r\u0103\u0219in\u0103. Mirosul este simplu \u0219i poate p\u0103rea un cli\u0219eu, dar chiar miroase a struguri.<\/p>\n<p><a href=\"https:\/\/deligentman.com\/wp-content\/uploads\/2020\/01\/can-you-buy-weed-online.jpg\" target=\"_blank\" rel=\"noopener\"><img loading=\"lazy\" decoding=\"async\" class=\"wp-image-7493 size-medium aligncenter\" src=\"https:\/\/deligentman.com\/wp-content\/uploads\/2020\/01\/can-you-buy-weed-online-300x175.jpg\" alt=\"\" width=\"300\" height=\"175\" \/><\/a><\/p>\n<p><strong>Fumul<\/strong><\/p>\n<p>\u00cen via\u021ba mea anterioar\u0103, am cultivat aceast\u0103 tulpin\u0103 mul\u021bi ani. Pot identifica cu u\u0219urin\u021b\u0103 GDP doar dup\u0103 gust. Din nou, un gust distinctiv de struguri este gustul predominant. Acest gust tinde s\u0103 r\u0103m\u00e2n\u0103 pe limb\u0103 pentru o perioad\u0103 lung\u0103 de timp. Efectele sunt de lung\u0103 durat\u0103 (3-4 ore) cu o senza\u021bie neted\u0103 \u0219i uniform\u0103. Un medicament uimitor pentru a \u00eencheia noaptea cu o relaxare profund\u0103 a corpului. Grand Daddy Purple este disponibil pentru v\u00e2nzare. <a href=\"https:\/\/deligentman.com\/contact\/\" target=\"_blank\" rel=\"noopener\">Contacta\u021bi-ne acum<\/a><\/p>\n<p><strong>\u00cen general<\/strong><\/p>\n<p class=\"translation-block\">Mereu m\u0103 g\u00e2ndesc la <strong>Grand Daddy Purple<\/strong> ca la o varietate de noapte. De\u0219i nu este cea mai puternic\u0103 dintre Indica, m\u0103 pot g\u00e2ndi la multe alte soiuri mai potrivite pentru zi. Asta fiind spus, GDP este <a href=\"https:\/\/www.politico.com\/news\/marijuana-legalization\" target=\"_blank\" rel=\"noopener\">considerat\u0103<\/a> una dintre cele mai bune variet\u0103\u021bi \u201evindec\u0103toare\u201d. Aceast\u0103 calitate \u0219i capacitatea de a stimula apetitul o fac favorit\u0103 printre pacien\u021bii care se confrunt\u0103 cu efectele secundare ale chimioterapiei. GDP este excelent\u0103 \u0219i pentru problemele de insomnie. Acum pare s\u0103 fie peste tot, a\u0219a c\u0103 dac\u0103 dai peste ea, nu rata ocazia s\u0103 \u00eencerci aceast\u0103 varietate legendar\u0103. grand daddy purple de v\u00e2nzare. purple punch strain.<\/p>\n<p>&nbsp;<\/p>\n<p>&nbsp;<\/p>","protected":false},"excerpt":{"rendered":"<p>Grand Daddy Purple Grade A (Indica) de v\u00e2nzare online \u00een SUA. \u00cel po\u021bi cump\u0103ra de la magazinul nostru online de marijuana. Avem marijuana de v\u00e2nzare, iarb\u0103 de v\u00e2nzare online. ... Grand Daddy Purps este una dintre cele mai populare soiuri Indica de pe coasta de vest \u0219i poate cea mai cunoscut\u0103 soi de cannabis 'mov' din SUA.<\/p>","protected":false},"featured_media":1506,"comment_status":"closed","ping_status":"closed","template":"","meta":{"_uag_custom_page_level_css":"","site-sidebar-layout":"default","site-content-layout":"","ast-site-content-layout":"","site-content-style":"default","site-sidebar-style":"default","ast-global-header-display":"","ast-banner-title-visibility":"","ast-main-header-display":"","ast-hfb-above-header-display":"","ast-hfb-below-header-display":"","ast-hfb-mobile-header-display":"","site-post-title":"","ast-breadcrumbs-content":"","ast-featured-img":"","footer-sml-layout":"","theme-transparent-header-meta":"","adv-header-id-meta":"","stick-header-meta":"","header-above-stick-meta":"","header-main-stick-meta":"","header-below-stick-meta":"","astra-migrate-meta-layouts":"default","ast-page-background-enabled":"default","ast-page-background-meta":{"desktop":{"background-color":"var(--ast-global-color-4)","background-image":"","background-repeat":"repeat","background-position":"center center","background-size":"auto","background-attachment":"scroll","background-type":"","background-media":"","overlay-type":"","overlay-color":"","overlay-opacity":"","overlay-gradient":""},"tablet":{"background-color":"","background-image":"","background-repeat":"repeat","background-position":"center center","background-size":"auto","background-attachment":"scroll","background-type":"","background-media":"","overlay-type":"","overlay-color":"","overlay-opacity":"","overlay-gradient":""},"mobile":{"background-color":"","background-image":"","background-repeat":"repeat","background-position":"center center","background-size":"auto","background-attachment":"scroll","background-type":"","background-media":"","overlay-type":"","overlay-color":"","overlay-opacity":"","overlay-gradient":""}},"ast-content-background-meta":{"desktop":{"background-color":"var(--ast-global-color-5)","background-image":"","background-repeat":"repeat","background-position":"center center","background-size":"auto","background-attachment":"scroll","background-type":"","background-media":"","overlay-type":"","overlay-color":"","overlay-opacity":"","overlay-gradient":""},"tablet":{"background-color":"var(--ast-global-color-5)","background-image":"","background-repeat":"repeat","background-position":"center center","background-size":"auto","background-attachment":"scroll","background-type":"","background-media":"","overlay-type":"","overlay-color":"","overlay-opacity":"","overlay-gradient":""},"mobile":{"background-color":"var(--ast-global-color-5)","background-image":"","background-repeat":"repeat","background-position":"center center","background-size":"auto","background-attachment":"scroll","background-type":"","background-media":"","overlay-type":"","overlay-color":"","overlay-opacity":"","overlay-gradient":""}}},"product_brand":[],"product_cat":[228],"product_tag":[344,345,329,346,347,348,349,350,351,352,353,354,355,356,357,358,331,359,360,361,362,363,364,365,366,367,368,369,370,371,372,373,374,375,376,377,378,379],"class_list":{"0":"post-1484","1":"product","2":"type-product","3":"status-publish","4":"has-post-thumbnail","6":"product_cat-indica","7":"product_tag-buy-cannabis-buds-online-uk","8":"product_tag-buy-cannabis-growing-equipment-uk","9":"product_tag-buy-cannabis-in-uk","10":"product_tag-buy-cannabis-oil-for-cancer-online-uk","11":"product_tag-buy-cannabis-oil-for-cancer-uk","12":"product_tag-buy-cannabis-oil-online-uk","13":"product_tag-buy-cannabis-oil-uk","14":"product_tag-buy-cannabis-online-uk-paypal","15":"product_tag-buy-cannabis-plants-uk","16":"product_tag-buy-cannabis-seeds-in-uk","17":"product_tag-buy-cannabis-seeds-uk","18":"product_tag-buy-cannabis-uk","19":"product_tag-buy-legal-cannabis-online-uk","20":"product_tag-buy-legal-cannabis-uk","21":"product_tag-buy-medical-cannabis-oil-online-uk","22":"product_tag-buy-medical-cannabis-oil-uk","23":"product_tag-buy-medical-cannabis-online-uk","24":"product_tag-buying-cannabis-online-uk","25":"product_tag-buying-cannabis-seeds-uk","26":"product_tag-buying-cannabis-uk","27":"product_tag-can-i-buy-cannabis-online-uk","28":"product_tag-can-you-buy-cannabis-online-uk","29":"product_tag-can-you-buy-cannabis-seeds-in-uk","30":"product_tag-cannabis-energy-drink-where-to-buy-uk","31":"product_tag-cannabis-for-sale-online-uk","32":"product_tag-cannabis-oil-buy-uk","33":"product_tag-cannabis-oil-cancer-where-to-buy-uk","34":"product_tag-cannabis-online-uk","35":"product_tag-cannabis-sale-online-uk","36":"product_tag-cannabis-seeds-online-uk","37":"product_tag-cheapest-cannabis-seeds-online-uk","38":"product_tag-is-it-legal-to-buy-cannabis-seeds-uk","39":"product_tag-online-cannabis-shop-uk","40":"product_tag-ordering-cannabis-online-uk","41":"product_tag-where-can-i-buy-cannabis-oil-for-cancer-in-uk","42":"product_tag-where-can-i-buy-cannabis-oil-in-the-uk","43":"product_tag-where-can-i-buy-cannabis-oil-in-uk","44":"product_tag-where-can-i-buy-cannabis-seeds-in-uk","45":"desktop-align-center","46":"tablet-align-left","47":"mobile-align-left","49":"first","50":"instock","51":"sale","52":"shipping-taxable","53":"purchasable","54":"product-type-variable"},"uagb_featured_image_src":{"full":["https:\/\/caliweedeurope.com\/wp-content\/uploads\/2024\/11\/treegod415_53703777_126930345090400_5544935986039791710_n.jpg",1080,1210,false],"thumbnail":["https:\/\/caliweedeurope.com\/wp-content\/uploads\/2024\/11\/treegod415_53703777_126930345090400_5544935986039791710_n-150x150.jpg",150,150,true],"medium":["https:\/\/caliweedeurope.com\/wp-content\/uploads\/2024\/11\/treegod415_53703777_126930345090400_5544935986039791710_n-268x300.jpg",268,300,true],"medium_large":["https:\/\/caliweedeurope.com\/wp-content\/uploads\/2024\/11\/treegod415_53703777_126930345090400_5544935986039791710_n-768x860.jpg",768,860,true],"large":["https:\/\/caliweedeurope.com\/wp-content\/uploads\/2024\/11\/treegod415_53703777_126930345090400_5544935986039791710_n-914x1024.jpg",914,1024,true],"1536x1536":["https:\/\/caliweedeurope.com\/wp-content\/uploads\/2024\/11\/treegod415_53703777_126930345090400_5544935986039791710_n.jpg",1080,1210,false],"2048x2048":["https:\/\/caliweedeurope.com\/wp-content\/uploads\/2024\/11\/treegod415_53703777_126930345090400_5544935986039791710_n.jpg",1080,1210,false],"trp-custom-language-flag":["https:\/\/caliweedeurope.com\/wp-content\/uploads\/2024\/11\/treegod415_53703777_126930345090400_5544935986039791710_n.jpg",11,12,false],"woocommerce_thumbnail":["https:\/\/caliweedeurope.com\/wp-content\/uploads\/2024\/11\/treegod415_53703777_126930345090400_5544935986039791710_n-300x300.jpg",300,300,true],"woocommerce_single":["https:\/\/caliweedeurope.com\/wp-content\/uploads\/2024\/11\/treegod415_53703777_126930345090400_5544935986039791710_n-600x672.jpg",600,672,true],"woocommerce_gallery_thumbnail":["https:\/\/caliweedeurope.com\/wp-content\/uploads\/2024\/11\/treegod415_53703777_126930345090400_5544935986039791710_n-100x100.jpg",100,100,true]},"uagb_author_info":{"display_name":"jetskiforsaleuk@gmail.com","author_link":"https:\/\/caliweedeurope.com\/ro\/author\/"},"uagb_comment_info":0,"uagb_excerpt":"Grand Daddy Purple Grade A (Indica)\u00a0for sale\u00a0online in the US.You can buy it from our weed online shop.We have marijuana\u00a0for sale,weed\u00a0for sale\u00a0online. &#8230; Grand Daddy Purps) is one of the most popular Indica strains on the west coast and is perhaps the most well known \u2018purple\u2019 cannabis strain in the US.","_links":{"self":[{"href":"https:\/\/caliweedeurope.com\/ro\/wp-json\/wp\/v2\/product\/1484"}],"collection":[{"href":"https:\/\/caliweedeurope.com\/ro\/wp-json\/wp\/v2\/product"}],"about":[{"href":"https:\/\/caliweedeurope.com\/ro\/wp-json\/wp\/v2\/types\/product"}],"replies":[{"embeddable":true,"href":"https:\/\/caliweedeurope.com\/ro\/wp-json\/wp\/v2\/comments?post=1484"}],"wp:featuredmedia":[{"embeddable":true,"href":"https:\/\/caliweedeurope.com\/ro\/wp-json\/wp\/v2\/media\/1506"}],"wp:attachment":[{"href":"https:\/\/caliweedeurope.com\/ro\/wp-json\/wp\/v2\/media?parent=1484"}],"wp:term":[{"taxonomy":"product_brand","embeddable":true,"href":"https:\/\/caliweedeurope.com\/ro\/wp-json\/wp\/v2\/product_brand?post=1484"},{"taxonomy":"product_cat","embeddable":true,"href":"https:\/\/caliweedeurope.com\/ro\/wp-json\/wp\/v2\/product_cat?post=1484"},{"taxonomy":"product_tag","embeddable":true,"href":"https:\/\/caliweedeurope.com\/ro\/wp-json\/wp\/v2\/product_tag?post=1484"}],"curies":[{"name":"wp","href":"https:\/\/api.w.org\/{rel}","templated":true}]}}