{"id":1488,"date":"2024-11-03T21:33:28","date_gmt":"2024-11-03T21:33:28","guid":{"rendered":"https:\/\/caliweedeurope.com\/?post_type=product&#038;p=1488"},"modified":"2024-11-03T21:34:15","modified_gmt":"2024-11-03T21:34:15","slug":"sour-diesel","status":"publish","type":"product","link":"https:\/\/caliweedeurope.com\/ro\/product\/sour-diesel\/","title":{"rendered":"Sour Diesel"},"content":{"rendered":"<h1>Cump\u0103ra\u00a0<strong>Sour Diesel<\/strong>\u00a0Online<\/h1>\n<p>Sour Diesel este una dintre cele mai fumate soiuri de sativa din toate timpurile. Dac\u0103 nu ai auzit niciodat\u0103 de acest soi, probabil tr\u0103ie\u0219ti \u00eentr-o pe\u0219ter\u0103 din Afganistan, sau cineva pe care \u00eel cuno\u0219ti l-a \u00eencercat deja (\u0219i probabil \u00eel ador\u0103). Linia genetic\u0103 specific\u0103 a Sour Diesel este complicat\u0103 \u0219i foarte slab documentat\u0103, la fel ca \u00een cazul majorit\u0103\u021bii soiurilor mai vechi.<\/p>\n<p>Unii cred c\u0103 soiul Sour Diesel provine pur \u0219i simplu dintr-un fenotip al Chemdawg, care era u\u0219or diferit \u0219i \u00eenclinat mai mult spre partea sativa. Cea mai popular\u0103 teorie despre origine este c\u0103 Diesel-ul original este rezultatul unei \u00eencruci\u0219\u0103ri \u00eentre (Chemdawg x Super Skunk x Northern Lights). Adesea numit \u201eSour D\u201d, acest hibrid predominant sativa (90% sativa, 10% indica) \u00ee\u0219i prime\u0219te numele unic de la mirosul aproape de motorin\u0103 \u0219i citrice pe care \u00eel emite.<\/p>\n<p>Din c\u00e2te \u0219tiu, Sour Diesel poate fi g\u0103sit doar sub form\u0103 de clon\u0103 \u0219i este adesea destul de greu de g\u0103sit. Din cauza acestei rarit\u0103\u021bi a adev\u0103ratului Sour Diesel, exist\u0103 mul\u021bi hibrizi care au \u00eencercat s\u0103 emuleze senza\u021bia oferit\u0103 de adev\u0103ratul Sour Diesel. Unii se apropie, dar nimic nu se compar\u0103 cu originalul.<\/p>\n<h2><strong>Aspect \u0219i mirosul Sour Diesel<\/strong><\/h2>\n<p>Sour Diesel este o plant\u0103 \u00eenalt\u0103 \u0219i sub\u021bire, potrivit\u0103 at\u00e2t pentru gr\u0103dini interioare, c\u00e2t \u0219i exterioare. Frunzele ei se \u00eenchide la o culoare aproape violet\u0103 \u00een ultimele s\u0103pt\u0103m\u00e2ni de \u00eenflorire. Mugurii afi\u0219eaz\u0103 adesea pistiluri de culoare roz sau portocaliu deschis, iar formarea este lejer\u0103 \u0219i \u00een form\u0103 de lance.<\/p>\n<p>Toate Sour D pe care le-am cultivat au avut o cola mare cu 6-9 ramuri mai mici.<\/p>\n<p>Mirosul este foarte puternic, aproape cople\u0219itor, dar \u00eentr-un fel magnetic. Acest lucru se datoreaz\u0103 faptului c\u0103 aceast\u0103 varietate are un miros distinctiv, p\u0103trunz\u0103tor, de iarb\u0103, diesel \u0219i l\u0103m\u00e2ie, care este \u00eenso\u021bit de o explozie interesant\u0103 de energie. Av\u00e2nd linia sativa dominant\u0103, este corect s\u0103 presupunem c\u0103 va afecta \u00een principal mintea.<\/p>\n<h2><strong>Fumul<\/strong><\/h2>\n<p>Fanii acestei soiuri folosesc de obicei Sour Diesel ca prima surs\u0103 de medicament pentru a \u00eencepe o zi lung\u0103 \u2013 te va face s\u0103 te sim\u021bi treaz \u0219i gata de ac\u021biune. Fiind at\u00e2t de dominant\u0103 pe partea de sativa, Sour Diesel afecteaz\u0103 aproape exclusiv func\u021biile cerebrale. Nu ar trebui s\u0103 existe senza\u021bii de \u201ecouch lock\u201d sau de greutate \u00een corp atunci c\u00e2nd fumezi adev\u0103ratul Sour Diesel.<\/p>\n<p>Sour Diesel are acela\u0219i gust ca mirosul: un parfum clasic de combustibil funky. \u0218i acesta este motivul pentru care Sour D este at\u00e2t de faimos pentru c\u0103 este u\u0219or de identificat \u00eentr-o selec\u021bie.<\/p>\n<p>Soia este at\u00e2t de popular\u0103 pentru c\u0103 efectul este cu adev\u0103rat incredibil, cu un THC de peste 20% \u0219i o durat\u0103 de 2-3 ore. Fiind at\u00e2t de dominant\u0103 pe partea de sativa, umple corpul \u0219i mai ales mintea cu energie motivant\u0103 \u0219i stimulativ\u0103. Este un adev\u0103rat \u00eembun\u0103t\u0103\u021bitor al st\u0103rii de spirit \u0219i un distrug\u0103tor al depresiei. A fi \u00eentr-o stare bun\u0103 este un sentiment natural \u0219i f\u0103r\u0103 efort atunci c\u00e2nd experimentezi Sour Diesel.<\/p>\n<h2><strong>\u00cen general\u00a0<\/strong><\/h2>\n<p>Popularitatea uimitoare a Sour Diesel nu este un accident \u0219i nu mai este doar un fenomen al coastei de est. Aceast\u0103 varietate este una dintre cele mai fascinante din istoria canabisului. Face lucrurile amuzante \u0219i mai amuzante; face ca m\u00e2ncarea bun\u0103 s\u0103 aib\u0103 un gust \u0219i mai bun. Ca \u00eembun\u0103t\u0103\u021bitor al st\u0103rii de spirit, pur \u0219i simplu face via\u021ba mai distractiv\u0103. Cele mai obi\u0219nuite nop\u021bi devin rapid memorabile atunci c\u00e2nd Sour Diesel este implicat. Mai mult dec\u00e2t un simplu \u00eembun\u0103t\u0103\u021bitor al st\u0103rii de spirit, aceast\u0103 varietate s-a dovedit a fi eficient\u0103 \u0219i \u00een tratamentul: depresiei. De asemenea, a dovedit eficien\u021b\u0103 \u00een tratarea anxiet\u0103\u021bii, stresului \u0219i problemelor cu apetitul. Merit\u0103 faima sa, aceast\u0103 varietate r\u0103m\u00e2ne \u0219i va fi mereu una dintre cele mai bune variet\u0103\u021bi de pe planet\u0103.<\/p>","protected":false},"excerpt":{"rendered":"<p>Sour Diesel Grade A Shelf (sativa) de v\u00e2nzare online \u00een SUA. \u00cel po\u021bi cump\u0103ra din magazinul nostru online de cannabis. Avem marijuana \u0219i iarb\u0103 de v\u00e2nzare online.<\/p>","protected":false},"featured_media":1508,"comment_status":"closed","ping_status":"closed","template":"","meta":{"_uag_custom_page_level_css":"","site-sidebar-layout":"default","site-content-layout":"","ast-site-content-layout":"","site-content-style":"default","site-sidebar-style":"default","ast-global-header-display":"","ast-banner-title-visibility":"","ast-main-header-display":"","ast-hfb-above-header-display":"","ast-hfb-below-header-display":"","ast-hfb-mobile-header-display":"","site-post-title":"","ast-breadcrumbs-content":"","ast-featured-img":"","footer-sml-layout":"","theme-transparent-header-meta":"","adv-header-id-meta":"","stick-header-meta":"","header-above-stick-meta":"","header-main-stick-meta":"","header-below-stick-meta":"","astra-migrate-meta-layouts":"default","ast-page-background-enabled":"default","ast-page-background-meta":{"desktop":{"background-color":"var(--ast-global-color-4)","background-image":"","background-repeat":"repeat","background-position":"center center","background-size":"auto","background-attachment":"scroll","background-type":"","background-media":"","overlay-type":"","overlay-color":"","overlay-opacity":"","overlay-gradient":""},"tablet":{"background-color":"","background-image":"","background-repeat":"repeat","background-position":"center center","background-size":"auto","background-attachment":"scroll","background-type":"","background-media":"","overlay-type":"","overlay-color":"","overlay-opacity":"","overlay-gradient":""},"mobile":{"background-color":"","background-image":"","background-repeat":"repeat","background-position":"center center","background-size":"auto","background-attachment":"scroll","background-type":"","background-media":"","overlay-type":"","overlay-color":"","overlay-opacity":"","overlay-gradient":""}},"ast-content-background-meta":{"desktop":{"background-color":"var(--ast-global-color-5)","background-image":"","background-repeat":"repeat","background-position":"center center","background-size":"auto","background-attachment":"scroll","background-type":"","background-media":"","overlay-type":"","overlay-color":"","overlay-opacity":"","overlay-gradient":""},"tablet":{"background-color":"var(--ast-global-color-5)","background-image":"","background-repeat":"repeat","background-position":"center center","background-size":"auto","background-attachment":"scroll","background-type":"","background-media":"","overlay-type":"","overlay-color":"","overlay-opacity":"","overlay-gradient":""},"mobile":{"background-color":"var(--ast-global-color-5)","background-image":"","background-repeat":"repeat","background-position":"center center","background-size":"auto","background-attachment":"scroll","background-type":"","background-media":"","overlay-type":"","overlay-color":"","overlay-opacity":"","overlay-gradient":""}}},"product_brand":[],"product_cat":[380],"product_tag":[201,202,203,204,205,206,207,208,209,210,211,212,213,214,215,216,217,218,219,220,221,222,223,224,225,226],"class_list":{"0":"post-1488","1":"product","2":"type-product","3":"status-publish","4":"has-post-thumbnail","6":"product_cat-sativa","7":"product_tag-buy-weed-online-in-australia","8":"product_tag-buy-weed-online-in-belgium","9":"product_tag-buy-weed-online-in-britain","10":"product_tag-buy-weed-online-in-china","11":"product_tag-buy-weed-online-in-croatia","12":"product_tag-buy-weed-online-in-denmark","13":"product_tag-buy-weed-online-in-european-union","14":"product_tag-buy-weed-online-in-france","15":"product_tag-buy-weed-online-in-germany","16":"product_tag-buy-weed-online-in-guam","17":"product_tag-buy-weed-online-in-guernsey","18":"product_tag-buy-weed-online-in-hungary","19":"product_tag-buy-weed-online-in-ireland","20":"product_tag-buy-weed-online-in-israel","21":"product_tag-buy-weed-online-in-italy","22":"product_tag-buy-weed-online-in-japan","23":"product_tag-buy-weed-online-in-jersey","24":"product_tag-buy-weed-online-in-latvia","25":"product_tag-buy-weed-online-in-poland","26":"product_tag-buy-weed-online-in-russia","27":"product_tag-buy-weed-online-in-spain","28":"product_tag-buy-weed-online-in-sweeden","29":"product_tag-buy-weed-online-in-switzerland","30":"product_tag-buy-weed-online-in-turkey","31":"product_tag-buy-weed-online-in-ukraine","32":"product_tag-buy-weed-online-united-states","33":"desktop-align-center","34":"tablet-align-left","35":"mobile-align-left","37":"first","38":"instock","39":"sale","40":"shipping-taxable","41":"purchasable","42":"product-type-variable"},"uagb_featured_image_src":{"full":["https:\/\/caliweedeurope.com\/wp-content\/uploads\/2024\/11\/treegod415_61117422_355110038478171_6070426788907369159_n.jpg",1080,1227,false],"thumbnail":["https:\/\/caliweedeurope.com\/wp-content\/uploads\/2024\/11\/treegod415_61117422_355110038478171_6070426788907369159_n-150x150.jpg",150,150,true],"medium":["https:\/\/caliweedeurope.com\/wp-content\/uploads\/2024\/11\/treegod415_61117422_355110038478171_6070426788907369159_n-264x300.jpg",264,300,true],"medium_large":["https:\/\/caliweedeurope.com\/wp-content\/uploads\/2024\/11\/treegod415_61117422_355110038478171_6070426788907369159_n-768x873.jpg",768,873,true],"large":["https:\/\/caliweedeurope.com\/wp-content\/uploads\/2024\/11\/treegod415_61117422_355110038478171_6070426788907369159_n-901x1024.jpg",901,1024,true],"1536x1536":["https:\/\/caliweedeurope.com\/wp-content\/uploads\/2024\/11\/treegod415_61117422_355110038478171_6070426788907369159_n.jpg",1080,1227,false],"2048x2048":["https:\/\/caliweedeurope.com\/wp-content\/uploads\/2024\/11\/treegod415_61117422_355110038478171_6070426788907369159_n.jpg",1080,1227,false],"trp-custom-language-flag":["https:\/\/caliweedeurope.com\/wp-content\/uploads\/2024\/11\/treegod415_61117422_355110038478171_6070426788907369159_n.jpg",11,12,false],"woocommerce_thumbnail":["https:\/\/caliweedeurope.com\/wp-content\/uploads\/2024\/11\/treegod415_61117422_355110038478171_6070426788907369159_n-300x300.jpg",300,300,true],"woocommerce_single":["https:\/\/caliweedeurope.com\/wp-content\/uploads\/2024\/11\/treegod415_61117422_355110038478171_6070426788907369159_n-600x682.jpg",600,682,true],"woocommerce_gallery_thumbnail":["https:\/\/caliweedeurope.com\/wp-content\/uploads\/2024\/11\/treegod415_61117422_355110038478171_6070426788907369159_n-100x100.jpg",100,100,true]},"uagb_author_info":{"display_name":"jetskiforsaleuk@gmail.com","author_link":"https:\/\/caliweedeurope.com\/ro\/author\/"},"uagb_comment_info":0,"uagb_excerpt":"Sour Diesel Grade A Shelf (sativa) for sale online in the US. You can buy it from our weed online shop.We have marijuana for sale, weed for sale online.","_links":{"self":[{"href":"https:\/\/caliweedeurope.com\/ro\/wp-json\/wp\/v2\/product\/1488"}],"collection":[{"href":"https:\/\/caliweedeurope.com\/ro\/wp-json\/wp\/v2\/product"}],"about":[{"href":"https:\/\/caliweedeurope.com\/ro\/wp-json\/wp\/v2\/types\/product"}],"replies":[{"embeddable":true,"href":"https:\/\/caliweedeurope.com\/ro\/wp-json\/wp\/v2\/comments?post=1488"}],"wp:featuredmedia":[{"embeddable":true,"href":"https:\/\/caliweedeurope.com\/ro\/wp-json\/wp\/v2\/media\/1508"}],"wp:attachment":[{"href":"https:\/\/caliweedeurope.com\/ro\/wp-json\/wp\/v2\/media?parent=1488"}],"wp:term":[{"taxonomy":"product_brand","embeddable":true,"href":"https:\/\/caliweedeurope.com\/ro\/wp-json\/wp\/v2\/product_brand?post=1488"},{"taxonomy":"product_cat","embeddable":true,"href":"https:\/\/caliweedeurope.com\/ro\/wp-json\/wp\/v2\/product_cat?post=1488"},{"taxonomy":"product_tag","embeddable":true,"href":"https:\/\/caliweedeurope.com\/ro\/wp-json\/wp\/v2\/product_tag?post=1488"}],"curies":[{"name":"wp","href":"https:\/\/api.w.org\/{rel}","templated":true}]}}