{"id":1492,"date":"2024-11-03T21:33:29","date_gmt":"2024-11-03T21:33:29","guid":{"rendered":"https:\/\/caliweedeurope.com\/?post_type=product&#038;p=1492"},"modified":"2024-11-03T21:34:15","modified_gmt":"2024-11-03T21:34:15","slug":"afghan-kush","status":"publish","type":"product","link":"https:\/\/caliweedeurope.com\/ro\/product\/afghan-kush\/","title":{"rendered":"Afghan Kush"},"content":{"rendered":"<h1>Soiul Afghan Kush<\/h1>\n<p>Afghan Kush arat\u0103 foarte bine, verde pal cu o nuan\u021b\u0103 galben\u0103, p\u0103r portocaliu at\u00e2t deschis c\u00e2t \u0219i \u00eenchis sunt prezente, arat\u0103 ca un nugget portocaliu \u0219i auriu cu cristale neregulate.<\/p>\n<h3>Miros<\/h3>\n<p>Afghan Kush are, de asemenea, un miros foarte delicat, ca un nugget \u00eentreg, cu nuan\u021be de \u0219ofran \u0219i caramel cu unt. Dup\u0103 ce sf\u0103r\u00e2mi floarea, mirosul de toffee ars devine dominant.<\/p>\n<h3>Gust<\/h3>\n<p>Are, de asemenea, un gust picant, acest bud are o nuan\u021b\u0103 de condimente, cu nuc\u0219oar\u0103, scor\u021bi\u0219oar\u0103 \u0219i ghimbir fiind cele mai puternice. Foarte fin, gustul de nuc\u0219oar\u0103 r\u0103m\u00e2ne cu tine pentru c\u00e2teva momente.<\/p>\n<h3>Efecte<\/h3>\n<p>Efectul Afghan Kush este imediat. Devii foarte relaxat \u0219i ochii \u021bi se simt u\u0219or grei (nu este pentru \u00eencep\u0103tori). Am descoperit c\u0103 nu am sim\u021bit prea mult\u0103 durere. De asemenea, mi se pare excelent pentru crampe. \u0218i dac\u0103 ai dificult\u0103\u021bi cu somnul \u0219i crezi c\u0103 ai nevoie de somn imediat, Afghan Kush este iarba ta.<\/p>\n<p>Afghan Kush este, de departe, sortul meu preferat al anului. Cunoa\u0219terea personal\u0103 a cuiva care l-a cultivat \u0219i vizionarea frumuse\u021bii sale mi-a dat o pasiune pentru o astfel de varietate uimitoare. Mirosurile care ie\u0219eau din aceast\u0103 plant\u0103 erau foarte condimentate \u00een timpul \u00eenfloririi \u0219i apoi s-au diminuat \u00een timpul usc\u0103rii. \u00cen timpul matur\u0103rii, \u0219i-a ar\u0103tat adev\u0103ratele culori. A trecut de la un miros condimentat la unul dulce \u0219i delicat cu accente de verde lime \u0219i p\u0103r portocaliu str\u0103lucitor. O fum\u0103 foarte fin\u0103 \u00een compara\u021bie cu majoritatea. Uleiul de miere f\u0103cut din aceast\u0103 varietate este fenomenal. Cea mai puternic\u0103 varietate pe care am \u00eencercat-o de mult timp.<\/p>","protected":false},"excerpt":{"rendered":"<p>Afghan Kush arat\u0103 foarte bine, verde pal cu o nuan\u021b\u0103 galben\u0103, p\u0103r portocaliu at\u00e2t deschis c\u00e2t \u0219i \u00eenchis sunt prezente, arat\u0103 ca un nugget portocaliu \u0219i auriu cu cristale petece. Cump\u0103r\u0103 Afghan Kush online \u2013 Afghan Kush de v\u00e2nzare. Afghan Kush este o varietate popular\u0103 de marijuana cu un nivel de THC de p\u00e2n\u0103 la 15%. Afghan Kush are un gust foarte medicinal \u0219i efecte dramatice \u00een ameliorarea durerii. Datorit\u0103 naturii sale narcotice, Afghan Kush este popular printre pacien\u021bii care doresc s\u0103 amelioreze durerea, stresul, insomnia \u0219i grea\u021ba.<\/p>","protected":false},"featured_media":1530,"comment_status":"closed","ping_status":"closed","template":"","meta":{"_uag_custom_page_level_css":"","site-sidebar-layout":"default","site-content-layout":"","ast-site-content-layout":"","site-content-style":"default","site-sidebar-style":"default","ast-global-header-display":"","ast-banner-title-visibility":"","ast-main-header-display":"","ast-hfb-above-header-display":"","ast-hfb-below-header-display":"","ast-hfb-mobile-header-display":"","site-post-title":"","ast-breadcrumbs-content":"","ast-featured-img":"","footer-sml-layout":"","theme-transparent-header-meta":"","adv-header-id-meta":"","stick-header-meta":"","header-above-stick-meta":"","header-main-stick-meta":"","header-below-stick-meta":"","astra-migrate-meta-layouts":"default","ast-page-background-enabled":"default","ast-page-background-meta":{"desktop":{"background-color":"var(--ast-global-color-4)","background-image":"","background-repeat":"repeat","background-position":"center center","background-size":"auto","background-attachment":"scroll","background-type":"","background-media":"","overlay-type":"","overlay-color":"","overlay-opacity":"","overlay-gradient":""},"tablet":{"background-color":"","background-image":"","background-repeat":"repeat","background-position":"center center","background-size":"auto","background-attachment":"scroll","background-type":"","background-media":"","overlay-type":"","overlay-color":"","overlay-opacity":"","overlay-gradient":""},"mobile":{"background-color":"","background-image":"","background-repeat":"repeat","background-position":"center center","background-size":"auto","background-attachment":"scroll","background-type":"","background-media":"","overlay-type":"","overlay-color":"","overlay-opacity":"","overlay-gradient":""}},"ast-content-background-meta":{"desktop":{"background-color":"var(--ast-global-color-5)","background-image":"","background-repeat":"repeat","background-position":"center center","background-size":"auto","background-attachment":"scroll","background-type":"","background-media":"","overlay-type":"","overlay-color":"","overlay-opacity":"","overlay-gradient":""},"tablet":{"background-color":"var(--ast-global-color-5)","background-image":"","background-repeat":"repeat","background-position":"center center","background-size":"auto","background-attachment":"scroll","background-type":"","background-media":"","overlay-type":"","overlay-color":"","overlay-opacity":"","overlay-gradient":""},"mobile":{"background-color":"var(--ast-global-color-5)","background-image":"","background-repeat":"repeat","background-position":"center center","background-size":"auto","background-attachment":"scroll","background-type":"","background-media":"","overlay-type":"","overlay-color":"","overlay-opacity":"","overlay-gradient":""}}},"product_brand":[],"product_cat":[22],"product_tag":[201,202,203,204,205,206,207,208,209,210,211,212,213,214,215,216,217,218,219,220,221,222,223,224,225,226],"class_list":{"0":"post-1492","1":"product","2":"type-product","3":"status-publish","4":"has-post-thumbnail","6":"product_cat-hybrid","7":"product_tag-buy-weed-online-in-australia","8":"product_tag-buy-weed-online-in-belgium","9":"product_tag-buy-weed-online-in-britain","10":"product_tag-buy-weed-online-in-china","11":"product_tag-buy-weed-online-in-croatia","12":"product_tag-buy-weed-online-in-denmark","13":"product_tag-buy-weed-online-in-european-union","14":"product_tag-buy-weed-online-in-france","15":"product_tag-buy-weed-online-in-germany","16":"product_tag-buy-weed-online-in-guam","17":"product_tag-buy-weed-online-in-guernsey","18":"product_tag-buy-weed-online-in-hungary","19":"product_tag-buy-weed-online-in-ireland","20":"product_tag-buy-weed-online-in-israel","21":"product_tag-buy-weed-online-in-italy","22":"product_tag-buy-weed-online-in-japan","23":"product_tag-buy-weed-online-in-jersey","24":"product_tag-buy-weed-online-in-latvia","25":"product_tag-buy-weed-online-in-poland","26":"product_tag-buy-weed-online-in-russia","27":"product_tag-buy-weed-online-in-spain","28":"product_tag-buy-weed-online-in-sweeden","29":"product_tag-buy-weed-online-in-switzerland","30":"product_tag-buy-weed-online-in-turkey","31":"product_tag-buy-weed-online-in-ukraine","32":"product_tag-buy-weed-online-united-states","33":"desktop-align-center","34":"tablet-align-left","35":"mobile-align-left","37":"first","38":"instock","39":"sale","40":"shipping-taxable","41":"purchasable","42":"product-type-variable"},"uagb_featured_image_src":{"full":["https:\/\/caliweedeurope.com\/wp-content\/uploads\/2024\/11\/treegod415_54277409_1206124882894029_7160562974530010069_n.jpg",1080,1350,false],"thumbnail":["https:\/\/caliweedeurope.com\/wp-content\/uploads\/2024\/11\/treegod415_54277409_1206124882894029_7160562974530010069_n-150x150.jpg",150,150,true],"medium":["https:\/\/caliweedeurope.com\/wp-content\/uploads\/2024\/11\/treegod415_54277409_1206124882894029_7160562974530010069_n-240x300.jpg",240,300,true],"medium_large":["https:\/\/caliweedeurope.com\/wp-content\/uploads\/2024\/11\/treegod415_54277409_1206124882894029_7160562974530010069_n-768x960.jpg",768,960,true],"large":["https:\/\/caliweedeurope.com\/wp-content\/uploads\/2024\/11\/treegod415_54277409_1206124882894029_7160562974530010069_n-819x1024.jpg",819,1024,true],"1536x1536":["https:\/\/caliweedeurope.com\/wp-content\/uploads\/2024\/11\/treegod415_54277409_1206124882894029_7160562974530010069_n.jpg",1080,1350,false],"2048x2048":["https:\/\/caliweedeurope.com\/wp-content\/uploads\/2024\/11\/treegod415_54277409_1206124882894029_7160562974530010069_n.jpg",1080,1350,false],"trp-custom-language-flag":["https:\/\/caliweedeurope.com\/wp-content\/uploads\/2024\/11\/treegod415_54277409_1206124882894029_7160562974530010069_n.jpg",10,12,false],"woocommerce_thumbnail":["https:\/\/caliweedeurope.com\/wp-content\/uploads\/2024\/11\/treegod415_54277409_1206124882894029_7160562974530010069_n-300x300.jpg",300,300,true],"woocommerce_single":["https:\/\/caliweedeurope.com\/wp-content\/uploads\/2024\/11\/treegod415_54277409_1206124882894029_7160562974530010069_n-600x750.jpg",600,750,true],"woocommerce_gallery_thumbnail":["https:\/\/caliweedeurope.com\/wp-content\/uploads\/2024\/11\/treegod415_54277409_1206124882894029_7160562974530010069_n-100x100.jpg",100,100,true]},"uagb_author_info":{"display_name":"jetskiforsaleuk@gmail.com","author_link":"https:\/\/caliweedeurope.com\/ro\/author\/"},"uagb_comment_info":0,"uagb_excerpt":"Afghan kush looks very nice to the eye, Pale green with a hue of yellow , Orange hairs both light and dark are present, looks like a orange and gold nugget, with patchy crystals. Buy Afghan Kush Online \u2013 Afghan Kush for Sale. Afghan Kush is a popular marijuana strain with a THC level up&hellip;","_links":{"self":[{"href":"https:\/\/caliweedeurope.com\/ro\/wp-json\/wp\/v2\/product\/1492"}],"collection":[{"href":"https:\/\/caliweedeurope.com\/ro\/wp-json\/wp\/v2\/product"}],"about":[{"href":"https:\/\/caliweedeurope.com\/ro\/wp-json\/wp\/v2\/types\/product"}],"replies":[{"embeddable":true,"href":"https:\/\/caliweedeurope.com\/ro\/wp-json\/wp\/v2\/comments?post=1492"}],"wp:featuredmedia":[{"embeddable":true,"href":"https:\/\/caliweedeurope.com\/ro\/wp-json\/wp\/v2\/media\/1530"}],"wp:attachment":[{"href":"https:\/\/caliweedeurope.com\/ro\/wp-json\/wp\/v2\/media?parent=1492"}],"wp:term":[{"taxonomy":"product_brand","embeddable":true,"href":"https:\/\/caliweedeurope.com\/ro\/wp-json\/wp\/v2\/product_brand?post=1492"},{"taxonomy":"product_cat","embeddable":true,"href":"https:\/\/caliweedeurope.com\/ro\/wp-json\/wp\/v2\/product_cat?post=1492"},{"taxonomy":"product_tag","embeddable":true,"href":"https:\/\/caliweedeurope.com\/ro\/wp-json\/wp\/v2\/product_tag?post=1492"}],"curies":[{"name":"wp","href":"https:\/\/api.w.org\/{rel}","templated":true}]}}