{"id":1510,"date":"2024-11-03T21:33:53","date_gmt":"2024-11-03T21:33:53","guid":{"rendered":"https:\/\/caliweedeurope.com\/?post_type=product&#038;p=1510"},"modified":"2024-11-03T21:34:38","modified_gmt":"2024-11-03T21:34:38","slug":"khalifa-kush-pre-rolled-joints","status":"publish","type":"product","link":"https:\/\/caliweedeurope.com\/ro\/product\/khalifa-kush-pre-rolled-joints\/","title":{"rendered":"Khalifa Kush Pre Rolled Joints"},"content":{"rendered":"<h1>Khalifa Kush Pre Rolled Joints<\/h1>\n<p>Cump\u0103r\u0103 Khalifa Kush pre-rolls<\/p>\n<p class=\"translation-block\"><strong>Dozaj:<\/strong> Fiecare joint con\u021bine 1,2 grame de flori de cannabis cu un con\u021binut de THC \u00eentre 25% \u0219i 37% <a href=\"https:\/\/en.wikipedia.org\/wiki\/Tetrahydrocannabinol\" target=\"_blank\" rel=\"noopener\">THC<\/a>.<\/p>\n<p class=\"translation-block\"><strong>Ambalaj:<\/strong> \u00cen func\u021bie de volumul produsului comandat \u0219i varietate, folosim o combina\u021bie de containere cu capac tip filtru, pungi sigilate \u0219i totul este \u00eentotdeauna dublu vidat \u00eenainte de a fi trimis prin po\u0219t\u0103 pentru a asigura o livrare f\u0103r\u0103 miros.<\/p>\n<p class=\"translation-block\"><strong>Depozitare:<\/strong> V\u0103 rug\u0103m s\u0103 p\u0103stra\u021bi \u021big\u0103rile pre-roulate \u00eentr-un recipient ermetic \u00eentr-un loc rece \u0219i uscat, cum ar fi frigiderul, pentru o durabilitate maxim\u0103. Cump\u0103ra\u021bi \u021big\u0103ri pre-roulate Khalifa Kush.<\/p>\n<p class=\"translation-block\"><strong>Simptome &amp; Condi\u021bii:<\/strong> De asemenea, avem ADD, ADHD, anxietate, artrit\u0103, autism, tulburare bipolar\u0103, crampe, fibromialgie, tulbur\u0103ri gastrointestinale, insomnie, pierdere de apetit. De asemenea, migrene, scleroz\u0103 multipl\u0103, spasme musculare, PMS\/PMDD, PTSD, durere: muscular\u0103\/articular\u0103, durere: neuropatic\u0103, durere: membru fantom\u0103. Cump\u0103ra\u021bi \u021big\u0103ri pre-roulate Khalifa Kush.<\/p>\n<p class=\"translation-block\">Prin urmare, \u0219tim c\u0103 cannabisul schimb\u0103 vie\u021bi. \u0218i suntem lideri \u00een a pune marijuana \u00een m\u00e2inile celor care au nevoie de ea. Ca un dispensar de cannabis popular situat \u00een Statele Unite, oferim tulpini de cannabis de calitate superioar\u0103. \u0218i astfel, produse conexe (Hibrid, Indica \u0219i Sativa, \u0219i ulei de cannabis, ulei de c\u00e2nep\u0103, comestibile, concentrate \u0219i Moonrock sau <a href=\"https:\/\/deligentman.com\/product\/sun-rocks-weed\/\" target=\"_blank\" rel=\"noopener\">sun rocks<\/a>) pentru a satisface cerin\u021bele clien\u021bilor no\u0219tri sau pacien\u021bilor. Suntem m\u00e2ndri s\u0103 stabilim standardul pentru acest dispensar \u0219i, prin urmare. Avem Weed de v\u00e2nzare, cump\u0103ra\u021bi marijuana online, ulei de cannabis de v\u00e2nzare, comanda\u021bi Weed online \u0219i unde s\u0103 cump\u0103ra\u021bi marijuana, marijuana medical\u0103 de v\u00e2nzare. Cump\u0103ra\u021bi Weed online \u00een Marea Britanie, cump\u0103ra\u021bi Khalifa Kush Pre Rolled Joints.<\/p>\n<p>OB\u021aINE CE E MAI BUN.<\/p>\n<p>A\u0219adar, cau\u021bi s\u0103 cumperi soiuri de marijuana de calitate cu livrare garantat\u0103 aproape \u00een \u00eentreaga lume?<br \/> Bine a\u021bi venit la HempBazar UK. Avem cele mai bune pre-rolls la v\u00e2nzare!<\/p>\n<p>Prin urmare, oferim o gam\u0103 larg\u0103 de produse de marijuana de \u00eenalt\u0103 calitate de v\u00e2nzare direct din Marea Britanie.<\/p>\n<p>Preg\u0103te\u0219te-te pentru culcare. Sweet Dreams este un amestec puternic cu predominan\u021b\u0103 Indica care \u00ee\u021bi va aduce alinare pe drumul c\u0103tre relaxarea somnoroas\u0103. Pre-rolls-urile Lucy sunt f\u0103cute doar din cele mai bune flori de cannabis 100%, f\u0103r\u0103 shake. Khalifa Kush pre-rolls.<\/p>","protected":false},"excerpt":{"rendered":"<p>THC 18% p\u00e2n\u0103 la 30% Cump\u0103r\u0103 marijuana online UK, Cump\u0103r\u0103 kief online UK, iarb\u0103 online Europa, Cump\u0103r\u0103 skunk online UK, comand\u0103 prin po\u0219t\u0103 420 UK, Cump\u0103r\u0103 iarb\u0103 online UK.<\/p>\n<p>&nbsp;<\/p>","protected":false},"featured_media":1534,"comment_status":"closed","ping_status":"closed","template":"","meta":{"_uag_custom_page_level_css":"","site-sidebar-layout":"default","site-content-layout":"","ast-site-content-layout":"default","site-content-style":"default","site-sidebar-style":"default","ast-global-header-display":"","ast-banner-title-visibility":"","ast-main-header-display":"","ast-hfb-above-header-display":"","ast-hfb-below-header-display":"","ast-hfb-mobile-header-display":"","site-post-title":"","ast-breadcrumbs-content":"","ast-featured-img":"","footer-sml-layout":"","ast-disable-related-posts":"","theme-transparent-header-meta":"","adv-header-id-meta":"","stick-header-meta":"","header-above-stick-meta":"","header-main-stick-meta":"","header-below-stick-meta":"","astra-migrate-meta-layouts":"default","ast-page-background-enabled":"default","ast-page-background-meta":{"desktop":{"background-color":"var(--ast-global-color-5)","background-image":"","background-repeat":"repeat","background-position":"center center","background-size":"auto","background-attachment":"scroll","background-type":"","background-media":"","overlay-type":"","overlay-color":"","overlay-opacity":"","overlay-gradient":""},"tablet":{"background-color":"","background-image":"","background-repeat":"repeat","background-position":"center center","background-size":"auto","background-attachment":"scroll","background-type":"","background-media":"","overlay-type":"","overlay-color":"","overlay-opacity":"","overlay-gradient":""},"mobile":{"background-color":"","background-image":"","background-repeat":"repeat","background-position":"center center","background-size":"auto","background-attachment":"scroll","background-type":"","background-media":"","overlay-type":"","overlay-color":"","overlay-opacity":"","overlay-gradient":""}},"ast-content-background-meta":{"desktop":{"background-color":"var(--ast-global-color-4)","background-image":"","background-repeat":"repeat","background-position":"center center","background-size":"auto","background-attachment":"scroll","background-type":"","background-media":"","overlay-type":"","overlay-color":"","overlay-opacity":"","overlay-gradient":""},"tablet":{"background-color":"var(--ast-global-color-4)","background-image":"","background-repeat":"repeat","background-position":"center center","background-size":"auto","background-attachment":"scroll","background-type":"","background-media":"","overlay-type":"","overlay-color":"","overlay-opacity":"","overlay-gradient":""},"mobile":{"background-color":"var(--ast-global-color-4)","background-image":"","background-repeat":"repeat","background-position":"center center","background-size":"auto","background-attachment":"scroll","background-type":"","background-media":"","overlay-type":"","overlay-color":"","overlay-opacity":"","overlay-gradient":""}}},"product_brand":[],"product_cat":[22,228,427,380],"product_tag":[428,429,430,431,432,433,434,330,435,436,437,232,438,439,440,441,442,443,444],"class_list":{"0":"post-1510","1":"product","2":"type-product","3":"status-publish","4":"has-post-thumbnail","6":"product_cat-hybrid","7":"product_cat-indica","8":"product_cat-pre-rolls","9":"product_cat-sativa","10":"product_tag-420-mail-order-uk","11":"product_tag-best-online-vape-store-uk","12":"product_tag-best-place-to-buy-weed-online-europe","13":"product_tag-best-weed-store-uk","14":"product_tag-buy-cbd-weed-online-europe","15":"product_tag-buy-kief-online-uk","16":"product_tag-buy-marijuana-online","17":"product_tag-buy-marijuana-online-uk","18":"product_tag-buy-pollen-online-uk","19":"product_tag-buy-pre-rolled-joints-online-uk","20":"product_tag-buy-skunk-online-uk","21":"product_tag-buy-weed-online-uk","22":"product_tag-head-shop-uk","23":"product_tag-khalifa-kush-pre-rolled-joints","24":"product_tag-legal-highs-shop-uk","25":"product_tag-mail-order-weed-online-europe","26":"product_tag-marijuana-store-uk","27":"product_tag-order-weed-online-europe","28":"product_tag-weed-online-europe","29":"desktop-align-center","30":"tablet-align-left","31":"mobile-align-left","33":"first","34":"instock","35":"shipping-taxable","36":"purchasable","37":"product-type-variable"},"uagb_featured_image_src":{"full":["https:\/\/caliweedeurope.com\/wp-content\/uploads\/2024\/11\/Pre-Roll-5-Pack-4.16.20-scaled-1.jpg",1948,1948,false],"thumbnail":["https:\/\/caliweedeurope.com\/wp-content\/uploads\/2024\/11\/Pre-Roll-5-Pack-4.16.20-scaled-1-150x150.jpg",150,150,true],"medium":["https:\/\/caliweedeurope.com\/wp-content\/uploads\/2024\/11\/Pre-Roll-5-Pack-4.16.20-scaled-1-300x300.jpg",300,300,true],"medium_large":["https:\/\/caliweedeurope.com\/wp-content\/uploads\/2024\/11\/Pre-Roll-5-Pack-4.16.20-scaled-1-768x768.jpg",768,768,true],"large":["https:\/\/caliweedeurope.com\/wp-content\/uploads\/2024\/11\/Pre-Roll-5-Pack-4.16.20-scaled-1-1024x1024.jpg",1024,1024,true],"1536x1536":["https:\/\/caliweedeurope.com\/wp-content\/uploads\/2024\/11\/Pre-Roll-5-Pack-4.16.20-scaled-1-1536x1536.jpg",1536,1536,true],"2048x2048":["https:\/\/caliweedeurope.com\/wp-content\/uploads\/2024\/11\/Pre-Roll-5-Pack-4.16.20-scaled-1.jpg",1948,1948,false],"trp-custom-language-flag":["https:\/\/caliweedeurope.com\/wp-content\/uploads\/2024\/11\/Pre-Roll-5-Pack-4.16.20-scaled-1.jpg",12,12,false],"woocommerce_thumbnail":["https:\/\/caliweedeurope.com\/wp-content\/uploads\/2024\/11\/Pre-Roll-5-Pack-4.16.20-scaled-1-300x300.jpg",300,300,true],"woocommerce_single":["https:\/\/caliweedeurope.com\/wp-content\/uploads\/2024\/11\/Pre-Roll-5-Pack-4.16.20-scaled-1-600x600.jpg",600,600,true],"woocommerce_gallery_thumbnail":["https:\/\/caliweedeurope.com\/wp-content\/uploads\/2024\/11\/Pre-Roll-5-Pack-4.16.20-scaled-1-100x100.jpg",100,100,true]},"uagb_author_info":{"display_name":"jetskiforsaleuk@gmail.com","author_link":"https:\/\/caliweedeurope.com\/ro\/author\/"},"uagb_comment_info":0,"uagb_excerpt":"THC\u00a0 18% to 30% Buy Marijuana Online UK, Buy kief online UK, weed online europe, Buy skunk online UK, 420 mail order UK, Buy weed Online UK. &nbsp;","_links":{"self":[{"href":"https:\/\/caliweedeurope.com\/ro\/wp-json\/wp\/v2\/product\/1510"}],"collection":[{"href":"https:\/\/caliweedeurope.com\/ro\/wp-json\/wp\/v2\/product"}],"about":[{"href":"https:\/\/caliweedeurope.com\/ro\/wp-json\/wp\/v2\/types\/product"}],"replies":[{"embeddable":true,"href":"https:\/\/caliweedeurope.com\/ro\/wp-json\/wp\/v2\/comments?post=1510"}],"wp:featuredmedia":[{"embeddable":true,"href":"https:\/\/caliweedeurope.com\/ro\/wp-json\/wp\/v2\/media\/1534"}],"wp:attachment":[{"href":"https:\/\/caliweedeurope.com\/ro\/wp-json\/wp\/v2\/media?parent=1510"}],"wp:term":[{"taxonomy":"product_brand","embeddable":true,"href":"https:\/\/caliweedeurope.com\/ro\/wp-json\/wp\/v2\/product_brand?post=1510"},{"taxonomy":"product_cat","embeddable":true,"href":"https:\/\/caliweedeurope.com\/ro\/wp-json\/wp\/v2\/product_cat?post=1510"},{"taxonomy":"product_tag","embeddable":true,"href":"https:\/\/caliweedeurope.com\/ro\/wp-json\/wp\/v2\/product_tag?post=1510"}],"curies":[{"name":"wp","href":"https:\/\/api.w.org\/{rel}","templated":true}]}}