{"id":1516,"date":"2024-11-03T21:33:53","date_gmt":"2024-11-03T21:33:53","guid":{"rendered":"https:\/\/caliweedeurope.com\/?post_type=product&#038;p=1516"},"modified":"2024-11-03T21:34:38","modified_gmt":"2024-11-03T21:34:38","slug":"jack-herer","status":"publish","type":"product","link":"https:\/\/caliweedeurope.com\/ro\/product\/jack-herer\/","title":{"rendered":"Jack Herer"},"content":{"rendered":"<h1>Cump\u0103r\u0103 Jack Herer Marijuana Strain UK<\/h1>\n<p class=\"translation-block\">Cump\u0103r\u0103 Jack Herer Marijuana Sort UK. Jack Herer Marijuana este un omagiu adus celebrului activist pentru cannabis <a href=\"https:\/\/en.wikipedia.org\/wiki\/Jack_Herer\" target=\"_blank\" rel=\"noopener\">Jack Herer<\/a> \u0219i este o varietate Sativa care face cinste legendarului nume.<\/p>\n<h2>Puncte forte ale marijuanei Jack Herer<\/h2>\n<div class=\"woocommerce-product-details__short-description\">\n<p class=\"translation-block\"><strong>FELICIT\u0102RI CREAT\u0102:<\/strong> Euforia creat\u0103 de marijuana Jack Herer este la fel de minunat\u0103 cum poate fi o <a href=\"https:\/\/deligentman.com\/product-category\/sativa\/\" target=\"_blank\" rel=\"noopener\">Sativa<\/a>. Prima inhalare \u00ee\u021bi umple corpul de energie \u0219i te las\u0103 preg\u0103tit s\u0103 cucere\u0219ti lumea.<\/p>\n<div class=\"electro-description\">\n<p>Jack Herer marijuana UK este una dintre cele mai pl\u0103cute sative de pe pia\u021b\u0103. Popularitatea sa a crescut enorm de-a lungul anilor. Mugurii s\u0103i verzi deschis, acoperi\u021bi cu THC, pot fi g\u0103si\u021bi pe rafturile superioare ale celor mai multe dispensare. Jack Herer weed este una dintre cele mai bune soiuri de zi \u0219i are un gust dulce \u0219i proasp\u0103t. Aceast\u0103 varietate ofer\u0103 imediat un impuls de energie care te va \u021bine pe parcursul urm\u0103toarelor ore.<\/p>\n<\/p><\/div>\n<\/p><\/div>","protected":false},"excerpt":{"rendered":"<p>Deligentman.con este foarte m\u00e2ndru s\u0103 prezinte Jack Herer cu 23,0% THC. Suntem singura companie care cultiv\u0103 aceast\u0103 varietate cu o poten\u021b\u0103 de THC at\u00e2t de mare. Cump\u0103r\u0103 Jack Herer Marijuana Strain UK. Jack Herer Marijuana este un omagiu adus celebrului activist pentru cannabis Jack Herer, o varietate sativa care face cinste numelui legendar.<\/p>","protected":false},"featured_media":1548,"comment_status":"closed","ping_status":"closed","template":"","meta":{"_uag_custom_page_level_css":"","site-sidebar-layout":"default","site-content-layout":"","ast-site-content-layout":"","site-content-style":"default","site-sidebar-style":"default","ast-global-header-display":"","ast-banner-title-visibility":"","ast-main-header-display":"","ast-hfb-above-header-display":"","ast-hfb-below-header-display":"","ast-hfb-mobile-header-display":"","site-post-title":"","ast-breadcrumbs-content":"","ast-featured-img":"","footer-sml-layout":"","theme-transparent-header-meta":"","adv-header-id-meta":"","stick-header-meta":"","header-above-stick-meta":"","header-main-stick-meta":"","header-below-stick-meta":"","astra-migrate-meta-layouts":"default","ast-page-background-enabled":"default","ast-page-background-meta":{"desktop":{"background-color":"var(--ast-global-color-4)","background-image":"","background-repeat":"repeat","background-position":"center center","background-size":"auto","background-attachment":"scroll","background-type":"","background-media":"","overlay-type":"","overlay-color":"","overlay-opacity":"","overlay-gradient":""},"tablet":{"background-color":"","background-image":"","background-repeat":"repeat","background-position":"center center","background-size":"auto","background-attachment":"scroll","background-type":"","background-media":"","overlay-type":"","overlay-color":"","overlay-opacity":"","overlay-gradient":""},"mobile":{"background-color":"","background-image":"","background-repeat":"repeat","background-position":"center center","background-size":"auto","background-attachment":"scroll","background-type":"","background-media":"","overlay-type":"","overlay-color":"","overlay-opacity":"","overlay-gradient":""}},"ast-content-background-meta":{"desktop":{"background-color":"var(--ast-global-color-5)","background-image":"","background-repeat":"repeat","background-position":"center center","background-size":"auto","background-attachment":"scroll","background-type":"","background-media":"","overlay-type":"","overlay-color":"","overlay-opacity":"","overlay-gradient":""},"tablet":{"background-color":"var(--ast-global-color-5)","background-image":"","background-repeat":"repeat","background-position":"center center","background-size":"auto","background-attachment":"scroll","background-type":"","background-media":"","overlay-type":"","overlay-color":"","overlay-opacity":"","overlay-gradient":""},"mobile":{"background-color":"var(--ast-global-color-5)","background-image":"","background-repeat":"repeat","background-position":"center center","background-size":"auto","background-attachment":"scroll","background-type":"","background-media":"","overlay-type":"","overlay-color":"","overlay-opacity":"","overlay-gradient":""}}},"product_brand":[],"product_cat":[380],"product_tag":[445,446],"class_list":{"0":"post-1516","1":"product","2":"type-product","3":"status-publish","4":"has-post-thumbnail","6":"product_cat-sativa","7":"product_tag-buy-jack-herer-marijuana-strain-uk","8":"product_tag-marijuana-flowers-uk","9":"desktop-align-center","10":"tablet-align-left","11":"mobile-align-left","13":"first","14":"instock","15":"sale","16":"shipping-taxable","17":"purchasable","18":"product-type-variable"},"uagb_featured_image_src":{"full":["https:\/\/caliweedeurope.com\/wp-content\/uploads\/2024\/11\/treegod415_67497691_180101586350971_2532926964804551256_n.jpg",1080,1350,false],"thumbnail":["https:\/\/caliweedeurope.com\/wp-content\/uploads\/2024\/11\/treegod415_67497691_180101586350971_2532926964804551256_n-150x150.jpg",150,150,true],"medium":["https:\/\/caliweedeurope.com\/wp-content\/uploads\/2024\/11\/treegod415_67497691_180101586350971_2532926964804551256_n-240x300.jpg",240,300,true],"medium_large":["https:\/\/caliweedeurope.com\/wp-content\/uploads\/2024\/11\/treegod415_67497691_180101586350971_2532926964804551256_n-768x960.jpg",768,960,true],"large":["https:\/\/caliweedeurope.com\/wp-content\/uploads\/2024\/11\/treegod415_67497691_180101586350971_2532926964804551256_n-819x1024.jpg",819,1024,true],"1536x1536":["https:\/\/caliweedeurope.com\/wp-content\/uploads\/2024\/11\/treegod415_67497691_180101586350971_2532926964804551256_n.jpg",1080,1350,false],"2048x2048":["https:\/\/caliweedeurope.com\/wp-content\/uploads\/2024\/11\/treegod415_67497691_180101586350971_2532926964804551256_n.jpg",1080,1350,false],"trp-custom-language-flag":["https:\/\/caliweedeurope.com\/wp-content\/uploads\/2024\/11\/treegod415_67497691_180101586350971_2532926964804551256_n.jpg",10,12,false],"woocommerce_thumbnail":["https:\/\/caliweedeurope.com\/wp-content\/uploads\/2024\/11\/treegod415_67497691_180101586350971_2532926964804551256_n-300x300.jpg",300,300,true],"woocommerce_single":["https:\/\/caliweedeurope.com\/wp-content\/uploads\/2024\/11\/treegod415_67497691_180101586350971_2532926964804551256_n-600x750.jpg",600,750,true],"woocommerce_gallery_thumbnail":["https:\/\/caliweedeurope.com\/wp-content\/uploads\/2024\/11\/treegod415_67497691_180101586350971_2532926964804551256_n-100x100.jpg",100,100,true]},"uagb_author_info":{"display_name":"jetskiforsaleuk@gmail.com","author_link":"https:\/\/caliweedeurope.com\/ro\/author\/"},"uagb_comment_info":0,"uagb_excerpt":"Deligentman.con is very proud to introduce the 23.0% THC Jack Herer. We are the only company to grow this strain at such a high THC potency. Buy Jack Herer Marijuana Strain UK. Jack Herer Marijuana is a tribute to the famous weed activist Jack Herer, is a sativa strain that lives up to the legendary&hellip;","_links":{"self":[{"href":"https:\/\/caliweedeurope.com\/ro\/wp-json\/wp\/v2\/product\/1516"}],"collection":[{"href":"https:\/\/caliweedeurope.com\/ro\/wp-json\/wp\/v2\/product"}],"about":[{"href":"https:\/\/caliweedeurope.com\/ro\/wp-json\/wp\/v2\/types\/product"}],"replies":[{"embeddable":true,"href":"https:\/\/caliweedeurope.com\/ro\/wp-json\/wp\/v2\/comments?post=1516"}],"wp:featuredmedia":[{"embeddable":true,"href":"https:\/\/caliweedeurope.com\/ro\/wp-json\/wp\/v2\/media\/1548"}],"wp:attachment":[{"href":"https:\/\/caliweedeurope.com\/ro\/wp-json\/wp\/v2\/media?parent=1516"}],"wp:term":[{"taxonomy":"product_brand","embeddable":true,"href":"https:\/\/caliweedeurope.com\/ro\/wp-json\/wp\/v2\/product_brand?post=1516"},{"taxonomy":"product_cat","embeddable":true,"href":"https:\/\/caliweedeurope.com\/ro\/wp-json\/wp\/v2\/product_cat?post=1516"},{"taxonomy":"product_tag","embeddable":true,"href":"https:\/\/caliweedeurope.com\/ro\/wp-json\/wp\/v2\/product_tag?post=1516"}],"curies":[{"name":"wp","href":"https:\/\/api.w.org\/{rel}","templated":true}]}}