{"id":1524,"date":"2024-11-03T21:33:54","date_gmt":"2024-11-03T21:33:54","guid":{"rendered":"https:\/\/caliweedeurope.com\/?post_type=product&#038;p=1524"},"modified":"2024-11-03T21:34:38","modified_gmt":"2024-11-03T21:34:38","slug":"original-haze","status":"publish","type":"product","link":"https:\/\/caliweedeurope.com\/ro\/product\/original-haze\/","title":{"rendered":"Original Haze"},"content":{"rendered":"<h1>Varietatea Original Haze<\/h1>\n<p class=\"translation-block\">Lucr\u0103m cu aceast\u0103 varietate \u00een Olanda de mai bine de 20 de ani. Este baza pentru toate Haze-urile pe care le po\u021bi g\u0103si aici \u00een <a href=\"https:\/\/ro.wikipedia.org\/wiki\/Olanda\" target=\"_blank\" rel=\"noopener\">Olanda<\/a>. De c\u00e2nd a fost stabilizat\u0103 la sf\u00e2r\u0219itul anilor '70, varietatea original\u0103 Haze nu a fost niciodat\u0103 hibridizat\u0103. Perfect\u0103 pentru proiectele de reproducere datorit\u0103 statutului s\u0103u de pure\u021be. Pentru cultivatorii comerciali, aceast\u0103 Haze original\u0103 nu este recomandat\u0103 din cauza dimensiunilor sale \u0219i a timpului lung de maturare. Foarte puternic\u0103, cu un high cerebral energic. Material de reproducere special. Foarte rezin\u00f3s, muguri mari \u0219i pufo\u0219i cu un gust dulce-acri\u0219or. Singura Haze pur\u0103 original\u0103 disponibil\u0103. <a href=\"https:\/\/deligentman.com\/contact\/\" target=\"_blank\" rel=\"noopener\">Contacta\u021bi-ne<\/a><\/p>","protected":false},"excerpt":{"rendered":"<p>Original Haze este o varietate 100% pur\u0103 de sativa, crescut\u0103 dintr-o gam\u0103 larg\u0103 de sative diferite, inclusiv variet\u0103\u021bi mexicane, columbiene, thailandeze \u0219i indiene din sud. Rezultatul este o varietate puternic\u0103 \u0219i bine echilibrat\u0103 de sativa, plin\u0103 de THC (10-20% \u00een medie) \u0219i arome dulci \u0219i neclare. Original Haze este o varietate de sativa din marijuana din Amsterdam \u0219i poate fi cultivat\u0103 at\u00e2t \u00een interior (unde plantele vor necesita un timp de \u00eenflorire de \u00b198 zile) c\u00e2t \u0219i \u00een aer liber. Marijuana din Amsterdam Original Haze nu a fost niciodat\u0103 disponibil\u0103 sub form\u0103 de semin\u021be feminizate. Semin\u021be Original Haze, varietatea Original Haze, cele mai bune variet\u0103\u021bi Haze, semin\u021be pure Haze, varietatea Haze Sativa, genetica Haze, varietatea de marijuana Haze, variet\u0103\u021bi de Haze de cannabis.<\/p>","protected":false},"featured_media":1552,"comment_status":"closed","ping_status":"closed","template":"","meta":{"_uag_custom_page_level_css":"","site-sidebar-layout":"default","site-content-layout":"","ast-site-content-layout":"","site-content-style":"default","site-sidebar-style":"default","ast-global-header-display":"","ast-banner-title-visibility":"","ast-main-header-display":"","ast-hfb-above-header-display":"","ast-hfb-below-header-display":"","ast-hfb-mobile-header-display":"","site-post-title":"","ast-breadcrumbs-content":"","ast-featured-img":"","footer-sml-layout":"","theme-transparent-header-meta":"","adv-header-id-meta":"","stick-header-meta":"","header-above-stick-meta":"","header-main-stick-meta":"","header-below-stick-meta":"","astra-migrate-meta-layouts":"default","ast-page-background-enabled":"default","ast-page-background-meta":{"desktop":{"background-color":"var(--ast-global-color-4)","background-image":"","background-repeat":"repeat","background-position":"center center","background-size":"auto","background-attachment":"scroll","background-type":"","background-media":"","overlay-type":"","overlay-color":"","overlay-opacity":"","overlay-gradient":""},"tablet":{"background-color":"","background-image":"","background-repeat":"repeat","background-position":"center center","background-size":"auto","background-attachment":"scroll","background-type":"","background-media":"","overlay-type":"","overlay-color":"","overlay-opacity":"","overlay-gradient":""},"mobile":{"background-color":"","background-image":"","background-repeat":"repeat","background-position":"center center","background-size":"auto","background-attachment":"scroll","background-type":"","background-media":"","overlay-type":"","overlay-color":"","overlay-opacity":"","overlay-gradient":""}},"ast-content-background-meta":{"desktop":{"background-color":"var(--ast-global-color-5)","background-image":"","background-repeat":"repeat","background-position":"center center","background-size":"auto","background-attachment":"scroll","background-type":"","background-media":"","overlay-type":"","overlay-color":"","overlay-opacity":"","overlay-gradient":""},"tablet":{"background-color":"var(--ast-global-color-5)","background-image":"","background-repeat":"repeat","background-position":"center center","background-size":"auto","background-attachment":"scroll","background-type":"","background-media":"","overlay-type":"","overlay-color":"","overlay-opacity":"","overlay-gradient":""},"mobile":{"background-color":"var(--ast-global-color-5)","background-image":"","background-repeat":"repeat","background-position":"center center","background-size":"auto","background-attachment":"scroll","background-type":"","background-media":"","overlay-type":"","overlay-color":"","overlay-opacity":"","overlay-gradient":""}}},"product_brand":[],"product_cat":[380],"product_tag":[450,451,452,453,454,455,456,457],"class_list":{"0":"post-1524","1":"product","2":"type-product","3":"status-publish","4":"has-post-thumbnail","6":"product_cat-sativa","7":"product_tag-best-haze-strains","8":"product_tag-haze-genetics","9":"product_tag-haze-marijuana-strain","10":"product_tag-haze-sativa-strain","11":"product_tag-haze-strains-of-pot","12":"product_tag-original-haze-seeds","13":"product_tag-original-haze-strain","14":"product_tag-pure-haze-seeds","15":"desktop-align-center","16":"tablet-align-left","17":"mobile-align-left","19":"first","20":"instock","21":"sale","22":"shipping-taxable","23":"purchasable","24":"product-type-variable"},"uagb_featured_image_src":{"full":["https:\/\/caliweedeurope.com\/wp-content\/uploads\/2024\/11\/treegod415_51730942_1149181218592646_2122766851273443054_n.jpg",1080,1350,false],"thumbnail":["https:\/\/caliweedeurope.com\/wp-content\/uploads\/2024\/11\/treegod415_51730942_1149181218592646_2122766851273443054_n-150x150.jpg",150,150,true],"medium":["https:\/\/caliweedeurope.com\/wp-content\/uploads\/2024\/11\/treegod415_51730942_1149181218592646_2122766851273443054_n-240x300.jpg",240,300,true],"medium_large":["https:\/\/caliweedeurope.com\/wp-content\/uploads\/2024\/11\/treegod415_51730942_1149181218592646_2122766851273443054_n-768x960.jpg",768,960,true],"large":["https:\/\/caliweedeurope.com\/wp-content\/uploads\/2024\/11\/treegod415_51730942_1149181218592646_2122766851273443054_n-819x1024.jpg",819,1024,true],"1536x1536":["https:\/\/caliweedeurope.com\/wp-content\/uploads\/2024\/11\/treegod415_51730942_1149181218592646_2122766851273443054_n.jpg",1080,1350,false],"2048x2048":["https:\/\/caliweedeurope.com\/wp-content\/uploads\/2024\/11\/treegod415_51730942_1149181218592646_2122766851273443054_n.jpg",1080,1350,false],"trp-custom-language-flag":["https:\/\/caliweedeurope.com\/wp-content\/uploads\/2024\/11\/treegod415_51730942_1149181218592646_2122766851273443054_n.jpg",10,12,false],"woocommerce_thumbnail":["https:\/\/caliweedeurope.com\/wp-content\/uploads\/2024\/11\/treegod415_51730942_1149181218592646_2122766851273443054_n-300x300.jpg",300,300,true],"woocommerce_single":["https:\/\/caliweedeurope.com\/wp-content\/uploads\/2024\/11\/treegod415_51730942_1149181218592646_2122766851273443054_n-600x750.jpg",600,750,true],"woocommerce_gallery_thumbnail":["https:\/\/caliweedeurope.com\/wp-content\/uploads\/2024\/11\/treegod415_51730942_1149181218592646_2122766851273443054_n-100x100.jpg",100,100,true]},"uagb_author_info":{"display_name":"jetskiforsaleuk@gmail.com","author_link":"https:\/\/caliweedeurope.com\/ro\/author\/"},"uagb_comment_info":0,"uagb_excerpt":"Original Haze is a 100% pure sativa strain bred as a wide variety of different sativas, including Mexican, Columbian, Thai, and South Indian varieties. The result is a powerful and well-balanced sativa strain packed full of THC (10-20% on average) and sweet hazy flavors. The original Haze is a sativa variety from Amsterdam weed and&hellip;","_links":{"self":[{"href":"https:\/\/caliweedeurope.com\/ro\/wp-json\/wp\/v2\/product\/1524"}],"collection":[{"href":"https:\/\/caliweedeurope.com\/ro\/wp-json\/wp\/v2\/product"}],"about":[{"href":"https:\/\/caliweedeurope.com\/ro\/wp-json\/wp\/v2\/types\/product"}],"replies":[{"embeddable":true,"href":"https:\/\/caliweedeurope.com\/ro\/wp-json\/wp\/v2\/comments?post=1524"}],"wp:featuredmedia":[{"embeddable":true,"href":"https:\/\/caliweedeurope.com\/ro\/wp-json\/wp\/v2\/media\/1552"}],"wp:attachment":[{"href":"https:\/\/caliweedeurope.com\/ro\/wp-json\/wp\/v2\/media?parent=1524"}],"wp:term":[{"taxonomy":"product_brand","embeddable":true,"href":"https:\/\/caliweedeurope.com\/ro\/wp-json\/wp\/v2\/product_brand?post=1524"},{"taxonomy":"product_cat","embeddable":true,"href":"https:\/\/caliweedeurope.com\/ro\/wp-json\/wp\/v2\/product_cat?post=1524"},{"taxonomy":"product_tag","embeddable":true,"href":"https:\/\/caliweedeurope.com\/ro\/wp-json\/wp\/v2\/product_tag?post=1524"}],"curies":[{"name":"wp","href":"https:\/\/api.w.org\/{rel}","templated":true}]}}