{"id":1546,"date":"2024-11-03T21:34:17","date_gmt":"2024-11-03T21:34:17","guid":{"rendered":"https:\/\/caliweedeurope.com\/?post_type=product&#038;p=1546"},"modified":"2024-11-03T21:34:54","modified_gmt":"2024-11-03T21:34:54","slug":"blue-cheese","status":"publish","type":"product","link":"https:\/\/caliweedeurope.com\/ro\/product\/blue-cheese\/","title":{"rendered":"Blue Cheese"},"content":{"rendered":"<p>Blue Cheese este un hibrid tipic dominat de indica care aduce un gust distinct, al\u0103turi de efecte psihoactive moderate \u0219i un buzz lene\u0219.<\/p>\n<p>Aceast\u0103 varietate \u0219i-a ob\u021binut numele datorit\u0103 aromei \u0219i liniei sale genetice. Blue Cheese este rezultatul \u00eencruci\u0219\u0103rii popularului Blueberry cu soiul Cheese crescut \u00een Regatul Unit. Spre deosebire de ce ai putea crede, nu are gust de br\u00e2nz\u0103; dar aroma... Oh, da, cu siguran\u021b\u0103 miroase a br\u00e2nz\u0103 cheddar maturat\u0103.<\/p>\n<p>Blue Cheese nu este cel mai puternic hibrid dominant indica, deoarece de obicei con\u021bine \u00eentre 15% \u0219i 20% THC.<\/p>\n<p>Din punct de vedere al aspectului, soiul de marijuana Blue Cheese are muguri remarcabil de densi, cu frunze str\u00e2ns ambalate care sunt de culoare verde deschis p\u00e2n\u0103 la verde mediu \u0219i sunt str\u0103b\u0103tute de fire p\u0103m\u00e2ntii.<\/p>\n<p>Odat\u0103 ce mirosi punga ta de Blue Cheese, vei \u00een\u021belege de unde provine numele. \u00cencep\u00e2nd cu mirosul picant de br\u00e2nz\u0103, soiul poart\u0103 nuan\u021be fructate \u0219i de fructe de p\u0103dure mo\u0219tenite de la p\u0103rintele s\u0103u Blueberry.<\/p>\n<p>Uneori, aroma devine at\u00e2t de puternic\u0103 \u00eenc\u00e2t mul\u021bi oameni au comparat-o cu moscul sau chiar cu legume stricate.<\/p>\n<p>C\u00e2nd fumezi Blue Cheese, profilul de gust este de fapt versiunea invers\u0103 a profilului s\u0103u aromatic. La expirare, vei sim\u021bi un gust complet de afine, cu nuan\u021be de \u201efunk\u201d de br\u00e2nz\u0103 care joac\u0103 undeva, departe, \u00een fundal.<\/p>\n<p>Efectul este comparabil cu alte hibrizi dominan\u021bi indica. Blue Cheese poate s\u0103 apar\u0103 lent \u2013 f\u0103r\u0103 rush-ul cerebral ini\u021bial asociat cu soiurile mai echilibrate \u2013 \u0219i aduce ulterior o senza\u021bie de relaxare complet\u0103 a corpului.<\/p>\n<p>\u00cen ciuda con\u021binutului moderat de THC, Blue Cheese poate surprinde utilizatorii neexperimenta\u021bi cu efectele sale psihoactive.<\/p>\n<p>C\u00e2nd atingi v\u00e2rful, efectul Blue Cheese poate duce la o blocare pe canapea incapacitante, dar chiar \u0219i dozele mai mici din aceast\u0103 varietate pot s\u0103-\u021bi z\u0103d\u0103rniceasc\u0103 toate planurile pentru restul zilei.<\/p>\n<p>Av\u00e2nd \u00een vedere acestea, sortimentul Blue Cheese este recomandat pentru utilizare seara. \u00cen plus, asigur\u0103-te \u00eentotdeauna c\u0103 ai c\u00e2teva gust\u0103ri la \u00eendem\u00e2n\u0103, deoarece aceast\u0103 varietate hibrid\u0103 este cunoscut\u0103 pentru inducerea unei pofte puternice de m\u00e2ncare.<\/p>\n<p>Datorit\u0103 efectelor men\u021bionate mai sus, Blue Cheese este o op\u021biune excelent\u0103 pentru persoanele care folosesc marijuana \u00een scopuri medicale. Poate alina anxietatea, depresia \u0219i ajuta pacien\u021bii s\u0103 fac\u0103 fa\u021b\u0103 simptomelor legate de <a href=\"https:\/\/deligentman.com\/2016\/05\/06\/how-cannabis-can-help-treat-ptsd\/\" target=\"_blank\" rel=\"noopener\">PTSD<\/a>. Dac\u0103 suferi de tulbur\u0103ri de aten\u021bie, efectul s\u0103u clar \u0219i concentrat va fi, de asemenea, benefic.<br \/> \u00cen ceea ce prive\u0219te posibilele efecte secundare, Blue Cheese nu este foarte diferit de alte hibride dominante indica. Chiar \u0219i dozele moderate ale acestei tulpini pot provoca usc\u0103ciune \u00een gur\u0103, ochi usca\u021bi \u0219i m\u00e2nc\u0103rimi \u0219i o cre\u0219tere brusc\u0103 a apetitului; dac\u0103 acest efect secundar este nedorit, depinde, de fapt, de obiceiurile tale alimentare.<\/p>\n<p>Reac\u021biile mai pu\u021bin dorite pot include ame\u021beal\u0103 \u0219i pu\u021bin\u0103 anxietate, dar declan\u0219area paranoiei cu Blue Cheese nu este o op\u021biune dec\u00e2t dac\u0103 \u00eel consumi \u00een cantit\u0103\u021bi extrem de mari.<\/p>\n<p>Pe l\u00e2ng\u0103 asta, Blue Cheese este o tulpin\u0103 uimitoare \u0219i, atunci c\u00e2nd este consumat\u0103 \u00een cantit\u0103\u021bi suficiente, reprezint\u0103 o alegere excelent\u0103 pentru a te bucura de la \u00eenceputul serii p\u00e2n\u0103 la culcare. Folose\u0219te-o c\u00e2nd sim\u021bi nevoia s\u0103 te relaxezi dup\u0103 o zi lung\u0103 \u0219i stresant\u0103 de munc\u0103.<\/p>","protected":false},"excerpt":{"rendered":"<ul class=\"product-benefits\">\n<li>De obicei, ajunge \u00een 2-3 zile<\/li>\n<li>Livrare gratuit\u0103 pentru comenzi de peste 200 de euro<\/li>\n<li>Livrare doar \u00een Europa<\/li>\n<\/ul>","protected":false},"featured_media":1562,"comment_status":"closed","ping_status":"closed","template":"","meta":{"_uag_custom_page_level_css":"","site-sidebar-layout":"default","site-content-layout":"","ast-site-content-layout":"","site-content-style":"default","site-sidebar-style":"default","ast-global-header-display":"","ast-banner-title-visibility":"","ast-main-header-display":"","ast-hfb-above-header-display":"","ast-hfb-below-header-display":"","ast-hfb-mobile-header-display":"","site-post-title":"","ast-breadcrumbs-content":"","ast-featured-img":"","footer-sml-layout":"","theme-transparent-header-meta":"","adv-header-id-meta":"","stick-header-meta":"","header-above-stick-meta":"","header-main-stick-meta":"","header-below-stick-meta":"","astra-migrate-meta-layouts":"default","ast-page-background-enabled":"default","ast-page-background-meta":{"desktop":{"background-color":"var(--ast-global-color-4)","background-image":"","background-repeat":"repeat","background-position":"center center","background-size":"auto","background-attachment":"scroll","background-type":"","background-media":"","overlay-type":"","overlay-color":"","overlay-opacity":"","overlay-gradient":""},"tablet":{"background-color":"","background-image":"","background-repeat":"repeat","background-position":"center center","background-size":"auto","background-attachment":"scroll","background-type":"","background-media":"","overlay-type":"","overlay-color":"","overlay-opacity":"","overlay-gradient":""},"mobile":{"background-color":"","background-image":"","background-repeat":"repeat","background-position":"center center","background-size":"auto","background-attachment":"scroll","background-type":"","background-media":"","overlay-type":"","overlay-color":"","overlay-opacity":"","overlay-gradient":""}},"ast-content-background-meta":{"desktop":{"background-color":"var(--ast-global-color-5)","background-image":"","background-repeat":"repeat","background-position":"center center","background-size":"auto","background-attachment":"scroll","background-type":"","background-media":"","overlay-type":"","overlay-color":"","overlay-opacity":"","overlay-gradient":""},"tablet":{"background-color":"var(--ast-global-color-5)","background-image":"","background-repeat":"repeat","background-position":"center center","background-size":"auto","background-attachment":"scroll","background-type":"","background-media":"","overlay-type":"","overlay-color":"","overlay-opacity":"","overlay-gradient":""},"mobile":{"background-color":"var(--ast-global-color-5)","background-image":"","background-repeat":"repeat","background-position":"center center","background-size":"auto","background-attachment":"scroll","background-type":"","background-media":"","overlay-type":"","overlay-color":"","overlay-opacity":"","overlay-gradient":""}}},"product_brand":[],"product_cat":[228],"product_tag":[201,202,203,204,205,206,207,208,209,210,211,212,213,214,215,216,217,218,219,220,221,222,223,224,225,226],"class_list":{"0":"post-1546","1":"product","2":"type-product","3":"status-publish","4":"has-post-thumbnail","6":"product_cat-indica","7":"product_tag-buy-weed-online-in-australia","8":"product_tag-buy-weed-online-in-belgium","9":"product_tag-buy-weed-online-in-britain","10":"product_tag-buy-weed-online-in-china","11":"product_tag-buy-weed-online-in-croatia","12":"product_tag-buy-weed-online-in-denmark","13":"product_tag-buy-weed-online-in-european-union","14":"product_tag-buy-weed-online-in-france","15":"product_tag-buy-weed-online-in-germany","16":"product_tag-buy-weed-online-in-guam","17":"product_tag-buy-weed-online-in-guernsey","18":"product_tag-buy-weed-online-in-hungary","19":"product_tag-buy-weed-online-in-ireland","20":"product_tag-buy-weed-online-in-israel","21":"product_tag-buy-weed-online-in-italy","22":"product_tag-buy-weed-online-in-japan","23":"product_tag-buy-weed-online-in-jersey","24":"product_tag-buy-weed-online-in-latvia","25":"product_tag-buy-weed-online-in-poland","26":"product_tag-buy-weed-online-in-russia","27":"product_tag-buy-weed-online-in-spain","28":"product_tag-buy-weed-online-in-sweeden","29":"product_tag-buy-weed-online-in-switzerland","30":"product_tag-buy-weed-online-in-turkey","31":"product_tag-buy-weed-online-in-ukraine","32":"product_tag-buy-weed-online-united-states","33":"desktop-align-center","34":"tablet-align-left","35":"mobile-align-left","37":"first","38":"instock","39":"sale","40":"shipping-taxable","41":"purchasable","42":"product-type-variable"},"uagb_featured_image_src":{"full":["https:\/\/caliweedeurope.com\/wp-content\/uploads\/2024\/11\/treegod415_67298644_165799464467681_6494209895392585596_n.jpg",1080,1350,false],"thumbnail":["https:\/\/caliweedeurope.com\/wp-content\/uploads\/2024\/11\/treegod415_67298644_165799464467681_6494209895392585596_n-150x150.jpg",150,150,true],"medium":["https:\/\/caliweedeurope.com\/wp-content\/uploads\/2024\/11\/treegod415_67298644_165799464467681_6494209895392585596_n-240x300.jpg",240,300,true],"medium_large":["https:\/\/caliweedeurope.com\/wp-content\/uploads\/2024\/11\/treegod415_67298644_165799464467681_6494209895392585596_n-768x960.jpg",768,960,true],"large":["https:\/\/caliweedeurope.com\/wp-content\/uploads\/2024\/11\/treegod415_67298644_165799464467681_6494209895392585596_n-819x1024.jpg",819,1024,true],"1536x1536":["https:\/\/caliweedeurope.com\/wp-content\/uploads\/2024\/11\/treegod415_67298644_165799464467681_6494209895392585596_n.jpg",1080,1350,false],"2048x2048":["https:\/\/caliweedeurope.com\/wp-content\/uploads\/2024\/11\/treegod415_67298644_165799464467681_6494209895392585596_n.jpg",1080,1350,false],"trp-custom-language-flag":["https:\/\/caliweedeurope.com\/wp-content\/uploads\/2024\/11\/treegod415_67298644_165799464467681_6494209895392585596_n.jpg",10,12,false],"woocommerce_thumbnail":["https:\/\/caliweedeurope.com\/wp-content\/uploads\/2024\/11\/treegod415_67298644_165799464467681_6494209895392585596_n-300x300.jpg",300,300,true],"woocommerce_single":["https:\/\/caliweedeurope.com\/wp-content\/uploads\/2024\/11\/treegod415_67298644_165799464467681_6494209895392585596_n-600x750.jpg",600,750,true],"woocommerce_gallery_thumbnail":["https:\/\/caliweedeurope.com\/wp-content\/uploads\/2024\/11\/treegod415_67298644_165799464467681_6494209895392585596_n-100x100.jpg",100,100,true]},"uagb_author_info":{"display_name":"jetskiforsaleuk@gmail.com","author_link":"https:\/\/caliweedeurope.com\/ro\/author\/"},"uagb_comment_info":0,"uagb_excerpt":"Typically Arrives in 2-3 Days Free Shipping on Orders over 200 Euros Europe shipping only","_links":{"self":[{"href":"https:\/\/caliweedeurope.com\/ro\/wp-json\/wp\/v2\/product\/1546"}],"collection":[{"href":"https:\/\/caliweedeurope.com\/ro\/wp-json\/wp\/v2\/product"}],"about":[{"href":"https:\/\/caliweedeurope.com\/ro\/wp-json\/wp\/v2\/types\/product"}],"replies":[{"embeddable":true,"href":"https:\/\/caliweedeurope.com\/ro\/wp-json\/wp\/v2\/comments?post=1546"}],"wp:featuredmedia":[{"embeddable":true,"href":"https:\/\/caliweedeurope.com\/ro\/wp-json\/wp\/v2\/media\/1562"}],"wp:attachment":[{"href":"https:\/\/caliweedeurope.com\/ro\/wp-json\/wp\/v2\/media?parent=1546"}],"wp:term":[{"taxonomy":"product_brand","embeddable":true,"href":"https:\/\/caliweedeurope.com\/ro\/wp-json\/wp\/v2\/product_brand?post=1546"},{"taxonomy":"product_cat","embeddable":true,"href":"https:\/\/caliweedeurope.com\/ro\/wp-json\/wp\/v2\/product_cat?post=1546"},{"taxonomy":"product_tag","embeddable":true,"href":"https:\/\/caliweedeurope.com\/ro\/wp-json\/wp\/v2\/product_tag?post=1546"}],"curies":[{"name":"wp","href":"https:\/\/api.w.org\/{rel}","templated":true}]}}