{"id":1742,"date":"2024-11-05T18:39:15","date_gmt":"2024-11-05T18:39:15","guid":{"rendered":"https:\/\/caliweedeurope.com\/?post_type=product&#038;p=1742"},"modified":"2024-11-05T18:39:18","modified_gmt":"2024-11-05T18:39:18","slug":"buy-cali-bud-gobstoppers-strain-online","status":"publish","type":"product","link":"https:\/\/caliweedeurope.com\/ro\/product\/buy-cali-bud-gobstoppers-strain-online\/","title":{"rendered":"Buy Cali Bud Gobstoppers strain Online"},"content":{"rendered":"<h1 style=\"text-align: center\"><strong>\u00a0<\/strong><strong>GOBSTOPPERS <\/strong><strong>CALI BUD OR NO BUD\u00a0|<\/strong><strong>\u00a0CALI BUD OR NO BUD\u00a0<\/strong><strong>GOBSTOPPERS <\/strong><strong>|<\/strong><strong>\u00a0CALI PLUG CALI BUD OR NO BUD<\/strong><\/h1>\n<p><strong>Cali bud sau f\u0103r\u0103 bud Gobstoppers<\/strong><\/p>\n<p>Aceast\u0103 tulpin\u0103 este un produs original de cannabis Cali de interior, disponibil pentru utilizatori califica\u021bi, at\u00e2t medicali, c\u00e2t \u0219i recreativi. Cali Hardball Cookies sunt una dintre cele mai dorite flori de cannabis de calitate superioar\u0103 din SUA. Cali Gobstoppers este o tulpin\u0103 Indica. Dac\u0103 c\u0103uta\u021bi o arom\u0103 fructat\u0103 intens\u0103 de bomboane, atunci aceasta este cea potrivit\u0103. Este un amestec perfect de Candy Diesel \u0219i tulpina foarte puternic\u0103 Vortex.<\/p>\n<p><b>Gobbstopper<\/b>\u00a0este o tulpin\u0103 Indica cu arom\u0103 de fructe de p\u0103dure \u0219i a doua intrare \u00een seria Wonka de la Alphakronik Genes. Creat\u0103 prin \u00eencruci\u0219area\u00a0<a href=\"https:\/\/www.leafly.com\/strains\/purple-urkle\" target=\"_blank\" rel=\"noopener\">Purple Urkle<\/a>\u00a0\u0219i\u00a0<a href=\"https:\/\/www.leafly.com\/strains\/sin-city-kush\" target=\"_blank\" rel=\"noopener\">Sin City Kush<\/a>, Gustul fructat de lung\u0103 durat\u0103 al Gobbstopper se deschide \u00een nas cu fructe dulci \u0219i acri\u0219oare \u0219i o p\u0103m\u00e2ntoas\u0103 savoare. Aroma acestei tulpini variaz\u0103 de la Pez cu struguri, cu accente de tapioca, p\u00e2n\u0103 la zmeur\u0103 Mt. Hood \u0219i lemn de santal. Structura mugurilor reflect\u0103 genetica Kush, oferind culori ad\u00e2nci \u0219i o acoperire s\u0103n\u0103toas\u0103 de trichome. Cali Bud sau nu exist\u0103 Bud Gobstoppers.<\/p>\n<h2 style=\"text-align: center\"><strong>\u00a0BUY\u00a0<\/strong><strong>GOBSTOPPERS\u00a0<\/strong><strong>CALI BUD OR NO BUD\u00a0 ONLINE | BUY CALI BUD OR NO BUD\u00a0<\/strong><strong>GOBSTOPPERS\u00a0<\/strong><strong>ONLINE | BUY CALI BUD OR NO BUD ONLINE<\/strong><\/h2>\n<p><strong style=\"color: #555555;font-size: 14.4px\">Utiliz\u0103ri medicale ale soiului Cali Bud Gobstoppers<\/strong><\/p>\n<p>Acest Cali plug bud este foarte recomandat pacien\u021bilor care sufer\u0103 de dureri cronice severe, dureri articulare \u0219i sl\u0103biciune general\u0103. Cu un procentaj de THC de aproximativ 29%. Cali bud sau nu bud Gobstoppers.<\/p>\n<div class=\"variety-percentage-wrap\">\n<h4 class=\"variety\"><a href=\"https:\/\/www.allbud.com\/marijuana-strains\/variety\/hybrid\" target=\"_blank\" rel=\"noopener\">\u00a0Hibrid\u00a0<\/a><span class=\"hidden-xs\">\u2013\u00a0<\/span><span class=\"strain-percentages\">50% Sativa \/50% Indica<\/span><\/h4>\n<h4 class=\"percentage\"><span class=\"heading\">THC:\u00a0<\/span>14% \u2013 16%,\u00a0<span class=\"heading\">CBD:\u00a0<\/span><em>1<\/em>%<\/h4>\n<\/p><\/div>\n<p>Gobbstopper este o varietate hibrid\u0103 echilibrat\u0103, creat\u0103 prin \u00eencruci\u0219area delicioasei Candy Diesel cu puternicul Vortex. C\u0103uta\u021bi o arom\u0103 delicioas\u0103 de bomboane? Ei bine, a\u021bi g\u0103sit-o! Gobbstopper este tot ce a\u021bi visat \u0219i mai mult, combin\u00e2nd fructe dulci \u0219i citrice acre pentru o arom\u0103 fructat\u0103 de bomboan\u0103 care va dansa pe limba voastr\u0103.<\/p>\n<p>Gobbstopper poate avea, de asemenea, mai multe beneficii pentru pacien\u021bii care folosesc cannabis medical. Caracterul s\u0103u relaxant poate atenua temporar simptomele de stres \u0219i depresie. Din punct de vedere fiziologic, poate, de asemenea, s\u0103 amelioreze dureri \u0219i disconforturi ad\u00e2nci, fie ele temporare sau cronice. Efectele antiinflamatorii pot ajuta la ameliorarea afec\u021biunilor mai u\u0219oare, cum ar fi durerile de cap sau grea\u021ba.<\/p>\n<h3 style=\"text-align: center\"><strong>GOBSTOPPERS\u00a0<\/strong><strong>CALI BUD OR NO BUD FOR SALE | CALI BUD OR NO BUD\u00a0\u00a0<\/strong><strong>GOBSTOPPERS\u00a0<\/strong><strong>FOR SALE | CALI BUD OR NO BUD\u00a0 FOR SALE<\/strong><\/h3>\n<p><strong>Cre\u0219terea soiului Cali Gabstoppers<\/strong><br \/> Cali Gobstoppers cresc destul de scurt \u0219i se dezvolt\u0103 foarte bine \u00een interior, \u00een exterior, precum \u0219i \u00een pepiniere. Nutrien\u021bii trebuie oferi\u021bi cel pu\u021bin lunar, dac\u0103 nu o dat\u0103 la 5 s\u0103pt\u0103m\u00e2ni, pentru a finaliza vegeta\u021bia. Aceast\u0103 varietate \u00eenflore\u0219te literalmente timp de 9 s\u0103pt\u0103m\u00e2ni \u0219i ofer\u0103 2 grame pe watt \u00een interior. \u00cen exterior, cultivatorii pot recolta p\u00e2n\u0103 la 2 livre pe plant\u0103. Gabstoppers soi<\/p>\n<p>Atrac\u021bia vizual\u0103 a florilor Gobstopper este evident\u0103 imediat. Ele se remarc\u0103 printr-o form\u0103 neregulat\u0103 \u0219i muguri mari, masivi, care ader\u0103 la structura dens\u0103 asociat\u0103 \u00een mod tipic cu indica. Gabstoppers soi<\/p>\n<h3 style=\"text-align: center\"><strong>CALI BUD OR NO BUD \u00a0<\/strong><strong>GOBSTOPPERS\u00a0<\/strong><strong>\u00a0NEAR ME |\u00a0<\/strong><strong>GOBSTOPPERS\u00a0<\/strong><strong>CALI BUD OR NO BUD\u00a0\u00a0 NEAR ME | CALI BUD OR NO BUD \u00a0NEAR ME<\/strong><\/h3>\n<p><strong>Avertisment: Soiul Cali Gabstoppers<\/strong><br \/> Aceste muguri Cali de top con\u021bin cannabis. Aceast\u0103 substan\u021b\u0103 trebuie p\u0103strat\u0103 departe de copii \u0219i animale.<\/p>\n<p>Efectul Gobstopper se manifest\u0103 rapid, exercit\u00e2nd o presiune \u00een jurul ochilor \u0219i frun\u021bii. Efectele care urmeaz\u0103 pot fi descrise ca fiind expansive pentru minte \u2013 fum\u0103torii pot sim\u021bi c\u0103 devin mai creativi sau mai deschi\u0219i la sugestii din partea altora sau la stimuli externi. Unii fum\u0103tori pot observa \u0219i modific\u0103ri ale percep\u021biei, iar distorsiunile vizuale \u0219i auditive sunt frecvent raportate. Cu toate acestea, \u00een loc de dezorientare, efectul Gobstopper se apropie de euforie; chiar \u0219i cei de la Extreme Boutique Genetics au comparat efectele sale \u00een\u0103l\u021b\u0103toare cu bucuria pe care o simte un copil \u00een diminea\u021ba de Cr\u0103ciun.<\/p>\n<p>La fel ca profilul s\u0103u de arome stratificate, Gobstopper are \u0219i un efect complex. De\u0219i este pu\u021bin probabil s\u0103 provoace starea de couchlock, cea\u021ba mental\u0103 care apare spre sf\u00e2r\u0219itul efectului Gobstopper probabil va \u00eempiedica majoritatea fum\u0103torilor s\u0103 finalizeze sarcini complexe.<\/p>\n<h5 style=\"text-align: center\"><strong>GOBSTOPPERS\u00a0<\/strong><strong>\u00a0STRAIN | \u00a0<\/strong><strong>GOBSTOPPERS\u00a0<\/strong><strong>WEED STRAIN | CALI\u00a0<\/strong><strong>GOBSTOPPERS\u00a0<\/strong><strong>| CALI\u00a0<\/strong><strong>GOBSTOPPERS\u00a0<\/strong><strong>\u00a0STRAIN<\/strong><\/h5>\n<p><strong>Efectele soiului Cali Gabstoppers<\/strong><br \/> \u00cen concluzie, c\u00e2nd este fumat, se pot experimenta euforie, creativitate, o c\u0103ldur\u0103 calmant\u0103, amor\u021beal\u0103, cre\u0219terea apetitului \u0219i ameliorarea durerii. Efectul acestor muguri poate dura p\u00e2n\u0103 la 4 ore la pacien\u021bi. Aten\u021bie la utilizarea acestui produs \u00een timpul sarcinii.<\/p>\n<p>Discuta\u021bi cu un agent Cali Plug \u00eenainte de a utiliza produsul. Folosi\u021bi extrem\u0103 precau\u021bie atunci c\u00e2nd conduce\u021bi sau opera\u021bi utilaje. Tulpina Gabstoppers.<\/p>\n<p>Cump\u0103ra\u021bi soiul Cali Reptar online de la cea mai de \u00eencredere farmacie de cannabis din California. Cali Plug este furnizorul dvs. legitim de pachete Cali Plug de top, cunoscute \u0219i sub numele de Cali Bags.<\/p>\n<p>Astfel, aroma complex\u0103 a Gobstopper urmeaz\u0103 acela\u0219i tipar. Aroma principal\u0103 a acestor flori este citric\u0103, \u00een special grapefruit. La o examinare mai atent\u0103, se simt note de fructe de p\u0103dure \u0219i vat\u0103 de zah\u0103r super dulce. \u00cen ciuda caracterului s\u0103u predominant dulce, c\u00e2nd este ars, acest bob poate emite un fum aspru care irit\u0103 ochii. Fumul are un gust de motorin\u0103 la expirare, cu o arom\u0103 persistent\u0103 de citrice \u0219i aciditate. De remarcat c\u0103, \u00een ciuda culorii sale violet, strugurele este un gust pe care Gobstopper nu \u00eel are; acest lucru se datoreaz\u0103 faptului c\u0103 pigmentele care produc nuan\u021bele sale violet ocazionale nu au un efect corespunz\u0103tor asupra gustului acestei soiuri.<\/p>\n<div data-testid=\"product-description\">\n<div class=\"truncate-lines__Wrapper-sc-1lknwty-0 YxHAC\">\n<div data-testid=\"truncated-description\">\n<div>\n<div class=\"text__Text-sc-fif1uk-0 kdmKRD\">\n<div class=\"src__Box-sc-1sbtrzs-0 src__Flex-sc-1sbtrzs-1 kWPFqZ hzdsvF\">\n<div>CATEGORII DE PRODUSE EXEMPLARE<\/div>\n<\/p><\/div>\n<\/p><\/div>\n<\/p><\/div>\n<\/p><\/div>\n<\/p><\/div>\n<\/p><\/div>\n<div class=\"text__Text-sc-fif1uk-0 htoJfX\"><a href=\"https:\/\/jeetersofficial.com\/product-category\/buy-cali-buds\/\" target=\"_blank\" rel=\"noopener\">CALI BUDS<\/a><\/div>\n<div data-testid=\"product-description\">\n<div class=\"truncate-lines__Wrapper-sc-1lknwty-0 YxHAC\">\n<div data-testid=\"truncated-description\">\n<div class=\"text__Text-sc-fif1uk-0 kdmKRD\"><a href=\"https:\/\/jeetersofficial.com\/product-category\/backpack-boyz\/\" target=\"_blank\" rel=\"noopener\">Backpack\u00a0 Boyz<\/a><\/div>\n<div><a href=\"https:\/\/jeetersofficial.com\/product-category\/snow-balls-weed\/\" target=\"_blank\" rel=\"noopener\">SNOWBALLS WEED<\/a><\/div>\n<div><a href=\"https:\/\/jeetersofficial.com\/product-category\/persy-snowcaps\/\" target=\"_blank\" rel=\"noopener\">Persy Snowcaps<\/a><\/div>\n<div><a href=\"https:\/\/jeetersofficial.com\/product-category\/drip-snowcaps\/\" target=\"_blank\" rel=\"noopener\">Drip Snowcaps<\/a><\/div>\n<div><a href=\"https:\/\/jeetersofficial.com\/product-category\/concentrates\/\" target=\"_blank\" rel=\"noopener\">CALI CONCENTRATES<\/a><\/div>\n<div><a href=\"https:\/\/jeetersofficial.com\/product-category\/doja-exclusive\/\" target=\"_blank\" rel=\"noopener\">CALI DOJA PACKS EXCLUSIVE<\/a><\/div>\n<div><a href=\"https:\/\/jeetersofficial.com\/product-category\/marijuana-flowers\/\" target=\"_blank\" rel=\"noopener\">CALI MARIJUANA FLOWERS<\/a><\/div>\n<\/p><\/div>\n<\/p><\/div>\n<\/p><\/div>\n<div><a href=\"https:\/\/jeetersofficial.com\/product-category\/sativa-strain\/\" target=\"_blank\" rel=\"noopener\">CALI SATIVA STRAINS<\/a><\/div>\n<div><a href=\"https:\/\/jeetersofficial.com\/product-category\/indica\/\" target=\"_blank\" rel=\"noopener\">CALI INDICA STRAINS<\/a><\/div>\n<div><a href=\"https:\/\/jeetersofficial.com\/product-category\/hybrid-weed\/\" target=\"_blank\" rel=\"noopener\">CALI HYBRID WEED<\/a><\/div>","protected":false},"excerpt":{"rendered":"<p><strong>Cali Bud Gobstoppers strain<\/strong><\/p>\n<p>Acest soi este un produs original Cali cannabis cultivat \u00een interior, disponibil pentru utilizatori medicali \u0219i recreativi califica\u021bi. Cali Hardball Cookies sunt unele dintre cele mai c\u0103utate flori de cannabis de calitate superioar\u0103 din SUA. Cali Gobstoppers este un soi Indica. Dac\u0103 cau\u021bi un gust fructat \u0219i dulce, ai g\u0103sit ce trebuie. Este un amestec perfect de Candy Diesel \u0219i soiul foarte puternic Vortex.<\/p>","protected":false},"featured_media":1667,"comment_status":"closed","ping_status":"closed","template":"","meta":{"_uag_custom_page_level_css":"","site-sidebar-layout":"default","site-content-layout":"","ast-site-content-layout":"","site-content-style":"default","site-sidebar-style":"default","ast-global-header-display":"","ast-banner-title-visibility":"","ast-main-header-display":"","ast-hfb-above-header-display":"","ast-hfb-below-header-display":"","ast-hfb-mobile-header-display":"","site-post-title":"","ast-breadcrumbs-content":"","ast-featured-img":"","footer-sml-layout":"","theme-transparent-header-meta":"","adv-header-id-meta":"","stick-header-meta":"","header-above-stick-meta":"","header-main-stick-meta":"","header-below-stick-meta":"","astra-migrate-meta-layouts":"default","ast-page-background-enabled":"default","ast-page-background-meta":{"desktop":{"background-color":"var(--ast-global-color-4)","background-image":"","background-repeat":"repeat","background-position":"center center","background-size":"auto","background-attachment":"scroll","background-type":"","background-media":"","overlay-type":"","overlay-color":"","overlay-opacity":"","overlay-gradient":""},"tablet":{"background-color":"","background-image":"","background-repeat":"repeat","background-position":"center center","background-size":"auto","background-attachment":"scroll","background-type":"","background-media":"","overlay-type":"","overlay-color":"","overlay-opacity":"","overlay-gradient":""},"mobile":{"background-color":"","background-image":"","background-repeat":"repeat","background-position":"center center","background-size":"auto","background-attachment":"scroll","background-type":"","background-media":"","overlay-type":"","overlay-color":"","overlay-opacity":"","overlay-gradient":""}},"ast-content-background-meta":{"desktop":{"background-color":"var(--ast-global-color-5)","background-image":"","background-repeat":"repeat","background-position":"center center","background-size":"auto","background-attachment":"scroll","background-type":"","background-media":"","overlay-type":"","overlay-color":"","overlay-opacity":"","overlay-gradient":""},"tablet":{"background-color":"var(--ast-global-color-5)","background-image":"","background-repeat":"repeat","background-position":"center center","background-size":"auto","background-attachment":"scroll","background-type":"","background-media":"","overlay-type":"","overlay-color":"","overlay-opacity":"","overlay-gradient":""},"mobile":{"background-color":"var(--ast-global-color-5)","background-image":"","background-repeat":"repeat","background-position":"center center","background-size":"auto","background-attachment":"scroll","background-type":"","background-media":"","overlay-type":"","overlay-color":"","overlay-opacity":"","overlay-gradient":""}}},"product_brand":[],"product_cat":[675],"product_tag":[472,473,474,475,461,462,463,464,465,466,476,477,478,479],"class_list":{"0":"post-1742","1":"product","2":"type-product","3":"status-publish","4":"has-post-thumbnail","6":"product_cat-buy-cali-buds","7":"product_tag-cali-bud-or-no-bud-near-me","8":"product_tag-cali-buds","9":"product_tag-cali-gobstoppers","10":"product_tag-cali-gobstoppers-strain","11":"product_tag-cali-packs","12":"product_tag-cali-plug-cali-bud-or-no-bud","13":"product_tag-cali-straina","14":"product_tag-cali-weed-bags","15":"product_tag-cali-weed-flavors","16":"product_tag-cannabis","17":"product_tag-gobstoppers-cali-bud-or-no-bud","18":"product_tag-gobstoppers-cali-bud-or-no-bud-for-sale","19":"product_tag-gobstoppers-cali-bud-or-no-bud-near-me","20":"product_tag-no-bud-gobstoppers-near-me","21":"desktop-align-center","22":"tablet-align-left","23":"mobile-align-left","25":"first","26":"instock","27":"shipping-taxable","28":"purchasable","29":"product-type-variable"},"uagb_featured_image_src":{"full":["https:\/\/caliweedeurope.com\/wp-content\/uploads\/2024\/11\/gobstoppers.jpg",514,686,false],"thumbnail":["https:\/\/caliweedeurope.com\/wp-content\/uploads\/2024\/11\/gobstoppers-150x150.jpg",150,150,true],"medium":["https:\/\/caliweedeurope.com\/wp-content\/uploads\/2024\/11\/gobstoppers-225x300.jpg",225,300,true],"medium_large":["https:\/\/caliweedeurope.com\/wp-content\/uploads\/2024\/11\/gobstoppers.jpg",514,686,false],"large":["https:\/\/caliweedeurope.com\/wp-content\/uploads\/2024\/11\/gobstoppers.jpg",514,686,false],"1536x1536":["https:\/\/caliweedeurope.com\/wp-content\/uploads\/2024\/11\/gobstoppers.jpg",514,686,false],"2048x2048":["https:\/\/caliweedeurope.com\/wp-content\/uploads\/2024\/11\/gobstoppers.jpg",514,686,false],"trp-custom-language-flag":["https:\/\/caliweedeurope.com\/wp-content\/uploads\/2024\/11\/gobstoppers.jpg",9,12,false],"woocommerce_thumbnail":["https:\/\/caliweedeurope.com\/wp-content\/uploads\/2024\/11\/gobstoppers-300x300.jpg",300,300,true],"woocommerce_single":["https:\/\/caliweedeurope.com\/wp-content\/uploads\/2024\/11\/gobstoppers.jpg",514,686,false],"woocommerce_gallery_thumbnail":["https:\/\/caliweedeurope.com\/wp-content\/uploads\/2024\/11\/gobstoppers-100x100.jpg",100,100,true]},"uagb_author_info":{"display_name":"jetskiforsaleuk@gmail.com","author_link":"https:\/\/caliweedeurope.com\/ro\/author\/"},"uagb_comment_info":0,"uagb_excerpt":"Cali Bud Gobstoppers strain This strain is an indoor original Cali cannabis product, available for qualified\u00a0medical\u00a0and recreational users. Cali hardball cookies are one of the most wanted top-shelf cannabis flowers in the USA. Cali Gobstoppers is an Indica\u00a0strain. If you are looking for a very fruity candy flavor, then you got the right one. This&hellip;","_links":{"self":[{"href":"https:\/\/caliweedeurope.com\/ro\/wp-json\/wp\/v2\/product\/1742"}],"collection":[{"href":"https:\/\/caliweedeurope.com\/ro\/wp-json\/wp\/v2\/product"}],"about":[{"href":"https:\/\/caliweedeurope.com\/ro\/wp-json\/wp\/v2\/types\/product"}],"replies":[{"embeddable":true,"href":"https:\/\/caliweedeurope.com\/ro\/wp-json\/wp\/v2\/comments?post=1742"}],"wp:featuredmedia":[{"embeddable":true,"href":"https:\/\/caliweedeurope.com\/ro\/wp-json\/wp\/v2\/media\/1667"}],"wp:attachment":[{"href":"https:\/\/caliweedeurope.com\/ro\/wp-json\/wp\/v2\/media?parent=1742"}],"wp:term":[{"taxonomy":"product_brand","embeddable":true,"href":"https:\/\/caliweedeurope.com\/ro\/wp-json\/wp\/v2\/product_brand?post=1742"},{"taxonomy":"product_cat","embeddable":true,"href":"https:\/\/caliweedeurope.com\/ro\/wp-json\/wp\/v2\/product_cat?post=1742"},{"taxonomy":"product_tag","embeddable":true,"href":"https:\/\/caliweedeurope.com\/ro\/wp-json\/wp\/v2\/product_tag?post=1742"}],"curies":[{"name":"wp","href":"https:\/\/api.w.org\/{rel}","templated":true}]}}