{"id":1748,"date":"2024-11-05T18:39:15","date_gmt":"2024-11-05T18:39:15","guid":{"rendered":"https:\/\/caliweedeurope.com\/?post_type=product&#038;p=1748"},"modified":"2024-11-05T18:39:18","modified_gmt":"2024-11-05T18:39:18","slug":"buy-cali-bud-life-savers-online","status":"publish","type":"product","link":"https:\/\/caliweedeurope.com\/ro\/product\/buy-cali-bud-life-savers-online\/","title":{"rendered":"Cump\u0103r\u0103 Cali Bud Life Savers online"},"content":{"rendered":"<h1 style=\"text-align: center\"><strong>\u00a0 \u00a0 \u00a0<\/strong><strong>LIFE SAVERS <\/strong><strong>CALI BUD OR NO BUD\u00a0|<\/strong><strong>\u00a0CALI BUD OR NO BUD\u00a0<\/strong><strong>LIFE SAVERS <\/strong><strong>|<\/strong><strong>\u00a0CALI PLUG CALI BUD OR NO BUD<\/strong><\/h1>\n<p><strong>Cali Bud Life Savers<\/strong><br \/> Cali Bud Life Savers este una dintre cele mai bune arome de Cali Bud sau f\u0103r\u0103 Bud. C\u00e2nd vine vorba de arome de bomboane \u0219i capacitatea de a eradica durerea cronic\u0103 \u0219i repetitiv\u0103\u2026, Life Savers \u00ee\u0219i \u00eendepline\u0219te cu siguran\u021b\u0103 numele. Life Savers este o tulpin\u0103 hibrid\u0103 predominant\u0103 Indica cu 78%. Cu un miros de struguri \u0219i gum\u0103 de mestecat, aceast\u0103 tulpin\u0103 merit\u0103 \u00eencercat\u0103 de cei care caut\u0103 o senza\u021bie mai puternic\u0103 \u0219i sedativ\u0103.<\/p>\n<p class=\"about-title\"><strong>Despre Life Saver<\/strong><\/p>\n<div class=\"effect-wrapper ng-star-inserted\">\n<div>\n<p>Lifesaver (sau Life Saver) este un hibrid cu predominan\u021b\u0103 Indica care \u00ee\u0219i tr\u0103deaz\u0103 numele \u00een mai multe moduri. Aceast\u0103 floare ofer\u0103 un gust acri\u0219or, asem\u0103n\u0103tor unui fruct-caramel, al\u0103turi de o putere terapeutic\u0103 de nepre\u021buit. Lifesaver a fost creat de breederii inventivi BOG Seeds ca un hibrid \u00eentre BOG Bubble \u0219i JCB (care este el \u00eensu\u0219i un hibrid de\u00a0<a href=\"https:\/\/www.wikileaf.com\/strain\/jacks-cleaner\/\" target=\"_blank\" rel=\"noopener\">Jack\u2019s Cleaner<\/a>\u00a0\u0219i\u00a0<a href=\"https:\/\/www.wikileaf.com\/strain\/blueberry\/\" target=\"_blank\" rel=\"noopener\">Blueberry<\/a>). Rezultatul este o floare cu un gust dinamic \u0219i o poten\u021b\u0103 durabil\u0103 \u0219i echilibrat\u0103. Con\u021binutul de THC al Lifesaver a fost m\u0103surat \u00eentre 12% \u0219i 21%.<\/p>\n<\/p><\/div>\n<\/p><\/div>\n<h2 style=\"text-align: center\"><strong>\u00a0BUY <\/strong><strong>LIFE SAVERS\u00a0<\/strong><strong>CALI BUD OR NO BUD\u00a0 ONLINE | BUY CALI BUD OR NO BUD\u00a0<\/strong><strong>LIFE SAVERS\u00a0<\/strong><strong>ONLINE | BUY CALI BUD OR NO BUD ONLINE<\/strong><\/h2>\n<p><strong style=\"color: #555555;font-size: 14.4px\">Efecte Cali Bud Life Savers<\/strong><\/p>\n<p>Efectul de baz\u0103 va fi acela de ridicare, \u00eemputernicire \u0219i relaxare.<br \/> <strong>Fericit<\/strong><br \/> 47% dintre oameni raporteaz\u0103 c\u0103 se simt ferici\u021bi<br \/> <strong>Relaxat<\/strong><br \/> 46% dintre oameni raporteaz\u0103 c\u0103 se simt relaxa\u021bi<br \/> <strong>Excitat<\/strong><br \/> 16% dintre oameni raporteaz\u0103 c\u0103 se simt excita\u021bi<\/p>\n<p><strong>Negative<\/strong><br \/> <strong>Gur\u0103 uscat\u0103<\/strong><br \/> 15% dintre oameni raporteaz\u0103 c\u0103 au gura uscat\u0103<br \/> <strong>Ochi usca\u021bi<\/strong><br \/> 17% dintre oameni raporteaz\u0103 c\u0103 au ochii usca\u021bi<br \/> <strong>U\u0219or ame\u021bit<\/strong><br \/> 8% dintre oameni raporteaz\u0103 c\u0103 se simt u\u0219or ame\u021bi\u021bi<\/p>\n<div class=\"effect-wrapper ng-star-inserted\">\n<div>\n<p>Lifesaver \u00ee\u0219i face clar atractivitatea imediat cu flori solide, aproape sferice. Aceste muguri sunt de dimensiuni medii p\u00e2n\u0103 la mari \u0219i se lipesc \u00eempreun\u0103 \u00een structura dens\u0103 \u0219i groas\u0103 a mugurilor caracteristic\u0103 soiurilor Indica. Frunzele \u00eenf\u0103\u0219urate str\u00e2ns sunt de un verde muscos \u0219i sunt traversate de pistiluri portocalii \u0219i galbene str\u0103lucitoare. Ocazional, fenotipurile acestei tulpini con\u021bin \u0219i nuan\u021be de violet, de la lavand\u0103 palid\u0103 p\u00e2n\u0103 la o culoare ad\u00e2nc\u0103 de struguri; aceste nuan\u021be sunt rezultatul pigmen\u021bilor de antocianin\u0103 care sunt activati de vremea rece, \u00eentr-un proces similar cu schimbarea frunzelor toamna datorit\u0103 nivelurilor sc\u0103zute de clorofil\u0103. \u00cen final, un strat de trihomi albi translucizi acoper\u0103 aceste flori deja colorate \u0219i explic\u0103 activitatea lor psihic\u0103 ridicat\u0103.<\/p>\n<\/p><\/div>\n<\/p><\/div>\n<h3 style=\"text-align: center\"><strong>LIFE SAVERS\u00a0<\/strong><strong>CALI BUD OR NO BUD FOR SALE | CALI BUD OR NO BUD\u00a0\u00a0<\/strong><strong>LIFE SAVERS\u00a0<\/strong><strong>FOR SALE | CALI BUD OR NO BUD\u00a0 FOR SALE<\/strong><\/h3>\n<p><strong>Utiliz\u0103ri medicale ale Cali Life Savers<\/strong><br \/> Soiul Cali Life Savers garanteaz\u0103 o u\u0219urare imediat\u0103 a durerii. Efectele u\u0219oare \u0219i reale ale Cali Jet Lato pot atenua unele dureri \u0219i gre\u021buri. Soiul poate, de asemenea, ajuta la combaterea simptomelor de PTSD.<\/p>\n<div class=\"variety-percentage-wrap\">\n<h4 class=\"variety translation-block\"><a href=\"https:\/\/www.allbud.com\/marijuana-strains\/variety\/indica-dominant-hybrid\" target=\"_blank\" rel=\"noopener\">Hibrid Dominant Indica<\/a> <span class=\"hidden-xs\">\u2013 <\/span><span class=\"strain-percentages\">70% Indica \/ 30% Sativa<\/span><\/h4>\n<h4 class=\"percentage\"><span class=\"heading\">THC:\u00a0<\/span>15% \u2013 19%<\/h4>\n<\/p><\/div>\n<p class=\"translation-block\">Lifesaver, cunoscut \u0219i sub numele de \u201eLife Saver,\u201d este un soi hibrid predominant indica, creat prin \u00eencruci\u0219area delicioaselor soiuri BOG Bubble X <a href=\"https:\/\/www.allbud.com\/marijuana-strains\/sativa-dominant-hybrid\/batgirl\" target=\"_blank\" rel=\"noopener\">Subcool J<\/a>C<a href=\"https:\/\/www.allbud.com\/marijuana-strains\/sativa-dominant-hybrid\/batgirl\" target=\"_blank\" rel=\"noopener\">B<\/a>. Acest soi \u00ee\u0219i ia numele de la calit\u0103\u021bile sale \u201esalvatoare\u201d puternice, care elimin\u0103 durerea \u0219i durerile musculare cu doar un fum delicios. Nivelul de THC din Lifesaver este destul de moderat, situ\u00e2ndu-se \u00eentre 15 \u0219i 13%, oferind efecte bl\u00e2nde, potrivite pentru to\u021bi utilizatorii. Efectul \u00eencepe cu o stare de bine care te umple de energie \u0219i motiva\u021bie, f\u0103r\u0103 a provoca anxietate. life savers weed<\/p>\n<h4 style=\"text-align: center\"><strong>CALI BUD OR NO BUD \u00a0<\/strong><strong>LIFE SAVERS\u00a0<\/strong><strong>\u00a0NEAR ME |\u00a0<\/strong><strong>LIFE SAVERS\u00a0<\/strong><strong>CALI BUD OR NO BUD\u00a0\u00a0 NEAR ME | CALI BUD OR NO BUD \u00a0NEAR ME<\/strong><\/h4>\n<p><strong>Cultivarea Cali Life Savers<\/strong><br \/> Soiul Cali Life Savers se dezvolt\u0103 scurt \u0219i poate prospera \u00een interior, exterior sau chiar \u00eentr-o ser\u0103. Plantele ar trebui s\u0103 aib\u0103 cel pu\u021bin o lun\u0103, dac\u0103 nu chiar cinci, pentru faza vegetativ\u0103. Soiul \u00eenflore\u0219te \u00een opt p\u00e2n\u0103 la nou\u0103 s\u0103pt\u0103m\u00e2ni \u0219i produce un gram pe watt \u00een interior.<\/p>\n<p>Te vei sim\u021bi clar la minte \u0219i relaxat, complet concentrat pe sarcina pe care o ai de \u00eendeplinit. Pe m\u0103sur\u0103 ce mintea se elibereaz\u0103, corpul \u00eei va urma exemplul, l\u0103s\u00e2nd \u00een urm\u0103 durerile \u0219i disconfortul, cu un efect corporal furnic\u0103tor care nu este sedativ sau somnolent. Aceste efecte u\u0219oare atenueaz\u0103 afec\u021biuni precum spasmele musculare, durerile de cap sau migrenele, depresia \u0219i durerile cronice. Mugurii Lifesaver au flori dense \u0219i grunjoase de culoare verde ment\u0103, cu nuan\u021be violet bogat, peri portocalii str\u0103lucitori \u0219i un strat gros de tricomi albi \u00eenghe\u021ba\u021bi. Au un gust dulce de bomboane \u0219i gum\u0103 de mestecat, aproape ca o gum\u0103 de struguri, \u0219i un parfum de miere, fructe de p\u0103dure \u0219i p\u0103m\u00e2nt care completeaz\u0103 perfect.<\/p>\n<h5 style=\"text-align: center\"><strong>LIFE SAVERS\u00a0<\/strong><strong>\u00a0STRAIN | \u00a0<\/strong><strong>LIFE SAVERS\u00a0<\/strong><strong>WEED STRAIN | CALI\u00a0<\/strong><strong>LIFE SAVERS\u00a0<\/strong><strong>| CALI\u00a0<\/strong><strong>LIFE SAVERS\u00a0<\/strong><strong>\u00a0STRAIN<\/strong><\/h5>\n<p>\u00cen concluzie, Lifesaver \u00ee\u0219i face pe deplin numele \u00een ceea ce prive\u0219te gustul s\u0103u asem\u0103n\u0103tor cu cel al unei bomboane \u0219i capacitatea de a calma durerile cronice. Acest hibrid cu dominan\u021b\u0103 indica, rezultat din \u00eencruci\u0219area tulpinilor BOG Bubble \u0219i Subcool JCB, a fost creat pentru a r\u0103spunde cerin\u021belor speciale ale celor care sufer\u0103 de dureri. Cu un parfum relaxant de struguri \u0219i gum\u0103 de mestecat, aceast\u0103 tulpin\u0103 merit\u0103 \u00eencercat\u0103 de cei care caut\u0103 un efect mai puternic \u0219i medicinal. Lifesaver \u00eenflore\u0219te rapid, de obicei \u00een 8 s\u0103pt\u0103m\u00e2ni.<\/p>\n<p class=\"translation-block\">C\u00e2nd este corect uscat, Lifesaver emite un miros fructat, cu o not\u0103 de fructe de p\u0103dure. La o inspec\u021bie mai atent\u0103, se simt \u0219i accente de l\u0103m\u00e2ie \u0219i struguri. \u00centre timp, m\u0103cinarea sau ruperea acestor flori elibereaz\u0103 c\u00e2teva note u\u0219or erbacee, care fac referire la baza <a target=\"_blank\" rel=\"noopener\">Jack Herer<\/a> a acestei variet\u0103\u021bi. C\u00e2nd este ars, Lifesaver emite un fum fin \u0219i u\u0219or, care are un gust unic, dulce \u0219i acru la expirare. Cei care doresc s\u0103 \u00ee\u0219i p\u0103streze consumul discret ar trebui s\u0103 ia m\u0103surile necesare, deoarece aceast\u0103 varietate poate produce un fum foarte p\u0103trunz\u0103tor.<\/p>","protected":false},"excerpt":{"rendered":"<p><strong>Cali Bud Life Savers<\/strong><br \/> Cali Bud Life Savers este una dintre cele mai bune arome de Cali Bud sau f\u0103r\u0103 Bud. C\u00e2nd vine vorba de arome de bomboane \u0219i capacitatea de a eradica durerea cronic\u0103 \u0219i repetitiv\u0103\u2026, Life Savers \u00ee\u0219i \u00eendepline\u0219te cu siguran\u021b\u0103 numele. Life Savers este o tulpin\u0103 hibrid\u0103 predominant\u0103 Indica cu 78%. Cu un miros de struguri \u0219i gum\u0103 de mestecat, aceast\u0103 tulpin\u0103 merit\u0103 \u00eencercat\u0103 de cei care caut\u0103 o senza\u021bie mai puternic\u0103 \u0219i sedativ\u0103.<\/p>\n<div data-testid=\"product-description\">\n<div class=\"truncate-lines__Wrapper-sc-1lknwty-0 YxHAC\">\n<div data-testid=\"truncated-description\">\n<div>\n<div class=\"text__Text-sc-fif1uk-0 kdmKRD\">\n<div class=\"src__Box-sc-1sbtrzs-0 src__Flex-sc-1sbtrzs-1 kWPFqZ hzdsvF\">\n<div>CATEGORII DE PRODUSE EXEMPLARE<\/div>\n<\/p><\/div>\n<\/p><\/div>\n<\/p><\/div>\n<\/p><\/div>\n<\/p><\/div>\n<\/p><\/div>\n<div class=\"text__Text-sc-fif1uk-0 htoJfX\"><a href=\"https:\/\/jeetersofficial.com\/product-category\/buy-cali-buds\/\">CALI BUDS<\/a><\/div>\n<div data-testid=\"product-description\">\n<div class=\"truncate-lines__Wrapper-sc-1lknwty-0 YxHAC\">\n<div data-testid=\"truncated-description\">\n<div class=\"text__Text-sc-fif1uk-0 kdmKRD\"><a href=\"https:\/\/jeetersofficial.com\/product-category\/backpack-boyz\/\">Backpack\u00a0 Boyz<\/a><\/div>\n<div><a href=\"https:\/\/jeetersofficial.com\/product-category\/snow-balls-weed\/\">SNOWBALLS WEED<\/a><\/div>\n<div><a href=\"https:\/\/jeetersofficial.com\/product-category\/persy-snowcaps\/\">Persy Snowcaps<\/a><\/div>\n<div><a href=\"https:\/\/jeetersofficial.com\/product-category\/drip-snowcaps\/\">Drip Snowcaps<\/a><\/div>\n<div><a href=\"https:\/\/jeetersofficial.com\/product-category\/concentrates\/\">CALI CONCENTRATES<\/a><\/div>\n<div><a href=\"https:\/\/jeetersofficial.com\/product-category\/doja-exclusive\/\">CALI DOJA PACKS EXCLUSIVE<\/a><\/div>\n<div><a href=\"https:\/\/jeetersofficial.com\/product-category\/marijuana-flowers\/\">CALI MARIJUANA FLOWERS<\/a><\/div>\n<\/p><\/div>\n<\/p><\/div>\n<\/p><\/div>\n<div><a href=\"https:\/\/jeetersofficial.com\/product-category\/sativa-strain\/\">CALI SATIVA STRAINS<\/a><\/div>\n<div><a href=\"https:\/\/jeetersofficial.com\/product-category\/indica\/\">CALI INDICA STRAINS<\/a><\/div>\n<div><a href=\"https:\/\/jeetersofficial.com\/product-category\/hybrid-weed\/\">CALI HYBRID WEED<\/a><\/div>","protected":false},"featured_media":1668,"comment_status":"closed","ping_status":"closed","template":"","meta":{"_uag_custom_page_level_css":"","site-sidebar-layout":"default","site-content-layout":"","ast-site-content-layout":"default","site-content-style":"default","site-sidebar-style":"default","ast-global-header-display":"","ast-banner-title-visibility":"","ast-main-header-display":"","ast-hfb-above-header-display":"","ast-hfb-below-header-display":"","ast-hfb-mobile-header-display":"","site-post-title":"","ast-breadcrumbs-content":"","ast-featured-img":"","footer-sml-layout":"","ast-disable-related-posts":"","theme-transparent-header-meta":"","adv-header-id-meta":"","stick-header-meta":"","header-above-stick-meta":"","header-main-stick-meta":"","header-below-stick-meta":"","astra-migrate-meta-layouts":"default","ast-page-background-enabled":"default","ast-page-background-meta":{"desktop":{"background-color":"var(--ast-global-color-5)","background-image":"","background-repeat":"repeat","background-position":"center center","background-size":"auto","background-attachment":"scroll","background-type":"","background-media":"","overlay-type":"","overlay-color":"","overlay-opacity":"","overlay-gradient":""},"tablet":{"background-color":"","background-image":"","background-repeat":"repeat","background-position":"center center","background-size":"auto","background-attachment":"scroll","background-type":"","background-media":"","overlay-type":"","overlay-color":"","overlay-opacity":"","overlay-gradient":""},"mobile":{"background-color":"","background-image":"","background-repeat":"repeat","background-position":"center center","background-size":"auto","background-attachment":"scroll","background-type":"","background-media":"","overlay-type":"","overlay-color":"","overlay-opacity":"","overlay-gradient":""}},"ast-content-background-meta":{"desktop":{"background-color":"var(--ast-global-color-4)","background-image":"","background-repeat":"repeat","background-position":"center center","background-size":"auto","background-attachment":"scroll","background-type":"","background-media":"","overlay-type":"","overlay-color":"","overlay-opacity":"","overlay-gradient":""},"tablet":{"background-color":"var(--ast-global-color-4)","background-image":"","background-repeat":"repeat","background-position":"center center","background-size":"auto","background-attachment":"scroll","background-type":"","background-media":"","overlay-type":"","overlay-color":"","overlay-opacity":"","overlay-gradient":""},"mobile":{"background-color":"var(--ast-global-color-4)","background-image":"","background-repeat":"repeat","background-position":"center center","background-size":"auto","background-attachment":"scroll","background-type":"","background-media":"","overlay-type":"","overlay-color":"","overlay-opacity":"","overlay-gradient":""}}},"product_brand":[],"product_cat":[675],"product_tag":[480,481,482,483,484,472,485,486,462,487,488],"class_list":{"0":"post-1748","1":"product","2":"type-product","3":"status-publish","4":"has-post-thumbnail","6":"product_cat-buy-cali-buds","7":"product_tag-buy-life-savers-cali-bud-or-no-bud-online","8":"product_tag-cali-bud-or-no-bud-for-sale","9":"product_tag-cali-bud-or-no-bud-life-savers","10":"product_tag-cali-bud-or-no-bud-life-savers-for-sale","11":"product_tag-cali-bud-or-no-bud-life-savers-near-me","12":"product_tag-cali-bud-or-no-bud-near-me","13":"product_tag-cali-life-savers","14":"product_tag-cali-life-savers-strain","15":"product_tag-cali-plug-cali-bud-or-no-bud","16":"product_tag-life-savers-cali-bud-or-no-bud","17":"product_tag-life-savers-cali-bud-or-no-bud-for-sale","18":"desktop-align-center","19":"tablet-align-left","20":"mobile-align-left","22":"first","23":"instock","24":"shipping-taxable","25":"purchasable","26":"product-type-variable"},"uagb_featured_image_src":{"full":["https:\/\/caliweedeurope.com\/wp-content\/uploads\/2024\/11\/IMG-0234.jpg",956,1276,false],"thumbnail":["https:\/\/caliweedeurope.com\/wp-content\/uploads\/2024\/11\/IMG-0234-150x150.jpg",150,150,true],"medium":["https:\/\/caliweedeurope.com\/wp-content\/uploads\/2024\/11\/IMG-0234-225x300.jpg",225,300,true],"medium_large":["https:\/\/caliweedeurope.com\/wp-content\/uploads\/2024\/11\/IMG-0234-768x1025.jpg",768,1025,true],"large":["https:\/\/caliweedeurope.com\/wp-content\/uploads\/2024\/11\/IMG-0234-767x1024.jpg",767,1024,true],"1536x1536":["https:\/\/caliweedeurope.com\/wp-content\/uploads\/2024\/11\/IMG-0234.jpg",956,1276,false],"2048x2048":["https:\/\/caliweedeurope.com\/wp-content\/uploads\/2024\/11\/IMG-0234.jpg",956,1276,false],"trp-custom-language-flag":["https:\/\/caliweedeurope.com\/wp-content\/uploads\/2024\/11\/IMG-0234.jpg",9,12,false],"woocommerce_thumbnail":["https:\/\/caliweedeurope.com\/wp-content\/uploads\/2024\/11\/IMG-0234-300x300.jpg",300,300,true],"woocommerce_single":["https:\/\/caliweedeurope.com\/wp-content\/uploads\/2024\/11\/IMG-0234-600x801.jpg",600,801,true],"woocommerce_gallery_thumbnail":["https:\/\/caliweedeurope.com\/wp-content\/uploads\/2024\/11\/IMG-0234-100x100.jpg",100,100,true]},"uagb_author_info":{"display_name":"jetskiforsaleuk@gmail.com","author_link":"https:\/\/caliweedeurope.com\/ro\/author\/"},"uagb_comment_info":0,"uagb_excerpt":"Cali bud Life Savers Cali bud Life Savers\u00a0cannabis strain\u00a0is one of the best\u00a0Cali bud or no bud flavors. When it comes to candy-like tastes and the capacity to eradicate chronic and repeated pain\u2026., Life Savers certainly satisfies its name. The Life Savers is an Indica-predominant hybrid strain with 78%. Unwinding with a grape and air&hellip;","_links":{"self":[{"href":"https:\/\/caliweedeurope.com\/ro\/wp-json\/wp\/v2\/product\/1748"}],"collection":[{"href":"https:\/\/caliweedeurope.com\/ro\/wp-json\/wp\/v2\/product"}],"about":[{"href":"https:\/\/caliweedeurope.com\/ro\/wp-json\/wp\/v2\/types\/product"}],"replies":[{"embeddable":true,"href":"https:\/\/caliweedeurope.com\/ro\/wp-json\/wp\/v2\/comments?post=1748"}],"wp:featuredmedia":[{"embeddable":true,"href":"https:\/\/caliweedeurope.com\/ro\/wp-json\/wp\/v2\/media\/1668"}],"wp:attachment":[{"href":"https:\/\/caliweedeurope.com\/ro\/wp-json\/wp\/v2\/media?parent=1748"}],"wp:term":[{"taxonomy":"product_brand","embeddable":true,"href":"https:\/\/caliweedeurope.com\/ro\/wp-json\/wp\/v2\/product_brand?post=1748"},{"taxonomy":"product_cat","embeddable":true,"href":"https:\/\/caliweedeurope.com\/ro\/wp-json\/wp\/v2\/product_cat?post=1748"},{"taxonomy":"product_tag","embeddable":true,"href":"https:\/\/caliweedeurope.com\/ro\/wp-json\/wp\/v2\/product_tag?post=1748"}],"curies":[{"name":"wp","href":"https:\/\/api.w.org\/{rel}","templated":true}]}}