{"id":1754,"date":"2024-11-05T18:39:15","date_gmt":"2024-11-05T18:39:15","guid":{"rendered":"https:\/\/caliweedeurope.com\/?post_type=product&#038;p=1754"},"modified":"2024-11-05T18:39:18","modified_gmt":"2024-11-05T18:39:18","slug":"buy-cali-bud-marshmallow-strain-online","status":"publish","type":"product","link":"https:\/\/caliweedeurope.com\/ro\/product\/buy-cali-bud-marshmallow-strain-online\/","title":{"rendered":"Buy Cali Bud Marshmallow Strain Online"},"content":{"rendered":"<h1 style=\"text-align: center\"><strong>\u00a0 \u00a0 \u00a0<\/strong><strong>MARSHMALLOW <\/strong><strong>CALI BUD OR NO BUD\u00a0|<\/strong><strong>\u00a0CALI BUD OR NO BUD\u00a0<\/strong><strong>MARSHMALLOW <\/strong><strong>|<\/strong><strong>\u00a0CALI PLUG CALI BUD OR NO BUD<\/strong><\/h1>\n<p><strong>Cali Bud sau No Bud Marshmallow Strain<\/strong><\/p>\n<p>Marshmallow Kush este un fenotip din Girl Scout Cookies. Numele provine de la tricomii s\u0103i albi \u0219i pufosi \u0219i de la mugurii lipicio\u0219i. Aceast\u0103 varietate miroase a terpeni dulci \u0219i mentolati cu o nuan\u021b\u0103 fermec\u0103toare \u0219i aspr\u0103. Marshmallow confer\u0103 consumatorilor o stare de fericire \u0219i relaxare. Euforia pl\u0103cut\u0103 a acestei variet\u0103\u021bi poate ajuta la \u00eembun\u0103t\u0103\u021birea dispozi\u021biei, stimularea apetitului \u0219i la ameliorarea nelini\u0219tei.<\/p>\n<h2 style=\"text-align: center\"><strong>BUY\u00a0<\/strong><strong>MARSHMALLOW\u00a0<\/strong><strong>CALI BUD OR NO BUD\u00a0 ONLINE | BUY CALI BUD OR NO BUD\u00a0<\/strong><strong>MARSHMALLOW\u00a0<\/strong><strong>ONLINE | BUY CALI BUD OR NO BUD ONLINE<\/strong><\/h2>\n<p><strong>Cali Bud Marshmallow Strain<\/strong><\/p>\n<p>\u00cen primul r\u00e2nd, suntem aici pentru a v\u0103 oferi cele mai bune servicii de comand\u0103 prin po\u0219t\u0103 de cannabis 420. Dup\u0103 ce am examinat stresul implicat \u00een a conduce p\u00e2n\u0103 la dispensar pentru a ob\u021bine marijuana medicinal\u0103 pentru durere \u0219i u\u0219urare, am decis s\u0103 ajut\u0103m comunitatea 420 oferind livrare de prescrip\u021bii \u0219i cannabis direct la u\u0219a dumneavoastr\u0103, f\u0103r\u0103 nicio inconvenien\u021b\u0103. Oferim livr\u0103ri \u00een toate cele 50 de state din SUA, Canada \u0219i Europa. Pentru mai multe informa\u021bii, contacta\u021bi-ne, suntem \u00eentotdeauna online \u0219i la dispozi\u021bia dumneavoastr\u0103 pentru a v\u0103 ajuta s\u0103 ob\u021bine\u021bi ce e mai bun.<\/p>\n<h3 style=\"text-align: center\"><strong>MARSHMALLOW\u00a0<\/strong><strong>CALI BUD OR NO BUD FOR SALE | CALI BUD OR NO BUD\u00a0\u00a0<\/strong><strong>MARSHMALLOW\u00a0<\/strong><strong>FOR SALE | CALI BUD OR NO BUD\u00a0 FOR SALE<\/strong><\/h3>\n<p><strong>Cump\u0103r\u0103 avertismentul despre soiul Marshmallow<\/strong><\/p>\n<p>\u00cen al doilea r\u00e2nd, acest produs con\u021bine cannabis, o substan\u021b\u0103 reglementat\u0103. A se p\u0103stra departe de copii \u0219i animale. Produsele din cannabis pot fi de\u021binute sau consumate doar de persoane de 25 de ani sau mai mari, cu excep\u021bia cazului \u00een care persoana este un pacient calificat. Efectele intoxicante ale produselor din cannabis pot dura p\u00e2n\u0103 la dou\u0103 ore. Utilizarea cannabisului \u00een timpul sarcinii sau al\u0103pt\u0103rii poate fi d\u0103un\u0103toare. Consumul acestor produse \u00ee\u021bi afecteaz\u0103 abilitatea de a conduce sau de a manevra utilaje. Te rug\u0103m s\u0103 fii extrem de precaut \u00eenainte de a cump\u0103ra soiul de cannabis Marshmallow online \u0219i a-l consuma. Cump\u0103r\u0103 Cali Bud sau No Bud.<\/p>\n<p data-renderer-start-pos=\"764\"><strong data-renderer-mark=\"true\">Efectele soiului Marshmallow OG<\/strong><\/p>\n<p data-renderer-start-pos=\"796\" class=\"translation-block\">Marshmallow OG g\u0103se\u0219te locul perfect pentru un high hibrid echilibrat, cu efecte predominante Indica, completate de un high cerebral pl\u0103cut. \u00cencepe cu o euforie energizant\u0103 \u00een frunte \u0219i \u00een spatele ochilor, l\u0103s\u00e2ndu-te vesel, dar \u00eence\u021bo\u0219at \u0219i pu\u021bin confuz. Pe m\u0103sur\u0103 ce high-ul cre\u0219te, se va extinde pe tot corpul \u00een valuri calde, l\u0103s\u00e2nd o senza\u021bie de furnic\u0103turi care amor\u021be\u0219te orice durere \u0219i disconfort de la cap la picioare. Acest lucru te va ad\u00e2nci \u00eentr-o stare profund\u0103 de relaxare. Marshmallow weed<\/p>\n<p data-renderer-start-pos=\"1289\"><strong data-renderer-mark=\"true\">Arome ale soiului Marshmallow OG<\/strong><\/p>\n<p data-renderer-start-pos=\"1321\">La fiecare expira\u021bie, Marshmallow OG \u00eenc\u00e2nt\u0103 cu o arom\u0103 dulce ca o bomboan\u0103 \u0219i cu nuan\u021be de miere \u0219i pin.<\/p>\n<p data-renderer-start-pos=\"1416\"><strong data-renderer-mark=\"true\">Mirosul soiului Marshmallow OG<\/strong><\/p>\n<p data-renderer-start-pos=\"1446\">Nu este o surpriz\u0103 c\u0103 aceast\u0103 floare miroase a pung\u0103 de marshmallow cu o not\u0103 puternic\u0103 de ierburi.<\/p>\n<p data-renderer-start-pos=\"300\"><strong data-renderer-mark=\"true\">informa\u021bii despre cultivarea soiului Marshmallow OG<\/strong><\/p>\n<p data-renderer-start-pos=\"337\">Marshmallow OG se dezvolt\u0103 foarte bine \u00een medii interioare. Perioada de \u00eenflorire dureaz\u0103 \u00eentre 9 \u0219i 9,5 s\u0103pt\u0103m\u00e2ni, \u00een func\u021bie de condi\u021bii. Marshmallow OG con\u021bine muguri pufo\u0219i, dar densi, de culoare verde m\u0103sliniu, cu nuan\u021be violet \u00eenchis \u0219i peri, precum \u0219i un strat alb \u00eenghe\u021bat de trihomi cristalinari l\u0103pto\u0219i.<\/p>\n<h4 style=\"text-align: center\"><strong>CALI BUD OR NO BUD \u00a0<\/strong><strong>MARSHMALLOW\u00a0<\/strong><strong>\u00a0NEAR ME |\u00a0<\/strong><strong>MARSHMALLOW\u00a0<\/strong><strong>CALI BUD OR NO BUD\u00a0\u00a0 NEAR ME | CALI BUD OR NO BUD \u00a0NEAR ME<\/strong><\/h4>\n<p class=\"translation-block\"><b>Marshmallow OG<\/b> este o <a href=\"https:\/\/www.leafly.com\/strains\/lists\/category\/hybrid\" target=\"_blank\" rel=\"noopener\">varietate hibrid\u0103 de marijuana<\/a>. \u00cenc\u0103 \u00eenv\u0103\u021b\u0103m despre aromele \u0219i efectele Marshmallow OG \u2013 dac\u0103 ai fumat, dabbed sau consumat aceast\u0103 varietate, poveste\u0219te-ne despre experien\u021ba ta l\u0103s\u00e2nd o recenzie.<\/p>\n<p data-renderer-start-pos=\"50\"><strong data-renderer-mark=\"true\">Ce soi este Marshmallow OG?<\/strong><\/p>\n<p data-renderer-start-pos=\"83\">Marshmallow OG este o \u00eencruci\u0219are \u00eentre soiurile Chem D, Triangle Kush \u0219i Jet Fuel Gelato.<\/p>\n<p data-renderer-start-pos=\"172\"><strong data-renderer-mark=\"true\">Marshmallow OG este o Indica sau o Sativa?<\/strong><\/p>\n<p data-renderer-start-pos=\"214\">Marshmallow OG este o varietate hibrid\u0103 care r\u0103m\u00e2ne un pic mai aproape de partea Indica.<\/p>\n<p data-renderer-start-pos=\"620\"><strong data-renderer-mark=\"true\">Nivelul de THC al Marshmallow OG<\/strong><\/p>\n<p data-renderer-start-pos=\"647\">Nu l\u0103sa\u021bi numele dr\u0103gu\u021b s\u0103 v\u0103 \u00een\u0219ele, aceast\u0103 floare are un con\u021binut de THC de 27,9% care va cuprinde corpul \u0219i mintea cu u\u0219urin\u021b\u0103.<\/p>\n<h5 style=\"text-align: center\"><strong>MARSHMALLOW\u00a0<\/strong><strong>\u00a0STRAIN | \u00a0<\/strong><strong>MARSHMALLOW\u00a0<\/strong><strong>WEED STRAIN | CALI\u00a0<\/strong><strong>MARSHMALLOW\u00a0<\/strong><strong>| CALI\u00a0<\/strong><strong>MARSHMALLOW\u00a0<\/strong><strong>\u00a0STRAIN<\/strong><\/h5>\n<div class=\"variety-percentage-wrap\">\n<h4 class=\"variety translation-block\"><a href=\"https:\/\/www.allbud.com\/marijuana-strains\/variety\/indica-dominant-hybrid\" target=\"_blank\" rel=\"noopener\">Hibrid Dominant Indica<\/a> <span class=\"hidden-xs\">\u2013 <\/span><span class=\"strain-percentages\">70% Indica \/ 30% Sativa<\/span><\/h4>\n<h4 class=\"percentage\"><span class=\"heading\">THC:\u00a0<\/span>14%<\/h4>\n<\/p><\/div>\n<p class=\"translation-block\">\u00cen concluzie, Marshmallow este o varietate hibrid\u0103 cu dominan\u021b\u0103 indica, creat\u0103 printr-o \u00eencruci\u0219are \u00eentre OG Kush clasic \u0219i o varietate necunoscut\u0103. De\u0219i al doilea p\u0103rinte este necunoscut din cauza secretului cultivatorului, se crede c\u0103 Marshmallow este un descendent al familiei <a href=\"https:\/\/www.allbud.com\/marijuana-strains\/hybrid\/bubble-gum\" target=\"_blank\" rel=\"noopener\">Bubble Gum<\/a> datorit\u0103 gustului s\u0103u extrem de dulce \u0219i a efectelor u\u0219oare de indica. A\u0219a cum sugereaz\u0103 numele, Marshmallow are un gust super dulce de bomboane, accentuat de miere de nuci \u0219i un strop de fructozitate.<\/p>\n<div data-testid=\"product-description\">\n<div class=\"truncate-lines__Wrapper-sc-1lknwty-0 YxHAC\">\n<div data-testid=\"truncated-description\">\n<div>\n<div class=\"text__Text-sc-fif1uk-0 kdmKRD\">\n<div class=\"src__Box-sc-1sbtrzs-0 src__Flex-sc-1sbtrzs-1 kWPFqZ hzdsvF\"><\/div>\n<\/p><\/div>\n<\/p><\/div>\n<\/p><\/div>\n<\/p><\/div>\n<\/p><\/div>","protected":false},"excerpt":{"rendered":"<p>Marshmallow Kush este un fenotip din Girl Scout Cookies. Numele provine de la tricomii s\u0103i albi \u0219i pufosi \u0219i de la mugurii lipicio\u0219i. Aceast\u0103 varietate miroase a terpeni dulci \u0219i mentola\u021bi cu o nuan\u021b\u0103 fermec\u0103toare \u0219i aspr\u0103. Marshmallow confer\u0103 consumatorilor o stare de fericire \u0219i relaxare. Euforia pl\u0103cut\u0103 a acestei variet\u0103\u021bi poate ajuta la \u00eembun\u0103t\u0103\u021birea dispozi\u021biei, stimularea apetitului \u0219i la ameliorarea nelini\u0219tei.<\/p>\n<div data-testid=\"product-description\">\n<div class=\"truncate-lines__Wrapper-sc-1lknwty-0 YxHAC\">\n<div data-testid=\"truncated-description\">\n<div>\n<div class=\"text__Text-sc-fif1uk-0 kdmKRD\">\n<div class=\"src__Box-sc-1sbtrzs-0 src__Flex-sc-1sbtrzs-1 kWPFqZ hzdsvF\">\n<div>CATEGORII DE PRODUSE EXEMPLARE<\/div>\n<\/p><\/div>\n<\/p><\/div>\n<\/p><\/div>\n<\/p><\/div>\n<\/p><\/div>\n<\/p><\/div>\n<div class=\"text__Text-sc-fif1uk-0 htoJfX\"><a href=\"https:\/\/jeetersofficial.com\/product-category\/buy-cali-buds\/\">CALI BUDS<\/a><\/div>\n<div data-testid=\"product-description\">\n<div class=\"truncate-lines__Wrapper-sc-1lknwty-0 YxHAC\">\n<div data-testid=\"truncated-description\">\n<div class=\"text__Text-sc-fif1uk-0 kdmKRD\"><a href=\"https:\/\/jeetersofficial.com\/product-category\/backpack-boyz\/\">Backpack\u00a0 Boyz<\/a><\/div>\n<div><a href=\"https:\/\/jeetersofficial.com\/product-category\/snow-balls-weed\/\">SNOWBALLS WEED<\/a><\/div>\n<div><a href=\"https:\/\/jeetersofficial.com\/product-category\/persy-snowcaps\/\">Persy Snowcaps<\/a><\/div>\n<div><a href=\"https:\/\/jeetersofficial.com\/product-category\/drip-snowcaps\/\">Drip Snowcaps<\/a><\/div>\n<div><a href=\"https:\/\/jeetersofficial.com\/product-category\/concentrates\/\">CALI CONCENTRATES<\/a><\/div>\n<div><a href=\"https:\/\/jeetersofficial.com\/product-category\/doja-exclusive\/\">CALI DOJA PACKS EXCLUSIVE<\/a><\/div>\n<div><a href=\"https:\/\/jeetersofficial.com\/product-category\/marijuana-flowers\/\">CALI MARIJUANA FLOWERS<\/a><\/div>\n<\/p><\/div>\n<\/p><\/div>\n<\/p><\/div>\n<div><a href=\"https:\/\/jeetersofficial.com\/product-category\/sativa-strain\/\">CALI SATIVA STRAINS<\/a><\/div>\n<div><a href=\"https:\/\/jeetersofficial.com\/product-category\/indica\/\">CALI INDICA STRAINS<\/a><\/div>\n<div><a href=\"https:\/\/jeetersofficial.com\/product-category\/hybrid-weed\/\">CALI HYBRID WEED<\/a><\/div>","protected":false},"featured_media":1669,"comment_status":"closed","ping_status":"closed","template":"","meta":{"_uag_custom_page_level_css":"","site-sidebar-layout":"default","site-content-layout":"","ast-site-content-layout":"","site-content-style":"default","site-sidebar-style":"default","ast-global-header-display":"","ast-banner-title-visibility":"","ast-main-header-display":"","ast-hfb-above-header-display":"","ast-hfb-below-header-display":"","ast-hfb-mobile-header-display":"","site-post-title":"","ast-breadcrumbs-content":"","ast-featured-img":"","footer-sml-layout":"","theme-transparent-header-meta":"","adv-header-id-meta":"","stick-header-meta":"","header-above-stick-meta":"","header-main-stick-meta":"","header-below-stick-meta":"","astra-migrate-meta-layouts":"default","ast-page-background-enabled":"default","ast-page-background-meta":{"desktop":{"background-color":"var(--ast-global-color-4)","background-image":"","background-repeat":"repeat","background-position":"center center","background-size":"auto","background-attachment":"scroll","background-type":"","background-media":"","overlay-type":"","overlay-color":"","overlay-opacity":"","overlay-gradient":""},"tablet":{"background-color":"","background-image":"","background-repeat":"repeat","background-position":"center center","background-size":"auto","background-attachment":"scroll","background-type":"","background-media":"","overlay-type":"","overlay-color":"","overlay-opacity":"","overlay-gradient":""},"mobile":{"background-color":"","background-image":"","background-repeat":"repeat","background-position":"center center","background-size":"auto","background-attachment":"scroll","background-type":"","background-media":"","overlay-type":"","overlay-color":"","overlay-opacity":"","overlay-gradient":""}},"ast-content-background-meta":{"desktop":{"background-color":"var(--ast-global-color-5)","background-image":"","background-repeat":"repeat","background-position":"center center","background-size":"auto","background-attachment":"scroll","background-type":"","background-media":"","overlay-type":"","overlay-color":"","overlay-opacity":"","overlay-gradient":""},"tablet":{"background-color":"var(--ast-global-color-5)","background-image":"","background-repeat":"repeat","background-position":"center center","background-size":"auto","background-attachment":"scroll","background-type":"","background-media":"","overlay-type":"","overlay-color":"","overlay-opacity":"","overlay-gradient":""},"mobile":{"background-color":"var(--ast-global-color-5)","background-image":"","background-repeat":"repeat","background-position":"center center","background-size":"auto","background-attachment":"scroll","background-type":"","background-media":"","overlay-type":"","overlay-color":"","overlay-opacity":"","overlay-gradient":""}}},"product_brand":[],"product_cat":[675],"product_tag":[489,490,491,492,481,493,494,495,472,473,496,497,498,499,500,501,502,503,504],"class_list":{"0":"post-1754","1":"product","2":"type-product","3":"status-publish","4":"has-post-thumbnail","6":"product_cat-buy-cali-buds","7":"product_tag-best-cali-packs","8":"product_tag-buy-cali-bud-or-no-bud-marshmallow-online","9":"product_tag-buy-cali-bud-or-no-bud-online","10":"product_tag-cali-bud-or-no-bud","11":"product_tag-cali-bud-or-no-bud-for-sale","12":"product_tag-cali-bud-or-no-bud-marshmallow","13":"product_tag-cali-bud-or-no-bud-marshmallow-for-sale","14":"product_tag-cali-bud-or-no-bud-marshmallow-near-me","15":"product_tag-cali-bud-or-no-bud-near-me","16":"product_tag-cali-buds","17":"product_tag-cali-marshmallow","18":"product_tag-cannabis-strains","19":"product_tag-marshmallow-cali-bud-or-no-bud","20":"product_tag-marshmallow-cali-bud-or-no-bud-for-sale","21":"product_tag-marshmallow-cali-bud-or-no-bud-near-me","22":"product_tag-marshmallow-strain","23":"product_tag-marshmallow-weed-strain","24":"product_tag-top-cali-bud-packs","25":"product_tag-topo-cali-bags","26":"desktop-align-center","27":"tablet-align-left","28":"mobile-align-left","30":"first","31":"instock","32":"shipping-taxable","33":"purchasable","34":"product-type-variable"},"uagb_featured_image_src":{"full":["https:\/\/caliweedeurope.com\/wp-content\/uploads\/2024\/11\/fullsizeoutput-e1579244645542.jpeg",570,850,false],"thumbnail":["https:\/\/caliweedeurope.com\/wp-content\/uploads\/2024\/11\/fullsizeoutput-e1579244645542-150x150.jpeg",150,150,true],"medium":["https:\/\/caliweedeurope.com\/wp-content\/uploads\/2024\/11\/fullsizeoutput-e1579244645542-201x300.jpeg",201,300,true],"medium_large":["https:\/\/caliweedeurope.com\/wp-content\/uploads\/2024\/11\/fullsizeoutput-e1579244645542.jpeg",570,850,false],"large":["https:\/\/caliweedeurope.com\/wp-content\/uploads\/2024\/11\/fullsizeoutput-e1579244645542.jpeg",570,850,false],"1536x1536":["https:\/\/caliweedeurope.com\/wp-content\/uploads\/2024\/11\/fullsizeoutput-e1579244645542.jpeg",570,850,false],"2048x2048":["https:\/\/caliweedeurope.com\/wp-content\/uploads\/2024\/11\/fullsizeoutput-e1579244645542.jpeg",570,850,false],"trp-custom-language-flag":["https:\/\/caliweedeurope.com\/wp-content\/uploads\/2024\/11\/fullsizeoutput-e1579244645542.jpeg",8,12,false],"woocommerce_thumbnail":["https:\/\/caliweedeurope.com\/wp-content\/uploads\/2024\/11\/fullsizeoutput-e1579244645542-300x300.jpeg",300,300,true],"woocommerce_single":["https:\/\/caliweedeurope.com\/wp-content\/uploads\/2024\/11\/fullsizeoutput-e1579244645542.jpeg",570,850,false],"woocommerce_gallery_thumbnail":["https:\/\/caliweedeurope.com\/wp-content\/uploads\/2024\/11\/fullsizeoutput-e1579244645542-100x100.jpeg",100,100,true]},"uagb_author_info":{"display_name":"jetskiforsaleuk@gmail.com","author_link":"https:\/\/caliweedeurope.com\/ro\/author\/"},"uagb_comment_info":0,"uagb_excerpt":"Marshmallow kush is a Girl Scout Cookies phenotype. Named for its cloudy white trichomes and sticky buds, this strain smells of sweet, minty terpenes with a charming gritty hint. Marshmallow imbues consumers with a happy, relaxing buzz. The strain\u2019s pleasant euphoria can help improve mood, stimulate appetite, and assist with restlessness. SAMPLE PRODUCT CATEGORIES CALI&hellip;","_links":{"self":[{"href":"https:\/\/caliweedeurope.com\/ro\/wp-json\/wp\/v2\/product\/1754"}],"collection":[{"href":"https:\/\/caliweedeurope.com\/ro\/wp-json\/wp\/v2\/product"}],"about":[{"href":"https:\/\/caliweedeurope.com\/ro\/wp-json\/wp\/v2\/types\/product"}],"replies":[{"embeddable":true,"href":"https:\/\/caliweedeurope.com\/ro\/wp-json\/wp\/v2\/comments?post=1754"}],"wp:featuredmedia":[{"embeddable":true,"href":"https:\/\/caliweedeurope.com\/ro\/wp-json\/wp\/v2\/media\/1669"}],"wp:attachment":[{"href":"https:\/\/caliweedeurope.com\/ro\/wp-json\/wp\/v2\/media?parent=1754"}],"wp:term":[{"taxonomy":"product_brand","embeddable":true,"href":"https:\/\/caliweedeurope.com\/ro\/wp-json\/wp\/v2\/product_brand?post=1754"},{"taxonomy":"product_cat","embeddable":true,"href":"https:\/\/caliweedeurope.com\/ro\/wp-json\/wp\/v2\/product_cat?post=1754"},{"taxonomy":"product_tag","embeddable":true,"href":"https:\/\/caliweedeurope.com\/ro\/wp-json\/wp\/v2\/product_tag?post=1754"}],"curies":[{"name":"wp","href":"https:\/\/api.w.org\/{rel}","templated":true}]}}