{"id":1766,"date":"2024-11-05T18:39:16","date_gmt":"2024-11-05T18:39:16","guid":{"rendered":"https:\/\/caliweedeurope.com\/?post_type=product&#038;p=1766"},"modified":"2024-11-05T18:39:18","modified_gmt":"2024-11-05T18:39:18","slug":"buy-cali-bud-sfv-strain-online","status":"publish","type":"product","link":"https:\/\/caliweedeurope.com\/ro\/product\/buy-cali-bud-sfv-strain-online\/","title":{"rendered":"Buy Cali Bud SFV Strain Online"},"content":{"rendered":"<h1 style=\"text-align: center\"><strong>\u00a0 \u00a0 \u00a0 \u00a0 \u00a0<\/strong><strong>SFV <\/strong><strong>CALI BUD OR NO BUD\u00a0|<\/strong><strong>\u00a0CALI BUD OR NO BUD\u00a0<\/strong><strong>SFV <\/strong><strong>|<\/strong><strong>\u00a0CALI PLUG CALI BUD OR NO BUD<\/strong><\/h1>\n<p><strong>Cali Bud SFV Strain<\/strong><br \/> Cali SFV este o floare hibrid\u0103 de cannabis f\u0103r\u0103 \u00eendoial\u0103 influent\u0103 din Cali, un amestec perfect cu c\u0103p\u0219uni \u0219i Grape Ape pentru a ob\u021bine aceast\u0103 varietate uimitoare.<\/p>\n<p class=\"translation-block\"><b>\u00cen primul r\u00e2nd, SFV OG<\/b>, cunoscut \u0219i sub numele de \u201eSan Fernando Valley OG,\u201d \u201eSan Fernando Valley Kush\u201d \u0219i \u201eSan Fernando Valley,\u201d este o varietate de marijuana hibrid\u0103 cu dominan\u021b\u0103 <a href=\"https:\/\/www.leafly.com\/strains\/lists\/category\/sativa\" target=\"_blank\" rel=\"noopener\">sativa<\/a> de la Cali Connection, excelent\u0103 pentru pacien\u021bii care au nevoie de o ameliorare puternic\u0103 a durerii, dar nu doresc s\u0103 r\u0103m\u00e2n\u0103 bloca\u021bi pe canapea. Dup\u0103 cum sugereaz\u0103 numele, acest derivat al <a href=\"https:\/\/www.leafly.com\/strains\/og-kush\" target=\"_blank\" rel=\"noopener\">OG Kush<\/a> provine din San Fernando Valley, California. De\u0219i numele lor sunt aproape identice, <a href=\"https:\/\/www.leafly.com\/strains\/sfv-og-kush\" target=\"_blank\" rel=\"noopener\">SFV OG Kush<\/a> este de fapt copilul \u00eencruci\u0219at cu <a href=\"https:\/\/www.leafly.com\/strains\/afghani\" target=\"_blank\" rel=\"noopener\">Afghani<\/a> al SFV OG. Cu note aromatice de pin p\u0103m\u00e2ntesc \u0219i l\u0103m\u00e2ie, efectele asupra corpului se simt pu\u021bin mai t\u00e2rziu dec\u00e2t ame\u021beala ini\u021bial\u0103 a min\u021bii. sfv weed<\/p>\n<h2 style=\"text-align: center\"><strong>BUY\u00a0<\/strong><strong>SFV\u00a0<\/strong><strong>CALI BUD OR NO BUD\u00a0 ONLINE | BUY CALI BUD OR NO BUD\u00a0<\/strong><strong>SFV\u00a0<\/strong><strong>ONLINE | BUY CALI BUD OR NO BUD ONLINE<\/strong><\/h2>\n<p><strong>Utiliz\u0103ri medicale ale variet\u0103\u021bii Cali Bud SFV<\/strong><br \/> Varietatea Cali SFV este cea mai bun\u0103 pentru pacien\u021bii care sufer\u0103 de anxietate, stres \u0219i durere. Aceast\u0103 varietate garanteaz\u0103 u\u0219urare imediat\u0103 \u0219i total\u0103 de durere \u0219i anxietate. Aceast\u0103 mare \u0219i remarcabil\u0103 varietate ajut\u0103, de asemenea, la combaterea manifest\u0103rilor bolii Parkinson. sfv weed<\/p>\n<h3 style=\"text-align: center\"><strong>SFV\u00a0<\/strong><strong>CALI BUD OR NO BUD FOR SALE | CALI BUD OR NO BUD\u00a0\u00a0<\/strong><strong>SFV\u00a0<\/strong><strong>FOR SALE | CALI BUD OR NO BUD\u00a0 FOR SALE<\/strong><\/h3>\n<p><strong>Efectele soiului Cali Bud SFV<\/strong><br \/> <strong>Fericit<\/strong><br \/> 46% dintre oameni raporteaz\u0103 c\u0103 se simt ferici\u021bi<br \/> <strong>Relaxat<\/strong><br \/> 41% dintre oameni raporteaz\u0103 c\u0103 se simt relaxa\u021bi<br \/> <strong>Excitat<\/strong><br \/> 19% dintre oameni raporteaz\u0103 c\u0103 se simt excita\u021bi<br \/> <strong>Negative<\/strong><br \/> <strong>Gur\u0103 uscat\u0103<\/strong><br \/> 14% dintre oameni raporteaz\u0103 c\u0103 au gura uscat\u0103<br \/> <strong>Ochi usca\u021bi<\/strong><br \/> 10% dintre oameni raporteaz\u0103 c\u0103 au ochii usca\u021bi<br \/> <strong>U\u0219or ame\u021bit<\/strong><br \/> 9% dintre oameni raporteaz\u0103 c\u0103 se simt u\u0219or ame\u021bi\u021bi<\/p>\n<div class=\"variety-percentage-wrap\">\n<h4 class=\"variety translation-block\"><a href=\"https:\/\/www.allbud.com\/marijuana-strains\/variety\/indica-dominant-hybrid\" target=\"_blank\" rel=\"noopener\">Hibrid Dominant Indica<\/a> <span class=\"hidden-xs\">\u2013 <\/span><span class=\"strain-percentages\">70% Indica \/ 30% Sativa<\/span><\/h4>\n<h4 class=\"percentage\"><span class=\"heading\">THC:\u00a0<\/span>17% \u2013 22%,\u00a0<span class=\"heading\">CBD:\u00a0<\/span><em>1<\/em>%,\u00a0<span class=\"heading\">CBN:\u00a0<\/span><em>1<\/em>%<\/h4>\n<\/p><\/div>\n<p>SFV OG, cunoscut \u0219i sub numele de \u201eSan Fernando Valley OG\u201d \u00een comunitatea de cannabis, este un fenotip puternic, dominant indica (70% indica\/30% sativa), al tulpinii OG Kush, creat de cultivatorii celebrelor Cali Connection Farms din San Fernando Valley. Acest soi puternic are un nivel mediu de THC cuprins \u00eentre 17 \u0219i 22% \u0219i efecte predominant indica. Utilizatorii descriu starea indus\u0103 de SFV OG ca fiind una cu o apari\u021bie aproape imediat\u0103 a efectelor relaxante \u0219i sedative, care las\u0103 o senza\u021bie moderat\u0103 de \u201elipit de canapea\u201d cu o u\u0219oar\u0103 presiune \u00een minte \u0219i corp, care amelioreaz\u0103 durerea. Aceste efecte sunt \u00eenso\u021bite de o senza\u021bie de elevare \u0219i euforie, echilibrat\u0103 de efectele profunde ale indica.<\/p>\n<h4 style=\"text-align: center\"><strong>CALI BUD OR NO BUD \u00a0<\/strong><strong>SFV\u00a0<\/strong><strong>\u00a0NEAR ME |\u00a0<\/strong><strong>SFV\u00a0<\/strong><strong>CALI BUD OR NO BUD\u00a0\u00a0 NEAR ME | CALI BUD OR NO BUD \u00a0NEAR ME<\/strong><\/h4>\n<p><strong>Cultivarea soiului Cali Bud SFV<\/strong><br \/> Aceast\u0103 varietate cre\u0219te destul de scund\u0103 \u0219i poate prospera at\u00e2t \u00een interior, c\u00e2t \u0219i \u00een exterior. Nu te va dezam\u0103gi nici m\u0103car \u00eentr-o ser\u0103. Cultivatorii ar trebui s\u0103 \u00eei acorde cel pu\u021bin o lun\u0103, dac\u0103 nu chiar cinci, pentru a \u00eencheia faza vegetativ\u0103. Varietatea \u00eenflore\u0219te timp de opt-nou\u0103 s\u0103pt\u0103m\u00e2ni \u0219i produce un gram per watt \u00een interior. Cultivatorii \u00een aer liber pot recolta p\u00e2n\u0103 la o livr\u0103 pe plant\u0103.<\/p>\n<p>Mai mult, datorit\u0103 efectelor sale puternice, SFV OG este o varietate ideal\u0103 pentru tratarea pacien\u021bilor care sufer\u0103 de afec\u021biuni precum cazuri u\u0219oare p\u00e2n\u0103 la moderate de depresie, dureri cronice cauzate de r\u0103niri sau boli, spasme musculare \u0219i stres. SFV OG are o arom\u0103 de mandarine cu o u\u0219oar\u0103 not\u0103 de motorin\u0103 \u0219i un gust de pin citric cu un retrogust dulce de motorin\u0103 la expira\u021bie. Mugurii SFV OG sunt mici, de culoare verde \u00eenchis, cu frunze verzi-oliv, fire ro\u0219iatice \u0219i un strat fin de tricomi albi \u0219i r\u0103\u0219in\u0103.<\/p>\n<p>De la apari\u021bia ini\u021bial\u0103 a OG Kush, au ap\u0103rut numeroase fenotipuri diferite ale acestei tulpini cu tr\u0103s\u0103turi dezirabile. Clonul care a fost distribuit \u00een San Fernando Valley, denumit ulterior SFV OG, provine de la Swerve de la The Cali Connection. Deoarece acel clon original era disponibil doar prin clonare, Swerve a continuat s\u0103 cultive tulpina, amestec\u00e2nd-o \u00een cele din urm\u0103 cu Afghan #1. Afghan #1 este o \u00eencruci\u0219are \u00eentre dou\u0103 soiuri Indica autohtone din Afganistan.<\/p>\n<h5 style=\"text-align: center\"><strong style=\"text-align: center;color: #333333;font-size: 14.4px\">SFV <\/strong><strong style=\"text-align: center;color: #333333;font-size: 14.4px\">\u00a0STRAIN | \u00a0<\/strong><strong style=\"text-align: center;color: #333333;font-size: 14.4px\">SFV\u00a0<\/strong><strong style=\"text-align: center;color: #333333;font-size: 14.4px\">WEED STRAIN | CALI\u00a0<\/strong><strong style=\"text-align: center;color: #333333;font-size: 14.4px\">SFV\u00a0<\/strong><strong style=\"text-align: center;color: #333333;font-size: 14.4px\">| CALI\u00a0<\/strong><strong style=\"text-align: center;color: #333333;font-size: 14.4px\">SFV\u00a0<\/strong><strong style=\"text-align: center;color: #333333;font-size: 14.4px\">\u00a0STRAIN<\/strong><\/h5>\n<p><strong>Livrare Cali SFV Strain<\/strong><br \/> livrarea este 100% discret\u0103 \u0219i oferim o garan\u021bie pentru livrare sigur\u0103 sau rambursare complet\u0103 \u00een cazul \u00een care clientul anuleaz\u0103 comanda. Oferim livrare discret\u0103 la nivel mondial pentru aceste pungi de Cali Bud de \u00eenalt\u0103 calitate.<\/p>\n<p>Livrare Cali SFV Strain<br \/> Desigur, oferim livrare discret\u0103 a acestor Cali plug buds de top \u00een \u00eentreaga lume. Timpul de livrare depinde \u00een mare m\u0103sur\u0103 de loca\u021bia clientului \u00een momentul \u00een care acesta face comanda. Plaseaz\u0103 comanda acum \u0219i prime\u0219te Cali buds livrate discret la adresa ta f\u0103r\u0103 probleme.<\/p>\n<p>Avertisment pentru soiul Cali SFV.<br \/> \u00cen concluzie, acest produs con\u021bine Cannabis, o substan\u021b\u0103 programat\u0103. A se p\u0103stra departe de copii \u0219i animale. Produsele din cannabis pot fi de\u021binute sau consumate doar de persoane cu v\u00e2rsta de 21 de ani sau mai mult, cu excep\u021bia cazului \u00een care persoana este un pacient calificat. Efectele intoxicante ale produselor din cannabis pot dura p\u00e2n\u0103 la dou\u0103 ore. Utilizarea cannabisului \u00een timpul sarcinii sau al\u0103pt\u0103rii poate fi d\u0103un\u0103toare. Consumul acestor produse afecteaz\u0103 capacitatea de a conduce \u0219i de a manevra utilaje. V\u0103 rug\u0103m s\u0103 folosi\u021bi o precau\u021bie extrem\u0103.<\/p>\n<div data-testid=\"product-description\">\n<div class=\"truncate-lines__Wrapper-sc-1lknwty-0 YxHAC\">\n<div data-testid=\"truncated-description\">\n<div>\n<div class=\"text__Text-sc-fif1uk-0 kdmKRD\">\n<div class=\"src__Box-sc-1sbtrzs-0 src__Flex-sc-1sbtrzs-1 kWPFqZ hzdsvF\">\n<div>CATEGORII DE PRODUSE EXEMPLARE<\/div>\n<\/p><\/div>\n<\/p><\/div>\n<\/p><\/div>\n<\/p><\/div>\n<\/p><\/div>\n<\/p><\/div>\n<div class=\"text__Text-sc-fif1uk-0 htoJfX\"><a href=\"https:\/\/jeetersofficial.com\/product-category\/buy-cali-buds\/\" target=\"_blank\" rel=\"noopener\">CALI BUDS<\/a><\/div>\n<div data-testid=\"product-description\">\n<div class=\"truncate-lines__Wrapper-sc-1lknwty-0 YxHAC\">\n<div data-testid=\"truncated-description\">\n<div class=\"text__Text-sc-fif1uk-0 kdmKRD\"><a href=\"https:\/\/jeetersofficial.com\/product-category\/backpack-boyz\/\" target=\"_blank\" rel=\"noopener\">Backpack\u00a0 Boyz<\/a><\/div>\n<div><a href=\"https:\/\/jeetersofficial.com\/product-category\/snow-balls-weed\/\" target=\"_blank\" rel=\"noopener\">SNOWBALLS WEED<\/a><\/div>\n<div><a href=\"https:\/\/jeetersofficial.com\/product-category\/persy-snowcaps\/\" target=\"_blank\" rel=\"noopener\">Persy Snowcaps<\/a><\/div>\n<div><a href=\"https:\/\/jeetersofficial.com\/product-category\/drip-snowcaps\/\" target=\"_blank\" rel=\"noopener\">Drip Snowcaps<\/a><\/div>\n<div><a href=\"https:\/\/jeetersofficial.com\/product-category\/concentrates\/\" target=\"_blank\" rel=\"noopener\">CALI CONCENTRATES<\/a><\/div>\n<div><a href=\"https:\/\/jeetersofficial.com\/product-category\/doja-exclusive\/\" target=\"_blank\" rel=\"noopener\">CALI DOJA PACKS EXCLUSIVE<\/a><\/div>\n<div><a href=\"https:\/\/jeetersofficial.com\/product-category\/marijuana-flowers\/\" target=\"_blank\" rel=\"noopener\">CALI MARIJUANA FLOWERS<\/a><\/div>\n<\/p><\/div>\n<\/p><\/div>\n<\/p><\/div>\n<div><a href=\"https:\/\/jeetersofficial.com\/product-category\/sativa-strain\/\" target=\"_blank\" rel=\"noopener\">CALI SATIVA STRAINS<\/a><\/div>\n<div><a href=\"https:\/\/jeetersofficial.com\/product-category\/indica\/\" target=\"_blank\" rel=\"noopener\">CALI INDICA STRAINS<\/a><\/div>\n<div><a href=\"https:\/\/jeetersofficial.com\/product-category\/hybrid-weed\/\" target=\"_blank\" rel=\"noopener\">CALI HYBRID WEED<\/a><\/div>","protected":false},"excerpt":{"rendered":"<p><strong>Cali Bud SFV Strain<\/strong><br \/> Cali SFV este o floare hibrid\u0103 de cannabis f\u0103r\u0103 \u00eendoial\u0103 influent\u0103 din Cali, un amestec perfect cu c\u0103p\u0219uni \u0219i Grape Ape pentru a ob\u021bine aceast\u0103 varietate uimitoare.<\/p>\n<p><strong>Utiliz\u0103ri medicale ale variet\u0103\u021bii Cali Bud SFV<\/strong><br \/> Varietatea Cali SFV este cea mai bun\u0103 pentru pacien\u021bii care sufer\u0103 de anxietate, stres \u0219i durere. Aceast\u0103 varietate garanteaz\u0103 u\u0219urare imediat\u0103 \u0219i total\u0103 de durere \u0219i anxietate. Aceast\u0103 mare \u0219i remarcabil\u0103 varietate ajut\u0103, de asemenea, la combaterea manifest\u0103rilor bolii Parkinson.<\/p>","protected":false},"featured_media":1701,"comment_status":"closed","ping_status":"closed","template":"","meta":{"_uag_custom_page_level_css":"","site-sidebar-layout":"default","site-content-layout":"","ast-site-content-layout":"","site-content-style":"default","site-sidebar-style":"default","ast-global-header-display":"","ast-banner-title-visibility":"","ast-main-header-display":"","ast-hfb-above-header-display":"","ast-hfb-below-header-display":"","ast-hfb-mobile-header-display":"","site-post-title":"","ast-breadcrumbs-content":"","ast-featured-img":"","footer-sml-layout":"","theme-transparent-header-meta":"","adv-header-id-meta":"","stick-header-meta":"","header-above-stick-meta":"","header-main-stick-meta":"","header-below-stick-meta":"","astra-migrate-meta-layouts":"default","ast-page-background-enabled":"default","ast-page-background-meta":{"desktop":{"background-color":"var(--ast-global-color-4)","background-image":"","background-repeat":"repeat","background-position":"center center","background-size":"auto","background-attachment":"scroll","background-type":"","background-media":"","overlay-type":"","overlay-color":"","overlay-opacity":"","overlay-gradient":""},"tablet":{"background-color":"","background-image":"","background-repeat":"repeat","background-position":"center center","background-size":"auto","background-attachment":"scroll","background-type":"","background-media":"","overlay-type":"","overlay-color":"","overlay-opacity":"","overlay-gradient":""},"mobile":{"background-color":"","background-image":"","background-repeat":"repeat","background-position":"center center","background-size":"auto","background-attachment":"scroll","background-type":"","background-media":"","overlay-type":"","overlay-color":"","overlay-opacity":"","overlay-gradient":""}},"ast-content-background-meta":{"desktop":{"background-color":"var(--ast-global-color-5)","background-image":"","background-repeat":"repeat","background-position":"center center","background-size":"auto","background-attachment":"scroll","background-type":"","background-media":"","overlay-type":"","overlay-color":"","overlay-opacity":"","overlay-gradient":""},"tablet":{"background-color":"var(--ast-global-color-5)","background-image":"","background-repeat":"repeat","background-position":"center center","background-size":"auto","background-attachment":"scroll","background-type":"","background-media":"","overlay-type":"","overlay-color":"","overlay-opacity":"","overlay-gradient":""},"mobile":{"background-color":"var(--ast-global-color-5)","background-image":"","background-repeat":"repeat","background-position":"center center","background-size":"auto","background-attachment":"scroll","background-type":"","background-media":"","overlay-type":"","overlay-color":"","overlay-opacity":"","overlay-gradient":""}}},"product_brand":[],"product_cat":[675],"product_tag":[489,491,529,506,530,508,509,510,531,492,481,472,532,533,534,514,473,515,516,517,518,461,521,522,535,536,462,537,538,539,463,540,541,542,543,544,545],"class_list":{"0":"post-1766","1":"product","2":"type-product","3":"status-publish","4":"has-post-thumbnail","6":"product_cat-buy-cali-buds","7":"product_tag-best-cali-packs","8":"product_tag-buy-cali-bud-or-no-bud-online","9":"product_tag-buy-cali-bud-or-no-bud-sfv-online","10":"product_tag-buy-cali-buds","11":"product_tag-buy-sfv-cali-bud-or-no-bud-online","12":"product_tag-buy-weed-online","13":"product_tag-by-the-best-cali-buds","14":"product_tag-cali-bags","15":"product_tag-cali-bud","16":"product_tag-cali-bud-or-no-bud","17":"product_tag-cali-bud-or-no-bud-for-sale","18":"product_tag-cali-bud-or-no-bud-near-me","19":"product_tag-cali-bud-or-no-bud-sfv","20":"product_tag-cali-bud-or-no-bud-sfv-for-sale","21":"product_tag-cali-bud-or-no-bud-sfv-near-me","22":"product_tag-cali-bud-packs","23":"product_tag-cali-buds","24":"product_tag-cali-buds-online","25":"product_tag-cali-flavors","26":"product_tag-cali-flavours","27":"product_tag-cali-gush-lato","28":"product_tag-cali-packs","29":"product_tag-cali-plug","30":"product_tag-cali-plug-bags","31":"product_tag-cali-plug-bud","32":"product_tag-cali-plug-buds","33":"product_tag-cali-plug-cali-bud-or-no-bud","34":"product_tag-cali-plug-strains","35":"product_tag-cali-sfv","36":"product_tag-cali-sfv-strain","37":"product_tag-cali-straina","38":"product_tag-calibud","39":"product_tag-sfv-cali-bud-or-no-bud","40":"product_tag-sfv-cali-bud-or-no-bud-for-sale","41":"product_tag-sfv-cali-bud-or-no-bud-near-me","42":"product_tag-sfv-strain","43":"product_tag-sfv-weed-strain","44":"desktop-align-center","45":"tablet-align-left","46":"mobile-align-left","48":"first","49":"instock","50":"shipping-taxable","51":"purchasable","52":"product-type-variable"},"uagb_featured_image_src":{"full":["https:\/\/caliweedeurope.com\/wp-content\/uploads\/2024\/11\/sfv.jpg",458,673,false],"thumbnail":["https:\/\/caliweedeurope.com\/wp-content\/uploads\/2024\/11\/sfv-150x150.jpg",150,150,true],"medium":["https:\/\/caliweedeurope.com\/wp-content\/uploads\/2024\/11\/sfv-204x300.jpg",204,300,true],"medium_large":["https:\/\/caliweedeurope.com\/wp-content\/uploads\/2024\/11\/sfv.jpg",458,673,false],"large":["https:\/\/caliweedeurope.com\/wp-content\/uploads\/2024\/11\/sfv.jpg",458,673,false],"1536x1536":["https:\/\/caliweedeurope.com\/wp-content\/uploads\/2024\/11\/sfv.jpg",458,673,false],"2048x2048":["https:\/\/caliweedeurope.com\/wp-content\/uploads\/2024\/11\/sfv.jpg",458,673,false],"trp-custom-language-flag":["https:\/\/caliweedeurope.com\/wp-content\/uploads\/2024\/11\/sfv.jpg",8,12,false],"woocommerce_thumbnail":["https:\/\/caliweedeurope.com\/wp-content\/uploads\/2024\/11\/sfv-300x300.jpg",300,300,true],"woocommerce_single":["https:\/\/caliweedeurope.com\/wp-content\/uploads\/2024\/11\/sfv.jpg",458,673,false],"woocommerce_gallery_thumbnail":["https:\/\/caliweedeurope.com\/wp-content\/uploads\/2024\/11\/sfv-100x100.jpg",100,100,true]},"uagb_author_info":{"display_name":"jetskiforsaleuk@gmail.com","author_link":"https:\/\/caliweedeurope.com\/ro\/author\/"},"uagb_comment_info":0,"uagb_excerpt":"Cali Bud SFV Strain Cali SFV is an undoubtedly influential cannabis hybrid Cali flower, a perfect cross with strawberry and grape ape to get this amazing strain. Medical Uses Of Cali Bud SFV Strain Cali SFV Strain is best for patients suffering from anxiety, stress, and pain. This strain fully guarantees immediate and total relief&hellip;","_links":{"self":[{"href":"https:\/\/caliweedeurope.com\/ro\/wp-json\/wp\/v2\/product\/1766"}],"collection":[{"href":"https:\/\/caliweedeurope.com\/ro\/wp-json\/wp\/v2\/product"}],"about":[{"href":"https:\/\/caliweedeurope.com\/ro\/wp-json\/wp\/v2\/types\/product"}],"replies":[{"embeddable":true,"href":"https:\/\/caliweedeurope.com\/ro\/wp-json\/wp\/v2\/comments?post=1766"}],"wp:featuredmedia":[{"embeddable":true,"href":"https:\/\/caliweedeurope.com\/ro\/wp-json\/wp\/v2\/media\/1701"}],"wp:attachment":[{"href":"https:\/\/caliweedeurope.com\/ro\/wp-json\/wp\/v2\/media?parent=1766"}],"wp:term":[{"taxonomy":"product_brand","embeddable":true,"href":"https:\/\/caliweedeurope.com\/ro\/wp-json\/wp\/v2\/product_brand?post=1766"},{"taxonomy":"product_cat","embeddable":true,"href":"https:\/\/caliweedeurope.com\/ro\/wp-json\/wp\/v2\/product_cat?post=1766"},{"taxonomy":"product_tag","embeddable":true,"href":"https:\/\/caliweedeurope.com\/ro\/wp-json\/wp\/v2\/product_tag?post=1766"}],"curies":[{"name":"wp","href":"https:\/\/api.w.org\/{rel}","templated":true}]}}