{"id":1772,"date":"2024-11-05T18:39:19","date_gmt":"2024-11-05T18:39:19","guid":{"rendered":"https:\/\/caliweedeurope.com\/?post_type=product&#038;p=1772"},"modified":"2024-11-05T18:39:26","modified_gmt":"2024-11-05T18:39:26","slug":"buy-cali-bud-sundae-driver-online","status":"publish","type":"product","link":"https:\/\/caliweedeurope.com\/ro\/product\/buy-cali-bud-sundae-driver-online\/","title":{"rendered":"Buy Cali Bud Sundae Driver Online"},"content":{"rendered":"<h1 style=\"text-align: center\"><strong>\u00a0 \u00a0 \u00a0 \u00a0 \u00a0<\/strong><strong>SUNDAE DRIVER <\/strong><strong>CALI BUD OR NO BUD\u00a0|<\/strong><strong>\u00a0CALI BUD OR NO BUD\u00a0<\/strong><strong>SUNDAE DRIVER <\/strong><strong>|<\/strong><strong>\u00a0CALI PLUG CALI BUD OR NO BUD<\/strong><\/h1>\n<p><strong>Cali Bud sau f\u0103r\u0103 Bud Sundae Driver<\/strong><br \/> Cump\u0103r\u0103 online aroma de cannabis Cali Bud Sundae Driver. Muguri Cali de top, crescu\u021bi indoor, la mod\u0103 \u0219i fierbin\u021bi, disponibili la magazinul online Cali Plug la pre\u021buri atractive. Cali Sundae Driver este un soi hibrid influent, dominant Sativa, ob\u021binut prin \u00eencruci\u0219area Strawberry \u0219i Grape Ape pentru a crea acest soi uimitor.<\/p>\n<p class=\"translation-block\"><b>Sundae Driver<\/b>, cunoscut \u0219i sub numele de \u201eSunday Driver\u201d, este un\u00a0<a href=\"https:\/\/www.leafly.com\/strains\/lists\/category\/hybrid\" target=\"_blank\" rel=\"noopener\">hibrid de marijuana<\/a> ob\u021binut prin \u00eencruci\u0219area FPOG cu\u00a0<a href=\"https:\/\/www.leafly.com\/strains\/grape-pie\" target=\"_blank\" rel=\"noopener\">Grape Pie<\/a>. Efectele acestui soi te vor face s\u0103 te sim\u021bi echilibrat, calm \u0219i\u00a0<a href=\"https:\/\/www.leafly.com\/strains\/lists\/effect\/happy\" target=\"_blank\" rel=\"noopener\">fer<\/a>ici<a href=\"https:\/\/www.leafly.com\/strains\/lists\/effect\/happy\" target=\"_blank\" rel=\"noopener\">t.<\/a> Sundae Driver are o arom\u0103 dulce, moale \u0219i cremoas\u0103. sundae driver weed<\/p>\n<p>Sundae Driver este una dintre acele variet\u0103\u021bi care este perfect\u0103 pentru aproape toat\u0103 lumea \u2013 utilizatorii noi pot \u00eencepe \u00eencet \u0219i \u00ee\u0219i pot programa efectul s\u0103 apar\u0103 spre sf\u00e2r\u0219itul zilei, \u00een timp ce cei mai experimenta\u021bi se pot bucura de aceast\u0103 plant\u0103 f\u0103r\u0103 re\u021bineri. Amestecul s\u0103u de arome grozave \u0219i efecte echilibrate bifeaz\u0103, de obicei, toate cerin\u021bele, indiferent de planurile tale pentru ziua respectiv\u0103.<\/p>\n<h2 style=\"text-align: center\"><strong style=\"font-size: 23.04px;text-align: center;color: #333333\">\u00a0BUY <\/strong><strong style=\"font-size: 23.04px;text-align: center;color: #333333\">SUNDAE DRIVER\u00a0<\/strong><strong style=\"font-size: 23.04px;text-align: center;color: #333333\">CALI BUD OR NO BUD\u00a0 ONLINE | BUY CALI BUD OR NO BUD\u00a0<\/strong><strong style=\"font-size: 23.04px;text-align: center;color: #333333\">SUNDAE DRIVER\u00a0<\/strong><strong style=\"font-size: 23.04px;text-align: center;color: #333333\">ONLINE | BUY CALI BUD OR NO BUD ONLINE<\/strong><\/h2>\n<p><strong>Utiliz\u0103ri medicale ale soiului de cannabis Cali Bud Sundae Driver<\/strong><br \/> Soiul Cali Sundae Driver este cel mai potrivit pentru pacien\u021bii care sufer\u0103 de stres \u0219i spasme musculare. Acest soi garanteaz\u0103 o u\u0219urare imediat\u0103 a durerii \u0219i anxiet\u0103\u021bii. De asemenea, serve\u0219te ca medicament pentru durerile pulsatorii \u0219i grea\u021b\u0103. Soiul poate ajuta, de asemenea, la combaterea simptomelor de PTSD. Cump\u0103ra\u021bi soiuri premium Cali de la Cali Weed Plug pentru muguri autentici \u0219i livrare sigur\u0103.<\/p>\n<p>Sundae Driver este un soi de marijuana hibrid aproape echilibrat (50% Sativa\/50% Indica), creat prin \u00eencruci\u0219area soiurilor Grape Pie \u0219i Fruity Pebbles OG. Nivelurile de THC ale acestui soi sunt relativ modeste, neajung\u00e2nd mai sus de 16%, ceea ce \u00eel face un soi bl\u00e2nd, pe care orice utilizator \u00eel poate aprecia. Nivelurile de CBD sunt mai mici de 1%.<br \/> Florile Sundae Driver sunt de un frumos verde m\u0103sliniu cu nuan\u021be de struguri, completate de o abunden\u021b\u0103 de pistiluri portocalii str\u0103lucitoare \u0219i tricomi albi l\u0103pto\u0219i \u0219i pufo\u0219i.<br \/> Aroma acestei variet\u0103\u021bi este \u00een principal p\u0103m\u00e2ntoas\u0103, cu unele note de fructe \u0219i ciocolat\u0103 bine pronun\u021bate. Gustul aminte\u0219te de un desert, decadent cu ciocolat\u0103 dulce \u0219i fructe zaharoase la expira\u021bie.<\/p>\n<h3 style=\"text-align: center\"><strong>SUNDAE DRIVER <\/strong><strong>CALI BUD OR NO BUD FOR SALE | CALI BUD OR NO BUD\u00a0\u00a0<\/strong><strong>SUNDAE DRIVER\u00a0<\/strong><strong>FOR SALE | CALI BUD OR NO BUD\u00a0 FOR SALE<\/strong><\/h3>\n<p><strong>Cre\u0219terea soiului de cannabis Sundae Driver<\/strong><br \/> Aceast\u0103 varietate se dezvolt\u0103 scurt \u0219i poate cre\u0219te bine at\u00e2t \u00een interior, c\u00e2t \u0219i \u00een exterior sau chiar \u00eentr-o ser\u0103. Floareaz\u0103 timp de opt p\u00e2n\u0103 la nou\u0103 s\u0103pt\u0103m\u00e2ni \u0219i va produce un gram pe watt \u00een interior. Cultivatorii de exterior pot ob\u021bine p\u00e2n\u0103 la un kilogram pe plant\u0103.<\/p>\n<p class=\"translation-block\">High-ul de la Sundae Driver \u00eencepe \u00eencet, cur\u0103\u021b\u00e2ndu-\u021bi u\u0219or mintea de g\u00e2ndurile nedorite, \u00eendep\u0103rt\u00e2nd grijile, stresul \u0219i anxiet\u0103\u021bile. Ridic\u0103 cu grij\u0103 spiritul, aduc\u00e2nd utilizatorul \u00eentr-o stare calm\u0103 \u0219i euforic\u0103, promov\u00e2nd lini\u0219te, fericire \u0219i bucurie pur\u0103. Dup\u0103 ce efectele cerebrale se stabilesc, high-ul \u00eencepe lent s\u0103 coboare de la cap \u00een jos, relax\u00e2nd treptat corpul, centimetru cu centimetru, p\u00e2n\u0103 devine u\u0219or ca o pan\u0103. Dac\u0103 consumul este moderat, high-ul r\u0103m\u00e2ne pu\u021bin mai mult \u00een mu\u0219chi \u0219i articula\u021bii, oferind utilizatorului o experien\u021b\u0103 cu adev\u0103rat echilibrat\u0103. \u00cen acest punct, poate vrei s\u0103 mai iei o fum\u0103 \u0219i s\u0103 adormi \u00eencet \u00eentr-un pui de somn satisf\u0103c\u0103tor, sau nu, l\u0103s\u00e2nd ca gravita\u021bia experien\u021bei umane s\u0103 preia treptat controlul asupra corpului \u0219i min\u021bii tale, aduc\u00e2ndu-te \u00eenapoi la realitate. Oricum ar fi, experien\u021ba cu Sundae Driver este f\u0103r\u0103 \u00eendoial\u0103 <a href=\"https:\/\/caliplugcarts.com\/product-category\/cali-bud\/\" target=\"_blank\" rel=\"noopener\">pl\u0103cut\u0103<\/a> \u00een orice caz<\/p>\n<h4 style=\"text-align: center\"><strong>CALI BUD OR NO BUD \u00a0<\/strong><strong>SUNDAE DRIVER\u00a0<\/strong><strong>\u00a0NEAR ME |\u00a0<\/strong><strong>SUNDAE DRIVER\u00a0<\/strong><strong>CALI BUD OR NO BUD\u00a0\u00a0 NEAR ME | CALI BUD OR NO BUD \u00a0NEAR ME<\/strong><\/h4>\n<p><strong>\u00a0Efectele Sundae Driver<\/strong><br \/> <strong>Efect corporal<\/strong>Euforie corporal\u0103, Relaxant, Somnolent, Revigorant<\/p>\n<p><strong>Poate alina<\/strong><br \/> Anxietate, Durere cronic\u0103, Depresie, Insomnie, PTSD, Stres<br \/> <strong>Arome<\/strong><br \/> Bomboan\u0103, Ciocolat\u0103, Crema, Fructat, Zaharat, Dulce<br \/> <strong>Arome<\/strong><br \/> Ciocolat\u0103, P\u0103m\u00e2ntiu, Fructat, Erbaceu, Dulce<\/p>\n<p>Terpene<br \/> Linalool<br \/> Limonen<br \/> Cariofilen<\/p>\n<p class=\"translation-block\">Efecte pozitive:<br> Fericire<br> Euforie<br> Relaxare<br> U\u0219urare a stresului<br> \u00cembun\u0103t\u0103\u021birea dispozi\u021biei<\/p>\n<p class=\"translation-block\">Efecte adverse:<br> Ochii usca\u021bi<br> Gura uscat\u0103<br> Ame\u021beli<\/p>\n<h5 style=\"text-align: center\"><strong>SUNDAE DRIVER\u00a0<\/strong><strong>\u00a0STRAIN | \u00a0<\/strong><strong>SUNDAE DRIVER\u00a0<\/strong><strong>WEED STRAIN | CALI\u00a0<\/strong><strong>SUNDAE DRIVER\u00a0<\/strong><strong>| CALI\u00a0<\/strong><strong>SUNDAE DRIVER\u00a0<\/strong><strong>\u00a0STRAIN<\/strong><\/h5>\n<p><strong>\u00a0Avertisment<\/strong><br \/> Acest produs con\u021bine cannabis, o substan\u021b\u0103 reglementat\u0103. A se p\u0103stra departe de copii \u0219i animale. <a href=\"https:\/\/caliplugcarts.com\/product-category\/cali-carts\/\" target=\"_blank\" rel=\"noopener\">Cannabis<\/a> produsele pot fi de\u021binute sau consumate doar de persoanele cu v\u00e2rsta de 21 de ani sau mai mult, cu excep\u021bia cazului \u00een care persoana este un pacient calificat. Efectele intoxicante ale produselor pe baz\u0103 de cannabis pot dura p\u00e2n\u0103 la dou\u0103 ore. Consumul de cannabis \u00een timpul sarcinii sau al\u0103pt\u0103rii poate fi d\u0103un\u0103tor. Consumul acestor produse afecteaz\u0103 capacitatea de a conduce sau de a opera utilaje. V\u0103 rug\u0103m s\u0103 fi\u021bi extrem de prudent.<\/p>\n<p>Dac\u0103 \u021bi-ai dorit vreodat\u0103 s\u0103 ai la tine soiul perfect pentru o plimbare de duminic\u0103, desigur ca pasager, ia \u00een considerare Sundae Driver, un produs de la Cannarado Genetics. Prin \u00eencruci\u0219area Fruity Pebbles OG \u0219i Grape Pie, aceast\u0103 echip\u0103 misterioas\u0103 a dezvoltat un hibrid echilibrat care este un companion perfect pentru c\u0103l\u0103torii sau se comport\u0103 la fel de bine acas\u0103.<\/p>\n<p>Destul de u\u0219or pentru majoritatea utilizatorilor pentru a-l savura, con\u021binutul de THC al Sundae Driver variaz\u0103 \u00eentre 14% \u0219i 16%.<\/p>\n<p>Datorit\u0103 atitudinii sale vesele \u0219i relaxate, Sundae Driver este adesea utilizat\u0103 de pacien\u021bii medicali pentru a ajuta la rezolvarea problemelor mentale, cum ar fi depresia, anxietatea, PTSD \u0219i altele. Cu toate acestea, se spune c\u0103 este la fel de util\u0103 \u0219i \u00een cazul afec\u021biunilor fizice, a\u0219a c\u0103 data viitoare c\u00e2nd vei avea o migren\u0103 sau o problem\u0103 de s\u0103n\u0103tate feminin\u0103, \u00eencearc\u0103 s\u0103 fumezi c\u00e2teva fumuri. Din nou, dac\u0103 ai o toleran\u021b\u0103 sc\u0103zut\u0103 \u0219i te r\u0103sfe\u021bi suficient, Sundae Driver ar putea ajuta \u0219i la tratarea insomniei.<\/p>\n<div data-testid=\"product-description\">\n<div class=\"truncate-lines__Wrapper-sc-1lknwty-0 YxHAC\">\n<div data-testid=\"truncated-description\">\n<div>\n<div class=\"text__Text-sc-fif1uk-0 kdmKRD\">\n<div class=\"src__Box-sc-1sbtrzs-0 src__Flex-sc-1sbtrzs-1 kWPFqZ hzdsvF\">\n<div>CATEGORII DE PRODUSE EXEMPLARE<\/div>\n<\/p><\/div>\n<\/p><\/div>\n<\/p><\/div>\n<\/p><\/div>\n<\/p><\/div>\n<\/p><\/div>\n<div class=\"text__Text-sc-fif1uk-0 htoJfX\"><a href=\"https:\/\/jeetersofficial.com\/product-category\/buy-cali-buds\/\" target=\"_blank\" rel=\"noopener\">CALI BUDS<\/a><\/div>\n<div data-testid=\"product-description\">\n<div class=\"truncate-lines__Wrapper-sc-1lknwty-0 YxHAC\">\n<div data-testid=\"truncated-description\">\n<div class=\"text__Text-sc-fif1uk-0 kdmKRD\"><a href=\"https:\/\/jeetersofficial.com\/product-category\/backpack-boyz\/\" target=\"_blank\" rel=\"noopener\">Backpack\u00a0 Boyz<\/a><\/div>\n<div><a href=\"https:\/\/jeetersofficial.com\/product-category\/snow-balls-weed\/\" target=\"_blank\" rel=\"noopener\">SNOWBALLS WEED<\/a><\/div>\n<div><a href=\"https:\/\/jeetersofficial.com\/product-category\/persy-snowcaps\/\" target=\"_blank\" rel=\"noopener\">Persy Snowcaps<\/a><\/div>\n<div><a href=\"https:\/\/jeetersofficial.com\/product-category\/drip-snowcaps\/\" target=\"_blank\" rel=\"noopener\">Drip Snowcaps<\/a><\/div>\n<div><a href=\"https:\/\/jeetersofficial.com\/product-category\/concentrates\/\" target=\"_blank\" rel=\"noopener\">CALI CONCENTRATES<\/a><\/div>\n<div><a href=\"https:\/\/jeetersofficial.com\/product-category\/doja-exclusive\/\" target=\"_blank\" rel=\"noopener\">CALI DOJA PACKS EXCLUSIVE<\/a><\/div>\n<div><a href=\"https:\/\/jeetersofficial.com\/product-category\/marijuana-flowers\/\" target=\"_blank\" rel=\"noopener\">CALI MARIJUANA FLOWERS<\/a><\/div>\n<\/p><\/div>\n<\/p><\/div>\n<\/p><\/div>\n<div><a href=\"https:\/\/jeetersofficial.com\/product-category\/sativa-strain\/\" target=\"_blank\" rel=\"noopener\">CALI SATIVA STRAINS<\/a><\/div>\n<div><a href=\"https:\/\/jeetersofficial.com\/product-category\/indica\/\" target=\"_blank\" rel=\"noopener\">CALI INDICA STRAINS<\/a><\/div>\n<div><a href=\"https:\/\/jeetersofficial.com\/product-category\/hybrid-weed\/\" target=\"_blank\" rel=\"noopener\">CALI HYBRID WEED<\/a><\/div>","protected":false},"excerpt":{"rendered":"<p><strong>Cali bud Sundae Driver<\/strong><br \/> Cump\u0103r\u0103 online aroma de cannabis Cali Bud Sundae Driver. Muguri Cali de top, crescu\u021bi indoor, la mod\u0103 \u0219i fierbin\u021bi, disponibili la\u00a0<a href=\"http:\/\/caliweedplug.com\/\">Cali Plug<\/a>\u00a0Magazin online la pre\u021buri atractive. Cali Sundae Driver este un soi hibrid influent, dominant Sativa, ob\u021binut prin \u00eencruci\u0219area Strawberry \u0219i Grape Ape pentru a crea acest soi uimitor.<\/p>","protected":false},"featured_media":1802,"comment_status":"closed","ping_status":"closed","template":"","meta":{"_uag_custom_page_level_css":"","site-sidebar-layout":"default","site-content-layout":"","ast-site-content-layout":"","site-content-style":"default","site-sidebar-style":"default","ast-global-header-display":"","ast-banner-title-visibility":"","ast-main-header-display":"","ast-hfb-above-header-display":"","ast-hfb-below-header-display":"","ast-hfb-mobile-header-display":"","site-post-title":"","ast-breadcrumbs-content":"","ast-featured-img":"","footer-sml-layout":"","theme-transparent-header-meta":"","adv-header-id-meta":"","stick-header-meta":"","header-above-stick-meta":"","header-main-stick-meta":"","header-below-stick-meta":"","astra-migrate-meta-layouts":"default","ast-page-background-enabled":"default","ast-page-background-meta":{"desktop":{"background-color":"var(--ast-global-color-4)","background-image":"","background-repeat":"repeat","background-position":"center center","background-size":"auto","background-attachment":"scroll","background-type":"","background-media":"","overlay-type":"","overlay-color":"","overlay-opacity":"","overlay-gradient":""},"tablet":{"background-color":"","background-image":"","background-repeat":"repeat","background-position":"center center","background-size":"auto","background-attachment":"scroll","background-type":"","background-media":"","overlay-type":"","overlay-color":"","overlay-opacity":"","overlay-gradient":""},"mobile":{"background-color":"","background-image":"","background-repeat":"repeat","background-position":"center center","background-size":"auto","background-attachment":"scroll","background-type":"","background-media":"","overlay-type":"","overlay-color":"","overlay-opacity":"","overlay-gradient":""}},"ast-content-background-meta":{"desktop":{"background-color":"var(--ast-global-color-5)","background-image":"","background-repeat":"repeat","background-position":"center center","background-size":"auto","background-attachment":"scroll","background-type":"","background-media":"","overlay-type":"","overlay-color":"","overlay-opacity":"","overlay-gradient":""},"tablet":{"background-color":"var(--ast-global-color-5)","background-image":"","background-repeat":"repeat","background-position":"center center","background-size":"auto","background-attachment":"scroll","background-type":"","background-media":"","overlay-type":"","overlay-color":"","overlay-opacity":"","overlay-gradient":""},"mobile":{"background-color":"var(--ast-global-color-5)","background-image":"","background-repeat":"repeat","background-position":"center center","background-size":"auto","background-attachment":"scroll","background-type":"","background-media":"","overlay-type":"","overlay-color":"","overlay-opacity":"","overlay-gradient":""}}},"product_brand":[],"product_cat":[675],"product_tag":[489,491,676,506,677,508,509,510,531,492,481,472,678,679,680,514,515,517,518,461,522,536,462,681,682,540,467,683,684,685,686,687],"class_list":{"0":"post-1772","1":"product","2":"type-product","3":"status-publish","4":"has-post-thumbnail","6":"product_cat-buy-cali-buds","7":"product_tag-best-cali-packs","8":"product_tag-buy-cali-bud-or-no-bud-online","9":"product_tag-buy-cali-bud-or-no-bud-sundae-driver-online","10":"product_tag-buy-cali-buds","11":"product_tag-buy-sundae-driver-cali-bud-or-no-bud-online","12":"product_tag-buy-weed-online","13":"product_tag-by-the-best-cali-buds","14":"product_tag-cali-bags","15":"product_tag-cali-bud","16":"product_tag-cali-bud-or-no-bud","17":"product_tag-cali-bud-or-no-bud-for-sale","18":"product_tag-cali-bud-or-no-bud-near-me","19":"product_tag-cali-bud-or-no-bud-sundae-driver","20":"product_tag-cali-bud-or-no-bud-sundae-driver-for-sale","21":"product_tag-cali-bud-or-no-bud-sundae-driver-near-me","22":"product_tag-cali-bud-packs","23":"product_tag-cali-buds-online","24":"product_tag-cali-flavours","25":"product_tag-cali-gush-lato","26":"product_tag-cali-packs","27":"product_tag-cali-plug-bags","28":"product_tag-cali-plug-buds","29":"product_tag-cali-plug-cali-bud-or-no-bud","30":"product_tag-cali-sundae-driver","31":"product_tag-cali-sundae-driver-strain","32":"product_tag-calibud","33":"product_tag-hardball-cookies","34":"product_tag-sundae-driver-cali-bud-or-no-bud","35":"product_tag-sundae-driver-cali-bud-or-no-bud-for-sale","36":"product_tag-sundae-driver-cali-bud-or-no-bud-near-me","37":"product_tag-sundae-driver-strain","38":"product_tag-sundae-driver-weed-strain","39":"desktop-align-center","40":"tablet-align-left","41":"mobile-align-left","43":"first","44":"instock","45":"shipping-taxable","46":"purchasable","47":"product-type-variable"},"uagb_featured_image_src":{"full":["https:\/\/caliweedeurope.com\/wp-content\/uploads\/2024\/11\/IMG-0224.jpg",956,1276,false],"thumbnail":["https:\/\/caliweedeurope.com\/wp-content\/uploads\/2024\/11\/IMG-0224-150x150.jpg",150,150,true],"medium":["https:\/\/caliweedeurope.com\/wp-content\/uploads\/2024\/11\/IMG-0224-225x300.jpg",225,300,true],"medium_large":["https:\/\/caliweedeurope.com\/wp-content\/uploads\/2024\/11\/IMG-0224-768x1025.jpg",768,1025,true],"large":["https:\/\/caliweedeurope.com\/wp-content\/uploads\/2024\/11\/IMG-0224-767x1024.jpg",767,1024,true],"1536x1536":["https:\/\/caliweedeurope.com\/wp-content\/uploads\/2024\/11\/IMG-0224.jpg",956,1276,false],"2048x2048":["https:\/\/caliweedeurope.com\/wp-content\/uploads\/2024\/11\/IMG-0224.jpg",956,1276,false],"trp-custom-language-flag":["https:\/\/caliweedeurope.com\/wp-content\/uploads\/2024\/11\/IMG-0224.jpg",9,12,false],"woocommerce_thumbnail":["https:\/\/caliweedeurope.com\/wp-content\/uploads\/2024\/11\/IMG-0224-300x300.jpg",300,300,true],"woocommerce_single":["https:\/\/caliweedeurope.com\/wp-content\/uploads\/2024\/11\/IMG-0224-600x801.jpg",600,801,true],"woocommerce_gallery_thumbnail":["https:\/\/caliweedeurope.com\/wp-content\/uploads\/2024\/11\/IMG-0224-100x100.jpg",100,100,true]},"uagb_author_info":{"display_name":"jetskiforsaleuk@gmail.com","author_link":"https:\/\/caliweedeurope.com\/ro\/author\/"},"uagb_comment_info":0,"uagb_excerpt":"Cali Bud Sundae Driver Buy Cali bud Sundae Driver cannabis flavor online. Hot and trending top-shelf indoor Cali buds for sale at the\u00a0Cali Plug\u00a0Online shop at cool prices, Cali Sundae Driver is an influential cannabis Sativa dominant hybrid strain cross with strawberry and grape ape to get this amazing strain.","_links":{"self":[{"href":"https:\/\/caliweedeurope.com\/ro\/wp-json\/wp\/v2\/product\/1772"}],"collection":[{"href":"https:\/\/caliweedeurope.com\/ro\/wp-json\/wp\/v2\/product"}],"about":[{"href":"https:\/\/caliweedeurope.com\/ro\/wp-json\/wp\/v2\/types\/product"}],"replies":[{"embeddable":true,"href":"https:\/\/caliweedeurope.com\/ro\/wp-json\/wp\/v2\/comments?post=1772"}],"wp:featuredmedia":[{"embeddable":true,"href":"https:\/\/caliweedeurope.com\/ro\/wp-json\/wp\/v2\/media\/1802"}],"wp:attachment":[{"href":"https:\/\/caliweedeurope.com\/ro\/wp-json\/wp\/v2\/media?parent=1772"}],"wp:term":[{"taxonomy":"product_brand","embeddable":true,"href":"https:\/\/caliweedeurope.com\/ro\/wp-json\/wp\/v2\/product_brand?post=1772"},{"taxonomy":"product_cat","embeddable":true,"href":"https:\/\/caliweedeurope.com\/ro\/wp-json\/wp\/v2\/product_cat?post=1772"},{"taxonomy":"product_tag","embeddable":true,"href":"https:\/\/caliweedeurope.com\/ro\/wp-json\/wp\/v2\/product_tag?post=1772"}],"curies":[{"name":"wp","href":"https:\/\/api.w.org\/{rel}","templated":true}]}}