{"id":1778,"date":"2024-11-05T18:39:20","date_gmt":"2024-11-05T18:39:20","guid":{"rendered":"https:\/\/caliweedeurope.com\/?post_type=product&#038;p=1778"},"modified":"2024-11-05T18:39:26","modified_gmt":"2024-11-05T18:39:26","slug":"buy-cali-bud-super-glue-online","status":"publish","type":"product","link":"https:\/\/caliweedeurope.com\/ro\/product\/buy-cali-bud-super-glue-online\/","title":{"rendered":"Buy Cali Bud Super Glue Online"},"content":{"rendered":"<h1 style=\"text-align: center\"><strong>\u00a0 \u00a0 \u00a0 \u00a0 \u00a0<\/strong><strong>SUPER GLUE <\/strong><strong>CALI BUD OR NO BUD\u00a0|<\/strong><strong>\u00a0CALI BUD OR NO BUD\u00a0<\/strong><strong>SUPER GLUE <\/strong><strong>|<\/strong><strong>\u00a0CALI PLUG CALI BUD OR NO BUD<\/strong><\/h1>\n<p><strong>Cali Bud Super Glue<\/strong><\/p>\n<p>Cali Bud Super Glue, o varietate hibrid\u0103 influent\u0103 de cannabis, creat\u0103 prin \u00eencruci\u0219area cu Strawberry \u0219i Grape Ape pentru a ob\u021bine aceste variet\u0103\u021bi uimitoare, este ideal\u0103 pentru pacien\u021bii care sufer\u0103 de anxietate \u0219i dureri cronice. Aceast\u0103 varietate garanteaz\u0103 o u\u0219urare imediat\u0103 a durerii. Efectele sale u\u0219oare pot facilita alinarea durerilor pulsante \u0219i a gre\u021burilor. De asemenea, aceast\u0103 varietate poate ajuta la combaterea simptomelor PTSD. Aceast\u0103 varietate cre\u0219te scurt\u0103 \u0219i se poate dezvolta bine \u00een interior, \u00een aer liber sau chiar \u00eentr-o gr\u0103din\u0103. Geek-ii ar trebui s\u0103-i acorde cel pu\u021bin o lun\u0103, dac\u0103 nu cinci, pentru a finaliza vegeta\u021bia. Varietatea Superglue \u00eenflore\u0219te timp de opt p\u00e2n\u0103 la nou\u0103 s\u0103pt\u0103m\u00e2ni \u0219i va produce un gram pe watt \u00een interior. Cultivatorii de exterior pot recolta p\u00e2n\u0103 la un kilogram pe plant\u0103.<\/p>\n<h2 style=\"text-align: center\"><strong>BUY\u00a0<\/strong><strong>SUPER GLUE\u00a0<\/strong><strong>CALI BUD OR NO BUD\u00a0 ONLINE | BUY CALI BUD OR NO BUD\u00a0<\/strong><strong>SUPER GLUE\u00a0<\/strong><strong>ONLINE | BUY CALI BUD OR NO BUD ONLINE<\/strong><\/h2>\n<p>Avertisment<\/p>\n<p>Cali Bud Super Glue con\u021bine Cannabis, o substan\u021b\u0103 programat\u0103. A se p\u0103stra departe de copii \u0219i animale. Produsele din cannabis pot fi de\u021binute sau consumate doar de persoane de 21 de ani sau mai mari, cu excep\u021bia cazului \u00een care persoana este un pacient calificat. Efectele intoxicante ale produselor din cannabis pot dura p\u00e2n\u0103 la dou\u0103 ore. Utilizarea cannabisului \u00een timpul sarcinii sau al\u0103pt\u0103rii poate fi d\u0103un\u0103toare. Consumul produselor Cali Bud sau No Bud afecteaz\u0103 capacitatea de a conduce sau de a opera ma\u0219ini. V\u0103 rug\u0103m s\u0103 utiliza\u021bi cu mare precau\u021bie.<\/p>\n<p class=\"translation-block\"><b>Superglue<\/b>, cunoscut \u0219i sub denumirea de \u201eTacky Glue\u201d, este o varietate hibrid\u0103 cu predilec\u021bie indica, care produce un high func\u021bional \u0219i relaxant pentru minte \u0219i corp. Cu miros de pin \u0219i un parfum dulce de caramel, aceast\u0103 varietate este cultivat\u0103 de Seedism Seeds. Superglue se ob\u021bine prin \u00eencruci\u0219area <a href=\"https:\/\/www.leafly.com\/strains\/afghani\" target=\"_blank\" rel=\"noopener\">Afghani<\/a> \u0219i Northern Light. Cei care se bucur\u0103 de Superglue spun c\u0103 te relaxeaz\u0103, l\u0103s\u00e2ndu-te \u00een continuare func\u021bional \u0219i destul de energic pentru activit\u0103\u021bi sociale sau chiar o dup\u0103-amiaz\u0103 productiv\u0103.<\/p>\n<h3 style=\"text-align: center\"><strong>SUPER GLUE\u00a0<\/strong><strong>CALI BUD OR NO BUD FOR SALE | CALI BUD OR NO BUD\u00a0\u00a0<\/strong><strong>SUPER GLUE\u00a0<\/strong><strong>FOR SALE | CALI BUD OR NO BUD\u00a0 FOR SALE<\/strong><\/h3>\n<div class=\"variety-percentage-wrap\">\n<h4 class=\"variety translation-block\"><a href=\"https:\/\/www.allbud.com\/marijuana-strains\/variety\/indica-dominant-hybrid\" target=\"_blank\" rel=\"noopener\">Hibrid Dominant Indica<\/a> <span class=\"hidden-xs\">\u2013 <\/span><span class=\"strain-percentages\">70% Indica \/ 30% Sativa<\/span><\/h4>\n<h4 class=\"percentage\"><span class=\"heading\">THC:\u00a0<\/span>23%,\u00a0<span class=\"heading\">CBD:\u00a0<\/span><em>1<\/em>%<\/h4>\n<\/p><\/div>\n<p>Superglue OG, cunoscut simplu ca Superglue, este un hibrid dominant indica, o combina\u021bie \u00eentre Skunk #1 \u0219i Northern Lights. Poate fi g\u0103sit \u00een mai multe dispensare de marijuana medical\u0103 din California \u0219i statul Washington, dar nu \u00een multe alte locuri. Dac\u0103 apare pe pia\u021ba neagr\u0103, considera\u021bi-l o descoperire rar\u0103. Mugurii albi \u00eenghe\u021ba\u021bi ai acestei plante au un nivel masiv de THC, dep\u0103\u0219ind 23% \u00een unele teste. Nivelurile de CBD sunt, de asemenea, mai mari dec\u00e2t media, ajung\u00e2nd p\u00e2n\u0103 la 1,4% \u00een unele teste.<\/p>\n<h4 style=\"text-align: center\"><strong>CALI BUD OR NO BUD \u00a0<\/strong><strong>SUPER GLUE\u00a0<\/strong><strong>\u00a0NEAR ME |\u00a0<\/strong><strong>SUPER GLUE\u00a0<\/strong><strong>CALI BUD OR NO BUD\u00a0\u00a0 NEAR ME | CALI BUD OR NO BUD \u00a0NEAR ME<\/strong><\/h4>\n<p>Acest lucru face ca aceast\u0103 varietate s\u0103 fie deosebit de util\u0103 pentru scopuri medicale, ideal\u0103 pentru tratarea depresiei, durerii \u0219i anxiet\u0103\u021bii; poate ajuta \u0219i \u00een caz de convulsii \u0219i spasme musculare. Ace\u0219ti gene creeaz\u0103 un efect corporal puternic \u0219i relaxant cu unele efecte cerebrale limitate. Este o alegere puternic\u0103 pentru disconfortul fizic \u0219i stres. Nu exist\u0103 prea multe informa\u021bii publice despre gustul sau aroma acestei variet\u0103\u021bi rare, dar, ca \u0219i p\u0103rin\u021bii s\u0103i populari, probabil c\u0103 are un gust p\u0103m\u00e2ntos cu nuan\u021be de pin \u0219i citrice. Pacien\u021bii o pot g\u0103si \u00een dispensare selectate pe coasta de vest, dar este rar\u0103 \u00een afacerea medical\u0103.<\/p>\n<h5 style=\"text-align: center\"><strong>SUPER GLUE\u00a0<\/strong><strong>\u00a0STRAIN | \u00a0<\/strong><strong>SUPER GLUE\u00a0<\/strong><strong>WEED STRAIN | CALI\u00a0<\/strong><strong>SUPER GLUE\u00a0<\/strong><strong>| CALI\u00a0<\/strong><strong>SUPER GLUE\u00a0<\/strong><strong>\u00a0STRAIN<\/strong><\/h5>\n<p class=\"translation-block\">Superglue este un hibrid cu tendin\u021be indica care prezint\u0103 combina\u021bia genetic\u0103 puternic\u0103 dintre o landrace Afghani \u0219i <a href=\"https:\/\/www.wikileaf.com\/strain\/northern-lights\/\" target=\"_blank\" rel=\"noopener\">Northern Lights<\/a>. Adev\u0103rat numelui s\u0103u, Super Glue confer\u0103 o relaxare fizic\u0103 profund\u0103 care te poate prinde u\u0219or pe canapea \u00een condi\u021biile potrivite. Are, de asemenea, o mare atrac\u021bie, cu un miros bogat, muscos \u0219i flori groase, pline. Con\u021binutul de THC al acestei tulpini a fost m\u0103surat \u00eentre 18% \u0219i 28%.<\/p>\n<p>Superglue impresioneaz\u0103 prin flori mari care p\u0103streaz\u0103 o form\u0103 pronun\u021bat\u0103 asem\u0103n\u0103toare unei lope\u021bi, care se \u00eengusteaz\u0103 de la o baz\u0103 larg\u0103 p\u00e2n\u0103 la un v\u00e2rf ascu\u021bit. Mugurii au o structur\u0103 caracteristic\u0103 Indica, cu frunze mici care se r\u0103sucesc str\u00e2ns spre interior \u00eentr-un buchet dens \u0219i solid.<\/p>\n<p>O prim\u0103 adiere a florilor de Superglue va prinde o arom\u0103 dulce-acri\u0219oar\u0103, asem\u0103n\u0103toare cu cea de skunk. Sub aceasta se afl\u0103 c\u00e2teva accente ascu\u021bite de pin. \u00centre timp, m\u0103cinarea sau ruperea acestor flori dense elibereaz\u0103 un miros de lemn de santal \u0219i condimente, unic pentru planta-mam\u0103 Afghani. La ardere, Superglue produce un fum aspru \u0219i p\u0103trunz\u0103tor. Acest fum are un gust lemnos \u0219i p\u0103m\u00e2ntiu la expirare. Cei care doresc s\u0103 fumeze discret ar trebui s\u0103 fie aten\u021bi, deoarece aceast\u0103 floare puternic\u0103 poate emana un miros puternic de la distan\u021b\u0103.<\/p>\n<div data-testid=\"product-description\">\n<div class=\"truncate-lines__Wrapper-sc-1lknwty-0 YxHAC\">\n<div data-testid=\"truncated-description\">\n<div>\n<div class=\"text__Text-sc-fif1uk-0 kdmKRD\">\n<div class=\"src__Box-sc-1sbtrzs-0 src__Flex-sc-1sbtrzs-1 kWPFqZ hzdsvF\">\n<div>CATEGORII DE PRODUSE EXEMPLARE<\/div>\n<\/p><\/div>\n<\/p><\/div>\n<\/p><\/div>\n<\/p><\/div>\n<\/p><\/div>\n<\/p><\/div>\n<div class=\"text__Text-sc-fif1uk-0 htoJfX\"><a href=\"https:\/\/jeetersofficial.com\/product-category\/buy-cali-buds\/\" target=\"_blank\" rel=\"noopener\">CALI BUDS<\/a><\/div>\n<div data-testid=\"product-description\">\n<div class=\"truncate-lines__Wrapper-sc-1lknwty-0 YxHAC\">\n<div data-testid=\"truncated-description\">\n<div class=\"text__Text-sc-fif1uk-0 kdmKRD\"><a href=\"https:\/\/jeetersofficial.com\/product-category\/backpack-boyz\/\" target=\"_blank\" rel=\"noopener\">Backpack\u00a0 Boyz<\/a><\/div>\n<div><a href=\"https:\/\/jeetersofficial.com\/product-category\/snow-balls-weed\/\" target=\"_blank\" rel=\"noopener\">SNOWBALLS WEED<\/a><\/div>\n<div><a href=\"https:\/\/jeetersofficial.com\/product-category\/persy-snowcaps\/\" target=\"_blank\" rel=\"noopener\">Persy Snowcaps<\/a><\/div>\n<div><a href=\"https:\/\/jeetersofficial.com\/product-category\/drip-snowcaps\/\" target=\"_blank\" rel=\"noopener\">Drip Snowcaps<\/a><\/div>\n<div><a href=\"https:\/\/jeetersofficial.com\/product-category\/concentrates\/\" target=\"_blank\" rel=\"noopener\">CALI CONCENTRATES<\/a><\/div>\n<div><a href=\"https:\/\/jeetersofficial.com\/product-category\/doja-exclusive\/\" target=\"_blank\" rel=\"noopener\">CALI DOJA PACKS EXCLUSIVE<\/a><\/div>\n<div><a href=\"https:\/\/jeetersofficial.com\/product-category\/marijuana-flowers\/\" target=\"_blank\" rel=\"noopener\">CALI MARIJUANA FLOWERS<\/a><\/div>\n<\/p><\/div>\n<\/p><\/div>\n<\/p><\/div>\n<div><a href=\"https:\/\/jeetersofficial.com\/product-category\/sativa-strain\/\" target=\"_blank\" rel=\"noopener\">CALI SATIVA STRAINS<\/a><\/div>\n<div><a href=\"https:\/\/jeetersofficial.com\/product-category\/indica\/\" target=\"_blank\" rel=\"noopener\">CALI INDICA STRAINS<\/a><\/div>\n<div><a href=\"https:\/\/jeetersofficial.com\/product-category\/hybrid-weed\/\" target=\"_blank\" rel=\"noopener\">CALI HYBRID WEED<\/a><\/div>","protected":false},"excerpt":{"rendered":"<p>Cali Bud Super Glue<\/p>\n<p>Cali Bud Super Glue, o varietate hibrid\u0103 influent\u0103 de cannabis, creat\u0103 prin \u00eencruci\u0219area cu Strawberry \u0219i Grape Ape pentru a ob\u021bine aceste variet\u0103\u021bi uimitoare, este ideal\u0103 pentru pacien\u021bii care sufer\u0103 de anxietate \u0219i dureri cronice. Aceast\u0103 varietate garanteaz\u0103 o u\u0219urare imediat\u0103 a durerii. Efectele sale u\u0219oare pot facilita alinarea durerilor pulsante \u0219i a gre\u021burilor. De asemenea, aceast\u0103 varietate poate ajuta la combaterea simptomelor PTSD. Aceast\u0103 varietate cre\u0219te scurt\u0103 \u0219i se poate dezvolta bine \u00een interior, \u00een aer liber sau chiar \u00eentr-o gr\u0103din\u0103. Geek-ii ar trebui s\u0103-i acorde cel pu\u021bin o lun\u0103, dac\u0103 nu cinci, pentru a finaliza vegeta\u021bia. Varietatea Superglue \u00eenflore\u0219te timp de opt p\u00e2n\u0103 la nou\u0103 s\u0103pt\u0103m\u00e2ni \u0219i va produce un gram pe watt \u00een interior. Cultivatorii de exterior pot recolta p\u00e2n\u0103 la un kilogram pe plant\u0103.<\/p>","protected":false},"featured_media":1702,"comment_status":"closed","ping_status":"closed","template":"","meta":{"_uag_custom_page_level_css":"","site-sidebar-layout":"default","site-content-layout":"","ast-site-content-layout":"","site-content-style":"default","site-sidebar-style":"default","ast-global-header-display":"","ast-banner-title-visibility":"","ast-main-header-display":"","ast-hfb-above-header-display":"","ast-hfb-below-header-display":"","ast-hfb-mobile-header-display":"","site-post-title":"","ast-breadcrumbs-content":"","ast-featured-img":"","footer-sml-layout":"","theme-transparent-header-meta":"","adv-header-id-meta":"","stick-header-meta":"","header-above-stick-meta":"","header-main-stick-meta":"","header-below-stick-meta":"","astra-migrate-meta-layouts":"default","ast-page-background-enabled":"default","ast-page-background-meta":{"desktop":{"background-color":"var(--ast-global-color-4)","background-image":"","background-repeat":"repeat","background-position":"center center","background-size":"auto","background-attachment":"scroll","background-type":"","background-media":"","overlay-type":"","overlay-color":"","overlay-opacity":"","overlay-gradient":""},"tablet":{"background-color":"","background-image":"","background-repeat":"repeat","background-position":"center center","background-size":"auto","background-attachment":"scroll","background-type":"","background-media":"","overlay-type":"","overlay-color":"","overlay-opacity":"","overlay-gradient":""},"mobile":{"background-color":"","background-image":"","background-repeat":"repeat","background-position":"center center","background-size":"auto","background-attachment":"scroll","background-type":"","background-media":"","overlay-type":"","overlay-color":"","overlay-opacity":"","overlay-gradient":""}},"ast-content-background-meta":{"desktop":{"background-color":"var(--ast-global-color-5)","background-image":"","background-repeat":"repeat","background-position":"center center","background-size":"auto","background-attachment":"scroll","background-type":"","background-media":"","overlay-type":"","overlay-color":"","overlay-opacity":"","overlay-gradient":""},"tablet":{"background-color":"var(--ast-global-color-5)","background-image":"","background-repeat":"repeat","background-position":"center center","background-size":"auto","background-attachment":"scroll","background-type":"","background-media":"","overlay-type":"","overlay-color":"","overlay-opacity":"","overlay-gradient":""},"mobile":{"background-color":"var(--ast-global-color-5)","background-image":"","background-repeat":"repeat","background-position":"center center","background-size":"auto","background-attachment":"scroll","background-type":"","background-media":"","overlay-type":"","overlay-color":"","overlay-opacity":"","overlay-gradient":""}}},"product_brand":[],"product_cat":[675],"product_tag":[491,546,547,481,472,548,549,550,462,551,552,553,554,555,556,557],"class_list":{"0":"post-1778","1":"product","2":"type-product","3":"status-publish","4":"has-post-thumbnail","6":"product_cat-buy-cali-buds","7":"product_tag-buy-cali-bud-or-no-bud-online","8":"product_tag-buy-cali-bud-or-no-bud-super-glue-online","9":"product_tag-buy-super-glue-cali-bud-or-no-bud-online","10":"product_tag-cali-bud-or-no-bud-for-sale","11":"product_tag-cali-bud-or-no-bud-near-me","12":"product_tag-cali-bud-or-no-bud-super-glue","13":"product_tag-cali-bud-or-no-bud-super-glue-for-sale","14":"product_tag-cali-bud-or-no-bud-super-glue-near-me","15":"product_tag-cali-plug-cali-bud-or-no-bud","16":"product_tag-cali-super-glue","17":"product_tag-cali-super-glue-strain","18":"product_tag-super-glue-cali-bud-or-no-bud","19":"product_tag-super-glue-cali-bud-or-no-bud-for-sale","20":"product_tag-super-glue-cali-bud-or-no-bud-near-me","21":"product_tag-super-glue-strain","22":"product_tag-super-glue-weed-strain","23":"desktop-align-center","24":"tablet-align-left","25":"mobile-align-left","27":"first","28":"instock","29":"shipping-taxable","30":"purchasable","31":"product-type-variable"},"uagb_featured_image_src":{"full":["https:\/\/caliweedeurope.com\/wp-content\/uploads\/2024\/11\/super-glue.jpg",512,687,false],"thumbnail":["https:\/\/caliweedeurope.com\/wp-content\/uploads\/2024\/11\/super-glue-150x150.jpg",150,150,true],"medium":["https:\/\/caliweedeurope.com\/wp-content\/uploads\/2024\/11\/super-glue-224x300.jpg",224,300,true],"medium_large":["https:\/\/caliweedeurope.com\/wp-content\/uploads\/2024\/11\/super-glue.jpg",512,687,false],"large":["https:\/\/caliweedeurope.com\/wp-content\/uploads\/2024\/11\/super-glue.jpg",512,687,false],"1536x1536":["https:\/\/caliweedeurope.com\/wp-content\/uploads\/2024\/11\/super-glue.jpg",512,687,false],"2048x2048":["https:\/\/caliweedeurope.com\/wp-content\/uploads\/2024\/11\/super-glue.jpg",512,687,false],"trp-custom-language-flag":["https:\/\/caliweedeurope.com\/wp-content\/uploads\/2024\/11\/super-glue.jpg",9,12,false],"woocommerce_thumbnail":["https:\/\/caliweedeurope.com\/wp-content\/uploads\/2024\/11\/super-glue-300x300.jpg",300,300,true],"woocommerce_single":["https:\/\/caliweedeurope.com\/wp-content\/uploads\/2024\/11\/super-glue.jpg",512,687,false],"woocommerce_gallery_thumbnail":["https:\/\/caliweedeurope.com\/wp-content\/uploads\/2024\/11\/super-glue-100x100.jpg",100,100,true]},"uagb_author_info":{"display_name":"jetskiforsaleuk@gmail.com","author_link":"https:\/\/caliweedeurope.com\/ro\/author\/"},"uagb_comment_info":0,"uagb_excerpt":"Cali Bud Super Glue Cali Super Glue being an influential\u00a0cannabis hybrid strain\u00a0cross with strawberry and grape ape to get these amazing strains is best for patients suffering from anxiety and chronic pain. This strain guarantees immediate relief from pain for the relieve. It\u2019s light real impacts may facilitate a few a throbbing painfulness just as&hellip;","_links":{"self":[{"href":"https:\/\/caliweedeurope.com\/ro\/wp-json\/wp\/v2\/product\/1778"}],"collection":[{"href":"https:\/\/caliweedeurope.com\/ro\/wp-json\/wp\/v2\/product"}],"about":[{"href":"https:\/\/caliweedeurope.com\/ro\/wp-json\/wp\/v2\/types\/product"}],"replies":[{"embeddable":true,"href":"https:\/\/caliweedeurope.com\/ro\/wp-json\/wp\/v2\/comments?post=1778"}],"wp:featuredmedia":[{"embeddable":true,"href":"https:\/\/caliweedeurope.com\/ro\/wp-json\/wp\/v2\/media\/1702"}],"wp:attachment":[{"href":"https:\/\/caliweedeurope.com\/ro\/wp-json\/wp\/v2\/media?parent=1778"}],"wp:term":[{"taxonomy":"product_brand","embeddable":true,"href":"https:\/\/caliweedeurope.com\/ro\/wp-json\/wp\/v2\/product_brand?post=1778"},{"taxonomy":"product_cat","embeddable":true,"href":"https:\/\/caliweedeurope.com\/ro\/wp-json\/wp\/v2\/product_cat?post=1778"},{"taxonomy":"product_tag","embeddable":true,"href":"https:\/\/caliweedeurope.com\/ro\/wp-json\/wp\/v2\/product_tag?post=1778"}],"curies":[{"name":"wp","href":"https:\/\/api.w.org\/{rel}","templated":true}]}}