{"id":1784,"date":"2024-11-05T18:39:20","date_gmt":"2024-11-05T18:39:20","guid":{"rendered":"https:\/\/caliweedeurope.com\/?post_type=product&#038;p=1784"},"modified":"2024-11-05T18:39:26","modified_gmt":"2024-11-05T18:39:26","slug":"cumpara-cali-bud-sweet-and-sour-online","status":"publish","type":"product","link":"https:\/\/caliweedeurope.com\/ro\/product\/cumpara-cali-bud-sweet-and-sour-online\/","title":{"rendered":"Cump\u0103r\u0103 Cali Bud Sweet and Sour Online"},"content":{"rendered":"<h1 style=\"text-align: center\"><strong>\u00a0 \u00a0 \u00a0 \u00a0 \u00a0<\/strong><strong>SWEET AND SOUR <\/strong><strong>CALI BUD OR NO BUD\u00a0|<\/strong><strong>\u00a0CALI BUD OR NO BUD\u00a0<\/strong><strong>SWEET AND SOUR <\/strong><strong>|<\/strong><strong>\u00a0CALI PLUG CALI BUD OR NO BUD<\/strong><\/h1>\n<p><strong>Soiul Cali Bud Sweet and Sour<\/strong><br \/> Av\u00e2nd \u00een vedere profilul s\u0103u decent de canabinoizi, efectele psihoactive ale Sweet and Sour Widow sunt bl\u00e2nde. Acest soi este potrivit pentru \u00eencep\u0103tori \u0219i pacien\u021bi care doresc s\u0103 se trateze f\u0103r\u0103 o minte \u00eence\u021bo\u0219at\u0103. Prepared Widow provine din genetica White Widow \u0219i o sativa anonim\u0103 care completeaz\u0103 profilul s\u0103u de CBD.<\/p>\n<p>Cali Bud a fost \u00eentotdeauna o alegere evident\u0103 c\u00e2nd a venit vorba de a denumi aceast\u0103 tulpin\u0103, av\u00e2nd \u00een vedere popularitatea variet\u0103\u021bilor Kush \u00een Statul de Aur. Acest lucru \u00eei determin\u0103 pe Cali Plug s\u0103 lucreze mai mult la soiurile lor de cannabis cultivate \u00een interior \u0219i s\u0103 investeasc\u0103 mai mult \u00een cercetare.<\/p>\n<div class=\"variety-percentage-wrap\">\n<h4 class=\"variety\"><a href=\"https:\/\/www.allbud.com\/marijuana-strains\/variety\/sativa-dominant-hybrid\" target=\"_blank\" rel=\"noopener\">Sativa Dominant Hybrid\u00a0<\/a><span class=\"hidden-xs\">\u2013\u00a0<\/span><span class=\"strain-percentages\">80% Sativa \/ 20% Indica<\/span><\/h4>\n<h4 class=\"percentage\"><span class=\"heading\">THC:\u00a0<\/span>8%,\u00a0<span class=\"heading\">CBD:\u00a0<\/span><em>12<\/em>%<\/h4>\n<\/p><\/div>\n<p class=\"translation-block\">Sweet and Sour, cunoscut \u0219i sub numele de \u201eSweet 'N Sour\u201d sau \u201eSweet 'N Sour Diesel\u201d \u00een comunitatea de cannabis, este un hibrid predominant Sativa (80% Sativa\/20% Indica), rezultat dintr-o \u00eencruci\u0219are puternic\u0103 \u00eentre Mexican Haze X <a href=\"https:\/\/www.allbud.com\/marijuana-strains\/indica\/purple-princess\" target=\"_blank\" rel=\"noopener\">Princess<\/a> X Skunk #1 X <a href=\"https:\/\/www.allbud.com\/marijuana-strains\/sativa\/hawaiian-sativa\" target=\"_blank\" rel=\"noopener\">Hawaiian Sativa<\/a>. Acest soi de \u00eenalt\u0103 calitate<\/p>\n<p>Aceast\u0103 stare euforic\u0103 mental\u0103 este \u00eenso\u021bit\u0103 de un u\u0219or efect de \u201eblocare pe canapea\u201d \u0219i de o relaxare semnificativ\u0103 a corpului. Este perfect\u0103 pentru o zi lene\u0219\u0103 \u00een care vrei s\u0103 stai acas\u0103, s\u0103 cite\u0219ti o carte sau s\u0103 te joci jocuri video. Datorit\u0103 acestor efecte puternice, Sweet and Sour este o varietate ideal\u0103 pentru tratarea pacien\u021bilor care sufer\u0103 de glaucom, boala Alzheimer, stres cronic \u0219i oboseal\u0103.<\/p>\n<h2 style=\"text-align: center\"><strong>\u00a0BUY\u00a0<\/strong><strong>SWEET AND SOUR\u00a0<\/strong><strong>CALI BUD OR NO BUD\u00a0 ONLINE | BUY CALI BUD OR NO BUD\u00a0<\/strong><strong>SWEET AND SOUR\u00a0<\/strong><strong>ONLINE | BUY CALI BUD OR NO BUD ONLINE<\/strong><\/h2>\n<p><strong>Soiul Sweet and Sour.<\/strong><\/p>\n<p>Te vei sim\u021bi complet euforic, cu un sentiment general de introspec\u021bie care te face extrem de concentrat pe lucrurile din jurul t\u0103u, dar f\u0103r\u0103 s\u0103 po\u021bi purta conversa\u021bii cu ceilal\u021bi sau s\u0103 faci ceva fizic.<br \/> <b>Dulce \u0219i Acr\u0103 V\u0103duv\u0103<\/b>\u00a0este o tulpin\u0103 de cannabis predominant indica 70\/30 cu un raport CBD-THC de 1:1 \u0219i o arom\u0103 subtil\u0103 de ceap\u0103 dulce. Datorit\u0103 profilului s\u0103u echilibrat de canabinoizi, efectele psihoactive ale Sweet and Sour Widow sunt u\u0219oare, ceea ce face ca aceast\u0103 tulpin\u0103 s\u0103 fie potrivit\u0103 pentru \u00eencep\u0103tori \u0219i pentru pacien\u021bii care au nevoie de tratament f\u0103r\u0103 o minte \u00eence\u021bo\u0219at\u0103. Sweet and Sour Widow provine din genetica White Widow \u0219i un hibrid sativa nenumit pentru a accentua profilul s\u0103u de CBD.<\/p>\n<h3 style=\"text-align: center\"><strong>SWEET AND SOUR\u00a0<\/strong><strong>CALI BUD OR NO BUD FOR SALE | CALI BUD OR NO BUD\u00a0\u00a0<\/strong><strong>SWEET AND SOUR\u00a0<\/strong><strong>FOR SALE | CALI BUD OR NO BUD\u00a0 FOR SALE<\/strong><\/h3>\n<p><strong>Fericit<\/strong><br \/> 49% dintre oameni raporteaz\u0103 c\u0103 se simt ferici\u021bi<br \/> <strong>Relaxat<\/strong><br \/> 44% dintre oameni raporteaz\u0103 c\u0103 se simt relaxa\u021bi<br \/> <strong>Excitat<\/strong><br \/> 16% dintre oameni raporteaz\u0103 c\u0103 se simt excita\u021bi<br \/> <strong>Negative<\/strong><br \/> <strong>Gur\u0103 uscat\u0103<\/strong><br \/> 17% dintre oameni raporteaz\u0103 c\u0103 au gura uscat\u0103<br \/> <strong>Ochi usca\u021bi<\/strong><br \/> 11% dintre oameni raporteaz\u0103 c\u0103 au ochii usca\u021bi<br \/> <strong>U\u0219or ame\u021bit<\/strong><br \/> 5% dintre oameni raporteaz\u0103 c\u0103 se simt u\u0219or ame\u021bi\u021bi<\/p>\n<h4><strong>CALI BUD OR NO BUD \u00a0<\/strong><strong>SWEET AND SOUR\u00a0<\/strong><strong>\u00a0NEAR ME |\u00a0<\/strong><strong>SWEET AND SOUR\u00a0<\/strong><strong>CALI BUD OR NO BUD\u00a0\u00a0 NEAR ME | CALI BUD OR NO BUD \u00a0NEAR ME<\/strong><\/h4>\n<p class=\"translation-block\"><strong>Cali Bud Sweet and Sour Avertisment<\/strong><br> \u00cen concluzie, acest produs con\u021bine Cannabis, o substan\u021b\u0103 reglementat\u0103 care trebuie p\u0103strat\u0103 departe de copii \u0219i animale. Produsele din cannabis pot fi consumate doar de persoanele cu v\u00e2rsta de 21 de ani sau mai mult, cu excep\u021bia cazului \u00een care persoana este un pacient calificat. Efectele intoxicante ale produselor din cannabis pot dura p\u00e2n\u0103 la dou\u0103 ore. <a href=\"https:\/\/caliplugcarts.com\/product\/cali-delta-8-thc-flower-wholesale\/\" target=\"_blank\" rel=\"noopener\">Consumarea cannabisului<\/a> \u00een timpul sarcinii sau al\u0103pt\u0103rii poate fi d\u0103un\u0103toare. Consumul acestor produse afecteaz\u0103 capacitatea de a conduce vehicule sau de a manevra utilaje. V\u0103 rug\u0103m s\u0103 fi\u021bi extrem de precau\u021bi.<\/p>\n<h5 style=\"text-align: center\"><strong>SWEET AND SOUR\u00a0<\/strong><strong>\u00a0STRAIN | \u00a0<\/strong><strong>SWEET AND SOUR\u00a0<\/strong><strong>WEED STRAIN | CALI\u00a0<\/strong><strong>SWEET AND SOUR\u00a0<\/strong><strong>| CALI\u00a0<\/strong><strong>SWEET AND SOUR\u00a0<\/strong><strong>\u00a0STRAIN<\/strong><\/h5>\n<p>Pentru \u00eenceput, soiul Cali Sweet and Sour, reprodus de CBD Crew, este un soi de cannabis 70\/30 predominant indica, cu un raport CBD-THC de 1:1 \u0219i un miros subtil de ceap\u0103 dulce.<\/p>\n<p><strong>Efectele soiului Cali Sweet and Sour<\/strong><\/p>\n<p>Av\u00e2nd \u00een vedere profilul s\u0103u decent de canabinoizi, efectele psihoactive ale Sweet and Sour Widow sunt bl\u00e2nde. Acest soi este potrivit pentru \u00eencep\u0103tori \u0219i pacien\u021bi care doresc s\u0103 se trateze f\u0103r\u0103 o minte \u00eence\u021bo\u0219at\u0103. Prepared Widow provine din genetica White Widow \u0219i o sativa anonim\u0103 care completeaz\u0103 profilul s\u0103u de CBD.<\/p>\n<p>Cali Bud a fost \u00eentotdeauna o alegere evident\u0103 c\u00e2nd a venit vorba de numirea acestei tulpini, av\u00e2nd \u00een vedere popularitatea soiurilor Kush din Statul Aurit. Cali Plug este \u00eencurajat s\u0103 lucreze mai mult la soiurile sale de cannabis cultivate \u00een interior. Se depune mai mult efort pentru a continua munca.<\/p>\n<p><b>Avertisment<\/b><\/p>\n<p>\u00cen concluzie, acest produs con\u021bine canabis, o substan\u021b\u0103 reglementat\u0103. P\u0103stra\u021bi-l departe de copii \u0219i animale. Produsele pe baz\u0103 de canabis pot fi consumate doar de persoane de 21 de ani sau mai mult, cu excep\u021bia cazului \u00een care persoana este un pacient calificat. Efectele intoxicante ale produselor pe baz\u0103 de canabis pot dura p\u00e2n\u0103 la dou\u0103 ore. Utilizarea canabisului \u00een timpul sarcinii sau al\u0103pt\u0103rii poate fi d\u0103un\u0103toare. Consumul acestor produse afecteaz\u0103 capacitatea de a conduce vehicule sau de a opera utilaje. V\u0103 rug\u0103m s\u0103 folosi\u021bi cu mare pruden\u021b\u0103.<\/p>\n<p>&nbsp;<\/p>","protected":false},"excerpt":{"rendered":"<p><strong>Soiul Cali Bud Sweet and Sour<\/strong><br \/> Av\u00e2nd \u00een vedere profilul s\u0103u decent de canabinoizi, efectele psihoactive ale Sweet and Sour Widow sunt bl\u00e2nde. Acest soi este potrivit pentru \u00eencep\u0103tori \u0219i pacien\u021bi care doresc s\u0103 se trateze f\u0103r\u0103 o minte \u00eence\u021bo\u0219at\u0103. Prepared Widow provine din genetica White Widow \u0219i o sativa anonim\u0103 care completeaz\u0103 profilul s\u0103u de CBD.<\/p>","protected":false},"featured_media":1703,"comment_status":"closed","ping_status":"closed","template":"","meta":{"_uag_custom_page_level_css":"","site-sidebar-layout":"default","site-content-layout":"","ast-site-content-layout":"","site-content-style":"default","site-sidebar-style":"default","ast-global-header-display":"","ast-banner-title-visibility":"","ast-main-header-display":"","ast-hfb-above-header-display":"","ast-hfb-below-header-display":"","ast-hfb-mobile-header-display":"","site-post-title":"","ast-breadcrumbs-content":"","ast-featured-img":"","footer-sml-layout":"","theme-transparent-header-meta":"","adv-header-id-meta":"","stick-header-meta":"","header-above-stick-meta":"","header-main-stick-meta":"","header-below-stick-meta":"","astra-migrate-meta-layouts":"default","ast-page-background-enabled":"default","ast-page-background-meta":{"desktop":{"background-color":"var(--ast-global-color-4)","background-image":"","background-repeat":"repeat","background-position":"center center","background-size":"auto","background-attachment":"scroll","background-type":"","background-media":"","overlay-type":"","overlay-color":"","overlay-opacity":"","overlay-gradient":""},"tablet":{"background-color":"","background-image":"","background-repeat":"repeat","background-position":"center center","background-size":"auto","background-attachment":"scroll","background-type":"","background-media":"","overlay-type":"","overlay-color":"","overlay-opacity":"","overlay-gradient":""},"mobile":{"background-color":"","background-image":"","background-repeat":"repeat","background-position":"center center","background-size":"auto","background-attachment":"scroll","background-type":"","background-media":"","overlay-type":"","overlay-color":"","overlay-opacity":"","overlay-gradient":""}},"ast-content-background-meta":{"desktop":{"background-color":"var(--ast-global-color-5)","background-image":"","background-repeat":"repeat","background-position":"center center","background-size":"auto","background-attachment":"scroll","background-type":"","background-media":"","overlay-type":"","overlay-color":"","overlay-opacity":"","overlay-gradient":""},"tablet":{"background-color":"var(--ast-global-color-5)","background-image":"","background-repeat":"repeat","background-position":"center center","background-size":"auto","background-attachment":"scroll","background-type":"","background-media":"","overlay-type":"","overlay-color":"","overlay-opacity":"","overlay-gradient":""},"mobile":{"background-color":"var(--ast-global-color-5)","background-image":"","background-repeat":"repeat","background-position":"center center","background-size":"auto","background-attachment":"scroll","background-type":"","background-media":"","overlay-type":"","overlay-color":"","overlay-opacity":"","overlay-gradient":""}}},"product_brand":[],"product_cat":[675],"product_tag":[489,491,558,506,559,508,509,510,531,481,472,560,561,562,514,515,516,517,518,535,536,462,537,563,564,467,501,523,565,566,567,568,569,503],"class_list":{"0":"post-1784","1":"product","2":"type-product","3":"status-publish","4":"has-post-thumbnail","6":"product_cat-buy-cali-buds","7":"product_tag-best-cali-packs","8":"product_tag-buy-cali-bud-or-no-bud-online","9":"product_tag-buy-cali-bud-or-no-bud-sweet-and-sour-online","10":"product_tag-buy-cali-buds","11":"product_tag-buy-sweet-and-sour-cali-bud-or-no-bud-online","12":"product_tag-buy-weed-online","13":"product_tag-by-the-best-cali-buds","14":"product_tag-cali-bags","15":"product_tag-cali-bud","16":"product_tag-cali-bud-or-no-bud-for-sale","17":"product_tag-cali-bud-or-no-bud-near-me","18":"product_tag-cali-bud-or-no-bud-sweet-and-sour","19":"product_tag-cali-bud-or-no-bud-sweet-and-sour-for-sale","20":"product_tag-cali-bud-or-no-bud-sweet-and-sour-near-me","21":"product_tag-cali-bud-packs","22":"product_tag-cali-buds-online","23":"product_tag-cali-flavors","24":"product_tag-cali-flavours","25":"product_tag-cali-gush-lato","26":"product_tag-cali-plug-bud","27":"product_tag-cali-plug-buds","28":"product_tag-cali-plug-cali-bud-or-no-bud","29":"product_tag-cali-plug-strains","30":"product_tag-cali-sweet-and-sour","31":"product_tag-cali-sweet-and-sour-strain","32":"product_tag-hardball-cookies","33":"product_tag-marshmallow-strain","34":"product_tag-order-weed-online","35":"product_tag-sweet-and-sour-cali-bud-or-no-bud","36":"product_tag-sweet-and-sour-cali-bud-or-no-bud-for-sale","37":"product_tag-sweet-and-sour-cali-bud-or-no-bud-near-me","38":"product_tag-sweet-and-sour-strain","39":"product_tag-sweet-and-sour-weed-strain","40":"product_tag-top-cali-bud-packs","41":"desktop-align-center","42":"tablet-align-left","43":"mobile-align-left","45":"first","46":"instock","47":"shipping-taxable","48":"purchasable","49":"product-type-variable"},"uagb_featured_image_src":{"full":["https:\/\/caliweedeurope.com\/wp-content\/uploads\/2024\/11\/1-e1579244057102.jpeg",900,1200,false],"thumbnail":["https:\/\/caliweedeurope.com\/wp-content\/uploads\/2024\/11\/1-e1579244057102-150x150.jpeg",150,150,true],"medium":["https:\/\/caliweedeurope.com\/wp-content\/uploads\/2024\/11\/1-e1579244057102-225x300.jpeg",225,300,true],"medium_large":["https:\/\/caliweedeurope.com\/wp-content\/uploads\/2024\/11\/1-e1579244057102-768x1024.jpeg",768,1024,true],"large":["https:\/\/caliweedeurope.com\/wp-content\/uploads\/2024\/11\/1-e1579244057102-768x1024.jpeg",768,1024,true],"1536x1536":["https:\/\/caliweedeurope.com\/wp-content\/uploads\/2024\/11\/1-e1579244057102.jpeg",900,1200,false],"2048x2048":["https:\/\/caliweedeurope.com\/wp-content\/uploads\/2024\/11\/1-e1579244057102.jpeg",900,1200,false],"trp-custom-language-flag":["https:\/\/caliweedeurope.com\/wp-content\/uploads\/2024\/11\/1-e1579244057102.jpeg",9,12,false],"woocommerce_thumbnail":["https:\/\/caliweedeurope.com\/wp-content\/uploads\/2024\/11\/1-e1579244057102-300x300.jpeg",300,300,true],"woocommerce_single":["https:\/\/caliweedeurope.com\/wp-content\/uploads\/2024\/11\/1-e1579244057102-600x800.jpeg",600,800,true],"woocommerce_gallery_thumbnail":["https:\/\/caliweedeurope.com\/wp-content\/uploads\/2024\/11\/1-e1579244057102-100x100.jpeg",100,100,true]},"uagb_author_info":{"display_name":"jetskiforsaleuk@gmail.com","author_link":"https:\/\/caliweedeurope.com\/ro\/author\/"},"uagb_comment_info":0,"uagb_excerpt":"Cali bud Sweet and Sour Strain. In view of its decent cannabinoid profile. Sweet and Sour Widow\u2019s psychoactive impacts are mellow. Making this strain appropriate for beginner purchasers and patients expecting to sedate without a foggy head. Prepared Widow is gotten from White Widow hereditary qualities and an anonymous Sativa-half complement to its CBD profile.","_links":{"self":[{"href":"https:\/\/caliweedeurope.com\/ro\/wp-json\/wp\/v2\/product\/1784"}],"collection":[{"href":"https:\/\/caliweedeurope.com\/ro\/wp-json\/wp\/v2\/product"}],"about":[{"href":"https:\/\/caliweedeurope.com\/ro\/wp-json\/wp\/v2\/types\/product"}],"replies":[{"embeddable":true,"href":"https:\/\/caliweedeurope.com\/ro\/wp-json\/wp\/v2\/comments?post=1784"}],"wp:featuredmedia":[{"embeddable":true,"href":"https:\/\/caliweedeurope.com\/ro\/wp-json\/wp\/v2\/media\/1703"}],"wp:attachment":[{"href":"https:\/\/caliweedeurope.com\/ro\/wp-json\/wp\/v2\/media?parent=1784"}],"wp:term":[{"taxonomy":"product_brand","embeddable":true,"href":"https:\/\/caliweedeurope.com\/ro\/wp-json\/wp\/v2\/product_brand?post=1784"},{"taxonomy":"product_cat","embeddable":true,"href":"https:\/\/caliweedeurope.com\/ro\/wp-json\/wp\/v2\/product_cat?post=1784"},{"taxonomy":"product_tag","embeddable":true,"href":"https:\/\/caliweedeurope.com\/ro\/wp-json\/wp\/v2\/product_tag?post=1784"}],"curies":[{"name":"wp","href":"https:\/\/api.w.org\/{rel}","templated":true}]}}