{"id":1790,"date":"2024-11-05T18:39:20","date_gmt":"2024-11-05T18:39:20","guid":{"rendered":"https:\/\/caliweedeurope.com\/?post_type=product&#038;p=1790"},"modified":"2024-11-05T18:39:26","modified_gmt":"2024-11-05T18:39:26","slug":"buy-cali-bud-zkittles-strain-online","status":"publish","type":"product","link":"https:\/\/caliweedeurope.com\/ro\/product\/buy-cali-bud-zkittles-strain-online\/","title":{"rendered":"Buy Cali Bud Zkittles Strain Online"},"content":{"rendered":"<h1 style=\"text-align: center\"><strong>ZKITTLES <\/strong><strong>CALI BUD OR NO BUD\u00a0|<\/strong><strong>\u00a0CALI BUD OR NO BUD\u00a0<\/strong><strong>ZKITTLES <\/strong><strong>|<\/strong><strong>\u00a0CALI PLUG CALI BUD OR NO BUD<\/strong><\/h1>\n<p><strong>Cali Bud Zkittles Strain<\/strong><\/p>\n<p>Zkittlez, cunoscut \u0219i sub numele de \u201eSkittles\u201d, \u201eSkittlz\u201d \u0219i \u201eIsland Skittles\u201d, este o varietate de cannabis Indica ob\u021binut\u0103 dintr-un amestec de Grape Ape \u0219i Grapefruit, care este \u00eencruci\u0219at\u0103 cu o alt\u0103 varietate nedezv\u0103luit\u0103. Aceast\u0103 varietate cu gust de bomboane a fost creat\u0103 de 3rd Gen Family \u0219i Terp Hogz.<\/p>\n<p class=\"translation-block\"><b>Zkittlez<\/b>, cunoscut \u0219i sub denumirile \u201eSkittles\u201d, \u201eSkittlz\u201d \u0219i \u201eIsland Skittles\u201d, este o varietate de cannabis <a href=\"https:\/\/www.leafly.com\/strains\/lists\/category\/indica\" target=\"_blank\" rel=\"noopener\">indica<\/a>, ob\u021binut\u0103 printr-un amestec de Grape Ape \u0219i Grapefruit, care a fost \u00eencruci\u0219at\u0103 cu o alt\u0103 varietate nedivulgat\u0103. Aceast\u0103 varietate cu gust de bomboane a fost creat\u0103 de 3rd Gen Family \u0219i Terp Hogz. Zkittlez a c\u00e2\u0219tigat locul \u00eent\u00e2i la Emerald Cup 2016 \u0219i a ob\u021binut premii \u00een mai multe Cannabis Cups din San Francisco \u0219i Michigan. Aceast\u0103 varietate are colasuri groase, care explodeaz\u0103 \u00eentr-un spectru de nuan\u021be verzi deschise \u0219i eman\u0103 o amestec de arome dulci \u0219i tropicale de fructe. Efectele Zkittlez sunt calmante, l\u0103s\u00e2nd consumatorii concentra\u021bi, alerti \u0219i ferici\u021bi, \u00een timp ce relaxeaz\u0103 corpul pentru a ajuta la relaxare \u00een orice moment al zilei.<\/p>\n<p>Zkittlez este o varietate din ce \u00een ce mai popular\u0103, care merit\u0103 achizi\u021bionat\u0103 atunci c\u00e2nd o g\u0103se\u0219ti pe rafturile dispensarelor. Este pl\u0103cut\u0103 at\u00e2t ca tratament solitar, c\u00e2t \u0219i atunci c\u00e2nd este \u00eemp\u0103rt\u0103\u0219it\u0103 cu prieteni cu acelea\u0219i convingeri.<\/p>\n<p>Zkittlez poate avea \u0219i mai multe aplica\u021bii pentru pacien\u021bii care folosesc cannabis medicinal. Propriet\u0103\u021bile mentale ini\u021biale ale acestei variet\u0103\u021bi pot ajuta la concentrare pentru persoanele cu tulbur\u0103ri de deficit de aten\u021bie. Pe m\u0103sur\u0103 ce efectul corporal se instaleaz\u0103, poate calma temporar simptomele de stres, depresie \u0219i anxietate. Beneficiile fizice includ alinarea at\u00e2t a durerilor cronice, c\u00e2t \u0219i a irita\u021biilor minore de zi cu zi. Zkittlez poate provoca \u0219i o cre\u0219tere a apetitului, ajut\u00e2nd persoanele care \u0219i-au pierdut pofta de m\u00e2ncare.<\/p>\n<h2 style=\"text-align: center\"><strong>\u00a0BUY\u00a0<\/strong><strong>ZKITTLES\u00a0<\/strong><strong>\u00a0CALI BUD OR NO BUD\u00a0 ONLINE | BUY CALI BUD OR NO BUD\u00a0<\/strong><strong>ZKITTLES\u00a0<\/strong><strong>ONLINE | BUY CALI BUD OR NO BUD ONLINE<\/strong><\/h2>\n<p><strong>Premiile variet\u0103\u021bii Cali Bud Zkittles<\/strong><\/p>\n<p>Zkittlez a c\u00e2\u0219tigat locul 1 la Emerald Cup 2016 \u0219i a ob\u021binut locuri \u00een mai multe Cannabis Cups din San Francisco \u0219i Michigan. Aceast\u0103 varietate are colas mari care explodeaz\u0103 \u00eentr-un spectru de nuan\u021be de verde deschis \u0219i eman\u0103 o amestecare dulce \u0219i tropical\u0103 de arome fructate.<\/p>\n<p>Indica Dominant Hybrid <span class=\"hidden-xs\" style=\"color: #333333;font-size: 14.4px\">\u2013\u00a0<\/span><span class=\"strain-percentages\" style=\"color: #333333;font-size: 14.4px\">70% Indica \/ 30% Sativa<\/span><\/p>\n<div class=\"variety-percentage-wrap\">\n<h4 class=\"percentage\"><span class=\"heading\">THC:\u00a0<\/span>13% \u2013 15%<\/h4>\n<\/p><\/div>\n<p>ZKittlez este o varietate hibrid\u0103 cu predominan\u021b\u0103 Indica, creat\u0103 prin \u00eencruci\u0219area puternicelor variet\u0103\u021bi Grape Ape X Grapefruit. De\u0219i raportul exact \u00eentre Indica \u0219i Sativa variaz\u0103 \u00een func\u021bie de practicile cultivatorilor, ZKittlez a fost constant m\u0103surat cu un nivel sc\u0103zut de THC de 15%. \u00cen ciuda acestui nivel relativ sc\u0103zut de THC, aceast\u0103 floare a c\u00e2\u0219tigat locul \u00eent\u00e2i pentru cea mai bun\u0103 Indica la Cannabis Cups din 2015 din San Francisco \u0219i Michigan. \u00cen ciuda nivelului s\u0103u sc\u0103zut de THC, aceast\u0103 floare are un impact puternic \u0219i savuros. ZKittlez are un arom\u0103 super fructat\u0103 de p\u0103m\u00e2nt tropical dulce cu o u\u0219oar\u0103 not\u0103 erbacee.<\/p>\n<h3 style=\"text-align: center\"><strong>ZKITTLES\u00a0<\/strong><strong>CALI BUD OR NO BUD FOR SALE | CALI BUD OR NO BUD <\/strong><strong>ZKITTLES\u00a0<\/strong><strong>FOR SALE | CALI BUD OR NO BUD\u00a0 FOR SALE<\/strong><\/h3>\n<p><strong>Cump\u0103r\u0103 varietatea Cali Bud Zkittles online<\/strong><\/p>\n<p>Zkittlez este la fel de tentant ca gustul s\u0103u, de\u0219i este relativ de natur\u0103 u\u0219oar\u0103. \u00cencepe cu o senza\u021bie de euforie mental\u0103 care te las\u0103 fericit \u0219i creativ, f\u0103r\u0103 anxietate sau cople\u0219ire. Aceasta este \u00eenso\u021bit\u0103 de o senza\u021bie de relaxare la nivelul corpului care se r\u0103sp\u00e2nde\u0219te \u00eencet prin \u00eentregul corp \u0219i p\u00e2n\u0103 la v\u00e2rful degetelor, l\u0103s\u00e2ndu-te complet calm \u0219i f\u0103r\u0103 durere f\u0103r\u0103 a-\u021bi limita mi\u0219c\u0103rile. Un efect u\u0219or de somnolen\u021b\u0103 va ap\u0103rea la sc\u0103dere, dar nu te va adormi.<\/p>\n<p class=\"translation-block\">De\u0219i Zkittlez ac\u021bioneaz\u0103 relativ rapid, efectele sale concentrate pe cap tind s\u0103 fie subtile. La \u00eenceput, poate ap\u0103rea o presiune u\u0219oar\u0103 \u00een jurul ochilor \u0219i t\u00e2mplelor. Pe m\u0103sur\u0103 ce fum\u0103torii se obi\u0219nuiesc cu aceast\u0103 senza\u021bie, ei pot aprecia ac\u021biunea tulpinii asupra percep\u021biei lor senzoriale. Experien\u021bele ciudate, cum ar fi distorsiunile vizuale \u0219i auditive, sunt raportate frecvent, la fel \u0219i senza\u021bia ciudat\u0103 c\u0103 timpul trece mai \u00eencet. Aceste efecte psihodelice pot fi amplificate de \u00eembun\u0103t\u0103\u021biri atmosferice, \u00een special prin muzic\u0103 de atmosfer\u0103 sau un program TV vizual captivant.<\/p>\n<h4 style=\"text-align: center\"><strong>CALI BUD OR NO BUD \u00a0<\/strong><strong>ZKITTLES <\/strong><strong>NEAR ME |\u00a0<\/strong><strong>ZKITTLES<\/strong><strong> CALI BUD OR NO BUD NEAR ME | CALI BUD OR NO BUD \u00a0NEAR ME<\/strong><\/h4>\n<h5><strong style=\"color: #555555;font-size: 14.4px\">Sentimente<\/strong><\/h5>\n<p><strong>Fericit<\/strong><br \/> 49% dintre oameni raporteaz\u0103 c\u0103 se simt ferici\u021bi<br \/> <strong>Relaxat<\/strong><br \/> 44% dintre oameni raporteaz\u0103 c\u0103 se simt relaxa\u021bi<br \/> <strong>Excitat<\/strong><br \/> 16% dintre oameni raporteaz\u0103 c\u0103 se simt excita\u021bi<br \/> <strong>Negative<\/strong><br \/> <strong>Gur\u0103 uscat\u0103<\/strong><br \/> 12% of people report feeling dry mouth<br \/> <strong>Ochi usca\u021bi<\/strong><br \/> 10% dintre oameni raporteaz\u0103 c\u0103 au ochii usca\u021bi<br \/> <strong>U\u0219or ame\u021bit<\/strong><br \/> 5% dintre oameni raporteaz\u0103 c\u0103 se simt u\u0219or ame\u021bi\u021bi<\/p>\n<p>Cump\u0103r\u0103 pachete de weed Cali online \u0219i ob\u021bine livrare gratuit\u0103 pentru comenzi de peste 500. The Cali Plug este furnizorul t\u0103u num\u0103rul unu cu aceste arome de Cali bud de \u00eenalt\u0103 calitate.<\/p>\n<p>Zkittlez, uneori scris \u0219i Skittlez sau pur \u0219i simplu Skittles, este un hibrid cu predominan\u021b\u0103 indica care explodeaz\u0103 cu arome fructate. Creat de colectivul Dying Breed Seeds din California de Nord, aceast\u0103 tulpin\u0103 este descendent\u0103 din indica fructat\u0103 Grape Ape \u0219i sativa acri\u0219oar\u0103 Grapefruit. Skittles combin\u0103 efectele mentale \u0219i fizice ale ambelor tulpini p\u0103rinte pentru a oferi un efect lin \u0219i multifacetic. Con\u021binutul de THC al Zkittlez a fost m\u0103surat \u00eentre 15% \u0219i 23%.<\/p>\n<h5 style=\"text-align: center\"><strong>ZKITTLES\u00a0<\/strong><strong> STRAIN | <\/strong><strong>ZKITTLES <\/strong><strong>WEED STRAIN | CALI\u00a0<\/strong><strong>ZKITTLES <\/strong><strong>| CALI\u00a0<\/strong><strong>ZKITTLES<\/strong><strong>\u00a0STRAIN<\/strong><\/h5>\n<p><strong>Avertisment Cali Bud Zkittles<\/strong><\/p>\n<p>Acest produs con\u021bine cannabis, o substan\u021b\u0103 reglementat\u0103. A se p\u0103stra departe de copii \u0219i animale. Produsele din cannabis pot fi de\u021binute sau consumate doar de persoane cu v\u00e2rsta de 21 de ani sau mai mult, cu excep\u021bia cazului \u00een care persoana este un pacient calificat. Efectele intoxicante ale produselor din cannabis pot dura p\u00e2n\u0103 la dou\u0103 ore. Consumul de cannabis \u00een timpul sarcinii sau al\u0103pt\u0103rii poate fi d\u0103un\u0103tor. Consumarea acestui produs afecteaz\u0103 abilitatea de a conduce sau de a opera utilaje. Utiliza\u021bi cu mare precau\u021bie.<\/p>\n<p>La fel ca omonimul s\u0103u, aceast\u0103 varietate \u00ee\u021bi ofer\u0103 ocazia de a gusta curcubeul \u2014 dar, a\u0219a cum se dovede\u0219te, Zkittlez \u00ee\u021bi permite \u0219i s\u0103 vezi un curcubeu. \u00cen func\u021bie de fenotip, florile groase \u0219i robuste ale plantei apar \u00eentr-o varietate de nuan\u021be de verde \u0219i violet, cu fire de p\u0103r portocalii vii (sau pistili) pres\u0103ra\u021bi peste tot. Nuantele violete izbitoare sunt rezultatul unor concentra\u021bii ridicate de pigmen\u021bi antocianini. Mugurii t\u0103ia\u021bi au o structur\u0103 tipic\u0103 indica, str\u00e2ns \u0219i dens \u00eempacheta\u021bi, cu frunze mici. \u00cen cele din urm\u0103, un strat de tricomuri albe \u0219i l\u0103ptoase asigur\u0103 at\u00e2t lipiciositatea, c\u00e2t \u0219i activitatea psihotrop\u0103.<\/p>\n<div data-testid=\"product-description\">\n<div class=\"truncate-lines__Wrapper-sc-1lknwty-0 YxHAC\">\n<div data-testid=\"truncated-description\">\n<div>\n<div class=\"text__Text-sc-fif1uk-0 kdmKRD\">\n<div class=\"src__Box-sc-1sbtrzs-0 src__Flex-sc-1sbtrzs-1 kWPFqZ hzdsvF\">\n<div>CATEGORII DE PRODUSE EXEMPLARE<\/div>\n<\/p><\/div>\n<\/p><\/div>\n<\/p><\/div>\n<\/p><\/div>\n<\/p><\/div>\n<\/p><\/div>\n<div class=\"text__Text-sc-fif1uk-0 htoJfX\"><a href=\"https:\/\/jeetersofficial.com\/product-category\/buy-cali-buds\/\" target=\"_blank\" rel=\"noopener\">CALI BUDS<\/a><\/div>\n<div data-testid=\"product-description\">\n<div class=\"truncate-lines__Wrapper-sc-1lknwty-0 YxHAC\">\n<div data-testid=\"truncated-description\">\n<div class=\"text__Text-sc-fif1uk-0 kdmKRD\"><a href=\"https:\/\/jeetersofficial.com\/product-category\/backpack-boyz\/\" target=\"_blank\" rel=\"noopener\">Backpack\u00a0 Boyz<\/a><\/div>\n<div><a href=\"https:\/\/jeetersofficial.com\/product-category\/snow-balls-weed\/\" target=\"_blank\" rel=\"noopener\">SNOWBALLS WEED<\/a><\/div>\n<div><a href=\"https:\/\/jeetersofficial.com\/product-category\/persy-snowcaps\/\" target=\"_blank\" rel=\"noopener\">Persy Snowcaps<\/a><\/div>\n<div><a href=\"https:\/\/jeetersofficial.com\/product-category\/drip-snowcaps\/\" target=\"_blank\" rel=\"noopener\">Drip Snowcaps<\/a><\/div>\n<div><a href=\"https:\/\/jeetersofficial.com\/product-category\/concentrates\/\" target=\"_blank\" rel=\"noopener\">CALI CONCENTRATES<\/a><\/div>\n<div><a href=\"https:\/\/jeetersofficial.com\/product-category\/doja-exclusive\/\" target=\"_blank\" rel=\"noopener\">CALI DOJA PACKS EXCLUSIVE<\/a><\/div>\n<div><a href=\"https:\/\/jeetersofficial.com\/product-category\/marijuana-flowers\/\" target=\"_blank\" rel=\"noopener\">CALI MARIJUANA FLOWERS<\/a><\/div>\n<\/p><\/div>\n<\/p><\/div>\n<\/p><\/div>\n<div><a href=\"https:\/\/jeetersofficial.com\/product-category\/sativa-strain\/\" target=\"_blank\" rel=\"noopener\">CALI SATIVA STRAINS<\/a><\/div>\n<div><a href=\"https:\/\/jeetersofficial.com\/product-category\/indica\/\" target=\"_blank\" rel=\"noopener\">CALI INDICA STRAINS<\/a><\/div>\n<div><a href=\"https:\/\/jeetersofficial.com\/product-category\/hybrid-weed\/\" target=\"_blank\" rel=\"noopener\">CALI HYBRID WEED<\/a><\/div>","protected":false},"excerpt":{"rendered":"<p><strong>Cali Bud Zkittles Strain<\/strong><\/p>\n<p>Zkittlez, cunoscut \u0219i sub numele de \u201eSkittles\u201d, \u201eSkittlz\u201d \u0219i \u201eIsland Skittles\u201d, este o varietate de cannabis Indica ob\u021binut\u0103 dintr-un amestec de Grape Ape \u0219i Grapefruit, care este \u00eencruci\u0219at\u0103 cu o alt\u0103 varietate nedezv\u0103luit\u0103. Aceast\u0103 varietate cu gust de bomboane a fost creat\u0103 de 3rd Gen Family \u0219i Terp Hogz.<\/p>\n<p><strong>Premiile variet\u0103\u021bii Cali Bud Zkittles<\/strong><\/p>\n<p>Zkittlez a c\u00e2\u0219tigat locul 1 la Emerald Cup 2016 \u0219i a ob\u021binut locuri \u00een mai multe Cannabis Cups din San Francisco \u0219i Michigan. Aceast\u0103 varietate are colas mari care explodeaz\u0103 \u00eentr-un spectru de nuan\u021be de verde deschis \u0219i eman\u0103 o amestecare dulce \u0219i tropical\u0103 de arome fructate.<\/p>","protected":false},"featured_media":1803,"comment_status":"closed","ping_status":"closed","template":"","meta":{"_uag_custom_page_level_css":"","site-sidebar-layout":"default","site-content-layout":"","ast-site-content-layout":"","site-content-style":"default","site-sidebar-style":"default","ast-global-header-display":"","ast-banner-title-visibility":"","ast-main-header-display":"","ast-hfb-above-header-display":"","ast-hfb-below-header-display":"","ast-hfb-mobile-header-display":"","site-post-title":"","ast-breadcrumbs-content":"","ast-featured-img":"","footer-sml-layout":"","theme-transparent-header-meta":"","adv-header-id-meta":"","stick-header-meta":"","header-above-stick-meta":"","header-main-stick-meta":"","header-below-stick-meta":"","astra-migrate-meta-layouts":"default","ast-page-background-enabled":"default","ast-page-background-meta":{"desktop":{"background-color":"var(--ast-global-color-4)","background-image":"","background-repeat":"repeat","background-position":"center center","background-size":"auto","background-attachment":"scroll","background-type":"","background-media":"","overlay-type":"","overlay-color":"","overlay-opacity":"","overlay-gradient":""},"tablet":{"background-color":"","background-image":"","background-repeat":"repeat","background-position":"center center","background-size":"auto","background-attachment":"scroll","background-type":"","background-media":"","overlay-type":"","overlay-color":"","overlay-opacity":"","overlay-gradient":""},"mobile":{"background-color":"","background-image":"","background-repeat":"repeat","background-position":"center center","background-size":"auto","background-attachment":"scroll","background-type":"","background-media":"","overlay-type":"","overlay-color":"","overlay-opacity":"","overlay-gradient":""}},"ast-content-background-meta":{"desktop":{"background-color":"var(--ast-global-color-5)","background-image":"","background-repeat":"repeat","background-position":"center center","background-size":"auto","background-attachment":"scroll","background-type":"","background-media":"","overlay-type":"","overlay-color":"","overlay-opacity":"","overlay-gradient":""},"tablet":{"background-color":"var(--ast-global-color-5)","background-image":"","background-repeat":"repeat","background-position":"center center","background-size":"auto","background-attachment":"scroll","background-type":"","background-media":"","overlay-type":"","overlay-color":"","overlay-opacity":"","overlay-gradient":""},"mobile":{"background-color":"var(--ast-global-color-5)","background-image":"","background-repeat":"repeat","background-position":"center center","background-size":"auto","background-attachment":"scroll","background-type":"","background-media":"","overlay-type":"","overlay-color":"","overlay-opacity":"","overlay-gradient":""}}},"product_brand":[],"product_cat":[675],"product_tag":[491,688,689,481,472,690,691,692,693,694,695,696],"class_list":{"0":"post-1790","1":"product","2":"type-product","3":"status-publish","4":"has-post-thumbnail","6":"product_cat-buy-cali-buds","7":"product_tag-buy-cali-bud-or-no-bud-online","8":"product_tag-buy-cali-bud-or-no-bud-zkittles-online","9":"product_tag-buy-zkittles-cali-bud-or-no-bud-online","10":"product_tag-cali-bud-or-no-bud-for-sale","11":"product_tag-cali-bud-or-no-bud-near-me","12":"product_tag-cali-bud-or-no-bud-zkittles","13":"product_tag-cali-bud-or-no-bud-zkittles-for-sale","14":"product_tag-cali-bud-or-no-bud-zkittles-near-me","15":"product_tag-zkittles-cali-bud-or-no-bud-for-sale","16":"product_tag-zkittles-cali-bud-or-no-bud-near-me","17":"product_tag-zkittles-strain","18":"product_tag-zkittles-weed-strain","19":"desktop-align-center","20":"tablet-align-left","21":"mobile-align-left","23":"first","24":"instock","25":"shipping-taxable","26":"purchasable","27":"product-type-variable"},"uagb_featured_image_src":{"full":["https:\/\/caliweedeurope.com\/wp-content\/uploads\/2024\/11\/fullsizeout.jpeg",600,783,false],"thumbnail":["https:\/\/caliweedeurope.com\/wp-content\/uploads\/2024\/11\/fullsizeout-150x150.jpeg",150,150,true],"medium":["https:\/\/caliweedeurope.com\/wp-content\/uploads\/2024\/11\/fullsizeout-230x300.jpeg",230,300,true],"medium_large":["https:\/\/caliweedeurope.com\/wp-content\/uploads\/2024\/11\/fullsizeout.jpeg",600,783,false],"large":["https:\/\/caliweedeurope.com\/wp-content\/uploads\/2024\/11\/fullsizeout.jpeg",600,783,false],"1536x1536":["https:\/\/caliweedeurope.com\/wp-content\/uploads\/2024\/11\/fullsizeout.jpeg",600,783,false],"2048x2048":["https:\/\/caliweedeurope.com\/wp-content\/uploads\/2024\/11\/fullsizeout.jpeg",600,783,false],"trp-custom-language-flag":["https:\/\/caliweedeurope.com\/wp-content\/uploads\/2024\/11\/fullsizeout.jpeg",9,12,false],"woocommerce_thumbnail":["https:\/\/caliweedeurope.com\/wp-content\/uploads\/2024\/11\/fullsizeout-300x300.jpeg",300,300,true],"woocommerce_single":["https:\/\/caliweedeurope.com\/wp-content\/uploads\/2024\/11\/fullsizeout.jpeg",600,783,false],"woocommerce_gallery_thumbnail":["https:\/\/caliweedeurope.com\/wp-content\/uploads\/2024\/11\/fullsizeout-100x100.jpeg",100,100,true]},"uagb_author_info":{"display_name":"jetskiforsaleuk@gmail.com","author_link":"https:\/\/caliweedeurope.com\/ro\/author\/"},"uagb_comment_info":0,"uagb_excerpt":"Cali Bud Zkittles Strain Zkittlez, also known as \u201cSkittles,\u201d \u201cSkittlz,\u201d and \u201cIsland Skittles\u201d is an Indica marijuana strain bred from a mix of Grape Ape and Grapefruit that is crossed with another undisclosed strain. This candy-flavored strain was bred by 3rd Gen Family and Terp Hogz. Cali Bud Zkittles Strain Awards Zkittlez won 1st Place&hellip;","_links":{"self":[{"href":"https:\/\/caliweedeurope.com\/ro\/wp-json\/wp\/v2\/product\/1790"}],"collection":[{"href":"https:\/\/caliweedeurope.com\/ro\/wp-json\/wp\/v2\/product"}],"about":[{"href":"https:\/\/caliweedeurope.com\/ro\/wp-json\/wp\/v2\/types\/product"}],"replies":[{"embeddable":true,"href":"https:\/\/caliweedeurope.com\/ro\/wp-json\/wp\/v2\/comments?post=1790"}],"wp:featuredmedia":[{"embeddable":true,"href":"https:\/\/caliweedeurope.com\/ro\/wp-json\/wp\/v2\/media\/1803"}],"wp:attachment":[{"href":"https:\/\/caliweedeurope.com\/ro\/wp-json\/wp\/v2\/media?parent=1790"}],"wp:term":[{"taxonomy":"product_brand","embeddable":true,"href":"https:\/\/caliweedeurope.com\/ro\/wp-json\/wp\/v2\/product_brand?post=1790"},{"taxonomy":"product_cat","embeddable":true,"href":"https:\/\/caliweedeurope.com\/ro\/wp-json\/wp\/v2\/product_cat?post=1790"},{"taxonomy":"product_tag","embeddable":true,"href":"https:\/\/caliweedeurope.com\/ro\/wp-json\/wp\/v2\/product_tag?post=1790"}],"curies":[{"name":"wp","href":"https:\/\/api.w.org\/{rel}","templated":true}]}}