{"id":1796,"date":"2024-11-05T18:39:20","date_gmt":"2024-11-05T18:39:20","guid":{"rendered":"https:\/\/caliweedeurope.com\/?post_type=product&#038;p=1796"},"modified":"2024-11-05T18:39:26","modified_gmt":"2024-11-05T18:39:26","slug":"buy-cali-bud-gas-strain-online","status":"publish","type":"product","link":"https:\/\/caliweedeurope.com\/ro\/product\/buy-cali-bud-gas-strain-online\/","title":{"rendered":"Cump\u0103r\u0103 Cali Bud Gas Strain online"},"content":{"rendered":"<h1 style=\"text-align: center\"><strong>\u00a0 \u00a0 \u00a0<\/strong><strong>GAS <\/strong><strong>CALI BUD OR NO BUD\u00a0|<\/strong><strong>\u00a0CALI BUD OR NO BUD\u00a0<\/strong><strong>GAS <\/strong><strong>|<\/strong><strong>\u00a0CALI PLUG CALI BUD OR NO BUD<\/strong><\/h1>\n<p><strong>Cump\u0103r\u0103 Cali Gas Strain<\/strong><br \/> Cump\u0103r\u0103 Cali Gas cannabis bud strain online. Cele mai bune soiuri de cannabis cultivat \u00een interior.<\/p>\n<p><b>All Gas OG<\/b>cunoscut \u0219i sub numele de 'Gas' sau 'Asphalt Plant', este un\u00a0<a href=\"https:\/\/www.leafly.com\/strains\/lists\/category\/indica\" target=\"_blank\" rel=\"noopener\">indica weed strain<\/a>\u00a0f\u0103cut prin \u00eencruci\u0219are\u00a0<a href=\"https:\/\/www.leafly.com\/strains\/venom-og\" target=\"_blank\" rel=\"noopener\">Venom OG<\/a>\u00a0cu Humboldt OG. Efectele All Gas OG sunt mai calmante dec\u00e2t energizante. Consumatorii care au fumat aceast\u0103 varietate spun c\u0103 le face s\u0103 se simt\u0103\u00a0<a href=\"https:\/\/www.leafly.com\/strains\/lists\/effect\/hungry\" target=\"_blank\" rel=\"noopener\">foame<\/a>, relaxat \u0219i somnoros.<\/p>\n<p>\u00cen plus, din punct de vedere al gustului, te po\u021bi a\u0219tepta la note puternice \u0219i p\u0103trunz\u0103toare de<a href=\"https:\/\/www.leafly.com\/strains\/lists\/effect\/diesel\" target=\"_blank\" rel=\"noopener\">diesel<\/a>\u00a0\u0219i substan\u021be chimice. All Gas OG con\u021bine 21% THC, ceea ce face din aceast\u0103 varietate o alegere ideal\u0103 pentru consumatorii experimenta\u021bi de cannabis. Potrivit cultivatorilor, aceast\u0103 varietate are un timp mediu de \u00eenflorire de 55 de zile \u0219i cre\u0219te cel mai bine \u00een interior. Creatorul original al All Gas OG este Humboldt Seed Company. Terpenul dominant al acestei variet\u0103\u021bi este necunoscut. Soiuri de cannabis similare cu Gas OG includ Huckleberry.\u00a0<a href=\"https:\/\/www.leafly.com\/strains\/animal-face\" target=\"_blank\" rel=\"noopener\">animal<\/a>Face, Monkey Tape \u0219i Bubba Doja.<\/p>\n<h2 style=\"text-align: center\"><strong>\u00a0BUY\u00a0<\/strong><strong>GAS\u00a0<\/strong><strong>CALI BUD OR NO BUD\u00a0 ONLINE | BUY CALI BUD OR NO BUD\u00a0<\/strong><strong>GAS\u00a0<\/strong><strong>ONLINE | BUY CALI BUD OR NO BUD ONLINE<\/strong><\/h2>\n<p><strong>Genetica Cali Gas<\/strong><\/p>\n<p>Cali Gas este o tulpin\u0103 hibrid\u0103 de cannabis dominant\u0103 Sativa influent\u0103, \u00eencruci\u0219at\u0103 cu Grape Ape \u0219i Kandy Kush pentru a ob\u021bine aceste uimitoare <a href=\"https:\/\/caliplugcarts.com\/product\/buy-cali-plug-carts-online\/\" target=\"_blank\" rel=\"noopener\">strains<\/a><\/p>\n<p>Gas este o tulpin\u0103 rar\u0103 cu o genetic\u0103 misterioas\u0103, de\u0219i unii cred c\u0103 este un fenotip al OG Kush. Se spune c\u0103 colectivul defunct Platinum Clouds a creat-o. Cannabis Cali Gas.<\/p>\n<p>Principalele arome raportate ale Gas sunt p\u0103m\u00e2nt, citrice \u0219i motorin\u0103. Se spune c\u0103 are gust de pin, condimente \u0219i l\u0103m\u00e2i.<\/p>\n<div class=\"variety-percentage-wrap\">\n<h4 class=\"variety\">\u00a0Indica<\/h4>\n<h4 class=\"percentage\"><span class=\"heading\">THC:\u00a0<\/span>16% \u2013 19%<\/h4>\n<\/p><\/div>\n<p>Gas este o tulpin\u0103 100% pur\u0103 indica creat\u0103 de faimosul cultivator Loompa la infamele ferme Platinum Clouds din San Jose, California. Aceast\u0103 tulpin\u0103 puternic\u0103 are o genetic\u0103 necunoscut\u0103 din cauza secretului cultivatorului, de\u0219i se accept\u0103 \u00een general c\u0103 probabil este un\u00a0<a href=\"https:\/\/www.allbud.com\/marijuana-strains\/sativa-dominant-hybrid\/og-kush\" target=\"_blank\" rel=\"noopener\">OG Kush<\/a> phenotype.<\/p>\n<p>Aceast\u0103 stare de euforie corporal\u0103 te las\u0103 complet relaxat, f\u0103r\u0103 dureri \u0219i total sedat. Pe m\u0103sur\u0103 ce scade efectul, vei c\u0103dea \u00eentr-un somn profund \u0219i lini\u0219tit, f\u0103r\u0103 dureri, care dureaz\u0103 ore \u00een \u0219ir. Cannabis Cali Gas.<\/p>\n<h3 style=\"text-align: center\"><strong style=\"font-size: 20.16px;text-align: center;color: #333333\">GAS <\/strong><strong style=\"font-size: 20.16px;text-align: center;color: #333333\">CALI BUD OR NO BUD FOR SALE | CALI BUD OR NO BUD\u00a0\u00a0<\/strong><strong style=\"font-size: 20.16px;text-align: center;color: #333333\">GAS\u00a0<\/strong><strong style=\"font-size: 20.16px;text-align: center;color: #333333\">FOR SALE | CALI BUD OR NO BUD\u00a0 FOR SALE<\/strong><\/h3>\n<h4><strong style=\"color: #555555\">Aplica\u021bii medicale ale mugurilor exotici Cali Gas<\/strong><\/h4>\n<p>\u00cen plus, aceasta este cea mai potrivit\u0103 pentru pacien\u021bii care sufer\u0103 de anxietate \u0219i dureri cronice. Aceast\u0103 tulpin\u0103 garanteaz\u0103 o u\u0219urare imediat\u0103 a durerii. Efectele sale u\u0219oare pot ameliora unele dureri \u0219i grea\u021b\u0103. Tulpina poate, de asemenea, ajuta la combaterea simptomelor PTSD.<\/p>\n<p class=\"about-title\"><strong>Despre Gas<\/strong><\/p>\n<div class=\"effect-wrapper ng-star-inserted\">\n<div>\n<p>Gas poate fi un termen informal folosit pentru a descrie cannabis de calitate \u2013 similar cu \u201cloud\u201d \u2013 dar Gas este \u0219i numele unei tulpini reale. Cresc\u0103torul Loompa de la opera\u021biunea de cultivare Platinum Clouds din San Jose a creat o tulpin\u0103 numit\u0103 Gas, care este considerat\u0103 un fenotip distinct al\u00a0<a href=\"https:\/\/www.wikileaf.com\/strain\/og-kush\/\" target=\"_blank\" rel=\"noopener\">OG Kush<\/a>. Denumit\u0103 dup\u0103 aroma sa asem\u0103n\u0103toare cu benzina, aceast\u0103 floare are niveluri de THC m\u0103surate \u00eentre 16% \u0219i 21%.<\/p>\n<\/p><\/div>\n<\/p><\/div>\n<h4 style=\"text-align: center\"><strong>CALI BUD OR NO BUD \u00a0<\/strong><strong>GAS\u00a0<\/strong><strong>\u00a0NEAR ME |\u00a0<\/strong><strong>GAS\u00a0<\/strong><strong>CALI BUD OR NO BUD\u00a0\u00a0 NEAR ME | CALI BUD OR NO BUD \u00a0NEAR ME<\/strong><\/h4>\n<h5><strong style=\"color: #555555;font-size: 14.4px\">Cultivare<\/strong><span style=\"color: #555555;font-size: 14.4px\">\u00a0<\/span><strong style=\"color: #555555;font-size: 14.4px\">Cali Gas Bud<\/strong><\/h5>\n<p>Aceast\u0103 varietate se dezvolt\u0103 scurt \u0219i se descurc\u0103 bine at\u00e2t \u00een interior, c\u00e2t \u0219i \u00een exterior sau chiar \u00eentr-o ser\u0103. Plantele trebuie s\u0103 fie vegetate cel pu\u021bin o lun\u0103, dac\u0103 nu cinci. Varietatea \u00eenflore\u0219te timp de opt-nou\u0103 s\u0103pt\u0103m\u00e2ni \u0219i va produce un gram pe watt \u00een interior. Cultivatorii din exterior pot recolta p\u00e2n\u0103 la o lir\u0103 pe plant\u0103. Cump\u0103r\u0103 Cali Exotic Bud.<\/p>\n<p>Gas este marcat prin florile sale mici, care p\u0103streaz\u0103 o form\u0103 asem\u0103n\u0103toare unui con de brad, \u00eengust\u00e2ndu-se de la o baz\u0103 larg\u0103 c\u0103tre o v\u00e2rf ascu\u021bit. Aceste flori au o structur\u0103 compact\u0103 \u0219i dens\u0103, cu frunze care se \u00eencol\u0103cesc str\u00e2ns spre interiorul tulpinilor centrale. Frunzele sunt de un verde mu\u0219chiu \u0219i sunt \u00eenv\u0103luite cu fire portocalii vii (care sunt de fapt structuri reproductoare numite pistili, destinate s\u0103 capteze polenul de la plantele masculine). \u00cen cele din urm\u0103, florile de Gas sunt \u00eencununate de un volum mare de trihomi albi \u0219i lucio\u0219i care dau acestor muguri o textur\u0103 lipicioas\u0103 \u0219i \u00eei fac greu de zdrobit f\u0103r\u0103 utilizarea unui r\u00e2\u0219ni\u021b\u0103 de calitate.<\/p>\n<h5 style=\"text-align: center\"><strong>GAS\u00a0<\/strong><strong>\u00a0STRAIN | \u00a0<\/strong><strong>GAS\u00a0<\/strong><strong>WEED STRAIN | CALI\u00a0<\/strong><strong>GAS\u00a0<\/strong><strong>| CALI\u00a0<\/strong><strong>GAS\u00a0<\/strong><strong>\u00a0STRAIN<\/strong><\/h5>\n<p><strong>Cump\u0103r\u0103 Cali Gas Bud Avertisment<\/strong><br \/> \u00cen concluzie: Acest produs con\u021bine cannabis, o substan\u021b\u0103 reglementat\u0103. A nu se l\u0103sa la \u00eendem\u00e2na copiilor \u0219i animalelor. Efectele intoxicante ale produselor pe baz\u0103 de cannabis pot dura p\u00e2n\u0103 la dou\u0103 ore. Utilizarea cannabisului \u00een timpul sarcinii sau al\u0103pt\u0103rii poate fi d\u0103un\u0103toare. Consumul acestor produse afecteaz\u0103 capacitatea de a conduce vehicule sau de a opera utilaje. V\u0103 rug\u0103m s\u0103 utiliza\u021bi cu extrem\u0103 precau\u021bie. Cump\u0103ra\u021bi CBONB.<\/p>\n<p>Atunci c\u00e2nd este corect uscat, Gas emite un parfum bogat, p\u0103m\u00e2ntiu, asem\u0103n\u0103tor cu cel al solului umed. Sub acesta, se simte \u0219i o aciditate luminoas\u0103, asem\u0103n\u0103toare citricelor. M\u0103cinarea florilor demonstreaz\u0103 numele acestei tulpini, eliber\u00e2nd vapori puternici de motorin\u0103 \u0219i amoniac. C\u00e2nd este ars \u00eentr-o pip\u0103 sau un joint, Gas produce un fum acru care poate irita sinusurile \u0219i cerul gurii. Acest fum gros are un gust lemnos cu note de l\u0103m\u00e2ie la expira\u021bie.<\/p>\n<div data-testid=\"product-description\">\n<div class=\"truncate-lines__Wrapper-sc-1lknwty-0 YxHAC\">\n<div data-testid=\"truncated-description\">\n<div>\n<div class=\"text__Text-sc-fif1uk-0 kdmKRD\">\n<div class=\"src__Box-sc-1sbtrzs-0 src__Flex-sc-1sbtrzs-1 kWPFqZ hzdsvF\">\n<div>CATEGORII DE PRODUSE EXEMPLARE<\/div>\n<\/p><\/div>\n<\/p><\/div>\n<\/p><\/div>\n<\/p><\/div>\n<\/p><\/div>\n<\/p><\/div>\n<div class=\"text__Text-sc-fif1uk-0 htoJfX\"><a href=\"https:\/\/jeetersofficial.com\/product-category\/buy-cali-buds\/\" target=\"_blank\" rel=\"noopener\">CALI BUDS<\/a><\/div>\n<div data-testid=\"product-description\">\n<div class=\"truncate-lines__Wrapper-sc-1lknwty-0 YxHAC\">\n<div data-testid=\"truncated-description\">\n<div class=\"text__Text-sc-fif1uk-0 kdmKRD\"><a href=\"https:\/\/jeetersofficial.com\/product-category\/backpack-boyz\/\" target=\"_blank\" rel=\"noopener\">Backpack\u00a0 Boyz<\/a><\/div>\n<div><a href=\"https:\/\/jeetersofficial.com\/product-category\/snow-balls-weed\/\" target=\"_blank\" rel=\"noopener\">SNOWBALLS WEED<\/a><\/div>\n<div><a href=\"https:\/\/jeetersofficial.com\/product-category\/persy-snowcaps\/\" target=\"_blank\" rel=\"noopener\">Persy Snowcaps<\/a><\/div>\n<div><a href=\"https:\/\/jeetersofficial.com\/product-category\/drip-snowcaps\/\" target=\"_blank\" rel=\"noopener\">Drip Snowcaps<\/a><\/div>\n<div><a href=\"https:\/\/jeetersofficial.com\/product-category\/concentrates\/\" target=\"_blank\" rel=\"noopener\">CALI CONCENTRATES<\/a><\/div>\n<div><a href=\"https:\/\/jeetersofficial.com\/product-category\/doja-exclusive\/\" target=\"_blank\" rel=\"noopener\">CALI DOJA PACKS EXCLUSIVE<\/a><\/div>\n<div><a href=\"https:\/\/jeetersofficial.com\/product-category\/marijuana-flowers\/\" target=\"_blank\" rel=\"noopener\">CALI MARIJUANA FLOWERS<\/a><\/div>\n<\/p><\/div>\n<\/p><\/div>\n<\/p><\/div>\n<div><a href=\"https:\/\/jeetersofficial.com\/product-category\/sativa-strain\/\" target=\"_blank\" rel=\"noopener\">CALI SATIVA STRAINS<\/a><\/div>\n<div><a href=\"https:\/\/jeetersofficial.com\/product-category\/indica\/\" target=\"_blank\" rel=\"noopener\">CALI INDICA STRAINS<\/a><\/div>\n<div><a href=\"https:\/\/jeetersofficial.com\/product-category\/hybrid-weed\/\" target=\"_blank\" rel=\"noopener\">CALI HYBRID WEED<\/a><\/div>","protected":false},"excerpt":{"rendered":"<p><strong>Cump\u0103r\u0103 Cali Gas Bud Avertisment<\/strong><br \/> Acest produs con\u021bine Cannabis, o substan\u021b\u0103 reglementat\u0103. P\u0103stra\u021bi-l departe de copii \u0219i animale. Produsele din cannabis pot fi de\u021binute sau consumate doar de persoane cu v\u00e2rsta de 21 de ani sau mai mult, cu excep\u021bia cazului \u00een care persoana este un pacient calificat. Efectele intoxicante ale produselor din cannabis pot dura p\u00e2n\u0103 la dou\u0103 ore. Consumul de cannabis \u00een timpul sarcinii sau al\u0103pt\u0103rii poate fi d\u0103un\u0103tor. Consumul acestor produse afecteaz\u0103 abilitatea de a conduce sau de a manipula ma\u0219ini. V\u0103 rug\u0103m s\u0103 folosi\u021bi mare precau\u021bie. Cump\u0103r\u0103 CBONB<\/p>","protected":false},"featured_media":1704,"comment_status":"closed","ping_status":"closed","template":"","meta":{"_uag_custom_page_level_css":"","site-sidebar-layout":"default","site-content-layout":"","ast-site-content-layout":"default","site-content-style":"default","site-sidebar-style":"default","ast-global-header-display":"","ast-banner-title-visibility":"","ast-main-header-display":"","ast-hfb-above-header-display":"","ast-hfb-below-header-display":"","ast-hfb-mobile-header-display":"","site-post-title":"","ast-breadcrumbs-content":"","ast-featured-img":"","footer-sml-layout":"","ast-disable-related-posts":"","theme-transparent-header-meta":"","adv-header-id-meta":"","stick-header-meta":"","header-above-stick-meta":"","header-main-stick-meta":"","header-below-stick-meta":"","astra-migrate-meta-layouts":"default","ast-page-background-enabled":"default","ast-page-background-meta":{"desktop":{"background-color":"var(--ast-global-color-5)","background-image":"","background-repeat":"repeat","background-position":"center center","background-size":"auto","background-attachment":"scroll","background-type":"","background-media":"","overlay-type":"","overlay-color":"","overlay-opacity":"","overlay-gradient":""},"tablet":{"background-color":"","background-image":"","background-repeat":"repeat","background-position":"center center","background-size":"auto","background-attachment":"scroll","background-type":"","background-media":"","overlay-type":"","overlay-color":"","overlay-opacity":"","overlay-gradient":""},"mobile":{"background-color":"","background-image":"","background-repeat":"repeat","background-position":"center center","background-size":"auto","background-attachment":"scroll","background-type":"","background-media":"","overlay-type":"","overlay-color":"","overlay-opacity":"","overlay-gradient":""}},"ast-content-background-meta":{"desktop":{"background-color":"var(--ast-global-color-4)","background-image":"","background-repeat":"repeat","background-position":"center center","background-size":"auto","background-attachment":"scroll","background-type":"","background-media":"","overlay-type":"","overlay-color":"","overlay-opacity":"","overlay-gradient":""},"tablet":{"background-color":"var(--ast-global-color-4)","background-image":"","background-repeat":"repeat","background-position":"center center","background-size":"auto","background-attachment":"scroll","background-type":"","background-media":"","overlay-type":"","overlay-color":"","overlay-opacity":"","overlay-gradient":""},"mobile":{"background-color":"var(--ast-global-color-4)","background-image":"","background-repeat":"repeat","background-position":"center center","background-size":"auto","background-attachment":"scroll","background-type":"","background-media":"","overlay-type":"","overlay-color":"","overlay-opacity":"","overlay-gradient":""}}},"product_brand":[],"product_cat":[675],"product_tag":[489,570,491,506,571,508,509,531,492,481,572,573,574,472,516,517,575,576,461,462,464,465,577,578,579,580,581,501,503],"class_list":{"0":"post-1796","1":"product","2":"type-product","3":"status-publish","4":"has-post-thumbnail","6":"product_cat-buy-cali-buds","7":"product_tag-best-cali-packs","8":"product_tag-buy-cali-bud-or-no-bud-gas-online","9":"product_tag-buy-cali-bud-or-no-bud-online","10":"product_tag-buy-cali-buds","11":"product_tag-buy-gas-cali-bud-or-no-bud-online","12":"product_tag-buy-weed-online","13":"product_tag-by-the-best-cali-buds","14":"product_tag-cali-bud","15":"product_tag-cali-bud-or-no-bud","16":"product_tag-cali-bud-or-no-bud-for-sale","17":"product_tag-cali-bud-or-no-bud-gas","18":"product_tag-cali-bud-or-no-bud-gas-for-sale","19":"product_tag-cali-bud-or-no-bud-gas-near-me","20":"product_tag-cali-bud-or-no-bud-near-me","21":"product_tag-cali-flavors","22":"product_tag-cali-flavours","23":"product_tag-cali-gas","24":"product_tag-cali-gas-strain","25":"product_tag-cali-packs","26":"product_tag-cali-plug-cali-bud-or-no-bud","27":"product_tag-cali-weed-bags","28":"product_tag-cali-weed-flavors","29":"product_tag-gas-cali-bud-or-no-bud","30":"product_tag-gas-cali-bud-or-no-bud-for-sale","31":"product_tag-gas-cali-bud-or-no-bud-near-me","32":"product_tag-gas-strain","33":"product_tag-gas-weed-strain","34":"product_tag-marshmallow-strain","35":"product_tag-top-cali-bud-packs","36":"desktop-align-center","37":"tablet-align-left","38":"mobile-align-left","40":"first","41":"instock","42":"shipping-taxable","43":"purchasable","44":"product-type-variable"},"uagb_featured_image_src":{"full":["https:\/\/caliweedeurope.com\/wp-content\/uploads\/2024\/11\/galas.jpg",516,683,false],"thumbnail":["https:\/\/caliweedeurope.com\/wp-content\/uploads\/2024\/11\/galas-150x150.jpg",150,150,true],"medium":["https:\/\/caliweedeurope.com\/wp-content\/uploads\/2024\/11\/galas-227x300.jpg",227,300,true],"medium_large":["https:\/\/caliweedeurope.com\/wp-content\/uploads\/2024\/11\/galas.jpg",516,683,false],"large":["https:\/\/caliweedeurope.com\/wp-content\/uploads\/2024\/11\/galas.jpg",516,683,false],"1536x1536":["https:\/\/caliweedeurope.com\/wp-content\/uploads\/2024\/11\/galas.jpg",516,683,false],"2048x2048":["https:\/\/caliweedeurope.com\/wp-content\/uploads\/2024\/11\/galas.jpg",516,683,false],"trp-custom-language-flag":["https:\/\/caliweedeurope.com\/wp-content\/uploads\/2024\/11\/galas.jpg",9,12,false],"woocommerce_thumbnail":["https:\/\/caliweedeurope.com\/wp-content\/uploads\/2024\/11\/galas-300x300.jpg",300,300,true],"woocommerce_single":["https:\/\/caliweedeurope.com\/wp-content\/uploads\/2024\/11\/galas.jpg",516,683,false],"woocommerce_gallery_thumbnail":["https:\/\/caliweedeurope.com\/wp-content\/uploads\/2024\/11\/galas-100x100.jpg",100,100,true]},"uagb_author_info":{"display_name":"jetskiforsaleuk@gmail.com","author_link":"https:\/\/caliweedeurope.com\/ro\/author\/"},"uagb_comment_info":0,"uagb_excerpt":"Buy Cali Gas Bud Warning. This product contains Cannabis, a scheduled substance Keep out of the reach of children and animals. Cannabis products can only be possessed or consumed by persons 21+ years of age older unless the person is a qualified patient. The intoxicating effects of cannabis products may stay up to two hours.&hellip;","_links":{"self":[{"href":"https:\/\/caliweedeurope.com\/ro\/wp-json\/wp\/v2\/product\/1796"}],"collection":[{"href":"https:\/\/caliweedeurope.com\/ro\/wp-json\/wp\/v2\/product"}],"about":[{"href":"https:\/\/caliweedeurope.com\/ro\/wp-json\/wp\/v2\/types\/product"}],"replies":[{"embeddable":true,"href":"https:\/\/caliweedeurope.com\/ro\/wp-json\/wp\/v2\/comments?post=1796"}],"wp:featuredmedia":[{"embeddable":true,"href":"https:\/\/caliweedeurope.com\/ro\/wp-json\/wp\/v2\/media\/1704"}],"wp:attachment":[{"href":"https:\/\/caliweedeurope.com\/ro\/wp-json\/wp\/v2\/media?parent=1796"}],"wp:term":[{"taxonomy":"product_brand","embeddable":true,"href":"https:\/\/caliweedeurope.com\/ro\/wp-json\/wp\/v2\/product_brand?post=1796"},{"taxonomy":"product_cat","embeddable":true,"href":"https:\/\/caliweedeurope.com\/ro\/wp-json\/wp\/v2\/product_cat?post=1796"},{"taxonomy":"product_tag","embeddable":true,"href":"https:\/\/caliweedeurope.com\/ro\/wp-json\/wp\/v2\/product_tag?post=1796"}],"curies":[{"name":"wp","href":"https:\/\/api.w.org\/{rel}","templated":true}]}}